{"id":4793,"date":"2023-04-17T13:47:04","date_gmt":"2023-04-17T11:47:04","guid":{"rendered":"https:\/\/koningdrone.nl\/kon\/product\/ecoflow-wave-2\/"},"modified":"2026-04-29T15:50:38","modified_gmt":"2026-04-29T13:50:38","slug":"ecoflow-wave-2","status":"publish","type":"product","link":"https:\/\/koningdrone.be\/es\/producto\/ecoflow-wave-2\/","title":{"rendered":"EcoFlow Ola 2"},"content":{"rendered":"<p><strong>Acerca del producto<\/strong><\/p>\n<h2 style=\"overflow: auto\">Conozca WAVE 2: lo \u00faltimo en aire acondicionado port\u00e1til inal\u00e1mbrico con opci\u00f3n de calefacci\u00f3n (bater\u00eda no incluida).<\/h2>\n<p>Experimente el pin\u00e1culo de la tecnolog\u00eda de refrigeraci\u00f3n y calefacci\u00f3n con WAVE 2, el primer aire acondicionado port\u00e1til inal\u00e1mbrico del mundo equipado con un calefactor. Dise\u00f1ado por EcoFlow, este innovador dispositivo tiene un rendimiento inigualable, con 5100 BTU de potencia de refrigeraci\u00f3n y 6100 BTU de potencia de calefacci\u00f3n. Diga adi\u00f3s a las molestias y hola al control clim\u00e1tico definitivo con WAVE 2.\u00a0<strong>Refrigeraci\u00f3n y calefacci\u00f3n m\u00e1s r\u00e1pidas<\/strong>\u00a0Equipado con el compresor personalizado de EcoFlow, WAVE 2 puede enfriar o calentar habitaciones a la velocidad del rayo, proporcionando alivio en cuesti\u00f3n de minutos. Baje la temperatura 10 \u00b0C en s\u00f3lo 5 minutos con una capacidad de refrigeraci\u00f3n de 5100 BTU, o s\u00fabala 10 \u00b0C con una capacidad de calefacci\u00f3n de 6100 BTU, garantizando un confort \u00f3ptimo en cualquier ambiente.\u00a0<strong>Sin instalaci\u00f3n, cabe en todas partes<\/strong>\u00a0Experimente la refrigeraci\u00f3n y la calefacci\u00f3n sin esfuerzo con WAVE 2, ya que no requiere instalaci\u00f3n ni eliminaci\u00f3n*. Su dise\u00f1o compacto y sus vers\u00e1tiles adaptadores de entrada de aire le permiten adaptarse perfectamente a cualquier espacio, ya sea una tienda de campa\u00f1a, una autocaravana o una habitaci\u00f3n peque\u00f1a. *Nota: No requiere desag\u00fce en modo refrigeraci\u00f3n cuando la humedad es inferior a 70%, pero s\u00ed en modo calefacci\u00f3n.\u00a0<strong>Sue\u00f1o tranquilo, silencioso y duradero<\/strong>\u00a0Disfruta de una relajaci\u00f3n ininterrumpida con los avanzados algoritmos de software de WAVE 2, con m\u00faltiples modos y control mediante app. Funciona silenciosamente en modo de reposo (tan silencioso como 44 dB) y disfruta de hasta 8 horas de uso en modo Eco, garantizando un entorno silencioso y confortable est\u00e9s donde est\u00e9s.\u00a0<strong>Refrigeraci\u00f3n ecol\u00f3gica con R290<\/strong>\u00a0Con EcoFlow, la sostenibilidad se une al confort. WAVE 2 utiliza R290, un refrigerante natural con menor potencial de calentamiento global y cero emisiones de ozono, que ofrece una alternativa m\u00e1s ecol\u00f3gica a los refrigerantes tradicionales al tiempo que proporciona un rendimiento de refrigeraci\u00f3n excepcional.\u00a0<strong>Carga r\u00e1pida, en cualquier lugar<\/strong>\u00a0Carga tu WAVE 2 r\u00e1pida y f\u00e1cilmente con m\u00faltiples opciones de carga, incluyendo CA, solar, coche o estaciones de energ\u00eda. Experimenta la libertad del aire fr\u00edo o caliente en cualquier momento y lugar, con la flexibilidad de las m\u00faltiples opciones de carga.\u00a0<strong>Parte de un ecosistema en constante crecimiento<\/strong>\u00a0Mejore su experiencia WAVE 2 emparej\u00e1ndolo con un EcoFlow DELTA 2 \/ DELTA Max o sus bater\u00edas adicionales para un mayor tiempo de uso. Benef\u00edciate de hasta 14 horas de uso en modo Eco, 28% m\u00e1s eficiente que otras centrales port\u00e1tiles, y compatibilidad con cualquier central con una entrada de carga de 820W.\u00a0<strong>Potente portabilidad, adaptada a sus necesidades<\/strong>\u00a0A pesar de su tama\u00f1o compacto, WAVE 2 proporciona una potente refrigeraci\u00f3n y calefacci\u00f3n dondequiera que vaya. Conecte conductos de aire para un flujo de aire espec\u00edfico, por lo que es ideal para tiendas de campa\u00f1a, ventanas de autocaravanas o posicionamiento remoto para un control clim\u00e1tico eficiente. Experimente una portabilidad y comodidad inigualables con WAVE 2.<\/p>","protected":false},"excerpt":{"rendered":"<ul>\n<li><span style=\"vertical-align: inherit\"><span style=\"vertical-align: inherit\">Eficiencia de refrigeraci\u00f3n - 1495 W<\/span><\/span><\/li>\n<li><span style=\"vertical-align: inherit\"><span style=\"vertical-align: inherit\">Tipo de aparato - aire acondicionado + calefacci\u00f3n<\/span><\/span><\/li>\n<li><span style=\"vertical-align: inherit\"><span style=\"vertical-align: inherit\">Horario de trabajo continuo -<\/span><\/span><\/li>\n<li><span style=\"vertical-align: inherit\"><span style=\"vertical-align: inherit\">Bater\u00eda adicional (no incluida); proporciona 8 horas de uso continuo<\/span><\/span><\/li>\n<li><span style=\"vertical-align: inherit\"><span style=\"vertical-align: inherit\">Potencia de carga solar: hasta 400 W<\/span><\/span><\/li>\n<li><span style=\"vertical-align: inherit\"><span style=\"vertical-align: inherit\">Eficiencia calor\u00edfica - 1788 W<\/span><\/span><\/li>\n<li><span style=\"vertical-align: inherit\"><span style=\"vertical-align: inherit\">Peso - 14 kg<\/span><\/span><\/li>\n<\/ul>","protected":false},"featured_media":8830,"template":"","meta":{"_acf_changed":false},"product_brand":[],"product_cat":[454,97,245,276,415,628],"product_tag":[],"class_list":{"0":"post-4793","1":"product","2":"type-product","3":"status-publish","4":"has-post-thumbnail","6":"product_cat-alle-powerstations","7":"product_cat-alle-producten","8":"product_cat-ecoflow","9":"product_cat-ecoflow-powerstations","10":"product_cat-energy","11":"product_cat-powerstations","12":"product_shipping_class-outofstock","13":"pa_brand-ecoflow","14":"pa_productfamily-airconditioner","15":"pa_producttype-airconditioner","16":"pa_series-wave-2","18":"first","19":"outofstock","20":"taxable","21":"shipping-taxable","22":"purchasable","23":"product-type-simple"},"acf":[],"yoast_head":"<!-- This site is optimized with the Yoast SEO Premium plugin v27.2 (Yoast SEO v27.2) - https:\/\/yoast.com\/product\/yoast-seo-premium-wordpress\/ -->\n<title>EcoFlow Wave 2 - koningdrone.be<\/title>\n<meta name=\"robots\" content=\"index, follow, max-snippet:-1, max-image-preview:large, max-video-preview:-1\" \/>\n<link rel=\"canonical\" href=\"https:\/\/koningdrone.be\/es\/producto\/ecoflow-wave-2\/\" \/>\n<meta property=\"og:locale\" content=\"es_ES\" \/>\n<meta property=\"og:type\" content=\"article\" \/>\n<meta property=\"og:title\" content=\"EcoFlow Wave 2\" \/>\n<meta property=\"og:description\" content=\"Cooling efficiency - 1495W  Device type - air conditioning + heating  Continuous working hours -  Extra battery (not included); provides 8 hours of continuous use  Solar charging power - up to 400 W  Heating efficiency - 1788 W  Weight - 14 kg\" \/>\n<meta property=\"og:url\" content=\"https:\/\/koningdrone.be\/es\/producto\/ecoflow-wave-2\/\" \/>\n<meta property=\"og:site_name\" content=\"koningdrone.be\" \/>\n<meta property=\"article:modified_time\" content=\"2026-04-29T13:50:38+00:00\" \/>\n<meta property=\"og:image\" content=\"https:\/\/koningdrone.be\/wp-content\/uploads\/sites\/13\/2025\/05\/ecoflow-wave-2-1.webp\" \/>\n\t<meta property=\"og:image:width\" content=\"1450\" \/>\n\t<meta property=\"og:image:height\" content=\"988\" \/>\n\t<meta property=\"og:image:type\" content=\"image\/webp\" \/>\n<meta name=\"twitter:card\" content=\"summary_large_image\" \/>\n<meta name=\"twitter:label1\" content=\"Tiempo de lectura\" \/>\n\t<meta name=\"twitter:data1\" content=\"3 minutos\" \/>\n<script type=\"application\/ld+json\" class=\"yoast-schema-graph\">{\"@context\":\"https:\/\/schema.org\",\"@graph\":[{\"@type\":\"WebPage\",\"@id\":\"https:\/\/koningdrone.be\/product\/ecoflow-wave-2\/\",\"url\":\"https:\/\/koningdrone.be\/product\/ecoflow-wave-2\/\",\"name\":\"EcoFlow Wave 2 - koningdrone.be\",\"isPartOf\":{\"@id\":\"https:\/\/koningdrone.be\/#website\"},\"primaryImageOfPage\":{\"@id\":\"https:\/\/koningdrone.be\/product\/ecoflow-wave-2\/#primaryimage\"},\"image\":{\"@id\":\"https:\/\/koningdrone.be\/product\/ecoflow-wave-2\/#primaryimage\"},\"thumbnailUrl\":\"https:\/\/koningdrone.be\/wp-content\/uploads\/sites\/13\/2025\/05\/ecoflow-wave-2-1.webp\",\"datePublished\":\"2023-04-17T11:47:04+00:00\",\"dateModified\":\"2026-04-29T13:50:38+00:00\",\"breadcrumb\":{\"@id\":\"https:\/\/koningdrone.be\/product\/ecoflow-wave-2\/#breadcrumb\"},\"inLanguage\":\"es\",\"potentialAction\":[{\"@type\":\"ReadAction\",\"target\":[\"https:\/\/koningdrone.be\/product\/ecoflow-wave-2\/\"]}]},{\"@type\":\"ImageObject\",\"inLanguage\":\"es\",\"@id\":\"https:\/\/koningdrone.be\/product\/ecoflow-wave-2\/#primaryimage\",\"url\":\"https:\/\/koningdrone.be\/wp-content\/uploads\/sites\/13\/2025\/05\/ecoflow-wave-2-1.webp\",\"contentUrl\":\"https:\/\/koningdrone.be\/wp-content\/uploads\/sites\/13\/2025\/05\/ecoflow-wave-2-1.webp\",\"width\":1450,\"height\":988},{\"@type\":\"BreadcrumbList\",\"@id\":\"https:\/\/koningdrone.be\/product\/ecoflow-wave-2\/#breadcrumb\",\"itemListElement\":[{\"@type\":\"ListItem\",\"position\":1,\"name\":\"Home\",\"item\":\"https:\/\/koningdrone.be\/\"},{\"@type\":\"ListItem\",\"position\":2,\"name\":\"AVSS Parachute Recovery System for DJI Matrice 300\/350\",\"item\":\"https:\/\/koningdrone.be\/product\/avss-parachute-recovery-system-for-dji-matrice-300-350\/\"},{\"@type\":\"ListItem\",\"position\":3,\"name\":\"Alle powerstations\",\"item\":\"https:\/\/koningdrone.be\/categorie\/alle-powerstations\/\"},{\"@type\":\"ListItem\",\"position\":4,\"name\":\"EcoFlow Wave 2\"}]},{\"@type\":\"WebSite\",\"@id\":\"https:\/\/koningdrone.be\/#website\",\"url\":\"https:\/\/koningdrone.be\/\",\"name\":\"Koningdrone.be - Uw online specialist in drones, gimbals, camera's en power stations.\",\"description\":\"De webshop in drones en gimbals\",\"publisher\":{\"@id\":\"https:\/\/koningdrone.be\/#organization\"},\"potentialAction\":[{\"@type\":\"SearchAction\",\"target\":{\"@type\":\"EntryPoint\",\"urlTemplate\":\"https:\/\/koningdrone.be\/?s={search_term_string}\"},\"query-input\":{\"@type\":\"PropertyValueSpecification\",\"valueRequired\":true,\"valueName\":\"search_term_string\"}}],\"inLanguage\":\"es\"},{\"@type\":\"Organization\",\"@id\":\"https:\/\/koningdrone.be\/#organization\",\"name\":\"Koningdrone.be\",\"url\":\"https:\/\/koningdrone.be\/\",\"logo\":{\"@type\":\"ImageObject\",\"inLanguage\":\"es\",\"@id\":\"https:\/\/koningdrone.be\/#\/schema\/logo\/image\/\",\"url\":\"https:\/\/koningdrone.be\/wp-content\/uploads\/sites\/13\/2025\/04\/koningdrone-copyright-logo.svg\",\"contentUrl\":\"https:\/\/koningdrone.be\/wp-content\/uploads\/sites\/13\/2025\/04\/koningdrone-copyright-logo.svg\",\"width\":227,\"height\":38,\"caption\":\"Koningdrone.be\"},\"image\":{\"@id\":\"https:\/\/koningdrone.be\/#\/schema\/logo\/image\/\"}}]}<\/script>\n<!-- \/ Yoast SEO Premium plugin. -->","yoast_head_json":{"title":"EcoFlow Wave 2 - koningdrone.be","robots":{"index":"index","follow":"follow","max-snippet":"max-snippet:-1","max-image-preview":"max-image-preview:large","max-video-preview":"max-video-preview:-1"},"canonical":"https:\/\/koningdrone.be\/es\/producto\/ecoflow-wave-2\/","og_locale":"es_ES","og_type":"article","og_title":"EcoFlow Wave 2","og_description":"Cooling efficiency - 1495W  Device type - air conditioning + heating  Continuous working hours -  Extra battery (not included); provides 8 hours of continuous use  Solar charging power - up to 400 W  Heating efficiency - 1788 W  Weight - 14 kg","og_url":"https:\/\/koningdrone.be\/es\/producto\/ecoflow-wave-2\/","og_site_name":"koningdrone.be","article_modified_time":"2026-04-29T13:50:38+00:00","og_image":[{"width":1450,"height":988,"url":"https:\/\/koningdrone.be\/wp-content\/uploads\/sites\/13\/2025\/05\/ecoflow-wave-2-1.webp","type":"image\/webp"}],"twitter_card":"summary_large_image","twitter_misc":{"Tiempo de lectura":"3 minutos"},"schema":{"@context":"https:\/\/schema.org","@graph":[{"@type":"WebPage","@id":"https:\/\/koningdrone.be\/product\/ecoflow-wave-2\/","url":"https:\/\/koningdrone.be\/product\/ecoflow-wave-2\/","name":"EcoFlow Wave 2 - koningdrone.be","isPartOf":{"@id":"https:\/\/koningdrone.be\/#website"},"primaryImageOfPage":{"@id":"https:\/\/koningdrone.be\/product\/ecoflow-wave-2\/#primaryimage"},"image":{"@id":"https:\/\/koningdrone.be\/product\/ecoflow-wave-2\/#primaryimage"},"thumbnailUrl":"https:\/\/koningdrone.be\/wp-content\/uploads\/sites\/13\/2025\/05\/ecoflow-wave-2-1.webp","datePublished":"2023-04-17T11:47:04+00:00","dateModified":"2026-04-29T13:50:38+00:00","breadcrumb":{"@id":"https:\/\/koningdrone.be\/product\/ecoflow-wave-2\/#breadcrumb"},"inLanguage":"es","potentialAction":[{"@type":"ReadAction","target":["https:\/\/koningdrone.be\/product\/ecoflow-wave-2\/"]}]},{"@type":"ImageObject","inLanguage":"es","@id":"https:\/\/koningdrone.be\/product\/ecoflow-wave-2\/#primaryimage","url":"https:\/\/koningdrone.be\/wp-content\/uploads\/sites\/13\/2025\/05\/ecoflow-wave-2-1.webp","contentUrl":"https:\/\/koningdrone.be\/wp-content\/uploads\/sites\/13\/2025\/05\/ecoflow-wave-2-1.webp","width":1450,"height":988},{"@type":"BreadcrumbList","@id":"https:\/\/koningdrone.be\/product\/ecoflow-wave-2\/#breadcrumb","itemListElement":[{"@type":"ListItem","position":1,"name":"Home","item":"https:\/\/koningdrone.be\/"},{"@type":"ListItem","position":2,"name":"AVSS Parachute Recovery System for DJI Matrice 300\/350","item":"https:\/\/koningdrone.be\/product\/avss-parachute-recovery-system-for-dji-matrice-300-350\/"},{"@type":"ListItem","position":3,"name":"Alle powerstations","item":"https:\/\/koningdrone.be\/categorie\/alle-powerstations\/"},{"@type":"ListItem","position":4,"name":"EcoFlow Wave 2"}]},{"@type":"WebSite","@id":"https:\/\/koningdrone.be\/#website","url":"https:\/\/koningdrone.be\/","name":"Koningdrone.be - Su especialista en l\u00ednea en drones, cardanes, c\u00e1maras y centrales el\u00e9ctricas.","description":"La tienda virtual de drones y cardanes","publisher":{"@id":"https:\/\/koningdrone.be\/#organization"},"potentialAction":[{"@type":"SearchAction","target":{"@type":"EntryPoint","urlTemplate":"https:\/\/koningdrone.be\/?s={search_term_string}"},"query-input":{"@type":"PropertyValueSpecification","valueRequired":true,"valueName":"search_term_string"}}],"inLanguage":"es"},{"@type":"Organization","@id":"https:\/\/koningdrone.be\/#organization","name":"Kingdrone.es","url":"https:\/\/koningdrone.be\/","logo":{"@type":"ImageObject","inLanguage":"es","@id":"https:\/\/koningdrone.be\/#\/schema\/logo\/image\/","url":"https:\/\/koningdrone.be\/wp-content\/uploads\/sites\/13\/2025\/04\/koningdrone-copyright-logo.svg","contentUrl":"https:\/\/koningdrone.be\/wp-content\/uploads\/sites\/13\/2025\/04\/koningdrone-copyright-logo.svg","width":227,"height":38,"caption":"Koningdrone.be"},"image":{"@id":"https:\/\/koningdrone.be\/#\/schema\/logo\/image\/"}}]}},"df_price":1199,"df_sale_price":"","df_regular_price":1199,"df_image_link":"https:\/\/koningdrone.be\/wp-content\/uploads\/sites\/13\/2025\/05\/ecoflow-wave-2-1-300x204.webp","_links":{"self":[{"href":"https:\/\/koningdrone.be\/es\/wp-json\/wp\/v2\/product\/4793","targetHints":{"allow":["GET"]}}],"collection":[{"href":"https:\/\/koningdrone.be\/es\/wp-json\/wp\/v2\/product"}],"about":[{"href":"https:\/\/koningdrone.be\/es\/wp-json\/wp\/v2\/types\/product"}],"wp:featuredmedia":[{"embeddable":true,"href":"https:\/\/koningdrone.be\/es\/wp-json\/wp\/v2\/media\/8830"}],"wp:attachment":[{"href":"https:\/\/koningdrone.be\/es\/wp-json\/wp\/v2\/media?parent=4793"}],"wp:term":[{"taxonomy":"product_brand","embeddable":true,"href":"https:\/\/koningdrone.be\/es\/wp-json\/wp\/v2\/product_brand?post=4793"},{"taxonomy":"product_cat","embeddable":true,"href":"https:\/\/koningdrone.be\/es\/wp-json\/wp\/v2\/product_cat?post=4793"},{"taxonomy":"product_tag","embeddable":true,"href":"https:\/\/koningdrone.be\/es\/wp-json\/wp\/v2\/product_tag?post=4793"}],"curies":[{"name":"wp","href":"https:\/\/api.w.org\/{rel}","templated":true}]}}