{"id":4787,"date":"2023-04-24T09:35:24","date_gmt":"2023-04-24T07:35:24","guid":{"rendered":"https:\/\/koningdrone.nl\/kon\/product\/card-dji-care-pro-2-year-plan-dji-inspire-3-eu-2\/"},"modified":"2026-04-29T04:01:03","modified_gmt":"2026-04-29T02:01:03","slug":"card-dji-care-pro-2-year-plan-dji-inspire-3-eu-2","status":"publish","type":"product","link":"https:\/\/koningdrone.be\/es\/producto\/card-dji-care-pro-2-year-plan-dji-inspire-3-eu-2\/","title":{"rendered":"Tarjeta DJI Care Pro 2-Year Plan (DJI Inspire 3) EU"},"content":{"rendered":"<h1>Tarjeta DJI Care Pro 2-Year Plan (DJI Inspire 3) EU<\/h1>\n<p>DJI Care Pro te permite reparar tu dron de forma gratuita tantas veces como quieras. Por otro lado, no ser\u00e1 necesario superar los 22.000 \u20ac en reparaciones, ya que a partir de esa cantidad, se te facturar\u00e1n las reparaciones.<br \/>Cobertura total:<br \/>DJI Care Pro cubre accidentes, como errores del usuario y colisiones. DJI reparar\u00e1 tu dron aunque tenga da\u00f1os por agua.<br \/>Servicio posventa VIP:<br \/>Obt\u00e9n asistencia prioritaria y asesoramiento experto de los expertos en productos DJI. Todos los gastos de env\u00edo corren a cargo de DJI.<br \/>Para m\u00e1s informaci\u00f3n sobre el servicio DJI Care Pro, le invitamos a leer las preguntas m\u00e1s frecuentes y el CGV , archivos pdf en la secci\u00f3n de descargas. Encontrar\u00e1s muchos detalles sobre las condiciones, coberturas, exclusiones, servicio de sustituci\u00f3n, periodo de validez...<br \/>Presentamos DJI Care Pro Service para Inspire 3:<br \/>\u00a1Por cada dron DJI, un DJI Care Pro para mantenerse en el aire!<br \/>Cobertura total de su dron y sus elementos:<br \/>DJI Care Pro cubre todos los componentes, chasis y g\u00f3ndola, del dron Inspire 3. Cada componente se repara o sustituye, en funci\u00f3n del problema.<br \/>Despegue r\u00e1pido:<br \/>Express es una nueva opci\u00f3n que te permite saltarte los pasos de evaluaci\u00f3n de da\u00f1os y presupuesto. El Centro de Servicio DJI enviar\u00e1 una unidad de sustituci\u00f3n inmediatamente despu\u00e9s de recibir el dron da\u00f1ado. Vuelve a volar en un abrir y cerrar de ojos.<br \/>Cobertura de da\u00f1os por agua:<br \/>Es posible sustituir el aparato si el da\u00f1o se ha producido durante un uso normal.<br \/>Asistencia r\u00e1pida:<br \/>Reciba sustituciones prioritarias, reduciendo dr\u00e1sticamente el tiempo necesario para volver a volar.<br \/>Dos sustituciones relacionadas con la bater\u00eda:<br \/>DJI Care Pro ofrece hasta dos bater\u00edas de repuesto gratuitas durante un periodo de un a\u00f1o. Las unidades de repuesto son nuevas o equivalentes a nuevas en t\u00e9rminos de rendimiento y fiabilidad.<br \/>Asistencia VIP:<br \/>La asistencia VIP de los expertos en productos DJI est\u00e1 disponible a trav\u00e9s de chat o correo electr\u00f3nico desde tu cuenta DJI.<br \/>Sin gastos de env\u00edo:<br \/>Si se encuentra en la regi\u00f3n donde compr\u00f3 su dispositivo, los gastos de env\u00edo son responsabilidad de DJI.<br \/>Solicitudes de seguimiento de reparaciones de DJI Care Refresh:<br \/>Sigue el progreso de las reparaciones DJI Care Pro del mismo modo que las reparaciones est\u00e1ndar. Al enviar una solicitud de reparaci\u00f3n, indica que has comprado DJI Care Refresh en el formulario de solicitud de reparaci\u00f3n. Despu\u00e9s de la evaluaci\u00f3n de da\u00f1os, DJI te notificar\u00e1 sus conclusiones y podr\u00e1s optar por pagar el reemplazo a trav\u00e9s de DJI Care Refresh.<br \/>Los gastos de env\u00edo est\u00e1n cubiertos por DJI Care Pro. Para acceder al servicio de reparaci\u00f3n, vaya a:<br \/>http:\/\/www.dji.com\/service\/repair<\/p>","protected":false},"excerpt":{"rendered":"<ul>\n<li>Servicio de reparaci\u00f3n para su dron DJI durante 2 a\u00f1os<\/li>\n<li>Servicio realizado directamente por el fabricante DJI<\/li>\n<li>Servicio de mantenimiento en f\u00e1brica<\/li>\n<\/ul>","protected":false},"featured_media":4785,"template":"","meta":{"_acf_changed":false},"product_brand":[],"product_cat":[175,97,433],"product_tag":[],"class_list":{"0":"post-4787","1":"product","2":"type-product","3":"status-publish","4":"has-post-thumbnail","6":"product_cat-alle-care-refresh","7":"product_cat-alle-producten","8":"product_cat-dji-inspire-3","9":"product_shipping_class-acsystemsall","10":"pa_brand-dji","11":"pa_productfamily-care-refresh","12":"pa_producttype-care-refresh","13":"pa_series-inspire-3","15":"first","16":"instock","17":"taxable","18":"shipping-taxable","19":"purchasable","20":"product-type-simple"},"acf":[],"yoast_head":"<!-- This site is optimized with the Yoast SEO Premium plugin v27.2 (Yoast SEO v27.2) - https:\/\/yoast.com\/product\/yoast-seo-premium-wordpress\/ -->\n<title>Card DJI Care Pro 2-Year Plan (DJI Inspire 3) EU - koningdrone.be<\/title>\n<meta name=\"robots\" content=\"index, follow, max-snippet:-1, max-image-preview:large, max-video-preview:-1\" \/>\n<link rel=\"canonical\" href=\"https:\/\/koningdrone.be\/es\/producto\/card-dji-care-pro-2-year-plan-dji-inspire-3-eu-2\/\" \/>\n<meta property=\"og:locale\" content=\"es_ES\" \/>\n<meta property=\"og:type\" content=\"article\" \/>\n<meta property=\"og:title\" content=\"Card DJI Care Pro 2-Year Plan (DJI Inspire 3) EU\" \/>\n<meta property=\"og:description\" content=\"Reparatieservice voor uw DJI-drone gedurende 2 jaarService rechtstreeks uitgevoerd door de DJI-fabrikantFabrieksonderhoudsservice\" \/>\n<meta property=\"og:url\" content=\"https:\/\/koningdrone.be\/es\/producto\/card-dji-care-pro-2-year-plan-dji-inspire-3-eu-2\/\" \/>\n<meta property=\"og:site_name\" content=\"koningdrone.be\" \/>\n<meta property=\"article:modified_time\" content=\"2026-04-29T02:01:03+00:00\" \/>\n<meta property=\"og:image\" content=\"https:\/\/koningdrone.be\/wp-content\/uploads\/sites\/13\/2025\/04\/6941565956569-1.jpg\" \/>\n\t<meta property=\"og:image:width\" content=\"800\" \/>\n\t<meta property=\"og:image:height\" content=\"800\" \/>\n\t<meta property=\"og:image:type\" content=\"image\/jpeg\" \/>\n<meta name=\"twitter:card\" content=\"summary_large_image\" \/>\n<meta name=\"twitter:label1\" content=\"Tiempo de lectura\" \/>\n\t<meta name=\"twitter:data1\" content=\"2 minutos\" \/>\n<script type=\"application\/ld+json\" class=\"yoast-schema-graph\">{\"@context\":\"https:\/\/schema.org\",\"@graph\":[{\"@type\":\"WebPage\",\"@id\":\"https:\/\/koningdrone.be\/product\/card-dji-care-pro-2-year-plan-dji-inspire-3-eu-2\/\",\"url\":\"https:\/\/koningdrone.be\/product\/card-dji-care-pro-2-year-plan-dji-inspire-3-eu-2\/\",\"name\":\"Card DJI Care Pro 2-Year Plan (DJI Inspire 3) EU - koningdrone.be\",\"isPartOf\":{\"@id\":\"https:\/\/koningdrone.be\/#website\"},\"primaryImageOfPage\":{\"@id\":\"https:\/\/koningdrone.be\/product\/card-dji-care-pro-2-year-plan-dji-inspire-3-eu-2\/#primaryimage\"},\"image\":{\"@id\":\"https:\/\/koningdrone.be\/product\/card-dji-care-pro-2-year-plan-dji-inspire-3-eu-2\/#primaryimage\"},\"thumbnailUrl\":\"https:\/\/koningdrone.be\/wp-content\/uploads\/sites\/13\/2025\/04\/6941565956569-1.jpg\",\"datePublished\":\"2023-04-24T07:35:24+00:00\",\"dateModified\":\"2026-04-29T02:01:03+00:00\",\"breadcrumb\":{\"@id\":\"https:\/\/koningdrone.be\/product\/card-dji-care-pro-2-year-plan-dji-inspire-3-eu-2\/#breadcrumb\"},\"inLanguage\":\"es\",\"potentialAction\":[{\"@type\":\"ReadAction\",\"target\":[\"https:\/\/koningdrone.be\/product\/card-dji-care-pro-2-year-plan-dji-inspire-3-eu-2\/\"]}]},{\"@type\":\"ImageObject\",\"inLanguage\":\"es\",\"@id\":\"https:\/\/koningdrone.be\/product\/card-dji-care-pro-2-year-plan-dji-inspire-3-eu-2\/#primaryimage\",\"url\":\"https:\/\/koningdrone.be\/wp-content\/uploads\/sites\/13\/2025\/04\/6941565956569-1.jpg\",\"contentUrl\":\"https:\/\/koningdrone.be\/wp-content\/uploads\/sites\/13\/2025\/04\/6941565956569-1.jpg\",\"width\":800,\"height\":800},{\"@type\":\"BreadcrumbList\",\"@id\":\"https:\/\/koningdrone.be\/product\/card-dji-care-pro-2-year-plan-dji-inspire-3-eu-2\/#breadcrumb\",\"itemListElement\":[{\"@type\":\"ListItem\",\"position\":1,\"name\":\"Home\",\"item\":\"https:\/\/koningdrone.be\/\"},{\"@type\":\"ListItem\",\"position\":2,\"name\":\"AVSS Parachute Recovery System for DJI Matrice 300\/350\",\"item\":\"https:\/\/koningdrone.be\/product\/avss-parachute-recovery-system-for-dji-matrice-300-350\/\"},{\"@type\":\"ListItem\",\"position\":3,\"name\":\"Alle care refresh\",\"item\":\"https:\/\/koningdrone.be\/categorie\/alle-care-refresh\/\"},{\"@type\":\"ListItem\",\"position\":4,\"name\":\"Card DJI Care Pro 2-Year Plan (DJI Inspire 3) EU\"}]},{\"@type\":\"WebSite\",\"@id\":\"https:\/\/koningdrone.be\/#website\",\"url\":\"https:\/\/koningdrone.be\/\",\"name\":\"Koningdrone.be - Uw online specialist in drones, gimbals, camera's en power stations.\",\"description\":\"De webshop in drones en gimbals\",\"publisher\":{\"@id\":\"https:\/\/koningdrone.be\/#organization\"},\"potentialAction\":[{\"@type\":\"SearchAction\",\"target\":{\"@type\":\"EntryPoint\",\"urlTemplate\":\"https:\/\/koningdrone.be\/?s={search_term_string}\"},\"query-input\":{\"@type\":\"PropertyValueSpecification\",\"valueRequired\":true,\"valueName\":\"search_term_string\"}}],\"inLanguage\":\"es\"},{\"@type\":\"Organization\",\"@id\":\"https:\/\/koningdrone.be\/#organization\",\"name\":\"Koningdrone.be\",\"url\":\"https:\/\/koningdrone.be\/\",\"logo\":{\"@type\":\"ImageObject\",\"inLanguage\":\"es\",\"@id\":\"https:\/\/koningdrone.be\/#\/schema\/logo\/image\/\",\"url\":\"https:\/\/koningdrone.be\/wp-content\/uploads\/sites\/13\/2025\/04\/koningdrone-copyright-logo.svg\",\"contentUrl\":\"https:\/\/koningdrone.be\/wp-content\/uploads\/sites\/13\/2025\/04\/koningdrone-copyright-logo.svg\",\"width\":227,\"height\":38,\"caption\":\"Koningdrone.be\"},\"image\":{\"@id\":\"https:\/\/koningdrone.be\/#\/schema\/logo\/image\/\"}}]}<\/script>\n<!-- \/ Yoast SEO Premium plugin. -->","yoast_head_json":{"title":"Card DJI Care Pro 2-Year Plan (DJI Inspire 3) EU - koningdrone.be","robots":{"index":"index","follow":"follow","max-snippet":"max-snippet:-1","max-image-preview":"max-image-preview:large","max-video-preview":"max-video-preview:-1"},"canonical":"https:\/\/koningdrone.be\/es\/producto\/card-dji-care-pro-2-year-plan-dji-inspire-3-eu-2\/","og_locale":"es_ES","og_type":"article","og_title":"Card DJI Care Pro 2-Year Plan (DJI Inspire 3) EU","og_description":"Reparatieservice voor uw DJI-drone gedurende 2 jaarService rechtstreeks uitgevoerd door de DJI-fabrikantFabrieksonderhoudsservice","og_url":"https:\/\/koningdrone.be\/es\/producto\/card-dji-care-pro-2-year-plan-dji-inspire-3-eu-2\/","og_site_name":"koningdrone.be","article_modified_time":"2026-04-29T02:01:03+00:00","og_image":[{"width":800,"height":800,"url":"https:\/\/koningdrone.be\/wp-content\/uploads\/sites\/13\/2025\/04\/6941565956569-1.jpg","type":"image\/jpeg"}],"twitter_card":"summary_large_image","twitter_misc":{"Tiempo de lectura":"2 minutos"},"schema":{"@context":"https:\/\/schema.org","@graph":[{"@type":"WebPage","@id":"https:\/\/koningdrone.be\/product\/card-dji-care-pro-2-year-plan-dji-inspire-3-eu-2\/","url":"https:\/\/koningdrone.be\/product\/card-dji-care-pro-2-year-plan-dji-inspire-3-eu-2\/","name":"Card DJI Care Pro 2-Year Plan (DJI Inspire 3) EU - koningdrone.be","isPartOf":{"@id":"https:\/\/koningdrone.be\/#website"},"primaryImageOfPage":{"@id":"https:\/\/koningdrone.be\/product\/card-dji-care-pro-2-year-plan-dji-inspire-3-eu-2\/#primaryimage"},"image":{"@id":"https:\/\/koningdrone.be\/product\/card-dji-care-pro-2-year-plan-dji-inspire-3-eu-2\/#primaryimage"},"thumbnailUrl":"https:\/\/koningdrone.be\/wp-content\/uploads\/sites\/13\/2025\/04\/6941565956569-1.jpg","datePublished":"2023-04-24T07:35:24+00:00","dateModified":"2026-04-29T02:01:03+00:00","breadcrumb":{"@id":"https:\/\/koningdrone.be\/product\/card-dji-care-pro-2-year-plan-dji-inspire-3-eu-2\/#breadcrumb"},"inLanguage":"es","potentialAction":[{"@type":"ReadAction","target":["https:\/\/koningdrone.be\/product\/card-dji-care-pro-2-year-plan-dji-inspire-3-eu-2\/"]}]},{"@type":"ImageObject","inLanguage":"es","@id":"https:\/\/koningdrone.be\/product\/card-dji-care-pro-2-year-plan-dji-inspire-3-eu-2\/#primaryimage","url":"https:\/\/koningdrone.be\/wp-content\/uploads\/sites\/13\/2025\/04\/6941565956569-1.jpg","contentUrl":"https:\/\/koningdrone.be\/wp-content\/uploads\/sites\/13\/2025\/04\/6941565956569-1.jpg","width":800,"height":800},{"@type":"BreadcrumbList","@id":"https:\/\/koningdrone.be\/product\/card-dji-care-pro-2-year-plan-dji-inspire-3-eu-2\/#breadcrumb","itemListElement":[{"@type":"ListItem","position":1,"name":"Home","item":"https:\/\/koningdrone.be\/"},{"@type":"ListItem","position":2,"name":"AVSS Parachute Recovery System for DJI Matrice 300\/350","item":"https:\/\/koningdrone.be\/product\/avss-parachute-recovery-system-for-dji-matrice-300-350\/"},{"@type":"ListItem","position":3,"name":"Alle care refresh","item":"https:\/\/koningdrone.be\/categorie\/alle-care-refresh\/"},{"@type":"ListItem","position":4,"name":"Card DJI Care Pro 2-Year Plan (DJI Inspire 3) EU"}]},{"@type":"WebSite","@id":"https:\/\/koningdrone.be\/#website","url":"https:\/\/koningdrone.be\/","name":"Koningdrone.be - Su especialista en l\u00ednea en drones, cardanes, c\u00e1maras y centrales el\u00e9ctricas.","description":"La tienda virtual de drones y cardanes","publisher":{"@id":"https:\/\/koningdrone.be\/#organization"},"potentialAction":[{"@type":"SearchAction","target":{"@type":"EntryPoint","urlTemplate":"https:\/\/koningdrone.be\/?s={search_term_string}"},"query-input":{"@type":"PropertyValueSpecification","valueRequired":true,"valueName":"search_term_string"}}],"inLanguage":"es"},{"@type":"Organization","@id":"https:\/\/koningdrone.be\/#organization","name":"Kingdrone.es","url":"https:\/\/koningdrone.be\/","logo":{"@type":"ImageObject","inLanguage":"es","@id":"https:\/\/koningdrone.be\/#\/schema\/logo\/image\/","url":"https:\/\/koningdrone.be\/wp-content\/uploads\/sites\/13\/2025\/04\/koningdrone-copyright-logo.svg","contentUrl":"https:\/\/koningdrone.be\/wp-content\/uploads\/sites\/13\/2025\/04\/koningdrone-copyright-logo.svg","width":227,"height":38,"caption":"Koningdrone.be"},"image":{"@id":"https:\/\/koningdrone.be\/#\/schema\/logo\/image\/"}}]}},"df_price":2506,"df_sale_price":"","df_regular_price":2506,"df_image_link":"https:\/\/koningdrone.be\/wp-content\/uploads\/sites\/13\/2025\/04\/6941565956569-1-300x300.jpg","_links":{"self":[{"href":"https:\/\/koningdrone.be\/es\/wp-json\/wp\/v2\/product\/4787","targetHints":{"allow":["GET"]}}],"collection":[{"href":"https:\/\/koningdrone.be\/es\/wp-json\/wp\/v2\/product"}],"about":[{"href":"https:\/\/koningdrone.be\/es\/wp-json\/wp\/v2\/types\/product"}],"wp:featuredmedia":[{"embeddable":true,"href":"https:\/\/koningdrone.be\/es\/wp-json\/wp\/v2\/media\/4785"}],"wp:attachment":[{"href":"https:\/\/koningdrone.be\/es\/wp-json\/wp\/v2\/media?parent=4787"}],"wp:term":[{"taxonomy":"product_brand","embeddable":true,"href":"https:\/\/koningdrone.be\/es\/wp-json\/wp\/v2\/product_brand?post=4787"},{"taxonomy":"product_cat","embeddable":true,"href":"https:\/\/koningdrone.be\/es\/wp-json\/wp\/v2\/product_cat?post=4787"},{"taxonomy":"product_tag","embeddable":true,"href":"https:\/\/koningdrone.be\/es\/wp-json\/wp\/v2\/product_tag?post=4787"}],"curies":[{"name":"wp","href":"https:\/\/api.w.org\/{rel}","templated":true}]}}