{"id":4765,"date":"2023-04-24T09:48:09","date_gmt":"2023-04-24T07:48:09","guid":{"rendered":"https:\/\/koningdrone.nl\/kon\/product\/tb51-intelligent-battery\/"},"modified":"2026-04-29T03:30:17","modified_gmt":"2026-04-29T01:30:17","slug":"tb51-intelligent-battery","status":"publish","type":"product","link":"https:\/\/koningdrone.be\/es\/producto\/tb51-intelligent-battery\/","title":{"rendered":"Bater\u00eda inteligente DJI TB51"},"content":{"rendered":"<p><strong>C\u00e9lulas energ\u00e9ticas de alto rendimiento<\/strong><\/p>\n<p> La Bater\u00eda Inteligente TB51 est\u00e1 fabricada con celdas energ\u00e9ticas de alta calidad. Esto garantiza que la bater\u00eda no s\u00f3lo proporcione energ\u00eda fiable cuando sea necesario, sino que tambi\u00e9n lo haga de forma eficiente y duradera. La elecci\u00f3n de celdas de bater\u00eda de calidad superior es fundamental para que el producto ofrezca un rendimiento excepcional.<\/p>\n<p><strong>Sistema de gesti\u00f3n avanzado<\/strong><\/p>\n<p> La Bater\u00eda Inteligente TB51 incorpora un sistema avanzado dise\u00f1ado para gestionar su rendimiento. Este avanzado sistema de gesti\u00f3n equilibra de forma \u00f3ptima la potencia de salida y garantiza la m\u00e1xima eficiencia de la bater\u00eda. Desempe\u00f1a un papel crucial en la prolongaci\u00f3n de la vida \u00fatil de la bater\u00eda regulando cuidadosamente su uso.<\/p>\n<p><strong>Funcionamiento a baja temperatura<\/strong><\/p>\n<p> La bater\u00eda est\u00e1 dise\u00f1ada para funcionar con fiabilidad incluso a bajas temperaturas, una caracter\u00edstica esencial para su uso en climas fr\u00edos. Esto se consigue mediante una funci\u00f3n de calentamiento autom\u00e1tico, que puede activarse desde la propia aeronave o manualmente a trav\u00e9s de una aplicaci\u00f3n complementaria. Esta capacidad de calentamiento autom\u00e1tico garantiza que la bater\u00eda siga siendo operativa y eficiente independientemente de las condiciones ambientales.<\/p>\n<p><\/p>","protected":false},"excerpt":{"rendered":"<ul>\n<li>Pilas energ\u00e9ticas de alto rendimiento<\/li>\n<li> Fuente de alimentaci\u00f3n robusta<\/li>\n<li> Sistema avanzado de gesti\u00f3n de bater\u00edas<\/li>\n<li> Rendimiento optimizado a bajas temperaturas<\/li>\n<li> Sistema de calefacci\u00f3n autom\u00e1tico incorporado<\/li>\n<li> Control autom\u00e1tico o manual de la calefacci\u00f3n a trav\u00e9s de la aplicaci\u00f3n<\/li>\n<\/ul>","protected":false},"featured_media":4762,"template":"","meta":{"_acf_changed":false},"product_brand":[],"product_cat":[113,97,675,433],"product_tag":[],"class_list":{"0":"post-4765","1":"product","2":"type-product","3":"status-publish","4":"has-post-thumbnail","6":"product_cat-alle-batterijen","7":"product_cat-alle-producten","8":"product_cat-dji-enterprise-drones","9":"product_cat-dji-inspire-3","10":"product_shipping_class-uavspacesall","11":"pa_brand-dji","12":"pa_productfamily-batterij","13":"pa_producttype-batterij","14":"pa_series-inspire-3","16":"first","17":"instock","18":"taxable","19":"shipping-taxable","20":"purchasable","21":"product-type-simple"},"acf":[],"yoast_head":"<!-- This site is optimized with the Yoast SEO Premium plugin v27.2 (Yoast SEO v27.2) - https:\/\/yoast.com\/product\/yoast-seo-premium-wordpress\/ -->\n<title>DJI TB51 Intelligent Battery - koningdrone.be<\/title>\n<meta name=\"robots\" content=\"index, follow, max-snippet:-1, max-image-preview:large, max-video-preview:-1\" \/>\n<link rel=\"canonical\" href=\"https:\/\/koningdrone.be\/es\/producto\/tb51-intelligent-battery\/\" \/>\n<meta property=\"og:locale\" content=\"es_ES\" \/>\n<meta property=\"og:type\" content=\"article\" \/>\n<meta property=\"og:title\" content=\"DJI TB51 Intelligent Battery\" \/>\n<meta property=\"og:description\" content=\"Hoogwaardige, energieke batterijcellen Robuuste stroomvoorziening Geavanceerd batterijbeheersysteem Geoptimaliseerde prestaties bij lage temperaturen Ingebouwd automatisch verwarmingssysteem Automatische of handmatige verwarmingsregeling via app\" \/>\n<meta property=\"og:url\" content=\"https:\/\/koningdrone.be\/es\/producto\/tb51-intelligent-battery\/\" \/>\n<meta property=\"og:site_name\" content=\"koningdrone.be\" \/>\n<meta property=\"article:modified_time\" content=\"2026-04-29T01:30:17+00:00\" \/>\n<meta property=\"og:image\" content=\"https:\/\/koningdrone.be\/wp-content\/uploads\/sites\/13\/2025\/04\/addbe061dd1b4f96899daea26612a180@large.jpg\" \/>\n\t<meta property=\"og:image:width\" content=\"1200\" \/>\n\t<meta property=\"og:image:height\" content=\"800\" \/>\n\t<meta property=\"og:image:type\" content=\"image\/jpeg\" \/>\n<meta name=\"twitter:card\" content=\"summary_large_image\" \/>\n<meta name=\"twitter:label1\" content=\"Tiempo de lectura\" \/>\n\t<meta name=\"twitter:data1\" content=\"1 minuto\" \/>\n<script type=\"application\/ld+json\" class=\"yoast-schema-graph\">{\"@context\":\"https:\/\/schema.org\",\"@graph\":[{\"@type\":\"WebPage\",\"@id\":\"https:\/\/koningdrone.be\/product\/tb51-intelligent-battery\/\",\"url\":\"https:\/\/koningdrone.be\/product\/tb51-intelligent-battery\/\",\"name\":\"DJI TB51 Intelligent Battery - koningdrone.be\",\"isPartOf\":{\"@id\":\"https:\/\/koningdrone.be\/#website\"},\"primaryImageOfPage\":{\"@id\":\"https:\/\/koningdrone.be\/product\/tb51-intelligent-battery\/#primaryimage\"},\"image\":{\"@id\":\"https:\/\/koningdrone.be\/product\/tb51-intelligent-battery\/#primaryimage\"},\"thumbnailUrl\":\"https:\/\/koningdrone.be\/wp-content\/uploads\/sites\/13\/2025\/04\/addbe061dd1b4f96899daea26612a180@large.jpg\",\"datePublished\":\"2023-04-24T07:48:09+00:00\",\"dateModified\":\"2026-04-29T01:30:17+00:00\",\"breadcrumb\":{\"@id\":\"https:\/\/koningdrone.be\/product\/tb51-intelligent-battery\/#breadcrumb\"},\"inLanguage\":\"es\",\"potentialAction\":[{\"@type\":\"ReadAction\",\"target\":[\"https:\/\/koningdrone.be\/product\/tb51-intelligent-battery\/\"]}]},{\"@type\":\"ImageObject\",\"inLanguage\":\"es\",\"@id\":\"https:\/\/koningdrone.be\/product\/tb51-intelligent-battery\/#primaryimage\",\"url\":\"https:\/\/koningdrone.be\/wp-content\/uploads\/sites\/13\/2025\/04\/addbe061dd1b4f96899daea26612a180@large.jpg\",\"contentUrl\":\"https:\/\/koningdrone.be\/wp-content\/uploads\/sites\/13\/2025\/04\/addbe061dd1b4f96899daea26612a180@large.jpg\",\"width\":1200,\"height\":800},{\"@type\":\"BreadcrumbList\",\"@id\":\"https:\/\/koningdrone.be\/product\/tb51-intelligent-battery\/#breadcrumb\",\"itemListElement\":[{\"@type\":\"ListItem\",\"position\":1,\"name\":\"Home\",\"item\":\"https:\/\/koningdrone.be\/\"},{\"@type\":\"ListItem\",\"position\":2,\"name\":\"AVSS Parachute Recovery System for DJI Matrice 300\/350\",\"item\":\"https:\/\/koningdrone.be\/product\/avss-parachute-recovery-system-for-dji-matrice-300-350\/\"},{\"@type\":\"ListItem\",\"position\":3,\"name\":\"Alle batterijen\",\"item\":\"https:\/\/koningdrone.be\/categorie\/alle-batterijen\/\"},{\"@type\":\"ListItem\",\"position\":4,\"name\":\"DJI TB51 Intelligent Battery\"}]},{\"@type\":\"WebSite\",\"@id\":\"https:\/\/koningdrone.be\/#website\",\"url\":\"https:\/\/koningdrone.be\/\",\"name\":\"Koningdrone.be - Uw online specialist in drones, gimbals, camera's en power stations.\",\"description\":\"De webshop in drones en gimbals\",\"publisher\":{\"@id\":\"https:\/\/koningdrone.be\/#organization\"},\"potentialAction\":[{\"@type\":\"SearchAction\",\"target\":{\"@type\":\"EntryPoint\",\"urlTemplate\":\"https:\/\/koningdrone.be\/?s={search_term_string}\"},\"query-input\":{\"@type\":\"PropertyValueSpecification\",\"valueRequired\":true,\"valueName\":\"search_term_string\"}}],\"inLanguage\":\"es\"},{\"@type\":\"Organization\",\"@id\":\"https:\/\/koningdrone.be\/#organization\",\"name\":\"Koningdrone.be\",\"url\":\"https:\/\/koningdrone.be\/\",\"logo\":{\"@type\":\"ImageObject\",\"inLanguage\":\"es\",\"@id\":\"https:\/\/koningdrone.be\/#\/schema\/logo\/image\/\",\"url\":\"https:\/\/koningdrone.be\/wp-content\/uploads\/sites\/13\/2025\/04\/koningdrone-copyright-logo.svg\",\"contentUrl\":\"https:\/\/koningdrone.be\/wp-content\/uploads\/sites\/13\/2025\/04\/koningdrone-copyright-logo.svg\",\"width\":227,\"height\":38,\"caption\":\"Koningdrone.be\"},\"image\":{\"@id\":\"https:\/\/koningdrone.be\/#\/schema\/logo\/image\/\"}}]}<\/script>\n<!-- \/ Yoast SEO Premium plugin. -->","yoast_head_json":{"title":"DJI TB51 Intelligent Battery - koningdrone.be","robots":{"index":"index","follow":"follow","max-snippet":"max-snippet:-1","max-image-preview":"max-image-preview:large","max-video-preview":"max-video-preview:-1"},"canonical":"https:\/\/koningdrone.be\/es\/producto\/tb51-intelligent-battery\/","og_locale":"es_ES","og_type":"article","og_title":"DJI TB51 Intelligent Battery","og_description":"Hoogwaardige, energieke batterijcellen Robuuste stroomvoorziening Geavanceerd batterijbeheersysteem Geoptimaliseerde prestaties bij lage temperaturen Ingebouwd automatisch verwarmingssysteem Automatische of handmatige verwarmingsregeling via app","og_url":"https:\/\/koningdrone.be\/es\/producto\/tb51-intelligent-battery\/","og_site_name":"koningdrone.be","article_modified_time":"2026-04-29T01:30:17+00:00","og_image":[{"width":1200,"height":800,"url":"https:\/\/koningdrone.be\/wp-content\/uploads\/sites\/13\/2025\/04\/addbe061dd1b4f96899daea26612a180@large.jpg","type":"image\/jpeg"}],"twitter_card":"summary_large_image","twitter_misc":{"Tiempo de lectura":"1 minuto"},"schema":{"@context":"https:\/\/schema.org","@graph":[{"@type":"WebPage","@id":"https:\/\/koningdrone.be\/product\/tb51-intelligent-battery\/","url":"https:\/\/koningdrone.be\/product\/tb51-intelligent-battery\/","name":"DJI TB51 Intelligent Battery - koningdrone.be","isPartOf":{"@id":"https:\/\/koningdrone.be\/#website"},"primaryImageOfPage":{"@id":"https:\/\/koningdrone.be\/product\/tb51-intelligent-battery\/#primaryimage"},"image":{"@id":"https:\/\/koningdrone.be\/product\/tb51-intelligent-battery\/#primaryimage"},"thumbnailUrl":"https:\/\/koningdrone.be\/wp-content\/uploads\/sites\/13\/2025\/04\/addbe061dd1b4f96899daea26612a180@large.jpg","datePublished":"2023-04-24T07:48:09+00:00","dateModified":"2026-04-29T01:30:17+00:00","breadcrumb":{"@id":"https:\/\/koningdrone.be\/product\/tb51-intelligent-battery\/#breadcrumb"},"inLanguage":"es","potentialAction":[{"@type":"ReadAction","target":["https:\/\/koningdrone.be\/product\/tb51-intelligent-battery\/"]}]},{"@type":"ImageObject","inLanguage":"es","@id":"https:\/\/koningdrone.be\/product\/tb51-intelligent-battery\/#primaryimage","url":"https:\/\/koningdrone.be\/wp-content\/uploads\/sites\/13\/2025\/04\/addbe061dd1b4f96899daea26612a180@large.jpg","contentUrl":"https:\/\/koningdrone.be\/wp-content\/uploads\/sites\/13\/2025\/04\/addbe061dd1b4f96899daea26612a180@large.jpg","width":1200,"height":800},{"@type":"BreadcrumbList","@id":"https:\/\/koningdrone.be\/product\/tb51-intelligent-battery\/#breadcrumb","itemListElement":[{"@type":"ListItem","position":1,"name":"Home","item":"https:\/\/koningdrone.be\/"},{"@type":"ListItem","position":2,"name":"AVSS Parachute Recovery System for DJI Matrice 300\/350","item":"https:\/\/koningdrone.be\/product\/avss-parachute-recovery-system-for-dji-matrice-300-350\/"},{"@type":"ListItem","position":3,"name":"Alle batterijen","item":"https:\/\/koningdrone.be\/categorie\/alle-batterijen\/"},{"@type":"ListItem","position":4,"name":"DJI TB51 Intelligent Battery"}]},{"@type":"WebSite","@id":"https:\/\/koningdrone.be\/#website","url":"https:\/\/koningdrone.be\/","name":"Koningdrone.be - Su especialista en l\u00ednea en drones, cardanes, c\u00e1maras y centrales el\u00e9ctricas.","description":"La tienda virtual de drones y cardanes","publisher":{"@id":"https:\/\/koningdrone.be\/#organization"},"potentialAction":[{"@type":"SearchAction","target":{"@type":"EntryPoint","urlTemplate":"https:\/\/koningdrone.be\/?s={search_term_string}"},"query-input":{"@type":"PropertyValueSpecification","valueRequired":true,"valueName":"search_term_string"}}],"inLanguage":"es"},{"@type":"Organization","@id":"https:\/\/koningdrone.be\/#organization","name":"Kingdrone.es","url":"https:\/\/koningdrone.be\/","logo":{"@type":"ImageObject","inLanguage":"es","@id":"https:\/\/koningdrone.be\/#\/schema\/logo\/image\/","url":"https:\/\/koningdrone.be\/wp-content\/uploads\/sites\/13\/2025\/04\/koningdrone-copyright-logo.svg","contentUrl":"https:\/\/koningdrone.be\/wp-content\/uploads\/sites\/13\/2025\/04\/koningdrone-copyright-logo.svg","width":227,"height":38,"caption":"Koningdrone.be"},"image":{"@id":"https:\/\/koningdrone.be\/#\/schema\/logo\/image\/"}}]}},"df_price":299,"df_sale_price":"","df_regular_price":299,"df_image_link":"https:\/\/koningdrone.be\/wp-content\/uploads\/sites\/13\/2025\/04\/addbe061dd1b4f96899daea26612a180@large-300x200.jpg","_links":{"self":[{"href":"https:\/\/koningdrone.be\/es\/wp-json\/wp\/v2\/product\/4765","targetHints":{"allow":["GET"]}}],"collection":[{"href":"https:\/\/koningdrone.be\/es\/wp-json\/wp\/v2\/product"}],"about":[{"href":"https:\/\/koningdrone.be\/es\/wp-json\/wp\/v2\/types\/product"}],"wp:featuredmedia":[{"embeddable":true,"href":"https:\/\/koningdrone.be\/es\/wp-json\/wp\/v2\/media\/4762"}],"wp:attachment":[{"href":"https:\/\/koningdrone.be\/es\/wp-json\/wp\/v2\/media?parent=4765"}],"wp:term":[{"taxonomy":"product_brand","embeddable":true,"href":"https:\/\/koningdrone.be\/es\/wp-json\/wp\/v2\/product_brand?post=4765"},{"taxonomy":"product_cat","embeddable":true,"href":"https:\/\/koningdrone.be\/es\/wp-json\/wp\/v2\/product_cat?post=4765"},{"taxonomy":"product_tag","embeddable":true,"href":"https:\/\/koningdrone.be\/es\/wp-json\/wp\/v2\/product_tag?post=4765"}],"curies":[{"name":"wp","href":"https:\/\/api.w.org\/{rel}","templated":true}]}}