{"id":4761,"date":"2023-04-24T09:48:09","date_gmt":"2023-04-24T07:48:09","guid":{"rendered":"https:\/\/koningdrone.nl\/kon\/product\/dji-inspire-3\/"},"modified":"2026-04-29T15:20:18","modified_gmt":"2026-04-29T13:20:18","slug":"dji-inspire-3","status":"publish","type":"product","link":"https:\/\/koningdrone.be\/es\/producto\/dji-inspire-3\/","title":{"rendered":"DJI Inspire 3"},"content":{"rendered":"<h3>DJI Inspire 3: El maestro de la cinematograf\u00eda a\u00e9rea<\/h3>\n<p><iframe loading=\"lazy\" title=\"Presentaci\u00f3n del DJI Inspire 3 | DJI\" width=\"800\" height=\"450\" src=\"https:\/\/www.youtube.com\/embed\/T5IgH__lL7I?feature=oembed&#038;enablejsapi=1&#038;origin=https:\/\/koningdrone.be\" frameborder=\"0\" allow=\"accelerometer; autoplay; clipboard-write; encrypted-media; gyroscope; picture-in-picture; web-share\" referrerpolicy=\"strict-origin-when-cross-origin\" allowfullscreen><\/iframe><\/p>\n<p style=\"margin: 20px 0\">En <strong>DJI Inspire 3<\/strong> es el rey indiscutible de la industria cinematogr\u00e1fica profesional. No se trata de un dron cualquiera; es un ecosistema 8K totalmente integrado y dise\u00f1ado espec\u00edficamente para hacer realidad la visi\u00f3n de los directores y directores de fotograf\u00eda (DP) m\u00e1s exigentes. Con la introducci\u00f3n del <strong>Zenmuse X9-8K Air<\/strong> y un chasis aerodin\u00e1mico radicalmente redise\u00f1ado, el Inspire 3 ofrece una sinergia sin precedentes entre din\u00e1mica de vuelo y calidad de imagen. Con soporte para formatos sin p\u00e9rdidas y precisi\u00f3n RTK, es la herramienta definitiva para largometrajes de alta gama, anuncios y documentales de primera clase.<\/p>\n<p><a href=\"https:\/\/koningdrone.nl\/wp-content\/uploads\/2023\/04\/DJI-Inspire-3.jpg\"><img loading=\"lazy\" decoding=\"async\" class=\"size-medium wp-image-472510 aligncenter\" src=\"https:\/\/koningdrone.nl\/wp-content\/uploads\/2023\/04\/DJI-Inspire-3-300x300.jpg\" alt=\"DJI Inspire 3\" width=\"300\" height=\"300\" \/><\/a><\/p>\n<h4>Revoluci\u00f3n y flujo de trabajo 8K Full-Frame<\/h4>\n<p>El Inspire 3 lleva la calidad cinematogr\u00e1fica a nuevas cotas:<\/p>\n<ul>\n<li><strong>Zenmuse X9-8K Air:<\/strong> El sensor de fotograma completo captura todos los detalles con una impresionante resoluci\u00f3n 8K. Con un rango din\u00e1mico de m\u00e1s de 14 pasos, los detalles tanto en las sombras profundas como en las altas luces se conservan a la perfecci\u00f3n, lo que resulta esencial para la gradaci\u00f3n profesional del color.<\/li>\n<li><strong>CinemaDNG y Apple ProRes RAW:<\/strong> Para ofrecer la m\u00e1xima flexibilidad en postproducci\u00f3n, la Inspire 3 es compatible internamente con los c\u00f3decs m\u00e1s exigentes. Esto garantiza un flujo de trabajo \u201csin p\u00e9rdidas\u201d que se adapta perfectamente a los est\u00e1ndares de los sets de rodaje modernos.<\/li>\n<li><strong>RTK de precisi\u00f3n centim\u00e9trica:<\/strong> La integraci\u00f3n del posicionamiento RTK (Real-Time Kinematic) permite al Inspire 3 repetir trayectorias de vuelo con extrema precisi\u00f3n. Esto hace que las complejas tomas \u201cwaypoint\u201d y los efectos visuales (VFX) en los que se superponen m\u00faltiples capas sean m\u00e1s f\u00e1ciles que nunca.<\/li>\n<\/ul>\n<h4>Dise\u00f1o aerodin\u00e1mico y libertad de 360<\/h4>\n<p>El hardware est\u00e1 dise\u00f1ado para que nunca se interponga en el camino de la c\u00e1mara:<\/p>\n<ul>\n<li><strong>Transformar la estructura:<\/strong> Al igual que sus ic\u00f3nicos predecesores, el Inspire 3 eleva su tren de aterrizaje en vuelo. Sin embargo, el dise\u00f1o actualizado admite ahora un <strong>360\u00b0 de giro e inclinaci\u00f3n<\/strong>, permitiendo a la c\u00e1mara filmar hacia abajo, hacia arriba y alrededor sin obst\u00e1culos.<\/li>\n<li><strong>Velocidad y agilidad extremas:<\/strong> Con una velocidad m\u00e1xima de <strong>94 km\/h<\/strong> y una velocidad de vuelo en picado de 10 m\/s, el Inspire 3 es capaz de seguir el ritmo de las secuencias de acci\u00f3n m\u00e1s trepidantes, al tiempo que mantiene la estabilidad gracias al sistema de doble bater\u00eda.<\/li>\n<li><strong>Percepci\u00f3n omnidireccional:<\/strong> Una red de sensores gran angular proporciona una protecci\u00f3n de 360 grados. Por primera vez, los pilotos pueden supervisar por separado las distancias a los obst\u00e1culos en horizontal, hacia arriba y hacia abajo para ofrecer la m\u00e1xima seguridad en lances ajustados.<\/li>\n<\/ul>\n<p><a href=\"https:\/\/koningdrone.nl\/wp-content\/uploads\/2023\/04\/DJI-Inspire-3-Product-Action.jpg\"><img loading=\"lazy\" decoding=\"async\" class=\"size-medium wp-image-472503 aligncenter\" src=\"https:\/\/koningdrone.nl\/wp-content\/uploads\/2023\/04\/DJI-Inspire-3-Product-Action-300x300.jpg\" alt=\"DJI Inspire 3 Product Action\" width=\"300\" height=\"300\" \/><\/a><\/p>\n<h4>Por qu\u00e9 el DJI Inspire 3 es indispensable<\/h4>\n<p>Para las productoras que no hacen concesiones, el DJI Inspire 3 es la \u00fanica opci\u00f3n l\u00f3gica. Sustituye los complejos y pesados montajes de helic\u00f3ptero por un dron flexible e inteligente que est\u00e1 operativo en cuesti\u00f3n de minutos. Tanto si se trata de una escena de persecuci\u00f3n a alta velocidad como de un plano general silencioso y atmosf\u00e9rico, el Inspire 3 ofrece la precisi\u00f3n y la potencia de imagen necesarias para dar vida visual a una historia. Con el Inspire 3, usted invierte en el est\u00e1ndar de oro de la cinematograf\u00eda a\u00e9rea moderna.<\/p>","protected":false},"excerpt":{"rendered":"<ul>\n<li>C\u00e1mara de fotograma completo 8K Zenmuse X9-8K Air<\/li>\n<li>Compatibilidad con ProRes RAW y CinemaDNG<\/li>\n<li>Posicionamiento RTK para vuelos de precisi\u00f3n<\/li>\n<li>Card\u00e1n de 360\u00b0 para un movimiento profesional de la c\u00e1mara<\/li>\n<li>Detecci\u00f3n omnidireccional de obst\u00e1culos<\/li>\n<li>Sistema de doble bater\u00eda para mayor fiabilidad<\/li>\n<li>Dise\u00f1ado para producciones cinematogr\u00e1ficas de gama alta<\/li>\n<\/ul>","protected":false},"featured_media":18803,"template":"","meta":{"_acf_changed":false},"product_brand":[],"product_cat":[433],"product_tag":[],"class_list":{"0":"post-4761","1":"product","2":"type-product","3":"status-publish","4":"has-post-thumbnail","6":"product_cat-dji-inspire-3","7":"product_shipping_class-outofstock","8":"pa_brand-dji","9":"pa_producttype-drone","10":"pa_series-inspire","12":"first","13":"outofstock","14":"taxable","15":"shipping-taxable","16":"purchasable","17":"product-type-simple"},"acf":[],"yoast_head":"<!-- This site is optimized with the Yoast SEO Premium plugin v27.2 (Yoast SEO v27.2) - https:\/\/yoast.com\/product\/yoast-seo-premium-wordpress\/ -->\n<title>DJI Inspire 3 - koningdrone.be<\/title>\n<meta name=\"robots\" content=\"index, follow, max-snippet:-1, max-image-preview:large, max-video-preview:-1\" \/>\n<link rel=\"canonical\" href=\"https:\/\/koningdrone.be\/es\/producto\/dji-inspire-3\/\" \/>\n<meta property=\"og:locale\" content=\"es_ES\" \/>\n<meta property=\"og:type\" content=\"article\" \/>\n<meta property=\"og:title\" content=\"DJI Inspire 3\" \/>\n<meta property=\"og:description\" content=\"Full-frame 8K Zenmuse X9-8K Air camera  Ondersteuning voor ProRes RAW en CinemaDNG  RTK positionering voor precisievluchten  360\u00b0 gimbal voor professionele camerabewegingen  Omnidirectionele obstakeldetectie  Dual-battery systeem voor betrouwbaarheid  Ontworpen voor high-end filmproducties\" \/>\n<meta property=\"og:url\" content=\"https:\/\/koningdrone.be\/es\/producto\/dji-inspire-3\/\" \/>\n<meta property=\"og:site_name\" content=\"koningdrone.be\" \/>\n<meta property=\"article:modified_time\" content=\"2026-04-29T13:20:18+00:00\" \/>\n<meta property=\"og:image\" content=\"https:\/\/koningdrone.be\/wp-content\/uploads\/sites\/13\/2026\/04\/DJI-Inspire-3.jpg\" \/>\n\t<meta property=\"og:image:width\" content=\"2560\" \/>\n\t<meta property=\"og:image:height\" content=\"2560\" \/>\n\t<meta property=\"og:image:type\" content=\"image\/jpeg\" \/>\n<meta name=\"twitter:card\" content=\"summary_large_image\" \/>\n<meta name=\"twitter:label1\" content=\"Tiempo de lectura\" \/>\n\t<meta name=\"twitter:data1\" content=\"2 minutos\" \/>\n<script type=\"application\/ld+json\" class=\"yoast-schema-graph\">{\"@context\":\"https:\/\/schema.org\",\"@graph\":[{\"@type\":\"WebPage\",\"@id\":\"https:\/\/koningdrone.be\/product\/dji-inspire-3\/\",\"url\":\"https:\/\/koningdrone.be\/product\/dji-inspire-3\/\",\"name\":\"DJI Inspire 3 - koningdrone.be\",\"isPartOf\":{\"@id\":\"https:\/\/koningdrone.be\/#website\"},\"primaryImageOfPage\":{\"@id\":\"https:\/\/koningdrone.be\/product\/dji-inspire-3\/#primaryimage\"},\"image\":{\"@id\":\"https:\/\/koningdrone.be\/product\/dji-inspire-3\/#primaryimage\"},\"thumbnailUrl\":\"https:\/\/koningdrone.be\/wp-content\/uploads\/sites\/13\/2026\/04\/DJI-Inspire-3.jpg\",\"datePublished\":\"2023-04-24T07:48:09+00:00\",\"dateModified\":\"2026-04-29T13:20:18+00:00\",\"breadcrumb\":{\"@id\":\"https:\/\/koningdrone.be\/product\/dji-inspire-3\/#breadcrumb\"},\"inLanguage\":\"es\",\"potentialAction\":[{\"@type\":\"ReadAction\",\"target\":[\"https:\/\/koningdrone.be\/product\/dji-inspire-3\/\"]}]},{\"@type\":\"ImageObject\",\"inLanguage\":\"es\",\"@id\":\"https:\/\/koningdrone.be\/product\/dji-inspire-3\/#primaryimage\",\"url\":\"https:\/\/koningdrone.be\/wp-content\/uploads\/sites\/13\/2026\/04\/DJI-Inspire-3.jpg\",\"contentUrl\":\"https:\/\/koningdrone.be\/wp-content\/uploads\/sites\/13\/2026\/04\/DJI-Inspire-3.jpg\",\"width\":2560,\"height\":2560},{\"@type\":\"BreadcrumbList\",\"@id\":\"https:\/\/koningdrone.be\/product\/dji-inspire-3\/#breadcrumb\",\"itemListElement\":[{\"@type\":\"ListItem\",\"position\":1,\"name\":\"Home\",\"item\":\"https:\/\/koningdrone.be\/\"},{\"@type\":\"ListItem\",\"position\":2,\"name\":\"AVSS Parachute Recovery System for DJI Matrice 300\/350\",\"item\":\"https:\/\/koningdrone.be\/product\/avss-parachute-recovery-system-for-dji-matrice-300-350\/\"},{\"@type\":\"ListItem\",\"position\":3,\"name\":\"DJI Inspire 3\",\"item\":\"https:\/\/koningdrone.be\/categorie\/dji-inspire-3\/\"},{\"@type\":\"ListItem\",\"position\":4,\"name\":\"DJI Inspire 3\"}]},{\"@type\":\"WebSite\",\"@id\":\"https:\/\/koningdrone.be\/#website\",\"url\":\"https:\/\/koningdrone.be\/\",\"name\":\"Koningdrone.be - Uw online specialist in drones, gimbals, camera's en power stations.\",\"description\":\"De webshop in drones en gimbals\",\"publisher\":{\"@id\":\"https:\/\/koningdrone.be\/#organization\"},\"potentialAction\":[{\"@type\":\"SearchAction\",\"target\":{\"@type\":\"EntryPoint\",\"urlTemplate\":\"https:\/\/koningdrone.be\/?s={search_term_string}\"},\"query-input\":{\"@type\":\"PropertyValueSpecification\",\"valueRequired\":true,\"valueName\":\"search_term_string\"}}],\"inLanguage\":\"es\"},{\"@type\":\"Organization\",\"@id\":\"https:\/\/koningdrone.be\/#organization\",\"name\":\"Koningdrone.be\",\"url\":\"https:\/\/koningdrone.be\/\",\"logo\":{\"@type\":\"ImageObject\",\"inLanguage\":\"es\",\"@id\":\"https:\/\/koningdrone.be\/#\/schema\/logo\/image\/\",\"url\":\"https:\/\/koningdrone.be\/wp-content\/uploads\/sites\/13\/2025\/04\/koningdrone-copyright-logo.svg\",\"contentUrl\":\"https:\/\/koningdrone.be\/wp-content\/uploads\/sites\/13\/2025\/04\/koningdrone-copyright-logo.svg\",\"width\":227,\"height\":38,\"caption\":\"Koningdrone.be\"},\"image\":{\"@id\":\"https:\/\/koningdrone.be\/#\/schema\/logo\/image\/\"}}]}<\/script>\n<!-- \/ Yoast SEO Premium plugin. -->","yoast_head_json":{"title":"DJI Inspire 3 - koningdrone.be","robots":{"index":"index","follow":"follow","max-snippet":"max-snippet:-1","max-image-preview":"max-image-preview:large","max-video-preview":"max-video-preview:-1"},"canonical":"https:\/\/koningdrone.be\/es\/producto\/dji-inspire-3\/","og_locale":"es_ES","og_type":"article","og_title":"DJI Inspire 3","og_description":"Full-frame 8K Zenmuse X9-8K Air camera  Ondersteuning voor ProRes RAW en CinemaDNG  RTK positionering voor precisievluchten  360\u00b0 gimbal voor professionele camerabewegingen  Omnidirectionele obstakeldetectie  Dual-battery systeem voor betrouwbaarheid  Ontworpen voor high-end filmproducties","og_url":"https:\/\/koningdrone.be\/es\/producto\/dji-inspire-3\/","og_site_name":"koningdrone.be","article_modified_time":"2026-04-29T13:20:18+00:00","og_image":[{"width":2560,"height":2560,"url":"https:\/\/koningdrone.be\/wp-content\/uploads\/sites\/13\/2026\/04\/DJI-Inspire-3.jpg","type":"image\/jpeg"}],"twitter_card":"summary_large_image","twitter_misc":{"Tiempo de lectura":"2 minutos"},"schema":{"@context":"https:\/\/schema.org","@graph":[{"@type":"WebPage","@id":"https:\/\/koningdrone.be\/product\/dji-inspire-3\/","url":"https:\/\/koningdrone.be\/product\/dji-inspire-3\/","name":"DJI Inspire 3 - koningdrone.be","isPartOf":{"@id":"https:\/\/koningdrone.be\/#website"},"primaryImageOfPage":{"@id":"https:\/\/koningdrone.be\/product\/dji-inspire-3\/#primaryimage"},"image":{"@id":"https:\/\/koningdrone.be\/product\/dji-inspire-3\/#primaryimage"},"thumbnailUrl":"https:\/\/koningdrone.be\/wp-content\/uploads\/sites\/13\/2026\/04\/DJI-Inspire-3.jpg","datePublished":"2023-04-24T07:48:09+00:00","dateModified":"2026-04-29T13:20:18+00:00","breadcrumb":{"@id":"https:\/\/koningdrone.be\/product\/dji-inspire-3\/#breadcrumb"},"inLanguage":"es","potentialAction":[{"@type":"ReadAction","target":["https:\/\/koningdrone.be\/product\/dji-inspire-3\/"]}]},{"@type":"ImageObject","inLanguage":"es","@id":"https:\/\/koningdrone.be\/product\/dji-inspire-3\/#primaryimage","url":"https:\/\/koningdrone.be\/wp-content\/uploads\/sites\/13\/2026\/04\/DJI-Inspire-3.jpg","contentUrl":"https:\/\/koningdrone.be\/wp-content\/uploads\/sites\/13\/2026\/04\/DJI-Inspire-3.jpg","width":2560,"height":2560},{"@type":"BreadcrumbList","@id":"https:\/\/koningdrone.be\/product\/dji-inspire-3\/#breadcrumb","itemListElement":[{"@type":"ListItem","position":1,"name":"Home","item":"https:\/\/koningdrone.be\/"},{"@type":"ListItem","position":2,"name":"AVSS Parachute Recovery System for DJI Matrice 300\/350","item":"https:\/\/koningdrone.be\/product\/avss-parachute-recovery-system-for-dji-matrice-300-350\/"},{"@type":"ListItem","position":3,"name":"DJI Inspire 3","item":"https:\/\/koningdrone.be\/categorie\/dji-inspire-3\/"},{"@type":"ListItem","position":4,"name":"DJI Inspire 3"}]},{"@type":"WebSite","@id":"https:\/\/koningdrone.be\/#website","url":"https:\/\/koningdrone.be\/","name":"Koningdrone.be - Su especialista en l\u00ednea en drones, cardanes, c\u00e1maras y centrales el\u00e9ctricas.","description":"La tienda virtual de drones y cardanes","publisher":{"@id":"https:\/\/koningdrone.be\/#organization"},"potentialAction":[{"@type":"SearchAction","target":{"@type":"EntryPoint","urlTemplate":"https:\/\/koningdrone.be\/?s={search_term_string}"},"query-input":{"@type":"PropertyValueSpecification","valueRequired":true,"valueName":"search_term_string"}}],"inLanguage":"es"},{"@type":"Organization","@id":"https:\/\/koningdrone.be\/#organization","name":"Kingdrone.es","url":"https:\/\/koningdrone.be\/","logo":{"@type":"ImageObject","inLanguage":"es","@id":"https:\/\/koningdrone.be\/#\/schema\/logo\/image\/","url":"https:\/\/koningdrone.be\/wp-content\/uploads\/sites\/13\/2025\/04\/koningdrone-copyright-logo.svg","contentUrl":"https:\/\/koningdrone.be\/wp-content\/uploads\/sites\/13\/2025\/04\/koningdrone-copyright-logo.svg","width":227,"height":38,"caption":"Koningdrone.be"},"image":{"@id":"https:\/\/koningdrone.be\/#\/schema\/logo\/image\/"}}]}},"df_price":14999,"df_sale_price":"","df_regular_price":14999,"df_image_link":"https:\/\/koningdrone.be\/wp-content\/uploads\/sites\/13\/2026\/04\/DJI-Inspire-3-300x300.jpg","_links":{"self":[{"href":"https:\/\/koningdrone.be\/es\/wp-json\/wp\/v2\/product\/4761","targetHints":{"allow":["GET"]}}],"collection":[{"href":"https:\/\/koningdrone.be\/es\/wp-json\/wp\/v2\/product"}],"about":[{"href":"https:\/\/koningdrone.be\/es\/wp-json\/wp\/v2\/types\/product"}],"wp:featuredmedia":[{"embeddable":true,"href":"https:\/\/koningdrone.be\/es\/wp-json\/wp\/v2\/media\/18803"}],"wp:attachment":[{"href":"https:\/\/koningdrone.be\/es\/wp-json\/wp\/v2\/media?parent=4761"}],"wp:term":[{"taxonomy":"product_brand","embeddable":true,"href":"https:\/\/koningdrone.be\/es\/wp-json\/wp\/v2\/product_brand?post=4761"},{"taxonomy":"product_cat","embeddable":true,"href":"https:\/\/koningdrone.be\/es\/wp-json\/wp\/v2\/product_cat?post=4761"},{"taxonomy":"product_tag","embeddable":true,"href":"https:\/\/koningdrone.be\/es\/wp-json\/wp\/v2\/product_tag?post=4761"}],"curies":[{"name":"wp","href":"https:\/\/api.w.org\/{rel}","templated":true}]}}