{"id":4723,"date":"2023-05-10T11:52:13","date_gmt":"2023-05-10T09:52:13","guid":{"rendered":"https:\/\/koningdrone.nl\/kon\/product\/dji-mavic-3-pro-nd-filters-set-nd8-16-32-64\/"},"modified":"2026-04-29T04:21:03","modified_gmt":"2026-04-29T02:21:03","slug":"dji-mavic-3-pro-nd-filters-set-nd8-16-32-64","status":"publish","type":"product","link":"https:\/\/koningdrone.be\/es\/producto\/dji-mavic-3-pro-nd-filters-set-nd8-16-32-64\/","title":{"rendered":"DJI Mavic 3 Pro ND Filtros Set (ND8\/16\/32\/64)"},"content":{"rendered":"<p><strong>Introducci\u00f3n al juego de filtros ND<\/strong><\/p>\n<p> El set de filtros ND est\u00e1 dise\u00f1ado para ayudar a los fot\u00f3grafos a crear impresionantes fotos de larga exposici\u00f3n o im\u00e1genes impecables con mucha luz. Este set es especialmente valioso para quienes desean conseguir movimientos suaves y de aspecto profesional en sus v\u00eddeos con mucha luz. Al proporcionar la capacidad de ajustar con precisi\u00f3n la velocidad de obturaci\u00f3n, estos filtros desempe\u00f1an un papel crucial en el mantenimiento de una exposici\u00f3n \u00f3ptima sin comprometer la calidad de la imagen.<\/p>\n<p><strong>Optimizado para diferentes condiciones de iluminaci\u00f3n<\/strong><\/p>\n<p> Para los fot\u00f3grafos y vide\u00f3grafos experimentados, gestionar la exposici\u00f3n para conseguir la est\u00e9tica deseada puede ser todo un reto, especialmente en condiciones de iluminaci\u00f3n variables. El juego de filtros ND resuelve este problema permitiendo una exposici\u00f3n a la luz m\u00e1s controlada y reducida en la c\u00e1mara. Esto resulta especialmente \u00fatil cuando se busca un aspecto cinematogr\u00e1fico, en el que una velocidad de obturaci\u00f3n m\u00e1s lenta (que suele corresponder al doble de la frecuencia de imagen para un \u00e1ngulo de apertura del obturador de 180\u00b0) permite un desenfoque de movimiento m\u00e1s suave en entornos muy iluminados, sin tener que aumentar la sensibilidad ISO. e introducir potencialmente ruido en las im\u00e1genes.<\/p>\n<p><strong>Hecho a medida para sistemas de tres c\u00e1maras<\/strong><\/p>\n<p> Lo que diferencia a este conjunto de filtros es su optimizaci\u00f3n a medida para c\u00e1maras equipadas con un sistema de triple c\u00e1mara. Ajusta cuidadosamente la reducci\u00f3n de luz del teleobjetivo para evitar situaciones en las que, a pesar de conseguir la exposici\u00f3n correcta en las c\u00e1maras gran angular y teleobjetivo medio, la c\u00e1mara teleobjetivo queda subexpuesta. Esto garantiza una exposici\u00f3n y una calidad uniformes en los distintos niveles de zoom, lo que mejora la experiencia fotogr\u00e1fica y videogr\u00e1fica en general.<\/p>\n<p><strong>Comprender el \u00e1ngulo de apertura del obturador<\/strong><\/p>\n<p> Entender el \u00e1ngulo de apertura del obturador: Este t\u00e9rmino se utiliza para describir c\u00f3mo se relaciona la velocidad del obturador con la frecuencia de imagen en videograf\u00eda. En pocas palabras, ayuda a determinar el tiempo de exposici\u00f3n bas\u00e1ndose en la f\u00f3rmula Tiempo de exposici\u00f3n = \u00e1ngulo de apertura del obturador\/(frecuencia de imagen \u00d7 360\u00b0). Por ejemplo, si grabas a 24 fotogramas por segundo (fps) y el obturador est\u00e1 abierto en un \u00e1ngulo de 180\u00b0, el tiempo de exposici\u00f3n es de 1\/48 segundos. Este concepto es esencial para lograr el equilibrio adecuado entre desenfoque de movimiento y exposici\u00f3n en las secuencias de v\u00eddeo.<\/p>\n<p><\/p>","protected":false},"excerpt":{"rendered":"<ul>\n<li>Dise\u00f1ado para la fotograf\u00eda con tiempos de exposici\u00f3n largos e iluminaci\u00f3n intensa.<\/li>\n<li> Mejora el control de la velocidad de obturaci\u00f3n para obtener im\u00e1genes fluidas.<\/li>\n<li> Permite velocidades de obturaci\u00f3n m\u00e1s lentas con ISO bajo en entornos luminosos.<\/li>\n<li> Optimizado para sistemas de imagen de tres c\u00e1maras.<\/li>\n<li> Minimiza la reducci\u00f3n de luz de las telec\u00e1maras para una exposici\u00f3n equilibrada.<\/li>\n<li> Admite ajustes precisos de la exposici\u00f3n con el \u00e1ngulo de apertura del obturador.<\/li>\n<\/ul>","protected":false},"featured_media":4720,"template":"","meta":{"_acf_changed":false},"product_brand":[],"product_cat":[172,97,138],"product_tag":[],"class_list":{"0":"post-4723","1":"product","2":"type-product","3":"status-publish","4":"has-post-thumbnail","6":"product_cat-alle-nd-filters","7":"product_cat-alle-producten","8":"product_cat-dji-mavic-3-pro","9":"product_shipping_class-dronelandall","10":"pa_brand-dji","11":"pa_productfamily-nd-filters","12":"pa_producttype-nd-filters","13":"pa_series-mavic-3-pro","15":"first","16":"instock","17":"taxable","18":"shipping-taxable","19":"purchasable","20":"product-type-simple"},"acf":[],"yoast_head":"<!-- This site is optimized with the Yoast SEO Premium plugin v27.2 (Yoast SEO v27.2) - https:\/\/yoast.com\/product\/yoast-seo-premium-wordpress\/ -->\n<title>DJI Mavic 3 Pro ND Filters Set (ND8\/16\/32\/64) - koningdrone.be<\/title>\n<meta name=\"robots\" content=\"index, follow, max-snippet:-1, max-image-preview:large, max-video-preview:-1\" \/>\n<link rel=\"canonical\" href=\"https:\/\/koningdrone.be\/es\/producto\/dji-mavic-3-pro-nd-filters-set-nd8-16-32-64\/\" \/>\n<meta property=\"og:locale\" content=\"es_ES\" \/>\n<meta property=\"og:type\" content=\"article\" \/>\n<meta property=\"og:title\" content=\"DJI Mavic 3 Pro ND Filters Set (ND8\/16\/32\/64)\" \/>\n<meta property=\"og:description\" content=\"Ontworpen voor fotografie met lange belichtingstijden en sterke verlichting. Verbetert de controle over de sluitertijd voor vloeiende beelden. Maakt lagere sluitertijden mogelijk met een lage ISO in heldere omgevingen. Geoptimaliseerd voor beeldverwerkingssystemen met drie camera&#039;s. Minimaliseert lichtreductie voor telecamera&#039;s voor een evenwichtige belichting. Ondersteunt nauwkeurige belichtingsaanpassingen met de openingshoek van de sluiter.\" \/>\n<meta property=\"og:url\" content=\"https:\/\/koningdrone.be\/es\/producto\/dji-mavic-3-pro-nd-filters-set-nd8-16-32-64\/\" \/>\n<meta property=\"og:site_name\" content=\"koningdrone.be\" \/>\n<meta property=\"article:modified_time\" content=\"2026-04-29T02:21:03+00:00\" \/>\n<meta property=\"og:image\" content=\"https:\/\/koningdrone.be\/wp-content\/uploads\/sites\/13\/2025\/04\/6612e39662239d15eddd76af603da1f6@large.jpg\" \/>\n\t<meta property=\"og:image:width\" content=\"1200\" \/>\n\t<meta property=\"og:image:height\" content=\"800\" \/>\n\t<meta property=\"og:image:type\" content=\"image\/jpeg\" \/>\n<meta name=\"twitter:card\" content=\"summary_large_image\" \/>\n<meta name=\"twitter:label1\" content=\"Tiempo de lectura\" \/>\n\t<meta name=\"twitter:data1\" content=\"2 minutos\" \/>\n<script type=\"application\/ld+json\" class=\"yoast-schema-graph\">{\"@context\":\"https:\/\/schema.org\",\"@graph\":[{\"@type\":\"WebPage\",\"@id\":\"https:\/\/koningdrone.be\/product\/dji-mavic-3-pro-nd-filters-set-nd8-16-32-64\/\",\"url\":\"https:\/\/koningdrone.be\/product\/dji-mavic-3-pro-nd-filters-set-nd8-16-32-64\/\",\"name\":\"DJI Mavic 3 Pro ND Filters Set (ND8\/16\/32\/64) - koningdrone.be\",\"isPartOf\":{\"@id\":\"https:\/\/koningdrone.be\/#website\"},\"primaryImageOfPage\":{\"@id\":\"https:\/\/koningdrone.be\/product\/dji-mavic-3-pro-nd-filters-set-nd8-16-32-64\/#primaryimage\"},\"image\":{\"@id\":\"https:\/\/koningdrone.be\/product\/dji-mavic-3-pro-nd-filters-set-nd8-16-32-64\/#primaryimage\"},\"thumbnailUrl\":\"https:\/\/koningdrone.be\/wp-content\/uploads\/sites\/13\/2025\/04\/6612e39662239d15eddd76af603da1f6@large.jpg\",\"datePublished\":\"2023-05-10T09:52:13+00:00\",\"dateModified\":\"2026-04-29T02:21:03+00:00\",\"breadcrumb\":{\"@id\":\"https:\/\/koningdrone.be\/product\/dji-mavic-3-pro-nd-filters-set-nd8-16-32-64\/#breadcrumb\"},\"inLanguage\":\"es\",\"potentialAction\":[{\"@type\":\"ReadAction\",\"target\":[\"https:\/\/koningdrone.be\/product\/dji-mavic-3-pro-nd-filters-set-nd8-16-32-64\/\"]}]},{\"@type\":\"ImageObject\",\"inLanguage\":\"es\",\"@id\":\"https:\/\/koningdrone.be\/product\/dji-mavic-3-pro-nd-filters-set-nd8-16-32-64\/#primaryimage\",\"url\":\"https:\/\/koningdrone.be\/wp-content\/uploads\/sites\/13\/2025\/04\/6612e39662239d15eddd76af603da1f6@large.jpg\",\"contentUrl\":\"https:\/\/koningdrone.be\/wp-content\/uploads\/sites\/13\/2025\/04\/6612e39662239d15eddd76af603da1f6@large.jpg\",\"width\":1200,\"height\":800},{\"@type\":\"BreadcrumbList\",\"@id\":\"https:\/\/koningdrone.be\/product\/dji-mavic-3-pro-nd-filters-set-nd8-16-32-64\/#breadcrumb\",\"itemListElement\":[{\"@type\":\"ListItem\",\"position\":1,\"name\":\"Home\",\"item\":\"https:\/\/koningdrone.be\/\"},{\"@type\":\"ListItem\",\"position\":2,\"name\":\"AVSS Parachute Recovery System for DJI Matrice 300\/350\",\"item\":\"https:\/\/koningdrone.be\/product\/avss-parachute-recovery-system-for-dji-matrice-300-350\/\"},{\"@type\":\"ListItem\",\"position\":3,\"name\":\"Alle ND Filters\",\"item\":\"https:\/\/koningdrone.be\/categorie\/alle-nd-filters\/\"},{\"@type\":\"ListItem\",\"position\":4,\"name\":\"DJI Mavic 3 Pro ND Filters Set (ND8\/16\/32\/64)\"}]},{\"@type\":\"WebSite\",\"@id\":\"https:\/\/koningdrone.be\/#website\",\"url\":\"https:\/\/koningdrone.be\/\",\"name\":\"Koningdrone.be - Uw online specialist in drones, gimbals, camera's en power stations.\",\"description\":\"De webshop in drones en gimbals\",\"publisher\":{\"@id\":\"https:\/\/koningdrone.be\/#organization\"},\"potentialAction\":[{\"@type\":\"SearchAction\",\"target\":{\"@type\":\"EntryPoint\",\"urlTemplate\":\"https:\/\/koningdrone.be\/?s={search_term_string}\"},\"query-input\":{\"@type\":\"PropertyValueSpecification\",\"valueRequired\":true,\"valueName\":\"search_term_string\"}}],\"inLanguage\":\"es\"},{\"@type\":\"Organization\",\"@id\":\"https:\/\/koningdrone.be\/#organization\",\"name\":\"Koningdrone.be\",\"url\":\"https:\/\/koningdrone.be\/\",\"logo\":{\"@type\":\"ImageObject\",\"inLanguage\":\"es\",\"@id\":\"https:\/\/koningdrone.be\/#\/schema\/logo\/image\/\",\"url\":\"https:\/\/koningdrone.be\/wp-content\/uploads\/sites\/13\/2025\/04\/koningdrone-copyright-logo.svg\",\"contentUrl\":\"https:\/\/koningdrone.be\/wp-content\/uploads\/sites\/13\/2025\/04\/koningdrone-copyright-logo.svg\",\"width\":227,\"height\":38,\"caption\":\"Koningdrone.be\"},\"image\":{\"@id\":\"https:\/\/koningdrone.be\/#\/schema\/logo\/image\/\"}}]}<\/script>\n<!-- \/ Yoast SEO Premium plugin. -->","yoast_head_json":{"title":"DJI Mavic 3 Pro ND Filters Set (ND8\/16\/32\/64) - koningdrone.be","robots":{"index":"index","follow":"follow","max-snippet":"max-snippet:-1","max-image-preview":"max-image-preview:large","max-video-preview":"max-video-preview:-1"},"canonical":"https:\/\/koningdrone.be\/es\/producto\/dji-mavic-3-pro-nd-filters-set-nd8-16-32-64\/","og_locale":"es_ES","og_type":"article","og_title":"DJI Mavic 3 Pro ND Filters Set (ND8\/16\/32\/64)","og_description":"Ontworpen voor fotografie met lange belichtingstijden en sterke verlichting. Verbetert de controle over de sluitertijd voor vloeiende beelden. Maakt lagere sluitertijden mogelijk met een lage ISO in heldere omgevingen. Geoptimaliseerd voor beeldverwerkingssystemen met drie camera&#039;s. Minimaliseert lichtreductie voor telecamera&#039;s voor een evenwichtige belichting. Ondersteunt nauwkeurige belichtingsaanpassingen met de openingshoek van de sluiter.","og_url":"https:\/\/koningdrone.be\/es\/producto\/dji-mavic-3-pro-nd-filters-set-nd8-16-32-64\/","og_site_name":"koningdrone.be","article_modified_time":"2026-04-29T02:21:03+00:00","og_image":[{"width":1200,"height":800,"url":"https:\/\/koningdrone.be\/wp-content\/uploads\/sites\/13\/2025\/04\/6612e39662239d15eddd76af603da1f6@large.jpg","type":"image\/jpeg"}],"twitter_card":"summary_large_image","twitter_misc":{"Tiempo de lectura":"2 minutos"},"schema":{"@context":"https:\/\/schema.org","@graph":[{"@type":"WebPage","@id":"https:\/\/koningdrone.be\/product\/dji-mavic-3-pro-nd-filters-set-nd8-16-32-64\/","url":"https:\/\/koningdrone.be\/product\/dji-mavic-3-pro-nd-filters-set-nd8-16-32-64\/","name":"DJI Mavic 3 Pro ND Filters Set (ND8\/16\/32\/64) - koningdrone.be","isPartOf":{"@id":"https:\/\/koningdrone.be\/#website"},"primaryImageOfPage":{"@id":"https:\/\/koningdrone.be\/product\/dji-mavic-3-pro-nd-filters-set-nd8-16-32-64\/#primaryimage"},"image":{"@id":"https:\/\/koningdrone.be\/product\/dji-mavic-3-pro-nd-filters-set-nd8-16-32-64\/#primaryimage"},"thumbnailUrl":"https:\/\/koningdrone.be\/wp-content\/uploads\/sites\/13\/2025\/04\/6612e39662239d15eddd76af603da1f6@large.jpg","datePublished":"2023-05-10T09:52:13+00:00","dateModified":"2026-04-29T02:21:03+00:00","breadcrumb":{"@id":"https:\/\/koningdrone.be\/product\/dji-mavic-3-pro-nd-filters-set-nd8-16-32-64\/#breadcrumb"},"inLanguage":"es","potentialAction":[{"@type":"ReadAction","target":["https:\/\/koningdrone.be\/product\/dji-mavic-3-pro-nd-filters-set-nd8-16-32-64\/"]}]},{"@type":"ImageObject","inLanguage":"es","@id":"https:\/\/koningdrone.be\/product\/dji-mavic-3-pro-nd-filters-set-nd8-16-32-64\/#primaryimage","url":"https:\/\/koningdrone.be\/wp-content\/uploads\/sites\/13\/2025\/04\/6612e39662239d15eddd76af603da1f6@large.jpg","contentUrl":"https:\/\/koningdrone.be\/wp-content\/uploads\/sites\/13\/2025\/04\/6612e39662239d15eddd76af603da1f6@large.jpg","width":1200,"height":800},{"@type":"BreadcrumbList","@id":"https:\/\/koningdrone.be\/product\/dji-mavic-3-pro-nd-filters-set-nd8-16-32-64\/#breadcrumb","itemListElement":[{"@type":"ListItem","position":1,"name":"Home","item":"https:\/\/koningdrone.be\/"},{"@type":"ListItem","position":2,"name":"AVSS Parachute Recovery System for DJI Matrice 300\/350","item":"https:\/\/koningdrone.be\/product\/avss-parachute-recovery-system-for-dji-matrice-300-350\/"},{"@type":"ListItem","position":3,"name":"Alle ND Filters","item":"https:\/\/koningdrone.be\/categorie\/alle-nd-filters\/"},{"@type":"ListItem","position":4,"name":"DJI Mavic 3 Pro ND Filters Set (ND8\/16\/32\/64)"}]},{"@type":"WebSite","@id":"https:\/\/koningdrone.be\/#website","url":"https:\/\/koningdrone.be\/","name":"Koningdrone.be - Su especialista en l\u00ednea en drones, cardanes, c\u00e1maras y centrales el\u00e9ctricas.","description":"La tienda virtual de drones y cardanes","publisher":{"@id":"https:\/\/koningdrone.be\/#organization"},"potentialAction":[{"@type":"SearchAction","target":{"@type":"EntryPoint","urlTemplate":"https:\/\/koningdrone.be\/?s={search_term_string}"},"query-input":{"@type":"PropertyValueSpecification","valueRequired":true,"valueName":"search_term_string"}}],"inLanguage":"es"},{"@type":"Organization","@id":"https:\/\/koningdrone.be\/#organization","name":"Kingdrone.es","url":"https:\/\/koningdrone.be\/","logo":{"@type":"ImageObject","inLanguage":"es","@id":"https:\/\/koningdrone.be\/#\/schema\/logo\/image\/","url":"https:\/\/koningdrone.be\/wp-content\/uploads\/sites\/13\/2025\/04\/koningdrone-copyright-logo.svg","contentUrl":"https:\/\/koningdrone.be\/wp-content\/uploads\/sites\/13\/2025\/04\/koningdrone-copyright-logo.svg","width":227,"height":38,"caption":"Koningdrone.be"},"image":{"@id":"https:\/\/koningdrone.be\/#\/schema\/logo\/image\/"}}]}},"df_price":159,"df_sale_price":"","df_regular_price":159,"df_image_link":"https:\/\/koningdrone.be\/wp-content\/uploads\/sites\/13\/2025\/04\/6612e39662239d15eddd76af603da1f6@large-300x200.jpg","_links":{"self":[{"href":"https:\/\/koningdrone.be\/es\/wp-json\/wp\/v2\/product\/4723","targetHints":{"allow":["GET"]}}],"collection":[{"href":"https:\/\/koningdrone.be\/es\/wp-json\/wp\/v2\/product"}],"about":[{"href":"https:\/\/koningdrone.be\/es\/wp-json\/wp\/v2\/types\/product"}],"wp:featuredmedia":[{"embeddable":true,"href":"https:\/\/koningdrone.be\/es\/wp-json\/wp\/v2\/media\/4720"}],"wp:attachment":[{"href":"https:\/\/koningdrone.be\/es\/wp-json\/wp\/v2\/media?parent=4723"}],"wp:term":[{"taxonomy":"product_brand","embeddable":true,"href":"https:\/\/koningdrone.be\/es\/wp-json\/wp\/v2\/product_brand?post=4723"},{"taxonomy":"product_cat","embeddable":true,"href":"https:\/\/koningdrone.be\/es\/wp-json\/wp\/v2\/product_cat?post=4723"},{"taxonomy":"product_tag","embeddable":true,"href":"https:\/\/koningdrone.be\/es\/wp-json\/wp\/v2\/product_tag?post=4723"}],"curies":[{"name":"wp","href":"https:\/\/api.w.org\/{rel}","templated":true}]}}