{"id":4711,"date":"2023-05-10T11:52:13","date_gmt":"2023-05-10T09:52:13","guid":{"rendered":"https:\/\/koningdrone.nl\/kon\/product\/dji-mavic-3-pro-fly-more-combodji-rc\/"},"modified":"2026-04-29T13:40:32","modified_gmt":"2026-04-29T11:40:32","slug":"dji-mavic-3-pro-fly-more-combodji-rc","status":"publish","type":"product","link":"https:\/\/koningdrone.be\/es\/producto\/dji-mavic-3-pro-fly-more-combodji-rc\/","title":{"rendered":"DJI Mavic 3 Pro Fly More Combo(DJI RC)"},"content":{"rendered":"<p><strong>DJI Mavic 3 Pro Fly More Combo(DJI RC)<\/strong><br \/>\nEl DJI Mavic 3 Pro establece el est\u00e1ndar para drones con c\u00e1mara avanzados con una c\u00e1mara 4\/3 CMOS Hasselblad y c\u00e1maras Dual Tele, que permiten filmar y fotografiar desde m\u00faltiples perspectivas. Este dron ofrece una serie de especificaciones profesionales como grabaci\u00f3n de v\u00eddeo a 5,1K\/50fps, modo de color D-Log M de 10 bits y es compatible con Apple ProRes 422 HQ para grabaci\u00f3n de im\u00e1genes de alta calidad. Los tres objetivos diferentes te permiten cambiar f\u00e1cilmente entre distintas distancias focales, manteni\u00e9ndote flexible en diferentes escenarios de grabaci\u00f3n.<\/p>\n<ul>\n<li><strong>Especificaciones de la c\u00e1mara:<\/strong><\/li>\n<ul>\n<li>C\u00e1mara 4\/3 CMOS Hasselblad de 20 MP<\/li>\n<li>C\u00e1mara CMOS de 1\/1,3 pulgadas con teleobjetivo medio y 48 MP<\/li>\n<li>Tele c\u00e1mara CMOS de 1\/2 pulgada con 12MP<\/li>\n<\/ul>\n<li><strong>Capacidades de v\u00eddeo y fotograf\u00eda:<\/strong><\/li>\n<ul>\n<li>Grabaci\u00f3n HLG e Hyperlapse<\/li>\n<li>Zoom h\u00edbrido de hasta 28 aumentos<\/li>\n<li>Modo nocturno y opciones panor\u00e1micas para ampliar las posibilidades de disparo<\/li>\n<\/ul>\n<li><strong>Funciones de vuelo avanzadas:<\/strong><\/li>\n<ul>\n<li>Evitaci\u00f3n de obst\u00e1culos omnidireccional y APAS 5.0<\/li>\n<li>Vuelo con waypoint y control de crucero para navegaci\u00f3n automatizada<\/li>\n<li>Hasta 43 minutos de vuelo por carga de bater\u00eda<\/li>\n<\/ul>\n<\/ul>\n<p>Esta combinaci\u00f3n de tecnolog\u00eda de imagen avanzada y s\u00f3lidas capacidades de vuelo hace que el Mavic 3 Pro sea ideal tanto para fot\u00f3grafos profesionales como para vide\u00f3grafos que buscan un dron vers\u00e1til y potente.<\/p>","protected":false},"excerpt":{"rendered":"<ul>\n<li>- C\u00e1mara 4\/3 CMOS Hasselblad<\/li>\n<li>- Telec\u00e1maras duales (24 mm, 70 mm, 166 mm)<\/li>\n<li>- Tiempo m\u00e1ximo de vuelo de 43 minutos<\/li>\n<li>- Detecci\u00f3n omnidireccional de obst\u00e1culos<\/li>\n<li>- 15 km de transmisi\u00f3n de v\u00eddeo HD<\/li>\n<\/ul>","protected":false},"featured_media":4708,"template":"","meta":{"_acf_changed":false},"product_brand":[],"product_cat":[135,97,136,138,99],"product_tag":[],"class_list":{"0":"post-4711","1":"product","2":"type-product","3":"status-publish","4":"has-post-thumbnail","6":"product_cat-alle-drones","7":"product_cat-alle-producten","8":"product_cat-consumer-drones","9":"product_cat-dji-mavic-3-pro","10":"product_cat-drones-met-certificaat","11":"product_shipping_class-outofstock","12":"pa_brand-dji","13":"pa_dronegrade-consumer","14":"pa_productfamily-drone","15":"pa_producttype-drone","16":"pa_series-mavic-3-pro","18":"first","19":"outofstock","20":"taxable","21":"shipping-taxable","22":"product-type-simple"},"acf":[],"yoast_head":"<!-- This site is optimized with the Yoast SEO Premium plugin v27.2 (Yoast SEO v27.2) - https:\/\/yoast.com\/product\/yoast-seo-premium-wordpress\/ -->\n<title>DJI Mavic 3 Pro Fly More Combo(DJI RC) - koningdrone.be<\/title>\n<meta name=\"robots\" content=\"index, follow, max-snippet:-1, max-image-preview:large, max-video-preview:-1\" \/>\n<link rel=\"canonical\" href=\"https:\/\/koningdrone.be\/es\/producto\/dji-mavic-3-pro-fly-more-combodji-rc\/\" \/>\n<meta property=\"og:locale\" content=\"es_ES\" \/>\n<meta property=\"og:type\" content=\"article\" \/>\n<meta property=\"og:title\" content=\"DJI Mavic 3 Pro Fly More Combo(DJI RC)\" \/>\n<meta property=\"og:description\" content=\"- 4\/3 CMOS Hasselblad-camera- Dubbele telecamera&#039;s (24 mm, 70 mm, 166 mm)- Maximale vliegtijd van 43 minuten- Omnidirectionele obstakeldetectie- 15 km HD-videotransmissie\" \/>\n<meta property=\"og:url\" content=\"https:\/\/koningdrone.be\/es\/producto\/dji-mavic-3-pro-fly-more-combodji-rc\/\" \/>\n<meta property=\"og:site_name\" content=\"koningdrone.be\" \/>\n<meta property=\"article:modified_time\" content=\"2026-04-29T11:40:32+00:00\" \/>\n<meta property=\"og:image\" content=\"https:\/\/koningdrone.be\/wp-content\/uploads\/sites\/13\/2025\/04\/6941565957092-1.jpg\" \/>\n\t<meta property=\"og:image:width\" content=\"800\" \/>\n\t<meta property=\"og:image:height\" content=\"640\" \/>\n\t<meta property=\"og:image:type\" content=\"image\/jpeg\" \/>\n<meta name=\"twitter:card\" content=\"summary_large_image\" \/>\n<meta name=\"twitter:label1\" content=\"Tiempo de lectura\" \/>\n\t<meta name=\"twitter:data1\" content=\"1 minuto\" \/>\n<script type=\"application\/ld+json\" class=\"yoast-schema-graph\">{\"@context\":\"https:\/\/schema.org\",\"@graph\":[{\"@type\":\"WebPage\",\"@id\":\"https:\/\/koningdrone.be\/product\/dji-mavic-3-pro-fly-more-combodji-rc\/\",\"url\":\"https:\/\/koningdrone.be\/product\/dji-mavic-3-pro-fly-more-combodji-rc\/\",\"name\":\"DJI Mavic 3 Pro Fly More Combo(DJI RC) - koningdrone.be\",\"isPartOf\":{\"@id\":\"https:\/\/koningdrone.be\/#website\"},\"primaryImageOfPage\":{\"@id\":\"https:\/\/koningdrone.be\/product\/dji-mavic-3-pro-fly-more-combodji-rc\/#primaryimage\"},\"image\":{\"@id\":\"https:\/\/koningdrone.be\/product\/dji-mavic-3-pro-fly-more-combodji-rc\/#primaryimage\"},\"thumbnailUrl\":\"https:\/\/koningdrone.be\/wp-content\/uploads\/sites\/13\/2025\/04\/6941565957092-1.jpg\",\"datePublished\":\"2023-05-10T09:52:13+00:00\",\"dateModified\":\"2026-04-29T11:40:32+00:00\",\"breadcrumb\":{\"@id\":\"https:\/\/koningdrone.be\/product\/dji-mavic-3-pro-fly-more-combodji-rc\/#breadcrumb\"},\"inLanguage\":\"es\",\"potentialAction\":[{\"@type\":\"ReadAction\",\"target\":[\"https:\/\/koningdrone.be\/product\/dji-mavic-3-pro-fly-more-combodji-rc\/\"]}]},{\"@type\":\"ImageObject\",\"inLanguage\":\"es\",\"@id\":\"https:\/\/koningdrone.be\/product\/dji-mavic-3-pro-fly-more-combodji-rc\/#primaryimage\",\"url\":\"https:\/\/koningdrone.be\/wp-content\/uploads\/sites\/13\/2025\/04\/6941565957092-1.jpg\",\"contentUrl\":\"https:\/\/koningdrone.be\/wp-content\/uploads\/sites\/13\/2025\/04\/6941565957092-1.jpg\",\"width\":800,\"height\":640},{\"@type\":\"BreadcrumbList\",\"@id\":\"https:\/\/koningdrone.be\/product\/dji-mavic-3-pro-fly-more-combodji-rc\/#breadcrumb\",\"itemListElement\":[{\"@type\":\"ListItem\",\"position\":1,\"name\":\"Home\",\"item\":\"https:\/\/koningdrone.be\/\"},{\"@type\":\"ListItem\",\"position\":2,\"name\":\"AVSS Parachute Recovery System for DJI Matrice 300\/350\",\"item\":\"https:\/\/koningdrone.be\/product\/avss-parachute-recovery-system-for-dji-matrice-300-350\/\"},{\"@type\":\"ListItem\",\"position\":3,\"name\":\"Alle drones\",\"item\":\"https:\/\/koningdrone.be\/categorie\/alle-drones\/\"},{\"@type\":\"ListItem\",\"position\":4,\"name\":\"DJI Mavic 3 Pro Fly More Combo(DJI RC)\"}]},{\"@type\":\"WebSite\",\"@id\":\"https:\/\/koningdrone.be\/#website\",\"url\":\"https:\/\/koningdrone.be\/\",\"name\":\"Koningdrone.be - Uw online specialist in drones, gimbals, camera's en power stations.\",\"description\":\"De webshop in drones en gimbals\",\"publisher\":{\"@id\":\"https:\/\/koningdrone.be\/#organization\"},\"potentialAction\":[{\"@type\":\"SearchAction\",\"target\":{\"@type\":\"EntryPoint\",\"urlTemplate\":\"https:\/\/koningdrone.be\/?s={search_term_string}\"},\"query-input\":{\"@type\":\"PropertyValueSpecification\",\"valueRequired\":true,\"valueName\":\"search_term_string\"}}],\"inLanguage\":\"es\"},{\"@type\":\"Organization\",\"@id\":\"https:\/\/koningdrone.be\/#organization\",\"name\":\"Koningdrone.be\",\"url\":\"https:\/\/koningdrone.be\/\",\"logo\":{\"@type\":\"ImageObject\",\"inLanguage\":\"es\",\"@id\":\"https:\/\/koningdrone.be\/#\/schema\/logo\/image\/\",\"url\":\"https:\/\/koningdrone.be\/wp-content\/uploads\/sites\/13\/2025\/04\/koningdrone-copyright-logo.svg\",\"contentUrl\":\"https:\/\/koningdrone.be\/wp-content\/uploads\/sites\/13\/2025\/04\/koningdrone-copyright-logo.svg\",\"width\":227,\"height\":38,\"caption\":\"Koningdrone.be\"},\"image\":{\"@id\":\"https:\/\/koningdrone.be\/#\/schema\/logo\/image\/\"}}]}<\/script>\n<!-- \/ Yoast SEO Premium plugin. -->","yoast_head_json":{"title":"DJI Mavic 3 Pro Fly More Combo(DJI RC) - koningdrone.be","robots":{"index":"index","follow":"follow","max-snippet":"max-snippet:-1","max-image-preview":"max-image-preview:large","max-video-preview":"max-video-preview:-1"},"canonical":"https:\/\/koningdrone.be\/es\/producto\/dji-mavic-3-pro-fly-more-combodji-rc\/","og_locale":"es_ES","og_type":"article","og_title":"DJI Mavic 3 Pro Fly More Combo(DJI RC)","og_description":"- 4\/3 CMOS Hasselblad-camera- Dubbele telecamera's (24 mm, 70 mm, 166 mm)- Maximale vliegtijd van 43 minuten- Omnidirectionele obstakeldetectie- 15 km HD-videotransmissie","og_url":"https:\/\/koningdrone.be\/es\/producto\/dji-mavic-3-pro-fly-more-combodji-rc\/","og_site_name":"koningdrone.be","article_modified_time":"2026-04-29T11:40:32+00:00","og_image":[{"width":800,"height":640,"url":"https:\/\/koningdrone.be\/wp-content\/uploads\/sites\/13\/2025\/04\/6941565957092-1.jpg","type":"image\/jpeg"}],"twitter_card":"summary_large_image","twitter_misc":{"Tiempo de lectura":"1 minuto"},"schema":{"@context":"https:\/\/schema.org","@graph":[{"@type":"WebPage","@id":"https:\/\/koningdrone.be\/product\/dji-mavic-3-pro-fly-more-combodji-rc\/","url":"https:\/\/koningdrone.be\/product\/dji-mavic-3-pro-fly-more-combodji-rc\/","name":"DJI Mavic 3 Pro Fly More Combo(DJI RC) - koningdrone.be","isPartOf":{"@id":"https:\/\/koningdrone.be\/#website"},"primaryImageOfPage":{"@id":"https:\/\/koningdrone.be\/product\/dji-mavic-3-pro-fly-more-combodji-rc\/#primaryimage"},"image":{"@id":"https:\/\/koningdrone.be\/product\/dji-mavic-3-pro-fly-more-combodji-rc\/#primaryimage"},"thumbnailUrl":"https:\/\/koningdrone.be\/wp-content\/uploads\/sites\/13\/2025\/04\/6941565957092-1.jpg","datePublished":"2023-05-10T09:52:13+00:00","dateModified":"2026-04-29T11:40:32+00:00","breadcrumb":{"@id":"https:\/\/koningdrone.be\/product\/dji-mavic-3-pro-fly-more-combodji-rc\/#breadcrumb"},"inLanguage":"es","potentialAction":[{"@type":"ReadAction","target":["https:\/\/koningdrone.be\/product\/dji-mavic-3-pro-fly-more-combodji-rc\/"]}]},{"@type":"ImageObject","inLanguage":"es","@id":"https:\/\/koningdrone.be\/product\/dji-mavic-3-pro-fly-more-combodji-rc\/#primaryimage","url":"https:\/\/koningdrone.be\/wp-content\/uploads\/sites\/13\/2025\/04\/6941565957092-1.jpg","contentUrl":"https:\/\/koningdrone.be\/wp-content\/uploads\/sites\/13\/2025\/04\/6941565957092-1.jpg","width":800,"height":640},{"@type":"BreadcrumbList","@id":"https:\/\/koningdrone.be\/product\/dji-mavic-3-pro-fly-more-combodji-rc\/#breadcrumb","itemListElement":[{"@type":"ListItem","position":1,"name":"Home","item":"https:\/\/koningdrone.be\/"},{"@type":"ListItem","position":2,"name":"AVSS Parachute Recovery System for DJI Matrice 300\/350","item":"https:\/\/koningdrone.be\/product\/avss-parachute-recovery-system-for-dji-matrice-300-350\/"},{"@type":"ListItem","position":3,"name":"Alle drones","item":"https:\/\/koningdrone.be\/categorie\/alle-drones\/"},{"@type":"ListItem","position":4,"name":"DJI Mavic 3 Pro Fly More Combo(DJI RC)"}]},{"@type":"WebSite","@id":"https:\/\/koningdrone.be\/#website","url":"https:\/\/koningdrone.be\/","name":"Koningdrone.be - Su especialista en l\u00ednea en drones, cardanes, c\u00e1maras y centrales el\u00e9ctricas.","description":"La tienda virtual de drones y cardanes","publisher":{"@id":"https:\/\/koningdrone.be\/#organization"},"potentialAction":[{"@type":"SearchAction","target":{"@type":"EntryPoint","urlTemplate":"https:\/\/koningdrone.be\/?s={search_term_string}"},"query-input":{"@type":"PropertyValueSpecification","valueRequired":true,"valueName":"search_term_string"}}],"inLanguage":"es"},{"@type":"Organization","@id":"https:\/\/koningdrone.be\/#organization","name":"Kingdrone.es","url":"https:\/\/koningdrone.be\/","logo":{"@type":"ImageObject","inLanguage":"es","@id":"https:\/\/koningdrone.be\/#\/schema\/logo\/image\/","url":"https:\/\/koningdrone.be\/wp-content\/uploads\/sites\/13\/2025\/04\/koningdrone-copyright-logo.svg","contentUrl":"https:\/\/koningdrone.be\/wp-content\/uploads\/sites\/13\/2025\/04\/koningdrone-copyright-logo.svg","width":227,"height":38,"caption":"Koningdrone.be"},"image":{"@id":"https:\/\/koningdrone.be\/#\/schema\/logo\/image\/"}}]}},"df_price":"","df_sale_price":"","df_regular_price":"","df_image_link":"https:\/\/koningdrone.be\/wp-content\/uploads\/sites\/13\/2025\/04\/6941565957092-1-300x240.jpg","_links":{"self":[{"href":"https:\/\/koningdrone.be\/es\/wp-json\/wp\/v2\/product\/4711","targetHints":{"allow":["GET"]}}],"collection":[{"href":"https:\/\/koningdrone.be\/es\/wp-json\/wp\/v2\/product"}],"about":[{"href":"https:\/\/koningdrone.be\/es\/wp-json\/wp\/v2\/types\/product"}],"wp:featuredmedia":[{"embeddable":true,"href":"https:\/\/koningdrone.be\/es\/wp-json\/wp\/v2\/media\/4708"}],"wp:attachment":[{"href":"https:\/\/koningdrone.be\/es\/wp-json\/wp\/v2\/media?parent=4711"}],"wp:term":[{"taxonomy":"product_brand","embeddable":true,"href":"https:\/\/koningdrone.be\/es\/wp-json\/wp\/v2\/product_brand?post=4711"},{"taxonomy":"product_cat","embeddable":true,"href":"https:\/\/koningdrone.be\/es\/wp-json\/wp\/v2\/product_cat?post=4711"},{"taxonomy":"product_tag","embeddable":true,"href":"https:\/\/koningdrone.be\/es\/wp-json\/wp\/v2\/product_tag?post=4711"}],"curies":[{"name":"wp","href":"https:\/\/api.w.org\/{rel}","templated":true}]}}