{"id":4707,"date":"2023-05-10T11:52:13","date_gmt":"2023-05-10T09:52:13","guid":{"rendered":"https:\/\/koningdrone.nl\/kon\/product\/dji-mavic-3-prodji-rceu\/"},"modified":"2026-04-29T13:40:30","modified_gmt":"2026-04-29T11:40:30","slug":"dji-mavic-3-prodji-rceu","status":"publish","type":"product","link":"https:\/\/koningdrone.be\/es\/producto\/dji-mavic-3-prodji-rceu\/","title":{"rendered":"DJI Mavic 3 Pro(DJI RC)(EU)"},"content":{"rendered":"<h1>DJI Mavic 3 Pro(DJI RC)(EU)<\/h1>\n<p>\n<strong>Revolucionario rendimiento de imagen<\/strong><br \/>\nEquipado con un sistema de triple c\u00e1mara que incluye una c\u00e1mara Hasselblad y dos teleobjetivos, el DJI Mavic 3 Pro ofrece una calidad de imagen superior y capacidades fotogr\u00e1ficas vers\u00e1tiles. Permite a los usuarios cambiar f\u00e1cilmente entre diferentes distancias focales, por lo que es perfecto para capturar paisajes impresionantes y crear obras maestras cinematogr\u00e1ficas.<\/p>\n<ul>\n<li>C\u00e1mara 4\/3 CMOS Hasselblad con 20 MP de resoluci\u00f3n<\/li>\n<li>C\u00e1mara con teleobjetivo medio, zoom \u00f3ptico de 3 aumentos y 48 MP<\/li>\n<li>Telec\u00e1mara con zoom \u00f3ptico 7\u00d7, zoom h\u00edbrido 28x y 12MP<\/li>\n<\/ul>\n<p>\n<strong>Amplias funciones de v\u00eddeo<\/strong><br \/>\nEl Mavic 3 Pro admite la grabaci\u00f3n de v\u00eddeo a 5,1K\/50 fps y ofrece una gradaci\u00f3n de color avanzada con el nuevo modo de color D-Log M de 10 bits. Con funciones como HLG e Hyperlapse, adem\u00e1s de compatibilidad con Apple ProRes 422 HQ, ofrece amplias capacidades para la videograf\u00eda profesional. El dron tambi\u00e9n cuenta con una unidad SSD de 1 TB integrada para una transferencia y almacenamiento de datos eficientes.<\/p>\n<ul>\n<li>Vuelo seguro y prolongado de hasta 43 minutos con anulaci\u00f3n de obst\u00e1culos omnidireccional<\/li>\n<li>Transmisi\u00f3n de v\u00eddeo de primera clase hasta 15 km con el DJI O3+<\/li>\n<li>Funciones de vuelo autom\u00e1ticas y avanzadas, como vuelo Waypoint y control de crucero<\/li>\n<\/ul>","protected":false},"excerpt":{"rendered":"<ul>\n<li>C\u00e1mara 4\/3 CMOS Hasselblad<\/li>\n<li>Dos teleobjetivos<\/li>\n<li>Las tres c\u00e1maras son compatibles con Apple ProRes<\/li>\n<li>43 min de tiempo m\u00e1ximo de vuelo<\/li>\n<li>Evitaci\u00f3n de obst\u00e1culos omnidireccional<\/li>\n<\/ul>","protected":false},"featured_media":4704,"template":"","meta":{"_acf_changed":false},"product_brand":[],"product_cat":[135,97,136,138,99],"product_tag":[],"class_list":{"0":"post-4707","1":"product","2":"type-product","3":"status-publish","4":"has-post-thumbnail","6":"product_cat-alle-drones","7":"product_cat-alle-producten","8":"product_cat-consumer-drones","9":"product_cat-dji-mavic-3-pro","10":"product_cat-drones-met-certificaat","11":"product_shipping_class-outofstock","12":"pa_brand-dji","13":"pa_dronegrade-consumer","14":"pa_productfamily-drone","15":"pa_producttype-drone","16":"pa_series-mavic-3-pro","18":"first","19":"outofstock","20":"taxable","21":"shipping-taxable","22":"product-type-simple"},"acf":[],"yoast_head":"<!-- This site is optimized with the Yoast SEO Premium plugin v27.2 (Yoast SEO v27.2) - https:\/\/yoast.com\/product\/yoast-seo-premium-wordpress\/ -->\n<title>DJI Mavic 3 Pro(DJI RC)(EU) - koningdrone.be<\/title>\n<meta name=\"robots\" content=\"index, follow, max-snippet:-1, max-image-preview:large, max-video-preview:-1\" \/>\n<link rel=\"canonical\" href=\"https:\/\/koningdrone.be\/es\/producto\/dji-mavic-3-prodji-rceu\/\" \/>\n<meta property=\"og:locale\" content=\"es_ES\" \/>\n<meta property=\"og:type\" content=\"article\" \/>\n<meta property=\"og:title\" content=\"DJI Mavic 3 Pro(DJI RC)(EU)\" \/>\n<meta property=\"og:description\" content=\"4\/3 CMOS Hasselblad-cameraTwee telecamera&#039;sAlle drie de camera&#039;s ondersteunen Apple ProRes43 min maximale vliegtijdOmnidirectionele obstakelvermijding\" \/>\n<meta property=\"og:url\" content=\"https:\/\/koningdrone.be\/es\/producto\/dji-mavic-3-prodji-rceu\/\" \/>\n<meta property=\"og:site_name\" content=\"koningdrone.be\" \/>\n<meta property=\"article:modified_time\" content=\"2026-04-29T11:40:30+00:00\" \/>\n<meta property=\"og:image\" content=\"https:\/\/koningdrone.be\/wp-content\/uploads\/sites\/13\/2025\/04\/6941565957061-1.jpg\" \/>\n\t<meta property=\"og:image:width\" content=\"800\" \/>\n\t<meta property=\"og:image:height\" content=\"640\" \/>\n\t<meta property=\"og:image:type\" content=\"image\/jpeg\" \/>\n<meta name=\"twitter:card\" content=\"summary_large_image\" \/>\n<meta name=\"twitter:label1\" content=\"Tiempo de lectura\" \/>\n\t<meta name=\"twitter:data1\" content=\"1 minuto\" \/>\n<script type=\"application\/ld+json\" class=\"yoast-schema-graph\">{\"@context\":\"https:\/\/schema.org\",\"@graph\":[{\"@type\":\"WebPage\",\"@id\":\"https:\/\/koningdrone.be\/product\/dji-mavic-3-prodji-rceu\/\",\"url\":\"https:\/\/koningdrone.be\/product\/dji-mavic-3-prodji-rceu\/\",\"name\":\"DJI Mavic 3 Pro(DJI RC)(EU) - koningdrone.be\",\"isPartOf\":{\"@id\":\"https:\/\/koningdrone.be\/#website\"},\"primaryImageOfPage\":{\"@id\":\"https:\/\/koningdrone.be\/product\/dji-mavic-3-prodji-rceu\/#primaryimage\"},\"image\":{\"@id\":\"https:\/\/koningdrone.be\/product\/dji-mavic-3-prodji-rceu\/#primaryimage\"},\"thumbnailUrl\":\"https:\/\/koningdrone.be\/wp-content\/uploads\/sites\/13\/2025\/04\/6941565957061-1.jpg\",\"datePublished\":\"2023-05-10T09:52:13+00:00\",\"dateModified\":\"2026-04-29T11:40:30+00:00\",\"breadcrumb\":{\"@id\":\"https:\/\/koningdrone.be\/product\/dji-mavic-3-prodji-rceu\/#breadcrumb\"},\"inLanguage\":\"es\",\"potentialAction\":[{\"@type\":\"ReadAction\",\"target\":[\"https:\/\/koningdrone.be\/product\/dji-mavic-3-prodji-rceu\/\"]}]},{\"@type\":\"ImageObject\",\"inLanguage\":\"es\",\"@id\":\"https:\/\/koningdrone.be\/product\/dji-mavic-3-prodji-rceu\/#primaryimage\",\"url\":\"https:\/\/koningdrone.be\/wp-content\/uploads\/sites\/13\/2025\/04\/6941565957061-1.jpg\",\"contentUrl\":\"https:\/\/koningdrone.be\/wp-content\/uploads\/sites\/13\/2025\/04\/6941565957061-1.jpg\",\"width\":800,\"height\":640},{\"@type\":\"BreadcrumbList\",\"@id\":\"https:\/\/koningdrone.be\/product\/dji-mavic-3-prodji-rceu\/#breadcrumb\",\"itemListElement\":[{\"@type\":\"ListItem\",\"position\":1,\"name\":\"Home\",\"item\":\"https:\/\/koningdrone.be\/\"},{\"@type\":\"ListItem\",\"position\":2,\"name\":\"AVSS Parachute Recovery System for DJI Matrice 300\/350\",\"item\":\"https:\/\/koningdrone.be\/product\/avss-parachute-recovery-system-for-dji-matrice-300-350\/\"},{\"@type\":\"ListItem\",\"position\":3,\"name\":\"Alle drones\",\"item\":\"https:\/\/koningdrone.be\/categorie\/alle-drones\/\"},{\"@type\":\"ListItem\",\"position\":4,\"name\":\"DJI Mavic 3 Pro(DJI RC)(EU)\"}]},{\"@type\":\"WebSite\",\"@id\":\"https:\/\/koningdrone.be\/#website\",\"url\":\"https:\/\/koningdrone.be\/\",\"name\":\"Koningdrone.be - Uw online specialist in drones, gimbals, camera's en power stations.\",\"description\":\"De webshop in drones en gimbals\",\"publisher\":{\"@id\":\"https:\/\/koningdrone.be\/#organization\"},\"potentialAction\":[{\"@type\":\"SearchAction\",\"target\":{\"@type\":\"EntryPoint\",\"urlTemplate\":\"https:\/\/koningdrone.be\/?s={search_term_string}\"},\"query-input\":{\"@type\":\"PropertyValueSpecification\",\"valueRequired\":true,\"valueName\":\"search_term_string\"}}],\"inLanguage\":\"es\"},{\"@type\":\"Organization\",\"@id\":\"https:\/\/koningdrone.be\/#organization\",\"name\":\"Koningdrone.be\",\"url\":\"https:\/\/koningdrone.be\/\",\"logo\":{\"@type\":\"ImageObject\",\"inLanguage\":\"es\",\"@id\":\"https:\/\/koningdrone.be\/#\/schema\/logo\/image\/\",\"url\":\"https:\/\/koningdrone.be\/wp-content\/uploads\/sites\/13\/2025\/04\/koningdrone-copyright-logo.svg\",\"contentUrl\":\"https:\/\/koningdrone.be\/wp-content\/uploads\/sites\/13\/2025\/04\/koningdrone-copyright-logo.svg\",\"width\":227,\"height\":38,\"caption\":\"Koningdrone.be\"},\"image\":{\"@id\":\"https:\/\/koningdrone.be\/#\/schema\/logo\/image\/\"}}]}<\/script>\n<!-- \/ Yoast SEO Premium plugin. -->","yoast_head_json":{"title":"DJI Mavic 3 Pro(DJI RC)(EU) - koningdrone.be","robots":{"index":"index","follow":"follow","max-snippet":"max-snippet:-1","max-image-preview":"max-image-preview:large","max-video-preview":"max-video-preview:-1"},"canonical":"https:\/\/koningdrone.be\/es\/producto\/dji-mavic-3-prodji-rceu\/","og_locale":"es_ES","og_type":"article","og_title":"DJI Mavic 3 Pro(DJI RC)(EU)","og_description":"4\/3 CMOS Hasselblad-cameraTwee telecamera'sAlle drie de camera's ondersteunen Apple ProRes43 min maximale vliegtijdOmnidirectionele obstakelvermijding","og_url":"https:\/\/koningdrone.be\/es\/producto\/dji-mavic-3-prodji-rceu\/","og_site_name":"koningdrone.be","article_modified_time":"2026-04-29T11:40:30+00:00","og_image":[{"width":800,"height":640,"url":"https:\/\/koningdrone.be\/wp-content\/uploads\/sites\/13\/2025\/04\/6941565957061-1.jpg","type":"image\/jpeg"}],"twitter_card":"summary_large_image","twitter_misc":{"Tiempo de lectura":"1 minuto"},"schema":{"@context":"https:\/\/schema.org","@graph":[{"@type":"WebPage","@id":"https:\/\/koningdrone.be\/product\/dji-mavic-3-prodji-rceu\/","url":"https:\/\/koningdrone.be\/product\/dji-mavic-3-prodji-rceu\/","name":"DJI Mavic 3 Pro(DJI RC)(EU) - koningdrone.be","isPartOf":{"@id":"https:\/\/koningdrone.be\/#website"},"primaryImageOfPage":{"@id":"https:\/\/koningdrone.be\/product\/dji-mavic-3-prodji-rceu\/#primaryimage"},"image":{"@id":"https:\/\/koningdrone.be\/product\/dji-mavic-3-prodji-rceu\/#primaryimage"},"thumbnailUrl":"https:\/\/koningdrone.be\/wp-content\/uploads\/sites\/13\/2025\/04\/6941565957061-1.jpg","datePublished":"2023-05-10T09:52:13+00:00","dateModified":"2026-04-29T11:40:30+00:00","breadcrumb":{"@id":"https:\/\/koningdrone.be\/product\/dji-mavic-3-prodji-rceu\/#breadcrumb"},"inLanguage":"es","potentialAction":[{"@type":"ReadAction","target":["https:\/\/koningdrone.be\/product\/dji-mavic-3-prodji-rceu\/"]}]},{"@type":"ImageObject","inLanguage":"es","@id":"https:\/\/koningdrone.be\/product\/dji-mavic-3-prodji-rceu\/#primaryimage","url":"https:\/\/koningdrone.be\/wp-content\/uploads\/sites\/13\/2025\/04\/6941565957061-1.jpg","contentUrl":"https:\/\/koningdrone.be\/wp-content\/uploads\/sites\/13\/2025\/04\/6941565957061-1.jpg","width":800,"height":640},{"@type":"BreadcrumbList","@id":"https:\/\/koningdrone.be\/product\/dji-mavic-3-prodji-rceu\/#breadcrumb","itemListElement":[{"@type":"ListItem","position":1,"name":"Home","item":"https:\/\/koningdrone.be\/"},{"@type":"ListItem","position":2,"name":"AVSS Parachute Recovery System for DJI Matrice 300\/350","item":"https:\/\/koningdrone.be\/product\/avss-parachute-recovery-system-for-dji-matrice-300-350\/"},{"@type":"ListItem","position":3,"name":"Alle drones","item":"https:\/\/koningdrone.be\/categorie\/alle-drones\/"},{"@type":"ListItem","position":4,"name":"DJI Mavic 3 Pro(DJI RC)(EU)"}]},{"@type":"WebSite","@id":"https:\/\/koningdrone.be\/#website","url":"https:\/\/koningdrone.be\/","name":"Koningdrone.be - Su especialista en l\u00ednea en drones, cardanes, c\u00e1maras y centrales el\u00e9ctricas.","description":"La tienda virtual de drones y cardanes","publisher":{"@id":"https:\/\/koningdrone.be\/#organization"},"potentialAction":[{"@type":"SearchAction","target":{"@type":"EntryPoint","urlTemplate":"https:\/\/koningdrone.be\/?s={search_term_string}"},"query-input":{"@type":"PropertyValueSpecification","valueRequired":true,"valueName":"search_term_string"}}],"inLanguage":"es"},{"@type":"Organization","@id":"https:\/\/koningdrone.be\/#organization","name":"Kingdrone.es","url":"https:\/\/koningdrone.be\/","logo":{"@type":"ImageObject","inLanguage":"es","@id":"https:\/\/koningdrone.be\/#\/schema\/logo\/image\/","url":"https:\/\/koningdrone.be\/wp-content\/uploads\/sites\/13\/2025\/04\/koningdrone-copyright-logo.svg","contentUrl":"https:\/\/koningdrone.be\/wp-content\/uploads\/sites\/13\/2025\/04\/koningdrone-copyright-logo.svg","width":227,"height":38,"caption":"Koningdrone.be"},"image":{"@id":"https:\/\/koningdrone.be\/#\/schema\/logo\/image\/"}}]}},"df_price":"","df_sale_price":"","df_regular_price":"","df_image_link":"https:\/\/koningdrone.be\/wp-content\/uploads\/sites\/13\/2025\/04\/6941565957061-1-300x240.jpg","_links":{"self":[{"href":"https:\/\/koningdrone.be\/es\/wp-json\/wp\/v2\/product\/4707","targetHints":{"allow":["GET"]}}],"collection":[{"href":"https:\/\/koningdrone.be\/es\/wp-json\/wp\/v2\/product"}],"about":[{"href":"https:\/\/koningdrone.be\/es\/wp-json\/wp\/v2\/types\/product"}],"wp:featuredmedia":[{"embeddable":true,"href":"https:\/\/koningdrone.be\/es\/wp-json\/wp\/v2\/media\/4704"}],"wp:attachment":[{"href":"https:\/\/koningdrone.be\/es\/wp-json\/wp\/v2\/media?parent=4707"}],"wp:term":[{"taxonomy":"product_brand","embeddable":true,"href":"https:\/\/koningdrone.be\/es\/wp-json\/wp\/v2\/product_brand?post=4707"},{"taxonomy":"product_cat","embeddable":true,"href":"https:\/\/koningdrone.be\/es\/wp-json\/wp\/v2\/product_cat?post=4707"},{"taxonomy":"product_tag","embeddable":true,"href":"https:\/\/koningdrone.be\/es\/wp-json\/wp\/v2\/product_tag?post=4707"}],"curies":[{"name":"wp","href":"https:\/\/api.w.org\/{rel}","templated":true}]}}