{"id":4696,"date":"2023-06-07T09:04:07","date_gmt":"2023-06-07T07:04:07","guid":{"rendered":"https:\/\/koningdrone.nl\/kon\/product\/dji-inspire-2-hub-p08\/"},"modified":"2026-04-29T15:00:25","modified_gmt":"2026-04-29T13:00:25","slug":"dji-inspire-2-hub-p08","status":"publish","type":"product","link":"https:\/\/koningdrone.be\/es\/producto\/dji-inspire-2-hub-p08\/","title":{"rendered":"Centro de carga de bater\u00edas Inspire 2\/Ronin 2"},"content":{"rendered":"<p> El concentrador de carga de bater\u00edas de vuelo inteligente Inspire 2 es un accesorio esencial para los entusiastas de los drones. Dise\u00f1ado para gestionar eficazmente la carga de las bater\u00edas del dron Inspire 2, este dispositivo admite hasta cuatro bater\u00edas simult\u00e1neamente. El sistema de prioridad inteligente garantiza que las bater\u00edas con los niveles de carga m\u00e1s altos se carguen primero, optimizando el tiempo de carga y la eficiencia.<\/p>\n<p><strong>Gesti\u00f3n de la carga<\/strong><\/p>\n<p> Aunque el concentrador tiene capacidad para cuatro bater\u00edas, carga dos a la vez en funci\u00f3n de su nivel de energ\u00eda restante. Esta funci\u00f3n inteligente garantiza un tiempo de carga m\u00e1s r\u00e1pido, para que sus drones est\u00e9n listos para volar con un tiempo de inactividad m\u00ednimo. La priorizaci\u00f3n de bater\u00edas es autom\u00e1tica, lo que agiliza el proceso de carga para los usuarios.<\/p>\n<p><strong>Emparejamiento de la bater\u00eda a trav\u00e9s de la aplicaci\u00f3n DJI GO 4<\/strong><\/p>\n<p> Para mejorar la estrategia de carga, los usuarios pueden emparejar las bater\u00edas con la aplicaci\u00f3n DJI GO 4. Esta funcionalidad ayuda a mantener ciclos de carga equilibrados para varias bater\u00edas. Simplifica la gesti\u00f3n de las bater\u00edas, permitiendo a los usuarios mantener sus equipos en condiciones \u00f3ptimas durante m\u00e1s tiempo.<\/p>\n<p><strong>Actualizaciones de firmware<\/strong><\/p>\n<p> La inclusi\u00f3n de un puerto micro-USB en el concentrador de carga desempe\u00f1a un papel crucial para mantener el dispositivo actualizado. Las actualizaciones de firmware son esenciales para mantener la compatibilidad con las \u00faltimas mejoras de software y funcionamiento. Se recomienda a los usuarios que comprueben peri\u00f3dicamente las actualizaciones para asegurarse de que su concentrador de carga funciona de forma \u00f3ptima.<\/p>\n<p><strong>Manual del usuario y recursos<\/strong><\/p>\n<p> En el manual de usuario del Inspire 2 encontrar\u00e1s instrucciones detalladas sobre el emparejamiento de la bater\u00eda y otras funcionalidades. Este manual y otros recursos adicionales se pueden encontrar en el sitio web oficial de DJI. Es un recurso valioso tanto para operadores de drones novatos como experimentados, ya que ofrece orientaci\u00f3n sobre c\u00f3mo maximizar el uso de su centro de carga.<\/p>\n<p><\/p>","protected":false},"excerpt":{"rendered":"<ul>\n<li>Dise\u00f1ado para su uso con el cargador de bater\u00edas Inspire 2<\/li>\n<li> Carga cuatro bater\u00edas de vuelo inteligente simult\u00e1neamente<\/li>\n<li> Carga dos bater\u00edas simult\u00e1neamente para mayor eficacia<\/li>\n<li> Carga inteligente en funci\u00f3n del nivel de bater\u00eda<\/li>\n<li> Emparejamiento de la bater\u00eda a trav\u00e9s de la aplicaci\u00f3n DJI GO 4<\/li>\n<li> Puerto Micro-USB para actualizaciones de firmware<\/li>\n<\/ul>","protected":false},"featured_media":4688,"template":"","meta":{"_acf_changed":false},"product_brand":[],"product_cat":[111,97,788],"product_tag":[],"class_list":{"0":"post-4696","1":"product","2":"type-product","3":"status-publish","4":"has-post-thumbnail","6":"product_cat-alle-opladers","7":"product_cat-alle-producten","8":"product_cat-dji-inspire-2","9":"product_shipping_class-outofstock","10":"pa_brand-dji","11":"pa_productfamily-oplaadhub","12":"pa_producttype-oplaadhub","13":"pa_series-inspire-2","15":"first","16":"outofstock","17":"taxable","18":"shipping-taxable","19":"purchasable","20":"product-type-simple"},"acf":[],"yoast_head":"<!-- This site is optimized with the Yoast SEO Premium plugin v27.2 (Yoast SEO v27.2) - https:\/\/yoast.com\/product\/yoast-seo-premium-wordpress\/ -->\n<title>Inspire 2\/Ronin 2 Battery Charging Hub - koningdrone.be<\/title>\n<meta name=\"robots\" content=\"index, follow, max-snippet:-1, max-image-preview:large, max-video-preview:-1\" \/>\n<link rel=\"canonical\" href=\"https:\/\/koningdrone.be\/es\/producto\/dji-inspire-2-hub-p08\/\" \/>\n<meta property=\"og:locale\" content=\"es_ES\" \/>\n<meta property=\"og:type\" content=\"article\" \/>\n<meta property=\"og:title\" content=\"Inspire 2\/Ronin 2 Battery Charging Hub\" \/>\n<meta property=\"og:description\" content=\"Ontworpen voor gebruik van de Inspire 2 batterijlader Laadt tegelijkertijd vier Intelligent Flight Batteries op Laadt twee batterijen tegelijk op voor effici\u00ebntie Intelligent opladen op basis van het batterijniveau Batterij koppelen via DJI GO 4-app Micro-USB-poort voor firmware-updates\" \/>\n<meta property=\"og:url\" content=\"https:\/\/koningdrone.be\/es\/producto\/dji-inspire-2-hub-p08\/\" \/>\n<meta property=\"og:site_name\" content=\"koningdrone.be\" \/>\n<meta property=\"article:modified_time\" content=\"2026-04-29T13:00:25+00:00\" \/>\n<meta property=\"og:image\" content=\"https:\/\/koningdrone.be\/wp-content\/uploads\/sites\/13\/2025\/04\/large_5f292407-1582-4bef-a692-8a7f088c749d.jpg\" \/>\n\t<meta property=\"og:image:width\" content=\"1200\" \/>\n\t<meta property=\"og:image:height\" content=\"800\" \/>\n\t<meta property=\"og:image:type\" content=\"image\/jpeg\" \/>\n<meta name=\"twitter:card\" content=\"summary_large_image\" \/>\n<meta name=\"twitter:label1\" content=\"Tiempo de lectura\" \/>\n\t<meta name=\"twitter:data1\" content=\"1 minuto\" \/>\n<script type=\"application\/ld+json\" class=\"yoast-schema-graph\">{\"@context\":\"https:\/\/schema.org\",\"@graph\":[{\"@type\":\"WebPage\",\"@id\":\"https:\/\/koningdrone.be\/product\/dji-inspire-2-hub-p08\/\",\"url\":\"https:\/\/koningdrone.be\/product\/dji-inspire-2-hub-p08\/\",\"name\":\"Inspire 2\/Ronin 2 Battery Charging Hub - koningdrone.be\",\"isPartOf\":{\"@id\":\"https:\/\/koningdrone.be\/#website\"},\"primaryImageOfPage\":{\"@id\":\"https:\/\/koningdrone.be\/product\/dji-inspire-2-hub-p08\/#primaryimage\"},\"image\":{\"@id\":\"https:\/\/koningdrone.be\/product\/dji-inspire-2-hub-p08\/#primaryimage\"},\"thumbnailUrl\":\"https:\/\/koningdrone.be\/wp-content\/uploads\/sites\/13\/2025\/04\/large_5f292407-1582-4bef-a692-8a7f088c749d.jpg\",\"datePublished\":\"2023-06-07T07:04:07+00:00\",\"dateModified\":\"2026-04-29T13:00:25+00:00\",\"breadcrumb\":{\"@id\":\"https:\/\/koningdrone.be\/product\/dji-inspire-2-hub-p08\/#breadcrumb\"},\"inLanguage\":\"es\",\"potentialAction\":[{\"@type\":\"ReadAction\",\"target\":[\"https:\/\/koningdrone.be\/product\/dji-inspire-2-hub-p08\/\"]}]},{\"@type\":\"ImageObject\",\"inLanguage\":\"es\",\"@id\":\"https:\/\/koningdrone.be\/product\/dji-inspire-2-hub-p08\/#primaryimage\",\"url\":\"https:\/\/koningdrone.be\/wp-content\/uploads\/sites\/13\/2025\/04\/large_5f292407-1582-4bef-a692-8a7f088c749d.jpg\",\"contentUrl\":\"https:\/\/koningdrone.be\/wp-content\/uploads\/sites\/13\/2025\/04\/large_5f292407-1582-4bef-a692-8a7f088c749d.jpg\",\"width\":1200,\"height\":800},{\"@type\":\"BreadcrumbList\",\"@id\":\"https:\/\/koningdrone.be\/product\/dji-inspire-2-hub-p08\/#breadcrumb\",\"itemListElement\":[{\"@type\":\"ListItem\",\"position\":1,\"name\":\"Home\",\"item\":\"https:\/\/koningdrone.be\/\"},{\"@type\":\"ListItem\",\"position\":2,\"name\":\"AVSS Parachute Recovery System for DJI Matrice 300\/350\",\"item\":\"https:\/\/koningdrone.be\/product\/avss-parachute-recovery-system-for-dji-matrice-300-350\/\"},{\"@type\":\"ListItem\",\"position\":3,\"name\":\"Alle opladers\",\"item\":\"https:\/\/koningdrone.be\/categorie\/alle-opladers\/\"},{\"@type\":\"ListItem\",\"position\":4,\"name\":\"Inspire 2\/Ronin 2 Battery Charging Hub\"}]},{\"@type\":\"WebSite\",\"@id\":\"https:\/\/koningdrone.be\/#website\",\"url\":\"https:\/\/koningdrone.be\/\",\"name\":\"Koningdrone.be - Uw online specialist in drones, gimbals, camera's en power stations.\",\"description\":\"De webshop in drones en gimbals\",\"publisher\":{\"@id\":\"https:\/\/koningdrone.be\/#organization\"},\"potentialAction\":[{\"@type\":\"SearchAction\",\"target\":{\"@type\":\"EntryPoint\",\"urlTemplate\":\"https:\/\/koningdrone.be\/?s={search_term_string}\"},\"query-input\":{\"@type\":\"PropertyValueSpecification\",\"valueRequired\":true,\"valueName\":\"search_term_string\"}}],\"inLanguage\":\"es\"},{\"@type\":\"Organization\",\"@id\":\"https:\/\/koningdrone.be\/#organization\",\"name\":\"Koningdrone.be\",\"url\":\"https:\/\/koningdrone.be\/\",\"logo\":{\"@type\":\"ImageObject\",\"inLanguage\":\"es\",\"@id\":\"https:\/\/koningdrone.be\/#\/schema\/logo\/image\/\",\"url\":\"https:\/\/koningdrone.be\/wp-content\/uploads\/sites\/13\/2025\/04\/koningdrone-copyright-logo.svg\",\"contentUrl\":\"https:\/\/koningdrone.be\/wp-content\/uploads\/sites\/13\/2025\/04\/koningdrone-copyright-logo.svg\",\"width\":227,\"height\":38,\"caption\":\"Koningdrone.be\"},\"image\":{\"@id\":\"https:\/\/koningdrone.be\/#\/schema\/logo\/image\/\"}}]}<\/script>\n<!-- \/ Yoast SEO Premium plugin. -->","yoast_head_json":{"title":"Inspire 2\/Ronin 2 Battery Charging Hub - koningdrone.be","robots":{"index":"index","follow":"follow","max-snippet":"max-snippet:-1","max-image-preview":"max-image-preview:large","max-video-preview":"max-video-preview:-1"},"canonical":"https:\/\/koningdrone.be\/es\/producto\/dji-inspire-2-hub-p08\/","og_locale":"es_ES","og_type":"article","og_title":"Inspire 2\/Ronin 2 Battery Charging Hub","og_description":"Ontworpen voor gebruik van de Inspire 2 batterijlader Laadt tegelijkertijd vier Intelligent Flight Batteries op Laadt twee batterijen tegelijk op voor effici\u00ebntie Intelligent opladen op basis van het batterijniveau Batterij koppelen via DJI GO 4-app Micro-USB-poort voor firmware-updates","og_url":"https:\/\/koningdrone.be\/es\/producto\/dji-inspire-2-hub-p08\/","og_site_name":"koningdrone.be","article_modified_time":"2026-04-29T13:00:25+00:00","og_image":[{"width":1200,"height":800,"url":"https:\/\/koningdrone.be\/wp-content\/uploads\/sites\/13\/2025\/04\/large_5f292407-1582-4bef-a692-8a7f088c749d.jpg","type":"image\/jpeg"}],"twitter_card":"summary_large_image","twitter_misc":{"Tiempo de lectura":"1 minuto"},"schema":{"@context":"https:\/\/schema.org","@graph":[{"@type":"WebPage","@id":"https:\/\/koningdrone.be\/product\/dji-inspire-2-hub-p08\/","url":"https:\/\/koningdrone.be\/product\/dji-inspire-2-hub-p08\/","name":"Inspire 2\/Ronin 2 Battery Charging Hub - koningdrone.be","isPartOf":{"@id":"https:\/\/koningdrone.be\/#website"},"primaryImageOfPage":{"@id":"https:\/\/koningdrone.be\/product\/dji-inspire-2-hub-p08\/#primaryimage"},"image":{"@id":"https:\/\/koningdrone.be\/product\/dji-inspire-2-hub-p08\/#primaryimage"},"thumbnailUrl":"https:\/\/koningdrone.be\/wp-content\/uploads\/sites\/13\/2025\/04\/large_5f292407-1582-4bef-a692-8a7f088c749d.jpg","datePublished":"2023-06-07T07:04:07+00:00","dateModified":"2026-04-29T13:00:25+00:00","breadcrumb":{"@id":"https:\/\/koningdrone.be\/product\/dji-inspire-2-hub-p08\/#breadcrumb"},"inLanguage":"es","potentialAction":[{"@type":"ReadAction","target":["https:\/\/koningdrone.be\/product\/dji-inspire-2-hub-p08\/"]}]},{"@type":"ImageObject","inLanguage":"es","@id":"https:\/\/koningdrone.be\/product\/dji-inspire-2-hub-p08\/#primaryimage","url":"https:\/\/koningdrone.be\/wp-content\/uploads\/sites\/13\/2025\/04\/large_5f292407-1582-4bef-a692-8a7f088c749d.jpg","contentUrl":"https:\/\/koningdrone.be\/wp-content\/uploads\/sites\/13\/2025\/04\/large_5f292407-1582-4bef-a692-8a7f088c749d.jpg","width":1200,"height":800},{"@type":"BreadcrumbList","@id":"https:\/\/koningdrone.be\/product\/dji-inspire-2-hub-p08\/#breadcrumb","itemListElement":[{"@type":"ListItem","position":1,"name":"Home","item":"https:\/\/koningdrone.be\/"},{"@type":"ListItem","position":2,"name":"AVSS Parachute Recovery System for DJI Matrice 300\/350","item":"https:\/\/koningdrone.be\/product\/avss-parachute-recovery-system-for-dji-matrice-300-350\/"},{"@type":"ListItem","position":3,"name":"Alle opladers","item":"https:\/\/koningdrone.be\/categorie\/alle-opladers\/"},{"@type":"ListItem","position":4,"name":"Inspire 2\/Ronin 2 Battery Charging Hub"}]},{"@type":"WebSite","@id":"https:\/\/koningdrone.be\/#website","url":"https:\/\/koningdrone.be\/","name":"Koningdrone.be - Su especialista en l\u00ednea en drones, cardanes, c\u00e1maras y centrales el\u00e9ctricas.","description":"La tienda virtual de drones y cardanes","publisher":{"@id":"https:\/\/koningdrone.be\/#organization"},"potentialAction":[{"@type":"SearchAction","target":{"@type":"EntryPoint","urlTemplate":"https:\/\/koningdrone.be\/?s={search_term_string}"},"query-input":{"@type":"PropertyValueSpecification","valueRequired":true,"valueName":"search_term_string"}}],"inLanguage":"es"},{"@type":"Organization","@id":"https:\/\/koningdrone.be\/#organization","name":"Kingdrone.es","url":"https:\/\/koningdrone.be\/","logo":{"@type":"ImageObject","inLanguage":"es","@id":"https:\/\/koningdrone.be\/#\/schema\/logo\/image\/","url":"https:\/\/koningdrone.be\/wp-content\/uploads\/sites\/13\/2025\/04\/koningdrone-copyright-logo.svg","contentUrl":"https:\/\/koningdrone.be\/wp-content\/uploads\/sites\/13\/2025\/04\/koningdrone-copyright-logo.svg","width":227,"height":38,"caption":"Koningdrone.be"},"image":{"@id":"https:\/\/koningdrone.be\/#\/schema\/logo\/image\/"}}]}},"df_price":109,"df_sale_price":"","df_regular_price":109,"df_image_link":"https:\/\/koningdrone.be\/wp-content\/uploads\/sites\/13\/2025\/04\/large_5f292407-1582-4bef-a692-8a7f088c749d-300x200.jpg","_links":{"self":[{"href":"https:\/\/koningdrone.be\/es\/wp-json\/wp\/v2\/product\/4696","targetHints":{"allow":["GET"]}}],"collection":[{"href":"https:\/\/koningdrone.be\/es\/wp-json\/wp\/v2\/product"}],"about":[{"href":"https:\/\/koningdrone.be\/es\/wp-json\/wp\/v2\/types\/product"}],"wp:featuredmedia":[{"embeddable":true,"href":"https:\/\/koningdrone.be\/es\/wp-json\/wp\/v2\/media\/4688"}],"wp:attachment":[{"href":"https:\/\/koningdrone.be\/es\/wp-json\/wp\/v2\/media?parent=4696"}],"wp:term":[{"taxonomy":"product_brand","embeddable":true,"href":"https:\/\/koningdrone.be\/es\/wp-json\/wp\/v2\/product_brand?post=4696"},{"taxonomy":"product_cat","embeddable":true,"href":"https:\/\/koningdrone.be\/es\/wp-json\/wp\/v2\/product_cat?post=4696"},{"taxonomy":"product_tag","embeddable":true,"href":"https:\/\/koningdrone.be\/es\/wp-json\/wp\/v2\/product_tag?post=4696"}],"curies":[{"name":"wp","href":"https:\/\/api.w.org\/{rel}","templated":true}]}}