{"id":4680,"date":"2023-06-14T08:55:11","date_gmt":"2023-06-14T06:55:11","guid":{"rendered":"https:\/\/koningdrone.nl\/kon\/product\/dji-matrice-m350-rtk\/"},"modified":"2026-04-29T14:50:32","modified_gmt":"2026-04-29T12:50:32","slug":"dji-matrice-m350-rtk","status":"publish","type":"product","link":"https:\/\/koningdrone.be\/es\/producto\/dji-matrice-m350-rtk\/","title":{"rendered":"DJI Matrice M350 RTK"},"content":{"rendered":"<p><strong>DJI Matrice M350 RTK<\/strong><br \/>\nExperimenta la tecnolog\u00eda de drones de \u00faltima generaci\u00f3n con el DJI Matrice M350 RTK y establece nuevos est\u00e1ndares en el sector con sus avanzadas funciones. Esta resistente plataforma para drones incluye un sistema de transmisi\u00f3n de v\u00eddeo mejorado, nuevas opciones de control, un eficiente sistema de bater\u00eda, funciones de seguridad mejoradas y amplias capacidades de carga y expansi\u00f3n. Ideal para diversas misiones a\u00e9reas y proporciona:<\/p>\n<ul>\n<li>Tiempo m\u00e1ximo de vuelo de 55 minutos<\/li>\n<li>Grado de protecci\u00f3n IP55<\/li>\n<li>Transmisi\u00f3n DJI O3 Enterprise<\/li>\n<li>Mando a distancia DJI RC Plus<\/li>\n<li>400 ciclos de bater\u00eda<\/li>\n<li>Sensores y posicionamiento en 6 direcciones<\/li>\n<li>C\u00e1mara FPV con visi\u00f3n nocturna<\/li>\n<li>Admite m\u00faltiples cargas \u00fatiles<\/li>\n<\/ul>\n<p><strong>Vuelo potente y sin esfuerzo<\/strong><br \/>\nEl Matrice 350 RTK tiene una construcci\u00f3n robusta, un potente motor, un alto \u00edndice de protecci\u00f3n y excelentes caracter\u00edsticas de vuelo para afrontar sin esfuerzo una gran variedad de retos. Entre sus principales especificaciones se incluyen:<\/p>\n<ul>\n<li>Tiempo m\u00e1ximo de vuelo: 55 minutos.<\/li>\n<li>Grado de protecci\u00f3n: IP55<\/li>\n<li>Carga \u00fatil m\u00e1xima: 2,7 kg<\/li>\n<li>Resistencia m\u00e1x. al viento: 12 m\/s<\/li>\n<li>Temperatura de funcionamiento: -20\u2103 a 50\u2103<\/li>\n<li>Altitud m\u00e1xima de vuelo: 7.000 m<\/li>\n<\/ul>\n<p>&nbsp;<\/p>","protected":false},"excerpt":{"rendered":"<ul>\n<li>55 minutos de vuelo m\u00e1ximo<\/li>\n<li>Transmisi\u00f3n DJI O3 Enterprise<\/li>\n<li>Mando a distancia DJI RC Plus<\/li>\n<li>Grado de protecci\u00f3n IP55<\/li>\n<li>Sensores y posicionamiento en 6 direcciones<\/li>\n<li>C\u00e1mara FPV de visi\u00f3n nocturna<\/li>\n<li>Temperatura de funcionamiento: de -20\u00b0C a +50\u00b0C<\/li>\n<li>Sistema de bater\u00edas con intercambio en caliente<\/li>\n<li>Sistema de gesti\u00f3n y estado del UAV<\/li>\n<\/ul>","protected":false},"featured_media":4675,"template":"","meta":{"_acf_changed":false},"product_brand":[],"product_cat":[135,97,152,153,99,100,115,101,102],"product_tag":[],"class_list":{"0":"post-4680","1":"product","2":"type-product","3":"status-publish","4":"has-post-thumbnail","6":"product_cat-alle-drones","7":"product_cat-alle-producten","8":"product_cat-dji-matrice-300","9":"product_cat-dji-matrice-350","10":"product_cat-drones-met-certificaat","11":"product_cat-enterprise-drones","12":"product_cat-inspecties-met-drones","13":"product_cat-professionele-dji-drone","14":"product_cat-search-and-rescue-drones","15":"product_shipping_class-outofstock","16":"pa_brand-dji","17":"pa_dronegrade-enterprise","18":"pa_productfamily-drone","19":"pa_producttype-drone","20":"pa_series-matrice-350","22":"first","23":"outofstock","24":"taxable","25":"shipping-taxable","26":"purchasable","27":"product-type-simple"},"acf":[],"yoast_head":"<!-- This site is optimized with the Yoast SEO Premium plugin v27.2 (Yoast SEO v27.2) - https:\/\/yoast.com\/product\/yoast-seo-premium-wordpress\/ -->\n<title>DJI Matrice M350 RTK - koningdrone.be<\/title>\n<meta name=\"robots\" content=\"index, follow, max-snippet:-1, max-image-preview:large, max-video-preview:-1\" \/>\n<link rel=\"canonical\" href=\"https:\/\/koningdrone.be\/es\/producto\/dji-matrice-m350-rtk\/\" \/>\n<meta property=\"og:locale\" content=\"es_ES\" \/>\n<meta property=\"og:type\" content=\"article\" \/>\n<meta property=\"og:title\" content=\"DJI Matrice M350 RTK\" \/>\n<meta property=\"og:description\" content=\"55 minuten maximale vliegtijd  DJI O3 Enterprise-transmissie  DJI RC Plus-afstandsbediening  Beschermingsgraad IP55  Sensoren &amp; positionering in 6 richtingen  Nachtzicht FPV-camera  Bedrijfstemperatuur: -20\u00b0C tot +50\u00b0C  Batterijsysteem met hot-swap  UAV status en beheersysteem\" \/>\n<meta property=\"og:url\" content=\"https:\/\/koningdrone.be\/es\/producto\/dji-matrice-m350-rtk\/\" \/>\n<meta property=\"og:site_name\" content=\"koningdrone.be\" \/>\n<meta property=\"article:modified_time\" content=\"2026-04-29T12:50:32+00:00\" \/>\n<meta property=\"og:image\" content=\"https:\/\/koningdrone.be\/wp-content\/uploads\/sites\/13\/2025\/04\/6941565961389-2.jpg\" \/>\n\t<meta property=\"og:image:width\" content=\"1000\" \/>\n\t<meta property=\"og:image:height\" content=\"720\" \/>\n\t<meta property=\"og:image:type\" content=\"image\/jpeg\" \/>\n<meta name=\"twitter:card\" content=\"summary_large_image\" \/>\n<meta name=\"twitter:label1\" content=\"Tiempo de lectura\" \/>\n\t<meta name=\"twitter:data1\" content=\"1 minuto\" \/>\n<script type=\"application\/ld+json\" class=\"yoast-schema-graph\">{\"@context\":\"https:\/\/schema.org\",\"@graph\":[{\"@type\":\"WebPage\",\"@id\":\"https:\/\/koningdrone.be\/product\/dji-matrice-m350-rtk\/\",\"url\":\"https:\/\/koningdrone.be\/product\/dji-matrice-m350-rtk\/\",\"name\":\"DJI Matrice M350 RTK - koningdrone.be\",\"isPartOf\":{\"@id\":\"https:\/\/koningdrone.be\/#website\"},\"primaryImageOfPage\":{\"@id\":\"https:\/\/koningdrone.be\/product\/dji-matrice-m350-rtk\/#primaryimage\"},\"image\":{\"@id\":\"https:\/\/koningdrone.be\/product\/dji-matrice-m350-rtk\/#primaryimage\"},\"thumbnailUrl\":\"https:\/\/koningdrone.be\/wp-content\/uploads\/sites\/13\/2025\/04\/6941565961389-2.jpg\",\"datePublished\":\"2023-06-14T06:55:11+00:00\",\"dateModified\":\"2026-04-29T12:50:32+00:00\",\"breadcrumb\":{\"@id\":\"https:\/\/koningdrone.be\/product\/dji-matrice-m350-rtk\/#breadcrumb\"},\"inLanguage\":\"es\",\"potentialAction\":[{\"@type\":\"ReadAction\",\"target\":[\"https:\/\/koningdrone.be\/product\/dji-matrice-m350-rtk\/\"]}]},{\"@type\":\"ImageObject\",\"inLanguage\":\"es\",\"@id\":\"https:\/\/koningdrone.be\/product\/dji-matrice-m350-rtk\/#primaryimage\",\"url\":\"https:\/\/koningdrone.be\/wp-content\/uploads\/sites\/13\/2025\/04\/6941565961389-2.jpg\",\"contentUrl\":\"https:\/\/koningdrone.be\/wp-content\/uploads\/sites\/13\/2025\/04\/6941565961389-2.jpg\",\"width\":1000,\"height\":720},{\"@type\":\"BreadcrumbList\",\"@id\":\"https:\/\/koningdrone.be\/product\/dji-matrice-m350-rtk\/#breadcrumb\",\"itemListElement\":[{\"@type\":\"ListItem\",\"position\":1,\"name\":\"Home\",\"item\":\"https:\/\/koningdrone.be\/\"},{\"@type\":\"ListItem\",\"position\":2,\"name\":\"AVSS Parachute Recovery System for DJI Matrice 300\/350\",\"item\":\"https:\/\/koningdrone.be\/product\/avss-parachute-recovery-system-for-dji-matrice-300-350\/\"},{\"@type\":\"ListItem\",\"position\":3,\"name\":\"Alle drones\",\"item\":\"https:\/\/koningdrone.be\/categorie\/alle-drones\/\"},{\"@type\":\"ListItem\",\"position\":4,\"name\":\"DJI Matrice M350 RTK\"}]},{\"@type\":\"WebSite\",\"@id\":\"https:\/\/koningdrone.be\/#website\",\"url\":\"https:\/\/koningdrone.be\/\",\"name\":\"Koningdrone.be - Uw online specialist in drones, gimbals, camera's en power stations.\",\"description\":\"De webshop in drones en gimbals\",\"publisher\":{\"@id\":\"https:\/\/koningdrone.be\/#organization\"},\"potentialAction\":[{\"@type\":\"SearchAction\",\"target\":{\"@type\":\"EntryPoint\",\"urlTemplate\":\"https:\/\/koningdrone.be\/?s={search_term_string}\"},\"query-input\":{\"@type\":\"PropertyValueSpecification\",\"valueRequired\":true,\"valueName\":\"search_term_string\"}}],\"inLanguage\":\"es\"},{\"@type\":\"Organization\",\"@id\":\"https:\/\/koningdrone.be\/#organization\",\"name\":\"Koningdrone.be\",\"url\":\"https:\/\/koningdrone.be\/\",\"logo\":{\"@type\":\"ImageObject\",\"inLanguage\":\"es\",\"@id\":\"https:\/\/koningdrone.be\/#\/schema\/logo\/image\/\",\"url\":\"https:\/\/koningdrone.be\/wp-content\/uploads\/sites\/13\/2025\/04\/koningdrone-copyright-logo.svg\",\"contentUrl\":\"https:\/\/koningdrone.be\/wp-content\/uploads\/sites\/13\/2025\/04\/koningdrone-copyright-logo.svg\",\"width\":227,\"height\":38,\"caption\":\"Koningdrone.be\"},\"image\":{\"@id\":\"https:\/\/koningdrone.be\/#\/schema\/logo\/image\/\"}}]}<\/script>\n<!-- \/ Yoast SEO Premium plugin. -->","yoast_head_json":{"title":"DJI Matrice M350 RTK - koningdrone.be","robots":{"index":"index","follow":"follow","max-snippet":"max-snippet:-1","max-image-preview":"max-image-preview:large","max-video-preview":"max-video-preview:-1"},"canonical":"https:\/\/koningdrone.be\/es\/producto\/dji-matrice-m350-rtk\/","og_locale":"es_ES","og_type":"article","og_title":"DJI Matrice M350 RTK","og_description":"55 minuten maximale vliegtijd  DJI O3 Enterprise-transmissie  DJI RC Plus-afstandsbediening  Beschermingsgraad IP55  Sensoren &amp; positionering in 6 richtingen  Nachtzicht FPV-camera  Bedrijfstemperatuur: -20\u00b0C tot +50\u00b0C  Batterijsysteem met hot-swap  UAV status en beheersysteem","og_url":"https:\/\/koningdrone.be\/es\/producto\/dji-matrice-m350-rtk\/","og_site_name":"koningdrone.be","article_modified_time":"2026-04-29T12:50:32+00:00","og_image":[{"width":1000,"height":720,"url":"https:\/\/koningdrone.be\/wp-content\/uploads\/sites\/13\/2025\/04\/6941565961389-2.jpg","type":"image\/jpeg"}],"twitter_card":"summary_large_image","twitter_misc":{"Tiempo de lectura":"1 minuto"},"schema":{"@context":"https:\/\/schema.org","@graph":[{"@type":"WebPage","@id":"https:\/\/koningdrone.be\/product\/dji-matrice-m350-rtk\/","url":"https:\/\/koningdrone.be\/product\/dji-matrice-m350-rtk\/","name":"DJI Matrice M350 RTK - koningdrone.be","isPartOf":{"@id":"https:\/\/koningdrone.be\/#website"},"primaryImageOfPage":{"@id":"https:\/\/koningdrone.be\/product\/dji-matrice-m350-rtk\/#primaryimage"},"image":{"@id":"https:\/\/koningdrone.be\/product\/dji-matrice-m350-rtk\/#primaryimage"},"thumbnailUrl":"https:\/\/koningdrone.be\/wp-content\/uploads\/sites\/13\/2025\/04\/6941565961389-2.jpg","datePublished":"2023-06-14T06:55:11+00:00","dateModified":"2026-04-29T12:50:32+00:00","breadcrumb":{"@id":"https:\/\/koningdrone.be\/product\/dji-matrice-m350-rtk\/#breadcrumb"},"inLanguage":"es","potentialAction":[{"@type":"ReadAction","target":["https:\/\/koningdrone.be\/product\/dji-matrice-m350-rtk\/"]}]},{"@type":"ImageObject","inLanguage":"es","@id":"https:\/\/koningdrone.be\/product\/dji-matrice-m350-rtk\/#primaryimage","url":"https:\/\/koningdrone.be\/wp-content\/uploads\/sites\/13\/2025\/04\/6941565961389-2.jpg","contentUrl":"https:\/\/koningdrone.be\/wp-content\/uploads\/sites\/13\/2025\/04\/6941565961389-2.jpg","width":1000,"height":720},{"@type":"BreadcrumbList","@id":"https:\/\/koningdrone.be\/product\/dji-matrice-m350-rtk\/#breadcrumb","itemListElement":[{"@type":"ListItem","position":1,"name":"Home","item":"https:\/\/koningdrone.be\/"},{"@type":"ListItem","position":2,"name":"AVSS Parachute Recovery System for DJI Matrice 300\/350","item":"https:\/\/koningdrone.be\/product\/avss-parachute-recovery-system-for-dji-matrice-300-350\/"},{"@type":"ListItem","position":3,"name":"Alle drones","item":"https:\/\/koningdrone.be\/categorie\/alle-drones\/"},{"@type":"ListItem","position":4,"name":"DJI Matrice M350 RTK"}]},{"@type":"WebSite","@id":"https:\/\/koningdrone.be\/#website","url":"https:\/\/koningdrone.be\/","name":"Koningdrone.be - Su especialista en l\u00ednea en drones, cardanes, c\u00e1maras y centrales el\u00e9ctricas.","description":"La tienda virtual de drones y cardanes","publisher":{"@id":"https:\/\/koningdrone.be\/#organization"},"potentialAction":[{"@type":"SearchAction","target":{"@type":"EntryPoint","urlTemplate":"https:\/\/koningdrone.be\/?s={search_term_string}"},"query-input":{"@type":"PropertyValueSpecification","valueRequired":true,"valueName":"search_term_string"}}],"inLanguage":"es"},{"@type":"Organization","@id":"https:\/\/koningdrone.be\/#organization","name":"Kingdrone.es","url":"https:\/\/koningdrone.be\/","logo":{"@type":"ImageObject","inLanguage":"es","@id":"https:\/\/koningdrone.be\/#\/schema\/logo\/image\/","url":"https:\/\/koningdrone.be\/wp-content\/uploads\/sites\/13\/2025\/04\/koningdrone-copyright-logo.svg","contentUrl":"https:\/\/koningdrone.be\/wp-content\/uploads\/sites\/13\/2025\/04\/koningdrone-copyright-logo.svg","width":227,"height":38,"caption":"Koningdrone.be"},"image":{"@id":"https:\/\/koningdrone.be\/#\/schema\/logo\/image\/"}}]}},"df_price":9644,"df_sale_price":"","df_regular_price":9644,"df_image_link":"https:\/\/koningdrone.be\/wp-content\/uploads\/sites\/13\/2025\/04\/6941565961389-2-300x216.jpg","_links":{"self":[{"href":"https:\/\/koningdrone.be\/es\/wp-json\/wp\/v2\/product\/4680","targetHints":{"allow":["GET"]}}],"collection":[{"href":"https:\/\/koningdrone.be\/es\/wp-json\/wp\/v2\/product"}],"about":[{"href":"https:\/\/koningdrone.be\/es\/wp-json\/wp\/v2\/types\/product"}],"wp:featuredmedia":[{"embeddable":true,"href":"https:\/\/koningdrone.be\/es\/wp-json\/wp\/v2\/media\/4675"}],"wp:attachment":[{"href":"https:\/\/koningdrone.be\/es\/wp-json\/wp\/v2\/media?parent=4680"}],"wp:term":[{"taxonomy":"product_brand","embeddable":true,"href":"https:\/\/koningdrone.be\/es\/wp-json\/wp\/v2\/product_brand?post=4680"},{"taxonomy":"product_cat","embeddable":true,"href":"https:\/\/koningdrone.be\/es\/wp-json\/wp\/v2\/product_cat?post=4680"},{"taxonomy":"product_tag","embeddable":true,"href":"https:\/\/koningdrone.be\/es\/wp-json\/wp\/v2\/product_tag?post=4680"}],"curies":[{"name":"wp","href":"https:\/\/api.w.org\/{rel}","templated":true}]}}