{"id":4671,"date":"2023-06-14T08:55:11","date_gmt":"2023-06-14T06:55:11","guid":{"rendered":"https:\/\/koningdrone.nl\/kon\/product\/dji-matrice-350-2110s-propellers-pair\/"},"modified":"2026-04-29T03:30:40","modified_gmt":"2026-04-29T01:30:40","slug":"dji-matrice-350-2110s-propellers-pair","status":"publish","type":"product","link":"https:\/\/koningdrone.be\/es\/producto\/dji-matrice-350-2110s-propellers-pair\/","title":{"rendered":"H\u00e9lices Matrice 350 RTK 2110s"},"content":{"rendered":"<p><strong>Mayor fiabilidad y rendimiento<\/strong><\/p>\n<p> Las h\u00e9lices 2110s, recientemente mejoradas, se han dise\u00f1ado para superar a su predecesor, el modelo 2110, haciendo especial hincapi\u00e9 en la fiabilidad. Nuestro compromiso por fomentar la calidad de nuestros productos nos ha llevado a aplicar controles de calidad m\u00e1s estrictos durante el proceso de fabricaci\u00f3n. Esto garantiza que cada h\u00e9lice cumpla nuestros elevados est\u00e1ndares de rendimiento y durabilidad, lo que las convierte en una opci\u00f3n fiable tanto para aficionados experimentados como para los reci\u00e9n llegados a este campo.<\/p>\n<p><strong>Optimizado para la seguridad y la eficacia<\/strong><\/p>\n<p> La seguridad y la eficiencia han sido primordiales en el dise\u00f1o de las h\u00e9lices 2110s. Al centrarnos en estos aspectos, los usuarios pueden esperar una notable mejora en sus experiencias de vuelo. Las h\u00e9lices est\u00e1n dise\u00f1adas para un funcionamiento suave y eficiente, reduciendo el riesgo de accidentes y mejorando la seguridad general del vuelo. Tanto si eres un piloto experimentado como si acabas de empezar, las h\u00e9lices 2110s ofrecen una mejora fiable que promete llevar tu experiencia de vuelo al siguiente nivel.<\/p>\n<p><\/p>","protected":false},"excerpt":{"rendered":"<ul>\n<li>H\u00e9lices 2110 mejoradas para una mayor fiabilidad<\/li>\n<li> Presenta un control de calidad m\u00e1s estricto durante el proceso<\/li>\n<li> Garantiza un mejor rendimiento y un vuelo m\u00e1s seguro<\/li>\n<\/ul>","protected":false},"featured_media":4669,"template":"","meta":{"_acf_changed":false},"product_brand":[],"product_cat":[97,128,426,153],"product_tag":[],"class_list":{"0":"post-4671","1":"product","2":"type-product","3":"status-publish","4":"has-post-thumbnail","6":"product_cat-alle-producten","7":"product_cat-alle-propellers","8":"product_cat-dji-matrice","9":"product_cat-dji-matrice-350","10":"product_shipping_class-uavspacesall","11":"pa_brand-dji","12":"pa_productfamily-propellers","13":"pa_producttype-propellers","14":"pa_series-matrice-350","16":"first","17":"instock","18":"taxable","19":"shipping-taxable","20":"purchasable","21":"product-type-simple"},"acf":[],"yoast_head":"<!-- This site is optimized with the Yoast SEO Premium plugin v27.2 (Yoast SEO v27.2) - https:\/\/yoast.com\/product\/yoast-seo-premium-wordpress\/ -->\n<title>Matrice 350 RTK 2110s Propellers - koningdrone.be<\/title>\n<meta name=\"robots\" content=\"index, follow, max-snippet:-1, max-image-preview:large, max-video-preview:-1\" \/>\n<link rel=\"canonical\" href=\"https:\/\/koningdrone.be\/es\/producto\/dji-matrice-350-2110s-propellers-pair\/\" \/>\n<meta property=\"og:locale\" content=\"es_ES\" \/>\n<meta property=\"og:type\" content=\"article\" \/>\n<meta property=\"og:title\" content=\"Matrice 350 RTK 2110s Propellers\" \/>\n<meta property=\"og:description\" content=\"Opgewaardeerd van 2110-propellers voor verbeterde betrouwbaarheid Beschikt over strengere kwaliteitscontrole tijdens het proces Zorgt voor betere prestaties en een veiligere vlucht\" \/>\n<meta property=\"og:url\" content=\"https:\/\/koningdrone.be\/es\/producto\/dji-matrice-350-2110s-propellers-pair\/\" \/>\n<meta property=\"og:site_name\" content=\"koningdrone.be\" \/>\n<meta property=\"article:modified_time\" content=\"2026-04-29T01:30:40+00:00\" \/>\n<meta property=\"og:image\" content=\"https:\/\/koningdrone.be\/wp-content\/uploads\/sites\/13\/2025\/04\/81b9e2c3b3abdcca1d369d8616f5dc37@large.jpg\" \/>\n\t<meta property=\"og:image:width\" content=\"1200\" \/>\n\t<meta property=\"og:image:height\" content=\"800\" \/>\n\t<meta property=\"og:image:type\" content=\"image\/jpeg\" \/>\n<meta name=\"twitter:card\" content=\"summary_large_image\" \/>\n<meta name=\"twitter:label1\" content=\"Tiempo de lectura\" \/>\n\t<meta name=\"twitter:data1\" content=\"1 minuto\" \/>\n<script type=\"application\/ld+json\" class=\"yoast-schema-graph\">{\"@context\":\"https:\/\/schema.org\",\"@graph\":[{\"@type\":\"WebPage\",\"@id\":\"https:\/\/koningdrone.be\/product\/dji-matrice-350-2110s-propellers-pair\/\",\"url\":\"https:\/\/koningdrone.be\/product\/dji-matrice-350-2110s-propellers-pair\/\",\"name\":\"Matrice 350 RTK 2110s Propellers - koningdrone.be\",\"isPartOf\":{\"@id\":\"https:\/\/koningdrone.be\/#website\"},\"primaryImageOfPage\":{\"@id\":\"https:\/\/koningdrone.be\/product\/dji-matrice-350-2110s-propellers-pair\/#primaryimage\"},\"image\":{\"@id\":\"https:\/\/koningdrone.be\/product\/dji-matrice-350-2110s-propellers-pair\/#primaryimage\"},\"thumbnailUrl\":\"https:\/\/koningdrone.be\/wp-content\/uploads\/sites\/13\/2025\/04\/81b9e2c3b3abdcca1d369d8616f5dc37@large.jpg\",\"datePublished\":\"2023-06-14T06:55:11+00:00\",\"dateModified\":\"2026-04-29T01:30:40+00:00\",\"breadcrumb\":{\"@id\":\"https:\/\/koningdrone.be\/product\/dji-matrice-350-2110s-propellers-pair\/#breadcrumb\"},\"inLanguage\":\"es\",\"potentialAction\":[{\"@type\":\"ReadAction\",\"target\":[\"https:\/\/koningdrone.be\/product\/dji-matrice-350-2110s-propellers-pair\/\"]}]},{\"@type\":\"ImageObject\",\"inLanguage\":\"es\",\"@id\":\"https:\/\/koningdrone.be\/product\/dji-matrice-350-2110s-propellers-pair\/#primaryimage\",\"url\":\"https:\/\/koningdrone.be\/wp-content\/uploads\/sites\/13\/2025\/04\/81b9e2c3b3abdcca1d369d8616f5dc37@large.jpg\",\"contentUrl\":\"https:\/\/koningdrone.be\/wp-content\/uploads\/sites\/13\/2025\/04\/81b9e2c3b3abdcca1d369d8616f5dc37@large.jpg\",\"width\":1200,\"height\":800},{\"@type\":\"BreadcrumbList\",\"@id\":\"https:\/\/koningdrone.be\/product\/dji-matrice-350-2110s-propellers-pair\/#breadcrumb\",\"itemListElement\":[{\"@type\":\"ListItem\",\"position\":1,\"name\":\"Home\",\"item\":\"https:\/\/koningdrone.be\/\"},{\"@type\":\"ListItem\",\"position\":2,\"name\":\"AVSS Parachute Recovery System for DJI Matrice 300\/350\",\"item\":\"https:\/\/koningdrone.be\/product\/avss-parachute-recovery-system-for-dji-matrice-300-350\/\"},{\"@type\":\"ListItem\",\"position\":3,\"name\":\"Alle producten\",\"item\":\"https:\/\/koningdrone.be\/categorie\/alle-producten\/\"},{\"@type\":\"ListItem\",\"position\":4,\"name\":\"Matrice 350 RTK 2110s Propellers\"}]},{\"@type\":\"WebSite\",\"@id\":\"https:\/\/koningdrone.be\/#website\",\"url\":\"https:\/\/koningdrone.be\/\",\"name\":\"Koningdrone.be - Uw online specialist in drones, gimbals, camera's en power stations.\",\"description\":\"De webshop in drones en gimbals\",\"publisher\":{\"@id\":\"https:\/\/koningdrone.be\/#organization\"},\"potentialAction\":[{\"@type\":\"SearchAction\",\"target\":{\"@type\":\"EntryPoint\",\"urlTemplate\":\"https:\/\/koningdrone.be\/?s={search_term_string}\"},\"query-input\":{\"@type\":\"PropertyValueSpecification\",\"valueRequired\":true,\"valueName\":\"search_term_string\"}}],\"inLanguage\":\"es\"},{\"@type\":\"Organization\",\"@id\":\"https:\/\/koningdrone.be\/#organization\",\"name\":\"Koningdrone.be\",\"url\":\"https:\/\/koningdrone.be\/\",\"logo\":{\"@type\":\"ImageObject\",\"inLanguage\":\"es\",\"@id\":\"https:\/\/koningdrone.be\/#\/schema\/logo\/image\/\",\"url\":\"https:\/\/koningdrone.be\/wp-content\/uploads\/sites\/13\/2025\/04\/koningdrone-copyright-logo.svg\",\"contentUrl\":\"https:\/\/koningdrone.be\/wp-content\/uploads\/sites\/13\/2025\/04\/koningdrone-copyright-logo.svg\",\"width\":227,\"height\":38,\"caption\":\"Koningdrone.be\"},\"image\":{\"@id\":\"https:\/\/koningdrone.be\/#\/schema\/logo\/image\/\"}}]}<\/script>\n<!-- \/ Yoast SEO Premium plugin. -->","yoast_head_json":{"title":"Matrice 350 RTK 2110s Propellers - koningdrone.be","robots":{"index":"index","follow":"follow","max-snippet":"max-snippet:-1","max-image-preview":"max-image-preview:large","max-video-preview":"max-video-preview:-1"},"canonical":"https:\/\/koningdrone.be\/es\/producto\/dji-matrice-350-2110s-propellers-pair\/","og_locale":"es_ES","og_type":"article","og_title":"Matrice 350 RTK 2110s Propellers","og_description":"Opgewaardeerd van 2110-propellers voor verbeterde betrouwbaarheid Beschikt over strengere kwaliteitscontrole tijdens het proces Zorgt voor betere prestaties en een veiligere vlucht","og_url":"https:\/\/koningdrone.be\/es\/producto\/dji-matrice-350-2110s-propellers-pair\/","og_site_name":"koningdrone.be","article_modified_time":"2026-04-29T01:30:40+00:00","og_image":[{"width":1200,"height":800,"url":"https:\/\/koningdrone.be\/wp-content\/uploads\/sites\/13\/2025\/04\/81b9e2c3b3abdcca1d369d8616f5dc37@large.jpg","type":"image\/jpeg"}],"twitter_card":"summary_large_image","twitter_misc":{"Tiempo de lectura":"1 minuto"},"schema":{"@context":"https:\/\/schema.org","@graph":[{"@type":"WebPage","@id":"https:\/\/koningdrone.be\/product\/dji-matrice-350-2110s-propellers-pair\/","url":"https:\/\/koningdrone.be\/product\/dji-matrice-350-2110s-propellers-pair\/","name":"Matrice 350 RTK 2110s Propellers - koningdrone.be","isPartOf":{"@id":"https:\/\/koningdrone.be\/#website"},"primaryImageOfPage":{"@id":"https:\/\/koningdrone.be\/product\/dji-matrice-350-2110s-propellers-pair\/#primaryimage"},"image":{"@id":"https:\/\/koningdrone.be\/product\/dji-matrice-350-2110s-propellers-pair\/#primaryimage"},"thumbnailUrl":"https:\/\/koningdrone.be\/wp-content\/uploads\/sites\/13\/2025\/04\/81b9e2c3b3abdcca1d369d8616f5dc37@large.jpg","datePublished":"2023-06-14T06:55:11+00:00","dateModified":"2026-04-29T01:30:40+00:00","breadcrumb":{"@id":"https:\/\/koningdrone.be\/product\/dji-matrice-350-2110s-propellers-pair\/#breadcrumb"},"inLanguage":"es","potentialAction":[{"@type":"ReadAction","target":["https:\/\/koningdrone.be\/product\/dji-matrice-350-2110s-propellers-pair\/"]}]},{"@type":"ImageObject","inLanguage":"es","@id":"https:\/\/koningdrone.be\/product\/dji-matrice-350-2110s-propellers-pair\/#primaryimage","url":"https:\/\/koningdrone.be\/wp-content\/uploads\/sites\/13\/2025\/04\/81b9e2c3b3abdcca1d369d8616f5dc37@large.jpg","contentUrl":"https:\/\/koningdrone.be\/wp-content\/uploads\/sites\/13\/2025\/04\/81b9e2c3b3abdcca1d369d8616f5dc37@large.jpg","width":1200,"height":800},{"@type":"BreadcrumbList","@id":"https:\/\/koningdrone.be\/product\/dji-matrice-350-2110s-propellers-pair\/#breadcrumb","itemListElement":[{"@type":"ListItem","position":1,"name":"Home","item":"https:\/\/koningdrone.be\/"},{"@type":"ListItem","position":2,"name":"AVSS Parachute Recovery System for DJI Matrice 300\/350","item":"https:\/\/koningdrone.be\/product\/avss-parachute-recovery-system-for-dji-matrice-300-350\/"},{"@type":"ListItem","position":3,"name":"Alle producten","item":"https:\/\/koningdrone.be\/categorie\/alle-producten\/"},{"@type":"ListItem","position":4,"name":"Matrice 350 RTK 2110s Propellers"}]},{"@type":"WebSite","@id":"https:\/\/koningdrone.be\/#website","url":"https:\/\/koningdrone.be\/","name":"Koningdrone.be - Su especialista en l\u00ednea en drones, cardanes, c\u00e1maras y centrales el\u00e9ctricas.","description":"La tienda virtual de drones y cardanes","publisher":{"@id":"https:\/\/koningdrone.be\/#organization"},"potentialAction":[{"@type":"SearchAction","target":{"@type":"EntryPoint","urlTemplate":"https:\/\/koningdrone.be\/?s={search_term_string}"},"query-input":{"@type":"PropertyValueSpecification","valueRequired":true,"valueName":"search_term_string"}}],"inLanguage":"es"},{"@type":"Organization","@id":"https:\/\/koningdrone.be\/#organization","name":"Kingdrone.es","url":"https:\/\/koningdrone.be\/","logo":{"@type":"ImageObject","inLanguage":"es","@id":"https:\/\/koningdrone.be\/#\/schema\/logo\/image\/","url":"https:\/\/koningdrone.be\/wp-content\/uploads\/sites\/13\/2025\/04\/koningdrone-copyright-logo.svg","contentUrl":"https:\/\/koningdrone.be\/wp-content\/uploads\/sites\/13\/2025\/04\/koningdrone-copyright-logo.svg","width":227,"height":38,"caption":"Koningdrone.be"},"image":{"@id":"https:\/\/koningdrone.be\/#\/schema\/logo\/image\/"}}]}},"df_price":40,"df_sale_price":"","df_regular_price":40,"df_image_link":"https:\/\/koningdrone.be\/wp-content\/uploads\/sites\/13\/2025\/04\/81b9e2c3b3abdcca1d369d8616f5dc37@large-300x200.jpg","_links":{"self":[{"href":"https:\/\/koningdrone.be\/es\/wp-json\/wp\/v2\/product\/4671","targetHints":{"allow":["GET"]}}],"collection":[{"href":"https:\/\/koningdrone.be\/es\/wp-json\/wp\/v2\/product"}],"about":[{"href":"https:\/\/koningdrone.be\/es\/wp-json\/wp\/v2\/types\/product"}],"wp:featuredmedia":[{"embeddable":true,"href":"https:\/\/koningdrone.be\/es\/wp-json\/wp\/v2\/media\/4669"}],"wp:attachment":[{"href":"https:\/\/koningdrone.be\/es\/wp-json\/wp\/v2\/media?parent=4671"}],"wp:term":[{"taxonomy":"product_brand","embeddable":true,"href":"https:\/\/koningdrone.be\/es\/wp-json\/wp\/v2\/product_brand?post=4671"},{"taxonomy":"product_cat","embeddable":true,"href":"https:\/\/koningdrone.be\/es\/wp-json\/wp\/v2\/product_cat?post=4671"},{"taxonomy":"product_tag","embeddable":true,"href":"https:\/\/koningdrone.be\/es\/wp-json\/wp\/v2\/product_tag?post=4671"}],"curies":[{"name":"wp","href":"https:\/\/api.w.org\/{rel}","templated":true}]}}