{"id":4664,"date":"2023-06-14T08:55:11","date_gmt":"2023-06-14T06:55:11","guid":{"rendered":"https:\/\/koningdrone.nl\/kon\/product\/dji-matrice-350-bs65-charging-station\/"},"modified":"2026-04-29T03:50:18","modified_gmt":"2026-04-29T01:50:18","slug":"dji-matrice-350-bs65-charging-station","status":"publish","type":"product","link":"https:\/\/koningdrone.be\/es\/producto\/dji-matrice-350-bs65-charging-station\/","title":{"rendered":"DJI Matrice 350 - Estaci\u00f3n de carga BS65"},"content":{"rendered":"<h1>DJI Matrice 350 - Estaci\u00f3n de carga BS65<\/h1>\n<p>La estaci\u00f3n de carga de bater\u00edas es una soluci\u00f3n completa para cargar, almacenar y transportar bater\u00edas. El nuevo modo econ\u00f3mico y el modo listo para volar aumentan la eficacia de la carga y prolongan la vida \u00fatil de las bater\u00edas. Las nuevas ruedas de movimiento de 360\u00b0 facilitan el transporte y el desplazamiento. La estaci\u00f3n de carga de bater\u00edas ofrece ocho puertos para bater\u00edas TB65, cuatro puertos para bater\u00edas WB37, un puerto de servicio USB-C, un puerto de carga USB-C y un puerto de carga USB-A. Puede cargar hasta dos bater\u00edas TB65 y una bater\u00eda WB37 simult\u00e1neamente.<\/p>\n<p><strong> M\u00faltiples modos de carga <\/strong><br \/>\nEl modo de almacenamiento carga hasta 50%, que es \u00f3ptimo para el almacenamiento a largo plazo. En el modo listo para el vuelo, varios paquetes de bater\u00edas se cargan r\u00e1pidamente a 90% para operaciones listas para el uso al tiempo que se prolonga la vida \u00fatil de la bater\u00eda.<\/p>\n<p><strong> Gesti\u00f3n inteligente <\/strong><br \/>\nCuando la estaci\u00f3n de carga de bater\u00eda est\u00e1 conectada a DJI RC Plus, la aplicaci\u00f3n DJI Pilot 2 muestra el nivel de bater\u00eda y el estado de funcionamiento. Adem\u00e1s, con un solo toque puedes establecer el n\u00famero de d\u00edas de autodescarga, actualizar el firmware, exportar registros y acceder a otros pasos de funcionamiento r\u00e1pido.<\/p>\n<p><strong> Moverse sin esfuerzo <\/strong><br \/>\nLa estaci\u00f3n de carga de bater\u00edas est\u00e1 equipada con ruedas de 360\u00b0 para un transporte y un cambio de posici\u00f3n m\u00e1s c\u00f3modos.<\/p>\n<p><strong>Consejos<\/strong><br \/>\n1. No cierre la tapa protectora de la estaci\u00f3n de carga de bater\u00edas durante la carga.<\/p>\n<p>2. NO intente tocar los conectores met\u00e1licos de los terminales de la bater\u00eda.<\/p>","protected":false},"excerpt":{"rendered":"<ul>\n<li>Dimensiones: 580 \u00d7 358 \u00d7 254 mm (L\u00d7A\u00d7H)<\/li>\n<li>Peso neto: Aprox. 9,03 kg<\/li>\n<li>Potencia de salida: 100 a 120 V (CA), 750 W; 220 a 240 V (CA), 992 W<\/li>\n<li>Puerto de carga USB-C: Potencia de salida m\u00e1xima de 65 W<\/li>\n<li>Temperatura de funcionamiento: de -20 a +40 \u00b0C<\/li>\n<li>Compatibilidad: Matrice 350 RTK<\/li>\n<\/ul>","protected":false},"featured_media":4660,"template":"","meta":{"_acf_changed":false},"product_brand":[],"product_cat":[111,97,426,153,624],"product_tag":[],"class_list":{"0":"post-4664","1":"product","2":"type-product","3":"status-publish","4":"has-post-thumbnail","6":"product_cat-alle-opladers","7":"product_cat-alle-producten","8":"product_cat-dji-matrice","9":"product_cat-dji-matrice-350","10":"product_cat-enterprise-accessoires","11":"product_shipping_class-uavspacesshowall","12":"pa_brand-dji","13":"pa_productfamily-laadkoffer","14":"pa_producttype-laadkoffer","15":"pa_series-matrice-350","17":"first","18":"instock","19":"taxable","20":"shipping-taxable","21":"purchasable","22":"product-type-simple"},"acf":[],"yoast_head":"<!-- This site is optimized with the Yoast SEO Premium plugin v27.2 (Yoast SEO v27.2) - https:\/\/yoast.com\/product\/yoast-seo-premium-wordpress\/ -->\n<title>DJI Matrice 350 - BS65 charging station - koningdrone.be<\/title>\n<meta name=\"robots\" content=\"index, follow, max-snippet:-1, max-image-preview:large, max-video-preview:-1\" \/>\n<link rel=\"canonical\" href=\"https:\/\/koningdrone.be\/es\/producto\/dji-matrice-350-bs65-charging-station\/\" \/>\n<meta property=\"og:locale\" content=\"es_ES\" \/>\n<meta property=\"og:type\" content=\"article\" \/>\n<meta property=\"og:title\" content=\"DJI Matrice 350 - BS65 charging station\" \/>\n<meta property=\"og:description\" content=\"Afmetingen: 580 \u00d7 358 \u00d7 254 mm (L\u00d7B\u00d7H)  Netto gewicht: Ca. 9,03 kg  Uitgangsvermogen: 100 tot 120 V (AC), 750 W; 220 tot 240 V (wisselstroom), 992 W  USB-C oplaadpoort: Max. uitgangsvermogen van 65 W  Bedrijfstemperatuur: -20 tot +40 \u00b0C  Compatibiliteit: Matrice 350 RTK\" \/>\n<meta property=\"og:url\" content=\"https:\/\/koningdrone.be\/es\/producto\/dji-matrice-350-bs65-charging-station\/\" \/>\n<meta property=\"og:site_name\" content=\"koningdrone.be\" \/>\n<meta property=\"article:modified_time\" content=\"2026-04-29T01:50:18+00:00\" \/>\n<meta property=\"og:image\" content=\"https:\/\/koningdrone.be\/wp-content\/uploads\/sites\/13\/2025\/04\/6941565960498-1.jpg\" \/>\n\t<meta property=\"og:image:width\" content=\"1200\" \/>\n\t<meta property=\"og:image:height\" content=\"1200\" \/>\n\t<meta property=\"og:image:type\" content=\"image\/jpeg\" \/>\n<meta name=\"twitter:card\" content=\"summary_large_image\" \/>\n<meta name=\"twitter:label1\" content=\"Tiempo de lectura\" \/>\n\t<meta name=\"twitter:data1\" content=\"1 minuto\" \/>\n<script type=\"application\/ld+json\" class=\"yoast-schema-graph\">{\"@context\":\"https:\/\/schema.org\",\"@graph\":[{\"@type\":\"WebPage\",\"@id\":\"https:\/\/koningdrone.be\/product\/dji-matrice-350-bs65-charging-station\/\",\"url\":\"https:\/\/koningdrone.be\/product\/dji-matrice-350-bs65-charging-station\/\",\"name\":\"DJI Matrice 350 - BS65 charging station - koningdrone.be\",\"isPartOf\":{\"@id\":\"https:\/\/koningdrone.be\/#website\"},\"primaryImageOfPage\":{\"@id\":\"https:\/\/koningdrone.be\/product\/dji-matrice-350-bs65-charging-station\/#primaryimage\"},\"image\":{\"@id\":\"https:\/\/koningdrone.be\/product\/dji-matrice-350-bs65-charging-station\/#primaryimage\"},\"thumbnailUrl\":\"https:\/\/koningdrone.be\/wp-content\/uploads\/sites\/13\/2025\/04\/6941565960498-1.jpg\",\"datePublished\":\"2023-06-14T06:55:11+00:00\",\"dateModified\":\"2026-04-29T01:50:18+00:00\",\"breadcrumb\":{\"@id\":\"https:\/\/koningdrone.be\/product\/dji-matrice-350-bs65-charging-station\/#breadcrumb\"},\"inLanguage\":\"es\",\"potentialAction\":[{\"@type\":\"ReadAction\",\"target\":[\"https:\/\/koningdrone.be\/product\/dji-matrice-350-bs65-charging-station\/\"]}]},{\"@type\":\"ImageObject\",\"inLanguage\":\"es\",\"@id\":\"https:\/\/koningdrone.be\/product\/dji-matrice-350-bs65-charging-station\/#primaryimage\",\"url\":\"https:\/\/koningdrone.be\/wp-content\/uploads\/sites\/13\/2025\/04\/6941565960498-1.jpg\",\"contentUrl\":\"https:\/\/koningdrone.be\/wp-content\/uploads\/sites\/13\/2025\/04\/6941565960498-1.jpg\",\"width\":1200,\"height\":1200},{\"@type\":\"BreadcrumbList\",\"@id\":\"https:\/\/koningdrone.be\/product\/dji-matrice-350-bs65-charging-station\/#breadcrumb\",\"itemListElement\":[{\"@type\":\"ListItem\",\"position\":1,\"name\":\"Home\",\"item\":\"https:\/\/koningdrone.be\/\"},{\"@type\":\"ListItem\",\"position\":2,\"name\":\"AVSS Parachute Recovery System for DJI Matrice 300\/350\",\"item\":\"https:\/\/koningdrone.be\/product\/avss-parachute-recovery-system-for-dji-matrice-300-350\/\"},{\"@type\":\"ListItem\",\"position\":3,\"name\":\"Alle opladers\",\"item\":\"https:\/\/koningdrone.be\/categorie\/alle-opladers\/\"},{\"@type\":\"ListItem\",\"position\":4,\"name\":\"DJI Matrice 350 &#8211; BS65 charging station\"}]},{\"@type\":\"WebSite\",\"@id\":\"https:\/\/koningdrone.be\/#website\",\"url\":\"https:\/\/koningdrone.be\/\",\"name\":\"Koningdrone.be - Uw online specialist in drones, gimbals, camera's en power stations.\",\"description\":\"De webshop in drones en gimbals\",\"publisher\":{\"@id\":\"https:\/\/koningdrone.be\/#organization\"},\"potentialAction\":[{\"@type\":\"SearchAction\",\"target\":{\"@type\":\"EntryPoint\",\"urlTemplate\":\"https:\/\/koningdrone.be\/?s={search_term_string}\"},\"query-input\":{\"@type\":\"PropertyValueSpecification\",\"valueRequired\":true,\"valueName\":\"search_term_string\"}}],\"inLanguage\":\"es\"},{\"@type\":\"Organization\",\"@id\":\"https:\/\/koningdrone.be\/#organization\",\"name\":\"Koningdrone.be\",\"url\":\"https:\/\/koningdrone.be\/\",\"logo\":{\"@type\":\"ImageObject\",\"inLanguage\":\"es\",\"@id\":\"https:\/\/koningdrone.be\/#\/schema\/logo\/image\/\",\"url\":\"https:\/\/koningdrone.be\/wp-content\/uploads\/sites\/13\/2025\/04\/koningdrone-copyright-logo.svg\",\"contentUrl\":\"https:\/\/koningdrone.be\/wp-content\/uploads\/sites\/13\/2025\/04\/koningdrone-copyright-logo.svg\",\"width\":227,\"height\":38,\"caption\":\"Koningdrone.be\"},\"image\":{\"@id\":\"https:\/\/koningdrone.be\/#\/schema\/logo\/image\/\"}}]}<\/script>\n<!-- \/ Yoast SEO Premium plugin. -->","yoast_head_json":{"title":"DJI Matrice 350 - BS65 charging station - koningdrone.be","robots":{"index":"index","follow":"follow","max-snippet":"max-snippet:-1","max-image-preview":"max-image-preview:large","max-video-preview":"max-video-preview:-1"},"canonical":"https:\/\/koningdrone.be\/es\/producto\/dji-matrice-350-bs65-charging-station\/","og_locale":"es_ES","og_type":"article","og_title":"DJI Matrice 350 - BS65 charging station","og_description":"Afmetingen: 580 \u00d7 358 \u00d7 254 mm (L\u00d7B\u00d7H)  Netto gewicht: Ca. 9,03 kg  Uitgangsvermogen: 100 tot 120 V (AC), 750 W; 220 tot 240 V (wisselstroom), 992 W  USB-C oplaadpoort: Max. uitgangsvermogen van 65 W  Bedrijfstemperatuur: -20 tot +40 \u00b0C  Compatibiliteit: Matrice 350 RTK","og_url":"https:\/\/koningdrone.be\/es\/producto\/dji-matrice-350-bs65-charging-station\/","og_site_name":"koningdrone.be","article_modified_time":"2026-04-29T01:50:18+00:00","og_image":[{"width":1200,"height":1200,"url":"https:\/\/koningdrone.be\/wp-content\/uploads\/sites\/13\/2025\/04\/6941565960498-1.jpg","type":"image\/jpeg"}],"twitter_card":"summary_large_image","twitter_misc":{"Tiempo de lectura":"1 minuto"},"schema":{"@context":"https:\/\/schema.org","@graph":[{"@type":"WebPage","@id":"https:\/\/koningdrone.be\/product\/dji-matrice-350-bs65-charging-station\/","url":"https:\/\/koningdrone.be\/product\/dji-matrice-350-bs65-charging-station\/","name":"DJI Matrice 350 - BS65 charging station - koningdrone.be","isPartOf":{"@id":"https:\/\/koningdrone.be\/#website"},"primaryImageOfPage":{"@id":"https:\/\/koningdrone.be\/product\/dji-matrice-350-bs65-charging-station\/#primaryimage"},"image":{"@id":"https:\/\/koningdrone.be\/product\/dji-matrice-350-bs65-charging-station\/#primaryimage"},"thumbnailUrl":"https:\/\/koningdrone.be\/wp-content\/uploads\/sites\/13\/2025\/04\/6941565960498-1.jpg","datePublished":"2023-06-14T06:55:11+00:00","dateModified":"2026-04-29T01:50:18+00:00","breadcrumb":{"@id":"https:\/\/koningdrone.be\/product\/dji-matrice-350-bs65-charging-station\/#breadcrumb"},"inLanguage":"es","potentialAction":[{"@type":"ReadAction","target":["https:\/\/koningdrone.be\/product\/dji-matrice-350-bs65-charging-station\/"]}]},{"@type":"ImageObject","inLanguage":"es","@id":"https:\/\/koningdrone.be\/product\/dji-matrice-350-bs65-charging-station\/#primaryimage","url":"https:\/\/koningdrone.be\/wp-content\/uploads\/sites\/13\/2025\/04\/6941565960498-1.jpg","contentUrl":"https:\/\/koningdrone.be\/wp-content\/uploads\/sites\/13\/2025\/04\/6941565960498-1.jpg","width":1200,"height":1200},{"@type":"BreadcrumbList","@id":"https:\/\/koningdrone.be\/product\/dji-matrice-350-bs65-charging-station\/#breadcrumb","itemListElement":[{"@type":"ListItem","position":1,"name":"Home","item":"https:\/\/koningdrone.be\/"},{"@type":"ListItem","position":2,"name":"AVSS Parachute Recovery System for DJI Matrice 300\/350","item":"https:\/\/koningdrone.be\/product\/avss-parachute-recovery-system-for-dji-matrice-300-350\/"},{"@type":"ListItem","position":3,"name":"Alle opladers","item":"https:\/\/koningdrone.be\/categorie\/alle-opladers\/"},{"@type":"ListItem","position":4,"name":"DJI Matrice 350 &#8211; BS65 charging station"}]},{"@type":"WebSite","@id":"https:\/\/koningdrone.be\/#website","url":"https:\/\/koningdrone.be\/","name":"Koningdrone.be - Su especialista en l\u00ednea en drones, cardanes, c\u00e1maras y centrales el\u00e9ctricas.","description":"La tienda virtual de drones y cardanes","publisher":{"@id":"https:\/\/koningdrone.be\/#organization"},"potentialAction":[{"@type":"SearchAction","target":{"@type":"EntryPoint","urlTemplate":"https:\/\/koningdrone.be\/?s={search_term_string}"},"query-input":{"@type":"PropertyValueSpecification","valueRequired":true,"valueName":"search_term_string"}}],"inLanguage":"es"},{"@type":"Organization","@id":"https:\/\/koningdrone.be\/#organization","name":"Kingdrone.es","url":"https:\/\/koningdrone.be\/","logo":{"@type":"ImageObject","inLanguage":"es","@id":"https:\/\/koningdrone.be\/#\/schema\/logo\/image\/","url":"https:\/\/koningdrone.be\/wp-content\/uploads\/sites\/13\/2025\/04\/koningdrone-copyright-logo.svg","contentUrl":"https:\/\/koningdrone.be\/wp-content\/uploads\/sites\/13\/2025\/04\/koningdrone-copyright-logo.svg","width":227,"height":38,"caption":"Koningdrone.be"},"image":{"@id":"https:\/\/koningdrone.be\/#\/schema\/logo\/image\/"}}]}},"df_price":1201,"df_sale_price":"","df_regular_price":1201,"df_image_link":"https:\/\/koningdrone.be\/wp-content\/uploads\/sites\/13\/2025\/04\/6941565960498-1-300x300.jpg","_links":{"self":[{"href":"https:\/\/koningdrone.be\/es\/wp-json\/wp\/v2\/product\/4664","targetHints":{"allow":["GET"]}}],"collection":[{"href":"https:\/\/koningdrone.be\/es\/wp-json\/wp\/v2\/product"}],"about":[{"href":"https:\/\/koningdrone.be\/es\/wp-json\/wp\/v2\/types\/product"}],"wp:featuredmedia":[{"embeddable":true,"href":"https:\/\/koningdrone.be\/es\/wp-json\/wp\/v2\/media\/4660"}],"wp:attachment":[{"href":"https:\/\/koningdrone.be\/es\/wp-json\/wp\/v2\/media?parent=4664"}],"wp:term":[{"taxonomy":"product_brand","embeddable":true,"href":"https:\/\/koningdrone.be\/es\/wp-json\/wp\/v2\/product_brand?post=4664"},{"taxonomy":"product_cat","embeddable":true,"href":"https:\/\/koningdrone.be\/es\/wp-json\/wp\/v2\/product_cat?post=4664"},{"taxonomy":"product_tag","embeddable":true,"href":"https:\/\/koningdrone.be\/es\/wp-json\/wp\/v2\/product_tag?post=4664"}],"curies":[{"name":"wp","href":"https:\/\/api.w.org\/{rel}","templated":true}]}}