{"id":4659,"date":"2023-07-05T13:44:55","date_gmt":"2023-07-05T11:44:55","guid":{"rendered":"https:\/\/koningdrone.nl\/kon\/product\/ecoflow-delta-pro-bundle-one-400w\/"},"modified":"2026-04-29T14:30:05","modified_gmt":"2026-04-29T12:30:05","slug":"ecoflow-delta-pro-bundle-one-400w","status":"publish","type":"product","link":"https:\/\/koningdrone.be\/es\/producto\/ecoflow-delta-pro-bundle-one-400w\/","title":{"rendered":"Paquete Ecoflow DELTA Pro (uno de 400 W)"},"content":{"rendered":"<p>La Central El\u00e9ctrica DELTA Pro es la \u00faltima soluci\u00f3n de alimentaci\u00f3n port\u00e1til que le proporciona energ\u00eda fiable est\u00e9 donde est\u00e9. Con una sola unidad DELTA Pro, puede generar una potencia de CA de hasta 3600 W, que puede ampliarse a 4500 W con X-Boost. Esto le proporciona suficiente potencia de CA incluso para los aparatos m\u00e1s pesados.<\/p>\n<p><strong>Capacidad y potencia<\/strong><\/p>\n<p>La capacidad de 3,6 kWh del DELTA Pro puede ampliarse hasta 25 kWh. Esto le permite alimentar casi cualquier cosa, lo que convierte a la DELTA Pro en l\u00edder del sector en salida de CA.<\/p>\n<p><strong>Opciones de carga<\/strong><\/p>\n<p>DELTA Pro es la soluci\u00f3n de carga port\u00e1til m\u00e1s r\u00e1pida del mundo y puede cargarse mediante cualquiera de los 6 m\u00e9todos disponibles. Es incluso el primero en cargar desde una estaci\u00f3n EV y puede incluso combinar m\u00faltiples m\u00e9todos de carga para cargar r\u00e1pidamente 6500 W.<\/p>\n<p><strong>Duraci\u00f3n y gesti\u00f3n de la bater\u00eda<\/strong><\/p>\n<p>Con una bater\u00eda LFP nueva de 6500 ciclos, podr\u00e1 disfrutar de la DELTA Pro durante a\u00f1os antes de que alcance 50% de su capacidad original. El sistema de gesti\u00f3n de bater\u00edas EcoFlow proporciona an\u00e1lisis y regulaci\u00f3n en tiempo real del voltaje, la corriente y la temperatura, lo que convierte a la DELTA Pro en una bater\u00eda dom\u00e9stica incre\u00edblemente segura y eficiente. Con la DELTA Pro, tiene garantizada la seguridad e independencia energ\u00e9tica est\u00e9 donde est\u00e9.<\/p>\n<p><\/p>","protected":false},"excerpt":{"rendered":"<ul>\n<li>Este paquete combina esta central el\u00e9ctrica con el panel solar de 400w. Con una potencia de 400 W, es uno de los paneles solares plegables m\u00e1s potentes del mercado. Con un peso de solo 16 kg, su dise\u00f1o ligero y la correa para el hombro incorporada lo hacen ideal para los aventureros al aire libre.<\/li>\n<li>Autoportante La cubierta protectora se convierte f\u00e1cilmente en un soporte que puede ajustarse de 40 a 90\u00b0, lo que permite que los paneles solares capten la mayor cantidad de rayos.<\/li>\n<li>Robusto y resistente a la intemperie Fabricado con capas de EVA flexible y fibra de vidrio duradera para combinar la versatilidad de los paneles solares flexibles con la resistencia de los paneles solares r\u00edgidos. Cada c\u00e9lula de silicio monocristalino est\u00e1 cubierta con una pel\u00edcula de ETFE que la protege de la suciedad y el agua. Con un grado de impermeabilidad IP68, el panel solar port\u00e1til funciona en todas las condiciones meteorol\u00f3gicas, perfecto tanto para acampar como para utilizar en tejados.<\/li>\n<li>Amplia compatibilidad Utiliza el conector solar universalmente reconocido, por lo que es compatible con todas las centrales el\u00e9ctricas port\u00e1tiles de la serie EcoFlow DELTA y con muchos otros generadores de otros fabricantes.<\/li>\n<li>Solar inteligente El panel solar EcoFlow 400W tiene una eficiencia de conversi\u00f3n de 22,4%.<\/li>\n<\/ul>","protected":false},"featured_media":4656,"template":"","meta":{"_acf_changed":false},"product_brand":[],"product_cat":[97,245,415],"product_tag":[],"class_list":{"0":"post-4659","1":"product","2":"type-product","3":"status-publish","4":"has-post-thumbnail","6":"product_cat-alle-producten","7":"product_cat-ecoflow","8":"product_cat-energy","9":"product_shipping_class-outofstock","10":"pa_brand-ecoflow","11":"pa_productfamily-generator","12":"pa_producttype-generator","13":"pa_series-delta-pro","15":"first","16":"outofstock","17":"taxable","18":"shipping-taxable","19":"product-type-simple"},"acf":[],"yoast_head":"<!-- This site is optimized with the Yoast SEO Premium plugin v27.2 (Yoast SEO v27.2) - https:\/\/yoast.com\/product\/yoast-seo-premium-wordpress\/ -->\n<title>Ecoflow DELTA Pro Bundle (one 400W) - koningdrone.be<\/title>\n<meta name=\"robots\" content=\"index, follow, max-snippet:-1, max-image-preview:large, max-video-preview:-1\" \/>\n<link rel=\"canonical\" href=\"https:\/\/koningdrone.be\/es\/producto\/ecoflow-delta-pro-bundle-one-400w\/\" \/>\n<meta property=\"og:locale\" content=\"es_ES\" \/>\n<meta property=\"og:type\" content=\"article\" \/>\n<meta property=\"og:title\" content=\"Ecoflow DELTA Pro Bundle (one 400W)\" \/>\n<meta property=\"og:description\" content=\"Deze bundel combineert deze energiecentrale met het 400w zonnepaneel. Met een input van 400W is dit een van de krachtigste opvouwbare zonnepanelen op de markt. Met een gewicht van slechts 16 kg, het lichtgewicht ontwerp en de ingebouwde schouderriem is hij ideaal voor outdoor-avonturiers.Zelfdragend De beschermhoes verandert gemakkelijk in een standaard die kan worden aangepast van 40-90\u00b0, zodat de zonnepanelen de meeste stralen kunnen opvangen.Robuust en weerbestendig Gemaakt van lagen buigzaam EVA en duurzaam glasvezel om de veelzijdigheid van flexibele zonnepanelen te combineren met de sterkte van stijve zonnepanelen. Elke monokristallijne siliciumcel is bedekt met ETFE-film, die beschermt tegen vuil, vuil en water. Met een IP68-waterdichtheidsclassificatie werkt het draagbare zonnepaneel bij alle weersomstandigheden, perfect voor zowel op de camping als op het dak.Uitgebreide compatibiliteit Maakt gebruik van de universeel erkende zonneconnector, waardoor deze compatibel is met alle draagbare energiecentrales van de EcoFlow DELTA-serie en vele andere generatoren van derden.Slimme zonne-energie Het EcoFlow 400W zonnepaneel heeft een omzettingsrendement van 22,4%.\" \/>\n<meta property=\"og:url\" content=\"https:\/\/koningdrone.be\/es\/producto\/ecoflow-delta-pro-bundle-one-400w\/\" \/>\n<meta property=\"og:site_name\" content=\"koningdrone.be\" \/>\n<meta property=\"article:modified_time\" content=\"2026-04-29T12:30:05+00:00\" \/>\n<meta property=\"og:image\" content=\"https:\/\/koningdrone.be\/wp-content\/uploads\/sites\/13\/2025\/04\/5706649033175-1.webp\" \/>\n\t<meta property=\"og:image:width\" content=\"600\" \/>\n\t<meta property=\"og:image:height\" content=\"600\" \/>\n\t<meta property=\"og:image:type\" content=\"image\/webp\" \/>\n<meta name=\"twitter:card\" content=\"summary_large_image\" \/>\n<meta name=\"twitter:label1\" content=\"Tiempo de lectura\" \/>\n\t<meta name=\"twitter:data1\" content=\"1 minuto\" \/>\n<script type=\"application\/ld+json\" class=\"yoast-schema-graph\">{\"@context\":\"https:\/\/schema.org\",\"@graph\":[{\"@type\":\"WebPage\",\"@id\":\"https:\/\/koningdrone.be\/product\/ecoflow-delta-pro-bundle-one-400w\/\",\"url\":\"https:\/\/koningdrone.be\/product\/ecoflow-delta-pro-bundle-one-400w\/\",\"name\":\"Ecoflow DELTA Pro Bundle (one 400W) - koningdrone.be\",\"isPartOf\":{\"@id\":\"https:\/\/koningdrone.be\/#website\"},\"primaryImageOfPage\":{\"@id\":\"https:\/\/koningdrone.be\/product\/ecoflow-delta-pro-bundle-one-400w\/#primaryimage\"},\"image\":{\"@id\":\"https:\/\/koningdrone.be\/product\/ecoflow-delta-pro-bundle-one-400w\/#primaryimage\"},\"thumbnailUrl\":\"https:\/\/koningdrone.be\/wp-content\/uploads\/sites\/13\/2025\/04\/5706649033175-1.webp\",\"datePublished\":\"2023-07-05T11:44:55+00:00\",\"dateModified\":\"2026-04-29T12:30:05+00:00\",\"breadcrumb\":{\"@id\":\"https:\/\/koningdrone.be\/product\/ecoflow-delta-pro-bundle-one-400w\/#breadcrumb\"},\"inLanguage\":\"es\",\"potentialAction\":[{\"@type\":\"ReadAction\",\"target\":[\"https:\/\/koningdrone.be\/product\/ecoflow-delta-pro-bundle-one-400w\/\"]}]},{\"@type\":\"ImageObject\",\"inLanguage\":\"es\",\"@id\":\"https:\/\/koningdrone.be\/product\/ecoflow-delta-pro-bundle-one-400w\/#primaryimage\",\"url\":\"https:\/\/koningdrone.be\/wp-content\/uploads\/sites\/13\/2025\/04\/5706649033175-1.webp\",\"contentUrl\":\"https:\/\/koningdrone.be\/wp-content\/uploads\/sites\/13\/2025\/04\/5706649033175-1.webp\",\"width\":600,\"height\":600},{\"@type\":\"BreadcrumbList\",\"@id\":\"https:\/\/koningdrone.be\/product\/ecoflow-delta-pro-bundle-one-400w\/#breadcrumb\",\"itemListElement\":[{\"@type\":\"ListItem\",\"position\":1,\"name\":\"Home\",\"item\":\"https:\/\/koningdrone.be\/\"},{\"@type\":\"ListItem\",\"position\":2,\"name\":\"AVSS Parachute Recovery System for DJI Matrice 300\/350\",\"item\":\"https:\/\/koningdrone.be\/product\/avss-parachute-recovery-system-for-dji-matrice-300-350\/\"},{\"@type\":\"ListItem\",\"position\":3,\"name\":\"Alle producten\",\"item\":\"https:\/\/koningdrone.be\/categorie\/alle-producten\/\"},{\"@type\":\"ListItem\",\"position\":4,\"name\":\"Ecoflow DELTA Pro Bundle (one 400W)\"}]},{\"@type\":\"WebSite\",\"@id\":\"https:\/\/koningdrone.be\/#website\",\"url\":\"https:\/\/koningdrone.be\/\",\"name\":\"Koningdrone.be - Uw online specialist in drones, gimbals, camera's en power stations.\",\"description\":\"De webshop in drones en gimbals\",\"publisher\":{\"@id\":\"https:\/\/koningdrone.be\/#organization\"},\"potentialAction\":[{\"@type\":\"SearchAction\",\"target\":{\"@type\":\"EntryPoint\",\"urlTemplate\":\"https:\/\/koningdrone.be\/?s={search_term_string}\"},\"query-input\":{\"@type\":\"PropertyValueSpecification\",\"valueRequired\":true,\"valueName\":\"search_term_string\"}}],\"inLanguage\":\"es\"},{\"@type\":\"Organization\",\"@id\":\"https:\/\/koningdrone.be\/#organization\",\"name\":\"Koningdrone.be\",\"url\":\"https:\/\/koningdrone.be\/\",\"logo\":{\"@type\":\"ImageObject\",\"inLanguage\":\"es\",\"@id\":\"https:\/\/koningdrone.be\/#\/schema\/logo\/image\/\",\"url\":\"https:\/\/koningdrone.be\/wp-content\/uploads\/sites\/13\/2025\/04\/koningdrone-copyright-logo.svg\",\"contentUrl\":\"https:\/\/koningdrone.be\/wp-content\/uploads\/sites\/13\/2025\/04\/koningdrone-copyright-logo.svg\",\"width\":227,\"height\":38,\"caption\":\"Koningdrone.be\"},\"image\":{\"@id\":\"https:\/\/koningdrone.be\/#\/schema\/logo\/image\/\"}}]}<\/script>\n<!-- \/ Yoast SEO Premium plugin. -->","yoast_head_json":{"title":"Ecoflow DELTA Pro Bundle (one 400W) - koningdrone.be","robots":{"index":"index","follow":"follow","max-snippet":"max-snippet:-1","max-image-preview":"max-image-preview:large","max-video-preview":"max-video-preview:-1"},"canonical":"https:\/\/koningdrone.be\/es\/producto\/ecoflow-delta-pro-bundle-one-400w\/","og_locale":"es_ES","og_type":"article","og_title":"Ecoflow DELTA Pro Bundle (one 400W)","og_description":"Deze bundel combineert deze energiecentrale met het 400w zonnepaneel. Met een input van 400W is dit een van de krachtigste opvouwbare zonnepanelen op de markt. Met een gewicht van slechts 16 kg, het lichtgewicht ontwerp en de ingebouwde schouderriem is hij ideaal voor outdoor-avonturiers.Zelfdragend De beschermhoes verandert gemakkelijk in een standaard die kan worden aangepast van 40-90\u00b0, zodat de zonnepanelen de meeste stralen kunnen opvangen.Robuust en weerbestendig Gemaakt van lagen buigzaam EVA en duurzaam glasvezel om de veelzijdigheid van flexibele zonnepanelen te combineren met de sterkte van stijve zonnepanelen. Elke monokristallijne siliciumcel is bedekt met ETFE-film, die beschermt tegen vuil, vuil en water. Met een IP68-waterdichtheidsclassificatie werkt het draagbare zonnepaneel bij alle weersomstandigheden, perfect voor zowel op de camping als op het dak.Uitgebreide compatibiliteit Maakt gebruik van de universeel erkende zonneconnector, waardoor deze compatibel is met alle draagbare energiecentrales van de EcoFlow DELTA-serie en vele andere generatoren van derden.Slimme zonne-energie Het EcoFlow 400W zonnepaneel heeft een omzettingsrendement van 22,4%.","og_url":"https:\/\/koningdrone.be\/es\/producto\/ecoflow-delta-pro-bundle-one-400w\/","og_site_name":"koningdrone.be","article_modified_time":"2026-04-29T12:30:05+00:00","og_image":[{"width":600,"height":600,"url":"https:\/\/koningdrone.be\/wp-content\/uploads\/sites\/13\/2025\/04\/5706649033175-1.webp","type":"image\/webp"}],"twitter_card":"summary_large_image","twitter_misc":{"Tiempo de lectura":"1 minuto"},"schema":{"@context":"https:\/\/schema.org","@graph":[{"@type":"WebPage","@id":"https:\/\/koningdrone.be\/product\/ecoflow-delta-pro-bundle-one-400w\/","url":"https:\/\/koningdrone.be\/product\/ecoflow-delta-pro-bundle-one-400w\/","name":"Ecoflow DELTA Pro Bundle (one 400W) - koningdrone.be","isPartOf":{"@id":"https:\/\/koningdrone.be\/#website"},"primaryImageOfPage":{"@id":"https:\/\/koningdrone.be\/product\/ecoflow-delta-pro-bundle-one-400w\/#primaryimage"},"image":{"@id":"https:\/\/koningdrone.be\/product\/ecoflow-delta-pro-bundle-one-400w\/#primaryimage"},"thumbnailUrl":"https:\/\/koningdrone.be\/wp-content\/uploads\/sites\/13\/2025\/04\/5706649033175-1.webp","datePublished":"2023-07-05T11:44:55+00:00","dateModified":"2026-04-29T12:30:05+00:00","breadcrumb":{"@id":"https:\/\/koningdrone.be\/product\/ecoflow-delta-pro-bundle-one-400w\/#breadcrumb"},"inLanguage":"es","potentialAction":[{"@type":"ReadAction","target":["https:\/\/koningdrone.be\/product\/ecoflow-delta-pro-bundle-one-400w\/"]}]},{"@type":"ImageObject","inLanguage":"es","@id":"https:\/\/koningdrone.be\/product\/ecoflow-delta-pro-bundle-one-400w\/#primaryimage","url":"https:\/\/koningdrone.be\/wp-content\/uploads\/sites\/13\/2025\/04\/5706649033175-1.webp","contentUrl":"https:\/\/koningdrone.be\/wp-content\/uploads\/sites\/13\/2025\/04\/5706649033175-1.webp","width":600,"height":600},{"@type":"BreadcrumbList","@id":"https:\/\/koningdrone.be\/product\/ecoflow-delta-pro-bundle-one-400w\/#breadcrumb","itemListElement":[{"@type":"ListItem","position":1,"name":"Home","item":"https:\/\/koningdrone.be\/"},{"@type":"ListItem","position":2,"name":"AVSS Parachute Recovery System for DJI Matrice 300\/350","item":"https:\/\/koningdrone.be\/product\/avss-parachute-recovery-system-for-dji-matrice-300-350\/"},{"@type":"ListItem","position":3,"name":"Alle producten","item":"https:\/\/koningdrone.be\/categorie\/alle-producten\/"},{"@type":"ListItem","position":4,"name":"Ecoflow DELTA Pro Bundle (one 400W)"}]},{"@type":"WebSite","@id":"https:\/\/koningdrone.be\/#website","url":"https:\/\/koningdrone.be\/","name":"Koningdrone.be - Su especialista en l\u00ednea en drones, cardanes, c\u00e1maras y centrales el\u00e9ctricas.","description":"La tienda virtual de drones y cardanes","publisher":{"@id":"https:\/\/koningdrone.be\/#organization"},"potentialAction":[{"@type":"SearchAction","target":{"@type":"EntryPoint","urlTemplate":"https:\/\/koningdrone.be\/?s={search_term_string}"},"query-input":{"@type":"PropertyValueSpecification","valueRequired":true,"valueName":"search_term_string"}}],"inLanguage":"es"},{"@type":"Organization","@id":"https:\/\/koningdrone.be\/#organization","name":"Kingdrone.es","url":"https:\/\/koningdrone.be\/","logo":{"@type":"ImageObject","inLanguage":"es","@id":"https:\/\/koningdrone.be\/#\/schema\/logo\/image\/","url":"https:\/\/koningdrone.be\/wp-content\/uploads\/sites\/13\/2025\/04\/koningdrone-copyright-logo.svg","contentUrl":"https:\/\/koningdrone.be\/wp-content\/uploads\/sites\/13\/2025\/04\/koningdrone-copyright-logo.svg","width":227,"height":38,"caption":"Koningdrone.be"},"image":{"@id":"https:\/\/koningdrone.be\/#\/schema\/logo\/image\/"}}]}},"df_price":"","df_sale_price":"","df_regular_price":"","df_image_link":"https:\/\/koningdrone.be\/wp-content\/uploads\/sites\/13\/2025\/04\/5706649033175-1-300x300.webp","_links":{"self":[{"href":"https:\/\/koningdrone.be\/es\/wp-json\/wp\/v2\/product\/4659","targetHints":{"allow":["GET"]}}],"collection":[{"href":"https:\/\/koningdrone.be\/es\/wp-json\/wp\/v2\/product"}],"about":[{"href":"https:\/\/koningdrone.be\/es\/wp-json\/wp\/v2\/types\/product"}],"wp:featuredmedia":[{"embeddable":true,"href":"https:\/\/koningdrone.be\/es\/wp-json\/wp\/v2\/media\/4656"}],"wp:attachment":[{"href":"https:\/\/koningdrone.be\/es\/wp-json\/wp\/v2\/media?parent=4659"}],"wp:term":[{"taxonomy":"product_brand","embeddable":true,"href":"https:\/\/koningdrone.be\/es\/wp-json\/wp\/v2\/product_brand?post=4659"},{"taxonomy":"product_cat","embeddable":true,"href":"https:\/\/koningdrone.be\/es\/wp-json\/wp\/v2\/product_cat?post=4659"},{"taxonomy":"product_tag","embeddable":true,"href":"https:\/\/koningdrone.be\/es\/wp-json\/wp\/v2\/product_tag?post=4659"}],"curies":[{"name":"wp","href":"https:\/\/api.w.org\/{rel}","templated":true}]}}