{"id":4655,"date":"2023-07-05T13:44:55","date_gmt":"2023-07-05T11:44:55","guid":{"rendered":"https:\/\/koningdrone.nl\/kon\/product\/ecoflow-delta-max2000-bundleone-400w\/"},"modified":"2026-04-29T14:30:14","modified_gmt":"2026-04-29T12:30:14","slug":"ecoflow-delta-max2000-bundleone-400w","status":"publish","type":"product","link":"https:\/\/koningdrone.be\/es\/producto\/ecoflow-delta-max2000-bundleone-400w\/","title":{"rendered":"Paquete Ecoflow DELTA Max(2000) (uno de 400W)"},"content":{"rendered":"<p>La EcoFlow DELTA Max EU 2000 es una fuente de energ\u00eda port\u00e1til que incorpora un potente panel solar de 400 W. Con una capacidad de 2000 Wh, la DELTA Max EU 2000 proporciona energ\u00eda suficiente para cargar todos sus dispositivos electr\u00f3nicos, como tel\u00e9fonos inteligentes, ordenadores port\u00e1tiles, frigor\u00edficos y herramientas el\u00e9ctricas. Con una salida de onda sinusoidal pura, DELTA Max EU 2000 proporciona una potencia fiable, similar a la de la red el\u00e9ctrica, para garantizar que sus dispositivos sigan funcionando de forma segura.<\/p>\n<p><strong>Panel solar de alta calidad<\/strong><\/p>\n<p>El paquete tambi\u00e9n incluye un panel solar de 400 W de alta calidad con eficientes c\u00e9lulas solares monocristalinas, que le proporciona una fuente fiable de energ\u00eda renovable. El dise\u00f1o port\u00e1til y plegable hace que el panel solar sea f\u00e1cil de transportar y colocar al sol para cargar el DELTA Max EU 2000 directamente del sol. Esto no s\u00f3lo le independiza de la red el\u00e9ctrica, sino que tambi\u00e9n contribuye a reducir su huella de carbono.<\/p>\n<p><strong>Libertad y fiabilidad de la energ\u00eda limpia<\/strong><\/p>\n<p>La EcoFlow DELTA Max EU 2000 combinada con el panel solar de 400 W ofrece la libertad de disponer de energ\u00eda en cualquier momento y lugar. Gracias a tecnolog\u00edas de carga avanzadas como la carga X-Stream y las capacidades de carga r\u00e1pida, la DELTA Max EU 2000 se carga r\u00e1pidamente a trav\u00e9s de un enchufe de pared, un cargador de coche o el panel solar. Adem\u00e1s, la intuitiva pantalla LCD le permite conocer el estado de la bater\u00eda y el consumo de energ\u00eda.<\/p>\n<p><strong>Ideal para diferentes situaciones<\/strong><\/p>\n<p>Tanto si va de acampada como si vive aislado de la red o se prepara para emergencias, este paquete le garantiza que nunca se quedar\u00e1 sin energ\u00eda. Gracias a su portabilidad y facilidad de uso, puede llevarse sin esfuerzo el DELTA Max EU 2000 y el panel solar e instalarlos donde quiera. Elija la EcoFlow DELTA Max EU 2000 con 1 panel solar de 400 W y disfrute de la libertad y la fiabilidad de la energ\u00eda limpia en cualquier lugar.<\/p>\n<p><\/p>","protected":false},"excerpt":{"rendered":"<ul>\n<li>Capacidad: La EcoFlow DELTA Max EU 2000 tiene una potente capacidad de 2000Wh, lo que le permite cargar todos sus dispositivos electr\u00f3nicos varias veces antes de tener que recargarlos.<\/li>\n<li>Portabilidad: esta fuente de alimentaci\u00f3n port\u00e1til se ha dise\u00f1ado pensando en la portabilidad. Con un tama\u00f1o compacto y un asa de transporte, la DELTA Max EU 2000 es f\u00e1cil de llevar contigo en tus aventuras.<\/li>\n<li>Energ\u00eda solar: el paquete incluye un panel solar de 400 W de alta calidad que convierte eficazmente la luz solar en electricidad. Esto garantiza un suministro de energ\u00eda sostenible e independiente est\u00e9s donde est\u00e9s.<\/li>\n<li>Onda sinusoidal pura: DELTA Max EU 2000 proporciona una onda sinusoidal pura, similar a la de la red el\u00e9ctrica. Esto garantiza una fuente de alimentaci\u00f3n estable y segura para dispositivos electr\u00f3nicos sensibles, como ordenadores port\u00e1tiles, dispositivos m\u00e9dicos, etc.<\/li>\n<li>Opciones de carga r\u00e1pida: Gracias a las avanzadas tecnolog\u00edas de carga, puedes cargar r\u00e1pidamente el DELTA Max EU 2000 a trav\u00e9s de enchufes de pared, cargadores de coche o el panel solar incluido. As\u00ed disfrutar\u00e1s de energ\u00eda r\u00e1pidamente, incluso cuando est\u00e9s fuera de casa.<\/li>\n<\/ul>","protected":false},"featured_media":4653,"template":"","meta":{"_acf_changed":false},"product_brand":[],"product_cat":[97,245,415],"product_tag":[],"class_list":{"0":"post-4655","1":"product","2":"type-product","3":"status-publish","4":"has-post-thumbnail","6":"product_cat-alle-producten","7":"product_cat-ecoflow","8":"product_cat-energy","9":"product_shipping_class-outofstock","10":"pa_brand-ecoflow","11":"pa_productfamily-generator","12":"pa_producttype-generator","13":"pa_series-delta-max","15":"first","16":"outofstock","17":"taxable","18":"shipping-taxable","19":"product-type-simple"},"acf":[],"yoast_head":"<!-- This site is optimized with the Yoast SEO Premium plugin v27.2 (Yoast SEO v27.2) - https:\/\/yoast.com\/product\/yoast-seo-premium-wordpress\/ -->\n<title>Ecoflow DELTA Max(2000) Bundle(one 400W) - koningdrone.be<\/title>\n<meta name=\"robots\" content=\"index, follow, max-snippet:-1, max-image-preview:large, max-video-preview:-1\" \/>\n<link rel=\"canonical\" href=\"https:\/\/koningdrone.be\/es\/producto\/ecoflow-delta-max2000-bundleone-400w\/\" \/>\n<meta property=\"og:locale\" content=\"es_ES\" \/>\n<meta property=\"og:type\" content=\"article\" \/>\n<meta property=\"og:title\" content=\"Ecoflow DELTA Max(2000) Bundle(one 400W)\" \/>\n<meta property=\"og:description\" content=\"Capaciteit: De EcoFlow DELTA Max EU 2000 heeft een krachtige capaciteit van 2000Wh, waarmee u al uw elektronische apparaten meerdere keren kunt opladen voordat u de DELTA Max EU 2000 weer moet opladen.Draagbaarheid: deze draagbare stroombron is ontworpen met het oog op draagbaarheid. Met een compact formaat en een draagbeugel is de DELTA Max EU 2000 gemakkelijk mee te nemen op je avonturen.Zonne-energie: de bundel wordt geleverd met een hoogwaardig zonnepaneel van 400 W dat zonlicht effici\u00ebnt omzet in elektriciteit. Dit zorgt voor een duurzame en onafhankelijke stroomvoorziening, waar je ook bent.Zuivere sinusgolf: De DELTA Max EU 2000 levert een zuivere sinusgolf, vergelijkbaar met het lichtnet. Dit zorgt voor een stabiele en veilige stroomvoorziening voor gevoelige elektronica, waaronder laptops, medische apparaten en meer.Snellaadmogelijkheden: Met geavanceerde laadtechnologie\u00ebn kunt u de DELTA Max EU 2000 snel opladen via stopcontacten, autoladers of het meegeleverde zonnepaneel. Zo geniet je snel weer van power, ook als je onderweg bent.\" \/>\n<meta property=\"og:url\" content=\"https:\/\/koningdrone.be\/es\/producto\/ecoflow-delta-max2000-bundleone-400w\/\" \/>\n<meta property=\"og:site_name\" content=\"koningdrone.be\" \/>\n<meta property=\"article:modified_time\" content=\"2026-04-29T12:30:14+00:00\" \/>\n<meta property=\"og:image\" content=\"https:\/\/koningdrone.be\/wp-content\/uploads\/sites\/13\/2025\/04\/5706649033182-1.jpg\" \/>\n\t<meta property=\"og:image:width\" content=\"1000\" \/>\n\t<meta property=\"og:image:height\" content=\"1000\" \/>\n\t<meta property=\"og:image:type\" content=\"image\/jpeg\" \/>\n<meta name=\"twitter:card\" content=\"summary_large_image\" \/>\n<meta name=\"twitter:label1\" content=\"Tiempo de lectura\" \/>\n\t<meta name=\"twitter:data1\" content=\"1 minuto\" \/>\n<script type=\"application\/ld+json\" class=\"yoast-schema-graph\">{\"@context\":\"https:\/\/schema.org\",\"@graph\":[{\"@type\":\"WebPage\",\"@id\":\"https:\/\/koningdrone.be\/product\/ecoflow-delta-max2000-bundleone-400w\/\",\"url\":\"https:\/\/koningdrone.be\/product\/ecoflow-delta-max2000-bundleone-400w\/\",\"name\":\"Ecoflow DELTA Max(2000) Bundle(one 400W) - koningdrone.be\",\"isPartOf\":{\"@id\":\"https:\/\/koningdrone.be\/#website\"},\"primaryImageOfPage\":{\"@id\":\"https:\/\/koningdrone.be\/product\/ecoflow-delta-max2000-bundleone-400w\/#primaryimage\"},\"image\":{\"@id\":\"https:\/\/koningdrone.be\/product\/ecoflow-delta-max2000-bundleone-400w\/#primaryimage\"},\"thumbnailUrl\":\"https:\/\/koningdrone.be\/wp-content\/uploads\/sites\/13\/2025\/04\/5706649033182-1.jpg\",\"datePublished\":\"2023-07-05T11:44:55+00:00\",\"dateModified\":\"2026-04-29T12:30:14+00:00\",\"breadcrumb\":{\"@id\":\"https:\/\/koningdrone.be\/product\/ecoflow-delta-max2000-bundleone-400w\/#breadcrumb\"},\"inLanguage\":\"es\",\"potentialAction\":[{\"@type\":\"ReadAction\",\"target\":[\"https:\/\/koningdrone.be\/product\/ecoflow-delta-max2000-bundleone-400w\/\"]}]},{\"@type\":\"ImageObject\",\"inLanguage\":\"es\",\"@id\":\"https:\/\/koningdrone.be\/product\/ecoflow-delta-max2000-bundleone-400w\/#primaryimage\",\"url\":\"https:\/\/koningdrone.be\/wp-content\/uploads\/sites\/13\/2025\/04\/5706649033182-1.jpg\",\"contentUrl\":\"https:\/\/koningdrone.be\/wp-content\/uploads\/sites\/13\/2025\/04\/5706649033182-1.jpg\",\"width\":1000,\"height\":1000},{\"@type\":\"BreadcrumbList\",\"@id\":\"https:\/\/koningdrone.be\/product\/ecoflow-delta-max2000-bundleone-400w\/#breadcrumb\",\"itemListElement\":[{\"@type\":\"ListItem\",\"position\":1,\"name\":\"Home\",\"item\":\"https:\/\/koningdrone.be\/\"},{\"@type\":\"ListItem\",\"position\":2,\"name\":\"AVSS Parachute Recovery System for DJI Matrice 300\/350\",\"item\":\"https:\/\/koningdrone.be\/product\/avss-parachute-recovery-system-for-dji-matrice-300-350\/\"},{\"@type\":\"ListItem\",\"position\":3,\"name\":\"Alle producten\",\"item\":\"https:\/\/koningdrone.be\/categorie\/alle-producten\/\"},{\"@type\":\"ListItem\",\"position\":4,\"name\":\"Ecoflow DELTA Max(2000) Bundle(one 400W)\"}]},{\"@type\":\"WebSite\",\"@id\":\"https:\/\/koningdrone.be\/#website\",\"url\":\"https:\/\/koningdrone.be\/\",\"name\":\"Koningdrone.be - Uw online specialist in drones, gimbals, camera's en power stations.\",\"description\":\"De webshop in drones en gimbals\",\"publisher\":{\"@id\":\"https:\/\/koningdrone.be\/#organization\"},\"potentialAction\":[{\"@type\":\"SearchAction\",\"target\":{\"@type\":\"EntryPoint\",\"urlTemplate\":\"https:\/\/koningdrone.be\/?s={search_term_string}\"},\"query-input\":{\"@type\":\"PropertyValueSpecification\",\"valueRequired\":true,\"valueName\":\"search_term_string\"}}],\"inLanguage\":\"es\"},{\"@type\":\"Organization\",\"@id\":\"https:\/\/koningdrone.be\/#organization\",\"name\":\"Koningdrone.be\",\"url\":\"https:\/\/koningdrone.be\/\",\"logo\":{\"@type\":\"ImageObject\",\"inLanguage\":\"es\",\"@id\":\"https:\/\/koningdrone.be\/#\/schema\/logo\/image\/\",\"url\":\"https:\/\/koningdrone.be\/wp-content\/uploads\/sites\/13\/2025\/04\/koningdrone-copyright-logo.svg\",\"contentUrl\":\"https:\/\/koningdrone.be\/wp-content\/uploads\/sites\/13\/2025\/04\/koningdrone-copyright-logo.svg\",\"width\":227,\"height\":38,\"caption\":\"Koningdrone.be\"},\"image\":{\"@id\":\"https:\/\/koningdrone.be\/#\/schema\/logo\/image\/\"}}]}<\/script>\n<!-- \/ Yoast SEO Premium plugin. -->","yoast_head_json":{"title":"Ecoflow DELTA Max(2000) Bundle(one 400W) - koningdrone.be","robots":{"index":"index","follow":"follow","max-snippet":"max-snippet:-1","max-image-preview":"max-image-preview:large","max-video-preview":"max-video-preview:-1"},"canonical":"https:\/\/koningdrone.be\/es\/producto\/ecoflow-delta-max2000-bundleone-400w\/","og_locale":"es_ES","og_type":"article","og_title":"Ecoflow DELTA Max(2000) Bundle(one 400W)","og_description":"Capaciteit: De EcoFlow DELTA Max EU 2000 heeft een krachtige capaciteit van 2000Wh, waarmee u al uw elektronische apparaten meerdere keren kunt opladen voordat u de DELTA Max EU 2000 weer moet opladen.Draagbaarheid: deze draagbare stroombron is ontworpen met het oog op draagbaarheid. Met een compact formaat en een draagbeugel is de DELTA Max EU 2000 gemakkelijk mee te nemen op je avonturen.Zonne-energie: de bundel wordt geleverd met een hoogwaardig zonnepaneel van 400 W dat zonlicht effici\u00ebnt omzet in elektriciteit. Dit zorgt voor een duurzame en onafhankelijke stroomvoorziening, waar je ook bent.Zuivere sinusgolf: De DELTA Max EU 2000 levert een zuivere sinusgolf, vergelijkbaar met het lichtnet. Dit zorgt voor een stabiele en veilige stroomvoorziening voor gevoelige elektronica, waaronder laptops, medische apparaten en meer.Snellaadmogelijkheden: Met geavanceerde laadtechnologie\u00ebn kunt u de DELTA Max EU 2000 snel opladen via stopcontacten, autoladers of het meegeleverde zonnepaneel. Zo geniet je snel weer van power, ook als je onderweg bent.","og_url":"https:\/\/koningdrone.be\/es\/producto\/ecoflow-delta-max2000-bundleone-400w\/","og_site_name":"koningdrone.be","article_modified_time":"2026-04-29T12:30:14+00:00","og_image":[{"width":1000,"height":1000,"url":"https:\/\/koningdrone.be\/wp-content\/uploads\/sites\/13\/2025\/04\/5706649033182-1.jpg","type":"image\/jpeg"}],"twitter_card":"summary_large_image","twitter_misc":{"Tiempo de lectura":"1 minuto"},"schema":{"@context":"https:\/\/schema.org","@graph":[{"@type":"WebPage","@id":"https:\/\/koningdrone.be\/product\/ecoflow-delta-max2000-bundleone-400w\/","url":"https:\/\/koningdrone.be\/product\/ecoflow-delta-max2000-bundleone-400w\/","name":"Ecoflow DELTA Max(2000) Bundle(one 400W) - koningdrone.be","isPartOf":{"@id":"https:\/\/koningdrone.be\/#website"},"primaryImageOfPage":{"@id":"https:\/\/koningdrone.be\/product\/ecoflow-delta-max2000-bundleone-400w\/#primaryimage"},"image":{"@id":"https:\/\/koningdrone.be\/product\/ecoflow-delta-max2000-bundleone-400w\/#primaryimage"},"thumbnailUrl":"https:\/\/koningdrone.be\/wp-content\/uploads\/sites\/13\/2025\/04\/5706649033182-1.jpg","datePublished":"2023-07-05T11:44:55+00:00","dateModified":"2026-04-29T12:30:14+00:00","breadcrumb":{"@id":"https:\/\/koningdrone.be\/product\/ecoflow-delta-max2000-bundleone-400w\/#breadcrumb"},"inLanguage":"es","potentialAction":[{"@type":"ReadAction","target":["https:\/\/koningdrone.be\/product\/ecoflow-delta-max2000-bundleone-400w\/"]}]},{"@type":"ImageObject","inLanguage":"es","@id":"https:\/\/koningdrone.be\/product\/ecoflow-delta-max2000-bundleone-400w\/#primaryimage","url":"https:\/\/koningdrone.be\/wp-content\/uploads\/sites\/13\/2025\/04\/5706649033182-1.jpg","contentUrl":"https:\/\/koningdrone.be\/wp-content\/uploads\/sites\/13\/2025\/04\/5706649033182-1.jpg","width":1000,"height":1000},{"@type":"BreadcrumbList","@id":"https:\/\/koningdrone.be\/product\/ecoflow-delta-max2000-bundleone-400w\/#breadcrumb","itemListElement":[{"@type":"ListItem","position":1,"name":"Home","item":"https:\/\/koningdrone.be\/"},{"@type":"ListItem","position":2,"name":"AVSS Parachute Recovery System for DJI Matrice 300\/350","item":"https:\/\/koningdrone.be\/product\/avss-parachute-recovery-system-for-dji-matrice-300-350\/"},{"@type":"ListItem","position":3,"name":"Alle producten","item":"https:\/\/koningdrone.be\/categorie\/alle-producten\/"},{"@type":"ListItem","position":4,"name":"Ecoflow DELTA Max(2000) Bundle(one 400W)"}]},{"@type":"WebSite","@id":"https:\/\/koningdrone.be\/#website","url":"https:\/\/koningdrone.be\/","name":"Koningdrone.be - Su especialista en l\u00ednea en drones, cardanes, c\u00e1maras y centrales el\u00e9ctricas.","description":"La tienda virtual de drones y cardanes","publisher":{"@id":"https:\/\/koningdrone.be\/#organization"},"potentialAction":[{"@type":"SearchAction","target":{"@type":"EntryPoint","urlTemplate":"https:\/\/koningdrone.be\/?s={search_term_string}"},"query-input":{"@type":"PropertyValueSpecification","valueRequired":true,"valueName":"search_term_string"}}],"inLanguage":"es"},{"@type":"Organization","@id":"https:\/\/koningdrone.be\/#organization","name":"Kingdrone.es","url":"https:\/\/koningdrone.be\/","logo":{"@type":"ImageObject","inLanguage":"es","@id":"https:\/\/koningdrone.be\/#\/schema\/logo\/image\/","url":"https:\/\/koningdrone.be\/wp-content\/uploads\/sites\/13\/2025\/04\/koningdrone-copyright-logo.svg","contentUrl":"https:\/\/koningdrone.be\/wp-content\/uploads\/sites\/13\/2025\/04\/koningdrone-copyright-logo.svg","width":227,"height":38,"caption":"Koningdrone.be"},"image":{"@id":"https:\/\/koningdrone.be\/#\/schema\/logo\/image\/"}}]}},"df_price":"","df_sale_price":"","df_regular_price":"","df_image_link":"https:\/\/koningdrone.be\/wp-content\/uploads\/sites\/13\/2025\/04\/5706649033182-1-300x300.jpg","_links":{"self":[{"href":"https:\/\/koningdrone.be\/es\/wp-json\/wp\/v2\/product\/4655","targetHints":{"allow":["GET"]}}],"collection":[{"href":"https:\/\/koningdrone.be\/es\/wp-json\/wp\/v2\/product"}],"about":[{"href":"https:\/\/koningdrone.be\/es\/wp-json\/wp\/v2\/types\/product"}],"wp:featuredmedia":[{"embeddable":true,"href":"https:\/\/koningdrone.be\/es\/wp-json\/wp\/v2\/media\/4653"}],"wp:attachment":[{"href":"https:\/\/koningdrone.be\/es\/wp-json\/wp\/v2\/media?parent=4655"}],"wp:term":[{"taxonomy":"product_brand","embeddable":true,"href":"https:\/\/koningdrone.be\/es\/wp-json\/wp\/v2\/product_brand?post=4655"},{"taxonomy":"product_cat","embeddable":true,"href":"https:\/\/koningdrone.be\/es\/wp-json\/wp\/v2\/product_cat?post=4655"},{"taxonomy":"product_tag","embeddable":true,"href":"https:\/\/koningdrone.be\/es\/wp-json\/wp\/v2\/product_tag?post=4655"}],"curies":[{"name":"wp","href":"https:\/\/api.w.org\/{rel}","templated":true}]}}