{"id":4652,"date":"2023-07-05T13:44:55","date_gmt":"2023-07-05T11:44:55","guid":{"rendered":"https:\/\/koningdrone.nl\/kon\/product\/ecoflow-delta-pro-bundle-two-400w-solr\/"},"modified":"2026-04-29T14:30:02","modified_gmt":"2026-04-29T12:30:02","slug":"ecoflow-delta-pro-bundle-two-400w-solr","status":"publish","type":"product","link":"https:\/\/koningdrone.be\/es\/producto\/ecoflow-delta-pro-bundle-two-400w-solr\/","title":{"rendered":"Ecoflow DELTA Pro Bundle (dos Solr de 400W)"},"content":{"rendered":"<p><strong>Conozca la EcoFlow DELTA Pro EU<\/strong><\/p>\n<p>El EcoFlow DELTA Pro EU es un potente generador de energ\u00eda port\u00e1til que incluye dos paneles solares de 400 W de alta calidad. Tanto si est\u00e1s de viaje, de acampada o simplemente necesitas una fuente de energ\u00eda fiable, el DELTA Pro EU te da la libertad de disponer de energ\u00eda en cualquier lugar. <\/p>\n<p><strong>Capacidad energ\u00e9tica y salida de onda senoidal pura<\/strong><\/p>\n<p>La EcoFlow DELTA Pro EU tiene una potencia de salida inigualable de 3500Wh, lo que le permite cargar y utilizar todos sus dispositivos sin preocuparse por los cortes de corriente. Con su salida de onda sinusoidal pura, el DELTA Pro EU proporciona una potencia limpia y estable, similar a la de la red el\u00e9ctrica, para mantener a salvo sus dispositivos electr\u00f3nicos mientras se desplaza.<\/p>\n<p><strong>Suministro eficiente de energ\u00eda de los paneles solares<\/strong><\/p>\n<p>Este paquete es \u00fanico gracias a la incorporaci\u00f3n de dos paneles solares de 400 W, que proporcionan una energ\u00eda eficiente y fiable. Simplemente desplegando los paneles y coloc\u00e1ndolos al sol, podr\u00e1 cargar su DELTA Pro EU directamente desde el sol y no depender\u00e1 de la red el\u00e9ctrica. Esto no s\u00f3lo es bueno para el medio ambiente, sino que tambi\u00e9n ahorra en costes de energ\u00eda.<\/p>\n<p><strong>Acceso a la energ\u00eda en cualquier momento y lugar<\/strong><\/p>\n<p>Con la EcoFlow DELTA Pro EU y los paneles solares incluidos, tendr\u00e1 acceso a la energ\u00eda en cualquier lugar y en cualquier momento. Tanto si va de acampada como si asiste a un festival al aire libre o simplemente quiere estar preparado para emergencias, este paquete le ofrece la tranquilidad de saber que nunca se quedar\u00e1 sin energ\u00eda. Gracias a su portabilidad y facilidad de uso, podr\u00e1 transportar e instalar f\u00e1cilmente el DELTA Pro EU en cualquier lugar.<\/p>\n<p><strong>Tecnolog\u00edas avanzadas y pantalla LCD intuitiva<\/strong><\/p>\n<p>Con tecnolog\u00edas avanzadas como la carga X-Stream y la tecnolog\u00eda de carga r\u00e1pida, podr\u00e1 cargar la DELTA Pro EU en tan solo unas horas a trav\u00e9s de un enchufe de pared, un cargador de coche o, por supuesto, los paneles solares. Adem\u00e1s, la DELTA Pro EU est\u00e1 equipada con una pantalla LCD intuitiva que le permite controlar el estado de la bater\u00eda, el consumo y la corriente de carga.<\/p>\n<p><strong>La elecci\u00f3n perfecta para una soluci\u00f3n de alimentaci\u00f3n port\u00e1til<\/strong><\/p>\n<p>La EcoFlow DELTA Pro EU combinada con 2 paneles solares de 400W es la elecci\u00f3n perfecta para cualquiera que necesite una soluci\u00f3n energ\u00e9tica fiable y port\u00e1til. Disfrute de la libertad y la flexibilidad de la energ\u00eda limpia est\u00e9 donde est\u00e9.<\/p>\n<p><\/p>","protected":false},"excerpt":{"rendered":"<ul>\n<li>El EcoFlow DELTA Pro con 2x 400W paneles solares es la soluci\u00f3n de energ\u00eda port\u00e1til sobre la marcha.<\/li>\n<li>Con una capacidad de 3500Wh y salida de onda sinusoidal pura, carga todos tus dispositivos sin esfuerzo.<\/li>\n<li>Los paneles solares incluidos proporcionan una generaci\u00f3n de energ\u00eda sostenible est\u00e9s donde est\u00e9s.<\/li>\n<li>La DELTA Pro se puede cargar a trav\u00e9s de enchufes de pared, cargadores de coche o paneles solares, y la intuitiva pantalla LCD le mantiene informado del estado de la bater\u00eda.<\/li>\n<li>Elija libertad y flexibilidad con el EcoFlow DELTA Pro y mant\u00e9ngase conectado en cualquier momento y lugar.<\/li>\n<\/ul>","protected":false},"featured_media":4649,"template":"","meta":{"_acf_changed":false},"product_brand":[],"product_cat":[97,245,415],"product_tag":[],"class_list":{"0":"post-4652","1":"product","2":"type-product","3":"status-publish","4":"has-post-thumbnail","6":"product_cat-alle-producten","7":"product_cat-ecoflow","8":"product_cat-energy","9":"product_shipping_class-outofstock","10":"pa_brand-ecoflow","11":"pa_productfamily-generator","12":"pa_producttype-generator","13":"pa_series-delta-pro","15":"first","16":"outofstock","17":"taxable","18":"shipping-taxable","19":"product-type-simple"},"acf":[],"yoast_head":"<!-- This site is optimized with the Yoast SEO Premium plugin v27.2 (Yoast SEO v27.2) - https:\/\/yoast.com\/product\/yoast-seo-premium-wordpress\/ -->\n<title>Ecoflow DELTA Pro Bundle (two 400W Solr) - koningdrone.be<\/title>\n<meta name=\"robots\" content=\"index, follow, max-snippet:-1, max-image-preview:large, max-video-preview:-1\" \/>\n<link rel=\"canonical\" href=\"https:\/\/koningdrone.be\/es\/producto\/ecoflow-delta-pro-bundle-two-400w-solr\/\" \/>\n<meta property=\"og:locale\" content=\"es_ES\" \/>\n<meta property=\"og:type\" content=\"article\" \/>\n<meta property=\"og:title\" content=\"Ecoflow DELTA Pro Bundle (two 400W Solr)\" \/>\n<meta property=\"og:description\" content=\"De EcoFlow DELTA Pro met 2x 400W zonnepanelen is d\u00e9 draagbare energieoplossing voor onderweg.Met een capaciteit van 3500Wh en zuivere sinusgolfoutput laad je al je apparaten moeiteloos op.De meegeleverde zonnepanelen zorgen voor duurzame energieopwekking, waar u ook bent.De DELTA Pro kan worden opgeladen via stopcontacten, autoladers of de zonnepanelen, en het intu\u00eftieve LCD-scherm houdt u op de hoogte van de batterijstatus.Kies voor vrijheid en flexibiliteit met de EcoFlow DELTA Pro en blijf altijd en overal verbonden.\" \/>\n<meta property=\"og:url\" content=\"https:\/\/koningdrone.be\/es\/producto\/ecoflow-delta-pro-bundle-two-400w-solr\/\" \/>\n<meta property=\"og:site_name\" content=\"koningdrone.be\" \/>\n<meta property=\"article:modified_time\" content=\"2026-04-29T12:30:02+00:00\" \/>\n<meta property=\"og:image\" content=\"https:\/\/koningdrone.be\/wp-content\/uploads\/sites\/13\/2025\/04\/5706649033199-1.jpg\" \/>\n\t<meta property=\"og:image:width\" content=\"1000\" \/>\n\t<meta property=\"og:image:height\" content=\"1000\" \/>\n\t<meta property=\"og:image:type\" content=\"image\/jpeg\" \/>\n<meta name=\"twitter:card\" content=\"summary_large_image\" \/>\n<meta name=\"twitter:label1\" content=\"Tiempo de lectura\" \/>\n\t<meta name=\"twitter:data1\" content=\"2 minutos\" \/>\n<script type=\"application\/ld+json\" class=\"yoast-schema-graph\">{\"@context\":\"https:\/\/schema.org\",\"@graph\":[{\"@type\":\"WebPage\",\"@id\":\"https:\/\/koningdrone.be\/product\/ecoflow-delta-pro-bundle-two-400w-solr\/\",\"url\":\"https:\/\/koningdrone.be\/product\/ecoflow-delta-pro-bundle-two-400w-solr\/\",\"name\":\"Ecoflow DELTA Pro Bundle (two 400W Solr) - koningdrone.be\",\"isPartOf\":{\"@id\":\"https:\/\/koningdrone.be\/#website\"},\"primaryImageOfPage\":{\"@id\":\"https:\/\/koningdrone.be\/product\/ecoflow-delta-pro-bundle-two-400w-solr\/#primaryimage\"},\"image\":{\"@id\":\"https:\/\/koningdrone.be\/product\/ecoflow-delta-pro-bundle-two-400w-solr\/#primaryimage\"},\"thumbnailUrl\":\"https:\/\/koningdrone.be\/wp-content\/uploads\/sites\/13\/2025\/04\/5706649033199-1.jpg\",\"datePublished\":\"2023-07-05T11:44:55+00:00\",\"dateModified\":\"2026-04-29T12:30:02+00:00\",\"breadcrumb\":{\"@id\":\"https:\/\/koningdrone.be\/product\/ecoflow-delta-pro-bundle-two-400w-solr\/#breadcrumb\"},\"inLanguage\":\"es\",\"potentialAction\":[{\"@type\":\"ReadAction\",\"target\":[\"https:\/\/koningdrone.be\/product\/ecoflow-delta-pro-bundle-two-400w-solr\/\"]}]},{\"@type\":\"ImageObject\",\"inLanguage\":\"es\",\"@id\":\"https:\/\/koningdrone.be\/product\/ecoflow-delta-pro-bundle-two-400w-solr\/#primaryimage\",\"url\":\"https:\/\/koningdrone.be\/wp-content\/uploads\/sites\/13\/2025\/04\/5706649033199-1.jpg\",\"contentUrl\":\"https:\/\/koningdrone.be\/wp-content\/uploads\/sites\/13\/2025\/04\/5706649033199-1.jpg\",\"width\":1000,\"height\":1000},{\"@type\":\"BreadcrumbList\",\"@id\":\"https:\/\/koningdrone.be\/product\/ecoflow-delta-pro-bundle-two-400w-solr\/#breadcrumb\",\"itemListElement\":[{\"@type\":\"ListItem\",\"position\":1,\"name\":\"Home\",\"item\":\"https:\/\/koningdrone.be\/\"},{\"@type\":\"ListItem\",\"position\":2,\"name\":\"AVSS Parachute Recovery System for DJI Matrice 300\/350\",\"item\":\"https:\/\/koningdrone.be\/product\/avss-parachute-recovery-system-for-dji-matrice-300-350\/\"},{\"@type\":\"ListItem\",\"position\":3,\"name\":\"Alle producten\",\"item\":\"https:\/\/koningdrone.be\/categorie\/alle-producten\/\"},{\"@type\":\"ListItem\",\"position\":4,\"name\":\"Ecoflow DELTA Pro Bundle (two 400W Solr)\"}]},{\"@type\":\"WebSite\",\"@id\":\"https:\/\/koningdrone.be\/#website\",\"url\":\"https:\/\/koningdrone.be\/\",\"name\":\"Koningdrone.be - Uw online specialist in drones, gimbals, camera's en power stations.\",\"description\":\"De webshop in drones en gimbals\",\"publisher\":{\"@id\":\"https:\/\/koningdrone.be\/#organization\"},\"potentialAction\":[{\"@type\":\"SearchAction\",\"target\":{\"@type\":\"EntryPoint\",\"urlTemplate\":\"https:\/\/koningdrone.be\/?s={search_term_string}\"},\"query-input\":{\"@type\":\"PropertyValueSpecification\",\"valueRequired\":true,\"valueName\":\"search_term_string\"}}],\"inLanguage\":\"es\"},{\"@type\":\"Organization\",\"@id\":\"https:\/\/koningdrone.be\/#organization\",\"name\":\"Koningdrone.be\",\"url\":\"https:\/\/koningdrone.be\/\",\"logo\":{\"@type\":\"ImageObject\",\"inLanguage\":\"es\",\"@id\":\"https:\/\/koningdrone.be\/#\/schema\/logo\/image\/\",\"url\":\"https:\/\/koningdrone.be\/wp-content\/uploads\/sites\/13\/2025\/04\/koningdrone-copyright-logo.svg\",\"contentUrl\":\"https:\/\/koningdrone.be\/wp-content\/uploads\/sites\/13\/2025\/04\/koningdrone-copyright-logo.svg\",\"width\":227,\"height\":38,\"caption\":\"Koningdrone.be\"},\"image\":{\"@id\":\"https:\/\/koningdrone.be\/#\/schema\/logo\/image\/\"}}]}<\/script>\n<!-- \/ Yoast SEO Premium plugin. -->","yoast_head_json":{"title":"Ecoflow DELTA Pro Bundle (two 400W Solr) - koningdrone.be","robots":{"index":"index","follow":"follow","max-snippet":"max-snippet:-1","max-image-preview":"max-image-preview:large","max-video-preview":"max-video-preview:-1"},"canonical":"https:\/\/koningdrone.be\/es\/producto\/ecoflow-delta-pro-bundle-two-400w-solr\/","og_locale":"es_ES","og_type":"article","og_title":"Ecoflow DELTA Pro Bundle (two 400W Solr)","og_description":"De EcoFlow DELTA Pro met 2x 400W zonnepanelen is d\u00e9 draagbare energieoplossing voor onderweg.Met een capaciteit van 3500Wh en zuivere sinusgolfoutput laad je al je apparaten moeiteloos op.De meegeleverde zonnepanelen zorgen voor duurzame energieopwekking, waar u ook bent.De DELTA Pro kan worden opgeladen via stopcontacten, autoladers of de zonnepanelen, en het intu\u00eftieve LCD-scherm houdt u op de hoogte van de batterijstatus.Kies voor vrijheid en flexibiliteit met de EcoFlow DELTA Pro en blijf altijd en overal verbonden.","og_url":"https:\/\/koningdrone.be\/es\/producto\/ecoflow-delta-pro-bundle-two-400w-solr\/","og_site_name":"koningdrone.be","article_modified_time":"2026-04-29T12:30:02+00:00","og_image":[{"width":1000,"height":1000,"url":"https:\/\/koningdrone.be\/wp-content\/uploads\/sites\/13\/2025\/04\/5706649033199-1.jpg","type":"image\/jpeg"}],"twitter_card":"summary_large_image","twitter_misc":{"Tiempo de lectura":"2 minutos"},"schema":{"@context":"https:\/\/schema.org","@graph":[{"@type":"WebPage","@id":"https:\/\/koningdrone.be\/product\/ecoflow-delta-pro-bundle-two-400w-solr\/","url":"https:\/\/koningdrone.be\/product\/ecoflow-delta-pro-bundle-two-400w-solr\/","name":"Ecoflow DELTA Pro Bundle (two 400W Solr) - koningdrone.be","isPartOf":{"@id":"https:\/\/koningdrone.be\/#website"},"primaryImageOfPage":{"@id":"https:\/\/koningdrone.be\/product\/ecoflow-delta-pro-bundle-two-400w-solr\/#primaryimage"},"image":{"@id":"https:\/\/koningdrone.be\/product\/ecoflow-delta-pro-bundle-two-400w-solr\/#primaryimage"},"thumbnailUrl":"https:\/\/koningdrone.be\/wp-content\/uploads\/sites\/13\/2025\/04\/5706649033199-1.jpg","datePublished":"2023-07-05T11:44:55+00:00","dateModified":"2026-04-29T12:30:02+00:00","breadcrumb":{"@id":"https:\/\/koningdrone.be\/product\/ecoflow-delta-pro-bundle-two-400w-solr\/#breadcrumb"},"inLanguage":"es","potentialAction":[{"@type":"ReadAction","target":["https:\/\/koningdrone.be\/product\/ecoflow-delta-pro-bundle-two-400w-solr\/"]}]},{"@type":"ImageObject","inLanguage":"es","@id":"https:\/\/koningdrone.be\/product\/ecoflow-delta-pro-bundle-two-400w-solr\/#primaryimage","url":"https:\/\/koningdrone.be\/wp-content\/uploads\/sites\/13\/2025\/04\/5706649033199-1.jpg","contentUrl":"https:\/\/koningdrone.be\/wp-content\/uploads\/sites\/13\/2025\/04\/5706649033199-1.jpg","width":1000,"height":1000},{"@type":"BreadcrumbList","@id":"https:\/\/koningdrone.be\/product\/ecoflow-delta-pro-bundle-two-400w-solr\/#breadcrumb","itemListElement":[{"@type":"ListItem","position":1,"name":"Home","item":"https:\/\/koningdrone.be\/"},{"@type":"ListItem","position":2,"name":"AVSS Parachute Recovery System for DJI Matrice 300\/350","item":"https:\/\/koningdrone.be\/product\/avss-parachute-recovery-system-for-dji-matrice-300-350\/"},{"@type":"ListItem","position":3,"name":"Alle producten","item":"https:\/\/koningdrone.be\/categorie\/alle-producten\/"},{"@type":"ListItem","position":4,"name":"Ecoflow DELTA Pro Bundle (two 400W Solr)"}]},{"@type":"WebSite","@id":"https:\/\/koningdrone.be\/#website","url":"https:\/\/koningdrone.be\/","name":"Koningdrone.be - Su especialista en l\u00ednea en drones, cardanes, c\u00e1maras y centrales el\u00e9ctricas.","description":"La tienda virtual de drones y cardanes","publisher":{"@id":"https:\/\/koningdrone.be\/#organization"},"potentialAction":[{"@type":"SearchAction","target":{"@type":"EntryPoint","urlTemplate":"https:\/\/koningdrone.be\/?s={search_term_string}"},"query-input":{"@type":"PropertyValueSpecification","valueRequired":true,"valueName":"search_term_string"}}],"inLanguage":"es"},{"@type":"Organization","@id":"https:\/\/koningdrone.be\/#organization","name":"Kingdrone.es","url":"https:\/\/koningdrone.be\/","logo":{"@type":"ImageObject","inLanguage":"es","@id":"https:\/\/koningdrone.be\/#\/schema\/logo\/image\/","url":"https:\/\/koningdrone.be\/wp-content\/uploads\/sites\/13\/2025\/04\/koningdrone-copyright-logo.svg","contentUrl":"https:\/\/koningdrone.be\/wp-content\/uploads\/sites\/13\/2025\/04\/koningdrone-copyright-logo.svg","width":227,"height":38,"caption":"Koningdrone.be"},"image":{"@id":"https:\/\/koningdrone.be\/#\/schema\/logo\/image\/"}}]}},"df_price":"","df_sale_price":"","df_regular_price":"","df_image_link":"https:\/\/koningdrone.be\/wp-content\/uploads\/sites\/13\/2025\/04\/5706649033199-1-300x300.jpg","_links":{"self":[{"href":"https:\/\/koningdrone.be\/es\/wp-json\/wp\/v2\/product\/4652","targetHints":{"allow":["GET"]}}],"collection":[{"href":"https:\/\/koningdrone.be\/es\/wp-json\/wp\/v2\/product"}],"about":[{"href":"https:\/\/koningdrone.be\/es\/wp-json\/wp\/v2\/types\/product"}],"wp:featuredmedia":[{"embeddable":true,"href":"https:\/\/koningdrone.be\/es\/wp-json\/wp\/v2\/media\/4649"}],"wp:attachment":[{"href":"https:\/\/koningdrone.be\/es\/wp-json\/wp\/v2\/media?parent=4652"}],"wp:term":[{"taxonomy":"product_brand","embeddable":true,"href":"https:\/\/koningdrone.be\/es\/wp-json\/wp\/v2\/product_brand?post=4652"},{"taxonomy":"product_cat","embeddable":true,"href":"https:\/\/koningdrone.be\/es\/wp-json\/wp\/v2\/product_cat?post=4652"},{"taxonomy":"product_tag","embeddable":true,"href":"https:\/\/koningdrone.be\/es\/wp-json\/wp\/v2\/product_tag?post=4652"}],"curies":[{"name":"wp","href":"https:\/\/api.w.org\/{rel}","templated":true}]}}