{"id":4648,"date":"2023-07-05T13:44:55","date_gmt":"2023-07-05T11:44:55","guid":{"rendered":"https:\/\/koningdrone.nl\/kon\/product\/ecoflow-delta-max1600-bundletwo-220w\/"},"modified":"2026-04-29T14:30:16","modified_gmt":"2026-04-29T12:30:16","slug":"ecoflow-delta-max1600-bundletwo-220w","status":"publish","type":"product","link":"https:\/\/koningdrone.be\/es\/producto\/ecoflow-delta-max1600-bundletwo-220w\/","title":{"rendered":"Paquete Ecoflow DELTA Max(1600)(dos 220W)"},"content":{"rendered":"<p>La DELTA Max es una central el\u00e9ctrica port\u00e1til ideal para suministrar energ\u00eda a su hogar durante un apag\u00f3n. Con una capacidad ampliable de hasta 6 kWh, la DELTA Max puede alimentar aparatos pesados de hasta 3000 W, como frigor\u00edficos y secadoras. Adem\u00e1s, el DELTA Max puede conectarse a hasta 4 paneles solares EcoFlow de 220 W para una carga r\u00e1pida y velocidades solares. El algoritmo MPPT inteligente garantiza una generaci\u00f3n de energ\u00eda \u00f3ptima durante todo el d\u00eda, incluso en d\u00edas nublados. Con la app EcoFlow, puede controlar y gestionar f\u00e1cilmente su consumo de energ\u00eda. <\/p>\n<p><strong>Especificaciones t\u00e9cnicas<\/strong><\/p>\n<p>La DELTA Max tiene un peso neto de unos 22 kg y varias especificaciones \u00fatiles, como temperaturas de carga y descarga, varios m\u00e9todos de carga, una capacidad de 1612Wh y una vida \u00fatil de 500 ciclos a capacidad 80%+. Adem\u00e1s, el DELTA Max cuenta con varias salidas, incluidas salidas de CA de onda sinusoidal pura, puertos USB, salidas USB-C y funcionalidad Wi-Fi. El panel solar de 220 W incluido tiene una potencia nominal de 220 W en la parte delantera y 155 W en la parte trasera, con silicio monocristalino como tipo de c\u00e9lula. El panel solar tiene una eficiencia de 22-23% y viene con especificaciones de dimensiones, tensi\u00f3n en vac\u00edo, corriente de cortocircuito y peso.<\/p>\n<p><\/p>","protected":false},"excerpt":{"rendered":"<ul>\n<li>Genera hasta 3,5 kWh a 4 kWh al d\u00eda.<\/li>\n<li>Salida de CA de 2000 W a 2400 W.<\/li>\n<li>Conversi\u00f3n de hasta 23% con un exclusivo dise\u00f1o bifacial dos en uno para garantizar una r\u00e1pida velocidad de carga solar: 0-100% en 3-3,5 horas (3 juegos), 4,5-5,5 horas (2 juegos) y 9-11 horas (1 juego).<\/li>\n<li>IP68 resistente al polvo y al agua.<\/li>\n<li>Mando a distancia inteligente con la aplicaci\u00f3n EcoFlow.<\/li>\n<li>3 a\u00f1os de garant\u00eda para DELTA Max y 24 meses de garant\u00eda para el panel solar port\u00e1til Bifacial de 220 W.<\/li>\n<\/ul>","protected":false},"featured_media":4647,"template":"","meta":{"_acf_changed":false},"product_brand":[],"product_cat":[97,245,415],"product_tag":[],"class_list":{"0":"post-4648","1":"product","2":"type-product","3":"status-publish","4":"has-post-thumbnail","6":"product_cat-alle-producten","7":"product_cat-ecoflow","8":"product_cat-energy","9":"product_shipping_class-outofstock","10":"pa_brand-ecoflow","11":"pa_productfamily-generator","12":"pa_producttype-generator","13":"pa_series-delta-max","15":"first","16":"outofstock","17":"taxable","18":"shipping-taxable","19":"product-type-simple"},"acf":[],"yoast_head":"<!-- This site is optimized with the Yoast SEO Premium plugin v27.2 (Yoast SEO v27.2) - https:\/\/yoast.com\/product\/yoast-seo-premium-wordpress\/ -->\n<title>Ecoflow DELTA Max(1600) Bundle(two 220W) - koningdrone.be<\/title>\n<meta name=\"robots\" content=\"index, follow, max-snippet:-1, max-image-preview:large, max-video-preview:-1\" \/>\n<link rel=\"canonical\" href=\"https:\/\/koningdrone.be\/es\/producto\/ecoflow-delta-max1600-bundletwo-220w\/\" \/>\n<meta property=\"og:locale\" content=\"es_ES\" \/>\n<meta property=\"og:type\" content=\"article\" \/>\n<meta property=\"og:title\" content=\"Ecoflow DELTA Max(1600) Bundle(two 220W)\" \/>\n<meta property=\"og:description\" content=\"Genereert tot 3,5 kWh tot 4 kWh per dag.2000W tot 2400W AC-uitgang.Tot 23% conversie met een uniek twee-in-\u00e9\u00e9n bifaciaal ontwerp om een snelle oplaadsnelheid van zonne-energie te garanderen: 0-100% in 3-3,5 uur (3 sets), 4,5-5,5 uur (2 sets) en 9-11 uur (1 reeks).IP68 stof- en waterbestendig.Slimme afstandsbediening met EcoFlow app.3 jaar garantie op DELTA Max en 24 maanden garantie op 220W Bifacial draagbaar zonnepaneel.\" \/>\n<meta property=\"og:url\" content=\"https:\/\/koningdrone.be\/es\/producto\/ecoflow-delta-max1600-bundletwo-220w\/\" \/>\n<meta property=\"og:site_name\" content=\"koningdrone.be\" \/>\n<meta property=\"article:modified_time\" content=\"2026-04-29T12:30:16+00:00\" \/>\n<meta property=\"og:image\" content=\"https:\/\/koningdrone.be\/wp-content\/uploads\/sites\/13\/2025\/04\/5706649033205.webp\" \/>\n\t<meta property=\"og:image:width\" content=\"2000\" \/>\n\t<meta property=\"og:image:height\" content=\"2000\" \/>\n\t<meta property=\"og:image:type\" content=\"image\/webp\" \/>\n<meta name=\"twitter:card\" content=\"summary_large_image\" \/>\n<meta name=\"twitter:label1\" content=\"Tiempo de lectura\" \/>\n\t<meta name=\"twitter:data1\" content=\"1 minuto\" \/>\n<script type=\"application\/ld+json\" class=\"yoast-schema-graph\">{\"@context\":\"https:\/\/schema.org\",\"@graph\":[{\"@type\":\"WebPage\",\"@id\":\"https:\/\/koningdrone.be\/product\/ecoflow-delta-max1600-bundletwo-220w\/\",\"url\":\"https:\/\/koningdrone.be\/product\/ecoflow-delta-max1600-bundletwo-220w\/\",\"name\":\"Ecoflow DELTA Max(1600) Bundle(two 220W) - koningdrone.be\",\"isPartOf\":{\"@id\":\"https:\/\/koningdrone.be\/#website\"},\"primaryImageOfPage\":{\"@id\":\"https:\/\/koningdrone.be\/product\/ecoflow-delta-max1600-bundletwo-220w\/#primaryimage\"},\"image\":{\"@id\":\"https:\/\/koningdrone.be\/product\/ecoflow-delta-max1600-bundletwo-220w\/#primaryimage\"},\"thumbnailUrl\":\"https:\/\/koningdrone.be\/wp-content\/uploads\/sites\/13\/2025\/04\/5706649033205.webp\",\"datePublished\":\"2023-07-05T11:44:55+00:00\",\"dateModified\":\"2026-04-29T12:30:16+00:00\",\"breadcrumb\":{\"@id\":\"https:\/\/koningdrone.be\/product\/ecoflow-delta-max1600-bundletwo-220w\/#breadcrumb\"},\"inLanguage\":\"es\",\"potentialAction\":[{\"@type\":\"ReadAction\",\"target\":[\"https:\/\/koningdrone.be\/product\/ecoflow-delta-max1600-bundletwo-220w\/\"]}]},{\"@type\":\"ImageObject\",\"inLanguage\":\"es\",\"@id\":\"https:\/\/koningdrone.be\/product\/ecoflow-delta-max1600-bundletwo-220w\/#primaryimage\",\"url\":\"https:\/\/koningdrone.be\/wp-content\/uploads\/sites\/13\/2025\/04\/5706649033205.webp\",\"contentUrl\":\"https:\/\/koningdrone.be\/wp-content\/uploads\/sites\/13\/2025\/04\/5706649033205.webp\",\"width\":2000,\"height\":2000},{\"@type\":\"BreadcrumbList\",\"@id\":\"https:\/\/koningdrone.be\/product\/ecoflow-delta-max1600-bundletwo-220w\/#breadcrumb\",\"itemListElement\":[{\"@type\":\"ListItem\",\"position\":1,\"name\":\"Home\",\"item\":\"https:\/\/koningdrone.be\/\"},{\"@type\":\"ListItem\",\"position\":2,\"name\":\"AVSS Parachute Recovery System for DJI Matrice 300\/350\",\"item\":\"https:\/\/koningdrone.be\/product\/avss-parachute-recovery-system-for-dji-matrice-300-350\/\"},{\"@type\":\"ListItem\",\"position\":3,\"name\":\"Alle producten\",\"item\":\"https:\/\/koningdrone.be\/categorie\/alle-producten\/\"},{\"@type\":\"ListItem\",\"position\":4,\"name\":\"Ecoflow DELTA Max(1600) Bundle(two 220W)\"}]},{\"@type\":\"WebSite\",\"@id\":\"https:\/\/koningdrone.be\/#website\",\"url\":\"https:\/\/koningdrone.be\/\",\"name\":\"Koningdrone.be - Uw online specialist in drones, gimbals, camera's en power stations.\",\"description\":\"De webshop in drones en gimbals\",\"publisher\":{\"@id\":\"https:\/\/koningdrone.be\/#organization\"},\"potentialAction\":[{\"@type\":\"SearchAction\",\"target\":{\"@type\":\"EntryPoint\",\"urlTemplate\":\"https:\/\/koningdrone.be\/?s={search_term_string}\"},\"query-input\":{\"@type\":\"PropertyValueSpecification\",\"valueRequired\":true,\"valueName\":\"search_term_string\"}}],\"inLanguage\":\"es\"},{\"@type\":\"Organization\",\"@id\":\"https:\/\/koningdrone.be\/#organization\",\"name\":\"Koningdrone.be\",\"url\":\"https:\/\/koningdrone.be\/\",\"logo\":{\"@type\":\"ImageObject\",\"inLanguage\":\"es\",\"@id\":\"https:\/\/koningdrone.be\/#\/schema\/logo\/image\/\",\"url\":\"https:\/\/koningdrone.be\/wp-content\/uploads\/sites\/13\/2025\/04\/koningdrone-copyright-logo.svg\",\"contentUrl\":\"https:\/\/koningdrone.be\/wp-content\/uploads\/sites\/13\/2025\/04\/koningdrone-copyright-logo.svg\",\"width\":227,\"height\":38,\"caption\":\"Koningdrone.be\"},\"image\":{\"@id\":\"https:\/\/koningdrone.be\/#\/schema\/logo\/image\/\"}}]}<\/script>\n<!-- \/ Yoast SEO Premium plugin. -->","yoast_head_json":{"title":"Ecoflow DELTA Max(1600) Bundle(two 220W) - koningdrone.be","robots":{"index":"index","follow":"follow","max-snippet":"max-snippet:-1","max-image-preview":"max-image-preview:large","max-video-preview":"max-video-preview:-1"},"canonical":"https:\/\/koningdrone.be\/es\/producto\/ecoflow-delta-max1600-bundletwo-220w\/","og_locale":"es_ES","og_type":"article","og_title":"Ecoflow DELTA Max(1600) Bundle(two 220W)","og_description":"Genereert tot 3,5 kWh tot 4 kWh per dag.2000W tot 2400W AC-uitgang.Tot 23% conversie met een uniek twee-in-\u00e9\u00e9n bifaciaal ontwerp om een snelle oplaadsnelheid van zonne-energie te garanderen: 0-100% in 3-3,5 uur (3 sets), 4,5-5,5 uur (2 sets) en 9-11 uur (1 reeks).IP68 stof- en waterbestendig.Slimme afstandsbediening met EcoFlow app.3 jaar garantie op DELTA Max en 24 maanden garantie op 220W Bifacial draagbaar zonnepaneel.","og_url":"https:\/\/koningdrone.be\/es\/producto\/ecoflow-delta-max1600-bundletwo-220w\/","og_site_name":"koningdrone.be","article_modified_time":"2026-04-29T12:30:16+00:00","og_image":[{"width":2000,"height":2000,"url":"https:\/\/koningdrone.be\/wp-content\/uploads\/sites\/13\/2025\/04\/5706649033205.webp","type":"image\/webp"}],"twitter_card":"summary_large_image","twitter_misc":{"Tiempo de lectura":"1 minuto"},"schema":{"@context":"https:\/\/schema.org","@graph":[{"@type":"WebPage","@id":"https:\/\/koningdrone.be\/product\/ecoflow-delta-max1600-bundletwo-220w\/","url":"https:\/\/koningdrone.be\/product\/ecoflow-delta-max1600-bundletwo-220w\/","name":"Ecoflow DELTA Max(1600) Bundle(two 220W) - koningdrone.be","isPartOf":{"@id":"https:\/\/koningdrone.be\/#website"},"primaryImageOfPage":{"@id":"https:\/\/koningdrone.be\/product\/ecoflow-delta-max1600-bundletwo-220w\/#primaryimage"},"image":{"@id":"https:\/\/koningdrone.be\/product\/ecoflow-delta-max1600-bundletwo-220w\/#primaryimage"},"thumbnailUrl":"https:\/\/koningdrone.be\/wp-content\/uploads\/sites\/13\/2025\/04\/5706649033205.webp","datePublished":"2023-07-05T11:44:55+00:00","dateModified":"2026-04-29T12:30:16+00:00","breadcrumb":{"@id":"https:\/\/koningdrone.be\/product\/ecoflow-delta-max1600-bundletwo-220w\/#breadcrumb"},"inLanguage":"es","potentialAction":[{"@type":"ReadAction","target":["https:\/\/koningdrone.be\/product\/ecoflow-delta-max1600-bundletwo-220w\/"]}]},{"@type":"ImageObject","inLanguage":"es","@id":"https:\/\/koningdrone.be\/product\/ecoflow-delta-max1600-bundletwo-220w\/#primaryimage","url":"https:\/\/koningdrone.be\/wp-content\/uploads\/sites\/13\/2025\/04\/5706649033205.webp","contentUrl":"https:\/\/koningdrone.be\/wp-content\/uploads\/sites\/13\/2025\/04\/5706649033205.webp","width":2000,"height":2000},{"@type":"BreadcrumbList","@id":"https:\/\/koningdrone.be\/product\/ecoflow-delta-max1600-bundletwo-220w\/#breadcrumb","itemListElement":[{"@type":"ListItem","position":1,"name":"Home","item":"https:\/\/koningdrone.be\/"},{"@type":"ListItem","position":2,"name":"AVSS Parachute Recovery System for DJI Matrice 300\/350","item":"https:\/\/koningdrone.be\/product\/avss-parachute-recovery-system-for-dji-matrice-300-350\/"},{"@type":"ListItem","position":3,"name":"Alle producten","item":"https:\/\/koningdrone.be\/categorie\/alle-producten\/"},{"@type":"ListItem","position":4,"name":"Ecoflow DELTA Max(1600) Bundle(two 220W)"}]},{"@type":"WebSite","@id":"https:\/\/koningdrone.be\/#website","url":"https:\/\/koningdrone.be\/","name":"Koningdrone.be - Su especialista en l\u00ednea en drones, cardanes, c\u00e1maras y centrales el\u00e9ctricas.","description":"La tienda virtual de drones y cardanes","publisher":{"@id":"https:\/\/koningdrone.be\/#organization"},"potentialAction":[{"@type":"SearchAction","target":{"@type":"EntryPoint","urlTemplate":"https:\/\/koningdrone.be\/?s={search_term_string}"},"query-input":{"@type":"PropertyValueSpecification","valueRequired":true,"valueName":"search_term_string"}}],"inLanguage":"es"},{"@type":"Organization","@id":"https:\/\/koningdrone.be\/#organization","name":"Kingdrone.es","url":"https:\/\/koningdrone.be\/","logo":{"@type":"ImageObject","inLanguage":"es","@id":"https:\/\/koningdrone.be\/#\/schema\/logo\/image\/","url":"https:\/\/koningdrone.be\/wp-content\/uploads\/sites\/13\/2025\/04\/koningdrone-copyright-logo.svg","contentUrl":"https:\/\/koningdrone.be\/wp-content\/uploads\/sites\/13\/2025\/04\/koningdrone-copyright-logo.svg","width":227,"height":38,"caption":"Koningdrone.be"},"image":{"@id":"https:\/\/koningdrone.be\/#\/schema\/logo\/image\/"}}]}},"df_price":"","df_sale_price":"","df_regular_price":"","df_image_link":"https:\/\/koningdrone.be\/wp-content\/uploads\/sites\/13\/2025\/04\/5706649033205-300x300.webp","_links":{"self":[{"href":"https:\/\/koningdrone.be\/es\/wp-json\/wp\/v2\/product\/4648","targetHints":{"allow":["GET"]}}],"collection":[{"href":"https:\/\/koningdrone.be\/es\/wp-json\/wp\/v2\/product"}],"about":[{"href":"https:\/\/koningdrone.be\/es\/wp-json\/wp\/v2\/types\/product"}],"wp:featuredmedia":[{"embeddable":true,"href":"https:\/\/koningdrone.be\/es\/wp-json\/wp\/v2\/media\/4647"}],"wp:attachment":[{"href":"https:\/\/koningdrone.be\/es\/wp-json\/wp\/v2\/media?parent=4648"}],"wp:term":[{"taxonomy":"product_brand","embeddable":true,"href":"https:\/\/koningdrone.be\/es\/wp-json\/wp\/v2\/product_brand?post=4648"},{"taxonomy":"product_cat","embeddable":true,"href":"https:\/\/koningdrone.be\/es\/wp-json\/wp\/v2\/product_cat?post=4648"},{"taxonomy":"product_tag","embeddable":true,"href":"https:\/\/koningdrone.be\/es\/wp-json\/wp\/v2\/product_tag?post=4648"}],"curies":[{"name":"wp","href":"https:\/\/api.w.org\/{rel}","templated":true}]}}