{"id":4615,"date":"2023-07-05T13:44:55","date_gmt":"2023-07-05T11:44:55","guid":{"rendered":"https:\/\/koningdrone.nl\/kon\/product\/ecoflow-cable-micro-inverter-to-power-station-car-charge-connector\/"},"modified":"2026-04-29T16:40:28","modified_gmt":"2026-04-29T14:40:28","slug":"ecoflow-cable-micro-inverter-to-power-station-car-charge-connector","status":"publish","type":"product","link":"https:\/\/koningdrone.be\/es\/producto\/ecoflow-cable-micro-inverter-to-power-station-car-charge-connector\/","title":{"rendered":"Ecoflow CABLE MICRO INVERTER TO POWER STATION CAR CHARGE CONNECTOR"},"content":{"rendered":"<p><strong>Caracter\u00edsticas del cable EcoFlow PowerStream<\/strong><\/p>\n<p>El cable EcoFlow PowerStream est\u00e1 especialmente dise\u00f1ado para conectar centrales el\u00e9ctricas port\u00e1tiles de la gama River al microinversor PowerStream. Este cable le permite conectar paneles solares directamente a la central el\u00e9ctrica y, a continuaci\u00f3n, conectar la central el\u00e9ctrica al microinversor. De este modo se garantiza un suministro eficaz de energ\u00eda est\u00e9 donde est\u00e9.<\/p>\n<p><strong>Sostenible y eficiente<\/strong><\/p>\n<p>Este cable no s\u00f3lo es duradero, sino tambi\u00e9n muy eficiente. Est\u00e1 dise\u00f1ado para ofrecer un rendimiento \u00f3ptimo y garantizar que pueda sacar el m\u00e1ximo partido de su estaci\u00f3n de energ\u00eda port\u00e1til. El cable PowerStream es una soluci\u00f3n fiable y pr\u00e1ctica para conectar paneles solares a tu central el\u00e9ctrica.<\/p>\n<p><strong>Adecuado para diferentes situaciones<\/strong><\/p>\n<p>Tanto si est\u00e1 de acampada, en una zona remota o en situaciones de emergencia, el cable EcoFlow PowerStream es adecuado para una gran variedad de situaciones. Esto le permite beneficiarse de una fuente de alimentaci\u00f3n fiable en cualquier momento y lugar.<\/p>\n<p><strong>F\u00e1cil de usar<\/strong><\/p>\n<p>El cable se ha dise\u00f1ado pensando en la facilidad de uso. Es f\u00e1cil de conectar a la central el\u00e9ctrica port\u00e1til y al microinversor. Esto hace que el uso de fuentes de energ\u00eda renovables est\u00e9 al alcance de todos.<\/p>\n<p><strong>Conclusi\u00f3n<\/strong><\/p>\n<p>El cable EcoFlow PowerStream es un accesorio esencial para cualquiera que utilice centrales el\u00e9ctricas port\u00e1tiles. Este cable garantiza un suministro de energ\u00eda estable y eficiente est\u00e9s donde est\u00e9s.<\/p>\n<p><\/p>","protected":false},"excerpt":{"rendered":"<ul>\n<li>Cable de conexi\u00f3n del microinversor EcoFlow a la central el\u00e9ctrica \/ bater\u00eda adicional<\/li>\n<li>Compatible con la serie EcoFlow RIVER<\/li>\n<li>Sencillo sistema plug-and-play<\/li>\n<li>Longitud: 0,5 m<\/li>\n<\/ul>","protected":false},"featured_media":4613,"template":"","meta":{"_acf_changed":false},"product_brand":[],"product_cat":[244,97,245,415],"product_tag":[],"class_list":{"0":"post-4615","1":"product","2":"type-product","3":"status-publish","4":"has-post-thumbnail","6":"product_cat-alle-kabels","7":"product_cat-alle-producten","8":"product_cat-ecoflow","9":"product_cat-energy","10":"product_shipping_class-outofstock","11":"pa_brand-ecoflow","12":"pa_productfamily-kabel","13":"pa_producttype-kabel","15":"first","16":"outofstock","17":"taxable","18":"shipping-taxable","19":"purchasable","20":"product-type-simple"},"acf":[],"yoast_head":"<!-- This site is optimized with the Yoast SEO Premium plugin v27.2 (Yoast SEO v27.2) - https:\/\/yoast.com\/product\/yoast-seo-premium-wordpress\/ -->\n<title>Ecoflow CABLE MICRO INVERTER TO POWER STATION CAR CHARGE CONNECTOR - koningdrone.be<\/title>\n<meta name=\"robots\" content=\"index, follow, max-snippet:-1, max-image-preview:large, max-video-preview:-1\" \/>\n<link rel=\"canonical\" href=\"https:\/\/koningdrone.be\/es\/producto\/ecoflow-cable-micro-inverter-to-power-station-car-charge-connector\/\" \/>\n<meta property=\"og:locale\" content=\"es_ES\" \/>\n<meta property=\"og:type\" content=\"article\" \/>\n<meta property=\"og:title\" content=\"Ecoflow CABLE MICRO INVERTER TO POWER STATION CAR CHARGE CONNECTOR\" \/>\n<meta property=\"og:description\" content=\"Verbindingskabel van de EcoFlow micro-omvormer naar de krachtcentrale \/ extra batterijCompatibel met de EcoFlow RIVER-serieEenvoudig plug &amp; play-systeemLengte: 0,5m\" \/>\n<meta property=\"og:url\" content=\"https:\/\/koningdrone.be\/es\/producto\/ecoflow-cable-micro-inverter-to-power-station-car-charge-connector\/\" \/>\n<meta property=\"og:site_name\" content=\"koningdrone.be\" \/>\n<meta property=\"article:modified_time\" content=\"2026-04-29T14:40:28+00:00\" \/>\n<meta property=\"og:image\" content=\"https:\/\/koningdrone.be\/wp-content\/uploads\/sites\/13\/2025\/04\/4895251606547-1.webp\" \/>\n\t<meta property=\"og:image:width\" content=\"800\" \/>\n\t<meta property=\"og:image:height\" content=\"800\" \/>\n\t<meta property=\"og:image:type\" content=\"image\/webp\" \/>\n<meta name=\"twitter:card\" content=\"summary_large_image\" \/>\n<meta name=\"twitter:label1\" content=\"Tiempo de lectura\" \/>\n\t<meta name=\"twitter:data1\" content=\"1 minuto\" \/>\n<script type=\"application\/ld+json\" class=\"yoast-schema-graph\">{\"@context\":\"https:\/\/schema.org\",\"@graph\":[{\"@type\":\"WebPage\",\"@id\":\"https:\/\/koningdrone.be\/product\/ecoflow-cable-micro-inverter-to-power-station-car-charge-connector\/\",\"url\":\"https:\/\/koningdrone.be\/product\/ecoflow-cable-micro-inverter-to-power-station-car-charge-connector\/\",\"name\":\"Ecoflow CABLE MICRO INVERTER TO POWER STATION CAR CHARGE CONNECTOR - koningdrone.be\",\"isPartOf\":{\"@id\":\"https:\/\/koningdrone.be\/#website\"},\"primaryImageOfPage\":{\"@id\":\"https:\/\/koningdrone.be\/product\/ecoflow-cable-micro-inverter-to-power-station-car-charge-connector\/#primaryimage\"},\"image\":{\"@id\":\"https:\/\/koningdrone.be\/product\/ecoflow-cable-micro-inverter-to-power-station-car-charge-connector\/#primaryimage\"},\"thumbnailUrl\":\"https:\/\/koningdrone.be\/wp-content\/uploads\/sites\/13\/2025\/04\/4895251606547-1.webp\",\"datePublished\":\"2023-07-05T11:44:55+00:00\",\"dateModified\":\"2026-04-29T14:40:28+00:00\",\"breadcrumb\":{\"@id\":\"https:\/\/koningdrone.be\/product\/ecoflow-cable-micro-inverter-to-power-station-car-charge-connector\/#breadcrumb\"},\"inLanguage\":\"es\",\"potentialAction\":[{\"@type\":\"ReadAction\",\"target\":[\"https:\/\/koningdrone.be\/product\/ecoflow-cable-micro-inverter-to-power-station-car-charge-connector\/\"]}]},{\"@type\":\"ImageObject\",\"inLanguage\":\"es\",\"@id\":\"https:\/\/koningdrone.be\/product\/ecoflow-cable-micro-inverter-to-power-station-car-charge-connector\/#primaryimage\",\"url\":\"https:\/\/koningdrone.be\/wp-content\/uploads\/sites\/13\/2025\/04\/4895251606547-1.webp\",\"contentUrl\":\"https:\/\/koningdrone.be\/wp-content\/uploads\/sites\/13\/2025\/04\/4895251606547-1.webp\",\"width\":800,\"height\":800},{\"@type\":\"BreadcrumbList\",\"@id\":\"https:\/\/koningdrone.be\/product\/ecoflow-cable-micro-inverter-to-power-station-car-charge-connector\/#breadcrumb\",\"itemListElement\":[{\"@type\":\"ListItem\",\"position\":1,\"name\":\"Home\",\"item\":\"https:\/\/koningdrone.be\/\"},{\"@type\":\"ListItem\",\"position\":2,\"name\":\"AVSS Parachute Recovery System for DJI Matrice 300\/350\",\"item\":\"https:\/\/koningdrone.be\/product\/avss-parachute-recovery-system-for-dji-matrice-300-350\/\"},{\"@type\":\"ListItem\",\"position\":3,\"name\":\"Alle kabels\",\"item\":\"https:\/\/koningdrone.be\/categorie\/alle-kabels\/\"},{\"@type\":\"ListItem\",\"position\":4,\"name\":\"Ecoflow CABLE MICRO INVERTER TO POWER STATION CAR CHARGE CONNECTOR\"}]},{\"@type\":\"WebSite\",\"@id\":\"https:\/\/koningdrone.be\/#website\",\"url\":\"https:\/\/koningdrone.be\/\",\"name\":\"Koningdrone.be - Uw online specialist in drones, gimbals, camera's en power stations.\",\"description\":\"De webshop in drones en gimbals\",\"publisher\":{\"@id\":\"https:\/\/koningdrone.be\/#organization\"},\"potentialAction\":[{\"@type\":\"SearchAction\",\"target\":{\"@type\":\"EntryPoint\",\"urlTemplate\":\"https:\/\/koningdrone.be\/?s={search_term_string}\"},\"query-input\":{\"@type\":\"PropertyValueSpecification\",\"valueRequired\":true,\"valueName\":\"search_term_string\"}}],\"inLanguage\":\"es\"},{\"@type\":\"Organization\",\"@id\":\"https:\/\/koningdrone.be\/#organization\",\"name\":\"Koningdrone.be\",\"url\":\"https:\/\/koningdrone.be\/\",\"logo\":{\"@type\":\"ImageObject\",\"inLanguage\":\"es\",\"@id\":\"https:\/\/koningdrone.be\/#\/schema\/logo\/image\/\",\"url\":\"https:\/\/koningdrone.be\/wp-content\/uploads\/sites\/13\/2025\/04\/koningdrone-copyright-logo.svg\",\"contentUrl\":\"https:\/\/koningdrone.be\/wp-content\/uploads\/sites\/13\/2025\/04\/koningdrone-copyright-logo.svg\",\"width\":227,\"height\":38,\"caption\":\"Koningdrone.be\"},\"image\":{\"@id\":\"https:\/\/koningdrone.be\/#\/schema\/logo\/image\/\"}}]}<\/script>\n<!-- \/ Yoast SEO Premium plugin. -->","yoast_head_json":{"title":"Ecoflow CABLE MICRO INVERTER TO POWER STATION CAR CHARGE CONNECTOR - koningdrone.be","robots":{"index":"index","follow":"follow","max-snippet":"max-snippet:-1","max-image-preview":"max-image-preview:large","max-video-preview":"max-video-preview:-1"},"canonical":"https:\/\/koningdrone.be\/es\/producto\/ecoflow-cable-micro-inverter-to-power-station-car-charge-connector\/","og_locale":"es_ES","og_type":"article","og_title":"Ecoflow CABLE MICRO INVERTER TO POWER STATION CAR CHARGE CONNECTOR","og_description":"Verbindingskabel van de EcoFlow micro-omvormer naar de krachtcentrale \/ extra batterijCompatibel met de EcoFlow RIVER-serieEenvoudig plug &amp; play-systeemLengte: 0,5m","og_url":"https:\/\/koningdrone.be\/es\/producto\/ecoflow-cable-micro-inverter-to-power-station-car-charge-connector\/","og_site_name":"koningdrone.be","article_modified_time":"2026-04-29T14:40:28+00:00","og_image":[{"width":800,"height":800,"url":"https:\/\/koningdrone.be\/wp-content\/uploads\/sites\/13\/2025\/04\/4895251606547-1.webp","type":"image\/webp"}],"twitter_card":"summary_large_image","twitter_misc":{"Tiempo de lectura":"1 minuto"},"schema":{"@context":"https:\/\/schema.org","@graph":[{"@type":"WebPage","@id":"https:\/\/koningdrone.be\/product\/ecoflow-cable-micro-inverter-to-power-station-car-charge-connector\/","url":"https:\/\/koningdrone.be\/product\/ecoflow-cable-micro-inverter-to-power-station-car-charge-connector\/","name":"Ecoflow CABLE MICRO INVERTER TO POWER STATION CAR CHARGE CONNECTOR - koningdrone.be","isPartOf":{"@id":"https:\/\/koningdrone.be\/#website"},"primaryImageOfPage":{"@id":"https:\/\/koningdrone.be\/product\/ecoflow-cable-micro-inverter-to-power-station-car-charge-connector\/#primaryimage"},"image":{"@id":"https:\/\/koningdrone.be\/product\/ecoflow-cable-micro-inverter-to-power-station-car-charge-connector\/#primaryimage"},"thumbnailUrl":"https:\/\/koningdrone.be\/wp-content\/uploads\/sites\/13\/2025\/04\/4895251606547-1.webp","datePublished":"2023-07-05T11:44:55+00:00","dateModified":"2026-04-29T14:40:28+00:00","breadcrumb":{"@id":"https:\/\/koningdrone.be\/product\/ecoflow-cable-micro-inverter-to-power-station-car-charge-connector\/#breadcrumb"},"inLanguage":"es","potentialAction":[{"@type":"ReadAction","target":["https:\/\/koningdrone.be\/product\/ecoflow-cable-micro-inverter-to-power-station-car-charge-connector\/"]}]},{"@type":"ImageObject","inLanguage":"es","@id":"https:\/\/koningdrone.be\/product\/ecoflow-cable-micro-inverter-to-power-station-car-charge-connector\/#primaryimage","url":"https:\/\/koningdrone.be\/wp-content\/uploads\/sites\/13\/2025\/04\/4895251606547-1.webp","contentUrl":"https:\/\/koningdrone.be\/wp-content\/uploads\/sites\/13\/2025\/04\/4895251606547-1.webp","width":800,"height":800},{"@type":"BreadcrumbList","@id":"https:\/\/koningdrone.be\/product\/ecoflow-cable-micro-inverter-to-power-station-car-charge-connector\/#breadcrumb","itemListElement":[{"@type":"ListItem","position":1,"name":"Home","item":"https:\/\/koningdrone.be\/"},{"@type":"ListItem","position":2,"name":"AVSS Parachute Recovery System for DJI Matrice 300\/350","item":"https:\/\/koningdrone.be\/product\/avss-parachute-recovery-system-for-dji-matrice-300-350\/"},{"@type":"ListItem","position":3,"name":"Alle kabels","item":"https:\/\/koningdrone.be\/categorie\/alle-kabels\/"},{"@type":"ListItem","position":4,"name":"Ecoflow CABLE MICRO INVERTER TO POWER STATION CAR CHARGE CONNECTOR"}]},{"@type":"WebSite","@id":"https:\/\/koningdrone.be\/#website","url":"https:\/\/koningdrone.be\/","name":"Koningdrone.be - Su especialista en l\u00ednea en drones, cardanes, c\u00e1maras y centrales el\u00e9ctricas.","description":"La tienda virtual de drones y cardanes","publisher":{"@id":"https:\/\/koningdrone.be\/#organization"},"potentialAction":[{"@type":"SearchAction","target":{"@type":"EntryPoint","urlTemplate":"https:\/\/koningdrone.be\/?s={search_term_string}"},"query-input":{"@type":"PropertyValueSpecification","valueRequired":true,"valueName":"search_term_string"}}],"inLanguage":"es"},{"@type":"Organization","@id":"https:\/\/koningdrone.be\/#organization","name":"Kingdrone.es","url":"https:\/\/koningdrone.be\/","logo":{"@type":"ImageObject","inLanguage":"es","@id":"https:\/\/koningdrone.be\/#\/schema\/logo\/image\/","url":"https:\/\/koningdrone.be\/wp-content\/uploads\/sites\/13\/2025\/04\/koningdrone-copyright-logo.svg","contentUrl":"https:\/\/koningdrone.be\/wp-content\/uploads\/sites\/13\/2025\/04\/koningdrone-copyright-logo.svg","width":227,"height":38,"caption":"Koningdrone.be"},"image":{"@id":"https:\/\/koningdrone.be\/#\/schema\/logo\/image\/"}}]}},"df_price":29,"df_sale_price":"","df_regular_price":29,"df_image_link":"https:\/\/koningdrone.be\/wp-content\/uploads\/sites\/13\/2025\/04\/4895251606547-1-300x300.webp","_links":{"self":[{"href":"https:\/\/koningdrone.be\/es\/wp-json\/wp\/v2\/product\/4615","targetHints":{"allow":["GET"]}}],"collection":[{"href":"https:\/\/koningdrone.be\/es\/wp-json\/wp\/v2\/product"}],"about":[{"href":"https:\/\/koningdrone.be\/es\/wp-json\/wp\/v2\/types\/product"}],"wp:featuredmedia":[{"embeddable":true,"href":"https:\/\/koningdrone.be\/es\/wp-json\/wp\/v2\/media\/4613"}],"wp:attachment":[{"href":"https:\/\/koningdrone.be\/es\/wp-json\/wp\/v2\/media?parent=4615"}],"wp:term":[{"taxonomy":"product_brand","embeddable":true,"href":"https:\/\/koningdrone.be\/es\/wp-json\/wp\/v2\/product_brand?post=4615"},{"taxonomy":"product_cat","embeddable":true,"href":"https:\/\/koningdrone.be\/es\/wp-json\/wp\/v2\/product_cat?post=4615"},{"taxonomy":"product_tag","embeddable":true,"href":"https:\/\/koningdrone.be\/es\/wp-json\/wp\/v2\/product_tag?post=4615"}],"curies":[{"name":"wp","href":"https:\/\/api.w.org\/{rel}","templated":true}]}}