{"id":4612,"date":"2023-07-05T13:44:55","date_gmt":"2023-07-05T11:44:55","guid":{"rendered":"https:\/\/koningdrone.nl\/kon\/product\/ecoflow-delta-max-2000600w-micro-inverter-bundle\/"},"modified":"2026-04-29T14:30:20","modified_gmt":"2026-04-29T12:30:20","slug":"ecoflow-delta-max-2000600w-micro-inverter-bundle","status":"publish","type":"product","link":"https:\/\/koningdrone.be\/es\/producto\/ecoflow-delta-max-2000600w-micro-inverter-bundle\/","title":{"rendered":"Paquete Ecoflow DELTA Max 2000+600W Microinversor"},"content":{"rendered":"<p>La Ecoflow Delta Max Power Station - versi\u00f3n UE es una potente soluci\u00f3n de almacenamiento con una capacidad de 2016 Wh, ampliable hasta un total de 6 kWh. Esto le permite alimentar pr\u00e1cticamente cualquier dispositivo de hasta 2400 W, lo que la hace ideal para cargar smartphones, tabletas, port\u00e1tiles, drones, luces, televisores, peque\u00f1os frigor\u00edficos e incluso electrodom\u00e9sticos de mayor potencia como hervidores, cafeteras y bombas de agua.<\/p>\n<p><strong>Capacidad y tecnolog\u00eda de carga<\/strong><\/p>\n<p>Con una bater\u00eda integrada de iones de litio de 2016 Wh, la capacidad de la Delta Max puede triplicarse hasta 6048 Wh a\u00f1adiendo una bater\u00eda adicional de Ecoflow. Esto permite alimentar los dispositivos durante a\u00fan m\u00e1s tiempo. Gracias a la tecnolog\u00eda X-Stream, la Delta Max puede cargarse de 0 a 80% en 65 minutos, limitando el tiempo de carga completa a s\u00f3lo 2 horas. Con una entrada solar avanzada de 800W \/ 11V - 100V y un adaptador de red de 2600W, se puede maximizar el proceso de carga.<\/p>\n<p><strong>Funcionalidades de conectividad y aplicaciones<\/strong><\/p>\n<p>A trav\u00e9s de la app Ecoflow, puede acceder a informaci\u00f3n detallada sobre el estado de la estaci\u00f3n de carga, el panel de control y las opciones de carga. Con la funci\u00f3n Wi-Fi, Delta Max tambi\u00e9n puede controlarse a distancia a trav\u00e9s del router Wi-Fi. El sistema de gesti\u00f3n de la bater\u00eda est\u00e1 dise\u00f1ado para supervisar las celdas individuales varias veces por minuto, optimizando la utilizaci\u00f3n de la capacidad, protegiendo la bater\u00eda de la sobrecarga y garantizando una vida \u00fatil m\u00e1s larga.<\/p>\n<p><strong>Ecoflow PowerStream Microinversor-EU 600W<\/strong><\/p>\n<p>El microinversor Ecoflow PowerStream-EU 600W convierte la energ\u00eda solar generada en corriente alterna y la devuelve a la red directamente a trav\u00e9s de la toma de corriente. Esto le permite ser autosuficiente y ahorrar en las facturas de electricidad. El microinversor es adecuado para producir energ\u00eda solar con hasta 2 paneles solares de hasta 400W de potencia cada uno. Combinado con una central el\u00e9ctrica de Ecoflow, la energ\u00eda generada durante el d\u00eda puede almacenarse y utilizarse por la noche, ahorrando dinero y alimentando la casa de forma sostenible.<\/p>\n<p><\/p>","protected":false},"excerpt":{"rendered":"<p>De Ecoflow Delta Max Krachtcentrale &#8211; EU versie is een krachtige capaciteitsopslagoplossing met een capaciteit van 2016 Wh, uitbreidbaar tot een totaal van 6 kWh. Dit maakt het mogelijk om vrijwel elk apparaat tot 2400W van stroom te voorzien, waardoor het ideaal is voor het opladen van smartphones, tablets, laptops, drones, verlichting, tv&#8217;s, kleine koelkasten [&hellip;]<\/p>\n","protected":false},"featured_media":4611,"template":"","meta":{"_acf_changed":false},"product_brand":[],"product_cat":[454,97,245,415],"product_tag":[],"class_list":{"0":"post-4612","1":"product","2":"type-product","3":"status-publish","4":"has-post-thumbnail","6":"product_cat-alle-powerstations","7":"product_cat-alle-producten","8":"product_cat-ecoflow","9":"product_cat-energy","10":"product_shipping_class-outofstock","11":"pa_brand-ecoflow","12":"pa_materiaal-kunststof","13":"pa_productfamily-power-station","14":"pa_producttype-power-station","15":"pa_series-delta-max","17":"first","18":"outofstock","19":"taxable","20":"shipping-taxable","21":"product-type-simple"},"acf":[],"yoast_head":"<!-- This site is optimized with the Yoast SEO Premium plugin v27.2 (Yoast SEO v27.2) - https:\/\/yoast.com\/product\/yoast-seo-premium-wordpress\/ -->\n<title>Ecoflow DELTA Max 2000+600W Micro Inverter bundle - koningdrone.be<\/title>\n<meta name=\"robots\" content=\"index, follow, max-snippet:-1, max-image-preview:large, max-video-preview:-1\" \/>\n<link rel=\"canonical\" href=\"https:\/\/koningdrone.be\/es\/producto\/ecoflow-delta-max-2000600w-micro-inverter-bundle\/\" \/>\n<meta property=\"og:locale\" content=\"es_ES\" \/>\n<meta property=\"og:type\" content=\"article\" \/>\n<meta property=\"og:title\" content=\"Ecoflow DELTA Max 2000+600W Micro Inverter bundle\" \/>\n<meta property=\"og:description\" content=\"De Ecoflow Delta Max Krachtcentrale &#8211; EU versie is een krachtige capaciteitsopslagoplossing met een capaciteit van 2016 Wh, uitbreidbaar tot een totaal van 6 kWh. Dit maakt het mogelijk om vrijwel elk apparaat tot 2400W van stroom te voorzien, waardoor het ideaal is voor het opladen van smartphones, tablets, laptops, drones, verlichting, tv&#8217;s, kleine koelkasten [&hellip;]\" \/>\n<meta property=\"og:url\" content=\"https:\/\/koningdrone.be\/es\/producto\/ecoflow-delta-max-2000600w-micro-inverter-bundle\/\" \/>\n<meta property=\"og:site_name\" content=\"koningdrone.be\" \/>\n<meta property=\"article:modified_time\" content=\"2026-04-29T12:30:20+00:00\" \/>\n<meta property=\"og:image\" content=\"https:\/\/koningdrone.be\/wp-content\/uploads\/sites\/13\/2025\/04\/5706649033465.jpeg\" \/>\n\t<meta property=\"og:image:width\" content=\"1000\" \/>\n\t<meta property=\"og:image:height\" content=\"1000\" \/>\n\t<meta property=\"og:image:type\" content=\"image\/jpeg\" \/>\n<meta name=\"twitter:card\" content=\"summary_large_image\" \/>\n<meta name=\"twitter:label1\" content=\"Tiempo de lectura\" \/>\n\t<meta name=\"twitter:data1\" content=\"2 minutos\" \/>\n<script type=\"application\/ld+json\" class=\"yoast-schema-graph\">{\"@context\":\"https:\/\/schema.org\",\"@graph\":[{\"@type\":\"WebPage\",\"@id\":\"https:\/\/koningdrone.be\/product\/ecoflow-delta-max-2000600w-micro-inverter-bundle\/\",\"url\":\"https:\/\/koningdrone.be\/product\/ecoflow-delta-max-2000600w-micro-inverter-bundle\/\",\"name\":\"Ecoflow DELTA Max 2000+600W Micro Inverter bundle - koningdrone.be\",\"isPartOf\":{\"@id\":\"https:\/\/koningdrone.be\/#website\"},\"primaryImageOfPage\":{\"@id\":\"https:\/\/koningdrone.be\/product\/ecoflow-delta-max-2000600w-micro-inverter-bundle\/#primaryimage\"},\"image\":{\"@id\":\"https:\/\/koningdrone.be\/product\/ecoflow-delta-max-2000600w-micro-inverter-bundle\/#primaryimage\"},\"thumbnailUrl\":\"https:\/\/koningdrone.be\/wp-content\/uploads\/sites\/13\/2025\/04\/5706649033465.jpeg\",\"datePublished\":\"2023-07-05T11:44:55+00:00\",\"dateModified\":\"2026-04-29T12:30:20+00:00\",\"breadcrumb\":{\"@id\":\"https:\/\/koningdrone.be\/product\/ecoflow-delta-max-2000600w-micro-inverter-bundle\/#breadcrumb\"},\"inLanguage\":\"es\",\"potentialAction\":[{\"@type\":\"ReadAction\",\"target\":[\"https:\/\/koningdrone.be\/product\/ecoflow-delta-max-2000600w-micro-inverter-bundle\/\"]}]},{\"@type\":\"ImageObject\",\"inLanguage\":\"es\",\"@id\":\"https:\/\/koningdrone.be\/product\/ecoflow-delta-max-2000600w-micro-inverter-bundle\/#primaryimage\",\"url\":\"https:\/\/koningdrone.be\/wp-content\/uploads\/sites\/13\/2025\/04\/5706649033465.jpeg\",\"contentUrl\":\"https:\/\/koningdrone.be\/wp-content\/uploads\/sites\/13\/2025\/04\/5706649033465.jpeg\",\"width\":1000,\"height\":1000},{\"@type\":\"BreadcrumbList\",\"@id\":\"https:\/\/koningdrone.be\/product\/ecoflow-delta-max-2000600w-micro-inverter-bundle\/#breadcrumb\",\"itemListElement\":[{\"@type\":\"ListItem\",\"position\":1,\"name\":\"Home\",\"item\":\"https:\/\/koningdrone.be\/\"},{\"@type\":\"ListItem\",\"position\":2,\"name\":\"AVSS Parachute Recovery System for DJI Matrice 300\/350\",\"item\":\"https:\/\/koningdrone.be\/product\/avss-parachute-recovery-system-for-dji-matrice-300-350\/\"},{\"@type\":\"ListItem\",\"position\":3,\"name\":\"Alle powerstations\",\"item\":\"https:\/\/koningdrone.be\/categorie\/alle-powerstations\/\"},{\"@type\":\"ListItem\",\"position\":4,\"name\":\"Ecoflow DELTA Max 2000+600W Micro Inverter bundle\"}]},{\"@type\":\"WebSite\",\"@id\":\"https:\/\/koningdrone.be\/#website\",\"url\":\"https:\/\/koningdrone.be\/\",\"name\":\"Koningdrone.be - Uw online specialist in drones, gimbals, camera's en power stations.\",\"description\":\"De webshop in drones en gimbals\",\"publisher\":{\"@id\":\"https:\/\/koningdrone.be\/#organization\"},\"potentialAction\":[{\"@type\":\"SearchAction\",\"target\":{\"@type\":\"EntryPoint\",\"urlTemplate\":\"https:\/\/koningdrone.be\/?s={search_term_string}\"},\"query-input\":{\"@type\":\"PropertyValueSpecification\",\"valueRequired\":true,\"valueName\":\"search_term_string\"}}],\"inLanguage\":\"es\"},{\"@type\":\"Organization\",\"@id\":\"https:\/\/koningdrone.be\/#organization\",\"name\":\"Koningdrone.be\",\"url\":\"https:\/\/koningdrone.be\/\",\"logo\":{\"@type\":\"ImageObject\",\"inLanguage\":\"es\",\"@id\":\"https:\/\/koningdrone.be\/#\/schema\/logo\/image\/\",\"url\":\"https:\/\/koningdrone.be\/wp-content\/uploads\/sites\/13\/2025\/04\/koningdrone-copyright-logo.svg\",\"contentUrl\":\"https:\/\/koningdrone.be\/wp-content\/uploads\/sites\/13\/2025\/04\/koningdrone-copyright-logo.svg\",\"width\":227,\"height\":38,\"caption\":\"Koningdrone.be\"},\"image\":{\"@id\":\"https:\/\/koningdrone.be\/#\/schema\/logo\/image\/\"}}]}<\/script>\n<!-- \/ Yoast SEO Premium plugin. -->","yoast_head_json":{"title":"Ecoflow DELTA Max 2000+600W Micro Inverter bundle - koningdrone.be","robots":{"index":"index","follow":"follow","max-snippet":"max-snippet:-1","max-image-preview":"max-image-preview:large","max-video-preview":"max-video-preview:-1"},"canonical":"https:\/\/koningdrone.be\/es\/producto\/ecoflow-delta-max-2000600w-micro-inverter-bundle\/","og_locale":"es_ES","og_type":"article","og_title":"Ecoflow DELTA Max 2000+600W Micro Inverter bundle","og_description":"De Ecoflow Delta Max Krachtcentrale &#8211; EU versie is een krachtige capaciteitsopslagoplossing met een capaciteit van 2016 Wh, uitbreidbaar tot een totaal van 6 kWh. Dit maakt het mogelijk om vrijwel elk apparaat tot 2400W van stroom te voorzien, waardoor het ideaal is voor het opladen van smartphones, tablets, laptops, drones, verlichting, tv&#8217;s, kleine koelkasten [&hellip;]","og_url":"https:\/\/koningdrone.be\/es\/producto\/ecoflow-delta-max-2000600w-micro-inverter-bundle\/","og_site_name":"koningdrone.be","article_modified_time":"2026-04-29T12:30:20+00:00","og_image":[{"width":1000,"height":1000,"url":"https:\/\/koningdrone.be\/wp-content\/uploads\/sites\/13\/2025\/04\/5706649033465.jpeg","type":"image\/jpeg"}],"twitter_card":"summary_large_image","twitter_misc":{"Tiempo de lectura":"2 minutos"},"schema":{"@context":"https:\/\/schema.org","@graph":[{"@type":"WebPage","@id":"https:\/\/koningdrone.be\/product\/ecoflow-delta-max-2000600w-micro-inverter-bundle\/","url":"https:\/\/koningdrone.be\/product\/ecoflow-delta-max-2000600w-micro-inverter-bundle\/","name":"Ecoflow DELTA Max 2000+600W Micro Inverter bundle - koningdrone.be","isPartOf":{"@id":"https:\/\/koningdrone.be\/#website"},"primaryImageOfPage":{"@id":"https:\/\/koningdrone.be\/product\/ecoflow-delta-max-2000600w-micro-inverter-bundle\/#primaryimage"},"image":{"@id":"https:\/\/koningdrone.be\/product\/ecoflow-delta-max-2000600w-micro-inverter-bundle\/#primaryimage"},"thumbnailUrl":"https:\/\/koningdrone.be\/wp-content\/uploads\/sites\/13\/2025\/04\/5706649033465.jpeg","datePublished":"2023-07-05T11:44:55+00:00","dateModified":"2026-04-29T12:30:20+00:00","breadcrumb":{"@id":"https:\/\/koningdrone.be\/product\/ecoflow-delta-max-2000600w-micro-inverter-bundle\/#breadcrumb"},"inLanguage":"es","potentialAction":[{"@type":"ReadAction","target":["https:\/\/koningdrone.be\/product\/ecoflow-delta-max-2000600w-micro-inverter-bundle\/"]}]},{"@type":"ImageObject","inLanguage":"es","@id":"https:\/\/koningdrone.be\/product\/ecoflow-delta-max-2000600w-micro-inverter-bundle\/#primaryimage","url":"https:\/\/koningdrone.be\/wp-content\/uploads\/sites\/13\/2025\/04\/5706649033465.jpeg","contentUrl":"https:\/\/koningdrone.be\/wp-content\/uploads\/sites\/13\/2025\/04\/5706649033465.jpeg","width":1000,"height":1000},{"@type":"BreadcrumbList","@id":"https:\/\/koningdrone.be\/product\/ecoflow-delta-max-2000600w-micro-inverter-bundle\/#breadcrumb","itemListElement":[{"@type":"ListItem","position":1,"name":"Home","item":"https:\/\/koningdrone.be\/"},{"@type":"ListItem","position":2,"name":"AVSS Parachute Recovery System for DJI Matrice 300\/350","item":"https:\/\/koningdrone.be\/product\/avss-parachute-recovery-system-for-dji-matrice-300-350\/"},{"@type":"ListItem","position":3,"name":"Alle powerstations","item":"https:\/\/koningdrone.be\/categorie\/alle-powerstations\/"},{"@type":"ListItem","position":4,"name":"Ecoflow DELTA Max 2000+600W Micro Inverter bundle"}]},{"@type":"WebSite","@id":"https:\/\/koningdrone.be\/#website","url":"https:\/\/koningdrone.be\/","name":"Koningdrone.be - Su especialista en l\u00ednea en drones, cardanes, c\u00e1maras y centrales el\u00e9ctricas.","description":"La tienda virtual de drones y cardanes","publisher":{"@id":"https:\/\/koningdrone.be\/#organization"},"potentialAction":[{"@type":"SearchAction","target":{"@type":"EntryPoint","urlTemplate":"https:\/\/koningdrone.be\/?s={search_term_string}"},"query-input":{"@type":"PropertyValueSpecification","valueRequired":true,"valueName":"search_term_string"}}],"inLanguage":"es"},{"@type":"Organization","@id":"https:\/\/koningdrone.be\/#organization","name":"Kingdrone.es","url":"https:\/\/koningdrone.be\/","logo":{"@type":"ImageObject","inLanguage":"es","@id":"https:\/\/koningdrone.be\/#\/schema\/logo\/image\/","url":"https:\/\/koningdrone.be\/wp-content\/uploads\/sites\/13\/2025\/04\/koningdrone-copyright-logo.svg","contentUrl":"https:\/\/koningdrone.be\/wp-content\/uploads\/sites\/13\/2025\/04\/koningdrone-copyright-logo.svg","width":227,"height":38,"caption":"Koningdrone.be"},"image":{"@id":"https:\/\/koningdrone.be\/#\/schema\/logo\/image\/"}}]}},"df_price":"","df_sale_price":"","df_regular_price":"","df_image_link":"https:\/\/koningdrone.be\/wp-content\/uploads\/sites\/13\/2025\/04\/5706649033465-300x300.jpeg","_links":{"self":[{"href":"https:\/\/koningdrone.be\/es\/wp-json\/wp\/v2\/product\/4612","targetHints":{"allow":["GET"]}}],"collection":[{"href":"https:\/\/koningdrone.be\/es\/wp-json\/wp\/v2\/product"}],"about":[{"href":"https:\/\/koningdrone.be\/es\/wp-json\/wp\/v2\/types\/product"}],"wp:featuredmedia":[{"embeddable":true,"href":"https:\/\/koningdrone.be\/es\/wp-json\/wp\/v2\/media\/4611"}],"wp:attachment":[{"href":"https:\/\/koningdrone.be\/es\/wp-json\/wp\/v2\/media?parent=4612"}],"wp:term":[{"taxonomy":"product_brand","embeddable":true,"href":"https:\/\/koningdrone.be\/es\/wp-json\/wp\/v2\/product_brand?post=4612"},{"taxonomy":"product_cat","embeddable":true,"href":"https:\/\/koningdrone.be\/es\/wp-json\/wp\/v2\/product_cat?post=4612"},{"taxonomy":"product_tag","embeddable":true,"href":"https:\/\/koningdrone.be\/es\/wp-json\/wp\/v2\/product_tag?post=4612"}],"curies":[{"name":"wp","href":"https:\/\/api.w.org\/{rel}","templated":true}]}}