{"id":4602,"date":"2023-07-05T13:44:55","date_gmt":"2023-07-05T11:44:55","guid":{"rendered":"https:\/\/koningdrone.nl\/kon\/product\/ecoflow-60w-solar-panel\/"},"modified":"2026-04-29T14:21:11","modified_gmt":"2026-04-29T12:21:11","slug":"ecoflow-60w-solar-panel","status":"publish","type":"product","link":"https:\/\/koningdrone.be\/es\/producto\/ecoflow-60w-solar-panel\/","title":{"rendered":"Panel solar Ecoflow 60W"},"content":{"rendered":"<p>El panel solar port\u00e1til EcoFlow de 60 vatios es una opci\u00f3n ligera y c\u00f3moda para su uso en camping o autocaravana. Con un peso de s\u00f3lo 3,2 kilogramos y un dise\u00f1o plegable, es f\u00e1cil de transportar.<\/p>\n<p><strong>Alto \u00edndice de conversi\u00f3n<\/strong><\/p>\n<p>Con un elevado ratio de conversi\u00f3n de 23,4%, por ejemplo, la central el\u00e9ctrica port\u00e1til RIVER 2 puede cargarse por completo en s\u00f3lo 5 horas con la m\u00e1xima luz solar. El nuevo dise\u00f1o plegable facilita su instalaci\u00f3n y el \u00e1ngulo de carga puede ajustarse para obtener la m\u00e1xima eficiencia.<\/p>\n<p><strong>Resistente a la intemperie<\/strong><\/p>\n<p>El panel solar de 60 vatios est\u00e1 fabricado para resistir las inclemencias del tiempo, desde la humedad hasta el polvo, con c\u00e9lulas solares impermeables y una pel\u00edcula protectora de ETFE. El panel solar se completa con una bolsa protectora que hace las veces de robusto soporte, y es f\u00e1cil de colocar y ajustar en cualquier lugar para captar la m\u00e1xima energ\u00eda solar posible.<\/p>\n<p><strong>Conector integral<\/strong><\/p>\n<p>El conector multiuso permite una f\u00e1cil conexi\u00f3n a todas las estaciones de energ\u00eda EcoFlow y a la mayor\u00eda de las bater\u00edas de terceros. Cuando se conecta a una EcoFlow Powerstation, el panel solar port\u00e1til de 60 vatios es compatible con la aplicaci\u00f3n Ecoflow.<\/p>\n<p>&nbsp;<\/p>","protected":false},"excerpt":{"rendered":"<ul>\n<li>tipo de c\u00e9lulas monocristalinas<\/li>\n<li>Adecuado para camping\/exterior, jard\u00edn\/terraza<\/li>\n<li>Dispositivos adecuados Central el\u00e9ctrica RIVER 2, etc.<\/li>\n<li>potencia total del panel solar 60 vatios<\/li>\n<li>rendimiento 23.40%<\/li>\n<li>tensi\u00f3n en vac\u00edo 24,5 voltios<\/li>\n<li>Corriente de cortocircuito 3,5 A<\/li>\n<li>Enchufe compatible MC4<\/li>\n<li>\u00e1ngulo de inclinaci\u00f3n ajustable<\/li>\n<li>Grado de protecci\u00f3n IP68<\/li>\n<li>caracter\u00edstica La bolsa protectora tambi\u00e9n sirve como soporte estable<\/li>\n<li>M\u00e1s informaci\u00f3n Autoportante con \u00e1ngulo ajustable de 30\u00b0 a 60\u00b0, dimensiones plegada 38cm x 40cm<\/li>\n<li>Accesorios disponibles Manual del usuario, cable de carga MC4 &gt; XT60i (2,5 metros), estuche de transporte<\/li>\n<li>Dimensiones Anchura: 400 mm x Longitud: 1.030 mm<\/li>\n<li>Peso 3,2 kg<\/li>\n<\/ul>","protected":false},"featured_media":4598,"template":"","meta":{"_acf_changed":false},"product_brand":[],"product_cat":[97,245,415,198],"product_tag":[],"class_list":{"0":"post-4602","1":"product","2":"type-product","3":"status-publish","4":"has-post-thumbnail","6":"product_cat-alle-producten","7":"product_cat-ecoflow","8":"product_cat-energy","9":"product_cat-zonnepanelen","10":"product_shipping_class-outofstock","11":"pa_afmetingen-opengevouwen-103-x-40-2-x-2-5-cm_x000d_-dichtgevouwen-38-x-40-2-x-2-5-cm","12":"pa_brand-ecoflow","13":"pa_gewicht-3-2-kg","14":"pa_materiaal-monocrystalline-silicon","15":"pa_productfamily-zonnepaneel","16":"pa_producttype-zonnepaneel","17":"pa_series-ecoflow","19":"first","20":"outofstock","21":"taxable","22":"shipping-taxable","23":"product-type-simple"},"acf":[],"yoast_head":"<!-- This site is optimized with the Yoast SEO Premium plugin v27.2 (Yoast SEO v27.2) - https:\/\/yoast.com\/product\/yoast-seo-premium-wordpress\/ -->\n<title>Ecoflow 60W Solar Panel - koningdrone.be<\/title>\n<meta name=\"robots\" content=\"index, follow, max-snippet:-1, max-image-preview:large, max-video-preview:-1\" \/>\n<link rel=\"canonical\" href=\"https:\/\/koningdrone.be\/es\/producto\/ecoflow-60w-solar-panel\/\" \/>\n<meta property=\"og:locale\" content=\"es_ES\" \/>\n<meta property=\"og:type\" content=\"article\" \/>\n<meta property=\"og:title\" content=\"Ecoflow 60W Solar Panel\" \/>\n<meta property=\"og:description\" content=\"type monokristallijne cellen  Geschikt voor Camping\/outdoor, tuin\/terras  Geschikte apparaten Krachtcentrale RIVER 2 etc  totaal rendement zonnepanelen 60 watt  rendement 23,40%  nullastspanning 24,5 volt  kortsluitstroom 3,5A  Stekker MC4 compatibel  kantelhoek verstelbaar  Beschermingsgraad IP68  kenmerk Beschermtas doet ook dienst als stabiele standaard  Meer informatie Zelfdragend met hoek verstelbaar van 30\u00b0 - 60\u00b0, ingeklapte afmetingen 38cm x 40cm  Accessoires verkrijgbaar Gebruikershandleiding, MC4 &gt; XT60i oplaadkabel (2,5 meter), draagtas  Afmetingen Breedte: 400 mm x Lengte: 1.030 mm  Gewicht 3,2 kg\" \/>\n<meta property=\"og:url\" content=\"https:\/\/koningdrone.be\/es\/producto\/ecoflow-60w-solar-panel\/\" \/>\n<meta property=\"og:site_name\" content=\"koningdrone.be\" \/>\n<meta property=\"article:modified_time\" content=\"2026-04-29T12:21:11+00:00\" \/>\n<meta property=\"og:image\" content=\"https:\/\/koningdrone.be\/wp-content\/uploads\/sites\/13\/2025\/04\/4897082661368-1.jpg\" \/>\n\t<meta property=\"og:image:width\" content=\"1866\" \/>\n\t<meta property=\"og:image:height\" content=\"1866\" \/>\n\t<meta property=\"og:image:type\" content=\"image\/jpeg\" \/>\n<meta name=\"twitter:card\" content=\"summary_large_image\" \/>\n<meta name=\"twitter:label1\" content=\"Tiempo de lectura\" \/>\n\t<meta name=\"twitter:data1\" content=\"1 minuto\" \/>\n<script type=\"application\/ld+json\" class=\"yoast-schema-graph\">{\"@context\":\"https:\/\/schema.org\",\"@graph\":[{\"@type\":\"WebPage\",\"@id\":\"https:\/\/koningdrone.be\/product\/ecoflow-60w-solar-panel\/\",\"url\":\"https:\/\/koningdrone.be\/product\/ecoflow-60w-solar-panel\/\",\"name\":\"Ecoflow 60W Solar Panel - koningdrone.be\",\"isPartOf\":{\"@id\":\"https:\/\/koningdrone.be\/#website\"},\"primaryImageOfPage\":{\"@id\":\"https:\/\/koningdrone.be\/product\/ecoflow-60w-solar-panel\/#primaryimage\"},\"image\":{\"@id\":\"https:\/\/koningdrone.be\/product\/ecoflow-60w-solar-panel\/#primaryimage\"},\"thumbnailUrl\":\"https:\/\/koningdrone.be\/wp-content\/uploads\/sites\/13\/2025\/04\/4897082661368-1.jpg\",\"datePublished\":\"2023-07-05T11:44:55+00:00\",\"dateModified\":\"2026-04-29T12:21:11+00:00\",\"breadcrumb\":{\"@id\":\"https:\/\/koningdrone.be\/product\/ecoflow-60w-solar-panel\/#breadcrumb\"},\"inLanguage\":\"es\",\"potentialAction\":[{\"@type\":\"ReadAction\",\"target\":[\"https:\/\/koningdrone.be\/product\/ecoflow-60w-solar-panel\/\"]}]},{\"@type\":\"ImageObject\",\"inLanguage\":\"es\",\"@id\":\"https:\/\/koningdrone.be\/product\/ecoflow-60w-solar-panel\/#primaryimage\",\"url\":\"https:\/\/koningdrone.be\/wp-content\/uploads\/sites\/13\/2025\/04\/4897082661368-1.jpg\",\"contentUrl\":\"https:\/\/koningdrone.be\/wp-content\/uploads\/sites\/13\/2025\/04\/4897082661368-1.jpg\",\"width\":1866,\"height\":1866},{\"@type\":\"BreadcrumbList\",\"@id\":\"https:\/\/koningdrone.be\/product\/ecoflow-60w-solar-panel\/#breadcrumb\",\"itemListElement\":[{\"@type\":\"ListItem\",\"position\":1,\"name\":\"Home\",\"item\":\"https:\/\/koningdrone.be\/\"},{\"@type\":\"ListItem\",\"position\":2,\"name\":\"AVSS Parachute Recovery System for DJI Matrice 300\/350\",\"item\":\"https:\/\/koningdrone.be\/product\/avss-parachute-recovery-system-for-dji-matrice-300-350\/\"},{\"@type\":\"ListItem\",\"position\":3,\"name\":\"Alle producten\",\"item\":\"https:\/\/koningdrone.be\/categorie\/alle-producten\/\"},{\"@type\":\"ListItem\",\"position\":4,\"name\":\"Ecoflow 60W Solar Panel\"}]},{\"@type\":\"WebSite\",\"@id\":\"https:\/\/koningdrone.be\/#website\",\"url\":\"https:\/\/koningdrone.be\/\",\"name\":\"Koningdrone.be - Uw online specialist in drones, gimbals, camera's en power stations.\",\"description\":\"De webshop in drones en gimbals\",\"publisher\":{\"@id\":\"https:\/\/koningdrone.be\/#organization\"},\"potentialAction\":[{\"@type\":\"SearchAction\",\"target\":{\"@type\":\"EntryPoint\",\"urlTemplate\":\"https:\/\/koningdrone.be\/?s={search_term_string}\"},\"query-input\":{\"@type\":\"PropertyValueSpecification\",\"valueRequired\":true,\"valueName\":\"search_term_string\"}}],\"inLanguage\":\"es\"},{\"@type\":\"Organization\",\"@id\":\"https:\/\/koningdrone.be\/#organization\",\"name\":\"Koningdrone.be\",\"url\":\"https:\/\/koningdrone.be\/\",\"logo\":{\"@type\":\"ImageObject\",\"inLanguage\":\"es\",\"@id\":\"https:\/\/koningdrone.be\/#\/schema\/logo\/image\/\",\"url\":\"https:\/\/koningdrone.be\/wp-content\/uploads\/sites\/13\/2025\/04\/koningdrone-copyright-logo.svg\",\"contentUrl\":\"https:\/\/koningdrone.be\/wp-content\/uploads\/sites\/13\/2025\/04\/koningdrone-copyright-logo.svg\",\"width\":227,\"height\":38,\"caption\":\"Koningdrone.be\"},\"image\":{\"@id\":\"https:\/\/koningdrone.be\/#\/schema\/logo\/image\/\"}}]}<\/script>\n<!-- \/ Yoast SEO Premium plugin. -->","yoast_head_json":{"title":"Ecoflow 60W Solar Panel - koningdrone.be","robots":{"index":"index","follow":"follow","max-snippet":"max-snippet:-1","max-image-preview":"max-image-preview:large","max-video-preview":"max-video-preview:-1"},"canonical":"https:\/\/koningdrone.be\/es\/producto\/ecoflow-60w-solar-panel\/","og_locale":"es_ES","og_type":"article","og_title":"Ecoflow 60W Solar Panel","og_description":"type monokristallijne cellen  Geschikt voor Camping\/outdoor, tuin\/terras  Geschikte apparaten Krachtcentrale RIVER 2 etc  totaal rendement zonnepanelen 60 watt  rendement 23,40%  nullastspanning 24,5 volt  kortsluitstroom 3,5A  Stekker MC4 compatibel  kantelhoek verstelbaar  Beschermingsgraad IP68  kenmerk Beschermtas doet ook dienst als stabiele standaard  Meer informatie Zelfdragend met hoek verstelbaar van 30\u00b0 - 60\u00b0, ingeklapte afmetingen 38cm x 40cm  Accessoires verkrijgbaar Gebruikershandleiding, MC4 &gt; XT60i oplaadkabel (2,5 meter), draagtas  Afmetingen Breedte: 400 mm x Lengte: 1.030 mm  Gewicht 3,2 kg","og_url":"https:\/\/koningdrone.be\/es\/producto\/ecoflow-60w-solar-panel\/","og_site_name":"koningdrone.be","article_modified_time":"2026-04-29T12:21:11+00:00","og_image":[{"width":1866,"height":1866,"url":"https:\/\/koningdrone.be\/wp-content\/uploads\/sites\/13\/2025\/04\/4897082661368-1.jpg","type":"image\/jpeg"}],"twitter_card":"summary_large_image","twitter_misc":{"Tiempo de lectura":"1 minuto"},"schema":{"@context":"https:\/\/schema.org","@graph":[{"@type":"WebPage","@id":"https:\/\/koningdrone.be\/product\/ecoflow-60w-solar-panel\/","url":"https:\/\/koningdrone.be\/product\/ecoflow-60w-solar-panel\/","name":"Ecoflow 60W Solar Panel - koningdrone.be","isPartOf":{"@id":"https:\/\/koningdrone.be\/#website"},"primaryImageOfPage":{"@id":"https:\/\/koningdrone.be\/product\/ecoflow-60w-solar-panel\/#primaryimage"},"image":{"@id":"https:\/\/koningdrone.be\/product\/ecoflow-60w-solar-panel\/#primaryimage"},"thumbnailUrl":"https:\/\/koningdrone.be\/wp-content\/uploads\/sites\/13\/2025\/04\/4897082661368-1.jpg","datePublished":"2023-07-05T11:44:55+00:00","dateModified":"2026-04-29T12:21:11+00:00","breadcrumb":{"@id":"https:\/\/koningdrone.be\/product\/ecoflow-60w-solar-panel\/#breadcrumb"},"inLanguage":"es","potentialAction":[{"@type":"ReadAction","target":["https:\/\/koningdrone.be\/product\/ecoflow-60w-solar-panel\/"]}]},{"@type":"ImageObject","inLanguage":"es","@id":"https:\/\/koningdrone.be\/product\/ecoflow-60w-solar-panel\/#primaryimage","url":"https:\/\/koningdrone.be\/wp-content\/uploads\/sites\/13\/2025\/04\/4897082661368-1.jpg","contentUrl":"https:\/\/koningdrone.be\/wp-content\/uploads\/sites\/13\/2025\/04\/4897082661368-1.jpg","width":1866,"height":1866},{"@type":"BreadcrumbList","@id":"https:\/\/koningdrone.be\/product\/ecoflow-60w-solar-panel\/#breadcrumb","itemListElement":[{"@type":"ListItem","position":1,"name":"Home","item":"https:\/\/koningdrone.be\/"},{"@type":"ListItem","position":2,"name":"AVSS Parachute Recovery System for DJI Matrice 300\/350","item":"https:\/\/koningdrone.be\/product\/avss-parachute-recovery-system-for-dji-matrice-300-350\/"},{"@type":"ListItem","position":3,"name":"Alle producten","item":"https:\/\/koningdrone.be\/categorie\/alle-producten\/"},{"@type":"ListItem","position":4,"name":"Ecoflow 60W Solar Panel"}]},{"@type":"WebSite","@id":"https:\/\/koningdrone.be\/#website","url":"https:\/\/koningdrone.be\/","name":"Koningdrone.be - Su especialista en l\u00ednea en drones, cardanes, c\u00e1maras y centrales el\u00e9ctricas.","description":"La tienda virtual de drones y cardanes","publisher":{"@id":"https:\/\/koningdrone.be\/#organization"},"potentialAction":[{"@type":"SearchAction","target":{"@type":"EntryPoint","urlTemplate":"https:\/\/koningdrone.be\/?s={search_term_string}"},"query-input":{"@type":"PropertyValueSpecification","valueRequired":true,"valueName":"search_term_string"}}],"inLanguage":"es"},{"@type":"Organization","@id":"https:\/\/koningdrone.be\/#organization","name":"Kingdrone.es","url":"https:\/\/koningdrone.be\/","logo":{"@type":"ImageObject","inLanguage":"es","@id":"https:\/\/koningdrone.be\/#\/schema\/logo\/image\/","url":"https:\/\/koningdrone.be\/wp-content\/uploads\/sites\/13\/2025\/04\/koningdrone-copyright-logo.svg","contentUrl":"https:\/\/koningdrone.be\/wp-content\/uploads\/sites\/13\/2025\/04\/koningdrone-copyright-logo.svg","width":227,"height":38,"caption":"Koningdrone.be"},"image":{"@id":"https:\/\/koningdrone.be\/#\/schema\/logo\/image\/"}}]}},"df_price":"","df_sale_price":"","df_regular_price":"","df_image_link":"https:\/\/koningdrone.be\/wp-content\/uploads\/sites\/13\/2025\/04\/4897082661368-1-300x300.jpg","_links":{"self":[{"href":"https:\/\/koningdrone.be\/es\/wp-json\/wp\/v2\/product\/4602","targetHints":{"allow":["GET"]}}],"collection":[{"href":"https:\/\/koningdrone.be\/es\/wp-json\/wp\/v2\/product"}],"about":[{"href":"https:\/\/koningdrone.be\/es\/wp-json\/wp\/v2\/types\/product"}],"wp:featuredmedia":[{"embeddable":true,"href":"https:\/\/koningdrone.be\/es\/wp-json\/wp\/v2\/media\/4598"}],"wp:attachment":[{"href":"https:\/\/koningdrone.be\/es\/wp-json\/wp\/v2\/media?parent=4602"}],"wp:term":[{"taxonomy":"product_brand","embeddable":true,"href":"https:\/\/koningdrone.be\/es\/wp-json\/wp\/v2\/product_brand?post=4602"},{"taxonomy":"product_cat","embeddable":true,"href":"https:\/\/koningdrone.be\/es\/wp-json\/wp\/v2\/product_cat?post=4602"},{"taxonomy":"product_tag","embeddable":true,"href":"https:\/\/koningdrone.be\/es\/wp-json\/wp\/v2\/product_tag?post=4602"}],"curies":[{"name":"wp","href":"https:\/\/api.w.org\/{rel}","templated":true}]}}