{"id":4588,"date":"2023-07-05T13:44:55","date_gmt":"2023-07-05T11:44:55","guid":{"rendered":"https:\/\/koningdrone.nl\/kon\/product\/ecoflow-2-x-100w-rigid-solar-panel-combo\/"},"modified":"2026-04-29T16:40:20","modified_gmt":"2026-04-29T14:40:20","slug":"ecoflow-2-x-100w-rigid-solar-panel-combo","status":"publish","type":"product","link":"https:\/\/koningdrone.be\/es\/producto\/ecoflow-2-x-100w-rigid-solar-panel-combo\/","title":{"rendered":"Ecoflow 2 x 100W Panel Solar R\u00edgido Combo"},"content":{"rendered":"<p>El panel solar r\u00edgido EcoFlow 2 x 100 W es la opci\u00f3n ideal para integrar energ\u00eda limpia y renovable en su hogar o negocio. Su dise\u00f1o ligero y robusto simplifica la instalaci\u00f3n y el transporte, mientras que su alta eficiencia y rendimiento fiable satisfacen todas sus necesidades energ\u00e9ticas. Este panel solar proporciona un flujo constante de energ\u00eda respetuosa con el medio ambiente, lo que se traduce en una reducci\u00f3n significativa de su huella de carbono y de sus costes energ\u00e9ticos. Al invertir en este panel solar, estar\u00e1 contribuyendo a un futuro m\u00e1s ecol\u00f3gico y sostenible.<\/p>\n<p><strong>Caracter\u00edsticas:<\/strong><\/p>\n<p>- Carga r\u00e1pida: El panel solar r\u00edgido de 100W tiene una alta eficiencia de conversi\u00f3n de hasta 23%, cargando tus bater\u00edas Power Kits en un tiempo r\u00e9cord.<\/p>\n<p><\/p>\n<p>- Listo para instalar: Las ranuras pretaladradas alrededor del borde del panel facilitan un montaje seguro en el techo de tu furgoneta.<\/p>\n<p><\/p>\n<p>- Resistente a la intemperie y duradero: el panel r\u00edgido puede capear cualquier temporal y ofrece a\u00f1os de excelente rendimiento y est\u00e9tica.<\/p>\n<p><\/p>\n<p>- Compatible universalmente: el panel r\u00edgido de 100 W funciona con otros sistemas solares y centrales el\u00e9ctricas de terceros.<\/p>\n<p><\/p>\n<p>Gracias a sus c\u00e9lulas monocristalinas de alta eficiencia y al uso de un conector solar multiuso, este panel solar ofrece un rendimiento y una conectividad \u00f3ptimos con otros sistemas solares. Adem\u00e1s, su dise\u00f1o es impermeable, duradero y resistente a condiciones clim\u00e1ticas extremas. Este panel solar es una sabia elecci\u00f3n para quienes buscan soluciones solares de alta calidad.<\/p>\n<p><\/p>","protected":false},"excerpt":{"rendered":"<ul>\n<li>Peso del panel solar Aprox. 6,2 kg (13,7 lbs)<\/li>\n<li>Dimensiones 98*58,6*3 cm (38,6*23,1*1,2 pulgadas)<\/li>\n<li>Potencia nominal 100 W\uff08+\/-5W\uff09<\/li>\n<li>Tensi\u00f3n en vac\u00edo 20,3 V<\/li>\n<li>Corriente de cortocircuito 6,3 A<\/li>\n<li>Tensi\u00f3n m\u00e1xima de funcionamiento 17,1 V<\/li>\n<li>Corriente m\u00e1xima de funcionamiento 5,9 A<\/li>\n<li>Coeficiente de temperatura de la potencia nominal -0,39%\/\u00b0C<\/li>\n<li>Coeficiente de temperatura de la tensi\u00f3n en vac\u00edo -0,33%\/\u00b0C<\/li>\n<li>Coeficiente de temperatura de la corriente de cortocircuito 0,06%\/\u00b0C<\/li>\n<li>Tensi\u00f3n m\u00e1xima del sistema 600 VDC (UL)<\/li>\n<li>Corriente m\u00e1xima del fusible 15 A<\/li>\n<\/ul>","protected":false},"featured_media":4587,"template":"","meta":{"_acf_changed":false},"product_brand":[],"product_cat":[97,245,415,198],"product_tag":[],"class_list":{"0":"post-4588","1":"product","2":"type-product","3":"status-publish","4":"has-post-thumbnail","6":"product_cat-alle-producten","7":"product_cat-ecoflow","8":"product_cat-energy","9":"product_cat-zonnepanelen","10":"product_shipping_class-outofstock","11":"pa_brand-ecoflow","12":"pa_productfamily-zonnepaneel","13":"pa_producttype-zonnepaneel","14":"pa_series-ecoflow","16":"first","17":"outofstock","18":"taxable","19":"shipping-taxable","20":"purchasable","21":"product-type-simple"},"acf":[],"yoast_head":"<!-- This site is optimized with the Yoast SEO Premium plugin v27.2 (Yoast SEO v27.2) - https:\/\/yoast.com\/product\/yoast-seo-premium-wordpress\/ -->\n<title>Ecoflow 2 x 100W Rigid Solar Panel Combo - koningdrone.be<\/title>\n<meta name=\"robots\" content=\"index, follow, max-snippet:-1, max-image-preview:large, max-video-preview:-1\" \/>\n<link rel=\"canonical\" href=\"https:\/\/koningdrone.be\/es\/producto\/ecoflow-2-x-100w-rigid-solar-panel-combo\/\" \/>\n<meta property=\"og:locale\" content=\"es_ES\" \/>\n<meta property=\"og:type\" content=\"article\" \/>\n<meta property=\"og:title\" content=\"Ecoflow 2 x 100W Rigid Solar Panel Combo\" \/>\n<meta property=\"og:description\" content=\"Gewicht zonnepaneel Ca. 6,2 kg (13,7 lbs)Afmetingen 98*58,6*3 cm (38,6*23,1*1,2 inch)Nominaal vermogen 100 W\uff08+\/-5W\uff09Nullastspanning 20,3 VKortsluitstroom 6,3 AMaximale bedrijfsspanning 17,1 VMaximale bedrijfsstroom 5,9 ATemperatuurco\u00ebffici\u00ebnt van nominaal vermogen -0,39%\/\u00b0CTemperatuurco\u00ebffici\u00ebnt van nullastspanning -0,33%\/\u00b0CTemperatuurco\u00ebffici\u00ebnt van kortsluitstroom 0,06%\/\u00b0CMaximale systeemspanning 600 VDC (UL)Maximale zekeringstroom 15 A\" \/>\n<meta property=\"og:url\" content=\"https:\/\/koningdrone.be\/es\/producto\/ecoflow-2-x-100w-rigid-solar-panel-combo\/\" \/>\n<meta property=\"og:site_name\" content=\"koningdrone.be\" \/>\n<meta property=\"article:modified_time\" content=\"2026-04-29T14:40:20+00:00\" \/>\n<meta property=\"og:image\" content=\"https:\/\/koningdrone.be\/wp-content\/uploads\/sites\/13\/2025\/04\/4897082668626.jpg\" \/>\n\t<meta property=\"og:image:width\" content=\"500\" \/>\n\t<meta property=\"og:image:height\" content=\"500\" \/>\n\t<meta property=\"og:image:type\" content=\"image\/jpeg\" \/>\n<meta name=\"twitter:card\" content=\"summary_large_image\" \/>\n<meta name=\"twitter:label1\" content=\"Tiempo de lectura\" \/>\n\t<meta name=\"twitter:data1\" content=\"1 minuto\" \/>\n<script type=\"application\/ld+json\" class=\"yoast-schema-graph\">{\"@context\":\"https:\/\/schema.org\",\"@graph\":[{\"@type\":\"WebPage\",\"@id\":\"https:\/\/koningdrone.be\/product\/ecoflow-2-x-100w-rigid-solar-panel-combo\/\",\"url\":\"https:\/\/koningdrone.be\/product\/ecoflow-2-x-100w-rigid-solar-panel-combo\/\",\"name\":\"Ecoflow 2 x 100W Rigid Solar Panel Combo - koningdrone.be\",\"isPartOf\":{\"@id\":\"https:\/\/koningdrone.be\/#website\"},\"primaryImageOfPage\":{\"@id\":\"https:\/\/koningdrone.be\/product\/ecoflow-2-x-100w-rigid-solar-panel-combo\/#primaryimage\"},\"image\":{\"@id\":\"https:\/\/koningdrone.be\/product\/ecoflow-2-x-100w-rigid-solar-panel-combo\/#primaryimage\"},\"thumbnailUrl\":\"https:\/\/koningdrone.be\/wp-content\/uploads\/sites\/13\/2025\/04\/4897082668626.jpg\",\"datePublished\":\"2023-07-05T11:44:55+00:00\",\"dateModified\":\"2026-04-29T14:40:20+00:00\",\"breadcrumb\":{\"@id\":\"https:\/\/koningdrone.be\/product\/ecoflow-2-x-100w-rigid-solar-panel-combo\/#breadcrumb\"},\"inLanguage\":\"es\",\"potentialAction\":[{\"@type\":\"ReadAction\",\"target\":[\"https:\/\/koningdrone.be\/product\/ecoflow-2-x-100w-rigid-solar-panel-combo\/\"]}]},{\"@type\":\"ImageObject\",\"inLanguage\":\"es\",\"@id\":\"https:\/\/koningdrone.be\/product\/ecoflow-2-x-100w-rigid-solar-panel-combo\/#primaryimage\",\"url\":\"https:\/\/koningdrone.be\/wp-content\/uploads\/sites\/13\/2025\/04\/4897082668626.jpg\",\"contentUrl\":\"https:\/\/koningdrone.be\/wp-content\/uploads\/sites\/13\/2025\/04\/4897082668626.jpg\",\"width\":500,\"height\":500},{\"@type\":\"BreadcrumbList\",\"@id\":\"https:\/\/koningdrone.be\/product\/ecoflow-2-x-100w-rigid-solar-panel-combo\/#breadcrumb\",\"itemListElement\":[{\"@type\":\"ListItem\",\"position\":1,\"name\":\"Home\",\"item\":\"https:\/\/koningdrone.be\/\"},{\"@type\":\"ListItem\",\"position\":2,\"name\":\"AVSS Parachute Recovery System for DJI Matrice 300\/350\",\"item\":\"https:\/\/koningdrone.be\/product\/avss-parachute-recovery-system-for-dji-matrice-300-350\/\"},{\"@type\":\"ListItem\",\"position\":3,\"name\":\"Alle producten\",\"item\":\"https:\/\/koningdrone.be\/categorie\/alle-producten\/\"},{\"@type\":\"ListItem\",\"position\":4,\"name\":\"Ecoflow 2 x 100W Rigid Solar Panel Combo\"}]},{\"@type\":\"WebSite\",\"@id\":\"https:\/\/koningdrone.be\/#website\",\"url\":\"https:\/\/koningdrone.be\/\",\"name\":\"Koningdrone.be - Uw online specialist in drones, gimbals, camera's en power stations.\",\"description\":\"De webshop in drones en gimbals\",\"publisher\":{\"@id\":\"https:\/\/koningdrone.be\/#organization\"},\"potentialAction\":[{\"@type\":\"SearchAction\",\"target\":{\"@type\":\"EntryPoint\",\"urlTemplate\":\"https:\/\/koningdrone.be\/?s={search_term_string}\"},\"query-input\":{\"@type\":\"PropertyValueSpecification\",\"valueRequired\":true,\"valueName\":\"search_term_string\"}}],\"inLanguage\":\"es\"},{\"@type\":\"Organization\",\"@id\":\"https:\/\/koningdrone.be\/#organization\",\"name\":\"Koningdrone.be\",\"url\":\"https:\/\/koningdrone.be\/\",\"logo\":{\"@type\":\"ImageObject\",\"inLanguage\":\"es\",\"@id\":\"https:\/\/koningdrone.be\/#\/schema\/logo\/image\/\",\"url\":\"https:\/\/koningdrone.be\/wp-content\/uploads\/sites\/13\/2025\/04\/koningdrone-copyright-logo.svg\",\"contentUrl\":\"https:\/\/koningdrone.be\/wp-content\/uploads\/sites\/13\/2025\/04\/koningdrone-copyright-logo.svg\",\"width\":227,\"height\":38,\"caption\":\"Koningdrone.be\"},\"image\":{\"@id\":\"https:\/\/koningdrone.be\/#\/schema\/logo\/image\/\"}}]}<\/script>\n<!-- \/ Yoast SEO Premium plugin. -->","yoast_head_json":{"title":"Ecoflow 2 x 100W Rigid Solar Panel Combo - koningdrone.be","robots":{"index":"index","follow":"follow","max-snippet":"max-snippet:-1","max-image-preview":"max-image-preview:large","max-video-preview":"max-video-preview:-1"},"canonical":"https:\/\/koningdrone.be\/es\/producto\/ecoflow-2-x-100w-rigid-solar-panel-combo\/","og_locale":"es_ES","og_type":"article","og_title":"Ecoflow 2 x 100W Rigid Solar Panel Combo","og_description":"Gewicht zonnepaneel Ca. 6,2 kg (13,7 lbs)Afmetingen 98*58,6*3 cm (38,6*23,1*1,2 inch)Nominaal vermogen 100 W\uff08+\/-5W\uff09Nullastspanning 20,3 VKortsluitstroom 6,3 AMaximale bedrijfsspanning 17,1 VMaximale bedrijfsstroom 5,9 ATemperatuurco\u00ebffici\u00ebnt van nominaal vermogen -0,39%\/\u00b0CTemperatuurco\u00ebffici\u00ebnt van nullastspanning -0,33%\/\u00b0CTemperatuurco\u00ebffici\u00ebnt van kortsluitstroom 0,06%\/\u00b0CMaximale systeemspanning 600 VDC (UL)Maximale zekeringstroom 15 A","og_url":"https:\/\/koningdrone.be\/es\/producto\/ecoflow-2-x-100w-rigid-solar-panel-combo\/","og_site_name":"koningdrone.be","article_modified_time":"2026-04-29T14:40:20+00:00","og_image":[{"width":500,"height":500,"url":"https:\/\/koningdrone.be\/wp-content\/uploads\/sites\/13\/2025\/04\/4897082668626.jpg","type":"image\/jpeg"}],"twitter_card":"summary_large_image","twitter_misc":{"Tiempo de lectura":"1 minuto"},"schema":{"@context":"https:\/\/schema.org","@graph":[{"@type":"WebPage","@id":"https:\/\/koningdrone.be\/product\/ecoflow-2-x-100w-rigid-solar-panel-combo\/","url":"https:\/\/koningdrone.be\/product\/ecoflow-2-x-100w-rigid-solar-panel-combo\/","name":"Ecoflow 2 x 100W Rigid Solar Panel Combo - koningdrone.be","isPartOf":{"@id":"https:\/\/koningdrone.be\/#website"},"primaryImageOfPage":{"@id":"https:\/\/koningdrone.be\/product\/ecoflow-2-x-100w-rigid-solar-panel-combo\/#primaryimage"},"image":{"@id":"https:\/\/koningdrone.be\/product\/ecoflow-2-x-100w-rigid-solar-panel-combo\/#primaryimage"},"thumbnailUrl":"https:\/\/koningdrone.be\/wp-content\/uploads\/sites\/13\/2025\/04\/4897082668626.jpg","datePublished":"2023-07-05T11:44:55+00:00","dateModified":"2026-04-29T14:40:20+00:00","breadcrumb":{"@id":"https:\/\/koningdrone.be\/product\/ecoflow-2-x-100w-rigid-solar-panel-combo\/#breadcrumb"},"inLanguage":"es","potentialAction":[{"@type":"ReadAction","target":["https:\/\/koningdrone.be\/product\/ecoflow-2-x-100w-rigid-solar-panel-combo\/"]}]},{"@type":"ImageObject","inLanguage":"es","@id":"https:\/\/koningdrone.be\/product\/ecoflow-2-x-100w-rigid-solar-panel-combo\/#primaryimage","url":"https:\/\/koningdrone.be\/wp-content\/uploads\/sites\/13\/2025\/04\/4897082668626.jpg","contentUrl":"https:\/\/koningdrone.be\/wp-content\/uploads\/sites\/13\/2025\/04\/4897082668626.jpg","width":500,"height":500},{"@type":"BreadcrumbList","@id":"https:\/\/koningdrone.be\/product\/ecoflow-2-x-100w-rigid-solar-panel-combo\/#breadcrumb","itemListElement":[{"@type":"ListItem","position":1,"name":"Home","item":"https:\/\/koningdrone.be\/"},{"@type":"ListItem","position":2,"name":"AVSS Parachute Recovery System for DJI Matrice 300\/350","item":"https:\/\/koningdrone.be\/product\/avss-parachute-recovery-system-for-dji-matrice-300-350\/"},{"@type":"ListItem","position":3,"name":"Alle producten","item":"https:\/\/koningdrone.be\/categorie\/alle-producten\/"},{"@type":"ListItem","position":4,"name":"Ecoflow 2 x 100W Rigid Solar Panel Combo"}]},{"@type":"WebSite","@id":"https:\/\/koningdrone.be\/#website","url":"https:\/\/koningdrone.be\/","name":"Koningdrone.be - Su especialista en l\u00ednea en drones, cardanes, c\u00e1maras y centrales el\u00e9ctricas.","description":"La tienda virtual de drones y cardanes","publisher":{"@id":"https:\/\/koningdrone.be\/#organization"},"potentialAction":[{"@type":"SearchAction","target":{"@type":"EntryPoint","urlTemplate":"https:\/\/koningdrone.be\/?s={search_term_string}"},"query-input":{"@type":"PropertyValueSpecification","valueRequired":true,"valueName":"search_term_string"}}],"inLanguage":"es"},{"@type":"Organization","@id":"https:\/\/koningdrone.be\/#organization","name":"Kingdrone.es","url":"https:\/\/koningdrone.be\/","logo":{"@type":"ImageObject","inLanguage":"es","@id":"https:\/\/koningdrone.be\/#\/schema\/logo\/image\/","url":"https:\/\/koningdrone.be\/wp-content\/uploads\/sites\/13\/2025\/04\/koningdrone-copyright-logo.svg","contentUrl":"https:\/\/koningdrone.be\/wp-content\/uploads\/sites\/13\/2025\/04\/koningdrone-copyright-logo.svg","width":227,"height":38,"caption":"Koningdrone.be"},"image":{"@id":"https:\/\/koningdrone.be\/#\/schema\/logo\/image\/"}}]}},"df_price":159,"df_sale_price":"","df_regular_price":159,"df_image_link":"https:\/\/koningdrone.be\/wp-content\/uploads\/sites\/13\/2025\/04\/4897082668626-300x300.jpg","_links":{"self":[{"href":"https:\/\/koningdrone.be\/es\/wp-json\/wp\/v2\/product\/4588","targetHints":{"allow":["GET"]}}],"collection":[{"href":"https:\/\/koningdrone.be\/es\/wp-json\/wp\/v2\/product"}],"about":[{"href":"https:\/\/koningdrone.be\/es\/wp-json\/wp\/v2\/types\/product"}],"wp:featuredmedia":[{"embeddable":true,"href":"https:\/\/koningdrone.be\/es\/wp-json\/wp\/v2\/media\/4587"}],"wp:attachment":[{"href":"https:\/\/koningdrone.be\/es\/wp-json\/wp\/v2\/media?parent=4588"}],"wp:term":[{"taxonomy":"product_brand","embeddable":true,"href":"https:\/\/koningdrone.be\/es\/wp-json\/wp\/v2\/product_brand?post=4588"},{"taxonomy":"product_cat","embeddable":true,"href":"https:\/\/koningdrone.be\/es\/wp-json\/wp\/v2\/product_cat?post=4588"},{"taxonomy":"product_tag","embeddable":true,"href":"https:\/\/koningdrone.be\/es\/wp-json\/wp\/v2\/product_tag?post=4588"}],"curies":[{"name":"wp","href":"https:\/\/api.w.org\/{rel}","templated":true}]}}