{"id":4586,"date":"2023-07-05T13:44:55","date_gmt":"2023-07-05T11:44:55","guid":{"rendered":"https:\/\/koningdrone.nl\/kon\/product\/ecoflow-delta-max-1600-delta-max-smart-extra-battery\/"},"modified":"2026-04-29T14:30:12","modified_gmt":"2026-04-29T12:30:12","slug":"ecoflow-delta-max-1600-delta-max-smart-extra-battery","status":"publish","type":"product","link":"https:\/\/koningdrone.be\/es\/producto\/ecoflow-delta-max-1600-delta-max-smart-extra-battery\/","title":{"rendered":"Ecoflow DELTA Max (1600) + BATER\u00cdA EXTRA DELTA Max SMART"},"content":{"rendered":"<p>El EcoFlow DELTA Max (1600) ofrece una incre\u00edble capacidad de bater\u00eda de 1612 Wh y tiene una potencia m\u00e1xima de 2800 W gracias a la tecnolog\u00eda X-Boost. Con 4 tomas de CA, 2 puertos USB-A y 2 USB-C y 2 tomas DC5521, este potente generador de energ\u00eda port\u00e1til ofrece suficientes opciones de conexi\u00f3n para todos tus dispositivos. Adem\u00e1s, admite carga r\u00e1pida a trav\u00e9s de varios puertos y dispone de conectividad inal\u00e1mbrica Wi-Fi.<\/p>\n<p><strong>Caracter\u00edsticas del EcoFlow DELTA Max<\/strong><\/p>\n<p>El peso de la EcoFlow DELTA Max es de unos 21,7 kg, y admite hasta dos bater\u00edas adicionales para obtener a\u00fan m\u00e1s potencia. Con una vida \u00fatil de 500 ciclos a 80% de capacidad y una garant\u00eda de 1 a\u00f1o tras la carga completa, la DELTA Max ofrece una fuente de alimentaci\u00f3n duradera y fiable. Con unas dimensiones de 500 x 240 x 308 mm, la DELTA Max es port\u00e1til y c\u00f3moda de usar, lo que le permite disponer de energ\u00eda en cualquier momento y lugar.<\/p>\n<p><strong>Especificaciones del EcoFlow DELTA Max<\/strong><\/p>\n<p>Las especificaciones de la DELTA Max garantizan una impresionante capacidad de 2016Wh y una vida \u00fatil de 800 ciclos a 80% de capacidad. Con la qu\u00edmica de la bater\u00eda NCM y un peso neto de unos 18 kg, se trata de una soluci\u00f3n de energ\u00eda port\u00e1til robusta y duradera.<\/p>\n<p><\/p>","protected":false},"excerpt":{"rendered":"<ul>\n<li>Energ\u00eda de emergencia para el hogar: DELTA Max se ampl\u00eda a 6 kWh con bater\u00edas inteligentes adicionales para mantener su hogar con energ\u00eda en caso de emergencia.<\/li>\n<li>Carga doble r\u00e1pida: cargue el 0-80% en 1 hora. O alcanza velocidades de hasta 3.600 W combinando la carga de CA con el generador inteligente EcoFlow.<\/li>\n<li>Alimentar varios electrodom\u00e9sticos: \u00bfbusca algo para alimentar electrodom\u00e9sticos pesados como el frigor\u00edfico y la secadora? Con X-Boost, DELTA Max puede alimentar f\u00e1cilmente aparatos de hasta 3000 W.<\/li>\n<li>Generador solar port\u00e1til: Mant\u00e9ngase encendido pase lo que pase. DELTA Max se conecta a hasta 2 paneles solares EcoFlow de 400 W para ofrecer velocidades de carga solar de 800 W m\u00e1x.<\/li>\n<\/ul>","protected":false},"featured_media":4584,"template":"","meta":{"_acf_changed":false},"product_brand":[],"product_cat":[97,245,415],"product_tag":[],"class_list":{"0":"post-4586","1":"product","2":"type-product","3":"status-publish","4":"has-post-thumbnail","6":"product_cat-alle-producten","7":"product_cat-ecoflow","8":"product_cat-energy","9":"product_shipping_class-outofstock","10":"pa_brand-ecoflow","11":"pa_productfamily-generator","12":"pa_producttype-generator","13":"pa_series-delta-max","15":"first","16":"outofstock","17":"taxable","18":"shipping-taxable","19":"product-type-simple"},"acf":[],"yoast_head":"<!-- This site is optimized with the Yoast SEO Premium plugin v27.2 (Yoast SEO v27.2) - https:\/\/yoast.com\/product\/yoast-seo-premium-wordpress\/ -->\n<title>Ecoflow DELTA Max (1600) + DELTA Max SMART EXTRA BATTERY - koningdrone.be<\/title>\n<meta name=\"robots\" content=\"index, follow, max-snippet:-1, max-image-preview:large, max-video-preview:-1\" \/>\n<link rel=\"canonical\" href=\"https:\/\/koningdrone.be\/es\/producto\/ecoflow-delta-max-1600-delta-max-smart-extra-battery\/\" \/>\n<meta property=\"og:locale\" content=\"es_ES\" \/>\n<meta property=\"og:type\" content=\"article\" \/>\n<meta property=\"og:title\" content=\"Ecoflow DELTA Max (1600) + DELTA Max SMART EXTRA BATTERY\" \/>\n<meta property=\"og:description\" content=\"Noodstroom voor thuis: DELTA Max breidt uit tot 6 kWh met slimme extra batterijen, zodat uw huis in geval van nood van stroom blijft voorzien.Snel dubbel opladen: opladen van 0-80% in 1 uur. Of haal snelheden tot 3600 W door AC-opladen te combineren met de EcoFlow Smart Generator.Meerdere apparaten van stroom voorzien: op zoek naar iets om zware apparaten zoals uw koelkast en droger van stroom te voorzien? Met X-Boost kan DELTA Max apparaten tot 3000 W met gemak aan.Draagbare zonnegenerator: Blijf altijd ingeschakeld, wat er ook gebeurt. DELTA Max maakt verbinding met maximaal 2x 400W EcoFlow-zonnepanelen om 800W Max zonnelaadsnelheden te leveren.\" \/>\n<meta property=\"og:url\" content=\"https:\/\/koningdrone.be\/es\/producto\/ecoflow-delta-max-1600-delta-max-smart-extra-battery\/\" \/>\n<meta property=\"og:site_name\" content=\"koningdrone.be\" \/>\n<meta property=\"article:modified_time\" content=\"2026-04-29T12:30:12+00:00\" \/>\n<meta property=\"og:image\" content=\"https:\/\/koningdrone.be\/wp-content\/uploads\/sites\/13\/2025\/04\/5706649033113-1.jpg\" \/>\n\t<meta property=\"og:image:width\" content=\"2048\" \/>\n\t<meta property=\"og:image:height\" content=\"2048\" \/>\n\t<meta property=\"og:image:type\" content=\"image\/jpeg\" \/>\n<meta name=\"twitter:card\" content=\"summary_large_image\" \/>\n<meta name=\"twitter:label1\" content=\"Tiempo de lectura\" \/>\n\t<meta name=\"twitter:data1\" content=\"1 minuto\" \/>\n<script type=\"application\/ld+json\" class=\"yoast-schema-graph\">{\"@context\":\"https:\/\/schema.org\",\"@graph\":[{\"@type\":\"WebPage\",\"@id\":\"https:\/\/koningdrone.be\/product\/ecoflow-delta-max-1600-delta-max-smart-extra-battery\/\",\"url\":\"https:\/\/koningdrone.be\/product\/ecoflow-delta-max-1600-delta-max-smart-extra-battery\/\",\"name\":\"Ecoflow DELTA Max (1600) + DELTA Max SMART EXTRA BATTERY - koningdrone.be\",\"isPartOf\":{\"@id\":\"https:\/\/koningdrone.be\/#website\"},\"primaryImageOfPage\":{\"@id\":\"https:\/\/koningdrone.be\/product\/ecoflow-delta-max-1600-delta-max-smart-extra-battery\/#primaryimage\"},\"image\":{\"@id\":\"https:\/\/koningdrone.be\/product\/ecoflow-delta-max-1600-delta-max-smart-extra-battery\/#primaryimage\"},\"thumbnailUrl\":\"https:\/\/koningdrone.be\/wp-content\/uploads\/sites\/13\/2025\/04\/5706649033113-1.jpg\",\"datePublished\":\"2023-07-05T11:44:55+00:00\",\"dateModified\":\"2026-04-29T12:30:12+00:00\",\"breadcrumb\":{\"@id\":\"https:\/\/koningdrone.be\/product\/ecoflow-delta-max-1600-delta-max-smart-extra-battery\/#breadcrumb\"},\"inLanguage\":\"es\",\"potentialAction\":[{\"@type\":\"ReadAction\",\"target\":[\"https:\/\/koningdrone.be\/product\/ecoflow-delta-max-1600-delta-max-smart-extra-battery\/\"]}]},{\"@type\":\"ImageObject\",\"inLanguage\":\"es\",\"@id\":\"https:\/\/koningdrone.be\/product\/ecoflow-delta-max-1600-delta-max-smart-extra-battery\/#primaryimage\",\"url\":\"https:\/\/koningdrone.be\/wp-content\/uploads\/sites\/13\/2025\/04\/5706649033113-1.jpg\",\"contentUrl\":\"https:\/\/koningdrone.be\/wp-content\/uploads\/sites\/13\/2025\/04\/5706649033113-1.jpg\",\"width\":2048,\"height\":2048},{\"@type\":\"BreadcrumbList\",\"@id\":\"https:\/\/koningdrone.be\/product\/ecoflow-delta-max-1600-delta-max-smart-extra-battery\/#breadcrumb\",\"itemListElement\":[{\"@type\":\"ListItem\",\"position\":1,\"name\":\"Home\",\"item\":\"https:\/\/koningdrone.be\/\"},{\"@type\":\"ListItem\",\"position\":2,\"name\":\"AVSS Parachute Recovery System for DJI Matrice 300\/350\",\"item\":\"https:\/\/koningdrone.be\/product\/avss-parachute-recovery-system-for-dji-matrice-300-350\/\"},{\"@type\":\"ListItem\",\"position\":3,\"name\":\"Alle producten\",\"item\":\"https:\/\/koningdrone.be\/categorie\/alle-producten\/\"},{\"@type\":\"ListItem\",\"position\":4,\"name\":\"Ecoflow DELTA Max (1600) + DELTA Max SMART EXTRA BATTERY\"}]},{\"@type\":\"WebSite\",\"@id\":\"https:\/\/koningdrone.be\/#website\",\"url\":\"https:\/\/koningdrone.be\/\",\"name\":\"Koningdrone.be - Uw online specialist in drones, gimbals, camera's en power stations.\",\"description\":\"De webshop in drones en gimbals\",\"publisher\":{\"@id\":\"https:\/\/koningdrone.be\/#organization\"},\"potentialAction\":[{\"@type\":\"SearchAction\",\"target\":{\"@type\":\"EntryPoint\",\"urlTemplate\":\"https:\/\/koningdrone.be\/?s={search_term_string}\"},\"query-input\":{\"@type\":\"PropertyValueSpecification\",\"valueRequired\":true,\"valueName\":\"search_term_string\"}}],\"inLanguage\":\"es\"},{\"@type\":\"Organization\",\"@id\":\"https:\/\/koningdrone.be\/#organization\",\"name\":\"Koningdrone.be\",\"url\":\"https:\/\/koningdrone.be\/\",\"logo\":{\"@type\":\"ImageObject\",\"inLanguage\":\"es\",\"@id\":\"https:\/\/koningdrone.be\/#\/schema\/logo\/image\/\",\"url\":\"https:\/\/koningdrone.be\/wp-content\/uploads\/sites\/13\/2025\/04\/koningdrone-copyright-logo.svg\",\"contentUrl\":\"https:\/\/koningdrone.be\/wp-content\/uploads\/sites\/13\/2025\/04\/koningdrone-copyright-logo.svg\",\"width\":227,\"height\":38,\"caption\":\"Koningdrone.be\"},\"image\":{\"@id\":\"https:\/\/koningdrone.be\/#\/schema\/logo\/image\/\"}}]}<\/script>\n<!-- \/ Yoast SEO Premium plugin. -->","yoast_head_json":{"title":"Ecoflow DELTA Max (1600) + DELTA Max SMART EXTRA BATTERY - koningdrone.be","robots":{"index":"index","follow":"follow","max-snippet":"max-snippet:-1","max-image-preview":"max-image-preview:large","max-video-preview":"max-video-preview:-1"},"canonical":"https:\/\/koningdrone.be\/es\/producto\/ecoflow-delta-max-1600-delta-max-smart-extra-battery\/","og_locale":"es_ES","og_type":"article","og_title":"Ecoflow DELTA Max (1600) + DELTA Max SMART EXTRA BATTERY","og_description":"Noodstroom voor thuis: DELTA Max breidt uit tot 6 kWh met slimme extra batterijen, zodat uw huis in geval van nood van stroom blijft voorzien.Snel dubbel opladen: opladen van 0-80% in 1 uur. Of haal snelheden tot 3600 W door AC-opladen te combineren met de EcoFlow Smart Generator.Meerdere apparaten van stroom voorzien: op zoek naar iets om zware apparaten zoals uw koelkast en droger van stroom te voorzien? Met X-Boost kan DELTA Max apparaten tot 3000 W met gemak aan.Draagbare zonnegenerator: Blijf altijd ingeschakeld, wat er ook gebeurt. DELTA Max maakt verbinding met maximaal 2x 400W EcoFlow-zonnepanelen om 800W Max zonnelaadsnelheden te leveren.","og_url":"https:\/\/koningdrone.be\/es\/producto\/ecoflow-delta-max-1600-delta-max-smart-extra-battery\/","og_site_name":"koningdrone.be","article_modified_time":"2026-04-29T12:30:12+00:00","og_image":[{"width":2048,"height":2048,"url":"https:\/\/koningdrone.be\/wp-content\/uploads\/sites\/13\/2025\/04\/5706649033113-1.jpg","type":"image\/jpeg"}],"twitter_card":"summary_large_image","twitter_misc":{"Tiempo de lectura":"1 minuto"},"schema":{"@context":"https:\/\/schema.org","@graph":[{"@type":"WebPage","@id":"https:\/\/koningdrone.be\/product\/ecoflow-delta-max-1600-delta-max-smart-extra-battery\/","url":"https:\/\/koningdrone.be\/product\/ecoflow-delta-max-1600-delta-max-smart-extra-battery\/","name":"Ecoflow DELTA Max (1600) + DELTA Max SMART EXTRA BATTERY - koningdrone.be","isPartOf":{"@id":"https:\/\/koningdrone.be\/#website"},"primaryImageOfPage":{"@id":"https:\/\/koningdrone.be\/product\/ecoflow-delta-max-1600-delta-max-smart-extra-battery\/#primaryimage"},"image":{"@id":"https:\/\/koningdrone.be\/product\/ecoflow-delta-max-1600-delta-max-smart-extra-battery\/#primaryimage"},"thumbnailUrl":"https:\/\/koningdrone.be\/wp-content\/uploads\/sites\/13\/2025\/04\/5706649033113-1.jpg","datePublished":"2023-07-05T11:44:55+00:00","dateModified":"2026-04-29T12:30:12+00:00","breadcrumb":{"@id":"https:\/\/koningdrone.be\/product\/ecoflow-delta-max-1600-delta-max-smart-extra-battery\/#breadcrumb"},"inLanguage":"es","potentialAction":[{"@type":"ReadAction","target":["https:\/\/koningdrone.be\/product\/ecoflow-delta-max-1600-delta-max-smart-extra-battery\/"]}]},{"@type":"ImageObject","inLanguage":"es","@id":"https:\/\/koningdrone.be\/product\/ecoflow-delta-max-1600-delta-max-smart-extra-battery\/#primaryimage","url":"https:\/\/koningdrone.be\/wp-content\/uploads\/sites\/13\/2025\/04\/5706649033113-1.jpg","contentUrl":"https:\/\/koningdrone.be\/wp-content\/uploads\/sites\/13\/2025\/04\/5706649033113-1.jpg","width":2048,"height":2048},{"@type":"BreadcrumbList","@id":"https:\/\/koningdrone.be\/product\/ecoflow-delta-max-1600-delta-max-smart-extra-battery\/#breadcrumb","itemListElement":[{"@type":"ListItem","position":1,"name":"Home","item":"https:\/\/koningdrone.be\/"},{"@type":"ListItem","position":2,"name":"AVSS Parachute Recovery System for DJI Matrice 300\/350","item":"https:\/\/koningdrone.be\/product\/avss-parachute-recovery-system-for-dji-matrice-300-350\/"},{"@type":"ListItem","position":3,"name":"Alle producten","item":"https:\/\/koningdrone.be\/categorie\/alle-producten\/"},{"@type":"ListItem","position":4,"name":"Ecoflow DELTA Max (1600) + DELTA Max SMART EXTRA BATTERY"}]},{"@type":"WebSite","@id":"https:\/\/koningdrone.be\/#website","url":"https:\/\/koningdrone.be\/","name":"Koningdrone.be - Su especialista en l\u00ednea en drones, cardanes, c\u00e1maras y centrales el\u00e9ctricas.","description":"La tienda virtual de drones y cardanes","publisher":{"@id":"https:\/\/koningdrone.be\/#organization"},"potentialAction":[{"@type":"SearchAction","target":{"@type":"EntryPoint","urlTemplate":"https:\/\/koningdrone.be\/?s={search_term_string}"},"query-input":{"@type":"PropertyValueSpecification","valueRequired":true,"valueName":"search_term_string"}}],"inLanguage":"es"},{"@type":"Organization","@id":"https:\/\/koningdrone.be\/#organization","name":"Kingdrone.es","url":"https:\/\/koningdrone.be\/","logo":{"@type":"ImageObject","inLanguage":"es","@id":"https:\/\/koningdrone.be\/#\/schema\/logo\/image\/","url":"https:\/\/koningdrone.be\/wp-content\/uploads\/sites\/13\/2025\/04\/koningdrone-copyright-logo.svg","contentUrl":"https:\/\/koningdrone.be\/wp-content\/uploads\/sites\/13\/2025\/04\/koningdrone-copyright-logo.svg","width":227,"height":38,"caption":"Koningdrone.be"},"image":{"@id":"https:\/\/koningdrone.be\/#\/schema\/logo\/image\/"}}]}},"df_price":"","df_sale_price":"","df_regular_price":"","df_image_link":"https:\/\/koningdrone.be\/wp-content\/uploads\/sites\/13\/2025\/04\/5706649033113-1-300x300.jpg","_links":{"self":[{"href":"https:\/\/koningdrone.be\/es\/wp-json\/wp\/v2\/product\/4586","targetHints":{"allow":["GET"]}}],"collection":[{"href":"https:\/\/koningdrone.be\/es\/wp-json\/wp\/v2\/product"}],"about":[{"href":"https:\/\/koningdrone.be\/es\/wp-json\/wp\/v2\/types\/product"}],"wp:featuredmedia":[{"embeddable":true,"href":"https:\/\/koningdrone.be\/es\/wp-json\/wp\/v2\/media\/4584"}],"wp:attachment":[{"href":"https:\/\/koningdrone.be\/es\/wp-json\/wp\/v2\/media?parent=4586"}],"wp:term":[{"taxonomy":"product_brand","embeddable":true,"href":"https:\/\/koningdrone.be\/es\/wp-json\/wp\/v2\/product_brand?post=4586"},{"taxonomy":"product_cat","embeddable":true,"href":"https:\/\/koningdrone.be\/es\/wp-json\/wp\/v2\/product_cat?post=4586"},{"taxonomy":"product_tag","embeddable":true,"href":"https:\/\/koningdrone.be\/es\/wp-json\/wp\/v2\/product_tag?post=4586"}],"curies":[{"name":"wp","href":"https:\/\/api.w.org\/{rel}","templated":true}]}}