{"id":4581,"date":"2023-07-05T13:44:55","date_gmt":"2023-07-05T11:44:55","guid":{"rendered":"https:\/\/koningdrone.nl\/kon\/product\/ecoflow-delta-bundle-two-110w-solar\/"},"modified":"2026-04-29T14:21:16","modified_gmt":"2026-04-29T12:21:16","slug":"ecoflow-delta-bundle-two-110w-solar","status":"publish","type":"product","link":"https:\/\/koningdrone.be\/es\/producto\/ecoflow-delta-bundle-two-110w-solar\/","title":{"rendered":"Ecoflow DELTA Bundle (dos 110W Solar)"},"content":{"rendered":"<p><strong>Descripci\u00f3n del producto EcoFlow DELTA y paneles solares de 110 W<\/strong><\/p>\n<p>El EcoFlow DELTA es un potente generador de bater\u00edas con una enorme capacidad de 1260Wh y 4 salidas de CA, que proporciona energ\u00eda de reserva fiable para uso dom\u00e9stico durante emergencias o cortes de energ\u00eda. El EcoFlow DELTA puede cargar de 0-80% en 1 hora, que es m\u00e1s r\u00e1pido que cualquier otro generador de bater\u00edas en el mercado.<\/p>\n<p><strong>Carga r\u00e1pida<\/strong><\/p>\n<p>Los paneles solares EcoFlow 110W le permiten cargar completamente el EcoFlow DELTA si se desconecta de la red o est\u00e1 buscando otra fuente de energ\u00eda de reserva. Adem\u00e1s, el EcoFlow DELTA puede alimentar hasta 11 dispositivos simult\u00e1neamente, lo que le permite cargar c\u00f3modamente todos sus tel\u00e9fonos, port\u00e1tiles y otros dispositivos.<\/p>\n<p><strong>Tecnolog\u00eda X-Stream<\/strong><\/p>\n<p>El DELTA utiliza la tecnolog\u00eda patentada X-Stream, que ofrece la mayor velocidad de carga del mercado y funciona 10 veces m\u00e1s r\u00e1pido que los generadores a bater\u00eda de la competencia. Con una enorme capacidad de almacenamiento de energ\u00eda de 1260 Wh, el DELTA puede alimentar frigor\u00edficos, luces, dispositivos m\u00e9dicos y otras necesidades con s\u00f3lo pulsar un bot\u00f3n. Adem\u00e1s, el DELTA puede cargarse completamente en cuatro horas con luz solar perfecta gracias a la entrada de un panel solar de 4x110 W.<\/p>\n<p><strong>Paneles solares EcoFlow 110W<\/strong><\/p>\n<p>Fabricados con eficientes c\u00e9lulas de silicio monocristalino, los paneles solares EcoFlow 110W pueden cargar plantas de energ\u00eda port\u00e1tiles y aparatos el\u00e9ctricos. Con la funci\u00f3n enlazable, los paneles solares se pueden enlazar entre s\u00ed con el cable paralelo, generando suficiente energ\u00eda para su planta de energ\u00eda. Dise\u00f1ado con un agarre de goma y soporte de soporte flexible, el panel solar puede ajustar el \u00e1ngulo de 0-180 grados y es resistente al polvo y al agua para soportar todas las condiciones clim\u00e1ticas, ideal para actividades al aire libre.<\/p>\n<p><\/p>","protected":false},"excerpt":{"rendered":"<ul>\n<li>Con una enorme capacidad de 1.260 Wh y 4 tomas de CA, el EcoFlow DELTA proporciona energ\u00eda de reserva fiable en el hogar durante una emergencia o un corte del suministro el\u00e9ctrico.<\/li>\n<li>El EcoFlow DELTA se carga en 1 hora desde 0-80%, m\u00e1s r\u00e1pido que cualquier otro generador de bater\u00edas del mercado.<\/li>\n<li>\u2019La estaci\u00f3n de carga m\u00e1s r\u00e1pida del mundo carga 2-3 veces m\u00e1s r\u00e1pido que la mayor\u00eda de las estaciones de carga port\u00e1tiles del mercado. De 0 a 80% en menos de una hora.<\/li>\n<li>Excepcional capacidad de 1,2 kWh: la portabilidad no tiene por qu\u00e9 sacrificar la capacidad. La unidad DELTA es un generador alimentado por bater\u00eda con una capacidad excepcional de 1,2 kWh. Suficiente para proporcionar horas de energ\u00eda de reserva.<\/li>\n<li>Potencia casi cualquier cosa: la gran carga del inversor DELTA tambi\u00e9n puede soportar herramientas de bricolaje \u00e1vidas de potencia de hasta 1800 W (3300 W pico, onda sinusoidal pura). Esto lo convierte en el mejor generador port\u00e1til de su tama\u00f1o en t\u00e9rminos de rendimiento.<\/li>\n<li>Carga solar, carga de coches y mucho m\u00e1s: DELTA tambi\u00e9n es una central el\u00e9ctrica que se carga con energ\u00eda solar. Se carga completamente en s\u00f3lo 4 horas con los paneles EcoFlow. \u00bfTe vas de viaje? Ench\u00fafalo a la toma del coche y carga tus dispositivos sobre la marcha.<\/li>\n<li>Alimente 11 dispositivos simult\u00e1neamente: tantos puertos como necesite para sus equipos. Alimente hasta 11 dispositivos simult\u00e1neamente mediante salidas de CA, CC o USB. Ideal como generador alimentado por bater\u00eda durante los cortes de corriente.<\/li>\n<\/ul>","protected":false},"featured_media":4578,"template":"","meta":{"_acf_changed":false},"product_brand":[],"product_cat":[97,245,415],"product_tag":[],"class_list":{"0":"post-4581","1":"product","2":"type-product","3":"status-publish","4":"has-post-thumbnail","6":"product_cat-alle-producten","7":"product_cat-ecoflow","8":"product_cat-energy","9":"product_shipping_class-outofstock","10":"pa_brand-ecoflow","11":"pa_productfamily-generator","12":"pa_producttype-generator","13":"pa_series-delta","15":"first","16":"outofstock","17":"taxable","18":"shipping-taxable","19":"product-type-simple"},"acf":[],"yoast_head":"<!-- This site is optimized with the Yoast SEO Premium plugin v27.2 (Yoast SEO v27.2) - https:\/\/yoast.com\/product\/yoast-seo-premium-wordpress\/ -->\n<title>Ecoflow DELTA Bundle (two 110W Solar) - koningdrone.be<\/title>\n<meta name=\"robots\" content=\"index, follow, max-snippet:-1, max-image-preview:large, max-video-preview:-1\" \/>\n<link rel=\"canonical\" href=\"https:\/\/koningdrone.be\/es\/producto\/ecoflow-delta-bundle-two-110w-solar\/\" \/>\n<meta property=\"og:locale\" content=\"es_ES\" \/>\n<meta property=\"og:type\" content=\"article\" \/>\n<meta property=\"og:title\" content=\"Ecoflow DELTA Bundle (two 110W Solar)\" \/>\n<meta property=\"og:description\" content=\"Met een enorme capaciteit van 1260 Wh en 4 AC-uitgangen biedt de EcoFlow DELTA betrouwbare back-upstroom in huis tijdens een noodgeval of stroomuitval.De EcoFlow DELTA laadt binnen 1 uur op van 0-80%, sneller dan elke andere batterijgenerator op de markt.&#039;s Werelds snelst opladende energiecentrale laadt 2 tot 3 keer sneller op dan de meeste draagbare energiecentrales op de markt. Van 0 tot 80% in minder dan een uur.Uitzonderlijke capaciteit van 1,2 kWh: draagbaarheid hoeft geen capaciteit op te offeren. De DELTA-unit is een generator op batterijen met een uitstekend vermogen van 1,2 kWh. Voldoende om uren reserve energie te leveren.Voedt vrijwel alles: DELTA&#039;s grote omvormerbelasting kan ook stroomverslindende doe-het-zelfgereedschappen ondersteunen tot 1800 W (3300 W piek, zuivere sinusgolf). Dit maakt het qua prestaties de beste draagbare krachtcentrale van zijn formaat.Opladen met zonne-energie, opladen van auto&#039;s en nog veel meer: DELTA is ook een energiecentrale die wordt opgeladen met zonne-energie. Volledig opgeladen in slechts 4 uur met EcoFlow-panelen. Ga je op roadtrip? Steek de stekker in het stopcontact van je auto en laad je apparaten onderweg op.Voorzie 11 apparaten tegelijk van stroom:\u00a0\u00a0Zoveel poorten als je nodig hebt voor je uitrusting. Voed tot 11 apparaten tegelijkertijd via AC-, DC- of USB-uitgangen. Ideaal als generator op batterijen tijdens stroomuitval.\" \/>\n<meta property=\"og:url\" content=\"https:\/\/koningdrone.be\/es\/producto\/ecoflow-delta-bundle-two-110w-solar\/\" \/>\n<meta property=\"og:site_name\" content=\"koningdrone.be\" \/>\n<meta property=\"article:modified_time\" content=\"2026-04-29T12:21:16+00:00\" \/>\n<meta property=\"og:image\" content=\"https:\/\/koningdrone.be\/wp-content\/uploads\/sites\/13\/2025\/04\/5706649033144-1.jpg\" \/>\n\t<meta property=\"og:image:width\" content=\"1000\" \/>\n\t<meta property=\"og:image:height\" content=\"1000\" \/>\n\t<meta property=\"og:image:type\" content=\"image\/jpeg\" \/>\n<meta name=\"twitter:card\" content=\"summary_large_image\" \/>\n<meta name=\"twitter:label1\" content=\"Tiempo de lectura\" \/>\n\t<meta name=\"twitter:data1\" content=\"1 minuto\" \/>\n<script type=\"application\/ld+json\" class=\"yoast-schema-graph\">{\"@context\":\"https:\/\/schema.org\",\"@graph\":[{\"@type\":\"WebPage\",\"@id\":\"https:\/\/koningdrone.be\/product\/ecoflow-delta-bundle-two-110w-solar\/\",\"url\":\"https:\/\/koningdrone.be\/product\/ecoflow-delta-bundle-two-110w-solar\/\",\"name\":\"Ecoflow DELTA Bundle (two 110W Solar) - koningdrone.be\",\"isPartOf\":{\"@id\":\"https:\/\/koningdrone.be\/#website\"},\"primaryImageOfPage\":{\"@id\":\"https:\/\/koningdrone.be\/product\/ecoflow-delta-bundle-two-110w-solar\/#primaryimage\"},\"image\":{\"@id\":\"https:\/\/koningdrone.be\/product\/ecoflow-delta-bundle-two-110w-solar\/#primaryimage\"},\"thumbnailUrl\":\"https:\/\/koningdrone.be\/wp-content\/uploads\/sites\/13\/2025\/04\/5706649033144-1.jpg\",\"datePublished\":\"2023-07-05T11:44:55+00:00\",\"dateModified\":\"2026-04-29T12:21:16+00:00\",\"breadcrumb\":{\"@id\":\"https:\/\/koningdrone.be\/product\/ecoflow-delta-bundle-two-110w-solar\/#breadcrumb\"},\"inLanguage\":\"es\",\"potentialAction\":[{\"@type\":\"ReadAction\",\"target\":[\"https:\/\/koningdrone.be\/product\/ecoflow-delta-bundle-two-110w-solar\/\"]}]},{\"@type\":\"ImageObject\",\"inLanguage\":\"es\",\"@id\":\"https:\/\/koningdrone.be\/product\/ecoflow-delta-bundle-two-110w-solar\/#primaryimage\",\"url\":\"https:\/\/koningdrone.be\/wp-content\/uploads\/sites\/13\/2025\/04\/5706649033144-1.jpg\",\"contentUrl\":\"https:\/\/koningdrone.be\/wp-content\/uploads\/sites\/13\/2025\/04\/5706649033144-1.jpg\",\"width\":1000,\"height\":1000},{\"@type\":\"BreadcrumbList\",\"@id\":\"https:\/\/koningdrone.be\/product\/ecoflow-delta-bundle-two-110w-solar\/#breadcrumb\",\"itemListElement\":[{\"@type\":\"ListItem\",\"position\":1,\"name\":\"Home\",\"item\":\"https:\/\/koningdrone.be\/\"},{\"@type\":\"ListItem\",\"position\":2,\"name\":\"AVSS Parachute Recovery System for DJI Matrice 300\/350\",\"item\":\"https:\/\/koningdrone.be\/product\/avss-parachute-recovery-system-for-dji-matrice-300-350\/\"},{\"@type\":\"ListItem\",\"position\":3,\"name\":\"Alle producten\",\"item\":\"https:\/\/koningdrone.be\/categorie\/alle-producten\/\"},{\"@type\":\"ListItem\",\"position\":4,\"name\":\"Ecoflow DELTA Bundle (two 110W Solar)\"}]},{\"@type\":\"WebSite\",\"@id\":\"https:\/\/koningdrone.be\/#website\",\"url\":\"https:\/\/koningdrone.be\/\",\"name\":\"Koningdrone.be - Uw online specialist in drones, gimbals, camera's en power stations.\",\"description\":\"De webshop in drones en gimbals\",\"publisher\":{\"@id\":\"https:\/\/koningdrone.be\/#organization\"},\"potentialAction\":[{\"@type\":\"SearchAction\",\"target\":{\"@type\":\"EntryPoint\",\"urlTemplate\":\"https:\/\/koningdrone.be\/?s={search_term_string}\"},\"query-input\":{\"@type\":\"PropertyValueSpecification\",\"valueRequired\":true,\"valueName\":\"search_term_string\"}}],\"inLanguage\":\"es\"},{\"@type\":\"Organization\",\"@id\":\"https:\/\/koningdrone.be\/#organization\",\"name\":\"Koningdrone.be\",\"url\":\"https:\/\/koningdrone.be\/\",\"logo\":{\"@type\":\"ImageObject\",\"inLanguage\":\"es\",\"@id\":\"https:\/\/koningdrone.be\/#\/schema\/logo\/image\/\",\"url\":\"https:\/\/koningdrone.be\/wp-content\/uploads\/sites\/13\/2025\/04\/koningdrone-copyright-logo.svg\",\"contentUrl\":\"https:\/\/koningdrone.be\/wp-content\/uploads\/sites\/13\/2025\/04\/koningdrone-copyright-logo.svg\",\"width\":227,\"height\":38,\"caption\":\"Koningdrone.be\"},\"image\":{\"@id\":\"https:\/\/koningdrone.be\/#\/schema\/logo\/image\/\"}}]}<\/script>\n<!-- \/ Yoast SEO Premium plugin. -->","yoast_head_json":{"title":"Ecoflow DELTA Bundle (two 110W Solar) - koningdrone.be","robots":{"index":"index","follow":"follow","max-snippet":"max-snippet:-1","max-image-preview":"max-image-preview:large","max-video-preview":"max-video-preview:-1"},"canonical":"https:\/\/koningdrone.be\/es\/producto\/ecoflow-delta-bundle-two-110w-solar\/","og_locale":"es_ES","og_type":"article","og_title":"Ecoflow DELTA Bundle (two 110W Solar)","og_description":"Met een enorme capaciteit van 1260 Wh en 4 AC-uitgangen biedt de EcoFlow DELTA betrouwbare back-upstroom in huis tijdens een noodgeval of stroomuitval.De EcoFlow DELTA laadt binnen 1 uur op van 0-80%, sneller dan elke andere batterijgenerator op de markt.'s Werelds snelst opladende energiecentrale laadt 2 tot 3 keer sneller op dan de meeste draagbare energiecentrales op de markt. Van 0 tot 80% in minder dan een uur.Uitzonderlijke capaciteit van 1,2 kWh: draagbaarheid hoeft geen capaciteit op te offeren. De DELTA-unit is een generator op batterijen met een uitstekend vermogen van 1,2 kWh. Voldoende om uren reserve energie te leveren.Voedt vrijwel alles: DELTA's grote omvormerbelasting kan ook stroomverslindende doe-het-zelfgereedschappen ondersteunen tot 1800 W (3300 W piek, zuivere sinusgolf). Dit maakt het qua prestaties de beste draagbare krachtcentrale van zijn formaat.Opladen met zonne-energie, opladen van auto's en nog veel meer: DELTA is ook een energiecentrale die wordt opgeladen met zonne-energie. Volledig opgeladen in slechts 4 uur met EcoFlow-panelen. Ga je op roadtrip? Steek de stekker in het stopcontact van je auto en laad je apparaten onderweg op.Voorzie 11 apparaten tegelijk van stroom:\u00a0\u00a0Zoveel poorten als je nodig hebt voor je uitrusting. Voed tot 11 apparaten tegelijkertijd via AC-, DC- of USB-uitgangen. Ideaal als generator op batterijen tijdens stroomuitval.","og_url":"https:\/\/koningdrone.be\/es\/producto\/ecoflow-delta-bundle-two-110w-solar\/","og_site_name":"koningdrone.be","article_modified_time":"2026-04-29T12:21:16+00:00","og_image":[{"width":1000,"height":1000,"url":"https:\/\/koningdrone.be\/wp-content\/uploads\/sites\/13\/2025\/04\/5706649033144-1.jpg","type":"image\/jpeg"}],"twitter_card":"summary_large_image","twitter_misc":{"Tiempo de lectura":"1 minuto"},"schema":{"@context":"https:\/\/schema.org","@graph":[{"@type":"WebPage","@id":"https:\/\/koningdrone.be\/product\/ecoflow-delta-bundle-two-110w-solar\/","url":"https:\/\/koningdrone.be\/product\/ecoflow-delta-bundle-two-110w-solar\/","name":"Ecoflow DELTA Bundle (two 110W Solar) - koningdrone.be","isPartOf":{"@id":"https:\/\/koningdrone.be\/#website"},"primaryImageOfPage":{"@id":"https:\/\/koningdrone.be\/product\/ecoflow-delta-bundle-two-110w-solar\/#primaryimage"},"image":{"@id":"https:\/\/koningdrone.be\/product\/ecoflow-delta-bundle-two-110w-solar\/#primaryimage"},"thumbnailUrl":"https:\/\/koningdrone.be\/wp-content\/uploads\/sites\/13\/2025\/04\/5706649033144-1.jpg","datePublished":"2023-07-05T11:44:55+00:00","dateModified":"2026-04-29T12:21:16+00:00","breadcrumb":{"@id":"https:\/\/koningdrone.be\/product\/ecoflow-delta-bundle-two-110w-solar\/#breadcrumb"},"inLanguage":"es","potentialAction":[{"@type":"ReadAction","target":["https:\/\/koningdrone.be\/product\/ecoflow-delta-bundle-two-110w-solar\/"]}]},{"@type":"ImageObject","inLanguage":"es","@id":"https:\/\/koningdrone.be\/product\/ecoflow-delta-bundle-two-110w-solar\/#primaryimage","url":"https:\/\/koningdrone.be\/wp-content\/uploads\/sites\/13\/2025\/04\/5706649033144-1.jpg","contentUrl":"https:\/\/koningdrone.be\/wp-content\/uploads\/sites\/13\/2025\/04\/5706649033144-1.jpg","width":1000,"height":1000},{"@type":"BreadcrumbList","@id":"https:\/\/koningdrone.be\/product\/ecoflow-delta-bundle-two-110w-solar\/#breadcrumb","itemListElement":[{"@type":"ListItem","position":1,"name":"Home","item":"https:\/\/koningdrone.be\/"},{"@type":"ListItem","position":2,"name":"AVSS Parachute Recovery System for DJI Matrice 300\/350","item":"https:\/\/koningdrone.be\/product\/avss-parachute-recovery-system-for-dji-matrice-300-350\/"},{"@type":"ListItem","position":3,"name":"Alle producten","item":"https:\/\/koningdrone.be\/categorie\/alle-producten\/"},{"@type":"ListItem","position":4,"name":"Ecoflow DELTA Bundle (two 110W Solar)"}]},{"@type":"WebSite","@id":"https:\/\/koningdrone.be\/#website","url":"https:\/\/koningdrone.be\/","name":"Koningdrone.be - Su especialista en l\u00ednea en drones, cardanes, c\u00e1maras y centrales el\u00e9ctricas.","description":"La tienda virtual de drones y cardanes","publisher":{"@id":"https:\/\/koningdrone.be\/#organization"},"potentialAction":[{"@type":"SearchAction","target":{"@type":"EntryPoint","urlTemplate":"https:\/\/koningdrone.be\/?s={search_term_string}"},"query-input":{"@type":"PropertyValueSpecification","valueRequired":true,"valueName":"search_term_string"}}],"inLanguage":"es"},{"@type":"Organization","@id":"https:\/\/koningdrone.be\/#organization","name":"Kingdrone.es","url":"https:\/\/koningdrone.be\/","logo":{"@type":"ImageObject","inLanguage":"es","@id":"https:\/\/koningdrone.be\/#\/schema\/logo\/image\/","url":"https:\/\/koningdrone.be\/wp-content\/uploads\/sites\/13\/2025\/04\/koningdrone-copyright-logo.svg","contentUrl":"https:\/\/koningdrone.be\/wp-content\/uploads\/sites\/13\/2025\/04\/koningdrone-copyright-logo.svg","width":227,"height":38,"caption":"Koningdrone.be"},"image":{"@id":"https:\/\/koningdrone.be\/#\/schema\/logo\/image\/"}}]}},"df_price":"","df_sale_price":"","df_regular_price":"","df_image_link":"https:\/\/koningdrone.be\/wp-content\/uploads\/sites\/13\/2025\/04\/5706649033144-1-300x300.jpg","_links":{"self":[{"href":"https:\/\/koningdrone.be\/es\/wp-json\/wp\/v2\/product\/4581","targetHints":{"allow":["GET"]}}],"collection":[{"href":"https:\/\/koningdrone.be\/es\/wp-json\/wp\/v2\/product"}],"about":[{"href":"https:\/\/koningdrone.be\/es\/wp-json\/wp\/v2\/types\/product"}],"wp:featuredmedia":[{"embeddable":true,"href":"https:\/\/koningdrone.be\/es\/wp-json\/wp\/v2\/media\/4578"}],"wp:attachment":[{"href":"https:\/\/koningdrone.be\/es\/wp-json\/wp\/v2\/media?parent=4581"}],"wp:term":[{"taxonomy":"product_brand","embeddable":true,"href":"https:\/\/koningdrone.be\/es\/wp-json\/wp\/v2\/product_brand?post=4581"},{"taxonomy":"product_cat","embeddable":true,"href":"https:\/\/koningdrone.be\/es\/wp-json\/wp\/v2\/product_cat?post=4581"},{"taxonomy":"product_tag","embeddable":true,"href":"https:\/\/koningdrone.be\/es\/wp-json\/wp\/v2\/product_tag?post=4581"}],"curies":[{"name":"wp","href":"https:\/\/api.w.org\/{rel}","templated":true}]}}