{"id":4577,"date":"2023-07-05T13:44:55","date_gmt":"2023-07-05T11:44:55","guid":{"rendered":"https:\/\/koningdrone.nl\/kon\/product\/ecoflow-delta-max-2000-delta-max\/"},"modified":"2026-04-29T14:30:07","modified_gmt":"2026-04-29T12:30:07","slug":"ecoflow-delta-max-2000-delta-max","status":"publish","type":"product","link":"https:\/\/koningdrone.be\/es\/producto\/ecoflow-delta-max-2000-delta-max\/","title":{"rendered":"Ecoflow DELTA Max (2000) + DELTA Max"},"content":{"rendered":"<p>La EcoFlow DELTA Max proporciona energ\u00eda dom\u00e9stica de emergencia y puede ampliarse hasta 6 kWh con bater\u00edas inteligentes adicionales, alimentando su hogar en caso de emergencia. La recarga 0-80% solo tarda 1 hora, lo que le permite recuperar la energ\u00eda r\u00e1pidamente.<\/p>\n<p><strong>Carga y velocidad<\/strong><\/p>\n<p>Con el generador inteligente EcoFlow, puede alcanzar velocidades de hasta 3600 W combinando la carga de CA. La carga de 0-80% tarda s\u00f3lo 1 hora, lo que le permite volver a utilizar la energ\u00eda r\u00e1pidamente. Adem\u00e1s, la funci\u00f3n X-Boost le permite alimentar electrodom\u00e9sticos pesados como frigor\u00edficos y secadoras con facilidad, hasta 3000 W. De este modo, el DELTA Max es capaz de alimentar m\u00faltiples electrodom\u00e9sticos.<\/p>\n<p><strong>Portabilidad<\/strong><\/p>\n<p>El EcoFlow DELTA Max es port\u00e1til y le mantiene conectado en cualquier situaci\u00f3n. Esto hace que el generador solar sea muy pr\u00e1ctico y vers\u00e1til.<\/p>\n<p><\/p>","protected":false},"excerpt":{"rendered":"<ul>\n<li>El DELTA Max puede ampliarse con bater\u00edas inteligentes adicionales hasta un m\u00e1ximo de 6.000 kWh de potencia<\/li>\n<li>Cada bater\u00eda adicional te proporciona 2.000 Wh de capacidad extra<\/li>\n<li>Conectando la estaci\u00f3n DELTA max-energy con dos paneles solares EcoFlow de 400 W se pueden alcanzar tasas de carga solar de hasta 800 W.<\/li>\n<li>El Delta Max puede conectar hasta 2 paneles solares EcoFlow de 400W para ofrecer una incre\u00edble tasa de carga solar m\u00e1xima de 800W.<\/li>\n<li>La pantalla en color integrada en la DELTA Max le mantiene informado con informaci\u00f3n clave sobre el rendimiento, como el porcentaje de bater\u00eda, la carga restante, la potencia de salida e incluso la advertencia de sobrecarga.<\/li>\n<li>Conecte su DELTA Max a una red Wi-Fi para acceder a un panel de control inteligente a trav\u00e9s de cualquier dispositivo inteligente. Esto le permite controlar y supervisar su central el\u00e9ctrica desde cualquier lugar.<\/li>\n<li>El DELTA Max incluye seis salidas de CA, cuatro salidas USB-A, dos salidas DC5521 y dos salidas USB-C, lo que permite conectar varios dispositivos simult\u00e1neamente.<\/li>\n<li>El DELTA Max ofrece una carga superr\u00e1pida con capacidad para cargar de 0 a 80% en 1 hora. Para una carga a\u00fan m\u00e1s r\u00e1pida, puede combinar dos opciones de carga. Esto incluye CA y un generador inteligente, CA y energ\u00eda solar, o el generador inteligente y energ\u00eda solar.<\/li>\n<\/ul>","protected":false},"featured_media":4575,"template":"","meta":{"_acf_changed":false},"product_brand":[],"product_cat":[97,245,415],"product_tag":[],"class_list":{"0":"post-4577","1":"product","2":"type-product","3":"status-publish","4":"has-post-thumbnail","6":"product_cat-alle-producten","7":"product_cat-ecoflow","8":"product_cat-energy","9":"product_shipping_class-outofstock","10":"pa_brand-ecoflow","11":"pa_productfamily-generator","12":"pa_producttype-generator","13":"pa_series-delta-max","15":"first","16":"outofstock","17":"taxable","18":"shipping-taxable","19":"product-type-simple"},"acf":[],"yoast_head":"<!-- This site is optimized with the Yoast SEO Premium plugin v27.2 (Yoast SEO v27.2) - https:\/\/yoast.com\/product\/yoast-seo-premium-wordpress\/ -->\n<title>Ecoflow DELTA Max (2000) + DELTA Max - koningdrone.be<\/title>\n<meta name=\"robots\" content=\"index, follow, max-snippet:-1, max-image-preview:large, max-video-preview:-1\" \/>\n<link rel=\"canonical\" href=\"https:\/\/koningdrone.be\/es\/producto\/ecoflow-delta-max-2000-delta-max\/\" \/>\n<meta property=\"og:locale\" content=\"es_ES\" \/>\n<meta property=\"og:type\" content=\"article\" \/>\n<meta property=\"og:title\" content=\"Ecoflow DELTA Max (2000) + DELTA Max\" \/>\n<meta property=\"og:description\" content=\"De DELTA Max kan worden uitgebreid met extra slimme batterijen tot maximaal 6.000 kWh vermogenElke extra batterij voorziet u van 2.000 Wh extra capaciteitHet aansluiten van het DELTA max-energiestation met twee 400W EcoFlow-zonnepanelen kan tot 800W zonnelaadsnelheden leverenDe Delta Max kan tot 2 EcoFlow-zonnepanelen van 400 W aansluiten om een verbazingwekkende 800 W Max Solar-laadsnelheid te leveren.Het ge\u00efntegreerde kleurendisplay op de DELTA Max houdt u op de hoogte met belangrijke prestatie-informatie, waaronder batterijpercentage, resterende lading, uitgangsvermogen en zelfs overbelastingswaarschuwing.Verbind uw DELTA Max met een Wi-Fi-netwerk om toegang te krijgen tot een slim bedieningspaneel via elk slim apparaat. Zo kunt u uw energiecentrale overal vandaan besturen en bewaken.De DELTA Max wordt geleverd met zes AC-uitgangen, vier USB-A-uitgangen, twee DC5521-uitgangen en twee USB-C-uitgangen, zodat u meerdere apparaten tegelijkertijd kunt aansluitenDe DELTA Max levert supersnel opladen met de mogelijkheid om van 0-80% op te laden in 1 uur. Voor nog sneller opladen kun je twee willekeurige oplaadopties combineren. Dit omvat AC en een Smart Generator, AC en zonne-energie, of de Smart Generator en zonne-energie.\" \/>\n<meta property=\"og:url\" content=\"https:\/\/koningdrone.be\/es\/producto\/ecoflow-delta-max-2000-delta-max\/\" \/>\n<meta property=\"og:site_name\" content=\"koningdrone.be\" \/>\n<meta property=\"article:modified_time\" content=\"2026-04-29T12:30:07+00:00\" \/>\n<meta property=\"og:image\" content=\"https:\/\/koningdrone.be\/wp-content\/uploads\/sites\/13\/2025\/04\/5706649033168-1.jpg\" \/>\n\t<meta property=\"og:image:width\" content=\"500\" \/>\n\t<meta property=\"og:image:height\" content=\"500\" \/>\n\t<meta property=\"og:image:type\" content=\"image\/jpeg\" \/>\n<meta name=\"twitter:card\" content=\"summary_large_image\" \/>\n<meta name=\"twitter:label1\" content=\"Tiempo de lectura\" \/>\n\t<meta name=\"twitter:data1\" content=\"1 minuto\" \/>\n<script type=\"application\/ld+json\" class=\"yoast-schema-graph\">{\"@context\":\"https:\/\/schema.org\",\"@graph\":[{\"@type\":\"WebPage\",\"@id\":\"https:\/\/koningdrone.be\/product\/ecoflow-delta-max-2000-delta-max\/\",\"url\":\"https:\/\/koningdrone.be\/product\/ecoflow-delta-max-2000-delta-max\/\",\"name\":\"Ecoflow DELTA Max (2000) + DELTA Max - koningdrone.be\",\"isPartOf\":{\"@id\":\"https:\/\/koningdrone.be\/#website\"},\"primaryImageOfPage\":{\"@id\":\"https:\/\/koningdrone.be\/product\/ecoflow-delta-max-2000-delta-max\/#primaryimage\"},\"image\":{\"@id\":\"https:\/\/koningdrone.be\/product\/ecoflow-delta-max-2000-delta-max\/#primaryimage\"},\"thumbnailUrl\":\"https:\/\/koningdrone.be\/wp-content\/uploads\/sites\/13\/2025\/04\/5706649033168-1.jpg\",\"datePublished\":\"2023-07-05T11:44:55+00:00\",\"dateModified\":\"2026-04-29T12:30:07+00:00\",\"breadcrumb\":{\"@id\":\"https:\/\/koningdrone.be\/product\/ecoflow-delta-max-2000-delta-max\/#breadcrumb\"},\"inLanguage\":\"es\",\"potentialAction\":[{\"@type\":\"ReadAction\",\"target\":[\"https:\/\/koningdrone.be\/product\/ecoflow-delta-max-2000-delta-max\/\"]}]},{\"@type\":\"ImageObject\",\"inLanguage\":\"es\",\"@id\":\"https:\/\/koningdrone.be\/product\/ecoflow-delta-max-2000-delta-max\/#primaryimage\",\"url\":\"https:\/\/koningdrone.be\/wp-content\/uploads\/sites\/13\/2025\/04\/5706649033168-1.jpg\",\"contentUrl\":\"https:\/\/koningdrone.be\/wp-content\/uploads\/sites\/13\/2025\/04\/5706649033168-1.jpg\",\"width\":500,\"height\":500},{\"@type\":\"BreadcrumbList\",\"@id\":\"https:\/\/koningdrone.be\/product\/ecoflow-delta-max-2000-delta-max\/#breadcrumb\",\"itemListElement\":[{\"@type\":\"ListItem\",\"position\":1,\"name\":\"Home\",\"item\":\"https:\/\/koningdrone.be\/\"},{\"@type\":\"ListItem\",\"position\":2,\"name\":\"AVSS Parachute Recovery System for DJI Matrice 300\/350\",\"item\":\"https:\/\/koningdrone.be\/product\/avss-parachute-recovery-system-for-dji-matrice-300-350\/\"},{\"@type\":\"ListItem\",\"position\":3,\"name\":\"Alle producten\",\"item\":\"https:\/\/koningdrone.be\/categorie\/alle-producten\/\"},{\"@type\":\"ListItem\",\"position\":4,\"name\":\"Ecoflow DELTA Max (2000) + DELTA Max\"}]},{\"@type\":\"WebSite\",\"@id\":\"https:\/\/koningdrone.be\/#website\",\"url\":\"https:\/\/koningdrone.be\/\",\"name\":\"Koningdrone.be - Uw online specialist in drones, gimbals, camera's en power stations.\",\"description\":\"De webshop in drones en gimbals\",\"publisher\":{\"@id\":\"https:\/\/koningdrone.be\/#organization\"},\"potentialAction\":[{\"@type\":\"SearchAction\",\"target\":{\"@type\":\"EntryPoint\",\"urlTemplate\":\"https:\/\/koningdrone.be\/?s={search_term_string}\"},\"query-input\":{\"@type\":\"PropertyValueSpecification\",\"valueRequired\":true,\"valueName\":\"search_term_string\"}}],\"inLanguage\":\"es\"},{\"@type\":\"Organization\",\"@id\":\"https:\/\/koningdrone.be\/#organization\",\"name\":\"Koningdrone.be\",\"url\":\"https:\/\/koningdrone.be\/\",\"logo\":{\"@type\":\"ImageObject\",\"inLanguage\":\"es\",\"@id\":\"https:\/\/koningdrone.be\/#\/schema\/logo\/image\/\",\"url\":\"https:\/\/koningdrone.be\/wp-content\/uploads\/sites\/13\/2025\/04\/koningdrone-copyright-logo.svg\",\"contentUrl\":\"https:\/\/koningdrone.be\/wp-content\/uploads\/sites\/13\/2025\/04\/koningdrone-copyright-logo.svg\",\"width\":227,\"height\":38,\"caption\":\"Koningdrone.be\"},\"image\":{\"@id\":\"https:\/\/koningdrone.be\/#\/schema\/logo\/image\/\"}}]}<\/script>\n<!-- \/ Yoast SEO Premium plugin. -->","yoast_head_json":{"title":"Ecoflow DELTA Max (2000) + DELTA Max - koningdrone.be","robots":{"index":"index","follow":"follow","max-snippet":"max-snippet:-1","max-image-preview":"max-image-preview:large","max-video-preview":"max-video-preview:-1"},"canonical":"https:\/\/koningdrone.be\/es\/producto\/ecoflow-delta-max-2000-delta-max\/","og_locale":"es_ES","og_type":"article","og_title":"Ecoflow DELTA Max (2000) + DELTA Max","og_description":"De DELTA Max kan worden uitgebreid met extra slimme batterijen tot maximaal 6.000 kWh vermogenElke extra batterij voorziet u van 2.000 Wh extra capaciteitHet aansluiten van het DELTA max-energiestation met twee 400W EcoFlow-zonnepanelen kan tot 800W zonnelaadsnelheden leverenDe Delta Max kan tot 2 EcoFlow-zonnepanelen van 400 W aansluiten om een verbazingwekkende 800 W Max Solar-laadsnelheid te leveren.Het ge\u00efntegreerde kleurendisplay op de DELTA Max houdt u op de hoogte met belangrijke prestatie-informatie, waaronder batterijpercentage, resterende lading, uitgangsvermogen en zelfs overbelastingswaarschuwing.Verbind uw DELTA Max met een Wi-Fi-netwerk om toegang te krijgen tot een slim bedieningspaneel via elk slim apparaat. Zo kunt u uw energiecentrale overal vandaan besturen en bewaken.De DELTA Max wordt geleverd met zes AC-uitgangen, vier USB-A-uitgangen, twee DC5521-uitgangen en twee USB-C-uitgangen, zodat u meerdere apparaten tegelijkertijd kunt aansluitenDe DELTA Max levert supersnel opladen met de mogelijkheid om van 0-80% op te laden in 1 uur. Voor nog sneller opladen kun je twee willekeurige oplaadopties combineren. Dit omvat AC en een Smart Generator, AC en zonne-energie, of de Smart Generator en zonne-energie.","og_url":"https:\/\/koningdrone.be\/es\/producto\/ecoflow-delta-max-2000-delta-max\/","og_site_name":"koningdrone.be","article_modified_time":"2026-04-29T12:30:07+00:00","og_image":[{"width":500,"height":500,"url":"https:\/\/koningdrone.be\/wp-content\/uploads\/sites\/13\/2025\/04\/5706649033168-1.jpg","type":"image\/jpeg"}],"twitter_card":"summary_large_image","twitter_misc":{"Tiempo de lectura":"1 minuto"},"schema":{"@context":"https:\/\/schema.org","@graph":[{"@type":"WebPage","@id":"https:\/\/koningdrone.be\/product\/ecoflow-delta-max-2000-delta-max\/","url":"https:\/\/koningdrone.be\/product\/ecoflow-delta-max-2000-delta-max\/","name":"Ecoflow DELTA Max (2000) + DELTA Max - koningdrone.be","isPartOf":{"@id":"https:\/\/koningdrone.be\/#website"},"primaryImageOfPage":{"@id":"https:\/\/koningdrone.be\/product\/ecoflow-delta-max-2000-delta-max\/#primaryimage"},"image":{"@id":"https:\/\/koningdrone.be\/product\/ecoflow-delta-max-2000-delta-max\/#primaryimage"},"thumbnailUrl":"https:\/\/koningdrone.be\/wp-content\/uploads\/sites\/13\/2025\/04\/5706649033168-1.jpg","datePublished":"2023-07-05T11:44:55+00:00","dateModified":"2026-04-29T12:30:07+00:00","breadcrumb":{"@id":"https:\/\/koningdrone.be\/product\/ecoflow-delta-max-2000-delta-max\/#breadcrumb"},"inLanguage":"es","potentialAction":[{"@type":"ReadAction","target":["https:\/\/koningdrone.be\/product\/ecoflow-delta-max-2000-delta-max\/"]}]},{"@type":"ImageObject","inLanguage":"es","@id":"https:\/\/koningdrone.be\/product\/ecoflow-delta-max-2000-delta-max\/#primaryimage","url":"https:\/\/koningdrone.be\/wp-content\/uploads\/sites\/13\/2025\/04\/5706649033168-1.jpg","contentUrl":"https:\/\/koningdrone.be\/wp-content\/uploads\/sites\/13\/2025\/04\/5706649033168-1.jpg","width":500,"height":500},{"@type":"BreadcrumbList","@id":"https:\/\/koningdrone.be\/product\/ecoflow-delta-max-2000-delta-max\/#breadcrumb","itemListElement":[{"@type":"ListItem","position":1,"name":"Home","item":"https:\/\/koningdrone.be\/"},{"@type":"ListItem","position":2,"name":"AVSS Parachute Recovery System for DJI Matrice 300\/350","item":"https:\/\/koningdrone.be\/product\/avss-parachute-recovery-system-for-dji-matrice-300-350\/"},{"@type":"ListItem","position":3,"name":"Alle producten","item":"https:\/\/koningdrone.be\/categorie\/alle-producten\/"},{"@type":"ListItem","position":4,"name":"Ecoflow DELTA Max (2000) + DELTA Max"}]},{"@type":"WebSite","@id":"https:\/\/koningdrone.be\/#website","url":"https:\/\/koningdrone.be\/","name":"Koningdrone.be - Su especialista en l\u00ednea en drones, cardanes, c\u00e1maras y centrales el\u00e9ctricas.","description":"La tienda virtual de drones y cardanes","publisher":{"@id":"https:\/\/koningdrone.be\/#organization"},"potentialAction":[{"@type":"SearchAction","target":{"@type":"EntryPoint","urlTemplate":"https:\/\/koningdrone.be\/?s={search_term_string}"},"query-input":{"@type":"PropertyValueSpecification","valueRequired":true,"valueName":"search_term_string"}}],"inLanguage":"es"},{"@type":"Organization","@id":"https:\/\/koningdrone.be\/#organization","name":"Kingdrone.es","url":"https:\/\/koningdrone.be\/","logo":{"@type":"ImageObject","inLanguage":"es","@id":"https:\/\/koningdrone.be\/#\/schema\/logo\/image\/","url":"https:\/\/koningdrone.be\/wp-content\/uploads\/sites\/13\/2025\/04\/koningdrone-copyright-logo.svg","contentUrl":"https:\/\/koningdrone.be\/wp-content\/uploads\/sites\/13\/2025\/04\/koningdrone-copyright-logo.svg","width":227,"height":38,"caption":"Koningdrone.be"},"image":{"@id":"https:\/\/koningdrone.be\/#\/schema\/logo\/image\/"}}]}},"df_price":"","df_sale_price":"","df_regular_price":"","df_image_link":"https:\/\/koningdrone.be\/wp-content\/uploads\/sites\/13\/2025\/04\/5706649033168-1-300x300.jpg","_links":{"self":[{"href":"https:\/\/koningdrone.be\/es\/wp-json\/wp\/v2\/product\/4577","targetHints":{"allow":["GET"]}}],"collection":[{"href":"https:\/\/koningdrone.be\/es\/wp-json\/wp\/v2\/product"}],"about":[{"href":"https:\/\/koningdrone.be\/es\/wp-json\/wp\/v2\/types\/product"}],"wp:featuredmedia":[{"embeddable":true,"href":"https:\/\/koningdrone.be\/es\/wp-json\/wp\/v2\/media\/4575"}],"wp:attachment":[{"href":"https:\/\/koningdrone.be\/es\/wp-json\/wp\/v2\/media?parent=4577"}],"wp:term":[{"taxonomy":"product_brand","embeddable":true,"href":"https:\/\/koningdrone.be\/es\/wp-json\/wp\/v2\/product_brand?post=4577"},{"taxonomy":"product_cat","embeddable":true,"href":"https:\/\/koningdrone.be\/es\/wp-json\/wp\/v2\/product_cat?post=4577"},{"taxonomy":"product_tag","embeddable":true,"href":"https:\/\/koningdrone.be\/es\/wp-json\/wp\/v2\/product_tag?post=4577"}],"curies":[{"name":"wp","href":"https:\/\/api.w.org\/{rel}","templated":true}]}}