{"id":4293,"date":"2023-09-27T11:33:35","date_gmt":"2023-09-27T09:33:35","guid":{"rendered":"https:\/\/koningdrone.nl\/kon\/product\/bluetti-ac180p-draagbare-power-station\/"},"modified":"2026-04-29T06:41:01","modified_gmt":"2026-04-29T04:41:01","slug":"bluetti-ac180p-draagbare-power-station","status":"publish","type":"product","link":"https:\/\/koningdrone.be\/es\/producto\/bluetti-ac180p-draagbare-power-station\/","title":{"rendered":"Bluetti AC180P - Central El\u00e9ctrica Port\u00e1til"},"content":{"rendered":"<h1>Bluetti AC180P - Central El\u00e9ctrica Port\u00e1til<\/h1>\n<p>La estaci\u00f3n de alimentaci\u00f3n Bluetti AC180P es una soluci\u00f3n c\u00f3moda y potente para cualquier lugar. Con un peso de s\u00f3lo 17 kg, no tiene que renunciar a la capacidad ni a la funcionalidad. Esta estaci\u00f3n de alimentaci\u00f3n proporciona 1800 vatios y tiene una capacidad de 1440 Wh. Incluso puede cargarla r\u00e1pidamente, de 0 a 80%, en s\u00f3lo 45 minutos gracias a su funci\u00f3n de carga r\u00e1pida.<\/p>\n<p>Si no tiene prisa, puede ajustar la velocidad de carga al modo de carga est\u00e1ndar o silenciosa para maximizar la duraci\u00f3n de la bater\u00eda. Con la entrada Solar de 500 W, tambi\u00e9n puedes cargar el AC180P mediante paneles solares, ya sean los originales de Bluetti o paneles de otra marca con las especificaciones adecuadas y conectores MC4.<\/p>\n<p>No se preocupe por la sobrecarga, ya que esta central el\u00e9ctrica tiene una potencia de salida constante de 1.800 vatios y un \"modo de aumento de potencia\" de 2.700 vatios. Esto le permite utilizar sin problemas incluso aparatos potentes como hervidores de agua, secadores de pelo y microondas. Adem\u00e1s, dispone de una funci\u00f3n SAI que resulta muy \u00fatil durante los cortes de corriente, ya que permite utilizarla como bater\u00eda dom\u00e9stica port\u00e1til.<\/p>\n<p>La aplicaci\u00f3n BLUETTI facilita a\u00fan m\u00e1s el manejo del AC180P. A trav\u00e9s de Bluetooth, puede utilizar la aplicaci\u00f3n para obtener informaci\u00f3n sobre el estado y el consumo de la Power Station, y tambi\u00e9n puede ajustar la configuraci\u00f3n a trav\u00e9s de la aplicaci\u00f3n.<\/p>","protected":false},"excerpt":{"rendered":"<ul>\n<li>Salida de CA de 1.800 W\/Modo de elevaci\u00f3n de potencia de 2.700 W<\/li>\n<li>1.152 Wh de mayor capacidad<\/li>\n<li>9 salidas para varios dispositivos<\/li>\n<li>4 opciones de carga flexibles (CA\/solar\/coche\/generador)<\/li>\n<li>Control y supervisi\u00f3n inteligentes mediante la aplicaci\u00f3n BLUETTI<\/li>\n<li>Carga de 0 a 80% en 45 minutos con una potencia de entrada de 1.440 W CA<\/li>\n<li>Respetuoso con el medio ambiente\/limpio\/silencioso\/econ\u00f3mico<\/li>\n<\/ul>","protected":false},"featured_media":4290,"template":"","meta":{"_acf_changed":false},"product_brand":[],"product_cat":[454,97,829,415],"product_tag":[],"class_list":{"0":"post-4293","1":"product","2":"type-product","3":"status-publish","4":"has-post-thumbnail","6":"product_cat-alle-powerstations","7":"product_cat-alle-producten","8":"product_cat-bluetti","9":"product_cat-energy","10":"product_shipping_class-outofstock","11":"pa_afmetingen-340mm-x-247mm-x-317mm","12":"pa_brand-bluetti","13":"pa_capaciteit-1440wh","14":"pa_gewicht-17-kg","15":"pa_input-dc-ingangsvermogen-1440w-via-adapter-ingangsspanning-zonnepanelen-500w-12v-60v-max-10a","16":"pa_oplaadtijd-via-ac-1-3-1-8-uur-1-440w-turbo-opladen","17":"pa_output-230-v-2-x-ac-230-v-eu-schuko-totaal-max-1800-w-continuvermogen-totaal-max-2700-w-piek-vermogen","18":"pa_output-dc-1-x-12v-10a","19":"pa_output-usb-2-x-usb-a-5v-3a-2-x-usb-a-18w-1-x-100w-usb-c-pd-port-1-x-wireless-charging-15w","20":"pa_productfamily-power-station","21":"pa_producttype-power-station","22":"pa_type-batterij-lifepo4","23":"pa_wifi-functie-nee-bluetooth-alleen","25":"first","26":"outofstock","27":"taxable","28":"shipping-taxable","29":"product-type-simple"},"acf":[],"yoast_head":"<!-- This site is optimized with the Yoast SEO Premium plugin v27.2 (Yoast SEO v27.2) - https:\/\/yoast.com\/product\/yoast-seo-premium-wordpress\/ -->\n<title>Bluetti AC180P - Draagbare Power Station - koningdrone.be<\/title>\n<meta name=\"robots\" content=\"index, follow, max-snippet:-1, max-image-preview:large, max-video-preview:-1\" \/>\n<link rel=\"canonical\" href=\"https:\/\/koningdrone.be\/es\/producto\/bluetti-ac180p-draagbare-power-station\/\" \/>\n<meta property=\"og:locale\" content=\"es_ES\" \/>\n<meta property=\"og:type\" content=\"article\" \/>\n<meta property=\"og:title\" content=\"Bluetti AC180P - Draagbare Power Station\" \/>\n<meta property=\"og:description\" content=\"1.800 W AC uitgang\/2.700 W vermogen hefmodus1.152 Wh hogere capaciteit9 uitgangen voor meerdere apparaten4 flexibele oplaadopties (AC\/zonne-energie\/auto\/generator)Intelligente bediening en bewaking via BLUETTI appOpladen van 0 tot 80% in 45 minuten met 1.440 W AC ingangsvermogenMilieuvriendelijk\/schoon\/stil\/kosteneffectief\" \/>\n<meta property=\"og:url\" content=\"https:\/\/koningdrone.be\/es\/producto\/bluetti-ac180p-draagbare-power-station\/\" \/>\n<meta property=\"og:site_name\" content=\"koningdrone.be\" \/>\n<meta property=\"article:modified_time\" content=\"2026-04-29T04:41:01+00:00\" \/>\n<meta property=\"og:image\" content=\"https:\/\/koningdrone.be\/wp-content\/uploads\/sites\/13\/2025\/04\/Bluetti-AC180P-1.webp\" \/>\n\t<meta property=\"og:image:width\" content=\"800\" \/>\n\t<meta property=\"og:image:height\" content=\"800\" \/>\n\t<meta property=\"og:image:type\" content=\"image\/webp\" \/>\n<meta name=\"twitter:card\" content=\"summary_large_image\" \/>\n<meta name=\"twitter:label1\" content=\"Tiempo de lectura\" \/>\n\t<meta name=\"twitter:data1\" content=\"1 minuto\" \/>\n<script type=\"application\/ld+json\" class=\"yoast-schema-graph\">{\"@context\":\"https:\/\/schema.org\",\"@graph\":[{\"@type\":\"WebPage\",\"@id\":\"https:\/\/koningdrone.be\/product\/bluetti-ac180p-draagbare-power-station\/\",\"url\":\"https:\/\/koningdrone.be\/product\/bluetti-ac180p-draagbare-power-station\/\",\"name\":\"Bluetti AC180P - Draagbare Power Station - koningdrone.be\",\"isPartOf\":{\"@id\":\"https:\/\/koningdrone.be\/#website\"},\"primaryImageOfPage\":{\"@id\":\"https:\/\/koningdrone.be\/product\/bluetti-ac180p-draagbare-power-station\/#primaryimage\"},\"image\":{\"@id\":\"https:\/\/koningdrone.be\/product\/bluetti-ac180p-draagbare-power-station\/#primaryimage\"},\"thumbnailUrl\":\"https:\/\/koningdrone.be\/wp-content\/uploads\/sites\/13\/2025\/04\/Bluetti-AC180P-1.webp\",\"datePublished\":\"2023-09-27T09:33:35+00:00\",\"dateModified\":\"2026-04-29T04:41:01+00:00\",\"breadcrumb\":{\"@id\":\"https:\/\/koningdrone.be\/product\/bluetti-ac180p-draagbare-power-station\/#breadcrumb\"},\"inLanguage\":\"es\",\"potentialAction\":[{\"@type\":\"ReadAction\",\"target\":[\"https:\/\/koningdrone.be\/product\/bluetti-ac180p-draagbare-power-station\/\"]}]},{\"@type\":\"ImageObject\",\"inLanguage\":\"es\",\"@id\":\"https:\/\/koningdrone.be\/product\/bluetti-ac180p-draagbare-power-station\/#primaryimage\",\"url\":\"https:\/\/koningdrone.be\/wp-content\/uploads\/sites\/13\/2025\/04\/Bluetti-AC180P-1.webp\",\"contentUrl\":\"https:\/\/koningdrone.be\/wp-content\/uploads\/sites\/13\/2025\/04\/Bluetti-AC180P-1.webp\",\"width\":800,\"height\":800},{\"@type\":\"BreadcrumbList\",\"@id\":\"https:\/\/koningdrone.be\/product\/bluetti-ac180p-draagbare-power-station\/#breadcrumb\",\"itemListElement\":[{\"@type\":\"ListItem\",\"position\":1,\"name\":\"Home\",\"item\":\"https:\/\/koningdrone.be\/\"},{\"@type\":\"ListItem\",\"position\":2,\"name\":\"AVSS Parachute Recovery System for DJI Matrice 300\/350\",\"item\":\"https:\/\/koningdrone.be\/product\/avss-parachute-recovery-system-for-dji-matrice-300-350\/\"},{\"@type\":\"ListItem\",\"position\":3,\"name\":\"Alle powerstations\",\"item\":\"https:\/\/koningdrone.be\/categorie\/alle-powerstations\/\"},{\"@type\":\"ListItem\",\"position\":4,\"name\":\"Bluetti AC180P &#8211; Draagbare Power Station\"}]},{\"@type\":\"WebSite\",\"@id\":\"https:\/\/koningdrone.be\/#website\",\"url\":\"https:\/\/koningdrone.be\/\",\"name\":\"Koningdrone.be - Uw online specialist in drones, gimbals, camera's en power stations.\",\"description\":\"De webshop in drones en gimbals\",\"publisher\":{\"@id\":\"https:\/\/koningdrone.be\/#organization\"},\"potentialAction\":[{\"@type\":\"SearchAction\",\"target\":{\"@type\":\"EntryPoint\",\"urlTemplate\":\"https:\/\/koningdrone.be\/?s={search_term_string}\"},\"query-input\":{\"@type\":\"PropertyValueSpecification\",\"valueRequired\":true,\"valueName\":\"search_term_string\"}}],\"inLanguage\":\"es\"},{\"@type\":\"Organization\",\"@id\":\"https:\/\/koningdrone.be\/#organization\",\"name\":\"Koningdrone.be\",\"url\":\"https:\/\/koningdrone.be\/\",\"logo\":{\"@type\":\"ImageObject\",\"inLanguage\":\"es\",\"@id\":\"https:\/\/koningdrone.be\/#\/schema\/logo\/image\/\",\"url\":\"https:\/\/koningdrone.be\/wp-content\/uploads\/sites\/13\/2025\/04\/koningdrone-copyright-logo.svg\",\"contentUrl\":\"https:\/\/koningdrone.be\/wp-content\/uploads\/sites\/13\/2025\/04\/koningdrone-copyright-logo.svg\",\"width\":227,\"height\":38,\"caption\":\"Koningdrone.be\"},\"image\":{\"@id\":\"https:\/\/koningdrone.be\/#\/schema\/logo\/image\/\"}}]}<\/script>\n<!-- \/ Yoast SEO Premium plugin. -->","yoast_head_json":{"title":"Bluetti AC180P - Draagbare Power Station - koningdrone.be","robots":{"index":"index","follow":"follow","max-snippet":"max-snippet:-1","max-image-preview":"max-image-preview:large","max-video-preview":"max-video-preview:-1"},"canonical":"https:\/\/koningdrone.be\/es\/producto\/bluetti-ac180p-draagbare-power-station\/","og_locale":"es_ES","og_type":"article","og_title":"Bluetti AC180P - Draagbare Power Station","og_description":"1.800 W AC uitgang\/2.700 W vermogen hefmodus1.152 Wh hogere capaciteit9 uitgangen voor meerdere apparaten4 flexibele oplaadopties (AC\/zonne-energie\/auto\/generator)Intelligente bediening en bewaking via BLUETTI appOpladen van 0 tot 80% in 45 minuten met 1.440 W AC ingangsvermogenMilieuvriendelijk\/schoon\/stil\/kosteneffectief","og_url":"https:\/\/koningdrone.be\/es\/producto\/bluetti-ac180p-draagbare-power-station\/","og_site_name":"koningdrone.be","article_modified_time":"2026-04-29T04:41:01+00:00","og_image":[{"width":800,"height":800,"url":"https:\/\/koningdrone.be\/wp-content\/uploads\/sites\/13\/2025\/04\/Bluetti-AC180P-1.webp","type":"image\/webp"}],"twitter_card":"summary_large_image","twitter_misc":{"Tiempo de lectura":"1 minuto"},"schema":{"@context":"https:\/\/schema.org","@graph":[{"@type":"WebPage","@id":"https:\/\/koningdrone.be\/product\/bluetti-ac180p-draagbare-power-station\/","url":"https:\/\/koningdrone.be\/product\/bluetti-ac180p-draagbare-power-station\/","name":"Bluetti AC180P - Draagbare Power Station - koningdrone.be","isPartOf":{"@id":"https:\/\/koningdrone.be\/#website"},"primaryImageOfPage":{"@id":"https:\/\/koningdrone.be\/product\/bluetti-ac180p-draagbare-power-station\/#primaryimage"},"image":{"@id":"https:\/\/koningdrone.be\/product\/bluetti-ac180p-draagbare-power-station\/#primaryimage"},"thumbnailUrl":"https:\/\/koningdrone.be\/wp-content\/uploads\/sites\/13\/2025\/04\/Bluetti-AC180P-1.webp","datePublished":"2023-09-27T09:33:35+00:00","dateModified":"2026-04-29T04:41:01+00:00","breadcrumb":{"@id":"https:\/\/koningdrone.be\/product\/bluetti-ac180p-draagbare-power-station\/#breadcrumb"},"inLanguage":"es","potentialAction":[{"@type":"ReadAction","target":["https:\/\/koningdrone.be\/product\/bluetti-ac180p-draagbare-power-station\/"]}]},{"@type":"ImageObject","inLanguage":"es","@id":"https:\/\/koningdrone.be\/product\/bluetti-ac180p-draagbare-power-station\/#primaryimage","url":"https:\/\/koningdrone.be\/wp-content\/uploads\/sites\/13\/2025\/04\/Bluetti-AC180P-1.webp","contentUrl":"https:\/\/koningdrone.be\/wp-content\/uploads\/sites\/13\/2025\/04\/Bluetti-AC180P-1.webp","width":800,"height":800},{"@type":"BreadcrumbList","@id":"https:\/\/koningdrone.be\/product\/bluetti-ac180p-draagbare-power-station\/#breadcrumb","itemListElement":[{"@type":"ListItem","position":1,"name":"Home","item":"https:\/\/koningdrone.be\/"},{"@type":"ListItem","position":2,"name":"AVSS Parachute Recovery System for DJI Matrice 300\/350","item":"https:\/\/koningdrone.be\/product\/avss-parachute-recovery-system-for-dji-matrice-300-350\/"},{"@type":"ListItem","position":3,"name":"Alle powerstations","item":"https:\/\/koningdrone.be\/categorie\/alle-powerstations\/"},{"@type":"ListItem","position":4,"name":"Bluetti AC180P &#8211; Draagbare Power Station"}]},{"@type":"WebSite","@id":"https:\/\/koningdrone.be\/#website","url":"https:\/\/koningdrone.be\/","name":"Koningdrone.be - Su especialista en l\u00ednea en drones, cardanes, c\u00e1maras y centrales el\u00e9ctricas.","description":"La tienda virtual de drones y cardanes","publisher":{"@id":"https:\/\/koningdrone.be\/#organization"},"potentialAction":[{"@type":"SearchAction","target":{"@type":"EntryPoint","urlTemplate":"https:\/\/koningdrone.be\/?s={search_term_string}"},"query-input":{"@type":"PropertyValueSpecification","valueRequired":true,"valueName":"search_term_string"}}],"inLanguage":"es"},{"@type":"Organization","@id":"https:\/\/koningdrone.be\/#organization","name":"Kingdrone.es","url":"https:\/\/koningdrone.be\/","logo":{"@type":"ImageObject","inLanguage":"es","@id":"https:\/\/koningdrone.be\/#\/schema\/logo\/image\/","url":"https:\/\/koningdrone.be\/wp-content\/uploads\/sites\/13\/2025\/04\/koningdrone-copyright-logo.svg","contentUrl":"https:\/\/koningdrone.be\/wp-content\/uploads\/sites\/13\/2025\/04\/koningdrone-copyright-logo.svg","width":227,"height":38,"caption":"Koningdrone.be"},"image":{"@id":"https:\/\/koningdrone.be\/#\/schema\/logo\/image\/"}}]}},"df_price":"","df_sale_price":"","df_regular_price":"","df_image_link":"https:\/\/koningdrone.be\/wp-content\/uploads\/sites\/13\/2025\/04\/Bluetti-AC180P-1-300x300.webp","_links":{"self":[{"href":"https:\/\/koningdrone.be\/es\/wp-json\/wp\/v2\/product\/4293","targetHints":{"allow":["GET"]}}],"collection":[{"href":"https:\/\/koningdrone.be\/es\/wp-json\/wp\/v2\/product"}],"about":[{"href":"https:\/\/koningdrone.be\/es\/wp-json\/wp\/v2\/types\/product"}],"wp:featuredmedia":[{"embeddable":true,"href":"https:\/\/koningdrone.be\/es\/wp-json\/wp\/v2\/media\/4290"}],"wp:attachment":[{"href":"https:\/\/koningdrone.be\/es\/wp-json\/wp\/v2\/media?parent=4293"}],"wp:term":[{"taxonomy":"product_brand","embeddable":true,"href":"https:\/\/koningdrone.be\/es\/wp-json\/wp\/v2\/product_brand?post=4293"},{"taxonomy":"product_cat","embeddable":true,"href":"https:\/\/koningdrone.be\/es\/wp-json\/wp\/v2\/product_cat?post=4293"},{"taxonomy":"product_tag","embeddable":true,"href":"https:\/\/koningdrone.be\/es\/wp-json\/wp\/v2\/product_tag?post=4293"}],"curies":[{"name":"wp","href":"https:\/\/api.w.org\/{rel}","templated":true}]}}