{"id":4288,"date":"2023-09-27T13:28:12","date_gmt":"2023-09-27T11:28:12","guid":{"rendered":"https:\/\/koningdrone.nl\/kon\/product\/card-dji-care-refresh-1-year-plan-dji-mini-4-pro-eu\/"},"modified":"2026-04-29T03:30:25","modified_gmt":"2026-04-29T01:30:25","slug":"card-dji-care-refresh-1-year-plan-dji-mini-4-pro-eu","status":"publish","type":"product","link":"https:\/\/koningdrone.be\/es\/producto\/card-dji-care-refresh-1-year-plan-dji-mini-4-pro-eu\/","title":{"rendered":"DJI Mini 4 Pro - Plan DJI Care Refresh de 1 a\u00f1o"},"content":{"rendered":"<h1>DJI Mini 4 Pro - Plan DJI Care Refresh de 1 a\u00f1o<\/h1>\n<p>DJI Care Refresh es un pr\u00e1ctico plan de protecci\u00f3n para productos DJI, concretamente para el dron DJI Mini 4 Pro. Proporciona tranquilidad y cobertura para diversas situaciones, incluidos accidentes y desgaste normal. Estos son los puntos clave:<\/p>\n<p><strong>Cobertura de accidentes y desgaste<\/strong>: DJI Care Refresh proporciona cobertura para da\u00f1os incidentales, como colisi\u00f3n y da\u00f1os por agua, as\u00ed como el desgaste normal de tu DJI Mini 4 Pro.<br \/><strong>Opciones de sustituci\u00f3n<\/strong>: Si tu DJI Mini 4 Pro se da\u00f1a, puedes disponer de hasta dos recambios de bajo coste por un coste adicional. Estos recambios son nuevos o de calidad comparable a la de los productos nuevos.<br \/><strong>Cobertura de Fly Away<\/strong>: DJI Care Refresh tambi\u00e9n cubre situaciones en las que tu dron puede perderse en vuelo.<br \/><strong>Cobertura renovable<\/strong>Puedes ampliar DJI Care Refresh para obtener a\u00f1os adicionales de protecci\u00f3n. Puede durar hasta 3 a\u00f1os en total.<br \/><strong>Opci\u00f3n Express<\/strong>: Si eliges la opci\u00f3n expr\u00e9s, puedes saltarte el proceso de valoraci\u00f3n. Un centro de servicio DJI te enviar\u00e1 inmediatamente un reemplazo en cuanto reciban tu producto da\u00f1ado.<br \/><strong>Sin gastos de env\u00edo<\/strong>DJI cubre los gastos de env\u00edo en ambos sentidos cuando devuelves un producto para el servicio de sustituci\u00f3n.<\/p>\n<p>Es importante tener en cuenta que DJI Care Refresh solo se puede adquirir y registrar con una nueva compra o en las 48 horas siguientes a la activaci\u00f3n inicial de tu DJI Mini 4 Pro. Despu\u00e9s de la activaci\u00f3n del c\u00f3digo, la cancelaci\u00f3n ya no es posible. As\u00ed que ofrece una forma fiable de proteger tu inversi\u00f3n y tener tranquilidad mientras usas tu dron.<\/p>","protected":false},"excerpt":{"rendered":"<ul>\n<li>DJI Care Refresh - Plan de 1 a\u00f1o<\/li>\n<\/ul>","protected":false},"featured_media":4287,"template":"","meta":{"_acf_changed":false},"product_brand":[],"product_cat":[175,97,334],"product_tag":[],"class_list":{"0":"post-4288","1":"product","2":"type-product","3":"status-publish","4":"has-post-thumbnail","6":"product_cat-alle-care-refresh","7":"product_cat-alle-producten","8":"product_cat-dji-mini-4-pro","9":"product_shipping_class-uavspacesall","10":"pa_brand-dji","11":"pa_productfamily-care-refresh","12":"pa_producttype-care-refresh","13":"pa_series-mini-4-pro","15":"first","16":"instock","17":"taxable","18":"shipping-taxable","19":"purchasable","20":"product-type-simple"},"acf":[],"yoast_head":"<!-- This site is optimized with the Yoast SEO Premium plugin v27.2 (Yoast SEO v27.2) - https:\/\/yoast.com\/product\/yoast-seo-premium-wordpress\/ -->\n<title>DJI Mini 4 Pro - DJI Care Refresh 1-Year Plan - koningdrone.be<\/title>\n<meta name=\"robots\" content=\"index, follow, max-snippet:-1, max-image-preview:large, max-video-preview:-1\" \/>\n<link rel=\"canonical\" href=\"https:\/\/koningdrone.be\/es\/producto\/card-dji-care-refresh-1-year-plan-dji-mini-4-pro-eu\/\" \/>\n<meta property=\"og:locale\" content=\"es_ES\" \/>\n<meta property=\"og:type\" content=\"article\" \/>\n<meta property=\"og:title\" content=\"DJI Mini 4 Pro - DJI Care Refresh 1-Year Plan\" \/>\n<meta property=\"og:description\" content=\"DJI Care Refresh - 1 jaar plan\" \/>\n<meta property=\"og:url\" content=\"https:\/\/koningdrone.be\/es\/producto\/card-dji-care-refresh-1-year-plan-dji-mini-4-pro-eu\/\" \/>\n<meta property=\"og:site_name\" content=\"koningdrone.be\" \/>\n<meta property=\"article:modified_time\" content=\"2026-04-29T01:30:25+00:00\" \/>\n<meta property=\"og:image\" content=\"https:\/\/koningdrone.be\/wp-content\/uploads\/sites\/13\/2025\/04\/dji-care-refresh-dji-mini-4-pro.jpg\" \/>\n\t<meta property=\"og:image:width\" content=\"1200\" \/>\n\t<meta property=\"og:image:height\" content=\"1200\" \/>\n\t<meta property=\"og:image:type\" content=\"image\/jpeg\" \/>\n<meta name=\"twitter:card\" content=\"summary_large_image\" \/>\n<meta name=\"twitter:label1\" content=\"Tiempo de lectura\" \/>\n\t<meta name=\"twitter:data1\" content=\"1 minuto\" \/>\n<script type=\"application\/ld+json\" class=\"yoast-schema-graph\">{\"@context\":\"https:\/\/schema.org\",\"@graph\":[{\"@type\":\"WebPage\",\"@id\":\"https:\/\/koningdrone.be\/product\/card-dji-care-refresh-1-year-plan-dji-mini-4-pro-eu\/\",\"url\":\"https:\/\/koningdrone.be\/product\/card-dji-care-refresh-1-year-plan-dji-mini-4-pro-eu\/\",\"name\":\"DJI Mini 4 Pro - DJI Care Refresh 1-Year Plan - koningdrone.be\",\"isPartOf\":{\"@id\":\"https:\/\/koningdrone.be\/#website\"},\"primaryImageOfPage\":{\"@id\":\"https:\/\/koningdrone.be\/product\/card-dji-care-refresh-1-year-plan-dji-mini-4-pro-eu\/#primaryimage\"},\"image\":{\"@id\":\"https:\/\/koningdrone.be\/product\/card-dji-care-refresh-1-year-plan-dji-mini-4-pro-eu\/#primaryimage\"},\"thumbnailUrl\":\"https:\/\/koningdrone.be\/wp-content\/uploads\/sites\/13\/2025\/04\/dji-care-refresh-dji-mini-4-pro.jpg\",\"datePublished\":\"2023-09-27T11:28:12+00:00\",\"dateModified\":\"2026-04-29T01:30:25+00:00\",\"breadcrumb\":{\"@id\":\"https:\/\/koningdrone.be\/product\/card-dji-care-refresh-1-year-plan-dji-mini-4-pro-eu\/#breadcrumb\"},\"inLanguage\":\"es\",\"potentialAction\":[{\"@type\":\"ReadAction\",\"target\":[\"https:\/\/koningdrone.be\/product\/card-dji-care-refresh-1-year-plan-dji-mini-4-pro-eu\/\"]}]},{\"@type\":\"ImageObject\",\"inLanguage\":\"es\",\"@id\":\"https:\/\/koningdrone.be\/product\/card-dji-care-refresh-1-year-plan-dji-mini-4-pro-eu\/#primaryimage\",\"url\":\"https:\/\/koningdrone.be\/wp-content\/uploads\/sites\/13\/2025\/04\/dji-care-refresh-dji-mini-4-pro.jpg\",\"contentUrl\":\"https:\/\/koningdrone.be\/wp-content\/uploads\/sites\/13\/2025\/04\/dji-care-refresh-dji-mini-4-pro.jpg\",\"width\":1200,\"height\":1200},{\"@type\":\"BreadcrumbList\",\"@id\":\"https:\/\/koningdrone.be\/product\/card-dji-care-refresh-1-year-plan-dji-mini-4-pro-eu\/#breadcrumb\",\"itemListElement\":[{\"@type\":\"ListItem\",\"position\":1,\"name\":\"Home\",\"item\":\"https:\/\/koningdrone.be\/\"},{\"@type\":\"ListItem\",\"position\":2,\"name\":\"AVSS Parachute Recovery System for DJI Matrice 300\/350\",\"item\":\"https:\/\/koningdrone.be\/product\/avss-parachute-recovery-system-for-dji-matrice-300-350\/\"},{\"@type\":\"ListItem\",\"position\":3,\"name\":\"Alle care refresh\",\"item\":\"https:\/\/koningdrone.be\/categorie\/alle-care-refresh\/\"},{\"@type\":\"ListItem\",\"position\":4,\"name\":\"DJI Mini 4 Pro &#8211; DJI Care Refresh 1-Year Plan\"}]},{\"@type\":\"WebSite\",\"@id\":\"https:\/\/koningdrone.be\/#website\",\"url\":\"https:\/\/koningdrone.be\/\",\"name\":\"Koningdrone.be - Uw online specialist in drones, gimbals, camera's en power stations.\",\"description\":\"De webshop in drones en gimbals\",\"publisher\":{\"@id\":\"https:\/\/koningdrone.be\/#organization\"},\"potentialAction\":[{\"@type\":\"SearchAction\",\"target\":{\"@type\":\"EntryPoint\",\"urlTemplate\":\"https:\/\/koningdrone.be\/?s={search_term_string}\"},\"query-input\":{\"@type\":\"PropertyValueSpecification\",\"valueRequired\":true,\"valueName\":\"search_term_string\"}}],\"inLanguage\":\"es\"},{\"@type\":\"Organization\",\"@id\":\"https:\/\/koningdrone.be\/#organization\",\"name\":\"Koningdrone.be\",\"url\":\"https:\/\/koningdrone.be\/\",\"logo\":{\"@type\":\"ImageObject\",\"inLanguage\":\"es\",\"@id\":\"https:\/\/koningdrone.be\/#\/schema\/logo\/image\/\",\"url\":\"https:\/\/koningdrone.be\/wp-content\/uploads\/sites\/13\/2025\/04\/koningdrone-copyright-logo.svg\",\"contentUrl\":\"https:\/\/koningdrone.be\/wp-content\/uploads\/sites\/13\/2025\/04\/koningdrone-copyright-logo.svg\",\"width\":227,\"height\":38,\"caption\":\"Koningdrone.be\"},\"image\":{\"@id\":\"https:\/\/koningdrone.be\/#\/schema\/logo\/image\/\"}}]}<\/script>\n<!-- \/ Yoast SEO Premium plugin. -->","yoast_head_json":{"title":"DJI Mini 4 Pro - DJI Care Refresh 1-Year Plan - koningdrone.be","robots":{"index":"index","follow":"follow","max-snippet":"max-snippet:-1","max-image-preview":"max-image-preview:large","max-video-preview":"max-video-preview:-1"},"canonical":"https:\/\/koningdrone.be\/es\/producto\/card-dji-care-refresh-1-year-plan-dji-mini-4-pro-eu\/","og_locale":"es_ES","og_type":"article","og_title":"DJI Mini 4 Pro - DJI Care Refresh 1-Year Plan","og_description":"DJI Care Refresh - 1 jaar plan","og_url":"https:\/\/koningdrone.be\/es\/producto\/card-dji-care-refresh-1-year-plan-dji-mini-4-pro-eu\/","og_site_name":"koningdrone.be","article_modified_time":"2026-04-29T01:30:25+00:00","og_image":[{"width":1200,"height":1200,"url":"https:\/\/koningdrone.be\/wp-content\/uploads\/sites\/13\/2025\/04\/dji-care-refresh-dji-mini-4-pro.jpg","type":"image\/jpeg"}],"twitter_card":"summary_large_image","twitter_misc":{"Tiempo de lectura":"1 minuto"},"schema":{"@context":"https:\/\/schema.org","@graph":[{"@type":"WebPage","@id":"https:\/\/koningdrone.be\/product\/card-dji-care-refresh-1-year-plan-dji-mini-4-pro-eu\/","url":"https:\/\/koningdrone.be\/product\/card-dji-care-refresh-1-year-plan-dji-mini-4-pro-eu\/","name":"DJI Mini 4 Pro - DJI Care Refresh 1-Year Plan - koningdrone.be","isPartOf":{"@id":"https:\/\/koningdrone.be\/#website"},"primaryImageOfPage":{"@id":"https:\/\/koningdrone.be\/product\/card-dji-care-refresh-1-year-plan-dji-mini-4-pro-eu\/#primaryimage"},"image":{"@id":"https:\/\/koningdrone.be\/product\/card-dji-care-refresh-1-year-plan-dji-mini-4-pro-eu\/#primaryimage"},"thumbnailUrl":"https:\/\/koningdrone.be\/wp-content\/uploads\/sites\/13\/2025\/04\/dji-care-refresh-dji-mini-4-pro.jpg","datePublished":"2023-09-27T11:28:12+00:00","dateModified":"2026-04-29T01:30:25+00:00","breadcrumb":{"@id":"https:\/\/koningdrone.be\/product\/card-dji-care-refresh-1-year-plan-dji-mini-4-pro-eu\/#breadcrumb"},"inLanguage":"es","potentialAction":[{"@type":"ReadAction","target":["https:\/\/koningdrone.be\/product\/card-dji-care-refresh-1-year-plan-dji-mini-4-pro-eu\/"]}]},{"@type":"ImageObject","inLanguage":"es","@id":"https:\/\/koningdrone.be\/product\/card-dji-care-refresh-1-year-plan-dji-mini-4-pro-eu\/#primaryimage","url":"https:\/\/koningdrone.be\/wp-content\/uploads\/sites\/13\/2025\/04\/dji-care-refresh-dji-mini-4-pro.jpg","contentUrl":"https:\/\/koningdrone.be\/wp-content\/uploads\/sites\/13\/2025\/04\/dji-care-refresh-dji-mini-4-pro.jpg","width":1200,"height":1200},{"@type":"BreadcrumbList","@id":"https:\/\/koningdrone.be\/product\/card-dji-care-refresh-1-year-plan-dji-mini-4-pro-eu\/#breadcrumb","itemListElement":[{"@type":"ListItem","position":1,"name":"Home","item":"https:\/\/koningdrone.be\/"},{"@type":"ListItem","position":2,"name":"AVSS Parachute Recovery System for DJI Matrice 300\/350","item":"https:\/\/koningdrone.be\/product\/avss-parachute-recovery-system-for-dji-matrice-300-350\/"},{"@type":"ListItem","position":3,"name":"Alle care refresh","item":"https:\/\/koningdrone.be\/categorie\/alle-care-refresh\/"},{"@type":"ListItem","position":4,"name":"DJI Mini 4 Pro &#8211; DJI Care Refresh 1-Year Plan"}]},{"@type":"WebSite","@id":"https:\/\/koningdrone.be\/#website","url":"https:\/\/koningdrone.be\/","name":"Koningdrone.be - Su especialista en l\u00ednea en drones, cardanes, c\u00e1maras y centrales el\u00e9ctricas.","description":"La tienda virtual de drones y cardanes","publisher":{"@id":"https:\/\/koningdrone.be\/#organization"},"potentialAction":[{"@type":"SearchAction","target":{"@type":"EntryPoint","urlTemplate":"https:\/\/koningdrone.be\/?s={search_term_string}"},"query-input":{"@type":"PropertyValueSpecification","valueRequired":true,"valueName":"search_term_string"}}],"inLanguage":"es"},{"@type":"Organization","@id":"https:\/\/koningdrone.be\/#organization","name":"Kingdrone.es","url":"https:\/\/koningdrone.be\/","logo":{"@type":"ImageObject","inLanguage":"es","@id":"https:\/\/koningdrone.be\/#\/schema\/logo\/image\/","url":"https:\/\/koningdrone.be\/wp-content\/uploads\/sites\/13\/2025\/04\/koningdrone-copyright-logo.svg","contentUrl":"https:\/\/koningdrone.be\/wp-content\/uploads\/sites\/13\/2025\/04\/koningdrone-copyright-logo.svg","width":227,"height":38,"caption":"Koningdrone.be"},"image":{"@id":"https:\/\/koningdrone.be\/#\/schema\/logo\/image\/"}}]}},"df_price":78,"df_sale_price":"","df_regular_price":78,"df_image_link":"https:\/\/koningdrone.be\/wp-content\/uploads\/sites\/13\/2025\/04\/dji-care-refresh-dji-mini-4-pro-300x300.jpg","_links":{"self":[{"href":"https:\/\/koningdrone.be\/es\/wp-json\/wp\/v2\/product\/4288","targetHints":{"allow":["GET"]}}],"collection":[{"href":"https:\/\/koningdrone.be\/es\/wp-json\/wp\/v2\/product"}],"about":[{"href":"https:\/\/koningdrone.be\/es\/wp-json\/wp\/v2\/types\/product"}],"wp:featuredmedia":[{"embeddable":true,"href":"https:\/\/koningdrone.be\/es\/wp-json\/wp\/v2\/media\/4287"}],"wp:attachment":[{"href":"https:\/\/koningdrone.be\/es\/wp-json\/wp\/v2\/media?parent=4288"}],"wp:term":[{"taxonomy":"product_brand","embeddable":true,"href":"https:\/\/koningdrone.be\/es\/wp-json\/wp\/v2\/product_brand?post=4288"},{"taxonomy":"product_cat","embeddable":true,"href":"https:\/\/koningdrone.be\/es\/wp-json\/wp\/v2\/product_cat?post=4288"},{"taxonomy":"product_tag","embeddable":true,"href":"https:\/\/koningdrone.be\/es\/wp-json\/wp\/v2\/product_tag?post=4288"}],"curies":[{"name":"wp","href":"https:\/\/api.w.org\/{rel}","templated":true}]}}