{"id":4274,"date":"2023-09-27T13:28:12","date_gmt":"2023-09-27T11:28:12","guid":{"rendered":"https:\/\/koningdrone.nl\/kon\/product\/dji-mini-4-pro-fly-more-combo-including-rc331-smart-controller\/"},"modified":"2026-04-29T15:20:30","modified_gmt":"2026-04-29T13:20:30","slug":"dji-mini-4-pro-fly-more-combo-including-rc331-smart-controller","status":"publish","type":"product","link":"https:\/\/koningdrone.be\/es\/producto\/dji-mini-4-pro-fly-more-combo-including-rc331-smart-controller\/","title":{"rendered":"DJI Mini 4 Pro - Fly More Combo - incluye RC331 Smart Controller (DJI RC 2)"},"content":{"rendered":"<p><strong>Compacto y potente<\/strong><br \/>\nEl DJI Mini 4 Pro es un dron avanzado con minic\u00e1mara perfecto tanto para profesionales como para principiantes. El dispositivo es ligero (menos de 249 g), lo que hace innecesario el registro en muchos pa\u00edses. El dron cuenta con un sensor CMOS de 1\/1,3 pulgadas, apertura f\/1,7 y capacidades de v\u00eddeo HDR 4K\/60fps para obtener im\u00e1genes n\u00edtidas y v\u00edvidas. Adem\u00e1s, es compatible con D-Log M de 10 bits y HLG para una amplia gama de colores y flexibilidad de edici\u00f3n, y ofrece capacidades como fotos RAW de 48 MP y varios modos de disparo como Hyperlapse y Panorama.<\/p>\n<p><strong>Seguro y eficaz<\/strong><br \/>\nCon detecci\u00f3n de obst\u00e1culos en 360\u00b0 y sistemas avanzados de asistencia al vuelo como APAS, el Mini 4 Pro ofrece vuelos seguros y eficientes. El dron tiene una larga autonom\u00eda de vuelo de hasta 34 minutos, que puede ampliarse a 45 minutos con la Bater\u00eda de Vuelo Inteligente Plus. El controlador inteligente RC331 incluido con transmisi\u00f3n de v\u00eddeo O4 proporciona fluidas transmisiones en directo 1080p\/60fps FHD hasta 10 km. La planificaci\u00f3n autom\u00e1tica de rutas, el control de crucero y las funciones avanzadas de retorno aumentan la eficiencia operativa, mientras que la app LightCut permite editar v\u00eddeos r\u00e1pidamente y compartirlos al instante.<\/p>","protected":false},"excerpt":{"rendered":"<ul>\n<li>Pesa menos de 249 g.<\/li>\n<li>4K\/60fps HDR<\/li>\n<li>Mayor duraci\u00f3n de la bater\u00eda<\/li>\n<li>Transmisi\u00f3n de v\u00eddeo FHD de 10 km<\/li>\n<li>Modo de seguimiento activo 360<\/li>\n<li>En la mayor\u00eda de los pa\u00edses no es necesario registrarse ni recibir formaci\u00f3n.<\/li>\n<\/ul>","protected":false},"featured_media":4272,"template":"","meta":{"_acf_changed":false},"product_brand":[],"product_cat":[135,97,136,334,177],"product_tag":[],"class_list":{"0":"post-4274","1":"product","2":"type-product","3":"status-publish","4":"has-post-thumbnail","6":"product_cat-alle-drones","7":"product_cat-alle-producten","8":"product_cat-consumer-drones","9":"product_cat-dji-mini-4-pro","10":"product_cat-drones-zonder-certificaat","11":"product_shipping_class-outofstock","12":"pa_brand-dji","13":"pa_dronegrade-consumer","14":"pa_productfamily-drone","15":"pa_producttype-drone","16":"pa_series-mini-4-pro","18":"first","19":"outofstock","20":"taxable","21":"shipping-taxable","22":"purchasable","23":"product-type-simple"},"acf":[],"yoast_head":"<!-- This site is optimized with the Yoast SEO Premium plugin v27.2 (Yoast SEO v27.2) - https:\/\/yoast.com\/product\/yoast-seo-premium-wordpress\/ -->\n<title>DJI Mini 4 Pro - Fly More Combo - including RC331 Smart Controller (DJI RC 2) - koningdrone.be<\/title>\n<meta name=\"robots\" content=\"index, follow, max-snippet:-1, max-image-preview:large, max-video-preview:-1\" \/>\n<link rel=\"canonical\" href=\"https:\/\/koningdrone.be\/es\/producto\/dji-mini-4-pro-fly-more-combo-including-rc331-smart-controller\/\" \/>\n<meta property=\"og:locale\" content=\"es_ES\" \/>\n<meta property=\"og:type\" content=\"article\" \/>\n<meta property=\"og:title\" content=\"DJI Mini 4 Pro - Fly More Combo - including RC331 Smart Controller (DJI RC 2)\" \/>\n<meta property=\"og:description\" content=\"Weegt minder dan 249 g.  4K\/60fps HDR  Verlengde Batterijduur  10 km FHD Video Transmissie  Actieve Volgmodus 360\u00b0  Geen registratie of training nodig in de meeste landen.\" \/>\n<meta property=\"og:url\" content=\"https:\/\/koningdrone.be\/es\/producto\/dji-mini-4-pro-fly-more-combo-including-rc331-smart-controller\/\" \/>\n<meta property=\"og:site_name\" content=\"koningdrone.be\" \/>\n<meta property=\"article:modified_time\" content=\"2026-04-29T13:20:30+00:00\" \/>\n<meta property=\"og:image\" content=\"https:\/\/koningdrone.be\/wp-content\/uploads\/sites\/13\/2025\/04\/6941565969101-1.jpg\" \/>\n\t<meta property=\"og:image:width\" content=\"1200\" \/>\n\t<meta property=\"og:image:height\" content=\"1200\" \/>\n\t<meta property=\"og:image:type\" content=\"image\/jpeg\" \/>\n<meta name=\"twitter:card\" content=\"summary_large_image\" \/>\n<meta name=\"twitter:label1\" content=\"Tiempo de lectura\" \/>\n\t<meta name=\"twitter:data1\" content=\"1 minuto\" \/>\n<script type=\"application\/ld+json\" class=\"yoast-schema-graph\">{\"@context\":\"https:\/\/schema.org\",\"@graph\":[{\"@type\":\"WebPage\",\"@id\":\"https:\/\/koningdrone.be\/product\/dji-mini-4-pro-fly-more-combo-including-rc331-smart-controller\/\",\"url\":\"https:\/\/koningdrone.be\/product\/dji-mini-4-pro-fly-more-combo-including-rc331-smart-controller\/\",\"name\":\"DJI Mini 4 Pro - Fly More Combo - including RC331 Smart Controller (DJI RC 2) - koningdrone.be\",\"isPartOf\":{\"@id\":\"https:\/\/koningdrone.be\/#website\"},\"primaryImageOfPage\":{\"@id\":\"https:\/\/koningdrone.be\/product\/dji-mini-4-pro-fly-more-combo-including-rc331-smart-controller\/#primaryimage\"},\"image\":{\"@id\":\"https:\/\/koningdrone.be\/product\/dji-mini-4-pro-fly-more-combo-including-rc331-smart-controller\/#primaryimage\"},\"thumbnailUrl\":\"https:\/\/koningdrone.be\/wp-content\/uploads\/sites\/13\/2025\/04\/6941565969101-1.jpg\",\"datePublished\":\"2023-09-27T11:28:12+00:00\",\"dateModified\":\"2026-04-29T13:20:30+00:00\",\"breadcrumb\":{\"@id\":\"https:\/\/koningdrone.be\/product\/dji-mini-4-pro-fly-more-combo-including-rc331-smart-controller\/#breadcrumb\"},\"inLanguage\":\"es\",\"potentialAction\":[{\"@type\":\"ReadAction\",\"target\":[\"https:\/\/koningdrone.be\/product\/dji-mini-4-pro-fly-more-combo-including-rc331-smart-controller\/\"]}]},{\"@type\":\"ImageObject\",\"inLanguage\":\"es\",\"@id\":\"https:\/\/koningdrone.be\/product\/dji-mini-4-pro-fly-more-combo-including-rc331-smart-controller\/#primaryimage\",\"url\":\"https:\/\/koningdrone.be\/wp-content\/uploads\/sites\/13\/2025\/04\/6941565969101-1.jpg\",\"contentUrl\":\"https:\/\/koningdrone.be\/wp-content\/uploads\/sites\/13\/2025\/04\/6941565969101-1.jpg\",\"width\":1200,\"height\":1200},{\"@type\":\"BreadcrumbList\",\"@id\":\"https:\/\/koningdrone.be\/product\/dji-mini-4-pro-fly-more-combo-including-rc331-smart-controller\/#breadcrumb\",\"itemListElement\":[{\"@type\":\"ListItem\",\"position\":1,\"name\":\"Home\",\"item\":\"https:\/\/koningdrone.be\/\"},{\"@type\":\"ListItem\",\"position\":2,\"name\":\"AVSS Parachute Recovery System for DJI Matrice 300\/350\",\"item\":\"https:\/\/koningdrone.be\/product\/avss-parachute-recovery-system-for-dji-matrice-300-350\/\"},{\"@type\":\"ListItem\",\"position\":3,\"name\":\"Alle drones\",\"item\":\"https:\/\/koningdrone.be\/categorie\/alle-drones\/\"},{\"@type\":\"ListItem\",\"position\":4,\"name\":\"DJI Mini 4 Pro &#8211; Fly More Combo &#8211; including RC331 Smart Controller (DJI RC 2)\"}]},{\"@type\":\"WebSite\",\"@id\":\"https:\/\/koningdrone.be\/#website\",\"url\":\"https:\/\/koningdrone.be\/\",\"name\":\"Koningdrone.be - Uw online specialist in drones, gimbals, camera's en power stations.\",\"description\":\"De webshop in drones en gimbals\",\"publisher\":{\"@id\":\"https:\/\/koningdrone.be\/#organization\"},\"potentialAction\":[{\"@type\":\"SearchAction\",\"target\":{\"@type\":\"EntryPoint\",\"urlTemplate\":\"https:\/\/koningdrone.be\/?s={search_term_string}\"},\"query-input\":{\"@type\":\"PropertyValueSpecification\",\"valueRequired\":true,\"valueName\":\"search_term_string\"}}],\"inLanguage\":\"es\"},{\"@type\":\"Organization\",\"@id\":\"https:\/\/koningdrone.be\/#organization\",\"name\":\"Koningdrone.be\",\"url\":\"https:\/\/koningdrone.be\/\",\"logo\":{\"@type\":\"ImageObject\",\"inLanguage\":\"es\",\"@id\":\"https:\/\/koningdrone.be\/#\/schema\/logo\/image\/\",\"url\":\"https:\/\/koningdrone.be\/wp-content\/uploads\/sites\/13\/2025\/04\/koningdrone-copyright-logo.svg\",\"contentUrl\":\"https:\/\/koningdrone.be\/wp-content\/uploads\/sites\/13\/2025\/04\/koningdrone-copyright-logo.svg\",\"width\":227,\"height\":38,\"caption\":\"Koningdrone.be\"},\"image\":{\"@id\":\"https:\/\/koningdrone.be\/#\/schema\/logo\/image\/\"}}]}<\/script>\n<!-- \/ Yoast SEO Premium plugin. -->","yoast_head_json":{"title":"DJI Mini 4 Pro - Fly More Combo - including RC331 Smart Controller (DJI RC 2) - koningdrone.be","robots":{"index":"index","follow":"follow","max-snippet":"max-snippet:-1","max-image-preview":"max-image-preview:large","max-video-preview":"max-video-preview:-1"},"canonical":"https:\/\/koningdrone.be\/es\/producto\/dji-mini-4-pro-fly-more-combo-including-rc331-smart-controller\/","og_locale":"es_ES","og_type":"article","og_title":"DJI Mini 4 Pro - Fly More Combo - including RC331 Smart Controller (DJI RC 2)","og_description":"Weegt minder dan 249 g.  4K\/60fps HDR  Verlengde Batterijduur  10 km FHD Video Transmissie  Actieve Volgmodus 360\u00b0  Geen registratie of training nodig in de meeste landen.","og_url":"https:\/\/koningdrone.be\/es\/producto\/dji-mini-4-pro-fly-more-combo-including-rc331-smart-controller\/","og_site_name":"koningdrone.be","article_modified_time":"2026-04-29T13:20:30+00:00","og_image":[{"width":1200,"height":1200,"url":"https:\/\/koningdrone.be\/wp-content\/uploads\/sites\/13\/2025\/04\/6941565969101-1.jpg","type":"image\/jpeg"}],"twitter_card":"summary_large_image","twitter_misc":{"Tiempo de lectura":"1 minuto"},"schema":{"@context":"https:\/\/schema.org","@graph":[{"@type":"WebPage","@id":"https:\/\/koningdrone.be\/product\/dji-mini-4-pro-fly-more-combo-including-rc331-smart-controller\/","url":"https:\/\/koningdrone.be\/product\/dji-mini-4-pro-fly-more-combo-including-rc331-smart-controller\/","name":"DJI Mini 4 Pro - Fly More Combo - including RC331 Smart Controller (DJI RC 2) - koningdrone.be","isPartOf":{"@id":"https:\/\/koningdrone.be\/#website"},"primaryImageOfPage":{"@id":"https:\/\/koningdrone.be\/product\/dji-mini-4-pro-fly-more-combo-including-rc331-smart-controller\/#primaryimage"},"image":{"@id":"https:\/\/koningdrone.be\/product\/dji-mini-4-pro-fly-more-combo-including-rc331-smart-controller\/#primaryimage"},"thumbnailUrl":"https:\/\/koningdrone.be\/wp-content\/uploads\/sites\/13\/2025\/04\/6941565969101-1.jpg","datePublished":"2023-09-27T11:28:12+00:00","dateModified":"2026-04-29T13:20:30+00:00","breadcrumb":{"@id":"https:\/\/koningdrone.be\/product\/dji-mini-4-pro-fly-more-combo-including-rc331-smart-controller\/#breadcrumb"},"inLanguage":"es","potentialAction":[{"@type":"ReadAction","target":["https:\/\/koningdrone.be\/product\/dji-mini-4-pro-fly-more-combo-including-rc331-smart-controller\/"]}]},{"@type":"ImageObject","inLanguage":"es","@id":"https:\/\/koningdrone.be\/product\/dji-mini-4-pro-fly-more-combo-including-rc331-smart-controller\/#primaryimage","url":"https:\/\/koningdrone.be\/wp-content\/uploads\/sites\/13\/2025\/04\/6941565969101-1.jpg","contentUrl":"https:\/\/koningdrone.be\/wp-content\/uploads\/sites\/13\/2025\/04\/6941565969101-1.jpg","width":1200,"height":1200},{"@type":"BreadcrumbList","@id":"https:\/\/koningdrone.be\/product\/dji-mini-4-pro-fly-more-combo-including-rc331-smart-controller\/#breadcrumb","itemListElement":[{"@type":"ListItem","position":1,"name":"Home","item":"https:\/\/koningdrone.be\/"},{"@type":"ListItem","position":2,"name":"AVSS Parachute Recovery System for DJI Matrice 300\/350","item":"https:\/\/koningdrone.be\/product\/avss-parachute-recovery-system-for-dji-matrice-300-350\/"},{"@type":"ListItem","position":3,"name":"Alle drones","item":"https:\/\/koningdrone.be\/categorie\/alle-drones\/"},{"@type":"ListItem","position":4,"name":"DJI Mini 4 Pro &#8211; Fly More Combo &#8211; including RC331 Smart Controller (DJI RC 2)"}]},{"@type":"WebSite","@id":"https:\/\/koningdrone.be\/#website","url":"https:\/\/koningdrone.be\/","name":"Koningdrone.be - Su especialista en l\u00ednea en drones, cardanes, c\u00e1maras y centrales el\u00e9ctricas.","description":"La tienda virtual de drones y cardanes","publisher":{"@id":"https:\/\/koningdrone.be\/#organization"},"potentialAction":[{"@type":"SearchAction","target":{"@type":"EntryPoint","urlTemplate":"https:\/\/koningdrone.be\/?s={search_term_string}"},"query-input":{"@type":"PropertyValueSpecification","valueRequired":true,"valueName":"search_term_string"}}],"inLanguage":"es"},{"@type":"Organization","@id":"https:\/\/koningdrone.be\/#organization","name":"Kingdrone.es","url":"https:\/\/koningdrone.be\/","logo":{"@type":"ImageObject","inLanguage":"es","@id":"https:\/\/koningdrone.be\/#\/schema\/logo\/image\/","url":"https:\/\/koningdrone.be\/wp-content\/uploads\/sites\/13\/2025\/04\/koningdrone-copyright-logo.svg","contentUrl":"https:\/\/koningdrone.be\/wp-content\/uploads\/sites\/13\/2025\/04\/koningdrone-copyright-logo.svg","width":227,"height":38,"caption":"Koningdrone.be"},"image":{"@id":"https:\/\/koningdrone.be\/#\/schema\/logo\/image\/"}}]}},"df_price":959,"df_sale_price":"","df_regular_price":959,"df_image_link":"https:\/\/koningdrone.be\/wp-content\/uploads\/sites\/13\/2025\/04\/6941565969101-1-300x300.jpg","_links":{"self":[{"href":"https:\/\/koningdrone.be\/es\/wp-json\/wp\/v2\/product\/4274","targetHints":{"allow":["GET"]}}],"collection":[{"href":"https:\/\/koningdrone.be\/es\/wp-json\/wp\/v2\/product"}],"about":[{"href":"https:\/\/koningdrone.be\/es\/wp-json\/wp\/v2\/types\/product"}],"wp:featuredmedia":[{"embeddable":true,"href":"https:\/\/koningdrone.be\/es\/wp-json\/wp\/v2\/media\/4272"}],"wp:attachment":[{"href":"https:\/\/koningdrone.be\/es\/wp-json\/wp\/v2\/media?parent=4274"}],"wp:term":[{"taxonomy":"product_brand","embeddable":true,"href":"https:\/\/koningdrone.be\/es\/wp-json\/wp\/v2\/product_brand?post=4274"},{"taxonomy":"product_cat","embeddable":true,"href":"https:\/\/koningdrone.be\/es\/wp-json\/wp\/v2\/product_cat?post=4274"},{"taxonomy":"product_tag","embeddable":true,"href":"https:\/\/koningdrone.be\/es\/wp-json\/wp\/v2\/product_tag?post=4274"}],"curies":[{"name":"wp","href":"https:\/\/api.w.org\/{rel}","templated":true}]}}