{"id":4245,"date":"2023-09-28T09:55:35","date_gmt":"2023-09-28T07:55:35","guid":{"rendered":"https:\/\/koningdrone.nl\/kon\/product\/dji-air-3-fly-more-combo-dji-rc-2\/"},"modified":"2026-04-29T15:50:44","modified_gmt":"2026-04-29T13:50:44","slug":"dji-air-3-fly-more-combo-dji-rc-2","status":"publish","type":"product","link":"https:\/\/koningdrone.be\/es\/producto\/dji-air-3-fly-more-combo-dji-rc-2\/","title":{"rendered":"Combo DJI Air 3 Fly More (DJI RC 2)"},"content":{"rendered":"<p><strong>Sistema avanzado de doble c\u00e1mara<\/strong><\/p>\n<p> El dron Air 3 est\u00e1 equipado con dos c\u00e1maras avanzadas: una c\u00e1mara gran angular CMOS de 1\/1,3 pulgadas y una c\u00e1mara de teleobjetivo medio 3x. Esta configuraci\u00f3n dual no s\u00f3lo ofrece im\u00e1genes de alta calidad, sino que tambi\u00e9n introduce nuevas formas din\u00e1micas de hacer fotos. La capacidad de tomar fotos de 48 MP garantiza que cada imagen sea rica en detalles, ideal para editar y recortar despu\u00e9s de disparar. Adem\u00e1s, la compatibilidad con ISO nativa dual ayuda a grabar sorprendentes v\u00eddeos 4K a 60 fps en HDR sin recorte, lo que proporciona una experiencia visual realista de alta calidad.<\/p>\n<p>  <strong>Mayor tiempo de vuelo<\/strong><\/p>\n<p> El Air 3 mejora significativamente el tiempo de funcionamiento y puede volar hasta 46 minutos, lo que representa un aumento de 48% respecto a sus predecesores. Este mayor tiempo de vuelo se apoya en un innovador concentrador de carga de bater\u00edas, que no s\u00f3lo carga las bater\u00edas, sino que tambi\u00e9n gestiona eficazmente la transferencia de energ\u00eda entre ellas. Esta optimizaci\u00f3n del consumo de energ\u00eda permite al dron realizar misiones m\u00e1s largas o vuelos de ocio sin paradas frecuentes para recargar.<\/p>\n<p>  <strong>Funciones de seguridad mejoradas<\/strong><\/p>\n<p> La seguridad ocupa un lugar destacado en el dise\u00f1o del Air 3. El dron est\u00e1 equipado con sensores capaces de detectar obst\u00e1culos en cualquier direcci\u00f3n, lo que mejora significativamente su capacidad para evitar colisiones. Adem\u00e1s, incorpora la tecnolog\u00eda APAS 5.0, que le permite sortear obst\u00e1culos con suavidad y seguridad, lo que a\u00f1ade una capa adicional de seguridad durante las operaciones de vuelo.<\/p>\n<p>  <strong>Tecnolog\u00eda avanzada de transmisi\u00f3n de v\u00eddeo<\/strong><\/p>\n<p> Air 3 utiliza la \u00faltima tecnolog\u00eda de transmisi\u00f3n de v\u00eddeo O4, que maximiza el alcance hasta 20 kil\u00f3metros y garantiza una mayor estabilidad de la conexi\u00f3n. Los operadores pueden disfrutar de una transmisi\u00f3n en directo de calidad superior en 1080p a 60 fps, lo que mejora significativamente la experiencia de vuelo al proporcionar v\u00eddeo n\u00edtido en tiempo real desde largas distancias. Esta tecnolog\u00eda permite un manejo m\u00e1s sencillo y una visualizaci\u00f3n m\u00e1s agradable del v\u00eddeo a\u00e9reo en directo.<\/p>\n<p>  <strong>Progreso tecnol\u00f3gico<\/strong><\/p>\n<p> El Air 3 representa un importante salto tecnol\u00f3gico en la ingenier\u00eda de drones. Este dron est\u00e1 dise\u00f1ado tanto para pilotos principiantes como para fot\u00f3grafos a\u00e9reos experimentados, ya que mejora la diversi\u00f3n y la seguridad general del vuelo. Con sus funciones avanzadas y su rendimiento mejorado, el Air 3 ofrece una experiencia de vuelo de drones sin igual que es a la vez segura y agradable.<\/p>","protected":false},"excerpt":{"rendered":"<ul>\n<li>C\u00e1maras CMOS gran angular y teleobjetivo de 1\/1,3 pulgadas para obtener im\u00e1genes de alta calidad.<\/li>\n<li>Fotos de 48 MP y capacidad de recorte sin fisuras.<\/li>\n<li>Admite v\u00eddeos HDR 4K\/60 fps sin recorte.<\/li>\n<li>La tecnolog\u00eda ISO nativa dual mejora el rendimiento con poca luz.<\/li>\n<li>46 minutos de vuelo, un 48% m\u00e1s que los modelos anteriores.<\/li>\n<li>El concentrador de bater\u00edas proporciona transferencia de energ\u00eda entre bater\u00edas.<\/li>\n<li>La detecci\u00f3n de obst\u00e1culos en toda la direcci\u00f3n aumenta la seguridad.<\/li>\n<li>Tecnolog\u00eda APAS 5.0 para evitar obst\u00e1culos con mayor suavidad.<\/li>\n<li>Transmisi\u00f3n de v\u00eddeo O4 con 20 km de alcance y mayor estabilidad.<\/li>\n<li>V\u00eddeo en directo de alta calidad 1080p\/60fps.<\/li>\n<\/ul>","protected":false},"featured_media":4241,"template":"","meta":{"_acf_changed":false},"product_brand":[],"product_cat":[97,136,732,99],"product_tag":[],"class_list":{"0":"post-4245","1":"product","2":"type-product","3":"status-publish","4":"has-post-thumbnail","6":"product_cat-alle-producten","7":"product_cat-consumer-drones","8":"product_cat-dji-air-3","9":"product_cat-drones-met-certificaat","10":"product_shipping_class-outofstock","11":"pa_brand-dji","12":"pa_dronegrade-consumer","13":"pa_productfamily-drone","14":"pa_producttype-drone","15":"pa_series-air-3","17":"first","18":"outofstock","19":"taxable","20":"shipping-taxable","21":"purchasable","22":"product-type-simple"},"acf":[],"yoast_head":"<!-- This site is optimized with the Yoast SEO Premium plugin v27.2 (Yoast SEO v27.2) - https:\/\/yoast.com\/product\/yoast-seo-premium-wordpress\/ -->\n<title>DJI Air 3 Fly More Combo (DJI RC 2) - koningdrone.be<\/title>\n<meta name=\"robots\" content=\"index, follow, max-snippet:-1, max-image-preview:large, max-video-preview:-1\" \/>\n<link rel=\"canonical\" href=\"https:\/\/koningdrone.be\/es\/producto\/dji-air-3-fly-more-combo-dji-rc-2\/\" \/>\n<meta property=\"og:locale\" content=\"es_ES\" \/>\n<meta property=\"og:type\" content=\"article\" \/>\n<meta property=\"og:title\" content=\"DJI Air 3 Fly More Combo (DJI RC 2)\" \/>\n<meta property=\"og:description\" content=\"1\/1,3-inch CMOS-groothoek- en telecamera&#039;s voor beelden van hoge kwaliteit.  48 MP foto&#039;s en naadloze bijsnijdmogelijkheden.  Ondersteunt 4K\/60fps HDR-video&#039;s zonder bijsnijden.  Dual native ISO-technologie verbetert de prestaties bij weinig licht.  46 minuten vliegtijd, een stijging van 48% ten opzichte van eerdere modellen.  Batterijhub zorgt voor krachtoverdracht tussen batterijen.  Obstakeldetectie in volledige richting verhoogt de veiligheid.  APAS 5.0-technologie voor soepeler vermijden van obstakels.  O4-videotransmissie met een bereik van 20 km en verbeterde stabiliteit.  1080p\/60fps live videofeed van hoge kwaliteit.\" \/>\n<meta property=\"og:url\" content=\"https:\/\/koningdrone.be\/es\/producto\/dji-air-3-fly-more-combo-dji-rc-2\/\" \/>\n<meta property=\"og:site_name\" content=\"koningdrone.be\" \/>\n<meta property=\"article:modified_time\" content=\"2026-04-29T13:50:44+00:00\" \/>\n<meta property=\"og:image\" content=\"https:\/\/koningdrone.be\/wp-content\/uploads\/sites\/13\/2025\/04\/d4f22444f7c57664260cdfa95ed48c3f@ultra.jpg\" \/>\n\t<meta property=\"og:image:width\" content=\"1280\" \/>\n\t<meta property=\"og:image:height\" content=\"1280\" \/>\n\t<meta property=\"og:image:type\" content=\"image\/jpeg\" \/>\n<meta name=\"twitter:card\" content=\"summary_large_image\" \/>\n<meta name=\"twitter:label1\" content=\"Tiempo de lectura\" \/>\n\t<meta name=\"twitter:data1\" content=\"2 minutos\" \/>\n<script type=\"application\/ld+json\" class=\"yoast-schema-graph\">{\"@context\":\"https:\/\/schema.org\",\"@graph\":[{\"@type\":\"WebPage\",\"@id\":\"https:\/\/koningdrone.be\/product\/dji-air-3-fly-more-combo-dji-rc-2\/\",\"url\":\"https:\/\/koningdrone.be\/product\/dji-air-3-fly-more-combo-dji-rc-2\/\",\"name\":\"DJI Air 3 Fly More Combo (DJI RC 2) - koningdrone.be\",\"isPartOf\":{\"@id\":\"https:\/\/koningdrone.be\/#website\"},\"primaryImageOfPage\":{\"@id\":\"https:\/\/koningdrone.be\/product\/dji-air-3-fly-more-combo-dji-rc-2\/#primaryimage\"},\"image\":{\"@id\":\"https:\/\/koningdrone.be\/product\/dji-air-3-fly-more-combo-dji-rc-2\/#primaryimage\"},\"thumbnailUrl\":\"https:\/\/koningdrone.be\/wp-content\/uploads\/sites\/13\/2025\/04\/d4f22444f7c57664260cdfa95ed48c3f@ultra.jpg\",\"datePublished\":\"2023-09-28T07:55:35+00:00\",\"dateModified\":\"2026-04-29T13:50:44+00:00\",\"breadcrumb\":{\"@id\":\"https:\/\/koningdrone.be\/product\/dji-air-3-fly-more-combo-dji-rc-2\/#breadcrumb\"},\"inLanguage\":\"es\",\"potentialAction\":[{\"@type\":\"ReadAction\",\"target\":[\"https:\/\/koningdrone.be\/product\/dji-air-3-fly-more-combo-dji-rc-2\/\"]}]},{\"@type\":\"ImageObject\",\"inLanguage\":\"es\",\"@id\":\"https:\/\/koningdrone.be\/product\/dji-air-3-fly-more-combo-dji-rc-2\/#primaryimage\",\"url\":\"https:\/\/koningdrone.be\/wp-content\/uploads\/sites\/13\/2025\/04\/d4f22444f7c57664260cdfa95ed48c3f@ultra.jpg\",\"contentUrl\":\"https:\/\/koningdrone.be\/wp-content\/uploads\/sites\/13\/2025\/04\/d4f22444f7c57664260cdfa95ed48c3f@ultra.jpg\",\"width\":1280,\"height\":1280},{\"@type\":\"BreadcrumbList\",\"@id\":\"https:\/\/koningdrone.be\/product\/dji-air-3-fly-more-combo-dji-rc-2\/#breadcrumb\",\"itemListElement\":[{\"@type\":\"ListItem\",\"position\":1,\"name\":\"Home\",\"item\":\"https:\/\/koningdrone.be\/\"},{\"@type\":\"ListItem\",\"position\":2,\"name\":\"AVSS Parachute Recovery System for DJI Matrice 300\/350\",\"item\":\"https:\/\/koningdrone.be\/product\/avss-parachute-recovery-system-for-dji-matrice-300-350\/\"},{\"@type\":\"ListItem\",\"position\":3,\"name\":\"Alle producten\",\"item\":\"https:\/\/koningdrone.be\/categorie\/alle-producten\/\"},{\"@type\":\"ListItem\",\"position\":4,\"name\":\"DJI Air 3 Fly More Combo (DJI RC 2)\"}]},{\"@type\":\"WebSite\",\"@id\":\"https:\/\/koningdrone.be\/#website\",\"url\":\"https:\/\/koningdrone.be\/\",\"name\":\"Koningdrone.be - Uw online specialist in drones, gimbals, camera's en power stations.\",\"description\":\"De webshop in drones en gimbals\",\"publisher\":{\"@id\":\"https:\/\/koningdrone.be\/#organization\"},\"potentialAction\":[{\"@type\":\"SearchAction\",\"target\":{\"@type\":\"EntryPoint\",\"urlTemplate\":\"https:\/\/koningdrone.be\/?s={search_term_string}\"},\"query-input\":{\"@type\":\"PropertyValueSpecification\",\"valueRequired\":true,\"valueName\":\"search_term_string\"}}],\"inLanguage\":\"es\"},{\"@type\":\"Organization\",\"@id\":\"https:\/\/koningdrone.be\/#organization\",\"name\":\"Koningdrone.be\",\"url\":\"https:\/\/koningdrone.be\/\",\"logo\":{\"@type\":\"ImageObject\",\"inLanguage\":\"es\",\"@id\":\"https:\/\/koningdrone.be\/#\/schema\/logo\/image\/\",\"url\":\"https:\/\/koningdrone.be\/wp-content\/uploads\/sites\/13\/2025\/04\/koningdrone-copyright-logo.svg\",\"contentUrl\":\"https:\/\/koningdrone.be\/wp-content\/uploads\/sites\/13\/2025\/04\/koningdrone-copyright-logo.svg\",\"width\":227,\"height\":38,\"caption\":\"Koningdrone.be\"},\"image\":{\"@id\":\"https:\/\/koningdrone.be\/#\/schema\/logo\/image\/\"}}]}<\/script>\n<!-- \/ Yoast SEO Premium plugin. -->","yoast_head_json":{"title":"DJI Air 3 Fly More Combo (DJI RC 2) - koningdrone.be","robots":{"index":"index","follow":"follow","max-snippet":"max-snippet:-1","max-image-preview":"max-image-preview:large","max-video-preview":"max-video-preview:-1"},"canonical":"https:\/\/koningdrone.be\/es\/producto\/dji-air-3-fly-more-combo-dji-rc-2\/","og_locale":"es_ES","og_type":"article","og_title":"DJI Air 3 Fly More Combo (DJI RC 2)","og_description":"1\/1,3-inch CMOS-groothoek- en telecamera's voor beelden van hoge kwaliteit.  48 MP foto's en naadloze bijsnijdmogelijkheden.  Ondersteunt 4K\/60fps HDR-video's zonder bijsnijden.  Dual native ISO-technologie verbetert de prestaties bij weinig licht.  46 minuten vliegtijd, een stijging van 48% ten opzichte van eerdere modellen.  Batterijhub zorgt voor krachtoverdracht tussen batterijen.  Obstakeldetectie in volledige richting verhoogt de veiligheid.  APAS 5.0-technologie voor soepeler vermijden van obstakels.  O4-videotransmissie met een bereik van 20 km en verbeterde stabiliteit.  1080p\/60fps live videofeed van hoge kwaliteit.","og_url":"https:\/\/koningdrone.be\/es\/producto\/dji-air-3-fly-more-combo-dji-rc-2\/","og_site_name":"koningdrone.be","article_modified_time":"2026-04-29T13:50:44+00:00","og_image":[{"width":1280,"height":1280,"url":"https:\/\/koningdrone.be\/wp-content\/uploads\/sites\/13\/2025\/04\/d4f22444f7c57664260cdfa95ed48c3f@ultra.jpg","type":"image\/jpeg"}],"twitter_card":"summary_large_image","twitter_misc":{"Tiempo de lectura":"2 minutos"},"schema":{"@context":"https:\/\/schema.org","@graph":[{"@type":"WebPage","@id":"https:\/\/koningdrone.be\/product\/dji-air-3-fly-more-combo-dji-rc-2\/","url":"https:\/\/koningdrone.be\/product\/dji-air-3-fly-more-combo-dji-rc-2\/","name":"DJI Air 3 Fly More Combo (DJI RC 2) - koningdrone.be","isPartOf":{"@id":"https:\/\/koningdrone.be\/#website"},"primaryImageOfPage":{"@id":"https:\/\/koningdrone.be\/product\/dji-air-3-fly-more-combo-dji-rc-2\/#primaryimage"},"image":{"@id":"https:\/\/koningdrone.be\/product\/dji-air-3-fly-more-combo-dji-rc-2\/#primaryimage"},"thumbnailUrl":"https:\/\/koningdrone.be\/wp-content\/uploads\/sites\/13\/2025\/04\/d4f22444f7c57664260cdfa95ed48c3f@ultra.jpg","datePublished":"2023-09-28T07:55:35+00:00","dateModified":"2026-04-29T13:50:44+00:00","breadcrumb":{"@id":"https:\/\/koningdrone.be\/product\/dji-air-3-fly-more-combo-dji-rc-2\/#breadcrumb"},"inLanguage":"es","potentialAction":[{"@type":"ReadAction","target":["https:\/\/koningdrone.be\/product\/dji-air-3-fly-more-combo-dji-rc-2\/"]}]},{"@type":"ImageObject","inLanguage":"es","@id":"https:\/\/koningdrone.be\/product\/dji-air-3-fly-more-combo-dji-rc-2\/#primaryimage","url":"https:\/\/koningdrone.be\/wp-content\/uploads\/sites\/13\/2025\/04\/d4f22444f7c57664260cdfa95ed48c3f@ultra.jpg","contentUrl":"https:\/\/koningdrone.be\/wp-content\/uploads\/sites\/13\/2025\/04\/d4f22444f7c57664260cdfa95ed48c3f@ultra.jpg","width":1280,"height":1280},{"@type":"BreadcrumbList","@id":"https:\/\/koningdrone.be\/product\/dji-air-3-fly-more-combo-dji-rc-2\/#breadcrumb","itemListElement":[{"@type":"ListItem","position":1,"name":"Home","item":"https:\/\/koningdrone.be\/"},{"@type":"ListItem","position":2,"name":"AVSS Parachute Recovery System for DJI Matrice 300\/350","item":"https:\/\/koningdrone.be\/product\/avss-parachute-recovery-system-for-dji-matrice-300-350\/"},{"@type":"ListItem","position":3,"name":"Alle producten","item":"https:\/\/koningdrone.be\/categorie\/alle-producten\/"},{"@type":"ListItem","position":4,"name":"DJI Air 3 Fly More Combo (DJI RC 2)"}]},{"@type":"WebSite","@id":"https:\/\/koningdrone.be\/#website","url":"https:\/\/koningdrone.be\/","name":"Koningdrone.be - Su especialista en l\u00ednea en drones, cardanes, c\u00e1maras y centrales el\u00e9ctricas.","description":"La tienda virtual de drones y cardanes","publisher":{"@id":"https:\/\/koningdrone.be\/#organization"},"potentialAction":[{"@type":"SearchAction","target":{"@type":"EntryPoint","urlTemplate":"https:\/\/koningdrone.be\/?s={search_term_string}"},"query-input":{"@type":"PropertyValueSpecification","valueRequired":true,"valueName":"search_term_string"}}],"inLanguage":"es"},{"@type":"Organization","@id":"https:\/\/koningdrone.be\/#organization","name":"Kingdrone.es","url":"https:\/\/koningdrone.be\/","logo":{"@type":"ImageObject","inLanguage":"es","@id":"https:\/\/koningdrone.be\/#\/schema\/logo\/image\/","url":"https:\/\/koningdrone.be\/wp-content\/uploads\/sites\/13\/2025\/04\/koningdrone-copyright-logo.svg","contentUrl":"https:\/\/koningdrone.be\/wp-content\/uploads\/sites\/13\/2025\/04\/koningdrone-copyright-logo.svg","width":227,"height":38,"caption":"Koningdrone.be"},"image":{"@id":"https:\/\/koningdrone.be\/#\/schema\/logo\/image\/"}}]}},"df_price":1549.01,"df_sale_price":"","df_regular_price":1549.01,"df_image_link":"https:\/\/koningdrone.be\/wp-content\/uploads\/sites\/13\/2025\/04\/d4f22444f7c57664260cdfa95ed48c3f@ultra-300x300.jpg","_links":{"self":[{"href":"https:\/\/koningdrone.be\/es\/wp-json\/wp\/v2\/product\/4245","targetHints":{"allow":["GET"]}}],"collection":[{"href":"https:\/\/koningdrone.be\/es\/wp-json\/wp\/v2\/product"}],"about":[{"href":"https:\/\/koningdrone.be\/es\/wp-json\/wp\/v2\/types\/product"}],"wp:featuredmedia":[{"embeddable":true,"href":"https:\/\/koningdrone.be\/es\/wp-json\/wp\/v2\/media\/4241"}],"wp:attachment":[{"href":"https:\/\/koningdrone.be\/es\/wp-json\/wp\/v2\/media?parent=4245"}],"wp:term":[{"taxonomy":"product_brand","embeddable":true,"href":"https:\/\/koningdrone.be\/es\/wp-json\/wp\/v2\/product_brand?post=4245"},{"taxonomy":"product_cat","embeddable":true,"href":"https:\/\/koningdrone.be\/es\/wp-json\/wp\/v2\/product_cat?post=4245"},{"taxonomy":"product_tag","embeddable":true,"href":"https:\/\/koningdrone.be\/es\/wp-json\/wp\/v2\/product_tag?post=4245"}],"curies":[{"name":"wp","href":"https:\/\/api.w.org\/{rel}","templated":true}]}}