{"id":4240,"date":"2023-09-28T09:55:35","date_gmt":"2023-09-28T07:55:35","guid":{"rendered":"https:\/\/koningdrone.nl\/kon\/product\/dji-air-3-fly-more-combo-dji-rc-n2\/"},"modified":"2026-04-29T15:50:45","modified_gmt":"2026-04-29T13:50:45","slug":"dji-air-3-fly-more-combo-dji-rc-n2","status":"publish","type":"product","link":"https:\/\/koningdrone.be\/es\/producto\/dji-air-3-fly-more-combo-dji-rc-n2\/","title":{"rendered":"Combo DJI Air 3 Fly More (DJI RC-N2)"},"content":{"rendered":"<p><strong>Funciones de c\u00e1mara mejoradas<\/strong><\/p>\n<p> El dron Air 3 est\u00e1 equipado con dos c\u00e1maras avanzadas con sensores CMOS de 1\/1,3 pulgadas, que mejoran notablemente sus capacidades fotogr\u00e1ficas. Incluye una c\u00e1mara gran angular y una c\u00e1mara de teleobjetivo medio 3x que trabajan juntas para ofrecer im\u00e1genes de alta calidad en una gran variedad de entornos. Estas c\u00e1maras pueden capturar fotos con una impresionante resoluci\u00f3n de 48 MP, captando detalles intrincados y haciendo que las im\u00e1genes parezcan v\u00edvidas. Adem\u00e1s, las c\u00e1maras admiten ISO nativa dual y pueden grabar v\u00eddeos HDR 4K\/60 fps manteniendo el encuadre, la riqueza del color y la nitidez de los detalles.<\/p>\n<p>  <strong>Mayor tiempo de vuelo y gesti\u00f3n eficiente de la energ\u00eda<\/strong><\/p>\n<p> Una mejora significativa respecto a los modelos anteriores, el Air 3 ofrece una duraci\u00f3n de vuelo ampliada de 46 minutos, lo que representa un aumento de 48%. Esta mayor duraci\u00f3n est\u00e1 respaldada por un concentrador inteligente de carga de bater\u00edas, que no s\u00f3lo carga las bater\u00edas, sino que tambi\u00e9n permite una transferencia eficiente de energ\u00eda entre ellas. Esta caracter\u00edstica es extremadamente \u00fatil en usos prolongados, tanto en trabajos de campo como en actividades de ocio, ya que reduce la necesidad de cargas frecuentes.<\/p>\n<p>  <strong>Sistemas avanzados de navegaci\u00f3n y seguridad<\/strong><\/p>\n<p> El Air 3 se ha actualizado con tecnolog\u00edas avanzadas de seguridad y navegaci\u00f3n, incluida la detecci\u00f3n de obst\u00e1culos totalmente focalizada. Este dron utiliza la avanzada tecnolog\u00eda APAS 5.0 para realizar maniobras evasivas m\u00e1s suaves, a\u00f1adiendo una capa extra de seguridad durante los vuelos. Esta tecnolog\u00eda es fundamental para evitar accidentes y garantizar un vuelo estable en diversas condiciones ambientales.<\/p>\n<p>  <strong>Transmisi\u00f3n de v\u00eddeo de alta calidad<\/strong><\/p>\n<p> Para complementar sus avanzadas prestaciones, el Air 3 introduce el sistema de transmisi\u00f3n de v\u00eddeo O4 de nueva generaci\u00f3n. Este sistema mejora significativamente la experiencia de pilotaje remoto al ampliar el alcance m\u00e1ximo de transmisi\u00f3n a 20 kil\u00f3metros y soportar una transmisi\u00f3n de v\u00eddeo en directo de 1080p\/60fps con la m\u00e1xima calidad. La mayor estabilidad y claridad de la se\u00f1al en directo no s\u00f3lo aumentan la confianza del piloto, sino que tambi\u00e9n mejoran el disfrute de la fotograf\u00eda y la videograf\u00eda a\u00e9reas.<\/p>","protected":false},"excerpt":{"rendered":"<ul>\n<li>Las c\u00e1maras CMOS gran angular y teleobjetivo de 1\/1,3 pulgadas garantizan una alta calidad de imagen.<\/li>\n<li> Admite el disparo con teleobjetivo medio 3x para capacidades din\u00e1micas.<\/li>\n<li> Tiempo de vuelo prolongado de 46 minutos, una mejora respecto al 48%.<\/li>\n<li> Incorpora un concentrador de carga de bater\u00edas para una transferencia de energ\u00eda eficiente.<\/li>\n<li> Ambas c\u00e1maras producen fotos de 48 MP con detalles realistas.<\/li>\n<li> Los sensores CMOS de 1\/1,3 pulgadas con doble ISO nativo admiten v\u00eddeos HDR 4K\/60 fps.<\/li>\n<li> Detecci\u00f3n de obst\u00e1culos ampliada y APAS 5.0 para una navegaci\u00f3n m\u00e1s segura.<\/li>\n<li> La transmisi\u00f3n de v\u00eddeo O4 de nueva generaci\u00f3n ofrece un alcance de hasta 20 km.<\/li>\n<li> Transmisi\u00f3n en directo a 1080p\/60fps para v\u00eddeo de alta calidad en tiempo real.<\/li>\n<\/ul>","protected":false},"featured_media":4237,"template":"","meta":{"_acf_changed":false},"product_brand":[],"product_cat":[97,136,732,99],"product_tag":[],"class_list":{"0":"post-4240","1":"product","2":"type-product","3":"status-publish","4":"has-post-thumbnail","6":"product_cat-alle-producten","7":"product_cat-consumer-drones","8":"product_cat-dji-air-3","9":"product_cat-drones-met-certificaat","10":"product_shipping_class-outofstock","11":"pa_brand-dji","12":"pa_dronegrade-consumer","13":"pa_productfamily-drone","14":"pa_producttype-drone","15":"pa_series-air-3","17":"first","18":"outofstock","19":"taxable","20":"shipping-taxable","21":"purchasable","22":"product-type-simple"},"acf":[],"yoast_head":"<!-- This site is optimized with the Yoast SEO Premium plugin v27.2 (Yoast SEO v27.2) - https:\/\/yoast.com\/product\/yoast-seo-premium-wordpress\/ -->\n<title>DJI Air 3 Fly More Combo (DJI RC-N2) - koningdrone.be<\/title>\n<meta name=\"robots\" content=\"index, follow, max-snippet:-1, max-image-preview:large, max-video-preview:-1\" \/>\n<link rel=\"canonical\" href=\"https:\/\/koningdrone.be\/es\/producto\/dji-air-3-fly-more-combo-dji-rc-n2\/\" \/>\n<meta property=\"og:locale\" content=\"es_ES\" \/>\n<meta property=\"og:type\" content=\"article\" \/>\n<meta property=\"og:title\" content=\"DJI Air 3 Fly More Combo (DJI RC-N2)\" \/>\n<meta property=\"og:description\" content=\"1\/1,3-inch CMOS-groothoek- en telecamera&#039;s zorgen voor een hoge beeldkwaliteit. Ondersteunt 3x medium telefoto-opnamen voor dynamische mogelijkheden. Verlengde vliegtijd van 46 minuten, een verbetering van 48%. Beschikt over een batterijoplaadhub voor effici\u00ebnte krachtoverdracht. Beide camera&#039;s produceren 48 MP foto&#039;s met levensechte details. Dubbele native ISO in 1\/1,3-inch CMOS-sensoren ondersteunen 4K\/60fps HDR-video&#039;s. Uitgebreide obstakeldetectie en APAS 5.0 voor veiligere navigatie. De volgende generatie O4-videotransmissie biedt een bereik tot 20 km. 1080p\/60fps livefeed voor realtime video van hoge kwaliteit.\" \/>\n<meta property=\"og:url\" content=\"https:\/\/koningdrone.be\/es\/producto\/dji-air-3-fly-more-combo-dji-rc-n2\/\" \/>\n<meta property=\"og:site_name\" content=\"koningdrone.be\" \/>\n<meta property=\"article:modified_time\" content=\"2026-04-29T13:50:45+00:00\" \/>\n<meta property=\"og:image\" content=\"https:\/\/koningdrone.be\/wp-content\/uploads\/sites\/13\/2025\/04\/abaa7703aa197395abea1510d960d257@ultra.jpg\" \/>\n\t<meta property=\"og:image:width\" content=\"1280\" \/>\n\t<meta property=\"og:image:height\" content=\"1280\" \/>\n\t<meta property=\"og:image:type\" content=\"image\/jpeg\" \/>\n<meta name=\"twitter:card\" content=\"summary_large_image\" \/>\n<meta name=\"twitter:label1\" content=\"Tiempo de lectura\" \/>\n\t<meta name=\"twitter:data1\" content=\"2 minutos\" \/>\n<script type=\"application\/ld+json\" class=\"yoast-schema-graph\">{\"@context\":\"https:\/\/schema.org\",\"@graph\":[{\"@type\":\"WebPage\",\"@id\":\"https:\/\/koningdrone.be\/product\/dji-air-3-fly-more-combo-dji-rc-n2\/\",\"url\":\"https:\/\/koningdrone.be\/product\/dji-air-3-fly-more-combo-dji-rc-n2\/\",\"name\":\"DJI Air 3 Fly More Combo (DJI RC-N2) - koningdrone.be\",\"isPartOf\":{\"@id\":\"https:\/\/koningdrone.be\/#website\"},\"primaryImageOfPage\":{\"@id\":\"https:\/\/koningdrone.be\/product\/dji-air-3-fly-more-combo-dji-rc-n2\/#primaryimage\"},\"image\":{\"@id\":\"https:\/\/koningdrone.be\/product\/dji-air-3-fly-more-combo-dji-rc-n2\/#primaryimage\"},\"thumbnailUrl\":\"https:\/\/koningdrone.be\/wp-content\/uploads\/sites\/13\/2025\/04\/abaa7703aa197395abea1510d960d257@ultra.jpg\",\"datePublished\":\"2023-09-28T07:55:35+00:00\",\"dateModified\":\"2026-04-29T13:50:45+00:00\",\"breadcrumb\":{\"@id\":\"https:\/\/koningdrone.be\/product\/dji-air-3-fly-more-combo-dji-rc-n2\/#breadcrumb\"},\"inLanguage\":\"es\",\"potentialAction\":[{\"@type\":\"ReadAction\",\"target\":[\"https:\/\/koningdrone.be\/product\/dji-air-3-fly-more-combo-dji-rc-n2\/\"]}]},{\"@type\":\"ImageObject\",\"inLanguage\":\"es\",\"@id\":\"https:\/\/koningdrone.be\/product\/dji-air-3-fly-more-combo-dji-rc-n2\/#primaryimage\",\"url\":\"https:\/\/koningdrone.be\/wp-content\/uploads\/sites\/13\/2025\/04\/abaa7703aa197395abea1510d960d257@ultra.jpg\",\"contentUrl\":\"https:\/\/koningdrone.be\/wp-content\/uploads\/sites\/13\/2025\/04\/abaa7703aa197395abea1510d960d257@ultra.jpg\",\"width\":1280,\"height\":1280},{\"@type\":\"BreadcrumbList\",\"@id\":\"https:\/\/koningdrone.be\/product\/dji-air-3-fly-more-combo-dji-rc-n2\/#breadcrumb\",\"itemListElement\":[{\"@type\":\"ListItem\",\"position\":1,\"name\":\"Home\",\"item\":\"https:\/\/koningdrone.be\/\"},{\"@type\":\"ListItem\",\"position\":2,\"name\":\"AVSS Parachute Recovery System for DJI Matrice 300\/350\",\"item\":\"https:\/\/koningdrone.be\/product\/avss-parachute-recovery-system-for-dji-matrice-300-350\/\"},{\"@type\":\"ListItem\",\"position\":3,\"name\":\"Alle producten\",\"item\":\"https:\/\/koningdrone.be\/categorie\/alle-producten\/\"},{\"@type\":\"ListItem\",\"position\":4,\"name\":\"DJI Air 3 Fly More Combo (DJI RC-N2)\"}]},{\"@type\":\"WebSite\",\"@id\":\"https:\/\/koningdrone.be\/#website\",\"url\":\"https:\/\/koningdrone.be\/\",\"name\":\"Koningdrone.be - Uw online specialist in drones, gimbals, camera's en power stations.\",\"description\":\"De webshop in drones en gimbals\",\"publisher\":{\"@id\":\"https:\/\/koningdrone.be\/#organization\"},\"potentialAction\":[{\"@type\":\"SearchAction\",\"target\":{\"@type\":\"EntryPoint\",\"urlTemplate\":\"https:\/\/koningdrone.be\/?s={search_term_string}\"},\"query-input\":{\"@type\":\"PropertyValueSpecification\",\"valueRequired\":true,\"valueName\":\"search_term_string\"}}],\"inLanguage\":\"es\"},{\"@type\":\"Organization\",\"@id\":\"https:\/\/koningdrone.be\/#organization\",\"name\":\"Koningdrone.be\",\"url\":\"https:\/\/koningdrone.be\/\",\"logo\":{\"@type\":\"ImageObject\",\"inLanguage\":\"es\",\"@id\":\"https:\/\/koningdrone.be\/#\/schema\/logo\/image\/\",\"url\":\"https:\/\/koningdrone.be\/wp-content\/uploads\/sites\/13\/2025\/04\/koningdrone-copyright-logo.svg\",\"contentUrl\":\"https:\/\/koningdrone.be\/wp-content\/uploads\/sites\/13\/2025\/04\/koningdrone-copyright-logo.svg\",\"width\":227,\"height\":38,\"caption\":\"Koningdrone.be\"},\"image\":{\"@id\":\"https:\/\/koningdrone.be\/#\/schema\/logo\/image\/\"}}]}<\/script>\n<!-- \/ Yoast SEO Premium plugin. -->","yoast_head_json":{"title":"DJI Air 3 Fly More Combo (DJI RC-N2) - koningdrone.be","robots":{"index":"index","follow":"follow","max-snippet":"max-snippet:-1","max-image-preview":"max-image-preview:large","max-video-preview":"max-video-preview:-1"},"canonical":"https:\/\/koningdrone.be\/es\/producto\/dji-air-3-fly-more-combo-dji-rc-n2\/","og_locale":"es_ES","og_type":"article","og_title":"DJI Air 3 Fly More Combo (DJI RC-N2)","og_description":"1\/1,3-inch CMOS-groothoek- en telecamera&#039;s zorgen voor een hoge beeldkwaliteit. Ondersteunt 3x medium telefoto-opnamen voor dynamische mogelijkheden. Verlengde vliegtijd van 46 minuten, een verbetering van 48%. Beschikt over een batterijoplaadhub voor effici\u00ebnte krachtoverdracht. Beide camera&#039;s produceren 48 MP foto&#039;s met levensechte details. Dubbele native ISO in 1\/1,3-inch CMOS-sensoren ondersteunen 4K\/60fps HDR-video&#039;s. Uitgebreide obstakeldetectie en APAS 5.0 voor veiligere navigatie. De volgende generatie O4-videotransmissie biedt een bereik tot 20 km. 1080p\/60fps livefeed voor realtime video van hoge kwaliteit.","og_url":"https:\/\/koningdrone.be\/es\/producto\/dji-air-3-fly-more-combo-dji-rc-n2\/","og_site_name":"koningdrone.be","article_modified_time":"2026-04-29T13:50:45+00:00","og_image":[{"width":1280,"height":1280,"url":"https:\/\/koningdrone.be\/wp-content\/uploads\/sites\/13\/2025\/04\/abaa7703aa197395abea1510d960d257@ultra.jpg","type":"image\/jpeg"}],"twitter_card":"summary_large_image","twitter_misc":{"Tiempo de lectura":"2 minutos"},"schema":{"@context":"https:\/\/schema.org","@graph":[{"@type":"WebPage","@id":"https:\/\/koningdrone.be\/product\/dji-air-3-fly-more-combo-dji-rc-n2\/","url":"https:\/\/koningdrone.be\/product\/dji-air-3-fly-more-combo-dji-rc-n2\/","name":"DJI Air 3 Fly More Combo (DJI RC-N2) - koningdrone.be","isPartOf":{"@id":"https:\/\/koningdrone.be\/#website"},"primaryImageOfPage":{"@id":"https:\/\/koningdrone.be\/product\/dji-air-3-fly-more-combo-dji-rc-n2\/#primaryimage"},"image":{"@id":"https:\/\/koningdrone.be\/product\/dji-air-3-fly-more-combo-dji-rc-n2\/#primaryimage"},"thumbnailUrl":"https:\/\/koningdrone.be\/wp-content\/uploads\/sites\/13\/2025\/04\/abaa7703aa197395abea1510d960d257@ultra.jpg","datePublished":"2023-09-28T07:55:35+00:00","dateModified":"2026-04-29T13:50:45+00:00","breadcrumb":{"@id":"https:\/\/koningdrone.be\/product\/dji-air-3-fly-more-combo-dji-rc-n2\/#breadcrumb"},"inLanguage":"es","potentialAction":[{"@type":"ReadAction","target":["https:\/\/koningdrone.be\/product\/dji-air-3-fly-more-combo-dji-rc-n2\/"]}]},{"@type":"ImageObject","inLanguage":"es","@id":"https:\/\/koningdrone.be\/product\/dji-air-3-fly-more-combo-dji-rc-n2\/#primaryimage","url":"https:\/\/koningdrone.be\/wp-content\/uploads\/sites\/13\/2025\/04\/abaa7703aa197395abea1510d960d257@ultra.jpg","contentUrl":"https:\/\/koningdrone.be\/wp-content\/uploads\/sites\/13\/2025\/04\/abaa7703aa197395abea1510d960d257@ultra.jpg","width":1280,"height":1280},{"@type":"BreadcrumbList","@id":"https:\/\/koningdrone.be\/product\/dji-air-3-fly-more-combo-dji-rc-n2\/#breadcrumb","itemListElement":[{"@type":"ListItem","position":1,"name":"Home","item":"https:\/\/koningdrone.be\/"},{"@type":"ListItem","position":2,"name":"AVSS Parachute Recovery System for DJI Matrice 300\/350","item":"https:\/\/koningdrone.be\/product\/avss-parachute-recovery-system-for-dji-matrice-300-350\/"},{"@type":"ListItem","position":3,"name":"Alle producten","item":"https:\/\/koningdrone.be\/categorie\/alle-producten\/"},{"@type":"ListItem","position":4,"name":"DJI Air 3 Fly More Combo (DJI RC-N2)"}]},{"@type":"WebSite","@id":"https:\/\/koningdrone.be\/#website","url":"https:\/\/koningdrone.be\/","name":"Koningdrone.be - Su especialista en l\u00ednea en drones, cardanes, c\u00e1maras y centrales el\u00e9ctricas.","description":"La tienda virtual de drones y cardanes","publisher":{"@id":"https:\/\/koningdrone.be\/#organization"},"potentialAction":[{"@type":"SearchAction","target":{"@type":"EntryPoint","urlTemplate":"https:\/\/koningdrone.be\/?s={search_term_string}"},"query-input":{"@type":"PropertyValueSpecification","valueRequired":true,"valueName":"search_term_string"}}],"inLanguage":"es"},{"@type":"Organization","@id":"https:\/\/koningdrone.be\/#organization","name":"Kingdrone.es","url":"https:\/\/koningdrone.be\/","logo":{"@type":"ImageObject","inLanguage":"es","@id":"https:\/\/koningdrone.be\/#\/schema\/logo\/image\/","url":"https:\/\/koningdrone.be\/wp-content\/uploads\/sites\/13\/2025\/04\/koningdrone-copyright-logo.svg","contentUrl":"https:\/\/koningdrone.be\/wp-content\/uploads\/sites\/13\/2025\/04\/koningdrone-copyright-logo.svg","width":227,"height":38,"caption":"Koningdrone.be"},"image":{"@id":"https:\/\/koningdrone.be\/#\/schema\/logo\/image\/"}}]}},"df_price":1349,"df_sale_price":"","df_regular_price":1349,"df_image_link":"https:\/\/koningdrone.be\/wp-content\/uploads\/sites\/13\/2025\/04\/abaa7703aa197395abea1510d960d257@ultra-300x300.jpg","_links":{"self":[{"href":"https:\/\/koningdrone.be\/es\/wp-json\/wp\/v2\/product\/4240","targetHints":{"allow":["GET"]}}],"collection":[{"href":"https:\/\/koningdrone.be\/es\/wp-json\/wp\/v2\/product"}],"about":[{"href":"https:\/\/koningdrone.be\/es\/wp-json\/wp\/v2\/types\/product"}],"wp:featuredmedia":[{"embeddable":true,"href":"https:\/\/koningdrone.be\/es\/wp-json\/wp\/v2\/media\/4237"}],"wp:attachment":[{"href":"https:\/\/koningdrone.be\/es\/wp-json\/wp\/v2\/media?parent=4240"}],"wp:term":[{"taxonomy":"product_brand","embeddable":true,"href":"https:\/\/koningdrone.be\/es\/wp-json\/wp\/v2\/product_brand?post=4240"},{"taxonomy":"product_cat","embeddable":true,"href":"https:\/\/koningdrone.be\/es\/wp-json\/wp\/v2\/product_cat?post=4240"},{"taxonomy":"product_tag","embeddable":true,"href":"https:\/\/koningdrone.be\/es\/wp-json\/wp\/v2\/product_tag?post=4240"}],"curies":[{"name":"wp","href":"https:\/\/api.w.org\/{rel}","templated":true}]}}