{"id":4236,"date":"2023-09-28T09:55:35","date_gmt":"2023-09-28T07:55:35","guid":{"rendered":"https:\/\/koningdrone.nl\/kon\/product\/dji-air-3-dji-rc-n2\/"},"modified":"2026-04-29T15:50:46","modified_gmt":"2026-04-29T13:50:46","slug":"dji-air-3-dji-rc-n2","status":"publish","type":"product","link":"https:\/\/koningdrone.be\/es\/producto\/dji-air-3-dji-rc-n2\/","title":{"rendered":"DJI Air 3 (DJI RC-N2)"},"content":{"rendered":"<p><strong>Productos<\/strong><\/p>\n<p> El dron Air 3 incluye una serie de funciones avanzadas dise\u00f1adas para proporcionar im\u00e1genes superiores y capacidades operativas mejoradas. Gracias a su avanzado sistema de c\u00e1maras, sus capacidades de v\u00eddeo mejoradas, su mayor autonom\u00eda de vuelo y su innovadora gesti\u00f3n de la bater\u00eda, es apto tanto para entusiastas como para usuarios profesionales. Adem\u00e1s, garantiza la seguridad con su completo sistema de evitaci\u00f3n de obst\u00e1culos y utiliza tecnolog\u00eda avanzada para una transmisi\u00f3n de v\u00eddeo fiable.<\/p>\n<p>  <strong>Sistema avanzado de c\u00e1maras<\/strong><\/p>\n<p> El producto incorpora una c\u00e1mara gran angular CMOS de 1\/1,3 pulgadas combinada con una c\u00e1mara de teleobjetivo medio 3x. Juntas, estas c\u00e1maras proporcionan una salida de imagen de alta calidad, ideal para capturar escenas din\u00e1micas y fotos detalladas de 48 MP. Las im\u00e1genes conservan su nitidez incluso al recortarlas, lo que satisface las elevadas exigencias tanto de los fot\u00f3grafos aficionados como de los profesionales.<\/p>\n<p>  <strong>Funciones de v\u00eddeo mejoradas<\/strong><\/p>\n<p> Equipadas con doble ISO nativa, las c\u00e1maras del dron Air 3 pueden grabar v\u00eddeos 4K a 60 fotogramas por segundo en Alto Rango Din\u00e1mico (HDR). Esta caracter\u00edstica permite capturar secuencias de v\u00eddeo con un aspecto natural y rico en colores, captando tanto momentos de ritmo r\u00e1pido como de serenidad con una calidad excepcional.<\/p>\n<p>  <strong>Mayor duraci\u00f3n del vuelo<\/strong><\/p>\n<p> El dron Air 3 tiene una notable autonom\u00eda de vuelo de 46 minutos, lo que supone un aumento de 48% respecto a sus predecesores. Con esta ampliaci\u00f3n, los usuarios pueden disfrutar de periodos operativos m\u00e1s largos y capturar secuencias m\u00e1s extensas sin tener que preocuparse a menudo por una bater\u00eda baja.<\/p>\n<p>  <strong>Gesti\u00f3n innovadora de la bater\u00eda<\/strong><\/p>\n<p> Equipado con un concentrador de carga de bater\u00edas especializado, el dron agiliza el proceso de gesti\u00f3n de la energ\u00eda cargando las bater\u00edas de forma eficiente y permitiendo la transferencia de energ\u00eda entre ellas. Esta caracter\u00edstica garantiza que el dron permanezca listo para funcionar, lo que permite un uso prolongado, ideal para tomas prolongadas y vuelos secuenciales.<\/p>\n<p>  <strong>Evitaci\u00f3n de obst\u00e1culos y seguridad<\/strong><\/p>\n<p> Equipado con sensores multidireccionales y utilizando los Sistemas Avanzados de Asistencia al Piloto (APAS) 5.0, el dron Air 3 garantiza una experiencia de vuelo m\u00e1s segura. Estos sistemas ayudan a sortear obst\u00e1culos sin problemas, reduciendo en gran medida el riesgo de accidentes y fomentando la seguridad durante las operaciones de vuelo.<\/p>\n<p>  <strong>Transmisi\u00f3n de v\u00eddeo de nueva generaci\u00f3n<\/strong><\/p>\n<p> Gracias a la \u00faltima tecnolog\u00eda de transmisi\u00f3n de v\u00eddeo O4, el Air 3 puede transmitir v\u00eddeo a distancias de hasta 20 kil\u00f3metros. Esta tecnolog\u00eda es compatible con una transmisi\u00f3n de v\u00eddeo en directo estable y de alta calidad de 1080p\/60fps, lo que permite a los usuarios contar con una visi\u00f3n clara y coherente de la transmisi\u00f3n de la c\u00e1mara de su dron incluso cuando operan a distancias m\u00e1s largas.<\/p>","protected":false},"excerpt":{"rendered":"<ul>\n<li>Las c\u00e1maras CMOS gran angular y teleobjetivo medio de 1\/1,3 pulgadas proporcionan im\u00e1genes de alta calidad.<\/li>\n<li> El tiempo de vuelo de 46 minutos representa un aumento de 48% respecto al modelo anterior.<\/li>\n<li> El concentrador de carga de bater\u00edas permite la transferencia de energ\u00eda entre bater\u00edas.<\/li>\n<li> La c\u00e1mara produce fotos de 48 MP con detalles realistas.<\/li>\n<li> ISO nativo dual compatible con v\u00eddeos HDR 4K\/60 fps sin recorte.<\/li>\n<li> La detecci\u00f3n de obst\u00e1culos en todas las direcciones aumenta la seguridad.<\/li>\n<li> La tecnolog\u00eda APAS 5.0 proporciona una evitaci\u00f3n de obst\u00e1culos m\u00e1s suave.<\/li>\n<li> La transmisi\u00f3n de v\u00eddeo O4 alcanza hasta 20 km con una conexi\u00f3n estable.<\/li>\n<li> Proporciona im\u00e1genes en directo a 1080p\/60 fps para obtener v\u00eddeo de alta calidad en tiempo real.<\/li>\n<\/ul>","protected":false},"featured_media":4231,"template":"","meta":{"_acf_changed":false},"product_brand":[],"product_cat":[97,136,732,99],"product_tag":[],"class_list":{"0":"post-4236","1":"product","2":"type-product","3":"status-publish","4":"has-post-thumbnail","6":"product_cat-alle-producten","7":"product_cat-consumer-drones","8":"product_cat-dji-air-3","9":"product_cat-drones-met-certificaat","10":"product_shipping_class-outofstock","11":"pa_brand-dji","12":"pa_dronegrade-consumer","13":"pa_productfamily-drone","14":"pa_producttype-drone","15":"pa_series-air-3","17":"first","18":"outofstock","19":"taxable","20":"shipping-taxable","21":"purchasable","22":"product-type-simple"},"acf":[],"yoast_head":"<!-- This site is optimized with the Yoast SEO Premium plugin v27.2 (Yoast SEO v27.2) - https:\/\/yoast.com\/product\/yoast-seo-premium-wordpress\/ -->\n<title>DJI Air 3 (DJI RC-N2) - koningdrone.be<\/title>\n<meta name=\"robots\" content=\"index, follow, max-snippet:-1, max-image-preview:large, max-video-preview:-1\" \/>\n<link rel=\"canonical\" href=\"https:\/\/koningdrone.be\/es\/producto\/dji-air-3-dji-rc-n2\/\" \/>\n<meta property=\"og:locale\" content=\"es_ES\" \/>\n<meta property=\"og:type\" content=\"article\" \/>\n<meta property=\"og:title\" content=\"DJI Air 3 (DJI RC-N2)\" \/>\n<meta property=\"og:description\" content=\"1\/1,3-inch CMOS groothoek- en medium telecamera&#039;s zorgen voor beelden van hoge kwaliteit. De vliegtijd van 46 minuten vertegenwoordigt een toename van 48% ten opzichte van het vorige model. De batterijoplaadhub maakt stroomoverdracht tussen batterijen mogelijk. Camera&#039;s produceren 48 MP foto&#039;s met levensechte details. Dual native ISO ondersteunt 4K\/60fps HDR-video&#039;s zonder bijsnijden. Obstakeldetectie in alle richtingen verhoogt de veiligheid. APAS 5.0-technologie zorgt voor een soepelere ontwijking van obstakels. O4-videotransmissie reikt tot 20 km met stabiele verbinding. Levert 1080p\/60fps livefeed voor realtime video van hoge kwaliteit.\" \/>\n<meta property=\"og:url\" content=\"https:\/\/koningdrone.be\/es\/producto\/dji-air-3-dji-rc-n2\/\" \/>\n<meta property=\"og:site_name\" content=\"koningdrone.be\" \/>\n<meta property=\"article:modified_time\" content=\"2026-04-29T13:50:46+00:00\" \/>\n<meta property=\"og:image\" content=\"https:\/\/koningdrone.be\/wp-content\/uploads\/sites\/13\/2025\/04\/6cebd8efcbc6c4e13bc21efb7e05be67@ultra.jpg\" \/>\n\t<meta property=\"og:image:width\" content=\"1280\" \/>\n\t<meta property=\"og:image:height\" content=\"1280\" \/>\n\t<meta property=\"og:image:type\" content=\"image\/jpeg\" \/>\n<meta name=\"twitter:card\" content=\"summary_large_image\" \/>\n<meta name=\"twitter:label1\" content=\"Tiempo de lectura\" \/>\n\t<meta name=\"twitter:data1\" content=\"2 minutos\" \/>\n<script type=\"application\/ld+json\" class=\"yoast-schema-graph\">{\"@context\":\"https:\/\/schema.org\",\"@graph\":[{\"@type\":\"WebPage\",\"@id\":\"https:\/\/koningdrone.be\/product\/dji-air-3-dji-rc-n2\/\",\"url\":\"https:\/\/koningdrone.be\/product\/dji-air-3-dji-rc-n2\/\",\"name\":\"DJI Air 3 (DJI RC-N2) - koningdrone.be\",\"isPartOf\":{\"@id\":\"https:\/\/koningdrone.be\/#website\"},\"primaryImageOfPage\":{\"@id\":\"https:\/\/koningdrone.be\/product\/dji-air-3-dji-rc-n2\/#primaryimage\"},\"image\":{\"@id\":\"https:\/\/koningdrone.be\/product\/dji-air-3-dji-rc-n2\/#primaryimage\"},\"thumbnailUrl\":\"https:\/\/koningdrone.be\/wp-content\/uploads\/sites\/13\/2025\/04\/6cebd8efcbc6c4e13bc21efb7e05be67@ultra.jpg\",\"datePublished\":\"2023-09-28T07:55:35+00:00\",\"dateModified\":\"2026-04-29T13:50:46+00:00\",\"breadcrumb\":{\"@id\":\"https:\/\/koningdrone.be\/product\/dji-air-3-dji-rc-n2\/#breadcrumb\"},\"inLanguage\":\"es\",\"potentialAction\":[{\"@type\":\"ReadAction\",\"target\":[\"https:\/\/koningdrone.be\/product\/dji-air-3-dji-rc-n2\/\"]}]},{\"@type\":\"ImageObject\",\"inLanguage\":\"es\",\"@id\":\"https:\/\/koningdrone.be\/product\/dji-air-3-dji-rc-n2\/#primaryimage\",\"url\":\"https:\/\/koningdrone.be\/wp-content\/uploads\/sites\/13\/2025\/04\/6cebd8efcbc6c4e13bc21efb7e05be67@ultra.jpg\",\"contentUrl\":\"https:\/\/koningdrone.be\/wp-content\/uploads\/sites\/13\/2025\/04\/6cebd8efcbc6c4e13bc21efb7e05be67@ultra.jpg\",\"width\":1280,\"height\":1280},{\"@type\":\"BreadcrumbList\",\"@id\":\"https:\/\/koningdrone.be\/product\/dji-air-3-dji-rc-n2\/#breadcrumb\",\"itemListElement\":[{\"@type\":\"ListItem\",\"position\":1,\"name\":\"Home\",\"item\":\"https:\/\/koningdrone.be\/\"},{\"@type\":\"ListItem\",\"position\":2,\"name\":\"AVSS Parachute Recovery System for DJI Matrice 300\/350\",\"item\":\"https:\/\/koningdrone.be\/product\/avss-parachute-recovery-system-for-dji-matrice-300-350\/\"},{\"@type\":\"ListItem\",\"position\":3,\"name\":\"Alle producten\",\"item\":\"https:\/\/koningdrone.be\/categorie\/alle-producten\/\"},{\"@type\":\"ListItem\",\"position\":4,\"name\":\"DJI Air 3 (DJI RC-N2)\"}]},{\"@type\":\"WebSite\",\"@id\":\"https:\/\/koningdrone.be\/#website\",\"url\":\"https:\/\/koningdrone.be\/\",\"name\":\"Koningdrone.be - Uw online specialist in drones, gimbals, camera's en power stations.\",\"description\":\"De webshop in drones en gimbals\",\"publisher\":{\"@id\":\"https:\/\/koningdrone.be\/#organization\"},\"potentialAction\":[{\"@type\":\"SearchAction\",\"target\":{\"@type\":\"EntryPoint\",\"urlTemplate\":\"https:\/\/koningdrone.be\/?s={search_term_string}\"},\"query-input\":{\"@type\":\"PropertyValueSpecification\",\"valueRequired\":true,\"valueName\":\"search_term_string\"}}],\"inLanguage\":\"es\"},{\"@type\":\"Organization\",\"@id\":\"https:\/\/koningdrone.be\/#organization\",\"name\":\"Koningdrone.be\",\"url\":\"https:\/\/koningdrone.be\/\",\"logo\":{\"@type\":\"ImageObject\",\"inLanguage\":\"es\",\"@id\":\"https:\/\/koningdrone.be\/#\/schema\/logo\/image\/\",\"url\":\"https:\/\/koningdrone.be\/wp-content\/uploads\/sites\/13\/2025\/04\/koningdrone-copyright-logo.svg\",\"contentUrl\":\"https:\/\/koningdrone.be\/wp-content\/uploads\/sites\/13\/2025\/04\/koningdrone-copyright-logo.svg\",\"width\":227,\"height\":38,\"caption\":\"Koningdrone.be\"},\"image\":{\"@id\":\"https:\/\/koningdrone.be\/#\/schema\/logo\/image\/\"}}]}<\/script>\n<!-- \/ Yoast SEO Premium plugin. -->","yoast_head_json":{"title":"DJI Air 3 (DJI RC-N2) - koningdrone.be","robots":{"index":"index","follow":"follow","max-snippet":"max-snippet:-1","max-image-preview":"max-image-preview:large","max-video-preview":"max-video-preview:-1"},"canonical":"https:\/\/koningdrone.be\/es\/producto\/dji-air-3-dji-rc-n2\/","og_locale":"es_ES","og_type":"article","og_title":"DJI Air 3 (DJI RC-N2)","og_description":"1\/1,3-inch CMOS groothoek- en medium telecamera&#039;s zorgen voor beelden van hoge kwaliteit. De vliegtijd van 46 minuten vertegenwoordigt een toename van 48% ten opzichte van het vorige model. De batterijoplaadhub maakt stroomoverdracht tussen batterijen mogelijk. Camera&#039;s produceren 48 MP foto&#039;s met levensechte details. Dual native ISO ondersteunt 4K\/60fps HDR-video&#039;s zonder bijsnijden. Obstakeldetectie in alle richtingen verhoogt de veiligheid. APAS 5.0-technologie zorgt voor een soepelere ontwijking van obstakels. O4-videotransmissie reikt tot 20 km met stabiele verbinding. Levert 1080p\/60fps livefeed voor realtime video van hoge kwaliteit.","og_url":"https:\/\/koningdrone.be\/es\/producto\/dji-air-3-dji-rc-n2\/","og_site_name":"koningdrone.be","article_modified_time":"2026-04-29T13:50:46+00:00","og_image":[{"width":1280,"height":1280,"url":"https:\/\/koningdrone.be\/wp-content\/uploads\/sites\/13\/2025\/04\/6cebd8efcbc6c4e13bc21efb7e05be67@ultra.jpg","type":"image\/jpeg"}],"twitter_card":"summary_large_image","twitter_misc":{"Tiempo de lectura":"2 minutos"},"schema":{"@context":"https:\/\/schema.org","@graph":[{"@type":"WebPage","@id":"https:\/\/koningdrone.be\/product\/dji-air-3-dji-rc-n2\/","url":"https:\/\/koningdrone.be\/product\/dji-air-3-dji-rc-n2\/","name":"DJI Air 3 (DJI RC-N2) - koningdrone.be","isPartOf":{"@id":"https:\/\/koningdrone.be\/#website"},"primaryImageOfPage":{"@id":"https:\/\/koningdrone.be\/product\/dji-air-3-dji-rc-n2\/#primaryimage"},"image":{"@id":"https:\/\/koningdrone.be\/product\/dji-air-3-dji-rc-n2\/#primaryimage"},"thumbnailUrl":"https:\/\/koningdrone.be\/wp-content\/uploads\/sites\/13\/2025\/04\/6cebd8efcbc6c4e13bc21efb7e05be67@ultra.jpg","datePublished":"2023-09-28T07:55:35+00:00","dateModified":"2026-04-29T13:50:46+00:00","breadcrumb":{"@id":"https:\/\/koningdrone.be\/product\/dji-air-3-dji-rc-n2\/#breadcrumb"},"inLanguage":"es","potentialAction":[{"@type":"ReadAction","target":["https:\/\/koningdrone.be\/product\/dji-air-3-dji-rc-n2\/"]}]},{"@type":"ImageObject","inLanguage":"es","@id":"https:\/\/koningdrone.be\/product\/dji-air-3-dji-rc-n2\/#primaryimage","url":"https:\/\/koningdrone.be\/wp-content\/uploads\/sites\/13\/2025\/04\/6cebd8efcbc6c4e13bc21efb7e05be67@ultra.jpg","contentUrl":"https:\/\/koningdrone.be\/wp-content\/uploads\/sites\/13\/2025\/04\/6cebd8efcbc6c4e13bc21efb7e05be67@ultra.jpg","width":1280,"height":1280},{"@type":"BreadcrumbList","@id":"https:\/\/koningdrone.be\/product\/dji-air-3-dji-rc-n2\/#breadcrumb","itemListElement":[{"@type":"ListItem","position":1,"name":"Home","item":"https:\/\/koningdrone.be\/"},{"@type":"ListItem","position":2,"name":"AVSS Parachute Recovery System for DJI Matrice 300\/350","item":"https:\/\/koningdrone.be\/product\/avss-parachute-recovery-system-for-dji-matrice-300-350\/"},{"@type":"ListItem","position":3,"name":"Alle producten","item":"https:\/\/koningdrone.be\/categorie\/alle-producten\/"},{"@type":"ListItem","position":4,"name":"DJI Air 3 (DJI RC-N2)"}]},{"@type":"WebSite","@id":"https:\/\/koningdrone.be\/#website","url":"https:\/\/koningdrone.be\/","name":"Koningdrone.be - Su especialista en l\u00ednea en drones, cardanes, c\u00e1maras y centrales el\u00e9ctricas.","description":"La tienda virtual de drones y cardanes","publisher":{"@id":"https:\/\/koningdrone.be\/#organization"},"potentialAction":[{"@type":"SearchAction","target":{"@type":"EntryPoint","urlTemplate":"https:\/\/koningdrone.be\/?s={search_term_string}"},"query-input":{"@type":"PropertyValueSpecification","valueRequired":true,"valueName":"search_term_string"}}],"inLanguage":"es"},{"@type":"Organization","@id":"https:\/\/koningdrone.be\/#organization","name":"Kingdrone.es","url":"https:\/\/koningdrone.be\/","logo":{"@type":"ImageObject","inLanguage":"es","@id":"https:\/\/koningdrone.be\/#\/schema\/logo\/image\/","url":"https:\/\/koningdrone.be\/wp-content\/uploads\/sites\/13\/2025\/04\/koningdrone-copyright-logo.svg","contentUrl":"https:\/\/koningdrone.be\/wp-content\/uploads\/sites\/13\/2025\/04\/koningdrone-copyright-logo.svg","width":227,"height":38,"caption":"Koningdrone.be"},"image":{"@id":"https:\/\/koningdrone.be\/#\/schema\/logo\/image\/"}}]}},"df_price":1098.99,"df_sale_price":"","df_regular_price":1098.99,"df_image_link":"https:\/\/koningdrone.be\/wp-content\/uploads\/sites\/13\/2025\/04\/6cebd8efcbc6c4e13bc21efb7e05be67@ultra-300x300.jpg","_links":{"self":[{"href":"https:\/\/koningdrone.be\/es\/wp-json\/wp\/v2\/product\/4236","targetHints":{"allow":["GET"]}}],"collection":[{"href":"https:\/\/koningdrone.be\/es\/wp-json\/wp\/v2\/product"}],"about":[{"href":"https:\/\/koningdrone.be\/es\/wp-json\/wp\/v2\/types\/product"}],"wp:featuredmedia":[{"embeddable":true,"href":"https:\/\/koningdrone.be\/es\/wp-json\/wp\/v2\/media\/4231"}],"wp:attachment":[{"href":"https:\/\/koningdrone.be\/es\/wp-json\/wp\/v2\/media?parent=4236"}],"wp:term":[{"taxonomy":"product_brand","embeddable":true,"href":"https:\/\/koningdrone.be\/es\/wp-json\/wp\/v2\/product_brand?post=4236"},{"taxonomy":"product_cat","embeddable":true,"href":"https:\/\/koningdrone.be\/es\/wp-json\/wp\/v2\/product_cat?post=4236"},{"taxonomy":"product_tag","embeddable":true,"href":"https:\/\/koningdrone.be\/es\/wp-json\/wp\/v2\/product_tag?post=4236"}],"curies":[{"name":"wp","href":"https:\/\/api.w.org\/{rel}","templated":true}]}}