{"id":4223,"date":"2023-11-24T22:43:26","date_gmt":"2023-11-24T21:43:26","guid":{"rendered":"https:\/\/koningdrone.nl\/kon\/product\/dji-fpv-combo-transport-case-hprc-type-2500\/"},"modified":"2026-05-01T09:10:53","modified_gmt":"2026-05-01T07:10:53","slug":"dji-fpv-combo-transport-case-hprc-type-2500","status":"publish","type":"product","link":"https:\/\/koningdrone.be\/es\/producto\/dji-fpv-combo-transport-case-hprc-type-2500\/","title":{"rendered":"DJI FPV Combo - Maleta de transporte HPRC Tipo 2500"},"content":{"rendered":"<h1>DJI FPV Combo - Maleta de transporte HPRC Tipo 2500<\/h1>\n<p>&nbsp;<\/p>\n<p>La FPV-2500-01 es la maleta HPRC basada en el modelo HPRC2500 y est\u00e1 dise\u00f1ada para transportar el DJI FPV Combo con todos los accesorios.<\/p>\n<p>&nbsp;<\/p>\n<p>El forro de espuma puede contener el DJI FPV Drone con bater\u00eda montada, 2 bater\u00edas Goggles, 1 kit Fly More, 1 Goggles V2 con antena Goggles montada (o TrueRC), 1 mando a distancia, 1 controlador de movimiento, 1 adaptador de CA, h\u00e9lices (par) \/ cable, 4 bater\u00edas de vuelo inteligente.<\/p>\n<p>&nbsp;<\/p>\n<p>Gracias a su peso ligero y a su asa ergon\u00f3mica, la maleta es muy manejable y f\u00e1cil de llevar a cualquier parte.<\/p>\n<p>&nbsp;<\/p>\n<p>Ideal como equipaje de mano (tama\u00f1o permitido en cabina). Adem\u00e1s, la funda es resistente a impactos, polvo, \u00e1cidos e impermeable, lo que te permite transportar tu DJI FPV a cualquier lugar y en diferentes condiciones.<\/p>\n<p>&nbsp;<\/p>\n<p>El panel Vector no s\u00f3lo ofrece protecci\u00f3n adicional para los equipos, sino que tambi\u00e9n permite organizar las salas de forma r\u00e1pida y sencilla.<\/p>\n<p>&nbsp;<\/p>","protected":false},"excerpt":{"rendered":"<ul>\n<li>Dise\u00f1o compacto y port\u00e1til<\/li>\n<li>Resultados r\u00e1pidos y precisos<\/li>\n<li>F\u00e1cil de usar<\/li>\n<li>Varias opciones de medici\u00f3n<\/li>\n<li>Compatible con varios dispositivos<\/li>\n<\/ul>","protected":false},"featured_media":17822,"template":"","meta":{"_acf_changed":false},"product_brand":[],"product_cat":[97,201,719],"product_tag":[],"class_list":{"0":"post-4223","1":"product","2":"type-product","3":"status-publish","4":"has-post-thumbnail","6":"product_cat-alle-producten","7":"product_cat-alle-tassen-en-koffers","8":"product_cat-dji-fpv","9":"product_shipping_class-outofstock","10":"pa_brand-hprc","11":"pa_productfamily-koffer","12":"pa_producttype-koffer","13":"pa_series-dji-fpv","15":"first","16":"outofstock","17":"taxable","18":"shipping-taxable","19":"product-type-simple"},"acf":[],"yoast_head":"<!-- This site is optimized with the Yoast SEO Premium plugin v27.2 (Yoast SEO v27.2) - https:\/\/yoast.com\/product\/yoast-seo-premium-wordpress\/ -->\n<title>DJI FPV Combo - Transport Case HPRC Type 2500 - koningdrone.be<\/title>\n<meta name=\"robots\" content=\"index, follow, max-snippet:-1, max-image-preview:large, max-video-preview:-1\" \/>\n<link rel=\"canonical\" href=\"https:\/\/koningdrone.be\/es\/producto\/dji-fpv-combo-transport-case-hprc-type-2500\/\" \/>\n<meta property=\"og:locale\" content=\"es_ES\" \/>\n<meta property=\"og:type\" content=\"article\" \/>\n<meta property=\"og:title\" content=\"DJI FPV Combo - Transport Case HPRC Type 2500\" \/>\n<meta property=\"og:description\" content=\"Compact en draagbaar ontwerp  Snelle en nauwkeurige resultaten  Makkelijk in gebruik  Diverse meetmogelijkheden  Compatibel met verschillende apparaten\" \/>\n<meta property=\"og:url\" content=\"https:\/\/koningdrone.be\/es\/producto\/dji-fpv-combo-transport-case-hprc-type-2500\/\" \/>\n<meta property=\"og:site_name\" content=\"koningdrone.be\" \/>\n<meta property=\"article:modified_time\" content=\"2026-05-01T07:10:53+00:00\" \/>\n<meta property=\"og:image\" content=\"https:\/\/koningdrone.be\/wp-content\/uploads\/sites\/13\/2026\/03\/dji-fpv-combo-transportkoffer-hprc-typ-2500.png\" \/>\n\t<meta property=\"og:image:width\" content=\"600\" \/>\n\t<meta property=\"og:image:height\" content=\"600\" \/>\n\t<meta property=\"og:image:type\" content=\"image\/png\" \/>\n<meta name=\"twitter:card\" content=\"summary_large_image\" \/>\n<meta name=\"twitter:label1\" content=\"Tiempo de lectura\" \/>\n\t<meta name=\"twitter:data1\" content=\"1 minuto\" \/>\n<script type=\"application\/ld+json\" class=\"yoast-schema-graph\">{\"@context\":\"https:\/\/schema.org\",\"@graph\":[{\"@type\":\"WebPage\",\"@id\":\"https:\/\/koningdrone.be\/product\/dji-fpv-combo-transport-case-hprc-type-2500\/\",\"url\":\"https:\/\/koningdrone.be\/product\/dji-fpv-combo-transport-case-hprc-type-2500\/\",\"name\":\"DJI FPV Combo - Transport Case HPRC Type 2500 - koningdrone.be\",\"isPartOf\":{\"@id\":\"https:\/\/koningdrone.be\/#website\"},\"primaryImageOfPage\":{\"@id\":\"https:\/\/koningdrone.be\/product\/dji-fpv-combo-transport-case-hprc-type-2500\/#primaryimage\"},\"image\":{\"@id\":\"https:\/\/koningdrone.be\/product\/dji-fpv-combo-transport-case-hprc-type-2500\/#primaryimage\"},\"thumbnailUrl\":\"https:\/\/koningdrone.be\/wp-content\/uploads\/sites\/13\/2026\/03\/dji-fpv-combo-transportkoffer-hprc-typ-2500.png\",\"datePublished\":\"2023-11-24T21:43:26+00:00\",\"dateModified\":\"2026-05-01T07:10:53+00:00\",\"breadcrumb\":{\"@id\":\"https:\/\/koningdrone.be\/product\/dji-fpv-combo-transport-case-hprc-type-2500\/#breadcrumb\"},\"inLanguage\":\"es\",\"potentialAction\":[{\"@type\":\"ReadAction\",\"target\":[\"https:\/\/koningdrone.be\/product\/dji-fpv-combo-transport-case-hprc-type-2500\/\"]}]},{\"@type\":\"ImageObject\",\"inLanguage\":\"es\",\"@id\":\"https:\/\/koningdrone.be\/product\/dji-fpv-combo-transport-case-hprc-type-2500\/#primaryimage\",\"url\":\"https:\/\/koningdrone.be\/wp-content\/uploads\/sites\/13\/2026\/03\/dji-fpv-combo-transportkoffer-hprc-typ-2500.png\",\"contentUrl\":\"https:\/\/koningdrone.be\/wp-content\/uploads\/sites\/13\/2026\/03\/dji-fpv-combo-transportkoffer-hprc-typ-2500.png\",\"width\":600,\"height\":600},{\"@type\":\"BreadcrumbList\",\"@id\":\"https:\/\/koningdrone.be\/product\/dji-fpv-combo-transport-case-hprc-type-2500\/#breadcrumb\",\"itemListElement\":[{\"@type\":\"ListItem\",\"position\":1,\"name\":\"Home\",\"item\":\"https:\/\/koningdrone.be\/\"},{\"@type\":\"ListItem\",\"position\":2,\"name\":\"AVSS Parachute Recovery System for DJI Matrice 300\/350\",\"item\":\"https:\/\/koningdrone.be\/product\/avss-parachute-recovery-system-for-dji-matrice-300-350\/\"},{\"@type\":\"ListItem\",\"position\":3,\"name\":\"Alle producten\",\"item\":\"https:\/\/koningdrone.be\/categorie\/alle-producten\/\"},{\"@type\":\"ListItem\",\"position\":4,\"name\":\"DJI FPV Combo &#8211; Transport Case HPRC Type 2500\"}]},{\"@type\":\"WebSite\",\"@id\":\"https:\/\/koningdrone.be\/#website\",\"url\":\"https:\/\/koningdrone.be\/\",\"name\":\"Koningdrone.be - Uw online specialist in drones, gimbals, camera's en power stations.\",\"description\":\"De webshop in drones en gimbals\",\"publisher\":{\"@id\":\"https:\/\/koningdrone.be\/#organization\"},\"potentialAction\":[{\"@type\":\"SearchAction\",\"target\":{\"@type\":\"EntryPoint\",\"urlTemplate\":\"https:\/\/koningdrone.be\/?s={search_term_string}\"},\"query-input\":{\"@type\":\"PropertyValueSpecification\",\"valueRequired\":true,\"valueName\":\"search_term_string\"}}],\"inLanguage\":\"es\"},{\"@type\":\"Organization\",\"@id\":\"https:\/\/koningdrone.be\/#organization\",\"name\":\"Koningdrone.be\",\"url\":\"https:\/\/koningdrone.be\/\",\"logo\":{\"@type\":\"ImageObject\",\"inLanguage\":\"es\",\"@id\":\"https:\/\/koningdrone.be\/#\/schema\/logo\/image\/\",\"url\":\"https:\/\/koningdrone.be\/wp-content\/uploads\/sites\/13\/2025\/04\/koningdrone-copyright-logo.svg\",\"contentUrl\":\"https:\/\/koningdrone.be\/wp-content\/uploads\/sites\/13\/2025\/04\/koningdrone-copyright-logo.svg\",\"width\":227,\"height\":38,\"caption\":\"Koningdrone.be\"},\"image\":{\"@id\":\"https:\/\/koningdrone.be\/#\/schema\/logo\/image\/\"}}]}<\/script>\n<!-- \/ Yoast SEO Premium plugin. -->","yoast_head_json":{"title":"DJI FPV Combo - Transport Case HPRC Type 2500 - koningdrone.be","robots":{"index":"index","follow":"follow","max-snippet":"max-snippet:-1","max-image-preview":"max-image-preview:large","max-video-preview":"max-video-preview:-1"},"canonical":"https:\/\/koningdrone.be\/es\/producto\/dji-fpv-combo-transport-case-hprc-type-2500\/","og_locale":"es_ES","og_type":"article","og_title":"DJI FPV Combo - Transport Case HPRC Type 2500","og_description":"Compact en draagbaar ontwerp  Snelle en nauwkeurige resultaten  Makkelijk in gebruik  Diverse meetmogelijkheden  Compatibel met verschillende apparaten","og_url":"https:\/\/koningdrone.be\/es\/producto\/dji-fpv-combo-transport-case-hprc-type-2500\/","og_site_name":"koningdrone.be","article_modified_time":"2026-05-01T07:10:53+00:00","og_image":[{"width":600,"height":600,"url":"https:\/\/koningdrone.be\/wp-content\/uploads\/sites\/13\/2026\/03\/dji-fpv-combo-transportkoffer-hprc-typ-2500.png","type":"image\/png"}],"twitter_card":"summary_large_image","twitter_misc":{"Tiempo de lectura":"1 minuto"},"schema":{"@context":"https:\/\/schema.org","@graph":[{"@type":"WebPage","@id":"https:\/\/koningdrone.be\/product\/dji-fpv-combo-transport-case-hprc-type-2500\/","url":"https:\/\/koningdrone.be\/product\/dji-fpv-combo-transport-case-hprc-type-2500\/","name":"DJI FPV Combo - Transport Case HPRC Type 2500 - koningdrone.be","isPartOf":{"@id":"https:\/\/koningdrone.be\/#website"},"primaryImageOfPage":{"@id":"https:\/\/koningdrone.be\/product\/dji-fpv-combo-transport-case-hprc-type-2500\/#primaryimage"},"image":{"@id":"https:\/\/koningdrone.be\/product\/dji-fpv-combo-transport-case-hprc-type-2500\/#primaryimage"},"thumbnailUrl":"https:\/\/koningdrone.be\/wp-content\/uploads\/sites\/13\/2026\/03\/dji-fpv-combo-transportkoffer-hprc-typ-2500.png","datePublished":"2023-11-24T21:43:26+00:00","dateModified":"2026-05-01T07:10:53+00:00","breadcrumb":{"@id":"https:\/\/koningdrone.be\/product\/dji-fpv-combo-transport-case-hprc-type-2500\/#breadcrumb"},"inLanguage":"es","potentialAction":[{"@type":"ReadAction","target":["https:\/\/koningdrone.be\/product\/dji-fpv-combo-transport-case-hprc-type-2500\/"]}]},{"@type":"ImageObject","inLanguage":"es","@id":"https:\/\/koningdrone.be\/product\/dji-fpv-combo-transport-case-hprc-type-2500\/#primaryimage","url":"https:\/\/koningdrone.be\/wp-content\/uploads\/sites\/13\/2026\/03\/dji-fpv-combo-transportkoffer-hprc-typ-2500.png","contentUrl":"https:\/\/koningdrone.be\/wp-content\/uploads\/sites\/13\/2026\/03\/dji-fpv-combo-transportkoffer-hprc-typ-2500.png","width":600,"height":600},{"@type":"BreadcrumbList","@id":"https:\/\/koningdrone.be\/product\/dji-fpv-combo-transport-case-hprc-type-2500\/#breadcrumb","itemListElement":[{"@type":"ListItem","position":1,"name":"Home","item":"https:\/\/koningdrone.be\/"},{"@type":"ListItem","position":2,"name":"AVSS Parachute Recovery System for DJI Matrice 300\/350","item":"https:\/\/koningdrone.be\/product\/avss-parachute-recovery-system-for-dji-matrice-300-350\/"},{"@type":"ListItem","position":3,"name":"Alle producten","item":"https:\/\/koningdrone.be\/categorie\/alle-producten\/"},{"@type":"ListItem","position":4,"name":"DJI FPV Combo &#8211; Transport Case HPRC Type 2500"}]},{"@type":"WebSite","@id":"https:\/\/koningdrone.be\/#website","url":"https:\/\/koningdrone.be\/","name":"Koningdrone.be - Su especialista en l\u00ednea en drones, cardanes, c\u00e1maras y centrales el\u00e9ctricas.","description":"La tienda virtual de drones y cardanes","publisher":{"@id":"https:\/\/koningdrone.be\/#organization"},"potentialAction":[{"@type":"SearchAction","target":{"@type":"EntryPoint","urlTemplate":"https:\/\/koningdrone.be\/?s={search_term_string}"},"query-input":{"@type":"PropertyValueSpecification","valueRequired":true,"valueName":"search_term_string"}}],"inLanguage":"es"},{"@type":"Organization","@id":"https:\/\/koningdrone.be\/#organization","name":"Kingdrone.es","url":"https:\/\/koningdrone.be\/","logo":{"@type":"ImageObject","inLanguage":"es","@id":"https:\/\/koningdrone.be\/#\/schema\/logo\/image\/","url":"https:\/\/koningdrone.be\/wp-content\/uploads\/sites\/13\/2025\/04\/koningdrone-copyright-logo.svg","contentUrl":"https:\/\/koningdrone.be\/wp-content\/uploads\/sites\/13\/2025\/04\/koningdrone-copyright-logo.svg","width":227,"height":38,"caption":"Koningdrone.be"},"image":{"@id":"https:\/\/koningdrone.be\/#\/schema\/logo\/image\/"}}]}},"df_price":"","df_sale_price":"","df_regular_price":"","df_image_link":"https:\/\/koningdrone.be\/wp-content\/uploads\/sites\/13\/2026\/03\/dji-fpv-combo-transportkoffer-hprc-typ-2500-300x300.png","_links":{"self":[{"href":"https:\/\/koningdrone.be\/es\/wp-json\/wp\/v2\/product\/4223","targetHints":{"allow":["GET"]}}],"collection":[{"href":"https:\/\/koningdrone.be\/es\/wp-json\/wp\/v2\/product"}],"about":[{"href":"https:\/\/koningdrone.be\/es\/wp-json\/wp\/v2\/types\/product"}],"wp:featuredmedia":[{"embeddable":true,"href":"https:\/\/koningdrone.be\/es\/wp-json\/wp\/v2\/media\/17822"}],"wp:attachment":[{"href":"https:\/\/koningdrone.be\/es\/wp-json\/wp\/v2\/media?parent=4223"}],"wp:term":[{"taxonomy":"product_brand","embeddable":true,"href":"https:\/\/koningdrone.be\/es\/wp-json\/wp\/v2\/product_brand?post=4223"},{"taxonomy":"product_cat","embeddable":true,"href":"https:\/\/koningdrone.be\/es\/wp-json\/wp\/v2\/product_cat?post=4223"},{"taxonomy":"product_tag","embeddable":true,"href":"https:\/\/koningdrone.be\/es\/wp-json\/wp\/v2\/product_tag?post=4223"}],"curies":[{"name":"wp","href":"https:\/\/api.w.org\/{rel}","templated":true}]}}