{"id":4220,"date":"2023-11-28T18:49:48","date_gmt":"2023-11-28T17:49:48","guid":{"rendered":"https:\/\/koningdrone.nl\/kon\/product\/dji-care-pro-dji-inspire-3-1-year-code\/"},"modified":"2026-04-29T15:51:05","modified_gmt":"2026-04-29T13:51:05","slug":"dji-care-pro-dji-inspire-3-1-year-code","status":"publish","type":"product","link":"https:\/\/koningdrone.be\/es\/producto\/dji-care-pro-dji-inspire-3-1-year-code\/","title":{"rendered":"DJI Care Pro (DJI Inspire 3) 1 A\u00f1o (C\u00f3digo)"},"content":{"rendered":"<p><strong>Condiciones de compra<\/strong><br \/>\nDisparar producto nuevo y no activado<br \/>\nProducto activado en 48 horas<\/p>\n<p>&nbsp;<\/p>\n<p><strong>Escenarios cubiertos<\/strong><br \/>\nReparaciones gratuitas ilimitadas (dentro del l\u00edmite de cobertura): Da\u00f1os por agua, Da\u00f1os por colisi\u00f3n, Voladura<br \/>\nY otros da\u00f1os accidentales<\/p>\n<p>&nbsp;<\/p>\n<p><strong>Piezas cubiertas<\/strong><br \/>\nAeronave, Mando a distancia, C\u00e1mara Gimbal (excl. objetivo), Bater\u00eda inteligente (s\u00f3lo para servicio de sustituci\u00f3n), H\u00e9lices y PROSSD 1TB<\/p>\n<p>&nbsp;<\/p>\n<p><strong>Sustituci\u00f3n gratuita de la bater\u00eda<\/strong><br \/>\nSustituci\u00f3n gratuita de 2 bater\u00edas dentro del periodo de validez de DJI Care Pro<\/p>\n<p>&nbsp;<\/p>\n<p><strong>L\u00edmite de cobertura<\/strong><br \/>\n11.000 euros<\/p>\n<p>&nbsp;<\/p>\n<p><strong>Volando<\/strong><br \/>\n5500 euros<br \/>\nDJI Care Pro ya es ampliable<br \/>\nDJI Care Pro se puede ampliar a un plazo total m\u00e1ximo de 4 a\u00f1os, a m\u00e1s tardar 15 d\u00edas despu\u00e9s de la expiraci\u00f3n del plazo del contrato actual.<br \/>\nDJI Care Pro 1 a\u00f1o: Se puede renovar 3 veces por 1 a\u00f1o cada vez (la \u00faltima vez dentro de los 15 d\u00edas siguientes a la expiraci\u00f3n de la protecci\u00f3n Care actual).<br \/>\nNota: DJI Care Pro 1 a\u00f1o no se puede ampliar con DJI Care Pro 2 a\u00f1os.<br \/>\nVolando<br \/>\nEn caso de incidente, puede comprar el mismo producto a un precio reducido (descuento de 60-70%).<\/p>\n<p>&nbsp;<\/p>\n<p><strong>Costes de servicio<\/strong><br \/>\nServicio gratuito: En garant\u00eda \/ Cobertura del resto sobre<br \/>\nServicio de pago: Sin importe de cobertura restante<\/p>\n<p>&nbsp;<\/p>\n<p><strong>Mantenimiento de la f\u00e1brica<\/strong><br \/>\nUn mantenimiento gratuito en f\u00e1brica (servicio est\u00e1ndar) al a\u00f1o, que incluye la inspecci\u00f3n de los componentes, la actualizaci\u00f3n del firmware, la calibraci\u00f3n y sustituci\u00f3n de piezas delicadas, y un informe oficial de mantenimiento.<\/p>\n<p>&nbsp;<\/p>\n<p><strong>Premios por ampliaci\u00f3n de servicios<\/strong><br \/>\nCuando DJI Care Pro caduque, la garant\u00eda puede ampliarse 12 meses si el l\u00edmite de cobertura restante supera los 80%<\/p>\n<p>&nbsp;<\/p>","protected":false},"excerpt":{"rendered":"<ul>\n<li>Producto nuevo y sin activar<\/li>\n<li>Cobertura de da\u00f1os por agua y colisi\u00f3n<\/li>\n<li>Reparaciones gratuitas ilimitadas<\/li>\n<li>Sustituci\u00f3n gratuita de 2 pilas<\/li>\n<li>L\u00edmite de cobertura de 11.000 euros<\/li>\n<li>Renovable hasta 4 a\u00f1os<\/li>\n<li>Precio reducido en caso de incidente de vuelo<\/li>\n<li>Mantenimiento anual gratuito en f\u00e1brica<\/li>\n<li>Ampliaci\u00f3n de garant\u00eda por importe restante elevado<\/li>\n<\/ul>","protected":false},"featured_media":17814,"template":"","meta":{"_acf_changed":false},"product_brand":[],"product_cat":[175,97,433],"product_tag":[],"class_list":{"0":"post-4220","1":"product","2":"type-product","3":"status-publish","4":"has-post-thumbnail","6":"product_cat-alle-care-refresh","7":"product_cat-alle-producten","8":"product_cat-dji-inspire-3","9":"product_shipping_class-outofstock","10":"pa_brand-dji","11":"pa_productfamily-care-refresh","12":"pa_producttype-care-refresh","13":"pa_series-inspire-3","15":"first","16":"outofstock","17":"taxable","18":"shipping-taxable","19":"purchasable","20":"product-type-simple"},"acf":[],"yoast_head":"<!-- This site is optimized with the Yoast SEO Premium plugin v27.2 (Yoast SEO v27.2) - https:\/\/yoast.com\/product\/yoast-seo-premium-wordpress\/ -->\n<title>DJI Care Pro (DJI Inspire 3) 1 Year (Code) - koningdrone.be<\/title>\n<meta name=\"robots\" content=\"index, follow, max-snippet:-1, max-image-preview:large, max-video-preview:-1\" \/>\n<link rel=\"canonical\" href=\"https:\/\/koningdrone.be\/es\/producto\/dji-care-pro-dji-inspire-3-1-year-code\/\" \/>\n<meta property=\"og:locale\" content=\"es_ES\" \/>\n<meta property=\"og:type\" content=\"article\" \/>\n<meta property=\"og:title\" content=\"DJI Care Pro (DJI Inspire 3) 1 Year (Code)\" \/>\n<meta property=\"og:description\" content=\"Nieuw en ongeactiveerd product  Dekking van water- en botsingschade  Onbeperkt aantal gratis reparaties  Gratis vervanging van 2 batterijen  Dekkingslimiet van 11.000 Euro  Verlengbaar tot maximaal 4 jaar  Reductieprijs bij flyaway-incident  Gratis fabrieksonderhoud per jaar  Verlenging van garantie bij hoog resterend bedrag\" \/>\n<meta property=\"og:url\" content=\"https:\/\/koningdrone.be\/es\/producto\/dji-care-pro-dji-inspire-3-1-year-code\/\" \/>\n<meta property=\"og:site_name\" content=\"koningdrone.be\" \/>\n<meta property=\"article:modified_time\" content=\"2026-04-29T13:51:05+00:00\" \/>\n<meta property=\"og:image\" content=\"https:\/\/koningdrone.be\/wp-content\/uploads\/sites\/13\/2026\/03\/dji-care-pro-dji-inspire-3-2-jahre-code-de.jpg\" \/>\n\t<meta property=\"og:image:width\" content=\"800\" \/>\n\t<meta property=\"og:image:height\" content=\"533\" \/>\n\t<meta property=\"og:image:type\" content=\"image\/jpeg\" \/>\n<meta name=\"twitter:card\" content=\"summary_large_image\" \/>\n<meta name=\"twitter:label1\" content=\"Tiempo de lectura\" \/>\n\t<meta name=\"twitter:data1\" content=\"1 minuto\" \/>\n<script type=\"application\/ld+json\" class=\"yoast-schema-graph\">{\"@context\":\"https:\/\/schema.org\",\"@graph\":[{\"@type\":\"WebPage\",\"@id\":\"https:\/\/koningdrone.be\/product\/dji-care-pro-dji-inspire-3-1-year-code\/\",\"url\":\"https:\/\/koningdrone.be\/product\/dji-care-pro-dji-inspire-3-1-year-code\/\",\"name\":\"DJI Care Pro (DJI Inspire 3) 1 Year (Code) - koningdrone.be\",\"isPartOf\":{\"@id\":\"https:\/\/koningdrone.be\/#website\"},\"primaryImageOfPage\":{\"@id\":\"https:\/\/koningdrone.be\/product\/dji-care-pro-dji-inspire-3-1-year-code\/#primaryimage\"},\"image\":{\"@id\":\"https:\/\/koningdrone.be\/product\/dji-care-pro-dji-inspire-3-1-year-code\/#primaryimage\"},\"thumbnailUrl\":\"https:\/\/koningdrone.be\/wp-content\/uploads\/sites\/13\/2026\/03\/dji-care-pro-dji-inspire-3-2-jahre-code-de.jpg\",\"datePublished\":\"2023-11-28T17:49:48+00:00\",\"dateModified\":\"2026-04-29T13:51:05+00:00\",\"breadcrumb\":{\"@id\":\"https:\/\/koningdrone.be\/product\/dji-care-pro-dji-inspire-3-1-year-code\/#breadcrumb\"},\"inLanguage\":\"es\",\"potentialAction\":[{\"@type\":\"ReadAction\",\"target\":[\"https:\/\/koningdrone.be\/product\/dji-care-pro-dji-inspire-3-1-year-code\/\"]}]},{\"@type\":\"ImageObject\",\"inLanguage\":\"es\",\"@id\":\"https:\/\/koningdrone.be\/product\/dji-care-pro-dji-inspire-3-1-year-code\/#primaryimage\",\"url\":\"https:\/\/koningdrone.be\/wp-content\/uploads\/sites\/13\/2026\/03\/dji-care-pro-dji-inspire-3-2-jahre-code-de.jpg\",\"contentUrl\":\"https:\/\/koningdrone.be\/wp-content\/uploads\/sites\/13\/2026\/03\/dji-care-pro-dji-inspire-3-2-jahre-code-de.jpg\",\"width\":800,\"height\":533},{\"@type\":\"BreadcrumbList\",\"@id\":\"https:\/\/koningdrone.be\/product\/dji-care-pro-dji-inspire-3-1-year-code\/#breadcrumb\",\"itemListElement\":[{\"@type\":\"ListItem\",\"position\":1,\"name\":\"Home\",\"item\":\"https:\/\/koningdrone.be\/\"},{\"@type\":\"ListItem\",\"position\":2,\"name\":\"AVSS Parachute Recovery System for DJI Matrice 300\/350\",\"item\":\"https:\/\/koningdrone.be\/product\/avss-parachute-recovery-system-for-dji-matrice-300-350\/\"},{\"@type\":\"ListItem\",\"position\":3,\"name\":\"Alle care refresh\",\"item\":\"https:\/\/koningdrone.be\/categorie\/alle-care-refresh\/\"},{\"@type\":\"ListItem\",\"position\":4,\"name\":\"DJI Care Pro (DJI Inspire 3) 1 Year (Code)\"}]},{\"@type\":\"WebSite\",\"@id\":\"https:\/\/koningdrone.be\/#website\",\"url\":\"https:\/\/koningdrone.be\/\",\"name\":\"Koningdrone.be - Uw online specialist in drones, gimbals, camera's en power stations.\",\"description\":\"De webshop in drones en gimbals\",\"publisher\":{\"@id\":\"https:\/\/koningdrone.be\/#organization\"},\"potentialAction\":[{\"@type\":\"SearchAction\",\"target\":{\"@type\":\"EntryPoint\",\"urlTemplate\":\"https:\/\/koningdrone.be\/?s={search_term_string}\"},\"query-input\":{\"@type\":\"PropertyValueSpecification\",\"valueRequired\":true,\"valueName\":\"search_term_string\"}}],\"inLanguage\":\"es\"},{\"@type\":\"Organization\",\"@id\":\"https:\/\/koningdrone.be\/#organization\",\"name\":\"Koningdrone.be\",\"url\":\"https:\/\/koningdrone.be\/\",\"logo\":{\"@type\":\"ImageObject\",\"inLanguage\":\"es\",\"@id\":\"https:\/\/koningdrone.be\/#\/schema\/logo\/image\/\",\"url\":\"https:\/\/koningdrone.be\/wp-content\/uploads\/sites\/13\/2025\/04\/koningdrone-copyright-logo.svg\",\"contentUrl\":\"https:\/\/koningdrone.be\/wp-content\/uploads\/sites\/13\/2025\/04\/koningdrone-copyright-logo.svg\",\"width\":227,\"height\":38,\"caption\":\"Koningdrone.be\"},\"image\":{\"@id\":\"https:\/\/koningdrone.be\/#\/schema\/logo\/image\/\"}}]}<\/script>\n<!-- \/ Yoast SEO Premium plugin. -->","yoast_head_json":{"title":"DJI Care Pro (DJI Inspire 3) 1 Year (Code) - koningdrone.be","robots":{"index":"index","follow":"follow","max-snippet":"max-snippet:-1","max-image-preview":"max-image-preview:large","max-video-preview":"max-video-preview:-1"},"canonical":"https:\/\/koningdrone.be\/es\/producto\/dji-care-pro-dji-inspire-3-1-year-code\/","og_locale":"es_ES","og_type":"article","og_title":"DJI Care Pro (DJI Inspire 3) 1 Year (Code)","og_description":"Nieuw en ongeactiveerd product  Dekking van water- en botsingschade  Onbeperkt aantal gratis reparaties  Gratis vervanging van 2 batterijen  Dekkingslimiet van 11.000 Euro  Verlengbaar tot maximaal 4 jaar  Reductieprijs bij flyaway-incident  Gratis fabrieksonderhoud per jaar  Verlenging van garantie bij hoog resterend bedrag","og_url":"https:\/\/koningdrone.be\/es\/producto\/dji-care-pro-dji-inspire-3-1-year-code\/","og_site_name":"koningdrone.be","article_modified_time":"2026-04-29T13:51:05+00:00","og_image":[{"width":800,"height":533,"url":"https:\/\/koningdrone.be\/wp-content\/uploads\/sites\/13\/2026\/03\/dji-care-pro-dji-inspire-3-2-jahre-code-de.jpg","type":"image\/jpeg"}],"twitter_card":"summary_large_image","twitter_misc":{"Tiempo de lectura":"1 minuto"},"schema":{"@context":"https:\/\/schema.org","@graph":[{"@type":"WebPage","@id":"https:\/\/koningdrone.be\/product\/dji-care-pro-dji-inspire-3-1-year-code\/","url":"https:\/\/koningdrone.be\/product\/dji-care-pro-dji-inspire-3-1-year-code\/","name":"DJI Care Pro (DJI Inspire 3) 1 Year (Code) - koningdrone.be","isPartOf":{"@id":"https:\/\/koningdrone.be\/#website"},"primaryImageOfPage":{"@id":"https:\/\/koningdrone.be\/product\/dji-care-pro-dji-inspire-3-1-year-code\/#primaryimage"},"image":{"@id":"https:\/\/koningdrone.be\/product\/dji-care-pro-dji-inspire-3-1-year-code\/#primaryimage"},"thumbnailUrl":"https:\/\/koningdrone.be\/wp-content\/uploads\/sites\/13\/2026\/03\/dji-care-pro-dji-inspire-3-2-jahre-code-de.jpg","datePublished":"2023-11-28T17:49:48+00:00","dateModified":"2026-04-29T13:51:05+00:00","breadcrumb":{"@id":"https:\/\/koningdrone.be\/product\/dji-care-pro-dji-inspire-3-1-year-code\/#breadcrumb"},"inLanguage":"es","potentialAction":[{"@type":"ReadAction","target":["https:\/\/koningdrone.be\/product\/dji-care-pro-dji-inspire-3-1-year-code\/"]}]},{"@type":"ImageObject","inLanguage":"es","@id":"https:\/\/koningdrone.be\/product\/dji-care-pro-dji-inspire-3-1-year-code\/#primaryimage","url":"https:\/\/koningdrone.be\/wp-content\/uploads\/sites\/13\/2026\/03\/dji-care-pro-dji-inspire-3-2-jahre-code-de.jpg","contentUrl":"https:\/\/koningdrone.be\/wp-content\/uploads\/sites\/13\/2026\/03\/dji-care-pro-dji-inspire-3-2-jahre-code-de.jpg","width":800,"height":533},{"@type":"BreadcrumbList","@id":"https:\/\/koningdrone.be\/product\/dji-care-pro-dji-inspire-3-1-year-code\/#breadcrumb","itemListElement":[{"@type":"ListItem","position":1,"name":"Home","item":"https:\/\/koningdrone.be\/"},{"@type":"ListItem","position":2,"name":"AVSS Parachute Recovery System for DJI Matrice 300\/350","item":"https:\/\/koningdrone.be\/product\/avss-parachute-recovery-system-for-dji-matrice-300-350\/"},{"@type":"ListItem","position":3,"name":"Alle care refresh","item":"https:\/\/koningdrone.be\/categorie\/alle-care-refresh\/"},{"@type":"ListItem","position":4,"name":"DJI Care Pro (DJI Inspire 3) 1 Year (Code)"}]},{"@type":"WebSite","@id":"https:\/\/koningdrone.be\/#website","url":"https:\/\/koningdrone.be\/","name":"Koningdrone.be - Su especialista en l\u00ednea en drones, cardanes, c\u00e1maras y centrales el\u00e9ctricas.","description":"La tienda virtual de drones y cardanes","publisher":{"@id":"https:\/\/koningdrone.be\/#organization"},"potentialAction":[{"@type":"SearchAction","target":{"@type":"EntryPoint","urlTemplate":"https:\/\/koningdrone.be\/?s={search_term_string}"},"query-input":{"@type":"PropertyValueSpecification","valueRequired":true,"valueName":"search_term_string"}}],"inLanguage":"es"},{"@type":"Organization","@id":"https:\/\/koningdrone.be\/#organization","name":"Kingdrone.es","url":"https:\/\/koningdrone.be\/","logo":{"@type":"ImageObject","inLanguage":"es","@id":"https:\/\/koningdrone.be\/#\/schema\/logo\/image\/","url":"https:\/\/koningdrone.be\/wp-content\/uploads\/sites\/13\/2025\/04\/koningdrone-copyright-logo.svg","contentUrl":"https:\/\/koningdrone.be\/wp-content\/uploads\/sites\/13\/2025\/04\/koningdrone-copyright-logo.svg","width":227,"height":38,"caption":"Koningdrone.be"},"image":{"@id":"https:\/\/koningdrone.be\/#\/schema\/logo\/image\/"}}]}},"df_price":1899,"df_sale_price":"","df_regular_price":1899,"df_image_link":"https:\/\/koningdrone.be\/wp-content\/uploads\/sites\/13\/2026\/03\/dji-care-pro-dji-inspire-3-2-jahre-code-de-300x200.jpg","_links":{"self":[{"href":"https:\/\/koningdrone.be\/es\/wp-json\/wp\/v2\/product\/4220","targetHints":{"allow":["GET"]}}],"collection":[{"href":"https:\/\/koningdrone.be\/es\/wp-json\/wp\/v2\/product"}],"about":[{"href":"https:\/\/koningdrone.be\/es\/wp-json\/wp\/v2\/types\/product"}],"wp:featuredmedia":[{"embeddable":true,"href":"https:\/\/koningdrone.be\/es\/wp-json\/wp\/v2\/media\/17814"}],"wp:attachment":[{"href":"https:\/\/koningdrone.be\/es\/wp-json\/wp\/v2\/media?parent=4220"}],"wp:term":[{"taxonomy":"product_brand","embeddable":true,"href":"https:\/\/koningdrone.be\/es\/wp-json\/wp\/v2\/product_brand?post=4220"},{"taxonomy":"product_cat","embeddable":true,"href":"https:\/\/koningdrone.be\/es\/wp-json\/wp\/v2\/product_cat?post=4220"},{"taxonomy":"product_tag","embeddable":true,"href":"https:\/\/koningdrone.be\/es\/wp-json\/wp\/v2\/product_tag?post=4220"}],"curies":[{"name":"wp","href":"https:\/\/api.w.org\/{rel}","templated":true}]}}