{"id":4195,"date":"2023-11-28T18:50:44","date_gmt":"2023-11-28T17:50:44","guid":{"rendered":"https:\/\/koningdrone.nl\/kon\/product\/dji-care-refresh-pocket-2-1-year-code\/"},"modified":"2026-04-29T13:20:57","modified_gmt":"2026-04-29T11:20:57","slug":"dji-care-refresh-pocket-2-1-year-code","status":"publish","type":"product","link":"https:\/\/koningdrone.be\/es\/producto\/dji-care-refresh-pocket-2-1-year-code\/","title":{"rendered":"DJI Care Refresh (Pocket 2) 1 A\u00f1o (C\u00f3digo)"},"content":{"rendered":"<p><strong>Protecci\u00f3n ampliada para productos DJI<\/strong><br \/>\nDJI Care Refresh es un plan de protecci\u00f3n completo y fiable que proporciona a los productos DJI cobertura para una serie de da\u00f1os accidentales y desgaste natural.<\/p>\n<p>&nbsp;<\/p>\n<p><strong>Sustituci\u00f3n para su tranquilidad<\/strong><br \/>\nPor una tarifa de sustituci\u00f3n adicional, puede hacer que le cambien el producto da\u00f1ado en caso de accidente. Los productos de sustituci\u00f3n son nuevos o equivalentes a los nuevos en cuanto a prestaciones y fiabilidad.<\/p>\n<p>&nbsp;<\/p>\n<p><strong>Renovaci\u00f3n de DJI Care<\/strong><br \/>\nDJI Care Refresh se puede ampliar a un plazo total m\u00e1ximo de 3 a\u00f1os, a m\u00e1s tardar 15 d\u00edas despu\u00e9s de la expiraci\u00f3n del plazo del contrato actual.<\/p>\n<p>&nbsp;<\/p>\n<p><strong>Velocidad con Express<\/strong><br \/>\nExpress es una opci\u00f3n que te permite saltarte el proceso de evaluaci\u00f3n de da\u00f1os y presupuesto. Un centro de servicio DJI te enviar\u00e1 un reemplazo lo antes posible una vez que reciban tu producto.<\/p>\n<p>&nbsp;<\/p>\n<p><strong>ENV\u00cdO GRATUITO<\/strong><br \/>\nDJI cubre los gastos de env\u00edo de ida y vuelta cuando se devuelve un producto para el servicio de sustituci\u00f3n.<\/p>\n<p>&nbsp;<\/p>\n<p><strong>Aviso importante<\/strong><br \/>\nDJI Care s\u00f3lo se puede reservar y registrar con una nueva compra o en un plazo m\u00e1ximo de 30 d\u00edas desde la activaci\u00f3n inicial, tenlo en cuenta. S\u00f3lo compras el c\u00f3digo de activaci\u00f3n para registrarte con DJI. Todas las reclamaciones o servicios deben gestionarse directamente con DJI. \u00a1Despu\u00e9s de la activaci\u00f3n del c\u00f3digo, la revocaci\u00f3n de la atenci\u00f3n ya no es posible!<\/p>\n<p>&nbsp;<\/p>","protected":false},"excerpt":{"rendered":"<ul>\n<li>2 sustitutos baratos<\/li>\n<li>P\u00e9rdida, agua y colisi\u00f3n<\/li>\n<li>Env\u00edo gratuito para la sustituci\u00f3n<\/li>\n<li>Protecci\u00f3n para productos DJI<\/li>\n<li>Cubierta para la pantalla y da\u00f1os por agua<\/li>\n<li>Sustituci\u00f3n de pago<\/li>\n<li>Renovable hasta 3 a\u00f1os<\/li>\n<li>Opci\u00f3n expr\u00e9s para una sustituci\u00f3n r\u00e1pida<\/li>\n<li>Env\u00edo gratuito del producto de sustituci\u00f3n<\/li>\n<li>Registro obligatorio en los 30 d\u00edas siguientes a la activaci\u00f3n<\/li>\n<\/ul>","protected":false},"featured_media":17815,"template":"","meta":{"_acf_changed":false},"product_brand":[],"product_cat":[175,97,841],"product_tag":[],"class_list":{"0":"post-4195","1":"product","2":"type-product","3":"status-publish","4":"has-post-thumbnail","6":"product_cat-alle-care-refresh","7":"product_cat-alle-producten","8":"product_cat-dji-care-refresh","9":"product_shipping_class-outofstock","10":"pa_brand-dji","11":"pa_productfamily-care-refresh","12":"pa_producttype-care-refresh","14":"first","15":"outofstock","16":"taxable","17":"shipping-taxable","18":"product-type-simple"},"acf":[],"yoast_head":"<!-- This site is optimized with the Yoast SEO Premium plugin v27.2 (Yoast SEO v27.2) - https:\/\/yoast.com\/product\/yoast-seo-premium-wordpress\/ -->\n<title>DJI Care Refresh (Pocket 2) 1 Year (Code) - koningdrone.be<\/title>\n<meta name=\"robots\" content=\"index, follow, max-snippet:-1, max-image-preview:large, max-video-preview:-1\" \/>\n<link rel=\"canonical\" href=\"https:\/\/koningdrone.be\/es\/producto\/dji-care-refresh-pocket-2-1-year-code\/\" \/>\n<meta property=\"og:locale\" content=\"es_ES\" \/>\n<meta property=\"og:type\" content=\"article\" \/>\n<meta property=\"og:title\" content=\"DJI Care Refresh (Pocket 2) 1 Year (Code)\" \/>\n<meta property=\"og:description\" content=\"2 goedkope vervangingen  Dekking voor verlies, water en botsingen  Gratis verzending voor vervanging  Bescherming voor DJI producten  Dekking voor scherm- en waterschade  Vervanging tegen een vergoeding  Verlengbaar tot 3 jaar  Express optie voor snelle vervanging  Gratis verzending voor vervangend product  Registratie vereist binnen 30 dagen na activatie\" \/>\n<meta property=\"og:url\" content=\"https:\/\/koningdrone.be\/es\/producto\/dji-care-refresh-pocket-2-1-year-code\/\" \/>\n<meta property=\"og:site_name\" content=\"koningdrone.be\" \/>\n<meta property=\"article:modified_time\" content=\"2026-04-29T11:20:57+00:00\" \/>\n<meta property=\"og:image\" content=\"https:\/\/koningdrone.be\/wp-content\/uploads\/sites\/13\/2026\/03\/dji-care-refresh-osmo.jpg\" \/>\n\t<meta property=\"og:image:width\" content=\"1548\" \/>\n\t<meta property=\"og:image:height\" content=\"1548\" \/>\n\t<meta property=\"og:image:type\" content=\"image\/jpeg\" \/>\n<meta name=\"twitter:card\" content=\"summary_large_image\" \/>\n<meta name=\"twitter:label1\" content=\"Tiempo de lectura\" \/>\n\t<meta name=\"twitter:data1\" content=\"1 minuto\" \/>\n<script type=\"application\/ld+json\" class=\"yoast-schema-graph\">{\"@context\":\"https:\/\/schema.org\",\"@graph\":[{\"@type\":\"WebPage\",\"@id\":\"https:\/\/koningdrone.be\/product\/dji-care-refresh-pocket-2-1-year-code\/\",\"url\":\"https:\/\/koningdrone.be\/product\/dji-care-refresh-pocket-2-1-year-code\/\",\"name\":\"DJI Care Refresh (Pocket 2) 1 Year (Code) - koningdrone.be\",\"isPartOf\":{\"@id\":\"https:\/\/koningdrone.be\/#website\"},\"primaryImageOfPage\":{\"@id\":\"https:\/\/koningdrone.be\/product\/dji-care-refresh-pocket-2-1-year-code\/#primaryimage\"},\"image\":{\"@id\":\"https:\/\/koningdrone.be\/product\/dji-care-refresh-pocket-2-1-year-code\/#primaryimage\"},\"thumbnailUrl\":\"https:\/\/koningdrone.be\/wp-content\/uploads\/sites\/13\/2026\/03\/dji-care-refresh-osmo.jpg\",\"datePublished\":\"2023-11-28T17:50:44+00:00\",\"dateModified\":\"2026-04-29T11:20:57+00:00\",\"breadcrumb\":{\"@id\":\"https:\/\/koningdrone.be\/product\/dji-care-refresh-pocket-2-1-year-code\/#breadcrumb\"},\"inLanguage\":\"es\",\"potentialAction\":[{\"@type\":\"ReadAction\",\"target\":[\"https:\/\/koningdrone.be\/product\/dji-care-refresh-pocket-2-1-year-code\/\"]}]},{\"@type\":\"ImageObject\",\"inLanguage\":\"es\",\"@id\":\"https:\/\/koningdrone.be\/product\/dji-care-refresh-pocket-2-1-year-code\/#primaryimage\",\"url\":\"https:\/\/koningdrone.be\/wp-content\/uploads\/sites\/13\/2026\/03\/dji-care-refresh-osmo.jpg\",\"contentUrl\":\"https:\/\/koningdrone.be\/wp-content\/uploads\/sites\/13\/2026\/03\/dji-care-refresh-osmo.jpg\",\"width\":1548,\"height\":1548},{\"@type\":\"BreadcrumbList\",\"@id\":\"https:\/\/koningdrone.be\/product\/dji-care-refresh-pocket-2-1-year-code\/#breadcrumb\",\"itemListElement\":[{\"@type\":\"ListItem\",\"position\":1,\"name\":\"Home\",\"item\":\"https:\/\/koningdrone.be\/\"},{\"@type\":\"ListItem\",\"position\":2,\"name\":\"AVSS Parachute Recovery System for DJI Matrice 300\/350\",\"item\":\"https:\/\/koningdrone.be\/product\/avss-parachute-recovery-system-for-dji-matrice-300-350\/\"},{\"@type\":\"ListItem\",\"position\":3,\"name\":\"Alle care refresh\",\"item\":\"https:\/\/koningdrone.be\/categorie\/alle-care-refresh\/\"},{\"@type\":\"ListItem\",\"position\":4,\"name\":\"DJI Care Refresh (Pocket 2) 1 Year (Code)\"}]},{\"@type\":\"WebSite\",\"@id\":\"https:\/\/koningdrone.be\/#website\",\"url\":\"https:\/\/koningdrone.be\/\",\"name\":\"Koningdrone.be - Uw online specialist in drones, gimbals, camera's en power stations.\",\"description\":\"De webshop in drones en gimbals\",\"publisher\":{\"@id\":\"https:\/\/koningdrone.be\/#organization\"},\"potentialAction\":[{\"@type\":\"SearchAction\",\"target\":{\"@type\":\"EntryPoint\",\"urlTemplate\":\"https:\/\/koningdrone.be\/?s={search_term_string}\"},\"query-input\":{\"@type\":\"PropertyValueSpecification\",\"valueRequired\":true,\"valueName\":\"search_term_string\"}}],\"inLanguage\":\"es\"},{\"@type\":\"Organization\",\"@id\":\"https:\/\/koningdrone.be\/#organization\",\"name\":\"Koningdrone.be\",\"url\":\"https:\/\/koningdrone.be\/\",\"logo\":{\"@type\":\"ImageObject\",\"inLanguage\":\"es\",\"@id\":\"https:\/\/koningdrone.be\/#\/schema\/logo\/image\/\",\"url\":\"https:\/\/koningdrone.be\/wp-content\/uploads\/sites\/13\/2025\/04\/koningdrone-copyright-logo.svg\",\"contentUrl\":\"https:\/\/koningdrone.be\/wp-content\/uploads\/sites\/13\/2025\/04\/koningdrone-copyright-logo.svg\",\"width\":227,\"height\":38,\"caption\":\"Koningdrone.be\"},\"image\":{\"@id\":\"https:\/\/koningdrone.be\/#\/schema\/logo\/image\/\"}}]}<\/script>\n<!-- \/ Yoast SEO Premium plugin. -->","yoast_head_json":{"title":"DJI Care Refresh (Pocket 2) 1 Year (Code) - koningdrone.be","robots":{"index":"index","follow":"follow","max-snippet":"max-snippet:-1","max-image-preview":"max-image-preview:large","max-video-preview":"max-video-preview:-1"},"canonical":"https:\/\/koningdrone.be\/es\/producto\/dji-care-refresh-pocket-2-1-year-code\/","og_locale":"es_ES","og_type":"article","og_title":"DJI Care Refresh (Pocket 2) 1 Year (Code)","og_description":"2 goedkope vervangingen  Dekking voor verlies, water en botsingen  Gratis verzending voor vervanging  Bescherming voor DJI producten  Dekking voor scherm- en waterschade  Vervanging tegen een vergoeding  Verlengbaar tot 3 jaar  Express optie voor snelle vervanging  Gratis verzending voor vervangend product  Registratie vereist binnen 30 dagen na activatie","og_url":"https:\/\/koningdrone.be\/es\/producto\/dji-care-refresh-pocket-2-1-year-code\/","og_site_name":"koningdrone.be","article_modified_time":"2026-04-29T11:20:57+00:00","og_image":[{"width":1548,"height":1548,"url":"https:\/\/koningdrone.be\/wp-content\/uploads\/sites\/13\/2026\/03\/dji-care-refresh-osmo.jpg","type":"image\/jpeg"}],"twitter_card":"summary_large_image","twitter_misc":{"Tiempo de lectura":"1 minuto"},"schema":{"@context":"https:\/\/schema.org","@graph":[{"@type":"WebPage","@id":"https:\/\/koningdrone.be\/product\/dji-care-refresh-pocket-2-1-year-code\/","url":"https:\/\/koningdrone.be\/product\/dji-care-refresh-pocket-2-1-year-code\/","name":"DJI Care Refresh (Pocket 2) 1 Year (Code) - koningdrone.be","isPartOf":{"@id":"https:\/\/koningdrone.be\/#website"},"primaryImageOfPage":{"@id":"https:\/\/koningdrone.be\/product\/dji-care-refresh-pocket-2-1-year-code\/#primaryimage"},"image":{"@id":"https:\/\/koningdrone.be\/product\/dji-care-refresh-pocket-2-1-year-code\/#primaryimage"},"thumbnailUrl":"https:\/\/koningdrone.be\/wp-content\/uploads\/sites\/13\/2026\/03\/dji-care-refresh-osmo.jpg","datePublished":"2023-11-28T17:50:44+00:00","dateModified":"2026-04-29T11:20:57+00:00","breadcrumb":{"@id":"https:\/\/koningdrone.be\/product\/dji-care-refresh-pocket-2-1-year-code\/#breadcrumb"},"inLanguage":"es","potentialAction":[{"@type":"ReadAction","target":["https:\/\/koningdrone.be\/product\/dji-care-refresh-pocket-2-1-year-code\/"]}]},{"@type":"ImageObject","inLanguage":"es","@id":"https:\/\/koningdrone.be\/product\/dji-care-refresh-pocket-2-1-year-code\/#primaryimage","url":"https:\/\/koningdrone.be\/wp-content\/uploads\/sites\/13\/2026\/03\/dji-care-refresh-osmo.jpg","contentUrl":"https:\/\/koningdrone.be\/wp-content\/uploads\/sites\/13\/2026\/03\/dji-care-refresh-osmo.jpg","width":1548,"height":1548},{"@type":"BreadcrumbList","@id":"https:\/\/koningdrone.be\/product\/dji-care-refresh-pocket-2-1-year-code\/#breadcrumb","itemListElement":[{"@type":"ListItem","position":1,"name":"Home","item":"https:\/\/koningdrone.be\/"},{"@type":"ListItem","position":2,"name":"AVSS Parachute Recovery System for DJI Matrice 300\/350","item":"https:\/\/koningdrone.be\/product\/avss-parachute-recovery-system-for-dji-matrice-300-350\/"},{"@type":"ListItem","position":3,"name":"Alle care refresh","item":"https:\/\/koningdrone.be\/categorie\/alle-care-refresh\/"},{"@type":"ListItem","position":4,"name":"DJI Care Refresh (Pocket 2) 1 Year (Code)"}]},{"@type":"WebSite","@id":"https:\/\/koningdrone.be\/#website","url":"https:\/\/koningdrone.be\/","name":"Koningdrone.be - Su especialista en l\u00ednea en drones, cardanes, c\u00e1maras y centrales el\u00e9ctricas.","description":"La tienda virtual de drones y cardanes","publisher":{"@id":"https:\/\/koningdrone.be\/#organization"},"potentialAction":[{"@type":"SearchAction","target":{"@type":"EntryPoint","urlTemplate":"https:\/\/koningdrone.be\/?s={search_term_string}"},"query-input":{"@type":"PropertyValueSpecification","valueRequired":true,"valueName":"search_term_string"}}],"inLanguage":"es"},{"@type":"Organization","@id":"https:\/\/koningdrone.be\/#organization","name":"Kingdrone.es","url":"https:\/\/koningdrone.be\/","logo":{"@type":"ImageObject","inLanguage":"es","@id":"https:\/\/koningdrone.be\/#\/schema\/logo\/image\/","url":"https:\/\/koningdrone.be\/wp-content\/uploads\/sites\/13\/2025\/04\/koningdrone-copyright-logo.svg","contentUrl":"https:\/\/koningdrone.be\/wp-content\/uploads\/sites\/13\/2025\/04\/koningdrone-copyright-logo.svg","width":227,"height":38,"caption":"Koningdrone.be"},"image":{"@id":"https:\/\/koningdrone.be\/#\/schema\/logo\/image\/"}}]}},"df_price":"","df_sale_price":"","df_regular_price":"","df_image_link":"https:\/\/koningdrone.be\/wp-content\/uploads\/sites\/13\/2026\/03\/dji-care-refresh-osmo-300x300.jpg","_links":{"self":[{"href":"https:\/\/koningdrone.be\/es\/wp-json\/wp\/v2\/product\/4195","targetHints":{"allow":["GET"]}}],"collection":[{"href":"https:\/\/koningdrone.be\/es\/wp-json\/wp\/v2\/product"}],"about":[{"href":"https:\/\/koningdrone.be\/es\/wp-json\/wp\/v2\/types\/product"}],"wp:featuredmedia":[{"embeddable":true,"href":"https:\/\/koningdrone.be\/es\/wp-json\/wp\/v2\/media\/17815"}],"wp:attachment":[{"href":"https:\/\/koningdrone.be\/es\/wp-json\/wp\/v2\/media?parent=4195"}],"wp:term":[{"taxonomy":"product_brand","embeddable":true,"href":"https:\/\/koningdrone.be\/es\/wp-json\/wp\/v2\/product_brand?post=4195"},{"taxonomy":"product_cat","embeddable":true,"href":"https:\/\/koningdrone.be\/es\/wp-json\/wp\/v2\/product_cat?post=4195"},{"taxonomy":"product_tag","embeddable":true,"href":"https:\/\/koningdrone.be\/es\/wp-json\/wp\/v2\/product_tag?post=4195"}],"curies":[{"name":"wp","href":"https:\/\/api.w.org\/{rel}","templated":true}]}}