{"id":4185,"date":"2023-11-28T18:50:44","date_gmt":"2023-11-28T17:50:44","guid":{"rendered":"https:\/\/koningdrone.nl\/kon\/product\/dji-lidar-range-finder-rs-to-dji-transmission-cable-hub\/"},"modified":"2026-04-29T04:00:40","modified_gmt":"2026-04-29T02:00:40","slug":"dji-lidar-range-finder-rs-to-dji-transmission-cable-hub","status":"publish","type":"product","link":"https:\/\/koningdrone.be\/es\/producto\/dji-lidar-range-finder-rs-to-dji-transmission-cable-hub\/","title":{"rendered":"DJI LiDAR Tel\u00e9metro (RS) a DJI Cable de Transmisi\u00f3n Hub"},"content":{"rendered":"<p> El concentrador de cables de tel\u00e9metro DJI LiDAR (RS) a transmisor DJI es un accesorio integral pensado para llevar tu experiencia de filmaci\u00f3n al siguiente nivel. Este hub viene con cuatro cables diferentes que permiten conexiones entre diferentes dispositivos: el tel\u00e9metro DJI LiDAR (RS), el transmisor de v\u00eddeo DJI, el motor de enfoque DJI RS (2022) y una fuente de alimentaci\u00f3n. El dise\u00f1o permite un sistema cohesivo que se integra a la perfecci\u00f3n con la configuraci\u00f3n de tu c\u00e1mara y objetivo manual, ofreciendo una serie de mejoras para los profesionales del cine.<\/p>\n<p><strong>Funcionalidad y ventajas<\/strong><\/p>\n<p> Esta configuraci\u00f3n beneficia especialmente a quienes utilizan una c\u00e1mara y un objetivo manual, ya que proporciona capacidades como la calibraci\u00f3n del objetivo y el autoenfoque manual del objetivo. Al conectar el tel\u00e9metro DJI LiDAR (RS) al transmisor de v\u00eddeo DJI y a otros accesorios, los usuarios tienen acceso a un sistema totalmente funcional que mejora significativamente el proceso de filmaci\u00f3n. Proporciona un enfoque y control precisos, mejorando la profesionalidad general y la calidad del resultado.<\/p>\n<p><strong>Mejora de la conectividad<\/strong><\/p>\n<p> La adici\u00f3n de un puerto de comunicaci\u00f3n USB-C mejora a\u00fan m\u00e1s la utilidad del hub. Conectar el DJI RS 3 Pro a trav\u00e9s de un cable de control multic\u00e1mara DJI R (USB-C) crea una conexi\u00f3n integral entre el DJI RS 3 Pro, la transmisi\u00f3n DJI y el tel\u00e9metro LiDAR (RS). Esta conectividad proporciona a los usuarios funciones adicionales como la estabilizaci\u00f3n de la c\u00e1mara, la monitorizaci\u00f3n y el control remotos y una funcionalidad de autoenfoque mejorada, lo que la convierte en una herramienta indispensable para los cineastas que buscan aprovechar la tecnolog\u00eda para obtener resultados superiores.<\/p>\n<p><strong>Conclusi\u00f3n<\/strong><\/p>\n<p> En resumen, el DJI LiDAR Range Finder (RS) to DJI Transmission Cable Hub es un accesorio crucial para los cineastas que buscan optimizar sus configuraciones manuales de objetivos. Su capacidad para proporcionar un enfoque y control precisos durante el proceso de filmaci\u00f3n puede mejorar significativamente los resultados finales. Ya sea para filmaciones profesionales o para actividades avanzadas de aficionados, este kit de concentrador de cables representa un importante paso adelante para hacer que las complejas tareas de filmaci\u00f3n sean m\u00e1s manejables y eficientes.<\/p>\n<p><\/p>","protected":false},"excerpt":{"rendered":"<ul>\n<li>Integra el tel\u00e9metro LiDAR de DJI con accesorios.<\/li>\n<li> Puede conectarse a cuatro dispositivos diferentes al mismo tiempo.<\/li>\n<li> Permite la configuraci\u00f3n completa del sistema de enfoque y supervisi\u00f3n.<\/li>\n<li> Admite la calibraci\u00f3n del objetivo y el enfoque autom\u00e1tico con objetivos manuales.<\/li>\n<li> Facilita la interconexi\u00f3n con DJI RS 3 Pro.<\/li>\n<li> Permite la estabilizaci\u00f3n, la supervisi\u00f3n y el control a distancia.<\/li>\n<\/ul>","protected":false},"featured_media":4182,"template":"","meta":{"_acf_changed":false},"product_brand":[],"product_cat":[244,187,97,1815,265],"product_tag":[],"class_list":{"0":"post-4185","1":"product","2":"type-product","3":"status-publish","4":"has-post-thumbnail","6":"product_cat-alle-kabels","7":"product_cat-alle-lidar","8":"product_cat-alle-producten","9":"product_cat-dji-pro-accessoires","10":"product_cat-dji-ronin","11":"product_shipping_class-acsystemsall","12":"pa_brand-dji","13":"pa_productfamily-connection-cable","14":"pa_producttype-connection-cable","15":"pa_series-ronin","17":"first","18":"instock","19":"taxable","20":"shipping-taxable","21":"purchasable","22":"product-type-simple"},"acf":[],"yoast_head":"<!-- This site is optimized with the Yoast SEO Premium plugin v27.2 (Yoast SEO v27.2) - https:\/\/yoast.com\/product\/yoast-seo-premium-wordpress\/ -->\n<title>DJI LiDAR Range Finder (RS) to DJI Transmission Cable Hub - koningdrone.be<\/title>\n<meta name=\"robots\" content=\"index, follow, max-snippet:-1, max-image-preview:large, max-video-preview:-1\" \/>\n<link rel=\"canonical\" href=\"https:\/\/koningdrone.be\/es\/producto\/dji-lidar-range-finder-rs-to-dji-transmission-cable-hub\/\" \/>\n<meta property=\"og:locale\" content=\"es_ES\" \/>\n<meta property=\"og:type\" content=\"article\" \/>\n<meta property=\"og:title\" content=\"DJI LiDAR Range Finder (RS) to DJI Transmission Cable Hub\" \/>\n<meta property=\"og:description\" content=\"Integreert DJI LiDAR Range Finder met accessoires. Kan tegelijkertijd met vier verschillende apparaten worden verbonden. Maakt volledige configuratie van het focus- en monitoringsysteem mogelijk. Ondersteunt lenskalibratie en autofocus met handmatige lenzen. Vergemakkelijkt de onderlinge verbinding met DJI RS 3 Pro. Maakt stabilisatie, bewaking op afstand en controle mogelijk.\" \/>\n<meta property=\"og:url\" content=\"https:\/\/koningdrone.be\/es\/producto\/dji-lidar-range-finder-rs-to-dji-transmission-cable-hub\/\" \/>\n<meta property=\"og:site_name\" content=\"koningdrone.be\" \/>\n<meta property=\"article:modified_time\" content=\"2026-04-29T02:00:40+00:00\" \/>\n<meta property=\"og:image\" content=\"https:\/\/koningdrone.be\/wp-content\/uploads\/sites\/13\/2025\/04\/c36a392811a43283901199b5862c6842@large.jpg\" \/>\n\t<meta property=\"og:image:width\" content=\"1200\" \/>\n\t<meta property=\"og:image:height\" content=\"800\" \/>\n\t<meta property=\"og:image:type\" content=\"image\/jpeg\" \/>\n<meta name=\"twitter:card\" content=\"summary_large_image\" \/>\n<meta name=\"twitter:label1\" content=\"Tiempo de lectura\" \/>\n\t<meta name=\"twitter:data1\" content=\"2 minutos\" \/>\n<script type=\"application\/ld+json\" class=\"yoast-schema-graph\">{\"@context\":\"https:\/\/schema.org\",\"@graph\":[{\"@type\":\"WebPage\",\"@id\":\"https:\/\/koningdrone.be\/product\/dji-lidar-range-finder-rs-to-dji-transmission-cable-hub\/\",\"url\":\"https:\/\/koningdrone.be\/product\/dji-lidar-range-finder-rs-to-dji-transmission-cable-hub\/\",\"name\":\"DJI LiDAR Range Finder (RS) to DJI Transmission Cable Hub - koningdrone.be\",\"isPartOf\":{\"@id\":\"https:\/\/koningdrone.be\/#website\"},\"primaryImageOfPage\":{\"@id\":\"https:\/\/koningdrone.be\/product\/dji-lidar-range-finder-rs-to-dji-transmission-cable-hub\/#primaryimage\"},\"image\":{\"@id\":\"https:\/\/koningdrone.be\/product\/dji-lidar-range-finder-rs-to-dji-transmission-cable-hub\/#primaryimage\"},\"thumbnailUrl\":\"https:\/\/koningdrone.be\/wp-content\/uploads\/sites\/13\/2025\/04\/c36a392811a43283901199b5862c6842@large.jpg\",\"datePublished\":\"2023-11-28T17:50:44+00:00\",\"dateModified\":\"2026-04-29T02:00:40+00:00\",\"breadcrumb\":{\"@id\":\"https:\/\/koningdrone.be\/product\/dji-lidar-range-finder-rs-to-dji-transmission-cable-hub\/#breadcrumb\"},\"inLanguage\":\"es\",\"potentialAction\":[{\"@type\":\"ReadAction\",\"target\":[\"https:\/\/koningdrone.be\/product\/dji-lidar-range-finder-rs-to-dji-transmission-cable-hub\/\"]}]},{\"@type\":\"ImageObject\",\"inLanguage\":\"es\",\"@id\":\"https:\/\/koningdrone.be\/product\/dji-lidar-range-finder-rs-to-dji-transmission-cable-hub\/#primaryimage\",\"url\":\"https:\/\/koningdrone.be\/wp-content\/uploads\/sites\/13\/2025\/04\/c36a392811a43283901199b5862c6842@large.jpg\",\"contentUrl\":\"https:\/\/koningdrone.be\/wp-content\/uploads\/sites\/13\/2025\/04\/c36a392811a43283901199b5862c6842@large.jpg\",\"width\":1200,\"height\":800},{\"@type\":\"BreadcrumbList\",\"@id\":\"https:\/\/koningdrone.be\/product\/dji-lidar-range-finder-rs-to-dji-transmission-cable-hub\/#breadcrumb\",\"itemListElement\":[{\"@type\":\"ListItem\",\"position\":1,\"name\":\"Home\",\"item\":\"https:\/\/koningdrone.be\/\"},{\"@type\":\"ListItem\",\"position\":2,\"name\":\"AVSS Parachute Recovery System for DJI Matrice 300\/350\",\"item\":\"https:\/\/koningdrone.be\/product\/avss-parachute-recovery-system-for-dji-matrice-300-350\/\"},{\"@type\":\"ListItem\",\"position\":3,\"name\":\"Alle kabels\",\"item\":\"https:\/\/koningdrone.be\/categorie\/alle-kabels\/\"},{\"@type\":\"ListItem\",\"position\":4,\"name\":\"DJI LiDAR Range Finder (RS) to DJI Transmission Cable Hub\"}]},{\"@type\":\"WebSite\",\"@id\":\"https:\/\/koningdrone.be\/#website\",\"url\":\"https:\/\/koningdrone.be\/\",\"name\":\"Koningdrone.be - Uw online specialist in drones, gimbals, camera's en power stations.\",\"description\":\"De webshop in drones en gimbals\",\"publisher\":{\"@id\":\"https:\/\/koningdrone.be\/#organization\"},\"potentialAction\":[{\"@type\":\"SearchAction\",\"target\":{\"@type\":\"EntryPoint\",\"urlTemplate\":\"https:\/\/koningdrone.be\/?s={search_term_string}\"},\"query-input\":{\"@type\":\"PropertyValueSpecification\",\"valueRequired\":true,\"valueName\":\"search_term_string\"}}],\"inLanguage\":\"es\"},{\"@type\":\"Organization\",\"@id\":\"https:\/\/koningdrone.be\/#organization\",\"name\":\"Koningdrone.be\",\"url\":\"https:\/\/koningdrone.be\/\",\"logo\":{\"@type\":\"ImageObject\",\"inLanguage\":\"es\",\"@id\":\"https:\/\/koningdrone.be\/#\/schema\/logo\/image\/\",\"url\":\"https:\/\/koningdrone.be\/wp-content\/uploads\/sites\/13\/2025\/04\/koningdrone-copyright-logo.svg\",\"contentUrl\":\"https:\/\/koningdrone.be\/wp-content\/uploads\/sites\/13\/2025\/04\/koningdrone-copyright-logo.svg\",\"width\":227,\"height\":38,\"caption\":\"Koningdrone.be\"},\"image\":{\"@id\":\"https:\/\/koningdrone.be\/#\/schema\/logo\/image\/\"}}]}<\/script>\n<!-- \/ Yoast SEO Premium plugin. -->","yoast_head_json":{"title":"DJI LiDAR Range Finder (RS) to DJI Transmission Cable Hub - koningdrone.be","robots":{"index":"index","follow":"follow","max-snippet":"max-snippet:-1","max-image-preview":"max-image-preview:large","max-video-preview":"max-video-preview:-1"},"canonical":"https:\/\/koningdrone.be\/es\/producto\/dji-lidar-range-finder-rs-to-dji-transmission-cable-hub\/","og_locale":"es_ES","og_type":"article","og_title":"DJI LiDAR Range Finder (RS) to DJI Transmission Cable Hub","og_description":"Integreert DJI LiDAR Range Finder met accessoires. Kan tegelijkertijd met vier verschillende apparaten worden verbonden. Maakt volledige configuratie van het focus- en monitoringsysteem mogelijk. Ondersteunt lenskalibratie en autofocus met handmatige lenzen. Vergemakkelijkt de onderlinge verbinding met DJI RS 3 Pro. Maakt stabilisatie, bewaking op afstand en controle mogelijk.","og_url":"https:\/\/koningdrone.be\/es\/producto\/dji-lidar-range-finder-rs-to-dji-transmission-cable-hub\/","og_site_name":"koningdrone.be","article_modified_time":"2026-04-29T02:00:40+00:00","og_image":[{"width":1200,"height":800,"url":"https:\/\/koningdrone.be\/wp-content\/uploads\/sites\/13\/2025\/04\/c36a392811a43283901199b5862c6842@large.jpg","type":"image\/jpeg"}],"twitter_card":"summary_large_image","twitter_misc":{"Tiempo de lectura":"2 minutos"},"schema":{"@context":"https:\/\/schema.org","@graph":[{"@type":"WebPage","@id":"https:\/\/koningdrone.be\/product\/dji-lidar-range-finder-rs-to-dji-transmission-cable-hub\/","url":"https:\/\/koningdrone.be\/product\/dji-lidar-range-finder-rs-to-dji-transmission-cable-hub\/","name":"DJI LiDAR Range Finder (RS) to DJI Transmission Cable Hub - koningdrone.be","isPartOf":{"@id":"https:\/\/koningdrone.be\/#website"},"primaryImageOfPage":{"@id":"https:\/\/koningdrone.be\/product\/dji-lidar-range-finder-rs-to-dji-transmission-cable-hub\/#primaryimage"},"image":{"@id":"https:\/\/koningdrone.be\/product\/dji-lidar-range-finder-rs-to-dji-transmission-cable-hub\/#primaryimage"},"thumbnailUrl":"https:\/\/koningdrone.be\/wp-content\/uploads\/sites\/13\/2025\/04\/c36a392811a43283901199b5862c6842@large.jpg","datePublished":"2023-11-28T17:50:44+00:00","dateModified":"2026-04-29T02:00:40+00:00","breadcrumb":{"@id":"https:\/\/koningdrone.be\/product\/dji-lidar-range-finder-rs-to-dji-transmission-cable-hub\/#breadcrumb"},"inLanguage":"es","potentialAction":[{"@type":"ReadAction","target":["https:\/\/koningdrone.be\/product\/dji-lidar-range-finder-rs-to-dji-transmission-cable-hub\/"]}]},{"@type":"ImageObject","inLanguage":"es","@id":"https:\/\/koningdrone.be\/product\/dji-lidar-range-finder-rs-to-dji-transmission-cable-hub\/#primaryimage","url":"https:\/\/koningdrone.be\/wp-content\/uploads\/sites\/13\/2025\/04\/c36a392811a43283901199b5862c6842@large.jpg","contentUrl":"https:\/\/koningdrone.be\/wp-content\/uploads\/sites\/13\/2025\/04\/c36a392811a43283901199b5862c6842@large.jpg","width":1200,"height":800},{"@type":"BreadcrumbList","@id":"https:\/\/koningdrone.be\/product\/dji-lidar-range-finder-rs-to-dji-transmission-cable-hub\/#breadcrumb","itemListElement":[{"@type":"ListItem","position":1,"name":"Home","item":"https:\/\/koningdrone.be\/"},{"@type":"ListItem","position":2,"name":"AVSS Parachute Recovery System for DJI Matrice 300\/350","item":"https:\/\/koningdrone.be\/product\/avss-parachute-recovery-system-for-dji-matrice-300-350\/"},{"@type":"ListItem","position":3,"name":"Alle kabels","item":"https:\/\/koningdrone.be\/categorie\/alle-kabels\/"},{"@type":"ListItem","position":4,"name":"DJI LiDAR Range Finder (RS) to DJI Transmission Cable Hub"}]},{"@type":"WebSite","@id":"https:\/\/koningdrone.be\/#website","url":"https:\/\/koningdrone.be\/","name":"Koningdrone.be - Su especialista en l\u00ednea en drones, cardanes, c\u00e1maras y centrales el\u00e9ctricas.","description":"La tienda virtual de drones y cardanes","publisher":{"@id":"https:\/\/koningdrone.be\/#organization"},"potentialAction":[{"@type":"SearchAction","target":{"@type":"EntryPoint","urlTemplate":"https:\/\/koningdrone.be\/?s={search_term_string}"},"query-input":{"@type":"PropertyValueSpecification","valueRequired":true,"valueName":"search_term_string"}}],"inLanguage":"es"},{"@type":"Organization","@id":"https:\/\/koningdrone.be\/#organization","name":"Kingdrone.es","url":"https:\/\/koningdrone.be\/","logo":{"@type":"ImageObject","inLanguage":"es","@id":"https:\/\/koningdrone.be\/#\/schema\/logo\/image\/","url":"https:\/\/koningdrone.be\/wp-content\/uploads\/sites\/13\/2025\/04\/koningdrone-copyright-logo.svg","contentUrl":"https:\/\/koningdrone.be\/wp-content\/uploads\/sites\/13\/2025\/04\/koningdrone-copyright-logo.svg","width":227,"height":38,"caption":"Koningdrone.be"},"image":{"@id":"https:\/\/koningdrone.be\/#\/schema\/logo\/image\/"}}]}},"df_price":93,"df_sale_price":"","df_regular_price":93,"df_image_link":"https:\/\/koningdrone.be\/wp-content\/uploads\/sites\/13\/2025\/04\/c36a392811a43283901199b5862c6842@large-300x200.jpg","_links":{"self":[{"href":"https:\/\/koningdrone.be\/es\/wp-json\/wp\/v2\/product\/4185","targetHints":{"allow":["GET"]}}],"collection":[{"href":"https:\/\/koningdrone.be\/es\/wp-json\/wp\/v2\/product"}],"about":[{"href":"https:\/\/koningdrone.be\/es\/wp-json\/wp\/v2\/types\/product"}],"wp:featuredmedia":[{"embeddable":true,"href":"https:\/\/koningdrone.be\/es\/wp-json\/wp\/v2\/media\/4182"}],"wp:attachment":[{"href":"https:\/\/koningdrone.be\/es\/wp-json\/wp\/v2\/media?parent=4185"}],"wp:term":[{"taxonomy":"product_brand","embeddable":true,"href":"https:\/\/koningdrone.be\/es\/wp-json\/wp\/v2\/product_brand?post=4185"},{"taxonomy":"product_cat","embeddable":true,"href":"https:\/\/koningdrone.be\/es\/wp-json\/wp\/v2\/product_cat?post=4185"},{"taxonomy":"product_tag","embeddable":true,"href":"https:\/\/koningdrone.be\/es\/wp-json\/wp\/v2\/product_tag?post=4185"}],"curies":[{"name":"wp","href":"https:\/\/api.w.org\/{rel}","templated":true}]}}