{"id":4169,"date":"2023-11-28T18:50:44","date_gmt":"2023-11-28T17:50:44","guid":{"rendered":"https:\/\/koningdrone.nl\/kon\/product\/osmo-pocket-3-battery-handle\/"},"modified":"2026-04-29T15:10:16","modified_gmt":"2026-04-29T13:10:16","slug":"osmo-pocket-3-battery-handle","status":"publish","type":"product","link":"https:\/\/koningdrone.be\/es\/producto\/osmo-pocket-3-battery-handle\/","title":{"rendered":"Osmo Pocket 3 Mango para pilas"},"content":{"rendered":"<p><strong>Mayor duraci\u00f3n de la bater\u00eda<\/strong><\/p>\n<p> La empu\u00f1adura de la bater\u00eda ampl\u00eda significativamente la usabilidad del Osmo Pocket 3 mediante la incorporaci\u00f3n de una importante bater\u00eda interna de 950mAh. Esta adici\u00f3n aumenta la duraci\u00f3n de la bater\u00eda del dispositivo en aproximadamente 62%, d\u00e1ndole suficiente energ\u00eda para capturar cada momento sin preocuparse por el agotamiento de la bater\u00eda durante esos largos d\u00edas de rodaje.<\/p>\n<p><strong>Capacidad de intercambio en caliente<\/strong><\/p>\n<p> Equipada con una c\u00f3moda funci\u00f3n de cambio en caliente, esta empu\u00f1adura permite apagarla sin tener que apagar el dispositivo. Esta funci\u00f3n es especialmente \u00fatil en situaciones de disparo r\u00e1pido, ya que hace que el manejo del dispositivo sea m\u00e1s eficiente y sencillo.<\/p>\n<p><strong>Conexiones de audio mejoradas<\/strong><\/p>\n<p> Dise\u00f1ada con un puerto USB-C en la parte trasera, la empu\u00f1adura de la bater\u00eda ofrece conectividad directa para varios dispositivos de audio externos. Esto incluye auriculares digitales con cable, micr\u00f3fonos con cable o receptores de micr\u00f3fono inal\u00e1mbricos, lo que proporciona una amplia gama de opciones de audio. Con esta funci\u00f3n, sus grabaciones no solo son visualmente cautivadoras, sino tambi\u00e9n audiblemente n\u00edtidas y claras.<\/p>\n<p><strong>Compatibilidad de los accesorios<\/strong><\/p>\n<p> Con una rosca de 1\/4\u2033 en la base, la empu\u00f1adura proporciona un punto de conexi\u00f3n universal para acoplar una amplia gama de accesorios, como tr\u00edpodes. Esta capacidad de ampliaci\u00f3n mejora enormemente la funcionalidad del dispositivo, lo que permite disparar de forma estable y explorar f\u00e1cilmente \u00e1ngulos \u00fanicos. mejorando la calidad de tus contenidos.<\/p>\n<p><strong>Conclusi\u00f3n<\/strong><\/p>\n<p> B\u00e1sicamente, la empu\u00f1adura de bater\u00eda para el Osmo Pocket 3 es un complemento inestimable para cualquiera que desee llevar su experiencia de grabaci\u00f3n de v\u00eddeo al siguiente nivel. Al prolongar la duraci\u00f3n de la bater\u00eda, facilitar el funcionamiento eficiente del dispositivo, ampliar las opciones de conectividad de audio y proporcionar una amplia compatibilidad de accesorios, se adapta tanto a los usuarios principiantes como a los experimentados que buscan mejorar la calidad de v\u00eddeo y la fiabilidad durante rodajes m\u00e1s largos.<\/p>\n<p><\/p>","protected":false},"excerpt":{"rendered":"<ul>\n<li>La bater\u00eda integrada de 950 mAh aumenta el tiempo de uso con 62%<\/li>\n<li> Admite el intercambio en caliente para un funcionamiento continuo<\/li>\n<li> Incluye puerto USB-C para conectar dispositivos de audio externos<\/li>\n<li> Compatible con auriculares digitales con cable, micr\u00f3fonos con cable y receptores inal\u00e1mbricos<\/li>\n<li> Rosca de 1\/4\u2033 para fijar a tr\u00edpodes y otros accesorios<\/li>\n<\/ul>","protected":false},"featured_media":4166,"template":"","meta":{"_acf_changed":false},"product_brand":[],"product_cat":[410,97,201,297,778],"product_tag":[],"class_list":{"0":"post-4169","1":"product","2":"type-product","3":"status-publish","4":"has-post-thumbnail","6":"product_cat-alle-handheld-gimbals","7":"product_cat-alle-producten","8":"product_cat-alle-tassen-en-koffers","9":"product_cat-dji-osmo","10":"product_cat-dji-osmo-pocket","11":"product_shipping_class-outofstock","12":"pa_brand-dji","13":"pa_productfamily-handle","14":"pa_producttype-handle","15":"pa_series-osmo-pocket","17":"first","18":"outofstock","19":"taxable","20":"shipping-taxable","21":"purchasable","22":"product-type-simple"},"acf":[],"yoast_head":"<!-- This site is optimized with the Yoast SEO Premium plugin v27.2 (Yoast SEO v27.2) - https:\/\/yoast.com\/product\/yoast-seo-premium-wordpress\/ -->\n<title>Osmo Pocket 3 Battery Handle - koningdrone.be<\/title>\n<meta name=\"robots\" content=\"index, follow, max-snippet:-1, max-image-preview:large, max-video-preview:-1\" \/>\n<link rel=\"canonical\" href=\"https:\/\/koningdrone.be\/es\/producto\/osmo-pocket-3-battery-handle\/\" \/>\n<meta property=\"og:locale\" content=\"es_ES\" \/>\n<meta property=\"og:type\" content=\"article\" \/>\n<meta property=\"og:title\" content=\"Osmo Pocket 3 Battery Handle\" \/>\n<meta property=\"og:description\" content=\"Ingebouwde 950mAh-batterij verhoogt de gebruikstijd met 62% Ondersteunt hot-swapping voor continu gebruik Inclusief USB-C-poort voor het aansluiten van externe audioapparaten Compatibel met digitale bedrade hoofdtelefoons, bedrade microfoons en draadloze ontvangers 1\/4\u2033 schroefdraad voor bevestiging aan statieven en andere accessoires\" \/>\n<meta property=\"og:url\" content=\"https:\/\/koningdrone.be\/es\/producto\/osmo-pocket-3-battery-handle\/\" \/>\n<meta property=\"og:site_name\" content=\"koningdrone.be\" \/>\n<meta property=\"article:modified_time\" content=\"2026-04-29T13:10:16+00:00\" \/>\n<meta property=\"og:image\" content=\"https:\/\/koningdrone.be\/wp-content\/uploads\/sites\/13\/2025\/04\/7d58e2bd4e31f2139beef5051558c97d@large.jpg\" \/>\n\t<meta property=\"og:image:width\" content=\"1200\" \/>\n\t<meta property=\"og:image:height\" content=\"800\" \/>\n\t<meta property=\"og:image:type\" content=\"image\/jpeg\" \/>\n<meta name=\"twitter:card\" content=\"summary_large_image\" \/>\n<meta name=\"twitter:label1\" content=\"Tiempo de lectura\" \/>\n\t<meta name=\"twitter:data1\" content=\"1 minuto\" \/>\n<script type=\"application\/ld+json\" class=\"yoast-schema-graph\">{\"@context\":\"https:\/\/schema.org\",\"@graph\":[{\"@type\":\"WebPage\",\"@id\":\"https:\/\/koningdrone.be\/product\/osmo-pocket-3-battery-handle\/\",\"url\":\"https:\/\/koningdrone.be\/product\/osmo-pocket-3-battery-handle\/\",\"name\":\"Osmo Pocket 3 Battery Handle - koningdrone.be\",\"isPartOf\":{\"@id\":\"https:\/\/koningdrone.be\/#website\"},\"primaryImageOfPage\":{\"@id\":\"https:\/\/koningdrone.be\/product\/osmo-pocket-3-battery-handle\/#primaryimage\"},\"image\":{\"@id\":\"https:\/\/koningdrone.be\/product\/osmo-pocket-3-battery-handle\/#primaryimage\"},\"thumbnailUrl\":\"https:\/\/koningdrone.be\/wp-content\/uploads\/sites\/13\/2025\/04\/7d58e2bd4e31f2139beef5051558c97d@large.jpg\",\"datePublished\":\"2023-11-28T17:50:44+00:00\",\"dateModified\":\"2026-04-29T13:10:16+00:00\",\"breadcrumb\":{\"@id\":\"https:\/\/koningdrone.be\/product\/osmo-pocket-3-battery-handle\/#breadcrumb\"},\"inLanguage\":\"es\",\"potentialAction\":[{\"@type\":\"ReadAction\",\"target\":[\"https:\/\/koningdrone.be\/product\/osmo-pocket-3-battery-handle\/\"]}]},{\"@type\":\"ImageObject\",\"inLanguage\":\"es\",\"@id\":\"https:\/\/koningdrone.be\/product\/osmo-pocket-3-battery-handle\/#primaryimage\",\"url\":\"https:\/\/koningdrone.be\/wp-content\/uploads\/sites\/13\/2025\/04\/7d58e2bd4e31f2139beef5051558c97d@large.jpg\",\"contentUrl\":\"https:\/\/koningdrone.be\/wp-content\/uploads\/sites\/13\/2025\/04\/7d58e2bd4e31f2139beef5051558c97d@large.jpg\",\"width\":1200,\"height\":800},{\"@type\":\"BreadcrumbList\",\"@id\":\"https:\/\/koningdrone.be\/product\/osmo-pocket-3-battery-handle\/#breadcrumb\",\"itemListElement\":[{\"@type\":\"ListItem\",\"position\":1,\"name\":\"Home\",\"item\":\"https:\/\/koningdrone.be\/\"},{\"@type\":\"ListItem\",\"position\":2,\"name\":\"AVSS Parachute Recovery System for DJI Matrice 300\/350\",\"item\":\"https:\/\/koningdrone.be\/product\/avss-parachute-recovery-system-for-dji-matrice-300-350\/\"},{\"@type\":\"ListItem\",\"position\":3,\"name\":\"Alle handheld gimbals\",\"item\":\"https:\/\/koningdrone.be\/categorie\/alle-handheld-gimbals\/\"},{\"@type\":\"ListItem\",\"position\":4,\"name\":\"Osmo Pocket 3 Battery Handle\"}]},{\"@type\":\"WebSite\",\"@id\":\"https:\/\/koningdrone.be\/#website\",\"url\":\"https:\/\/koningdrone.be\/\",\"name\":\"Koningdrone.be - Uw online specialist in drones, gimbals, camera's en power stations.\",\"description\":\"De webshop in drones en gimbals\",\"publisher\":{\"@id\":\"https:\/\/koningdrone.be\/#organization\"},\"potentialAction\":[{\"@type\":\"SearchAction\",\"target\":{\"@type\":\"EntryPoint\",\"urlTemplate\":\"https:\/\/koningdrone.be\/?s={search_term_string}\"},\"query-input\":{\"@type\":\"PropertyValueSpecification\",\"valueRequired\":true,\"valueName\":\"search_term_string\"}}],\"inLanguage\":\"es\"},{\"@type\":\"Organization\",\"@id\":\"https:\/\/koningdrone.be\/#organization\",\"name\":\"Koningdrone.be\",\"url\":\"https:\/\/koningdrone.be\/\",\"logo\":{\"@type\":\"ImageObject\",\"inLanguage\":\"es\",\"@id\":\"https:\/\/koningdrone.be\/#\/schema\/logo\/image\/\",\"url\":\"https:\/\/koningdrone.be\/wp-content\/uploads\/sites\/13\/2025\/04\/koningdrone-copyright-logo.svg\",\"contentUrl\":\"https:\/\/koningdrone.be\/wp-content\/uploads\/sites\/13\/2025\/04\/koningdrone-copyright-logo.svg\",\"width\":227,\"height\":38,\"caption\":\"Koningdrone.be\"},\"image\":{\"@id\":\"https:\/\/koningdrone.be\/#\/schema\/logo\/image\/\"}}]}<\/script>\n<!-- \/ Yoast SEO Premium plugin. -->","yoast_head_json":{"title":"Osmo Pocket 3 Battery Handle - koningdrone.be","robots":{"index":"index","follow":"follow","max-snippet":"max-snippet:-1","max-image-preview":"max-image-preview:large","max-video-preview":"max-video-preview:-1"},"canonical":"https:\/\/koningdrone.be\/es\/producto\/osmo-pocket-3-battery-handle\/","og_locale":"es_ES","og_type":"article","og_title":"Osmo Pocket 3 Battery Handle","og_description":"Ingebouwde 950mAh-batterij verhoogt de gebruikstijd met 62% Ondersteunt hot-swapping voor continu gebruik Inclusief USB-C-poort voor het aansluiten van externe audioapparaten Compatibel met digitale bedrade hoofdtelefoons, bedrade microfoons en draadloze ontvangers 1\/4\u2033 schroefdraad voor bevestiging aan statieven en andere accessoires","og_url":"https:\/\/koningdrone.be\/es\/producto\/osmo-pocket-3-battery-handle\/","og_site_name":"koningdrone.be","article_modified_time":"2026-04-29T13:10:16+00:00","og_image":[{"width":1200,"height":800,"url":"https:\/\/koningdrone.be\/wp-content\/uploads\/sites\/13\/2025\/04\/7d58e2bd4e31f2139beef5051558c97d@large.jpg","type":"image\/jpeg"}],"twitter_card":"summary_large_image","twitter_misc":{"Tiempo de lectura":"1 minuto"},"schema":{"@context":"https:\/\/schema.org","@graph":[{"@type":"WebPage","@id":"https:\/\/koningdrone.be\/product\/osmo-pocket-3-battery-handle\/","url":"https:\/\/koningdrone.be\/product\/osmo-pocket-3-battery-handle\/","name":"Osmo Pocket 3 Battery Handle - koningdrone.be","isPartOf":{"@id":"https:\/\/koningdrone.be\/#website"},"primaryImageOfPage":{"@id":"https:\/\/koningdrone.be\/product\/osmo-pocket-3-battery-handle\/#primaryimage"},"image":{"@id":"https:\/\/koningdrone.be\/product\/osmo-pocket-3-battery-handle\/#primaryimage"},"thumbnailUrl":"https:\/\/koningdrone.be\/wp-content\/uploads\/sites\/13\/2025\/04\/7d58e2bd4e31f2139beef5051558c97d@large.jpg","datePublished":"2023-11-28T17:50:44+00:00","dateModified":"2026-04-29T13:10:16+00:00","breadcrumb":{"@id":"https:\/\/koningdrone.be\/product\/osmo-pocket-3-battery-handle\/#breadcrumb"},"inLanguage":"es","potentialAction":[{"@type":"ReadAction","target":["https:\/\/koningdrone.be\/product\/osmo-pocket-3-battery-handle\/"]}]},{"@type":"ImageObject","inLanguage":"es","@id":"https:\/\/koningdrone.be\/product\/osmo-pocket-3-battery-handle\/#primaryimage","url":"https:\/\/koningdrone.be\/wp-content\/uploads\/sites\/13\/2025\/04\/7d58e2bd4e31f2139beef5051558c97d@large.jpg","contentUrl":"https:\/\/koningdrone.be\/wp-content\/uploads\/sites\/13\/2025\/04\/7d58e2bd4e31f2139beef5051558c97d@large.jpg","width":1200,"height":800},{"@type":"BreadcrumbList","@id":"https:\/\/koningdrone.be\/product\/osmo-pocket-3-battery-handle\/#breadcrumb","itemListElement":[{"@type":"ListItem","position":1,"name":"Home","item":"https:\/\/koningdrone.be\/"},{"@type":"ListItem","position":2,"name":"AVSS Parachute Recovery System for DJI Matrice 300\/350","item":"https:\/\/koningdrone.be\/product\/avss-parachute-recovery-system-for-dji-matrice-300-350\/"},{"@type":"ListItem","position":3,"name":"Alle handheld gimbals","item":"https:\/\/koningdrone.be\/categorie\/alle-handheld-gimbals\/"},{"@type":"ListItem","position":4,"name":"Osmo Pocket 3 Battery Handle"}]},{"@type":"WebSite","@id":"https:\/\/koningdrone.be\/#website","url":"https:\/\/koningdrone.be\/","name":"Koningdrone.be - Su especialista en l\u00ednea en drones, cardanes, c\u00e1maras y centrales el\u00e9ctricas.","description":"La tienda virtual de drones y cardanes","publisher":{"@id":"https:\/\/koningdrone.be\/#organization"},"potentialAction":[{"@type":"SearchAction","target":{"@type":"EntryPoint","urlTemplate":"https:\/\/koningdrone.be\/?s={search_term_string}"},"query-input":{"@type":"PropertyValueSpecification","valueRequired":true,"valueName":"search_term_string"}}],"inLanguage":"es"},{"@type":"Organization","@id":"https:\/\/koningdrone.be\/#organization","name":"Kingdrone.es","url":"https:\/\/koningdrone.be\/","logo":{"@type":"ImageObject","inLanguage":"es","@id":"https:\/\/koningdrone.be\/#\/schema\/logo\/image\/","url":"https:\/\/koningdrone.be\/wp-content\/uploads\/sites\/13\/2025\/04\/koningdrone-copyright-logo.svg","contentUrl":"https:\/\/koningdrone.be\/wp-content\/uploads\/sites\/13\/2025\/04\/koningdrone-copyright-logo.svg","width":227,"height":38,"caption":"Koningdrone.be"},"image":{"@id":"https:\/\/koningdrone.be\/#\/schema\/logo\/image\/"}}]}},"df_price":69,"df_sale_price":"","df_regular_price":69,"df_image_link":"https:\/\/koningdrone.be\/wp-content\/uploads\/sites\/13\/2025\/04\/7d58e2bd4e31f2139beef5051558c97d@large-300x200.jpg","_links":{"self":[{"href":"https:\/\/koningdrone.be\/es\/wp-json\/wp\/v2\/product\/4169","targetHints":{"allow":["GET"]}}],"collection":[{"href":"https:\/\/koningdrone.be\/es\/wp-json\/wp\/v2\/product"}],"about":[{"href":"https:\/\/koningdrone.be\/es\/wp-json\/wp\/v2\/types\/product"}],"wp:featuredmedia":[{"embeddable":true,"href":"https:\/\/koningdrone.be\/es\/wp-json\/wp\/v2\/media\/4166"}],"wp:attachment":[{"href":"https:\/\/koningdrone.be\/es\/wp-json\/wp\/v2\/media?parent=4169"}],"wp:term":[{"taxonomy":"product_brand","embeddable":true,"href":"https:\/\/koningdrone.be\/es\/wp-json\/wp\/v2\/product_brand?post=4169"},{"taxonomy":"product_cat","embeddable":true,"href":"https:\/\/koningdrone.be\/es\/wp-json\/wp\/v2\/product_cat?post=4169"},{"taxonomy":"product_tag","embeddable":true,"href":"https:\/\/koningdrone.be\/es\/wp-json\/wp\/v2\/product_tag?post=4169"}],"curies":[{"name":"wp","href":"https:\/\/api.w.org\/{rel}","templated":true}]}}