{"id":4165,"date":"2024-01-04T15:02:37","date_gmt":"2024-01-04T14:02:37","guid":{"rendered":"https:\/\/koningdrone.nl\/kon\/product\/jackery-explorer-100-plus-mini-draagbaar-power-station\/"},"modified":"2026-04-29T14:40:48","modified_gmt":"2026-04-29T12:40:48","slug":"jackery-explorer-100-plus-mini-draagbaar-power-station","status":"publish","type":"product","link":"https:\/\/koningdrone.be\/es\/producto\/jackery-explorer-100-plus-mini-draagbaar-power-station\/","title":{"rendered":"Jackery Explorer 100 plus - Minicentral el\u00e9ctrica port\u00e1til"},"content":{"rendered":"<h1>Jackery Explorer 100 plus - Minicentral el\u00e9ctrica port\u00e1til<\/h1>\n<p>El Jackery Explorer 100 Plus es un powerbank atractivo y pr\u00e1ctico para los viajeros, gracias a su gran capacidad energ\u00e9tica de 99,2Wh y a su importante potencia de salida de 128 vatios. Este powerbank utiliza la avanzada tecnolog\u00eda de bater\u00edas LFP\/LiFePO4, lo que se traduce en una vida \u00fatil excepcionalmente larga; incluso despu\u00e9s de 2000 recargas, conserva alrededor de 80% de su capacidad original, mucho m\u00e1s que los 500 ciclos habituales de productos similares de esta categor\u00eda de precio.<\/p>\n<p>Con una potencia de salida estable de 128 vatios, es capaz de cargar casi cualquier dispositivo port\u00e1til, incluidos port\u00e1tiles, tabletas, tel\u00e9fonos, bater\u00edas de c\u00e1maras y drones a trav\u00e9s de sus puertos USB-C y USB-A. La powerbank admite carga r\u00e1pida para dispositivos con USB-C, un est\u00e1ndar que se utiliza ahora de forma generalizada, y permite cargar hasta 3 dispositivos simult\u00e1neamente.<\/p>\n<p>Un controlador MPPT integrado permite cargar el powerbank con un panel solar de 100 W, lo que es perfecto para situaciones en las que se depende de la energ\u00eda solar y no se tiene acceso a la red el\u00e9ctrica.<\/p>","protected":false},"excerpt":{"rendered":"<ul>\n<li>Bater\u00eda duradera de 99,2 Wh con tecnolog\u00eda LFP\/LiFePO4<\/li>\n<li>128 W de potencia continua a trav\u00e9s de 2 salidas USB-C y 1 salida USB-A<\/li>\n<li>Capacidad m\u00e1xima permitida en un avi\u00f3n<\/li>\n<li>Tama\u00f1o manejable, ligero y silencioso<\/li>\n<li>Recargable mediante paneles solares Jackery de 40, 80 y 100 W<\/li>\n<li>Carga r\u00e1pida en el coche, mediante USB-C y panel solar<\/li>\n<li>Carga completa en 1,8 horas<\/li>\n<li>Seguridad de uso gracias a los avanzados sistemas de gesti\u00f3n de bater\u00edas (BMS)<br \/>\nDespu\u00e9s de 2000 ciclos de carga todav\u00eda 80% de capacidad original<\/li>\n<\/ul>","protected":false},"featured_media":4162,"template":"","meta":{"_acf_changed":false},"product_brand":[],"product_cat":[454,97,415,475,476],"product_tag":[],"class_list":{"0":"post-4165","1":"product","2":"type-product","3":"status-publish","4":"has-post-thumbnail","6":"product_cat-alle-powerstations","7":"product_cat-alle-producten","8":"product_cat-energy","9":"product_cat-jackery","10":"product_cat-jackery-powerstations","11":"product_shipping_class-outofstock","12":"pa_brand-jackery","13":"pa_capaciteit-301-1100-wh","14":"pa_productfamily-power-station","15":"pa_producttype-power-station","16":"pa_series-explorer","17":"pa_type-batterij-li-ion-nmc","19":"first","20":"outofstock","21":"taxable","22":"shipping-taxable","23":"product-type-simple"},"acf":[],"yoast_head":"<!-- This site is optimized with the Yoast SEO Premium plugin v27.2 (Yoast SEO v27.2) - https:\/\/yoast.com\/product\/yoast-seo-premium-wordpress\/ -->\n<title>Jackery Explorer 100 plus - Mini Draagbaar Power station - koningdrone.be<\/title>\n<meta name=\"robots\" content=\"index, follow, max-snippet:-1, max-image-preview:large, max-video-preview:-1\" \/>\n<link rel=\"canonical\" href=\"https:\/\/koningdrone.be\/es\/producto\/jackery-explorer-100-plus-mini-draagbaar-power-station\/\" \/>\n<meta property=\"og:locale\" content=\"es_ES\" \/>\n<meta property=\"og:type\" content=\"article\" \/>\n<meta property=\"og:title\" content=\"Jackery Explorer 100 plus - Mini Draagbaar Power station\" \/>\n<meta property=\"og:description\" content=\"Duurzame 99,2Wh batterij LFP\/LiFePO4 batterijtechnologie  128W continu vermogen via 2x USB-C en 1x USB-A output  Maximale capaciteit toegestaan in een vliegtuig  Handzaam formaat, lichtgewicht en fluisterstil  Oplaadbaar via Jackery 40, 80 en 100W zonnepanelen  Snelladen in de auto, via USB-C en zonnepaneel  Volledig opladen binnen 1,8 uur  Veilig in gebruik dankzij geavanceerde batterij management systemen (BMS) Na 2000 laadcycli nog 80% van de oorspronkelijke capaciteit\" \/>\n<meta property=\"og:url\" content=\"https:\/\/koningdrone.be\/es\/producto\/jackery-explorer-100-plus-mini-draagbaar-power-station\/\" \/>\n<meta property=\"og:site_name\" content=\"koningdrone.be\" \/>\n<meta property=\"article:modified_time\" content=\"2026-04-29T12:40:48+00:00\" \/>\n<meta property=\"og:image\" content=\"https:\/\/koningdrone.be\/wp-content\/uploads\/sites\/13\/2025\/04\/Jackery-Explorer-100-plus-Mini-Draagbaar-Power-station.png\" \/>\n\t<meta property=\"og:image:width\" content=\"500\" \/>\n\t<meta property=\"og:image:height\" content=\"267\" \/>\n\t<meta property=\"og:image:type\" content=\"image\/png\" \/>\n<meta name=\"twitter:card\" content=\"summary_large_image\" \/>\n<meta name=\"twitter:label1\" content=\"Tiempo de lectura\" \/>\n\t<meta name=\"twitter:data1\" content=\"1 minuto\" \/>\n<script type=\"application\/ld+json\" class=\"yoast-schema-graph\">{\"@context\":\"https:\/\/schema.org\",\"@graph\":[{\"@type\":\"WebPage\",\"@id\":\"https:\/\/koningdrone.be\/product\/jackery-explorer-100-plus-mini-draagbaar-power-station\/\",\"url\":\"https:\/\/koningdrone.be\/product\/jackery-explorer-100-plus-mini-draagbaar-power-station\/\",\"name\":\"Jackery Explorer 100 plus - Mini Draagbaar Power station - koningdrone.be\",\"isPartOf\":{\"@id\":\"https:\/\/koningdrone.be\/#website\"},\"primaryImageOfPage\":{\"@id\":\"https:\/\/koningdrone.be\/product\/jackery-explorer-100-plus-mini-draagbaar-power-station\/#primaryimage\"},\"image\":{\"@id\":\"https:\/\/koningdrone.be\/product\/jackery-explorer-100-plus-mini-draagbaar-power-station\/#primaryimage\"},\"thumbnailUrl\":\"https:\/\/koningdrone.be\/wp-content\/uploads\/sites\/13\/2025\/04\/Jackery-Explorer-100-plus-Mini-Draagbaar-Power-station.png\",\"datePublished\":\"2024-01-04T14:02:37+00:00\",\"dateModified\":\"2026-04-29T12:40:48+00:00\",\"breadcrumb\":{\"@id\":\"https:\/\/koningdrone.be\/product\/jackery-explorer-100-plus-mini-draagbaar-power-station\/#breadcrumb\"},\"inLanguage\":\"es\",\"potentialAction\":[{\"@type\":\"ReadAction\",\"target\":[\"https:\/\/koningdrone.be\/product\/jackery-explorer-100-plus-mini-draagbaar-power-station\/\"]}]},{\"@type\":\"ImageObject\",\"inLanguage\":\"es\",\"@id\":\"https:\/\/koningdrone.be\/product\/jackery-explorer-100-plus-mini-draagbaar-power-station\/#primaryimage\",\"url\":\"https:\/\/koningdrone.be\/wp-content\/uploads\/sites\/13\/2025\/04\/Jackery-Explorer-100-plus-Mini-Draagbaar-Power-station.png\",\"contentUrl\":\"https:\/\/koningdrone.be\/wp-content\/uploads\/sites\/13\/2025\/04\/Jackery-Explorer-100-plus-Mini-Draagbaar-Power-station.png\",\"width\":500,\"height\":267},{\"@type\":\"BreadcrumbList\",\"@id\":\"https:\/\/koningdrone.be\/product\/jackery-explorer-100-plus-mini-draagbaar-power-station\/#breadcrumb\",\"itemListElement\":[{\"@type\":\"ListItem\",\"position\":1,\"name\":\"Home\",\"item\":\"https:\/\/koningdrone.be\/\"},{\"@type\":\"ListItem\",\"position\":2,\"name\":\"AVSS Parachute Recovery System for DJI Matrice 300\/350\",\"item\":\"https:\/\/koningdrone.be\/product\/avss-parachute-recovery-system-for-dji-matrice-300-350\/\"},{\"@type\":\"ListItem\",\"position\":3,\"name\":\"Alle powerstations\",\"item\":\"https:\/\/koningdrone.be\/categorie\/alle-powerstations\/\"},{\"@type\":\"ListItem\",\"position\":4,\"name\":\"Jackery Explorer 100 plus &#8211; Mini Draagbaar Power station\"}]},{\"@type\":\"WebSite\",\"@id\":\"https:\/\/koningdrone.be\/#website\",\"url\":\"https:\/\/koningdrone.be\/\",\"name\":\"Koningdrone.be - Uw online specialist in drones, gimbals, camera's en power stations.\",\"description\":\"De webshop in drones en gimbals\",\"publisher\":{\"@id\":\"https:\/\/koningdrone.be\/#organization\"},\"potentialAction\":[{\"@type\":\"SearchAction\",\"target\":{\"@type\":\"EntryPoint\",\"urlTemplate\":\"https:\/\/koningdrone.be\/?s={search_term_string}\"},\"query-input\":{\"@type\":\"PropertyValueSpecification\",\"valueRequired\":true,\"valueName\":\"search_term_string\"}}],\"inLanguage\":\"es\"},{\"@type\":\"Organization\",\"@id\":\"https:\/\/koningdrone.be\/#organization\",\"name\":\"Koningdrone.be\",\"url\":\"https:\/\/koningdrone.be\/\",\"logo\":{\"@type\":\"ImageObject\",\"inLanguage\":\"es\",\"@id\":\"https:\/\/koningdrone.be\/#\/schema\/logo\/image\/\",\"url\":\"https:\/\/koningdrone.be\/wp-content\/uploads\/sites\/13\/2025\/04\/koningdrone-copyright-logo.svg\",\"contentUrl\":\"https:\/\/koningdrone.be\/wp-content\/uploads\/sites\/13\/2025\/04\/koningdrone-copyright-logo.svg\",\"width\":227,\"height\":38,\"caption\":\"Koningdrone.be\"},\"image\":{\"@id\":\"https:\/\/koningdrone.be\/#\/schema\/logo\/image\/\"}}]}<\/script>\n<!-- \/ Yoast SEO Premium plugin. -->","yoast_head_json":{"title":"Jackery Explorer 100 plus - Mini Draagbaar Power station - koningdrone.be","robots":{"index":"index","follow":"follow","max-snippet":"max-snippet:-1","max-image-preview":"max-image-preview:large","max-video-preview":"max-video-preview:-1"},"canonical":"https:\/\/koningdrone.be\/es\/producto\/jackery-explorer-100-plus-mini-draagbaar-power-station\/","og_locale":"es_ES","og_type":"article","og_title":"Jackery Explorer 100 plus - Mini Draagbaar Power station","og_description":"Duurzame 99,2Wh batterij LFP\/LiFePO4 batterijtechnologie  128W continu vermogen via 2x USB-C en 1x USB-A output  Maximale capaciteit toegestaan in een vliegtuig  Handzaam formaat, lichtgewicht en fluisterstil  Oplaadbaar via Jackery 40, 80 en 100W zonnepanelen  Snelladen in de auto, via USB-C en zonnepaneel  Volledig opladen binnen 1,8 uur  Veilig in gebruik dankzij geavanceerde batterij management systemen (BMS) Na 2000 laadcycli nog 80% van de oorspronkelijke capaciteit","og_url":"https:\/\/koningdrone.be\/es\/producto\/jackery-explorer-100-plus-mini-draagbaar-power-station\/","og_site_name":"koningdrone.be","article_modified_time":"2026-04-29T12:40:48+00:00","og_image":[{"width":500,"height":267,"url":"https:\/\/koningdrone.be\/wp-content\/uploads\/sites\/13\/2025\/04\/Jackery-Explorer-100-plus-Mini-Draagbaar-Power-station.png","type":"image\/png"}],"twitter_card":"summary_large_image","twitter_misc":{"Tiempo de lectura":"1 minuto"},"schema":{"@context":"https:\/\/schema.org","@graph":[{"@type":"WebPage","@id":"https:\/\/koningdrone.be\/product\/jackery-explorer-100-plus-mini-draagbaar-power-station\/","url":"https:\/\/koningdrone.be\/product\/jackery-explorer-100-plus-mini-draagbaar-power-station\/","name":"Jackery Explorer 100 plus - Mini Draagbaar Power station - koningdrone.be","isPartOf":{"@id":"https:\/\/koningdrone.be\/#website"},"primaryImageOfPage":{"@id":"https:\/\/koningdrone.be\/product\/jackery-explorer-100-plus-mini-draagbaar-power-station\/#primaryimage"},"image":{"@id":"https:\/\/koningdrone.be\/product\/jackery-explorer-100-plus-mini-draagbaar-power-station\/#primaryimage"},"thumbnailUrl":"https:\/\/koningdrone.be\/wp-content\/uploads\/sites\/13\/2025\/04\/Jackery-Explorer-100-plus-Mini-Draagbaar-Power-station.png","datePublished":"2024-01-04T14:02:37+00:00","dateModified":"2026-04-29T12:40:48+00:00","breadcrumb":{"@id":"https:\/\/koningdrone.be\/product\/jackery-explorer-100-plus-mini-draagbaar-power-station\/#breadcrumb"},"inLanguage":"es","potentialAction":[{"@type":"ReadAction","target":["https:\/\/koningdrone.be\/product\/jackery-explorer-100-plus-mini-draagbaar-power-station\/"]}]},{"@type":"ImageObject","inLanguage":"es","@id":"https:\/\/koningdrone.be\/product\/jackery-explorer-100-plus-mini-draagbaar-power-station\/#primaryimage","url":"https:\/\/koningdrone.be\/wp-content\/uploads\/sites\/13\/2025\/04\/Jackery-Explorer-100-plus-Mini-Draagbaar-Power-station.png","contentUrl":"https:\/\/koningdrone.be\/wp-content\/uploads\/sites\/13\/2025\/04\/Jackery-Explorer-100-plus-Mini-Draagbaar-Power-station.png","width":500,"height":267},{"@type":"BreadcrumbList","@id":"https:\/\/koningdrone.be\/product\/jackery-explorer-100-plus-mini-draagbaar-power-station\/#breadcrumb","itemListElement":[{"@type":"ListItem","position":1,"name":"Home","item":"https:\/\/koningdrone.be\/"},{"@type":"ListItem","position":2,"name":"AVSS Parachute Recovery System for DJI Matrice 300\/350","item":"https:\/\/koningdrone.be\/product\/avss-parachute-recovery-system-for-dji-matrice-300-350\/"},{"@type":"ListItem","position":3,"name":"Alle powerstations","item":"https:\/\/koningdrone.be\/categorie\/alle-powerstations\/"},{"@type":"ListItem","position":4,"name":"Jackery Explorer 100 plus &#8211; Mini Draagbaar Power station"}]},{"@type":"WebSite","@id":"https:\/\/koningdrone.be\/#website","url":"https:\/\/koningdrone.be\/","name":"Koningdrone.be - Su especialista en l\u00ednea en drones, cardanes, c\u00e1maras y centrales el\u00e9ctricas.","description":"La tienda virtual de drones y cardanes","publisher":{"@id":"https:\/\/koningdrone.be\/#organization"},"potentialAction":[{"@type":"SearchAction","target":{"@type":"EntryPoint","urlTemplate":"https:\/\/koningdrone.be\/?s={search_term_string}"},"query-input":{"@type":"PropertyValueSpecification","valueRequired":true,"valueName":"search_term_string"}}],"inLanguage":"es"},{"@type":"Organization","@id":"https:\/\/koningdrone.be\/#organization","name":"Kingdrone.es","url":"https:\/\/koningdrone.be\/","logo":{"@type":"ImageObject","inLanguage":"es","@id":"https:\/\/koningdrone.be\/#\/schema\/logo\/image\/","url":"https:\/\/koningdrone.be\/wp-content\/uploads\/sites\/13\/2025\/04\/koningdrone-copyright-logo.svg","contentUrl":"https:\/\/koningdrone.be\/wp-content\/uploads\/sites\/13\/2025\/04\/koningdrone-copyright-logo.svg","width":227,"height":38,"caption":"Koningdrone.be"},"image":{"@id":"https:\/\/koningdrone.be\/#\/schema\/logo\/image\/"}}]}},"df_price":"","df_sale_price":"","df_regular_price":"","df_image_link":"https:\/\/koningdrone.be\/wp-content\/uploads\/sites\/13\/2025\/04\/Jackery-Explorer-100-plus-Mini-Draagbaar-Power-station-300x160.png","_links":{"self":[{"href":"https:\/\/koningdrone.be\/es\/wp-json\/wp\/v2\/product\/4165","targetHints":{"allow":["GET"]}}],"collection":[{"href":"https:\/\/koningdrone.be\/es\/wp-json\/wp\/v2\/product"}],"about":[{"href":"https:\/\/koningdrone.be\/es\/wp-json\/wp\/v2\/types\/product"}],"wp:featuredmedia":[{"embeddable":true,"href":"https:\/\/koningdrone.be\/es\/wp-json\/wp\/v2\/media\/4162"}],"wp:attachment":[{"href":"https:\/\/koningdrone.be\/es\/wp-json\/wp\/v2\/media?parent=4165"}],"wp:term":[{"taxonomy":"product_brand","embeddable":true,"href":"https:\/\/koningdrone.be\/es\/wp-json\/wp\/v2\/product_brand?post=4165"},{"taxonomy":"product_cat","embeddable":true,"href":"https:\/\/koningdrone.be\/es\/wp-json\/wp\/v2\/product_cat?post=4165"},{"taxonomy":"product_tag","embeddable":true,"href":"https:\/\/koningdrone.be\/es\/wp-json\/wp\/v2\/product_tag?post=4165"}],"curies":[{"name":"wp","href":"https:\/\/api.w.org\/{rel}","templated":true}]}}