{"id":4149,"date":"2024-03-13T15:24:02","date_gmt":"2024-03-13T14:24:02","guid":{"rendered":"https:\/\/koningdrone.nl\/kon\/product\/bs65-intelligent-battery-station\/"},"modified":"2025-05-08T14:45:50","modified_gmt":"2025-05-08T12:45:50","slug":"bs65-intelligent-battery-station","status":"publish","type":"product","link":"https:\/\/koningdrone.be\/es\/producto\/bs65-intelligent-battery-station\/","title":{"rendered":"BS65 Estaci\u00f3n de bater\u00eda inteligente"},"content":{"rendered":"<p>La estaci\u00f3n de bater\u00edas en cuesti\u00f3n representa un conjunto de herramientas pionero, cuidadosamente dise\u00f1ado para un mantenimiento inigualable de las bater\u00edas. Es ideal para personas que necesitan una soluci\u00f3n avanzada para cargar varias bater\u00edas, garantizar un almacenamiento seguro y facilitar el transporte sin esfuerzo. Esta estaci\u00f3n emerge como el ep\u00edtome de la excelencia en la gesti\u00f3n de bater\u00edas, proporcionando a los usuarios funciones avanzadas que redefinen la eficiencia y la longevidad de las bater\u00edas.<\/p>\n<p><strong>Caracter\u00edsticas innovadoras<\/strong><\/p>\n<p>Entre las innovaciones m\u00e1s destacadas se encuentran el Modo Almacenamiento y el Modo Listo para Volar, mejoras espec\u00edficamente dise\u00f1adas para optimizar los procesos de carga y prolongar la vida \u00fatil de las bater\u00edas. Estas caracter\u00edsticas no s\u00f3lo representan un salto en la tecnolog\u00eda de mantenimiento de bater\u00edas, sino que tambi\u00e9n subrayan el compromiso de la estaci\u00f3n de ofrecer a los usuarios soluciones pr\u00e1cticas y energ\u00e9ticamente eficientes. La introducci\u00f3n de ruedas de 360 grados es otra actualizaci\u00f3n notable que mejora significativamente la movilidad. Esta adici\u00f3n aparentemente peque\u00f1a se traduce en un importante ahorro de tiempo y esfuerzo, facilitando la transici\u00f3n entre las distintas fases de gesti\u00f3n de la bater\u00eda.<\/p>\n<p><strong>Versatilidad y compatibilidad<\/strong><\/p>\n<p>Esta estaci\u00f3n de bater\u00edas destaca por su notable versatilidad y compatibilidad, con puertos para ocho bater\u00edas TB65 y cuatro bater\u00edas WB37. Tambi\u00e9n est\u00e1 equipada con un puerto de mantenimiento USB-C, un puerto de carga USB-C y un puerto de carga USB-A, lo que la convierte en un aliado formidable en la carga y el mantenimiento de bater\u00edas. Su capacidad para cargar simult\u00e1neamente dos bater\u00edas TB65 y una bater\u00eda WB37 demuestra su robusta capacidad de carga y la posiciona no solo como una estaci\u00f3n de carga, sino tambi\u00e9n como un completo sistema de gesti\u00f3n de bater\u00edas. Tanto para principiantes como para expertos, esta estaci\u00f3n ofrece una soluci\u00f3n de gesti\u00f3n de bater\u00edas fiable y eficaz.<\/p>\n<p>&nbsp;<\/p>","protected":false},"excerpt":{"rendered":"<ul>\n<li>Soluci\u00f3n integral para bater\u00edas<\/li>\n<li>Modos de almacenamiento y vuelo<\/li>\n<li>Mejora la eficacia de la carga<\/li>\n<li>Alarga la vida de la bater\u00eda<\/li>\n<li>Nuevas ruedas m\u00f3viles de 360\u00b0 para facilitar el transporte<\/li>\n<li>Proporciona ocho puertos de bater\u00eda TB65<\/li>\n<li>Incluye cuatro puertos para bater\u00edas WB37<\/li>\n<li>Un puerto de carga y mantenimiento USB-C cada uno<\/li>\n<li>Un puerto de carga USB-A<\/li>\n<li>Carga simult\u00e1nea: dos TB65 y un WB37<\/li>\n<\/ul>","protected":false},"featured_media":4146,"template":"","meta":{"_acf_changed":false},"product_brand":[],"product_cat":[111,97,628],"product_tag":[],"class_list":{"0":"post-4149","1":"product","2":"type-product","3":"status-publish","4":"has-post-thumbnail","6":"product_cat-alle-opladers","7":"product_cat-alle-producten","8":"product_cat-powerstations","9":"pa_brand-dji","10":"pa_productfamily-oplader","11":"pa_producttype-oplader","12":"pa_series-matrice-350","14":"first","15":"instock","16":"taxable","17":"shipping-taxable","18":"product-type-simple"},"acf":[],"yoast_head":"<!-- This site is optimized with the Yoast SEO Premium plugin v27.2 (Yoast SEO v27.2) - https:\/\/yoast.com\/product\/yoast-seo-premium-wordpress\/ -->\n<title>BS65 Intelligent Battery Station - koningdrone.be<\/title>\n<meta name=\"robots\" content=\"index, follow, max-snippet:-1, max-image-preview:large, max-video-preview:-1\" \/>\n<link rel=\"canonical\" href=\"https:\/\/koningdrone.be\/es\/produkt\/bs65-intelligent-battery-station\/\" \/>\n<meta property=\"og:locale\" content=\"es_ES\" \/>\n<meta property=\"og:type\" content=\"article\" \/>\n<meta property=\"og:title\" content=\"BS65 Intelligent Battery Station\" \/>\n<meta property=\"og:description\" content=\"One-stop-oplossing voor batterijbehoeften  Beschikt over opslag- en vliegklaarmodi  Verbetert de laadeffici\u00ebntie  Verlengt de levensduur van de batterij  Nieuwe 360\u00b0 bewegende wielen voor eenvoudig transport  Biedt acht TB65-batterijpoorten  Inclusief vier WB37-batterijpoorten  Elk \u00e9\u00e9n USB-C-onderhouds- en oplaadpoort  E\u00e9n USB-A-oplaadpoort  Gelijktijdig opladen: twee TB65&#039;s en \u00e9\u00e9n WB37\" \/>\n<meta property=\"og:url\" content=\"https:\/\/koningdrone.be\/es\/produkt\/bs65-intelligent-battery-station\/\" \/>\n<meta property=\"og:site_name\" content=\"koningdrone.be\" \/>\n<meta property=\"article:modified_time\" content=\"2025-05-08T12:45:50+00:00\" \/>\n<meta property=\"og:image\" content=\"https:\/\/koningdrone.be\/wp-content\/uploads\/sites\/13\/2025\/04\/69c786e0125458c7cd26dcf0e3fd4232@large.jpg\" \/>\n\t<meta property=\"og:image:width\" content=\"1200\" \/>\n\t<meta property=\"og:image:height\" content=\"800\" \/>\n\t<meta property=\"og:image:type\" content=\"image\/jpeg\" \/>\n<meta name=\"twitter:card\" content=\"summary_large_image\" \/>\n<meta name=\"twitter:label1\" content=\"Tiempo de lectura\" \/>\n\t<meta name=\"twitter:data1\" content=\"1 minuto\" \/>\n<script type=\"application\/ld+json\" class=\"yoast-schema-graph\">{\"@context\":\"https:\/\/schema.org\",\"@graph\":[{\"@type\":\"WebPage\",\"@id\":\"https:\/\/koningdrone.be\/de\/produkt\/bs65-intelligent-battery-station\/\",\"url\":\"https:\/\/koningdrone.be\/de\/produkt\/bs65-intelligent-battery-station\/\",\"name\":\"BS65 Intelligent Battery Station - koningdrone.be\",\"isPartOf\":{\"@id\":\"https:\/\/koningdrone.be\/#website\"},\"primaryImageOfPage\":{\"@id\":\"https:\/\/koningdrone.be\/de\/produkt\/bs65-intelligent-battery-station\/#primaryimage\"},\"image\":{\"@id\":\"https:\/\/koningdrone.be\/de\/produkt\/bs65-intelligent-battery-station\/#primaryimage\"},\"thumbnailUrl\":\"https:\/\/koningdrone.be\/wp-content\/uploads\/sites\/13\/2025\/04\/69c786e0125458c7cd26dcf0e3fd4232@large.jpg\",\"datePublished\":\"2024-03-13T14:24:02+00:00\",\"dateModified\":\"2025-05-08T12:45:50+00:00\",\"breadcrumb\":{\"@id\":\"https:\/\/koningdrone.be\/de\/produkt\/bs65-intelligent-battery-station\/#breadcrumb\"},\"inLanguage\":\"es\",\"potentialAction\":[{\"@type\":\"ReadAction\",\"target\":[\"https:\/\/koningdrone.be\/de\/produkt\/bs65-intelligent-battery-station\/\"]}]},{\"@type\":\"ImageObject\",\"inLanguage\":\"es\",\"@id\":\"https:\/\/koningdrone.be\/de\/produkt\/bs65-intelligent-battery-station\/#primaryimage\",\"url\":\"https:\/\/koningdrone.be\/wp-content\/uploads\/sites\/13\/2025\/04\/69c786e0125458c7cd26dcf0e3fd4232@large.jpg\",\"contentUrl\":\"https:\/\/koningdrone.be\/wp-content\/uploads\/sites\/13\/2025\/04\/69c786e0125458c7cd26dcf0e3fd4232@large.jpg\",\"width\":1200,\"height\":800},{\"@type\":\"BreadcrumbList\",\"@id\":\"https:\/\/koningdrone.be\/de\/produkt\/bs65-intelligent-battery-station\/#breadcrumb\",\"itemListElement\":[{\"@type\":\"ListItem\",\"position\":1,\"name\":\"Home\",\"item\":\"https:\/\/koningdrone.be\/\"},{\"@type\":\"ListItem\",\"position\":2,\"name\":\"AVSS Parachute Recovery System for DJI Matrice 300\/350\",\"item\":\"https:\/\/koningdrone.be\/product\/avss-parachute-recovery-system-for-dji-matrice-300-350\/\"},{\"@type\":\"ListItem\",\"position\":3,\"name\":\"Alle opladers\",\"item\":\"https:\/\/koningdrone.be\/categorie\/alle-opladers\/\"},{\"@type\":\"ListItem\",\"position\":4,\"name\":\"BS65 Intelligent Battery Station\"}]},{\"@type\":\"WebSite\",\"@id\":\"https:\/\/koningdrone.be\/#website\",\"url\":\"https:\/\/koningdrone.be\/\",\"name\":\"Koningdrone.be - Uw online specialist in drones, gimbals, camera's en power stations.\",\"description\":\"De webshop in drones en gimbals\",\"publisher\":{\"@id\":\"https:\/\/koningdrone.be\/#organization\"},\"potentialAction\":[{\"@type\":\"SearchAction\",\"target\":{\"@type\":\"EntryPoint\",\"urlTemplate\":\"https:\/\/koningdrone.be\/?s={search_term_string}\"},\"query-input\":{\"@type\":\"PropertyValueSpecification\",\"valueRequired\":true,\"valueName\":\"search_term_string\"}}],\"inLanguage\":\"es\"},{\"@type\":\"Organization\",\"@id\":\"https:\/\/koningdrone.be\/#organization\",\"name\":\"Koningdrone.be\",\"url\":\"https:\/\/koningdrone.be\/\",\"logo\":{\"@type\":\"ImageObject\",\"inLanguage\":\"es\",\"@id\":\"https:\/\/koningdrone.be\/#\/schema\/logo\/image\/\",\"url\":\"https:\/\/koningdrone.be\/wp-content\/uploads\/sites\/13\/2025\/04\/koningdrone-copyright-logo.svg\",\"contentUrl\":\"https:\/\/koningdrone.be\/wp-content\/uploads\/sites\/13\/2025\/04\/koningdrone-copyright-logo.svg\",\"width\":227,\"height\":38,\"caption\":\"Koningdrone.be\"},\"image\":{\"@id\":\"https:\/\/koningdrone.be\/#\/schema\/logo\/image\/\"}}]}<\/script>\n<!-- \/ Yoast SEO Premium plugin. -->","yoast_head_json":{"title":"BS65 Intelligent Battery Station - koningdrone.be","robots":{"index":"index","follow":"follow","max-snippet":"max-snippet:-1","max-image-preview":"max-image-preview:large","max-video-preview":"max-video-preview:-1"},"canonical":"https:\/\/koningdrone.be\/es\/produkt\/bs65-intelligent-battery-station\/","og_locale":"es_ES","og_type":"article","og_title":"BS65 Intelligent Battery Station","og_description":"One-stop-oplossing voor batterijbehoeften  Beschikt over opslag- en vliegklaarmodi  Verbetert de laadeffici\u00ebntie  Verlengt de levensduur van de batterij  Nieuwe 360\u00b0 bewegende wielen voor eenvoudig transport  Biedt acht TB65-batterijpoorten  Inclusief vier WB37-batterijpoorten  Elk \u00e9\u00e9n USB-C-onderhouds- en oplaadpoort  E\u00e9n USB-A-oplaadpoort  Gelijktijdig opladen: twee TB65's en \u00e9\u00e9n WB37","og_url":"https:\/\/koningdrone.be\/es\/produkt\/bs65-intelligent-battery-station\/","og_site_name":"koningdrone.be","article_modified_time":"2025-05-08T12:45:50+00:00","og_image":[{"width":1200,"height":800,"url":"https:\/\/koningdrone.be\/wp-content\/uploads\/sites\/13\/2025\/04\/69c786e0125458c7cd26dcf0e3fd4232@large.jpg","type":"image\/jpeg"}],"twitter_card":"summary_large_image","twitter_misc":{"Tiempo de lectura":"1 minuto"},"schema":{"@context":"https:\/\/schema.org","@graph":[{"@type":"WebPage","@id":"https:\/\/koningdrone.be\/de\/produkt\/bs65-intelligent-battery-station\/","url":"https:\/\/koningdrone.be\/de\/produkt\/bs65-intelligent-battery-station\/","name":"BS65 Intelligent Battery Station - koningdrone.be","isPartOf":{"@id":"https:\/\/koningdrone.be\/#website"},"primaryImageOfPage":{"@id":"https:\/\/koningdrone.be\/de\/produkt\/bs65-intelligent-battery-station\/#primaryimage"},"image":{"@id":"https:\/\/koningdrone.be\/de\/produkt\/bs65-intelligent-battery-station\/#primaryimage"},"thumbnailUrl":"https:\/\/koningdrone.be\/wp-content\/uploads\/sites\/13\/2025\/04\/69c786e0125458c7cd26dcf0e3fd4232@large.jpg","datePublished":"2024-03-13T14:24:02+00:00","dateModified":"2025-05-08T12:45:50+00:00","breadcrumb":{"@id":"https:\/\/koningdrone.be\/de\/produkt\/bs65-intelligent-battery-station\/#breadcrumb"},"inLanguage":"es","potentialAction":[{"@type":"ReadAction","target":["https:\/\/koningdrone.be\/de\/produkt\/bs65-intelligent-battery-station\/"]}]},{"@type":"ImageObject","inLanguage":"es","@id":"https:\/\/koningdrone.be\/de\/produkt\/bs65-intelligent-battery-station\/#primaryimage","url":"https:\/\/koningdrone.be\/wp-content\/uploads\/sites\/13\/2025\/04\/69c786e0125458c7cd26dcf0e3fd4232@large.jpg","contentUrl":"https:\/\/koningdrone.be\/wp-content\/uploads\/sites\/13\/2025\/04\/69c786e0125458c7cd26dcf0e3fd4232@large.jpg","width":1200,"height":800},{"@type":"BreadcrumbList","@id":"https:\/\/koningdrone.be\/de\/produkt\/bs65-intelligent-battery-station\/#breadcrumb","itemListElement":[{"@type":"ListItem","position":1,"name":"Home","item":"https:\/\/koningdrone.be\/"},{"@type":"ListItem","position":2,"name":"AVSS Parachute Recovery System for DJI Matrice 300\/350","item":"https:\/\/koningdrone.be\/product\/avss-parachute-recovery-system-for-dji-matrice-300-350\/"},{"@type":"ListItem","position":3,"name":"Alle opladers","item":"https:\/\/koningdrone.be\/categorie\/alle-opladers\/"},{"@type":"ListItem","position":4,"name":"BS65 Intelligent Battery Station"}]},{"@type":"WebSite","@id":"https:\/\/koningdrone.be\/#website","url":"https:\/\/koningdrone.be\/","name":"Koningdrone.be - Su especialista en l\u00ednea en drones, cardanes, c\u00e1maras y centrales el\u00e9ctricas.","description":"La tienda virtual de drones y cardanes","publisher":{"@id":"https:\/\/koningdrone.be\/#organization"},"potentialAction":[{"@type":"SearchAction","target":{"@type":"EntryPoint","urlTemplate":"https:\/\/koningdrone.be\/?s={search_term_string}"},"query-input":{"@type":"PropertyValueSpecification","valueRequired":true,"valueName":"search_term_string"}}],"inLanguage":"es"},{"@type":"Organization","@id":"https:\/\/koningdrone.be\/#organization","name":"Kingdrone.es","url":"https:\/\/koningdrone.be\/","logo":{"@type":"ImageObject","inLanguage":"es","@id":"https:\/\/koningdrone.be\/#\/schema\/logo\/image\/","url":"https:\/\/koningdrone.be\/wp-content\/uploads\/sites\/13\/2025\/04\/koningdrone-copyright-logo.svg","contentUrl":"https:\/\/koningdrone.be\/wp-content\/uploads\/sites\/13\/2025\/04\/koningdrone-copyright-logo.svg","width":227,"height":38,"caption":"Koningdrone.be"},"image":{"@id":"https:\/\/koningdrone.be\/#\/schema\/logo\/image\/"}}]}},"df_price":"","df_sale_price":"","df_regular_price":"","df_image_link":"https:\/\/koningdrone.be\/wp-content\/uploads\/sites\/13\/2025\/04\/69c786e0125458c7cd26dcf0e3fd4232@large-300x200.jpg","_links":{"self":[{"href":"https:\/\/koningdrone.be\/es\/wp-json\/wp\/v2\/product\/4149","targetHints":{"allow":["GET"]}}],"collection":[{"href":"https:\/\/koningdrone.be\/es\/wp-json\/wp\/v2\/product"}],"about":[{"href":"https:\/\/koningdrone.be\/es\/wp-json\/wp\/v2\/types\/product"}],"wp:featuredmedia":[{"embeddable":true,"href":"https:\/\/koningdrone.be\/es\/wp-json\/wp\/v2\/media\/4146"}],"wp:attachment":[{"href":"https:\/\/koningdrone.be\/es\/wp-json\/wp\/v2\/media?parent=4149"}],"wp:term":[{"taxonomy":"product_brand","embeddable":true,"href":"https:\/\/koningdrone.be\/es\/wp-json\/wp\/v2\/product_brand?post=4149"},{"taxonomy":"product_cat","embeddable":true,"href":"https:\/\/koningdrone.be\/es\/wp-json\/wp\/v2\/product_cat?post=4149"},{"taxonomy":"product_tag","embeddable":true,"href":"https:\/\/koningdrone.be\/es\/wp-json\/wp\/v2\/product_tag?post=4149"}],"curies":[{"name":"wp","href":"https:\/\/api.w.org\/{rel}","templated":true}]}}