{"id":4145,"date":"2024-03-13T15:29:06","date_gmt":"2024-03-13T15:29:06","guid":{"rendered":"https:\/\/koningdrone.nl\/kon\/product\/dji-avata-battery-buckle-mount\/"},"modified":"2025-04-29T12:04:55","modified_gmt":"2025-04-29T12:04:55","slug":"dji-avata-battery-buckle-mount","status":"publish","type":"product","link":"https:\/\/koningdrone.be\/es\/producto\/dji-avata-battery-buckle-mount\/","title":{"rendered":"Soporte de hebilla para bater\u00eda DJI Avata"},"content":{"rendered":"<p>El soporte de hebilla para bater\u00eda es un accesorio esencial dise\u00f1ado para mejorar la seguridad y fiabilidad de su dron. Est\u00e1 fabricado con maestr\u00eda y combina la comodidad de la ligereza con una robusta resistencia.<br \/><strong>Dise\u00f1o de materiales<\/strong><\/p>\n<p> Fabricado con materiales compuestos avanzados, el soporte ofrece un equilibrio \u00f3ptimo entre ligereza y durabilidad. El dise\u00f1o se adapta cuidadosamente al modelo de aeronave especificado, garantizando una combinaci\u00f3n perfecta.<\/p>\n<p><strong>Funcionalidad<\/strong><\/p>\n<p> Este accesorio simplifica el proceso de montaje y desmontaje de la Bater\u00eda de Vuelo Inteligente, agilizando su preparaci\u00f3n para el vuelo. Su funci\u00f3n principal es sujetar la bater\u00eda firmemente en su sitio, eliminando la posibilidad de que se suelte y desconecte la alimentaci\u00f3n durante las operaciones de vuelo.<\/p>\n<p><strong>Mejorar la seguridad<\/strong><\/p>\n<p> Al reducir significativamente el riesgo de p\u00e9rdida accidental de potencia, el Soporte de Hebilla de Bater\u00eda aumenta los par\u00e1metros de seguridad de sus vuelos. Te permite manejar tu dron con m\u00e1s confianza, sabiendo que la bater\u00eda de vuelo est\u00e1 bien sujeta y que tu aeronave est\u00e1 protegida frente a interrupciones inesperadas del suministro el\u00e9ctrico.<\/p>\n<p><strong>Conclusi\u00f3n<\/strong><\/p>\n<p> El Battery Buckle Mount no es un accesorio m\u00e1s; es un componente esencial que garantiza la fiabilidad y seguridad de los vuelos de su dron. Con su dise\u00f1o y funcionalidad superiores, es una herramienta indispensable tanto para los entusiastas de los drones como para los profesionales.<\/p>\n<p><\/p>","protected":false},"excerpt":{"rendered":"<ul>\n<li>Utiliza materiales ligeros y duraderos<\/li>\n<li> Se adapta perfectamente al avi\u00f3n<\/li>\n<li> F\u00e1cil de poner y quitar<\/li>\n<li> Evita que se caiga la bater\u00eda de vuelo inteligente<\/li>\n<li> Garantiza un vuelo m\u00e1s seguro al mantener la estabilidad de la potencia<\/li>\n<\/ul>","protected":false},"featured_media":4143,"template":"","meta":{"_acf_changed":false},"product_brand":[],"product_cat":[113,97,261],"product_tag":[],"class_list":{"0":"post-4145","1":"product","2":"type-product","3":"status-publish","4":"has-post-thumbnail","6":"product_cat-alle-batterijen","7":"product_cat-alle-producten","8":"product_cat-dji-avata","9":"pa_brand-dji","10":"pa_productfamily-mount","11":"pa_producttype-mount","12":"pa_series-avata","14":"first","15":"instock","16":"taxable","17":"shipping-taxable","18":"product-type-simple"},"acf":[],"yoast_head":"<!-- This site is optimized with the Yoast SEO Premium plugin v27.2 (Yoast SEO v27.2) - https:\/\/yoast.com\/product\/yoast-seo-premium-wordpress\/ -->\n<title>DJI Avata Battery Buckle Mount - koningdrone.be<\/title>\n<meta name=\"robots\" content=\"index, follow, max-snippet:-1, max-image-preview:large, max-video-preview:-1\" \/>\n<link rel=\"canonical\" href=\"https:\/\/koningdrone.be\/es\/producto\/dji-avata-battery-buckle-mount\/\" \/>\n<meta property=\"og:locale\" content=\"es_ES\" \/>\n<meta property=\"og:type\" content=\"article\" \/>\n<meta property=\"og:title\" content=\"DJI Avata Battery Buckle Mount\" \/>\n<meta property=\"og:description\" content=\"Gebruikt lichtgewicht en duurzame materialen Past naadloos bij het vliegtuig Gemakkelijk bevestigen en losmaken Voorkomt dat de Intelligent Flight Battery eruit valt Zorgt voor een veiliger vlucht door de stroomstabiliteit te behouden\" \/>\n<meta property=\"og:url\" content=\"https:\/\/koningdrone.be\/es\/producto\/dji-avata-battery-buckle-mount\/\" \/>\n<meta property=\"og:site_name\" content=\"koningdrone.be\" \/>\n<meta property=\"article:modified_time\" content=\"2025-04-29T12:04:55+00:00\" \/>\n<meta property=\"og:image\" content=\"https:\/\/koningdrone.be\/wp-content\/uploads\/sites\/13\/2025\/04\/f26b5823907b0529d7fce673f10625f5@large.jpg\" \/>\n\t<meta property=\"og:image:width\" content=\"1200\" \/>\n\t<meta property=\"og:image:height\" content=\"800\" \/>\n\t<meta property=\"og:image:type\" content=\"image\/jpeg\" \/>\n<meta name=\"twitter:card\" content=\"summary_large_image\" \/>\n<meta name=\"twitter:label1\" content=\"Tiempo de lectura\" \/>\n\t<meta name=\"twitter:data1\" content=\"1 minuto\" \/>\n<script type=\"application\/ld+json\" class=\"yoast-schema-graph\">{\"@context\":\"https:\/\/schema.org\",\"@graph\":[{\"@type\":\"WebPage\",\"@id\":\"https:\/\/koningdrone.be\/product\/dji-avata-battery-buckle-mount\/\",\"url\":\"https:\/\/koningdrone.be\/product\/dji-avata-battery-buckle-mount\/\",\"name\":\"DJI Avata Battery Buckle Mount - koningdrone.be\",\"isPartOf\":{\"@id\":\"https:\/\/koningdrone.be\/#website\"},\"primaryImageOfPage\":{\"@id\":\"https:\/\/koningdrone.be\/product\/dji-avata-battery-buckle-mount\/#primaryimage\"},\"image\":{\"@id\":\"https:\/\/koningdrone.be\/product\/dji-avata-battery-buckle-mount\/#primaryimage\"},\"thumbnailUrl\":\"https:\/\/koningdrone.be\/wp-content\/uploads\/sites\/13\/2025\/04\/f26b5823907b0529d7fce673f10625f5@large.jpg\",\"datePublished\":\"2024-03-13T15:29:06+00:00\",\"dateModified\":\"2025-04-29T12:04:55+00:00\",\"breadcrumb\":{\"@id\":\"https:\/\/koningdrone.be\/product\/dji-avata-battery-buckle-mount\/#breadcrumb\"},\"inLanguage\":\"es\",\"potentialAction\":[{\"@type\":\"ReadAction\",\"target\":[\"https:\/\/koningdrone.be\/product\/dji-avata-battery-buckle-mount\/\"]}]},{\"@type\":\"ImageObject\",\"inLanguage\":\"es\",\"@id\":\"https:\/\/koningdrone.be\/product\/dji-avata-battery-buckle-mount\/#primaryimage\",\"url\":\"https:\/\/koningdrone.be\/wp-content\/uploads\/sites\/13\/2025\/04\/f26b5823907b0529d7fce673f10625f5@large.jpg\",\"contentUrl\":\"https:\/\/koningdrone.be\/wp-content\/uploads\/sites\/13\/2025\/04\/f26b5823907b0529d7fce673f10625f5@large.jpg\",\"width\":1200,\"height\":800},{\"@type\":\"BreadcrumbList\",\"@id\":\"https:\/\/koningdrone.be\/product\/dji-avata-battery-buckle-mount\/#breadcrumb\",\"itemListElement\":[{\"@type\":\"ListItem\",\"position\":1,\"name\":\"Home\",\"item\":\"https:\/\/koningdrone.be\/\"},{\"@type\":\"ListItem\",\"position\":2,\"name\":\"AVSS Parachute Recovery System for DJI Matrice 300\/350\",\"item\":\"https:\/\/koningdrone.be\/product\/avss-parachute-recovery-system-for-dji-matrice-300-350\/\"},{\"@type\":\"ListItem\",\"position\":3,\"name\":\"Alle batterijen\",\"item\":\"https:\/\/koningdrone.be\/categorie\/alle-batterijen\/\"},{\"@type\":\"ListItem\",\"position\":4,\"name\":\"DJI Avata Battery Buckle Mount\"}]},{\"@type\":\"WebSite\",\"@id\":\"https:\/\/koningdrone.be\/#website\",\"url\":\"https:\/\/koningdrone.be\/\",\"name\":\"Koningdrone.be - Uw online specialist in drones, gimbals, camera's en power stations.\",\"description\":\"De webshop in drones en gimbals\",\"publisher\":{\"@id\":\"https:\/\/koningdrone.be\/#organization\"},\"potentialAction\":[{\"@type\":\"SearchAction\",\"target\":{\"@type\":\"EntryPoint\",\"urlTemplate\":\"https:\/\/koningdrone.be\/?s={search_term_string}\"},\"query-input\":{\"@type\":\"PropertyValueSpecification\",\"valueRequired\":true,\"valueName\":\"search_term_string\"}}],\"inLanguage\":\"es\"},{\"@type\":\"Organization\",\"@id\":\"https:\/\/koningdrone.be\/#organization\",\"name\":\"Koningdrone.be\",\"url\":\"https:\/\/koningdrone.be\/\",\"logo\":{\"@type\":\"ImageObject\",\"inLanguage\":\"es\",\"@id\":\"https:\/\/koningdrone.be\/#\/schema\/logo\/image\/\",\"url\":\"https:\/\/koningdrone.be\/wp-content\/uploads\/sites\/13\/2025\/04\/koningdrone-copyright-logo.svg\",\"contentUrl\":\"https:\/\/koningdrone.be\/wp-content\/uploads\/sites\/13\/2025\/04\/koningdrone-copyright-logo.svg\",\"width\":227,\"height\":38,\"caption\":\"Koningdrone.be\"},\"image\":{\"@id\":\"https:\/\/koningdrone.be\/#\/schema\/logo\/image\/\"}}]}<\/script>\n<!-- \/ Yoast SEO Premium plugin. -->","yoast_head_json":{"title":"DJI Avata Battery Buckle Mount - koningdrone.be","robots":{"index":"index","follow":"follow","max-snippet":"max-snippet:-1","max-image-preview":"max-image-preview:large","max-video-preview":"max-video-preview:-1"},"canonical":"https:\/\/koningdrone.be\/es\/producto\/dji-avata-battery-buckle-mount\/","og_locale":"es_ES","og_type":"article","og_title":"DJI Avata Battery Buckle Mount","og_description":"Gebruikt lichtgewicht en duurzame materialen Past naadloos bij het vliegtuig Gemakkelijk bevestigen en losmaken Voorkomt dat de Intelligent Flight Battery eruit valt Zorgt voor een veiliger vlucht door de stroomstabiliteit te behouden","og_url":"https:\/\/koningdrone.be\/es\/producto\/dji-avata-battery-buckle-mount\/","og_site_name":"koningdrone.be","article_modified_time":"2025-04-29T12:04:55+00:00","og_image":[{"width":1200,"height":800,"url":"https:\/\/koningdrone.be\/wp-content\/uploads\/sites\/13\/2025\/04\/f26b5823907b0529d7fce673f10625f5@large.jpg","type":"image\/jpeg"}],"twitter_card":"summary_large_image","twitter_misc":{"Tiempo de lectura":"1 minuto"},"schema":{"@context":"https:\/\/schema.org","@graph":[{"@type":"WebPage","@id":"https:\/\/koningdrone.be\/product\/dji-avata-battery-buckle-mount\/","url":"https:\/\/koningdrone.be\/product\/dji-avata-battery-buckle-mount\/","name":"DJI Avata Battery Buckle Mount - koningdrone.be","isPartOf":{"@id":"https:\/\/koningdrone.be\/#website"},"primaryImageOfPage":{"@id":"https:\/\/koningdrone.be\/product\/dji-avata-battery-buckle-mount\/#primaryimage"},"image":{"@id":"https:\/\/koningdrone.be\/product\/dji-avata-battery-buckle-mount\/#primaryimage"},"thumbnailUrl":"https:\/\/koningdrone.be\/wp-content\/uploads\/sites\/13\/2025\/04\/f26b5823907b0529d7fce673f10625f5@large.jpg","datePublished":"2024-03-13T15:29:06+00:00","dateModified":"2025-04-29T12:04:55+00:00","breadcrumb":{"@id":"https:\/\/koningdrone.be\/product\/dji-avata-battery-buckle-mount\/#breadcrumb"},"inLanguage":"es","potentialAction":[{"@type":"ReadAction","target":["https:\/\/koningdrone.be\/product\/dji-avata-battery-buckle-mount\/"]}]},{"@type":"ImageObject","inLanguage":"es","@id":"https:\/\/koningdrone.be\/product\/dji-avata-battery-buckle-mount\/#primaryimage","url":"https:\/\/koningdrone.be\/wp-content\/uploads\/sites\/13\/2025\/04\/f26b5823907b0529d7fce673f10625f5@large.jpg","contentUrl":"https:\/\/koningdrone.be\/wp-content\/uploads\/sites\/13\/2025\/04\/f26b5823907b0529d7fce673f10625f5@large.jpg","width":1200,"height":800},{"@type":"BreadcrumbList","@id":"https:\/\/koningdrone.be\/product\/dji-avata-battery-buckle-mount\/#breadcrumb","itemListElement":[{"@type":"ListItem","position":1,"name":"Home","item":"https:\/\/koningdrone.be\/"},{"@type":"ListItem","position":2,"name":"AVSS Parachute Recovery System for DJI Matrice 300\/350","item":"https:\/\/koningdrone.be\/product\/avss-parachute-recovery-system-for-dji-matrice-300-350\/"},{"@type":"ListItem","position":3,"name":"Alle batterijen","item":"https:\/\/koningdrone.be\/categorie\/alle-batterijen\/"},{"@type":"ListItem","position":4,"name":"DJI Avata Battery Buckle Mount"}]},{"@type":"WebSite","@id":"https:\/\/koningdrone.be\/#website","url":"https:\/\/koningdrone.be\/","name":"Koningdrone.be - Su especialista en l\u00ednea en drones, cardanes, c\u00e1maras y centrales el\u00e9ctricas.","description":"La tienda virtual de drones y cardanes","publisher":{"@id":"https:\/\/koningdrone.be\/#organization"},"potentialAction":[{"@type":"SearchAction","target":{"@type":"EntryPoint","urlTemplate":"https:\/\/koningdrone.be\/?s={search_term_string}"},"query-input":{"@type":"PropertyValueSpecification","valueRequired":true,"valueName":"search_term_string"}}],"inLanguage":"es"},{"@type":"Organization","@id":"https:\/\/koningdrone.be\/#organization","name":"Kingdrone.es","url":"https:\/\/koningdrone.be\/","logo":{"@type":"ImageObject","inLanguage":"es","@id":"https:\/\/koningdrone.be\/#\/schema\/logo\/image\/","url":"https:\/\/koningdrone.be\/wp-content\/uploads\/sites\/13\/2025\/04\/koningdrone-copyright-logo.svg","contentUrl":"https:\/\/koningdrone.be\/wp-content\/uploads\/sites\/13\/2025\/04\/koningdrone-copyright-logo.svg","width":227,"height":38,"caption":"Koningdrone.be"},"image":{"@id":"https:\/\/koningdrone.be\/#\/schema\/logo\/image\/"}}]}},"df_price":"","df_sale_price":"","df_regular_price":"","df_image_link":"https:\/\/koningdrone.be\/wp-content\/uploads\/sites\/13\/2025\/04\/f26b5823907b0529d7fce673f10625f5@large-300x200.jpg","_links":{"self":[{"href":"https:\/\/koningdrone.be\/es\/wp-json\/wp\/v2\/product\/4145","targetHints":{"allow":["GET"]}}],"collection":[{"href":"https:\/\/koningdrone.be\/es\/wp-json\/wp\/v2\/product"}],"about":[{"href":"https:\/\/koningdrone.be\/es\/wp-json\/wp\/v2\/types\/product"}],"wp:featuredmedia":[{"embeddable":true,"href":"https:\/\/koningdrone.be\/es\/wp-json\/wp\/v2\/media\/4143"}],"wp:attachment":[{"href":"https:\/\/koningdrone.be\/es\/wp-json\/wp\/v2\/media?parent=4145"}],"wp:term":[{"taxonomy":"product_brand","embeddable":true,"href":"https:\/\/koningdrone.be\/es\/wp-json\/wp\/v2\/product_brand?post=4145"},{"taxonomy":"product_cat","embeddable":true,"href":"https:\/\/koningdrone.be\/es\/wp-json\/wp\/v2\/product_cat?post=4145"},{"taxonomy":"product_tag","embeddable":true,"href":"https:\/\/koningdrone.be\/es\/wp-json\/wp\/v2\/product_tag?post=4145"}],"curies":[{"name":"wp","href":"https:\/\/api.w.org\/{rel}","templated":true}]}}