{"id":4142,"date":"2024-03-13T15:29:06","date_gmt":"2024-03-13T14:29:06","guid":{"rendered":"https:\/\/koningdrone.nl\/kon\/product\/dji-air-3-wide-angle-lens\/"},"modified":"2026-04-29T16:10:14","modified_gmt":"2026-04-29T14:10:14","slug":"dji-air-3-wide-angle-lens","status":"publish","type":"product","link":"https:\/\/koningdrone.be\/es\/producto\/dji-air-3-wide-angle-lens\/","title":{"rendered":"Objetivo gran angular DJI Air 3"},"content":{"rendered":"<p>Nuestro objetivo gran angular est\u00e1 especialmente dise\u00f1ado para ofrecer a su c\u00e1mara una visi\u00f3n realmente amplia. Imag\u00ednese poder capturar un paisaje entero de izquierda a derecha en una sola toma. Eso es lo que hace este objetivo. Hace que todo parezca m\u00e1s amplio, casi como si estuvieras viendo la escena con tus propios ojos. En concreto, aumenta la visi\u00f3n hasta 114 grados, lo que es comparable a compararlo con un objetivo de c\u00e1mara de 14 mm. As\u00ed que si te gusta hacer fotos grandes y amplias, esto es exactamente lo que puedes hacer con este objetivo. Es como darle a tu c\u00e1mara un superpoder para ver m\u00e1s del mundo en una sola foto.<br \/><strong>Introducci\u00f3n para expertos<\/strong><\/p>\n<p> Concebido con un preciso dise\u00f1o \u00f3ptico, este objetivo gran angular aumenta significativamente el campo de visi\u00f3n (FOV) hasta 114\u00b0, aproxim\u00e1ndose a un objetivo de 14 mm en formato de 35 mm. Esta ampliaci\u00f3n facilita la captura de \u00e1ngulos m\u00e1s amplios, aumentando la capacidad de la c\u00e1mara para la fotograf\u00eda de paisajes, arquitectura e interiores. Al incorporar este objetivo, los fot\u00f3grafos pueden aumentar significativamente sus capacidades de composici\u00f3n y capturar escenas amplias sin distorsi\u00f3n.<\/p>\n<p><\/p>","protected":false},"excerpt":{"rendered":"<ul>\n<li>Dise\u00f1o \u00f3ptico preciso que mejora el campo de visi\u00f3n<\/li>\n<li> Campo de visi\u00f3n ampliado a 114\u00b0<\/li>\n<li> Formato equivalente a 14 mm para esquinas m\u00e1s anchas<\/li>\n<\/ul>","protected":false},"featured_media":4139,"template":"","meta":{"_acf_changed":false},"product_brand":[],"product_cat":[315,97,732],"product_tag":[],"class_list":{"0":"post-4142","1":"product","2":"type-product","3":"status-publish","4":"has-post-thumbnail","6":"product_cat-alle-gimbals-en-cameras","7":"product_cat-alle-producten","8":"product_cat-dji-air-3","9":"product_shipping_class-outofstock","10":"pa_brand-dji","11":"pa_productfamily-lens","12":"pa_producttype-lens","13":"pa_series-air-3","15":"first","16":"outofstock","17":"taxable","18":"shipping-taxable","19":"purchasable","20":"product-type-simple"},"acf":[],"yoast_head":"<!-- This site is optimized with the Yoast SEO Premium plugin v27.2 (Yoast SEO v27.2) - https:\/\/yoast.com\/product\/yoast-seo-premium-wordpress\/ -->\n<title>DJI Air 3 Wide-Angle Lens - koningdrone.be<\/title>\n<meta name=\"robots\" content=\"index, follow, max-snippet:-1, max-image-preview:large, max-video-preview:-1\" \/>\n<link rel=\"canonical\" href=\"https:\/\/koningdrone.be\/es\/producto\/dji-air-3-wide-angle-lens\/\" \/>\n<meta property=\"og:locale\" content=\"es_ES\" \/>\n<meta property=\"og:type\" content=\"article\" \/>\n<meta property=\"og:title\" content=\"DJI Air 3 Wide-Angle Lens\" \/>\n<meta property=\"og:description\" content=\"Nauwkeurig optisch ontwerp verbetert het gezichtsveld Gezichtsveld vergroot tot 114\u00b0 14 mm-formaatequivalent voor bredere hoeken\" \/>\n<meta property=\"og:url\" content=\"https:\/\/koningdrone.be\/es\/producto\/dji-air-3-wide-angle-lens\/\" \/>\n<meta property=\"og:site_name\" content=\"koningdrone.be\" \/>\n<meta property=\"article:modified_time\" content=\"2026-04-29T14:10:14+00:00\" \/>\n<meta property=\"og:image\" content=\"https:\/\/koningdrone.be\/wp-content\/uploads\/sites\/13\/2025\/04\/45117b810f4f73aba98d24c6b4e27f61@large.jpg\" \/>\n\t<meta property=\"og:image:width\" content=\"1200\" \/>\n\t<meta property=\"og:image:height\" content=\"800\" \/>\n\t<meta property=\"og:image:type\" content=\"image\/jpeg\" \/>\n<meta name=\"twitter:card\" content=\"summary_large_image\" \/>\n<meta name=\"twitter:label1\" content=\"Tiempo de lectura\" \/>\n\t<meta name=\"twitter:data1\" content=\"1 minuto\" \/>\n<script type=\"application\/ld+json\" class=\"yoast-schema-graph\">{\"@context\":\"https:\/\/schema.org\",\"@graph\":[{\"@type\":\"WebPage\",\"@id\":\"https:\/\/koningdrone.be\/product\/dji-air-3-wide-angle-lens\/\",\"url\":\"https:\/\/koningdrone.be\/product\/dji-air-3-wide-angle-lens\/\",\"name\":\"DJI Air 3 Wide-Angle Lens - koningdrone.be\",\"isPartOf\":{\"@id\":\"https:\/\/koningdrone.be\/#website\"},\"primaryImageOfPage\":{\"@id\":\"https:\/\/koningdrone.be\/product\/dji-air-3-wide-angle-lens\/#primaryimage\"},\"image\":{\"@id\":\"https:\/\/koningdrone.be\/product\/dji-air-3-wide-angle-lens\/#primaryimage\"},\"thumbnailUrl\":\"https:\/\/koningdrone.be\/wp-content\/uploads\/sites\/13\/2025\/04\/45117b810f4f73aba98d24c6b4e27f61@large.jpg\",\"datePublished\":\"2024-03-13T14:29:06+00:00\",\"dateModified\":\"2026-04-29T14:10:14+00:00\",\"breadcrumb\":{\"@id\":\"https:\/\/koningdrone.be\/product\/dji-air-3-wide-angle-lens\/#breadcrumb\"},\"inLanguage\":\"es\",\"potentialAction\":[{\"@type\":\"ReadAction\",\"target\":[\"https:\/\/koningdrone.be\/product\/dji-air-3-wide-angle-lens\/\"]}]},{\"@type\":\"ImageObject\",\"inLanguage\":\"es\",\"@id\":\"https:\/\/koningdrone.be\/product\/dji-air-3-wide-angle-lens\/#primaryimage\",\"url\":\"https:\/\/koningdrone.be\/wp-content\/uploads\/sites\/13\/2025\/04\/45117b810f4f73aba98d24c6b4e27f61@large.jpg\",\"contentUrl\":\"https:\/\/koningdrone.be\/wp-content\/uploads\/sites\/13\/2025\/04\/45117b810f4f73aba98d24c6b4e27f61@large.jpg\",\"width\":1200,\"height\":800},{\"@type\":\"BreadcrumbList\",\"@id\":\"https:\/\/koningdrone.be\/product\/dji-air-3-wide-angle-lens\/#breadcrumb\",\"itemListElement\":[{\"@type\":\"ListItem\",\"position\":1,\"name\":\"Home\",\"item\":\"https:\/\/koningdrone.be\/\"},{\"@type\":\"ListItem\",\"position\":2,\"name\":\"AVSS Parachute Recovery System for DJI Matrice 300\/350\",\"item\":\"https:\/\/koningdrone.be\/product\/avss-parachute-recovery-system-for-dji-matrice-300-350\/\"},{\"@type\":\"ListItem\",\"position\":3,\"name\":\"Alle gimbals en cameras\",\"item\":\"https:\/\/koningdrone.be\/categorie\/alle-gimbals-en-cameras\/\"},{\"@type\":\"ListItem\",\"position\":4,\"name\":\"DJI Air 3 Wide-Angle Lens\"}]},{\"@type\":\"WebSite\",\"@id\":\"https:\/\/koningdrone.be\/#website\",\"url\":\"https:\/\/koningdrone.be\/\",\"name\":\"Koningdrone.be - Uw online specialist in drones, gimbals, camera's en power stations.\",\"description\":\"De webshop in drones en gimbals\",\"publisher\":{\"@id\":\"https:\/\/koningdrone.be\/#organization\"},\"potentialAction\":[{\"@type\":\"SearchAction\",\"target\":{\"@type\":\"EntryPoint\",\"urlTemplate\":\"https:\/\/koningdrone.be\/?s={search_term_string}\"},\"query-input\":{\"@type\":\"PropertyValueSpecification\",\"valueRequired\":true,\"valueName\":\"search_term_string\"}}],\"inLanguage\":\"es\"},{\"@type\":\"Organization\",\"@id\":\"https:\/\/koningdrone.be\/#organization\",\"name\":\"Koningdrone.be\",\"url\":\"https:\/\/koningdrone.be\/\",\"logo\":{\"@type\":\"ImageObject\",\"inLanguage\":\"es\",\"@id\":\"https:\/\/koningdrone.be\/#\/schema\/logo\/image\/\",\"url\":\"https:\/\/koningdrone.be\/wp-content\/uploads\/sites\/13\/2025\/04\/koningdrone-copyright-logo.svg\",\"contentUrl\":\"https:\/\/koningdrone.be\/wp-content\/uploads\/sites\/13\/2025\/04\/koningdrone-copyright-logo.svg\",\"width\":227,\"height\":38,\"caption\":\"Koningdrone.be\"},\"image\":{\"@id\":\"https:\/\/koningdrone.be\/#\/schema\/logo\/image\/\"}}]}<\/script>\n<!-- \/ Yoast SEO Premium plugin. -->","yoast_head_json":{"title":"DJI Air 3 Wide-Angle Lens - koningdrone.be","robots":{"index":"index","follow":"follow","max-snippet":"max-snippet:-1","max-image-preview":"max-image-preview:large","max-video-preview":"max-video-preview:-1"},"canonical":"https:\/\/koningdrone.be\/es\/producto\/dji-air-3-wide-angle-lens\/","og_locale":"es_ES","og_type":"article","og_title":"DJI Air 3 Wide-Angle Lens","og_description":"Nauwkeurig optisch ontwerp verbetert het gezichtsveld Gezichtsveld vergroot tot 114\u00b0 14 mm-formaatequivalent voor bredere hoeken","og_url":"https:\/\/koningdrone.be\/es\/producto\/dji-air-3-wide-angle-lens\/","og_site_name":"koningdrone.be","article_modified_time":"2026-04-29T14:10:14+00:00","og_image":[{"width":1200,"height":800,"url":"https:\/\/koningdrone.be\/wp-content\/uploads\/sites\/13\/2025\/04\/45117b810f4f73aba98d24c6b4e27f61@large.jpg","type":"image\/jpeg"}],"twitter_card":"summary_large_image","twitter_misc":{"Tiempo de lectura":"1 minuto"},"schema":{"@context":"https:\/\/schema.org","@graph":[{"@type":"WebPage","@id":"https:\/\/koningdrone.be\/product\/dji-air-3-wide-angle-lens\/","url":"https:\/\/koningdrone.be\/product\/dji-air-3-wide-angle-lens\/","name":"DJI Air 3 Wide-Angle Lens - koningdrone.be","isPartOf":{"@id":"https:\/\/koningdrone.be\/#website"},"primaryImageOfPage":{"@id":"https:\/\/koningdrone.be\/product\/dji-air-3-wide-angle-lens\/#primaryimage"},"image":{"@id":"https:\/\/koningdrone.be\/product\/dji-air-3-wide-angle-lens\/#primaryimage"},"thumbnailUrl":"https:\/\/koningdrone.be\/wp-content\/uploads\/sites\/13\/2025\/04\/45117b810f4f73aba98d24c6b4e27f61@large.jpg","datePublished":"2024-03-13T14:29:06+00:00","dateModified":"2026-04-29T14:10:14+00:00","breadcrumb":{"@id":"https:\/\/koningdrone.be\/product\/dji-air-3-wide-angle-lens\/#breadcrumb"},"inLanguage":"es","potentialAction":[{"@type":"ReadAction","target":["https:\/\/koningdrone.be\/product\/dji-air-3-wide-angle-lens\/"]}]},{"@type":"ImageObject","inLanguage":"es","@id":"https:\/\/koningdrone.be\/product\/dji-air-3-wide-angle-lens\/#primaryimage","url":"https:\/\/koningdrone.be\/wp-content\/uploads\/sites\/13\/2025\/04\/45117b810f4f73aba98d24c6b4e27f61@large.jpg","contentUrl":"https:\/\/koningdrone.be\/wp-content\/uploads\/sites\/13\/2025\/04\/45117b810f4f73aba98d24c6b4e27f61@large.jpg","width":1200,"height":800},{"@type":"BreadcrumbList","@id":"https:\/\/koningdrone.be\/product\/dji-air-3-wide-angle-lens\/#breadcrumb","itemListElement":[{"@type":"ListItem","position":1,"name":"Home","item":"https:\/\/koningdrone.be\/"},{"@type":"ListItem","position":2,"name":"AVSS Parachute Recovery System for DJI Matrice 300\/350","item":"https:\/\/koningdrone.be\/product\/avss-parachute-recovery-system-for-dji-matrice-300-350\/"},{"@type":"ListItem","position":3,"name":"Alle gimbals en cameras","item":"https:\/\/koningdrone.be\/categorie\/alle-gimbals-en-cameras\/"},{"@type":"ListItem","position":4,"name":"DJI Air 3 Wide-Angle Lens"}]},{"@type":"WebSite","@id":"https:\/\/koningdrone.be\/#website","url":"https:\/\/koningdrone.be\/","name":"Koningdrone.be - Su especialista en l\u00ednea en drones, cardanes, c\u00e1maras y centrales el\u00e9ctricas.","description":"La tienda virtual de drones y cardanes","publisher":{"@id":"https:\/\/koningdrone.be\/#organization"},"potentialAction":[{"@type":"SearchAction","target":{"@type":"EntryPoint","urlTemplate":"https:\/\/koningdrone.be\/?s={search_term_string}"},"query-input":{"@type":"PropertyValueSpecification","valueRequired":true,"valueName":"search_term_string"}}],"inLanguage":"es"},{"@type":"Organization","@id":"https:\/\/koningdrone.be\/#organization","name":"Kingdrone.es","url":"https:\/\/koningdrone.be\/","logo":{"@type":"ImageObject","inLanguage":"es","@id":"https:\/\/koningdrone.be\/#\/schema\/logo\/image\/","url":"https:\/\/koningdrone.be\/wp-content\/uploads\/sites\/13\/2025\/04\/koningdrone-copyright-logo.svg","contentUrl":"https:\/\/koningdrone.be\/wp-content\/uploads\/sites\/13\/2025\/04\/koningdrone-copyright-logo.svg","width":227,"height":38,"caption":"Koningdrone.be"},"image":{"@id":"https:\/\/koningdrone.be\/#\/schema\/logo\/image\/"}}]}},"df_price":49.01,"df_sale_price":"","df_regular_price":49.01,"df_image_link":"https:\/\/koningdrone.be\/wp-content\/uploads\/sites\/13\/2025\/04\/45117b810f4f73aba98d24c6b4e27f61@large-300x200.jpg","_links":{"self":[{"href":"https:\/\/koningdrone.be\/es\/wp-json\/wp\/v2\/product\/4142","targetHints":{"allow":["GET"]}}],"collection":[{"href":"https:\/\/koningdrone.be\/es\/wp-json\/wp\/v2\/product"}],"about":[{"href":"https:\/\/koningdrone.be\/es\/wp-json\/wp\/v2\/types\/product"}],"wp:featuredmedia":[{"embeddable":true,"href":"https:\/\/koningdrone.be\/es\/wp-json\/wp\/v2\/media\/4139"}],"wp:attachment":[{"href":"https:\/\/koningdrone.be\/es\/wp-json\/wp\/v2\/media?parent=4142"}],"wp:term":[{"taxonomy":"product_brand","embeddable":true,"href":"https:\/\/koningdrone.be\/es\/wp-json\/wp\/v2\/product_brand?post=4142"},{"taxonomy":"product_cat","embeddable":true,"href":"https:\/\/koningdrone.be\/es\/wp-json\/wp\/v2\/product_cat?post=4142"},{"taxonomy":"product_tag","embeddable":true,"href":"https:\/\/koningdrone.be\/es\/wp-json\/wp\/v2\/product_tag?post=4142"}],"curies":[{"name":"wp","href":"https:\/\/api.w.org\/{rel}","templated":true}]}}