{"id":4138,"date":"2024-03-13T15:29:50","date_gmt":"2024-03-13T14:29:50","guid":{"rendered":"https:\/\/koningdrone.nl\/kon\/product\/dji-e-port-development-kit\/"},"modified":"2026-05-01T14:30:07","modified_gmt":"2026-05-01T12:30:07","slug":"dji-e-port-development-kit","status":"publish","type":"product","link":"https:\/\/koningdrone.be\/es\/producto\/dji-e-port-development-kit\/","title":{"rendered":"Kit de desarrollo DJI E-Port"},"content":{"rendered":"<p> Este kit de desarrollo se cre\u00f3 para agilizar la mejora de las funciones de conectividad en las aeronaves. Transforma con elegancia el E-Port convencional de una aeronave en interfaces de hardware vers\u00e1tiles y ampliamente utilizadas. La utilidad y flexibilidad introducidas por este kit constituyen un activo para los desarrolladores que buscan ampliar las capacidades de una aeronave.<\/p>\n<p><strong>Funciones principales<\/strong><\/p>\n<p> En el coraz\u00f3n de este kit de desarrollo se encuentran las caracter\u00edsticas principales, incluida la transformaci\u00f3n del actual E-Port de la aeronave. Este kit introduce los puertos XT30 destinados a la salida de alimentaci\u00f3n, un puerto USB 2.0 destinado a las conexiones de datos y un puerto de se\u00f1al UART\/PPS, que permite una comunicaci\u00f3n fluida con otros dispositivos. Estas adiciones proporcionan una actualizaci\u00f3n completa de la conectividad de la aeronave.<\/p>\n<p><strong>Herramienta para desarrolladores<\/strong><\/p>\n<p> Los desarrolladores encargados de integrar hardware adicional o de realizar actividades de desarrollo y depuraci\u00f3n de software encontrar\u00e1n este kit especialmente \u00fatil. Proporciona una plataforma racionalizada para mejorar las opciones de conectividad de las aeronaves, facilitando la conexi\u00f3n de nuevos componentes de hardware o la realizaci\u00f3n eficaz de las tareas de desarrollo necesarias. En esencia, este kit es una herramienta esencial para los desarrolladores que buscan ampliar los l\u00edmites de lo que es posible en la tecnolog\u00eda aeron\u00e1utica.<\/p>\n<p><\/p>","protected":false},"excerpt":{"rendered":"<ul>\n<li>Convierte E-Port en puertos de hardware est\u00e1ndar<\/li>\n<li> Puertos de salida XT30 incluidos<\/li>\n<li> Equipado con puerto USB 2.0<\/li>\n<li> Equipado con puerto de se\u00f1al UART\/PPS<\/li>\n<li> Facilita el desarrollo de SDK sencillos<\/li>\n<li> Dise\u00f1ado para facilitar la depuraci\u00f3n<\/li>\n<\/ul>","protected":false},"featured_media":4135,"template":"","meta":{"_acf_changed":false},"product_brand":[],"product_cat":[97,675,624],"product_tag":[],"class_list":{"0":"post-4138","1":"product","2":"type-product","3":"status-publish","4":"has-post-thumbnail","6":"product_cat-alle-producten","7":"product_cat-dji-enterprise-drones","8":"product_cat-enterprise-accessoires","9":"product_shipping_class-outofstock","10":"pa_brand-dji","11":"pa_productfamily-kit","12":"pa_producttype-kit","14":"first","15":"outofstock","16":"taxable","17":"shipping-taxable","18":"purchasable","19":"product-type-simple"},"acf":[],"yoast_head":"<!-- This site is optimized with the Yoast SEO Premium plugin v27.2 (Yoast SEO v27.2) - https:\/\/yoast.com\/product\/yoast-seo-premium-wordpress\/ -->\n<title>DJI E-Port Development Kit - koningdrone.be<\/title>\n<meta name=\"robots\" content=\"index, follow, max-snippet:-1, max-image-preview:large, max-video-preview:-1\" \/>\n<link rel=\"canonical\" href=\"https:\/\/koningdrone.be\/es\/producto\/dji-e-port-development-kit\/\" \/>\n<meta property=\"og:locale\" content=\"es_ES\" \/>\n<meta property=\"og:type\" content=\"article\" \/>\n<meta property=\"og:title\" content=\"DJI E-Port Development Kit\" \/>\n<meta property=\"og:description\" content=\"Converteert E-Port naar standaard hardwarepoorten Inclusief XT30-uitgangspoorten Voorzien van USB 2.0-poort Uitgerust met UART\/PPS-signaalpoort Vergemakkelijkt eenvoudige SDK-ontwikkeling Ontworpen voor gemakkelijk debuggen\" \/>\n<meta property=\"og:url\" content=\"https:\/\/koningdrone.be\/es\/producto\/dji-e-port-development-kit\/\" \/>\n<meta property=\"og:site_name\" content=\"koningdrone.be\" \/>\n<meta property=\"article:modified_time\" content=\"2026-05-01T12:30:07+00:00\" \/>\n<meta property=\"og:image\" content=\"https:\/\/koningdrone.be\/wp-content\/uploads\/sites\/13\/2025\/04\/126a6db648a68ece858bcfae38325be5@large.jpg\" \/>\n\t<meta property=\"og:image:width\" content=\"1200\" \/>\n\t<meta property=\"og:image:height\" content=\"800\" \/>\n\t<meta property=\"og:image:type\" content=\"image\/jpeg\" \/>\n<meta name=\"twitter:card\" content=\"summary_large_image\" \/>\n<meta name=\"twitter:label1\" content=\"Tiempo de lectura\" \/>\n\t<meta name=\"twitter:data1\" content=\"1 minuto\" \/>\n<script type=\"application\/ld+json\" class=\"yoast-schema-graph\">{\"@context\":\"https:\/\/schema.org\",\"@graph\":[{\"@type\":\"WebPage\",\"@id\":\"https:\/\/koningdrone.be\/product\/dji-e-port-development-kit\/\",\"url\":\"https:\/\/koningdrone.be\/product\/dji-e-port-development-kit\/\",\"name\":\"DJI E-Port Development Kit - koningdrone.be\",\"isPartOf\":{\"@id\":\"https:\/\/koningdrone.be\/#website\"},\"primaryImageOfPage\":{\"@id\":\"https:\/\/koningdrone.be\/product\/dji-e-port-development-kit\/#primaryimage\"},\"image\":{\"@id\":\"https:\/\/koningdrone.be\/product\/dji-e-port-development-kit\/#primaryimage\"},\"thumbnailUrl\":\"https:\/\/koningdrone.be\/wp-content\/uploads\/sites\/13\/2025\/04\/126a6db648a68ece858bcfae38325be5@large.jpg\",\"datePublished\":\"2024-03-13T14:29:50+00:00\",\"dateModified\":\"2026-05-01T12:30:07+00:00\",\"breadcrumb\":{\"@id\":\"https:\/\/koningdrone.be\/product\/dji-e-port-development-kit\/#breadcrumb\"},\"inLanguage\":\"es\",\"potentialAction\":[{\"@type\":\"ReadAction\",\"target\":[\"https:\/\/koningdrone.be\/product\/dji-e-port-development-kit\/\"]}]},{\"@type\":\"ImageObject\",\"inLanguage\":\"es\",\"@id\":\"https:\/\/koningdrone.be\/product\/dji-e-port-development-kit\/#primaryimage\",\"url\":\"https:\/\/koningdrone.be\/wp-content\/uploads\/sites\/13\/2025\/04\/126a6db648a68ece858bcfae38325be5@large.jpg\",\"contentUrl\":\"https:\/\/koningdrone.be\/wp-content\/uploads\/sites\/13\/2025\/04\/126a6db648a68ece858bcfae38325be5@large.jpg\",\"width\":1200,\"height\":800},{\"@type\":\"BreadcrumbList\",\"@id\":\"https:\/\/koningdrone.be\/product\/dji-e-port-development-kit\/#breadcrumb\",\"itemListElement\":[{\"@type\":\"ListItem\",\"position\":1,\"name\":\"Home\",\"item\":\"https:\/\/koningdrone.be\/\"},{\"@type\":\"ListItem\",\"position\":2,\"name\":\"AVSS Parachute Recovery System for DJI Matrice 300\/350\",\"item\":\"https:\/\/koningdrone.be\/product\/avss-parachute-recovery-system-for-dji-matrice-300-350\/\"},{\"@type\":\"ListItem\",\"position\":3,\"name\":\"Alle producten\",\"item\":\"https:\/\/koningdrone.be\/categorie\/alle-producten\/\"},{\"@type\":\"ListItem\",\"position\":4,\"name\":\"DJI E-Port Development Kit\"}]},{\"@type\":\"WebSite\",\"@id\":\"https:\/\/koningdrone.be\/#website\",\"url\":\"https:\/\/koningdrone.be\/\",\"name\":\"Koningdrone.be - Uw online specialist in drones, gimbals, camera's en power stations.\",\"description\":\"De webshop in drones en gimbals\",\"publisher\":{\"@id\":\"https:\/\/koningdrone.be\/#organization\"},\"potentialAction\":[{\"@type\":\"SearchAction\",\"target\":{\"@type\":\"EntryPoint\",\"urlTemplate\":\"https:\/\/koningdrone.be\/?s={search_term_string}\"},\"query-input\":{\"@type\":\"PropertyValueSpecification\",\"valueRequired\":true,\"valueName\":\"search_term_string\"}}],\"inLanguage\":\"es\"},{\"@type\":\"Organization\",\"@id\":\"https:\/\/koningdrone.be\/#organization\",\"name\":\"Koningdrone.be\",\"url\":\"https:\/\/koningdrone.be\/\",\"logo\":{\"@type\":\"ImageObject\",\"inLanguage\":\"es\",\"@id\":\"https:\/\/koningdrone.be\/#\/schema\/logo\/image\/\",\"url\":\"https:\/\/koningdrone.be\/wp-content\/uploads\/sites\/13\/2025\/04\/koningdrone-copyright-logo.svg\",\"contentUrl\":\"https:\/\/koningdrone.be\/wp-content\/uploads\/sites\/13\/2025\/04\/koningdrone-copyright-logo.svg\",\"width\":227,\"height\":38,\"caption\":\"Koningdrone.be\"},\"image\":{\"@id\":\"https:\/\/koningdrone.be\/#\/schema\/logo\/image\/\"}}]}<\/script>\n<!-- \/ Yoast SEO Premium plugin. -->","yoast_head_json":{"title":"DJI E-Port Development Kit - koningdrone.be","robots":{"index":"index","follow":"follow","max-snippet":"max-snippet:-1","max-image-preview":"max-image-preview:large","max-video-preview":"max-video-preview:-1"},"canonical":"https:\/\/koningdrone.be\/es\/producto\/dji-e-port-development-kit\/","og_locale":"es_ES","og_type":"article","og_title":"DJI E-Port Development Kit","og_description":"Converteert E-Port naar standaard hardwarepoorten Inclusief XT30-uitgangspoorten Voorzien van USB 2.0-poort Uitgerust met UART\/PPS-signaalpoort Vergemakkelijkt eenvoudige SDK-ontwikkeling Ontworpen voor gemakkelijk debuggen","og_url":"https:\/\/koningdrone.be\/es\/producto\/dji-e-port-development-kit\/","og_site_name":"koningdrone.be","article_modified_time":"2026-05-01T12:30:07+00:00","og_image":[{"width":1200,"height":800,"url":"https:\/\/koningdrone.be\/wp-content\/uploads\/sites\/13\/2025\/04\/126a6db648a68ece858bcfae38325be5@large.jpg","type":"image\/jpeg"}],"twitter_card":"summary_large_image","twitter_misc":{"Tiempo de lectura":"1 minuto"},"schema":{"@context":"https:\/\/schema.org","@graph":[{"@type":"WebPage","@id":"https:\/\/koningdrone.be\/product\/dji-e-port-development-kit\/","url":"https:\/\/koningdrone.be\/product\/dji-e-port-development-kit\/","name":"DJI E-Port Development Kit - koningdrone.be","isPartOf":{"@id":"https:\/\/koningdrone.be\/#website"},"primaryImageOfPage":{"@id":"https:\/\/koningdrone.be\/product\/dji-e-port-development-kit\/#primaryimage"},"image":{"@id":"https:\/\/koningdrone.be\/product\/dji-e-port-development-kit\/#primaryimage"},"thumbnailUrl":"https:\/\/koningdrone.be\/wp-content\/uploads\/sites\/13\/2025\/04\/126a6db648a68ece858bcfae38325be5@large.jpg","datePublished":"2024-03-13T14:29:50+00:00","dateModified":"2026-05-01T12:30:07+00:00","breadcrumb":{"@id":"https:\/\/koningdrone.be\/product\/dji-e-port-development-kit\/#breadcrumb"},"inLanguage":"es","potentialAction":[{"@type":"ReadAction","target":["https:\/\/koningdrone.be\/product\/dji-e-port-development-kit\/"]}]},{"@type":"ImageObject","inLanguage":"es","@id":"https:\/\/koningdrone.be\/product\/dji-e-port-development-kit\/#primaryimage","url":"https:\/\/koningdrone.be\/wp-content\/uploads\/sites\/13\/2025\/04\/126a6db648a68ece858bcfae38325be5@large.jpg","contentUrl":"https:\/\/koningdrone.be\/wp-content\/uploads\/sites\/13\/2025\/04\/126a6db648a68ece858bcfae38325be5@large.jpg","width":1200,"height":800},{"@type":"BreadcrumbList","@id":"https:\/\/koningdrone.be\/product\/dji-e-port-development-kit\/#breadcrumb","itemListElement":[{"@type":"ListItem","position":1,"name":"Home","item":"https:\/\/koningdrone.be\/"},{"@type":"ListItem","position":2,"name":"AVSS Parachute Recovery System for DJI Matrice 300\/350","item":"https:\/\/koningdrone.be\/product\/avss-parachute-recovery-system-for-dji-matrice-300-350\/"},{"@type":"ListItem","position":3,"name":"Alle producten","item":"https:\/\/koningdrone.be\/categorie\/alle-producten\/"},{"@type":"ListItem","position":4,"name":"DJI E-Port Development Kit"}]},{"@type":"WebSite","@id":"https:\/\/koningdrone.be\/#website","url":"https:\/\/koningdrone.be\/","name":"Koningdrone.be - Su especialista en l\u00ednea en drones, cardanes, c\u00e1maras y centrales el\u00e9ctricas.","description":"La tienda virtual de drones y cardanes","publisher":{"@id":"https:\/\/koningdrone.be\/#organization"},"potentialAction":[{"@type":"SearchAction","target":{"@type":"EntryPoint","urlTemplate":"https:\/\/koningdrone.be\/?s={search_term_string}"},"query-input":{"@type":"PropertyValueSpecification","valueRequired":true,"valueName":"search_term_string"}}],"inLanguage":"es"},{"@type":"Organization","@id":"https:\/\/koningdrone.be\/#organization","name":"Kingdrone.es","url":"https:\/\/koningdrone.be\/","logo":{"@type":"ImageObject","inLanguage":"es","@id":"https:\/\/koningdrone.be\/#\/schema\/logo\/image\/","url":"https:\/\/koningdrone.be\/wp-content\/uploads\/sites\/13\/2025\/04\/koningdrone-copyright-logo.svg","contentUrl":"https:\/\/koningdrone.be\/wp-content\/uploads\/sites\/13\/2025\/04\/koningdrone-copyright-logo.svg","width":227,"height":38,"caption":"Koningdrone.be"},"image":{"@id":"https:\/\/koningdrone.be\/#\/schema\/logo\/image\/"}}]}},"df_price":49,"df_sale_price":"","df_regular_price":49,"df_image_link":"https:\/\/koningdrone.be\/wp-content\/uploads\/sites\/13\/2025\/04\/126a6db648a68ece858bcfae38325be5@large-300x200.jpg","_links":{"self":[{"href":"https:\/\/koningdrone.be\/es\/wp-json\/wp\/v2\/product\/4138","targetHints":{"allow":["GET"]}}],"collection":[{"href":"https:\/\/koningdrone.be\/es\/wp-json\/wp\/v2\/product"}],"about":[{"href":"https:\/\/koningdrone.be\/es\/wp-json\/wp\/v2\/types\/product"}],"wp:featuredmedia":[{"embeddable":true,"href":"https:\/\/koningdrone.be\/es\/wp-json\/wp\/v2\/media\/4135"}],"wp:attachment":[{"href":"https:\/\/koningdrone.be\/es\/wp-json\/wp\/v2\/media?parent=4138"}],"wp:term":[{"taxonomy":"product_brand","embeddable":true,"href":"https:\/\/koningdrone.be\/es\/wp-json\/wp\/v2\/product_brand?post=4138"},{"taxonomy":"product_cat","embeddable":true,"href":"https:\/\/koningdrone.be\/es\/wp-json\/wp\/v2\/product_cat?post=4138"},{"taxonomy":"product_tag","embeddable":true,"href":"https:\/\/koningdrone.be\/es\/wp-json\/wp\/v2\/product_tag?post=4138"}],"curies":[{"name":"wp","href":"https:\/\/api.w.org\/{rel}","templated":true}]}}