{"id":4134,"date":"2024-03-13T15:29:50","date_gmt":"2024-03-13T14:29:50","guid":{"rendered":"https:\/\/koningdrone.nl\/kon\/product\/dji-dl-pz-17-28-mm-t3-0-asph-lens\/"},"modified":"2026-04-29T04:00:52","modified_gmt":"2026-04-29T02:00:52","slug":"dji-dl-pz-17-28-mm-t3-0-asph-lens","status":"publish","type":"product","link":"https:\/\/koningdrone.be\/es\/producto\/dji-dl-pz-17-28-mm-t3-0-asph-lens\/","title":{"rendered":"Objetivo DJI DL PZ 17-28 mm T3.0 ASPH"},"content":{"rendered":"<p><strong>Funcionamiento sin calibraci\u00f3n<\/strong><\/p>\n<p>El objetivo DJI DL PZ 17-28mm T3.0 ASPH no requiere calibraci\u00f3n nada m\u00e1s sacarlo de la caja y ofrece un enfoque y zoom precisos desde el ultra gran angular de 17mm hasta el gran angular de 28mm sin ajustes adicionales. Esta caracter\u00edstica permite a los vide\u00f3grafos capturar instant\u00e1neamente varias escenas con calidad profesional.<\/p>\n<p><strong>Calidad de imagen excepcional<\/strong><\/p>\n<p>Dise\u00f1ado para satisfacer las rigurosas exigencias de los sensores 8K, este objetivo ofrece una resoluci\u00f3n ultra alta en todo el fotograma. Desde vastos paisajes hasta primeros planos intrincados, los usuarios pueden esperar im\u00e1genes n\u00edtidas y de alta calidad que satisfacen con facilidad las exigencias de la videograf\u00eda profesional.<\/p>\n<p><strong>Posibilidades de primeros planos<\/strong><\/p>\n<p>Con una distancia m\u00ednima al objeto de s\u00f3lo 0,19 metros (unas 7,5 pulgadas), el objetivo se comporta excepcionalmente bien en primeros planos, incluso en \u00e1ngulos ultra gran angulares. Esta capacidad permite a los vide\u00f3grafos capturar sin esfuerzo composiciones creativas y detalladas.<\/p>\n<p><strong>Dise\u00f1o ligero pero duradero<\/strong><\/p>\n<p>Fabricado en aleaci\u00f3n de aluminio y magnesio, el objetivo ofrece un equilibrio ideal entre ligereza (s\u00f3lo 520 g) y durabilidad. Esta mezcla de cualidades garantiza que sea a la vez f\u00e1cil de transportar y lo suficientemente robusto para las exigencias del uso profesional.<\/p>\n<p><strong>Servomotor zoom integrado<\/strong><\/p>\n<p>La incorporaci\u00f3n de un servomotor de zoom integrado diferencia a este objetivo de otros que requieren un motor externo para hacer zoom. Esta caracter\u00edstica permite un zoom m\u00e1s suave y eficiente, lo que se suma al perfil compacto y ligero del objetivo.<\/p>\n<p><strong>Zoom estable, sin necesidad de reajustes<\/strong><\/p>\n<p>Gracias a un dise\u00f1o en el que el movimiento del tubo del objetivo durante el zoom es m\u00ednimo (dentro de los 5 mm), no es necesario reequilibrarlo cuando se utiliza con un equipo de estabilizaci\u00f3n compatible como el Ronin 4D. Esta caracter\u00edstica es crucial para escenarios de rodaje din\u00e1micos, permitiendo una filmaci\u00f3n fluida y sin interrupciones.<\/p>\n<p><strong>Resumen<\/strong><\/p>\n<p>El objetivo DJI DL PZ 17-28mm T3.0 ASPH emerge como una opci\u00f3n superior para los cineastas que valoran las distancias focales vers\u00e1tiles, la calidad de imagen excepcional y la facilidad de uso en un dise\u00f1o robusto pero f\u00e1cilmente transportable. Sus caracter\u00edsticas satisfacen una amplia gama de necesidades de la videograf\u00eda profesional.<\/p>\n<p>&nbsp;<\/p>","protected":false},"excerpt":{"rendered":"<ul>\n<li>Enfoque sin calibraci\u00f3n<\/li>\n<li>Cubre distancias focales de 17-28 mm<\/li>\n<li>Resoluci\u00f3n ultraalta para sensores 8K<\/li>\n<li>Distancia m\u00ednima del objeto 0,19 m<\/li>\n<li>Cuerpo de aleaci\u00f3n de aluminio y magnesio de 520 g<\/li>\n<li>Servomotor de zoom integrado<\/li>\n<li>Zoom sin reequilibrado en el Ronin 4D<\/li>\n<\/ul>","protected":false},"featured_media":4131,"template":"","meta":{"_acf_changed":false},"product_brand":[],"product_cat":[298,97,316,299],"product_tag":[],"class_list":{"0":"post-4134","1":"product","2":"type-product","3":"status-publish","4":"has-post-thumbnail","6":"product_cat-alle-industriele-camera","7":"product_cat-alle-producten","8":"product_cat-dji-zenmuse","9":"product_cat-gimbals-en-cameras","10":"product_shipping_class-acsystemsall","11":"pa_brand-dji","12":"pa_productfamily-camera-lens","13":"pa_producttype-camera-lens","15":"first","16":"instock","17":"taxable","18":"shipping-taxable","19":"purchasable","20":"product-type-simple"},"acf":[],"yoast_head":"<!-- This site is optimized with the Yoast SEO Premium plugin v27.2 (Yoast SEO v27.2) - https:\/\/yoast.com\/product\/yoast-seo-premium-wordpress\/ -->\n<title>DJI DL PZ 17-28 mm T3.0 ASPH Lens - koningdrone.be<\/title>\n<meta name=\"robots\" content=\"index, follow, max-snippet:-1, max-image-preview:large, max-video-preview:-1\" \/>\n<link rel=\"canonical\" href=\"https:\/\/koningdrone.be\/es\/producto\/dji-dl-pz-17-28-mm-t3-0-asph-lens\/\" \/>\n<meta property=\"og:locale\" content=\"es_ES\" \/>\n<meta property=\"og:type\" content=\"article\" \/>\n<meta property=\"og:title\" content=\"DJI DL PZ 17-28 mm T3.0 ASPH Lens\" \/>\n<meta property=\"og:description\" content=\"Kalibratievrije scherpstelervaring  Omvat brandpuntsafstanden van 17-28 mm  Ultrahoge resolutie voor 8K-sensoren  Minimale objectafstand 0,19 m  Lichaam van 520 g aluminium magnesiumlegering  Ingebouwde servozoommotor  Zoom zonder opnieuw in evenwicht te brengen op Ronin 4D\" \/>\n<meta property=\"og:url\" content=\"https:\/\/koningdrone.be\/es\/producto\/dji-dl-pz-17-28-mm-t3-0-asph-lens\/\" \/>\n<meta property=\"og:site_name\" content=\"koningdrone.be\" \/>\n<meta property=\"article:modified_time\" content=\"2026-04-29T02:00:52+00:00\" \/>\n<meta property=\"og:image\" content=\"https:\/\/koningdrone.be\/wp-content\/uploads\/sites\/13\/2025\/04\/b43bb4baabf7f8766c1adf4955920019@large.jpg\" \/>\n\t<meta property=\"og:image:width\" content=\"1200\" \/>\n\t<meta property=\"og:image:height\" content=\"800\" \/>\n\t<meta property=\"og:image:type\" content=\"image\/jpeg\" \/>\n<meta name=\"twitter:card\" content=\"summary_large_image\" \/>\n<meta name=\"twitter:label1\" content=\"Tiempo de lectura\" \/>\n\t<meta name=\"twitter:data1\" content=\"2 minutos\" \/>\n<script type=\"application\/ld+json\" class=\"yoast-schema-graph\">{\"@context\":\"https:\/\/schema.org\",\"@graph\":[{\"@type\":\"WebPage\",\"@id\":\"https:\/\/koningdrone.be\/product\/dji-dl-pz-17-28-mm-t3-0-asph-lens\/\",\"url\":\"https:\/\/koningdrone.be\/product\/dji-dl-pz-17-28-mm-t3-0-asph-lens\/\",\"name\":\"DJI DL PZ 17-28 mm T3.0 ASPH Lens - koningdrone.be\",\"isPartOf\":{\"@id\":\"https:\/\/koningdrone.be\/#website\"},\"primaryImageOfPage\":{\"@id\":\"https:\/\/koningdrone.be\/product\/dji-dl-pz-17-28-mm-t3-0-asph-lens\/#primaryimage\"},\"image\":{\"@id\":\"https:\/\/koningdrone.be\/product\/dji-dl-pz-17-28-mm-t3-0-asph-lens\/#primaryimage\"},\"thumbnailUrl\":\"https:\/\/koningdrone.be\/wp-content\/uploads\/sites\/13\/2025\/04\/b43bb4baabf7f8766c1adf4955920019@large.jpg\",\"datePublished\":\"2024-03-13T14:29:50+00:00\",\"dateModified\":\"2026-04-29T02:00:52+00:00\",\"breadcrumb\":{\"@id\":\"https:\/\/koningdrone.be\/product\/dji-dl-pz-17-28-mm-t3-0-asph-lens\/#breadcrumb\"},\"inLanguage\":\"es\",\"potentialAction\":[{\"@type\":\"ReadAction\",\"target\":[\"https:\/\/koningdrone.be\/product\/dji-dl-pz-17-28-mm-t3-0-asph-lens\/\"]}]},{\"@type\":\"ImageObject\",\"inLanguage\":\"es\",\"@id\":\"https:\/\/koningdrone.be\/product\/dji-dl-pz-17-28-mm-t3-0-asph-lens\/#primaryimage\",\"url\":\"https:\/\/koningdrone.be\/wp-content\/uploads\/sites\/13\/2025\/04\/b43bb4baabf7f8766c1adf4955920019@large.jpg\",\"contentUrl\":\"https:\/\/koningdrone.be\/wp-content\/uploads\/sites\/13\/2025\/04\/b43bb4baabf7f8766c1adf4955920019@large.jpg\",\"width\":1200,\"height\":800},{\"@type\":\"BreadcrumbList\",\"@id\":\"https:\/\/koningdrone.be\/product\/dji-dl-pz-17-28-mm-t3-0-asph-lens\/#breadcrumb\",\"itemListElement\":[{\"@type\":\"ListItem\",\"position\":1,\"name\":\"Home\",\"item\":\"https:\/\/koningdrone.be\/\"},{\"@type\":\"ListItem\",\"position\":2,\"name\":\"AVSS Parachute Recovery System for DJI Matrice 300\/350\",\"item\":\"https:\/\/koningdrone.be\/product\/avss-parachute-recovery-system-for-dji-matrice-300-350\/\"},{\"@type\":\"ListItem\",\"position\":3,\"name\":\"Alle industriele camera\",\"item\":\"https:\/\/koningdrone.be\/categorie\/alle-industriele-camera\/\"},{\"@type\":\"ListItem\",\"position\":4,\"name\":\"DJI DL PZ 17-28 mm T3.0 ASPH Lens\"}]},{\"@type\":\"WebSite\",\"@id\":\"https:\/\/koningdrone.be\/#website\",\"url\":\"https:\/\/koningdrone.be\/\",\"name\":\"Koningdrone.be - Uw online specialist in drones, gimbals, camera's en power stations.\",\"description\":\"De webshop in drones en gimbals\",\"publisher\":{\"@id\":\"https:\/\/koningdrone.be\/#organization\"},\"potentialAction\":[{\"@type\":\"SearchAction\",\"target\":{\"@type\":\"EntryPoint\",\"urlTemplate\":\"https:\/\/koningdrone.be\/?s={search_term_string}\"},\"query-input\":{\"@type\":\"PropertyValueSpecification\",\"valueRequired\":true,\"valueName\":\"search_term_string\"}}],\"inLanguage\":\"es\"},{\"@type\":\"Organization\",\"@id\":\"https:\/\/koningdrone.be\/#organization\",\"name\":\"Koningdrone.be\",\"url\":\"https:\/\/koningdrone.be\/\",\"logo\":{\"@type\":\"ImageObject\",\"inLanguage\":\"es\",\"@id\":\"https:\/\/koningdrone.be\/#\/schema\/logo\/image\/\",\"url\":\"https:\/\/koningdrone.be\/wp-content\/uploads\/sites\/13\/2025\/04\/koningdrone-copyright-logo.svg\",\"contentUrl\":\"https:\/\/koningdrone.be\/wp-content\/uploads\/sites\/13\/2025\/04\/koningdrone-copyright-logo.svg\",\"width\":227,\"height\":38,\"caption\":\"Koningdrone.be\"},\"image\":{\"@id\":\"https:\/\/koningdrone.be\/#\/schema\/logo\/image\/\"}}]}<\/script>\n<!-- \/ Yoast SEO Premium plugin. -->","yoast_head_json":{"title":"DJI DL PZ 17-28 mm T3.0 ASPH Lens - koningdrone.be","robots":{"index":"index","follow":"follow","max-snippet":"max-snippet:-1","max-image-preview":"max-image-preview:large","max-video-preview":"max-video-preview:-1"},"canonical":"https:\/\/koningdrone.be\/es\/producto\/dji-dl-pz-17-28-mm-t3-0-asph-lens\/","og_locale":"es_ES","og_type":"article","og_title":"DJI DL PZ 17-28 mm T3.0 ASPH Lens","og_description":"Kalibratievrije scherpstelervaring  Omvat brandpuntsafstanden van 17-28 mm  Ultrahoge resolutie voor 8K-sensoren  Minimale objectafstand 0,19 m  Lichaam van 520 g aluminium magnesiumlegering  Ingebouwde servozoommotor  Zoom zonder opnieuw in evenwicht te brengen op Ronin 4D","og_url":"https:\/\/koningdrone.be\/es\/producto\/dji-dl-pz-17-28-mm-t3-0-asph-lens\/","og_site_name":"koningdrone.be","article_modified_time":"2026-04-29T02:00:52+00:00","og_image":[{"width":1200,"height":800,"url":"https:\/\/koningdrone.be\/wp-content\/uploads\/sites\/13\/2025\/04\/b43bb4baabf7f8766c1adf4955920019@large.jpg","type":"image\/jpeg"}],"twitter_card":"summary_large_image","twitter_misc":{"Tiempo de lectura":"2 minutos"},"schema":{"@context":"https:\/\/schema.org","@graph":[{"@type":"WebPage","@id":"https:\/\/koningdrone.be\/product\/dji-dl-pz-17-28-mm-t3-0-asph-lens\/","url":"https:\/\/koningdrone.be\/product\/dji-dl-pz-17-28-mm-t3-0-asph-lens\/","name":"DJI DL PZ 17-28 mm T3.0 ASPH Lens - koningdrone.be","isPartOf":{"@id":"https:\/\/koningdrone.be\/#website"},"primaryImageOfPage":{"@id":"https:\/\/koningdrone.be\/product\/dji-dl-pz-17-28-mm-t3-0-asph-lens\/#primaryimage"},"image":{"@id":"https:\/\/koningdrone.be\/product\/dji-dl-pz-17-28-mm-t3-0-asph-lens\/#primaryimage"},"thumbnailUrl":"https:\/\/koningdrone.be\/wp-content\/uploads\/sites\/13\/2025\/04\/b43bb4baabf7f8766c1adf4955920019@large.jpg","datePublished":"2024-03-13T14:29:50+00:00","dateModified":"2026-04-29T02:00:52+00:00","breadcrumb":{"@id":"https:\/\/koningdrone.be\/product\/dji-dl-pz-17-28-mm-t3-0-asph-lens\/#breadcrumb"},"inLanguage":"es","potentialAction":[{"@type":"ReadAction","target":["https:\/\/koningdrone.be\/product\/dji-dl-pz-17-28-mm-t3-0-asph-lens\/"]}]},{"@type":"ImageObject","inLanguage":"es","@id":"https:\/\/koningdrone.be\/product\/dji-dl-pz-17-28-mm-t3-0-asph-lens\/#primaryimage","url":"https:\/\/koningdrone.be\/wp-content\/uploads\/sites\/13\/2025\/04\/b43bb4baabf7f8766c1adf4955920019@large.jpg","contentUrl":"https:\/\/koningdrone.be\/wp-content\/uploads\/sites\/13\/2025\/04\/b43bb4baabf7f8766c1adf4955920019@large.jpg","width":1200,"height":800},{"@type":"BreadcrumbList","@id":"https:\/\/koningdrone.be\/product\/dji-dl-pz-17-28-mm-t3-0-asph-lens\/#breadcrumb","itemListElement":[{"@type":"ListItem","position":1,"name":"Home","item":"https:\/\/koningdrone.be\/"},{"@type":"ListItem","position":2,"name":"AVSS Parachute Recovery System for DJI Matrice 300\/350","item":"https:\/\/koningdrone.be\/product\/avss-parachute-recovery-system-for-dji-matrice-300-350\/"},{"@type":"ListItem","position":3,"name":"Alle industriele camera","item":"https:\/\/koningdrone.be\/categorie\/alle-industriele-camera\/"},{"@type":"ListItem","position":4,"name":"DJI DL PZ 17-28 mm T3.0 ASPH Lens"}]},{"@type":"WebSite","@id":"https:\/\/koningdrone.be\/#website","url":"https:\/\/koningdrone.be\/","name":"Koningdrone.be - Su especialista en l\u00ednea en drones, cardanes, c\u00e1maras y centrales el\u00e9ctricas.","description":"La tienda virtual de drones y cardanes","publisher":{"@id":"https:\/\/koningdrone.be\/#organization"},"potentialAction":[{"@type":"SearchAction","target":{"@type":"EntryPoint","urlTemplate":"https:\/\/koningdrone.be\/?s={search_term_string}"},"query-input":{"@type":"PropertyValueSpecification","valueRequired":true,"valueName":"search_term_string"}}],"inLanguage":"es"},{"@type":"Organization","@id":"https:\/\/koningdrone.be\/#organization","name":"Kingdrone.es","url":"https:\/\/koningdrone.be\/","logo":{"@type":"ImageObject","inLanguage":"es","@id":"https:\/\/koningdrone.be\/#\/schema\/logo\/image\/","url":"https:\/\/koningdrone.be\/wp-content\/uploads\/sites\/13\/2025\/04\/koningdrone-copyright-logo.svg","contentUrl":"https:\/\/koningdrone.be\/wp-content\/uploads\/sites\/13\/2025\/04\/koningdrone-copyright-logo.svg","width":227,"height":38,"caption":"Koningdrone.be"},"image":{"@id":"https:\/\/koningdrone.be\/#\/schema\/logo\/image\/"}}]}},"df_price":1574,"df_sale_price":"","df_regular_price":1574,"df_image_link":"https:\/\/koningdrone.be\/wp-content\/uploads\/sites\/13\/2025\/04\/b43bb4baabf7f8766c1adf4955920019@large-300x200.jpg","_links":{"self":[{"href":"https:\/\/koningdrone.be\/es\/wp-json\/wp\/v2\/product\/4134","targetHints":{"allow":["GET"]}}],"collection":[{"href":"https:\/\/koningdrone.be\/es\/wp-json\/wp\/v2\/product"}],"about":[{"href":"https:\/\/koningdrone.be\/es\/wp-json\/wp\/v2\/types\/product"}],"wp:featuredmedia":[{"embeddable":true,"href":"https:\/\/koningdrone.be\/es\/wp-json\/wp\/v2\/media\/4131"}],"wp:attachment":[{"href":"https:\/\/koningdrone.be\/es\/wp-json\/wp\/v2\/media?parent=4134"}],"wp:term":[{"taxonomy":"product_brand","embeddable":true,"href":"https:\/\/koningdrone.be\/es\/wp-json\/wp\/v2\/product_brand?post=4134"},{"taxonomy":"product_cat","embeddable":true,"href":"https:\/\/koningdrone.be\/es\/wp-json\/wp\/v2\/product_cat?post=4134"},{"taxonomy":"product_tag","embeddable":true,"href":"https:\/\/koningdrone.be\/es\/wp-json\/wp\/v2\/product_tag?post=4134"}],"curies":[{"name":"wp","href":"https:\/\/api.w.org\/{rel}","templated":true}]}}