{"id":4122,"date":"2024-03-13T15:29:50","date_gmt":"2024-03-13T14:29:50","guid":{"rendered":"https:\/\/koningdrone.nl\/kon\/product\/dji-battery-safe-bag-large-size\/"},"modified":"2026-04-29T10:10:39","modified_gmt":"2026-04-29T08:10:39","slug":"dji-battery-safe-bag-large-size","status":"publish","type":"product","link":"https:\/\/koningdrone.be\/es\/producto\/dji-battery-safe-bag-large-size\/","title":{"rendered":"Bolsa de seguridad para bater\u00eda DJI (tama\u00f1o grande)"},"content":{"rendered":"<p><strong>Introducci\u00f3n a la bolsa de seguridad para pilas<\/strong><\/p>\n<p> La bolsa Battery Safe Bag ofrece una opci\u00f3n de protecci\u00f3n fiable para las personas que desean almacenar o transportar sus bater\u00edas, garantizando que se mantengan en unas condiciones que reduzcan el riesgo de incendio accidental. Este producto est\u00e1 dise\u00f1ado de forma innovadora para dar tranquilidad a los usuarios, destacando su papel esencial en la promoci\u00f3n de la seguridad y la minimizaci\u00f3n de los peligros potenciales asociados al uso y almacenamiento de las bater\u00edas.<\/p>\n<p><strong>Caracter\u00edsticas principales y dise\u00f1o<\/strong><\/p>\n<p> Fabricada pensando en la seguridad, la bolsa Battery Safe Bag est\u00e1 hecha de materiales que pueden soportar altas temperaturas, atrapando y sofocando eficazmente cualquier llama que pueda surgir por fallos de la bater\u00eda. Esta caracter\u00edstica es crucial, ya que reduce significativamente el riesgo de prender fuego a objetos cercanos o provocar un incendio mayor. El dise\u00f1o prioriza la durabilidad y la funcionalidad, lo que permite utilizar la bolsa repetidamente para distintos tipos de bater\u00edas.<\/p>\n<p><strong>Ventajas de utilizar una bolsa a prueba de pilas<\/strong><\/p>\n<p> El uso de una bolsa portapilas aporta numerosas ventajas. Adem\u00e1s de reducir significativamente el riesgo de incendio, proporciona una forma pr\u00e1ctica y organizada de transportar las pilas, especialmente para quienes viajan con frecuencia o requieren movilidad en sus actividades. La bolsa tambi\u00e9n sirve como punto central para guardar las pilas, lo que facilita la gesti\u00f3n de las existencias de pilas y reduce el riesgo de extrav\u00edo o posibles da\u00f1os a los objetos circundantes.<\/p>\n<p><strong>Conclusi\u00f3n<\/strong><\/p>\n<p> En resumen, la Battery Safe Bag es un accesorio esencial para cualquiera que maneje bater\u00edas, ya sea con fines personales, profesionales o recreativos. Su innovador dise\u00f1o, orientado a la prevenci\u00f3n de incendios, aborda eficazmente los problemas de seguridad, lo que la convierte en una sabia inversi\u00f3n para proteger no s\u00f3lo las propias pilas, sino tambi\u00e9n el medio ambiente y a las personas de posibles da\u00f1os. Consciente de la importancia de la seguridad de las pilas, este producto es indispensable para garantizar la tranquilidad y la seguridad en su uso y almacenamiento.<\/p>\n<p><\/p>","protected":false},"excerpt":{"rendered":"<ul>\n<li>Soluci\u00f3n fiable de almacenamiento en bater\u00edas<\/li>\n<li> Mejora el transporte seguro de las bater\u00edas<\/li>\n<li> Minimiza los da\u00f1os por quemaduras<\/li>\n<li> Reduce el riesgo de ignici\u00f3n de objetos cercanos<\/li>\n<\/ul>","protected":false},"featured_media":4115,"template":"","meta":{"_acf_changed":false},"product_brand":[],"product_cat":[113,97,469],"product_tag":[],"class_list":{"0":"post-4122","1":"product","2":"type-product","3":"status-publish","4":"has-post-thumbnail","6":"product_cat-alle-batterijen","7":"product_cat-alle-producten","8":"product_cat-dji-accessories","9":"product_shipping_class-outofstock","10":"pa_brand-dji","11":"pa_productfamily-accessoire","12":"pa_producttype-accessoire","14":"first","15":"outofstock","16":"taxable","17":"shipping-taxable","18":"product-type-simple"},"acf":[],"yoast_head":"<!-- This site is optimized with the Yoast SEO Premium plugin v27.2 (Yoast SEO v27.2) - https:\/\/yoast.com\/product\/yoast-seo-premium-wordpress\/ -->\n<title>DJI Battery Safe Bag (Large Size) - koningdrone.be<\/title>\n<meta name=\"robots\" content=\"index, follow, max-snippet:-1, max-image-preview:large, max-video-preview:-1\" \/>\n<link rel=\"canonical\" href=\"https:\/\/koningdrone.be\/es\/producto\/dji-battery-safe-bag-large-size\/\" \/>\n<meta property=\"og:locale\" content=\"es_ES\" \/>\n<meta property=\"og:type\" content=\"article\" \/>\n<meta property=\"og:title\" content=\"DJI Battery Safe Bag (Large Size)\" \/>\n<meta property=\"og:description\" content=\"Betrouwbare oplossing voor batterijopslag Verbetert het veilige transport van batterijen Minimaliseert verbrandinggerelateerde schade Vermindert het risico op het ontsteken van voorwerpen in de buurt\" \/>\n<meta property=\"og:url\" content=\"https:\/\/koningdrone.be\/es\/producto\/dji-battery-safe-bag-large-size\/\" \/>\n<meta property=\"og:site_name\" content=\"koningdrone.be\" \/>\n<meta property=\"article:modified_time\" content=\"2026-04-29T08:10:39+00:00\" \/>\n<meta property=\"og:image\" content=\"https:\/\/koningdrone.be\/wp-content\/uploads\/sites\/13\/2025\/04\/large_c0047087-589c-4f68-a2c7-205720060c36.jpg\" \/>\n\t<meta property=\"og:image:width\" content=\"1200\" \/>\n\t<meta property=\"og:image:height\" content=\"800\" \/>\n\t<meta property=\"og:image:type\" content=\"image\/jpeg\" \/>\n<meta name=\"twitter:card\" content=\"summary_large_image\" \/>\n<meta name=\"twitter:label1\" content=\"Tiempo de lectura\" \/>\n\t<meta name=\"twitter:data1\" content=\"2 minutos\" \/>\n<script type=\"application\/ld+json\" class=\"yoast-schema-graph\">{\"@context\":\"https:\/\/schema.org\",\"@graph\":[{\"@type\":\"WebPage\",\"@id\":\"https:\/\/koningdrone.be\/product\/dji-battery-safe-bag-large-size\/\",\"url\":\"https:\/\/koningdrone.be\/product\/dji-battery-safe-bag-large-size\/\",\"name\":\"DJI Battery Safe Bag (Large Size) - koningdrone.be\",\"isPartOf\":{\"@id\":\"https:\/\/koningdrone.be\/#website\"},\"primaryImageOfPage\":{\"@id\":\"https:\/\/koningdrone.be\/product\/dji-battery-safe-bag-large-size\/#primaryimage\"},\"image\":{\"@id\":\"https:\/\/koningdrone.be\/product\/dji-battery-safe-bag-large-size\/#primaryimage\"},\"thumbnailUrl\":\"https:\/\/koningdrone.be\/wp-content\/uploads\/sites\/13\/2025\/04\/large_c0047087-589c-4f68-a2c7-205720060c36.jpg\",\"datePublished\":\"2024-03-13T14:29:50+00:00\",\"dateModified\":\"2026-04-29T08:10:39+00:00\",\"breadcrumb\":{\"@id\":\"https:\/\/koningdrone.be\/product\/dji-battery-safe-bag-large-size\/#breadcrumb\"},\"inLanguage\":\"es\",\"potentialAction\":[{\"@type\":\"ReadAction\",\"target\":[\"https:\/\/koningdrone.be\/product\/dji-battery-safe-bag-large-size\/\"]}]},{\"@type\":\"ImageObject\",\"inLanguage\":\"es\",\"@id\":\"https:\/\/koningdrone.be\/product\/dji-battery-safe-bag-large-size\/#primaryimage\",\"url\":\"https:\/\/koningdrone.be\/wp-content\/uploads\/sites\/13\/2025\/04\/large_c0047087-589c-4f68-a2c7-205720060c36.jpg\",\"contentUrl\":\"https:\/\/koningdrone.be\/wp-content\/uploads\/sites\/13\/2025\/04\/large_c0047087-589c-4f68-a2c7-205720060c36.jpg\",\"width\":1200,\"height\":800},{\"@type\":\"BreadcrumbList\",\"@id\":\"https:\/\/koningdrone.be\/product\/dji-battery-safe-bag-large-size\/#breadcrumb\",\"itemListElement\":[{\"@type\":\"ListItem\",\"position\":1,\"name\":\"Home\",\"item\":\"https:\/\/koningdrone.be\/\"},{\"@type\":\"ListItem\",\"position\":2,\"name\":\"AVSS Parachute Recovery System for DJI Matrice 300\/350\",\"item\":\"https:\/\/koningdrone.be\/product\/avss-parachute-recovery-system-for-dji-matrice-300-350\/\"},{\"@type\":\"ListItem\",\"position\":3,\"name\":\"Alle batterijen\",\"item\":\"https:\/\/koningdrone.be\/categorie\/alle-batterijen\/\"},{\"@type\":\"ListItem\",\"position\":4,\"name\":\"DJI Battery Safe Bag (Large Size)\"}]},{\"@type\":\"WebSite\",\"@id\":\"https:\/\/koningdrone.be\/#website\",\"url\":\"https:\/\/koningdrone.be\/\",\"name\":\"Koningdrone.be - Uw online specialist in drones, gimbals, camera's en power stations.\",\"description\":\"De webshop in drones en gimbals\",\"publisher\":{\"@id\":\"https:\/\/koningdrone.be\/#organization\"},\"potentialAction\":[{\"@type\":\"SearchAction\",\"target\":{\"@type\":\"EntryPoint\",\"urlTemplate\":\"https:\/\/koningdrone.be\/?s={search_term_string}\"},\"query-input\":{\"@type\":\"PropertyValueSpecification\",\"valueRequired\":true,\"valueName\":\"search_term_string\"}}],\"inLanguage\":\"es\"},{\"@type\":\"Organization\",\"@id\":\"https:\/\/koningdrone.be\/#organization\",\"name\":\"Koningdrone.be\",\"url\":\"https:\/\/koningdrone.be\/\",\"logo\":{\"@type\":\"ImageObject\",\"inLanguage\":\"es\",\"@id\":\"https:\/\/koningdrone.be\/#\/schema\/logo\/image\/\",\"url\":\"https:\/\/koningdrone.be\/wp-content\/uploads\/sites\/13\/2025\/04\/koningdrone-copyright-logo.svg\",\"contentUrl\":\"https:\/\/koningdrone.be\/wp-content\/uploads\/sites\/13\/2025\/04\/koningdrone-copyright-logo.svg\",\"width\":227,\"height\":38,\"caption\":\"Koningdrone.be\"},\"image\":{\"@id\":\"https:\/\/koningdrone.be\/#\/schema\/logo\/image\/\"}}]}<\/script>\n<!-- \/ Yoast SEO Premium plugin. -->","yoast_head_json":{"title":"DJI Battery Safe Bag (Large Size) - koningdrone.be","robots":{"index":"index","follow":"follow","max-snippet":"max-snippet:-1","max-image-preview":"max-image-preview:large","max-video-preview":"max-video-preview:-1"},"canonical":"https:\/\/koningdrone.be\/es\/producto\/dji-battery-safe-bag-large-size\/","og_locale":"es_ES","og_type":"article","og_title":"DJI Battery Safe Bag (Large Size)","og_description":"Betrouwbare oplossing voor batterijopslag Verbetert het veilige transport van batterijen Minimaliseert verbrandinggerelateerde schade Vermindert het risico op het ontsteken van voorwerpen in de buurt","og_url":"https:\/\/koningdrone.be\/es\/producto\/dji-battery-safe-bag-large-size\/","og_site_name":"koningdrone.be","article_modified_time":"2026-04-29T08:10:39+00:00","og_image":[{"width":1200,"height":800,"url":"https:\/\/koningdrone.be\/wp-content\/uploads\/sites\/13\/2025\/04\/large_c0047087-589c-4f68-a2c7-205720060c36.jpg","type":"image\/jpeg"}],"twitter_card":"summary_large_image","twitter_misc":{"Tiempo de lectura":"2 minutos"},"schema":{"@context":"https:\/\/schema.org","@graph":[{"@type":"WebPage","@id":"https:\/\/koningdrone.be\/product\/dji-battery-safe-bag-large-size\/","url":"https:\/\/koningdrone.be\/product\/dji-battery-safe-bag-large-size\/","name":"DJI Battery Safe Bag (Large Size) - koningdrone.be","isPartOf":{"@id":"https:\/\/koningdrone.be\/#website"},"primaryImageOfPage":{"@id":"https:\/\/koningdrone.be\/product\/dji-battery-safe-bag-large-size\/#primaryimage"},"image":{"@id":"https:\/\/koningdrone.be\/product\/dji-battery-safe-bag-large-size\/#primaryimage"},"thumbnailUrl":"https:\/\/koningdrone.be\/wp-content\/uploads\/sites\/13\/2025\/04\/large_c0047087-589c-4f68-a2c7-205720060c36.jpg","datePublished":"2024-03-13T14:29:50+00:00","dateModified":"2026-04-29T08:10:39+00:00","breadcrumb":{"@id":"https:\/\/koningdrone.be\/product\/dji-battery-safe-bag-large-size\/#breadcrumb"},"inLanguage":"es","potentialAction":[{"@type":"ReadAction","target":["https:\/\/koningdrone.be\/product\/dji-battery-safe-bag-large-size\/"]}]},{"@type":"ImageObject","inLanguage":"es","@id":"https:\/\/koningdrone.be\/product\/dji-battery-safe-bag-large-size\/#primaryimage","url":"https:\/\/koningdrone.be\/wp-content\/uploads\/sites\/13\/2025\/04\/large_c0047087-589c-4f68-a2c7-205720060c36.jpg","contentUrl":"https:\/\/koningdrone.be\/wp-content\/uploads\/sites\/13\/2025\/04\/large_c0047087-589c-4f68-a2c7-205720060c36.jpg","width":1200,"height":800},{"@type":"BreadcrumbList","@id":"https:\/\/koningdrone.be\/product\/dji-battery-safe-bag-large-size\/#breadcrumb","itemListElement":[{"@type":"ListItem","position":1,"name":"Home","item":"https:\/\/koningdrone.be\/"},{"@type":"ListItem","position":2,"name":"AVSS Parachute Recovery System for DJI Matrice 300\/350","item":"https:\/\/koningdrone.be\/product\/avss-parachute-recovery-system-for-dji-matrice-300-350\/"},{"@type":"ListItem","position":3,"name":"Alle batterijen","item":"https:\/\/koningdrone.be\/categorie\/alle-batterijen\/"},{"@type":"ListItem","position":4,"name":"DJI Battery Safe Bag (Large Size)"}]},{"@type":"WebSite","@id":"https:\/\/koningdrone.be\/#website","url":"https:\/\/koningdrone.be\/","name":"Koningdrone.be - Su especialista en l\u00ednea en drones, cardanes, c\u00e1maras y centrales el\u00e9ctricas.","description":"La tienda virtual de drones y cardanes","publisher":{"@id":"https:\/\/koningdrone.be\/#organization"},"potentialAction":[{"@type":"SearchAction","target":{"@type":"EntryPoint","urlTemplate":"https:\/\/koningdrone.be\/?s={search_term_string}"},"query-input":{"@type":"PropertyValueSpecification","valueRequired":true,"valueName":"search_term_string"}}],"inLanguage":"es"},{"@type":"Organization","@id":"https:\/\/koningdrone.be\/#organization","name":"Kingdrone.es","url":"https:\/\/koningdrone.be\/","logo":{"@type":"ImageObject","inLanguage":"es","@id":"https:\/\/koningdrone.be\/#\/schema\/logo\/image\/","url":"https:\/\/koningdrone.be\/wp-content\/uploads\/sites\/13\/2025\/04\/koningdrone-copyright-logo.svg","contentUrl":"https:\/\/koningdrone.be\/wp-content\/uploads\/sites\/13\/2025\/04\/koningdrone-copyright-logo.svg","width":227,"height":38,"caption":"Koningdrone.be"},"image":{"@id":"https:\/\/koningdrone.be\/#\/schema\/logo\/image\/"}}]}},"df_price":"","df_sale_price":"","df_regular_price":"","df_image_link":"https:\/\/koningdrone.be\/wp-content\/uploads\/sites\/13\/2025\/04\/large_c0047087-589c-4f68-a2c7-205720060c36-300x200.jpg","_links":{"self":[{"href":"https:\/\/koningdrone.be\/es\/wp-json\/wp\/v2\/product\/4122","targetHints":{"allow":["GET"]}}],"collection":[{"href":"https:\/\/koningdrone.be\/es\/wp-json\/wp\/v2\/product"}],"about":[{"href":"https:\/\/koningdrone.be\/es\/wp-json\/wp\/v2\/types\/product"}],"wp:featuredmedia":[{"embeddable":true,"href":"https:\/\/koningdrone.be\/es\/wp-json\/wp\/v2\/media\/4115"}],"wp:attachment":[{"href":"https:\/\/koningdrone.be\/es\/wp-json\/wp\/v2\/media?parent=4122"}],"wp:term":[{"taxonomy":"product_brand","embeddable":true,"href":"https:\/\/koningdrone.be\/es\/wp-json\/wp\/v2\/product_brand?post=4122"},{"taxonomy":"product_cat","embeddable":true,"href":"https:\/\/koningdrone.be\/es\/wp-json\/wp\/v2\/product_cat?post=4122"},{"taxonomy":"product_tag","embeddable":true,"href":"https:\/\/koningdrone.be\/es\/wp-json\/wp\/v2\/product_tag?post=4122"}],"curies":[{"name":"wp","href":"https:\/\/api.w.org\/{rel}","templated":true}]}}