{"id":4101,"date":"2024-03-13T15:34:29","date_gmt":"2024-03-13T14:34:29","guid":{"rendered":"https:\/\/koningdrone.nl\/kon\/product\/dji-p-tap-to-dc-in-power-cable-0-5-m\/"},"modified":"2026-04-29T04:00:37","modified_gmt":"2026-04-29T02:00:37","slug":"dji-p-tap-to-dc-in-power-cable-0-5-m","status":"publish","type":"product","link":"https:\/\/koningdrone.be\/es\/producto\/dji-p-tap-to-dc-in-power-cable-0-5-m\/","title":{"rendered":"Cable de alimentaci\u00f3n DJI P-TAP a DC-IN (0,5 m)"},"content":{"rendered":"<p> Cuando se utilizan equipos de fotograf\u00eda o cinematograf\u00eda, especialmente el Ronin 4D o la transmisi\u00f3n DJI, mantener la alimentaci\u00f3n es crucial para un funcionamiento ininterrumpido. Nuestro cable especialmente dise\u00f1ado proporciona una conexi\u00f3n perfecta entre bater\u00edas con puerto P-TAP de otras marcas a estos dispositivos DJI. Esta compatibilidad garantiza que tu equipo siga operativo y capture esos momentos cr\u00edticos sin limitaciones de energ\u00eda.<\/p>\n<p><strong>Compatibilidad y comodidad<\/strong><\/p>\n<p> Este innovador cable tiende un puente entre las bater\u00edas externas con puerto P-TAP y los avanzados equipos de DJI. Tanto si utilizas el Ronin 4D como el DJI Transmission, el cable garantiza una fuente de alimentaci\u00f3n estable y fiable desde la bater\u00eda externa. El dise\u00f1o prioriza tu comodidad, permitiendo una conexi\u00f3n sin complicaciones que mejora tu experiencia de disparo.<\/p>\n<p><strong>Integraci\u00f3n perfecta<\/strong><\/p>\n<p> La molestia de gestionar diferentes marcas y tipos de equipos es un problema com\u00fan en la industria creativa. Nuestro cable aborda este problema ofreciendo una integraci\u00f3n perfecta entre tus bater\u00edas equipadas con P-TAP y los dispositivos DJI. Esta compatibilidad no s\u00f3lo simplifica tu configuraci\u00f3n, sino que tambi\u00e9n maximiza la usabilidad del equipo que ya posees, convirti\u00e9ndolo en un accesorio esencial para los profesionales.<\/p>\n<p><strong>Accesorio indispensable<\/strong><\/p>\n<p> Para los profesionales de la fotograf\u00eda y la cinematograf\u00eda, la fiabilidad del equipo no es negociable. Este cable est\u00e1 dise\u00f1ado como un accesorio esencial que garantiza que tu Ronin 4D o tu transmisi\u00f3n DJI permanezcan alimentados durante cada proyecto. Al facilitar el uso de bater\u00edas externas, prolonga la vida \u00fatil de tus dispositivos, permiti\u00e9ndote centrarte en crear y no en la duraci\u00f3n de la bater\u00eda de tu equipo.<\/p>\n<p><\/p>","protected":false},"excerpt":{"rendered":"<ul>\n<li>Conecta bater\u00edas de terceros al Ronin 4D o DJI Transmission<\/li>\n<li> Incorpora un puerto P-TAP para una compatibilidad vers\u00e1til con bater\u00edas<\/li>\n<li> Garantiza el suministro continuo de energ\u00eda a sus equipos<\/li>\n<\/ul>","protected":false},"featured_media":4100,"template":"","meta":{"_acf_changed":false},"product_brand":[],"product_cat":[244,97,265,532],"product_tag":[],"class_list":{"0":"post-4101","1":"product","2":"type-product","3":"status-publish","4":"has-post-thumbnail","6":"product_cat-alle-kabels","7":"product_cat-alle-producten","8":"product_cat-dji-ronin","9":"product_cat-dji-ronin-4d","10":"product_shipping_class-acsystemsall","11":"pa_brand-dji","12":"pa_productfamily-kabel","13":"pa_producttype-kabel","15":"first","16":"instock","17":"taxable","18":"shipping-taxable","19":"purchasable","20":"product-type-simple"},"acf":[],"yoast_head":"<!-- This site is optimized with the Yoast SEO Premium plugin v27.2 (Yoast SEO v27.2) - https:\/\/yoast.com\/product\/yoast-seo-premium-wordpress\/ -->\n<title>DJI P-TAP to DC-IN Power Cable (0.5 m) - koningdrone.be<\/title>\n<meta name=\"robots\" content=\"index, follow, max-snippet:-1, max-image-preview:large, max-video-preview:-1\" \/>\n<link rel=\"canonical\" href=\"https:\/\/koningdrone.be\/es\/producto\/dji-p-tap-to-dc-in-power-cable-0-5-m\/\" \/>\n<meta property=\"og:locale\" content=\"es_ES\" \/>\n<meta property=\"og:type\" content=\"article\" \/>\n<meta property=\"og:title\" content=\"DJI P-TAP to DC-IN Power Cable (0.5 m)\" \/>\n<meta property=\"og:description\" content=\"Verbindt batterijen van derden met Ronin 4D of DJI Transmission Beschikt over een P-TAP-poort voor veelzijdige batterijcompatibiliteit Zorgt voor een continue stroomvoorziening van uw apparatuur\" \/>\n<meta property=\"og:url\" content=\"https:\/\/koningdrone.be\/es\/producto\/dji-p-tap-to-dc-in-power-cable-0-5-m\/\" \/>\n<meta property=\"og:site_name\" content=\"koningdrone.be\" \/>\n<meta property=\"article:modified_time\" content=\"2026-04-29T02:00:37+00:00\" \/>\n<meta property=\"og:image\" content=\"https:\/\/koningdrone.be\/wp-content\/uploads\/sites\/13\/2025\/04\/a572ab8b778756dacea342644389d7d4@large.jpg\" \/>\n\t<meta property=\"og:image:width\" content=\"1200\" \/>\n\t<meta property=\"og:image:height\" content=\"800\" \/>\n\t<meta property=\"og:image:type\" content=\"image\/jpeg\" \/>\n<meta name=\"twitter:card\" content=\"summary_large_image\" \/>\n<meta name=\"twitter:label1\" content=\"Tiempo de lectura\" \/>\n\t<meta name=\"twitter:data1\" content=\"1 minuto\" \/>\n<script type=\"application\/ld+json\" class=\"yoast-schema-graph\">{\"@context\":\"https:\/\/schema.org\",\"@graph\":[{\"@type\":\"WebPage\",\"@id\":\"https:\/\/koningdrone.be\/product\/dji-p-tap-to-dc-in-power-cable-0-5-m\/\",\"url\":\"https:\/\/koningdrone.be\/product\/dji-p-tap-to-dc-in-power-cable-0-5-m\/\",\"name\":\"DJI P-TAP to DC-IN Power Cable (0.5 m) - koningdrone.be\",\"isPartOf\":{\"@id\":\"https:\/\/koningdrone.be\/#website\"},\"primaryImageOfPage\":{\"@id\":\"https:\/\/koningdrone.be\/product\/dji-p-tap-to-dc-in-power-cable-0-5-m\/#primaryimage\"},\"image\":{\"@id\":\"https:\/\/koningdrone.be\/product\/dji-p-tap-to-dc-in-power-cable-0-5-m\/#primaryimage\"},\"thumbnailUrl\":\"https:\/\/koningdrone.be\/wp-content\/uploads\/sites\/13\/2025\/04\/a572ab8b778756dacea342644389d7d4@large.jpg\",\"datePublished\":\"2024-03-13T14:34:29+00:00\",\"dateModified\":\"2026-04-29T02:00:37+00:00\",\"breadcrumb\":{\"@id\":\"https:\/\/koningdrone.be\/product\/dji-p-tap-to-dc-in-power-cable-0-5-m\/#breadcrumb\"},\"inLanguage\":\"es\",\"potentialAction\":[{\"@type\":\"ReadAction\",\"target\":[\"https:\/\/koningdrone.be\/product\/dji-p-tap-to-dc-in-power-cable-0-5-m\/\"]}]},{\"@type\":\"ImageObject\",\"inLanguage\":\"es\",\"@id\":\"https:\/\/koningdrone.be\/product\/dji-p-tap-to-dc-in-power-cable-0-5-m\/#primaryimage\",\"url\":\"https:\/\/koningdrone.be\/wp-content\/uploads\/sites\/13\/2025\/04\/a572ab8b778756dacea342644389d7d4@large.jpg\",\"contentUrl\":\"https:\/\/koningdrone.be\/wp-content\/uploads\/sites\/13\/2025\/04\/a572ab8b778756dacea342644389d7d4@large.jpg\",\"width\":1200,\"height\":800},{\"@type\":\"BreadcrumbList\",\"@id\":\"https:\/\/koningdrone.be\/product\/dji-p-tap-to-dc-in-power-cable-0-5-m\/#breadcrumb\",\"itemListElement\":[{\"@type\":\"ListItem\",\"position\":1,\"name\":\"Home\",\"item\":\"https:\/\/koningdrone.be\/\"},{\"@type\":\"ListItem\",\"position\":2,\"name\":\"AVSS Parachute Recovery System for DJI Matrice 300\/350\",\"item\":\"https:\/\/koningdrone.be\/product\/avss-parachute-recovery-system-for-dji-matrice-300-350\/\"},{\"@type\":\"ListItem\",\"position\":3,\"name\":\"Alle kabels\",\"item\":\"https:\/\/koningdrone.be\/categorie\/alle-kabels\/\"},{\"@type\":\"ListItem\",\"position\":4,\"name\":\"DJI P-TAP to DC-IN Power Cable (0.5 m)\"}]},{\"@type\":\"WebSite\",\"@id\":\"https:\/\/koningdrone.be\/#website\",\"url\":\"https:\/\/koningdrone.be\/\",\"name\":\"Koningdrone.be - Uw online specialist in drones, gimbals, camera's en power stations.\",\"description\":\"De webshop in drones en gimbals\",\"publisher\":{\"@id\":\"https:\/\/koningdrone.be\/#organization\"},\"potentialAction\":[{\"@type\":\"SearchAction\",\"target\":{\"@type\":\"EntryPoint\",\"urlTemplate\":\"https:\/\/koningdrone.be\/?s={search_term_string}\"},\"query-input\":{\"@type\":\"PropertyValueSpecification\",\"valueRequired\":true,\"valueName\":\"search_term_string\"}}],\"inLanguage\":\"es\"},{\"@type\":\"Organization\",\"@id\":\"https:\/\/koningdrone.be\/#organization\",\"name\":\"Koningdrone.be\",\"url\":\"https:\/\/koningdrone.be\/\",\"logo\":{\"@type\":\"ImageObject\",\"inLanguage\":\"es\",\"@id\":\"https:\/\/koningdrone.be\/#\/schema\/logo\/image\/\",\"url\":\"https:\/\/koningdrone.be\/wp-content\/uploads\/sites\/13\/2025\/04\/koningdrone-copyright-logo.svg\",\"contentUrl\":\"https:\/\/koningdrone.be\/wp-content\/uploads\/sites\/13\/2025\/04\/koningdrone-copyright-logo.svg\",\"width\":227,\"height\":38,\"caption\":\"Koningdrone.be\"},\"image\":{\"@id\":\"https:\/\/koningdrone.be\/#\/schema\/logo\/image\/\"}}]}<\/script>\n<!-- \/ Yoast SEO Premium plugin. -->","yoast_head_json":{"title":"DJI P-TAP to DC-IN Power Cable (0.5 m) - koningdrone.be","robots":{"index":"index","follow":"follow","max-snippet":"max-snippet:-1","max-image-preview":"max-image-preview:large","max-video-preview":"max-video-preview:-1"},"canonical":"https:\/\/koningdrone.be\/es\/producto\/dji-p-tap-to-dc-in-power-cable-0-5-m\/","og_locale":"es_ES","og_type":"article","og_title":"DJI P-TAP to DC-IN Power Cable (0.5 m)","og_description":"Verbindt batterijen van derden met Ronin 4D of DJI Transmission Beschikt over een P-TAP-poort voor veelzijdige batterijcompatibiliteit Zorgt voor een continue stroomvoorziening van uw apparatuur","og_url":"https:\/\/koningdrone.be\/es\/producto\/dji-p-tap-to-dc-in-power-cable-0-5-m\/","og_site_name":"koningdrone.be","article_modified_time":"2026-04-29T02:00:37+00:00","og_image":[{"width":1200,"height":800,"url":"https:\/\/koningdrone.be\/wp-content\/uploads\/sites\/13\/2025\/04\/a572ab8b778756dacea342644389d7d4@large.jpg","type":"image\/jpeg"}],"twitter_card":"summary_large_image","twitter_misc":{"Tiempo de lectura":"1 minuto"},"schema":{"@context":"https:\/\/schema.org","@graph":[{"@type":"WebPage","@id":"https:\/\/koningdrone.be\/product\/dji-p-tap-to-dc-in-power-cable-0-5-m\/","url":"https:\/\/koningdrone.be\/product\/dji-p-tap-to-dc-in-power-cable-0-5-m\/","name":"DJI P-TAP to DC-IN Power Cable (0.5 m) - koningdrone.be","isPartOf":{"@id":"https:\/\/koningdrone.be\/#website"},"primaryImageOfPage":{"@id":"https:\/\/koningdrone.be\/product\/dji-p-tap-to-dc-in-power-cable-0-5-m\/#primaryimage"},"image":{"@id":"https:\/\/koningdrone.be\/product\/dji-p-tap-to-dc-in-power-cable-0-5-m\/#primaryimage"},"thumbnailUrl":"https:\/\/koningdrone.be\/wp-content\/uploads\/sites\/13\/2025\/04\/a572ab8b778756dacea342644389d7d4@large.jpg","datePublished":"2024-03-13T14:34:29+00:00","dateModified":"2026-04-29T02:00:37+00:00","breadcrumb":{"@id":"https:\/\/koningdrone.be\/product\/dji-p-tap-to-dc-in-power-cable-0-5-m\/#breadcrumb"},"inLanguage":"es","potentialAction":[{"@type":"ReadAction","target":["https:\/\/koningdrone.be\/product\/dji-p-tap-to-dc-in-power-cable-0-5-m\/"]}]},{"@type":"ImageObject","inLanguage":"es","@id":"https:\/\/koningdrone.be\/product\/dji-p-tap-to-dc-in-power-cable-0-5-m\/#primaryimage","url":"https:\/\/koningdrone.be\/wp-content\/uploads\/sites\/13\/2025\/04\/a572ab8b778756dacea342644389d7d4@large.jpg","contentUrl":"https:\/\/koningdrone.be\/wp-content\/uploads\/sites\/13\/2025\/04\/a572ab8b778756dacea342644389d7d4@large.jpg","width":1200,"height":800},{"@type":"BreadcrumbList","@id":"https:\/\/koningdrone.be\/product\/dji-p-tap-to-dc-in-power-cable-0-5-m\/#breadcrumb","itemListElement":[{"@type":"ListItem","position":1,"name":"Home","item":"https:\/\/koningdrone.be\/"},{"@type":"ListItem","position":2,"name":"AVSS Parachute Recovery System for DJI Matrice 300\/350","item":"https:\/\/koningdrone.be\/product\/avss-parachute-recovery-system-for-dji-matrice-300-350\/"},{"@type":"ListItem","position":3,"name":"Alle kabels","item":"https:\/\/koningdrone.be\/categorie\/alle-kabels\/"},{"@type":"ListItem","position":4,"name":"DJI P-TAP to DC-IN Power Cable (0.5 m)"}]},{"@type":"WebSite","@id":"https:\/\/koningdrone.be\/#website","url":"https:\/\/koningdrone.be\/","name":"Koningdrone.be - Su especialista en l\u00ednea en drones, cardanes, c\u00e1maras y centrales el\u00e9ctricas.","description":"La tienda virtual de drones y cardanes","publisher":{"@id":"https:\/\/koningdrone.be\/#organization"},"potentialAction":[{"@type":"SearchAction","target":{"@type":"EntryPoint","urlTemplate":"https:\/\/koningdrone.be\/?s={search_term_string}"},"query-input":{"@type":"PropertyValueSpecification","valueRequired":true,"valueName":"search_term_string"}}],"inLanguage":"es"},{"@type":"Organization","@id":"https:\/\/koningdrone.be\/#organization","name":"Kingdrone.es","url":"https:\/\/koningdrone.be\/","logo":{"@type":"ImageObject","inLanguage":"es","@id":"https:\/\/koningdrone.be\/#\/schema\/logo\/image\/","url":"https:\/\/koningdrone.be\/wp-content\/uploads\/sites\/13\/2025\/04\/koningdrone-copyright-logo.svg","contentUrl":"https:\/\/koningdrone.be\/wp-content\/uploads\/sites\/13\/2025\/04\/koningdrone-copyright-logo.svg","width":227,"height":38,"caption":"Koningdrone.be"},"image":{"@id":"https:\/\/koningdrone.be\/#\/schema\/logo\/image\/"}}]}},"df_price":59,"df_sale_price":"","df_regular_price":59,"df_image_link":"https:\/\/koningdrone.be\/wp-content\/uploads\/sites\/13\/2025\/04\/a572ab8b778756dacea342644389d7d4@large-300x200.jpg","_links":{"self":[{"href":"https:\/\/koningdrone.be\/es\/wp-json\/wp\/v2\/product\/4101","targetHints":{"allow":["GET"]}}],"collection":[{"href":"https:\/\/koningdrone.be\/es\/wp-json\/wp\/v2\/product"}],"about":[{"href":"https:\/\/koningdrone.be\/es\/wp-json\/wp\/v2\/types\/product"}],"wp:featuredmedia":[{"embeddable":true,"href":"https:\/\/koningdrone.be\/es\/wp-json\/wp\/v2\/media\/4100"}],"wp:attachment":[{"href":"https:\/\/koningdrone.be\/es\/wp-json\/wp\/v2\/media?parent=4101"}],"wp:term":[{"taxonomy":"product_brand","embeddable":true,"href":"https:\/\/koningdrone.be\/es\/wp-json\/wp\/v2\/product_brand?post=4101"},{"taxonomy":"product_cat","embeddable":true,"href":"https:\/\/koningdrone.be\/es\/wp-json\/wp\/v2\/product_cat?post=4101"},{"taxonomy":"product_tag","embeddable":true,"href":"https:\/\/koningdrone.be\/es\/wp-json\/wp\/v2\/product_tag?post=4101"}],"curies":[{"name":"wp","href":"https:\/\/api.w.org\/{rel}","templated":true}]}}