{"id":4099,"date":"2024-03-13T15:34:29","date_gmt":"2024-03-13T14:34:29","guid":{"rendered":"https:\/\/koningdrone.nl\/kon\/product\/dji-prossd-mount\/"},"modified":"2026-04-29T15:40:51","modified_gmt":"2026-04-29T13:40:51","slug":"dji-prossd-mount","status":"publish","type":"product","link":"https:\/\/koningdrone.be\/es\/producto\/dji-prossd-mount\/","title":{"rendered":"Montura DJI PROSSD"},"content":{"rendered":"<p> El DJI PROSSD 1TB es una soluci\u00f3n de almacenamiento avanzada dise\u00f1ada espec\u00edficamente para la grabaci\u00f3n de v\u00eddeo de alta resoluci\u00f3n. Creada para funcionar junto con el accesorio PROSSD Mount, esta unidad de almacenamiento de alta capacidad ofrece un rendimiento inigualable cuando se acopla al estabilizador de c\u00e1mara DJI Ronin 4D. Establece un nuevo est\u00e1ndar en la producci\u00f3n de v\u00eddeo y satisface las necesidades tanto de principiantes como de profesionales experimentados.<\/p>\n<p><strong>Almacenamiento de alta capacidad para grabaciones de alta resoluci\u00f3n<\/strong><\/p>\n<p> Con hasta 1 TB de almacenamiento, la DJI PROSSD permite a los usuarios capturar grandes cantidades de secuencias de v\u00eddeo en una impresionante resoluci\u00f3n 8K sin tener que preocuparse por la falta de espacio. Esta capacidad es especialmente beneficiosa para cineastas y creadores de contenidos que necesitan poder grabar sesiones largas o m\u00faltiples tomas con la m\u00e1xima calidad posible.<\/p>\n<p><strong>Integraci\u00f3n perfecta con el montaje PROSSD<\/strong><\/p>\n<p> La perfecta integraci\u00f3n entre el DJI PROSSD 1TB y el accesorio PROSSD Mount garantiza un proceso de instalaci\u00f3n sin complicaciones, permitiendo a los usuarios conectar r\u00e1pidamente la unidad de almacenamiento al estabilizador de c\u00e1mara DJI Ronin 4D. Este eficiente dise\u00f1o facilita un flujo de trabajo ininterrumpido, permitiendo a los creadores centrarse en su visi\u00f3n art\u00edstica en lugar de en engorrosos detalles t\u00e9cnicos.<\/p>\n<p><strong>Ideal para principiantes y expertos<\/strong><\/p>\n<p> Tanto si te est\u00e1s iniciando en la grabaci\u00f3n de v\u00eddeo de alta resoluci\u00f3n como si eres un experto experimentado que busca la m\u00e1xima calidad para sus proyectos profesionales, la DJI PROSSD 1TB ofrece una soluci\u00f3n vers\u00e1til. Su facilidad de uso y su rendimiento superior lo convierten en la opci\u00f3n ideal para cualquiera que busque ampliar los l\u00edmites de lo que es posible en la producci\u00f3n de v\u00eddeo.<\/p>\n<p><\/p>","protected":false},"excerpt":{"rendered":"<ul>\n<li>Compatible con el soporte PROSSD<\/li>\n<li> 1 TB de capacidad<\/li>\n<li> Instalable en el DJI Ronin 4D<\/li>\n<li> Admite grabaci\u00f3n de v\u00eddeo 8K<\/li>\n<\/ul>","protected":false},"featured_media":4096,"template":"","meta":{"_acf_changed":false},"product_brand":[],"product_cat":[97,265,532],"product_tag":[],"class_list":{"0":"post-4099","1":"product","2":"type-product","3":"status-publish","4":"has-post-thumbnail","6":"product_cat-alle-producten","7":"product_cat-dji-ronin","8":"product_cat-dji-ronin-4d","9":"product_shipping_class-outofstock","10":"pa_brand-dji","11":"pa_productfamily-mount","12":"pa_producttype-mount","14":"first","15":"outofstock","16":"taxable","17":"shipping-taxable","18":"purchasable","19":"product-type-simple"},"acf":[],"yoast_head":"<!-- This site is optimized with the Yoast SEO Premium plugin v27.2 (Yoast SEO v27.2) - https:\/\/yoast.com\/product\/yoast-seo-premium-wordpress\/ -->\n<title>DJI PROSSD Mount - koningdrone.be<\/title>\n<meta name=\"robots\" content=\"index, follow, max-snippet:-1, max-image-preview:large, max-video-preview:-1\" \/>\n<link rel=\"canonical\" href=\"https:\/\/koningdrone.be\/es\/producto\/dji-prossd-mount\/\" \/>\n<meta property=\"og:locale\" content=\"es_ES\" \/>\n<meta property=\"og:type\" content=\"article\" \/>\n<meta property=\"og:title\" content=\"DJI PROSSD Mount\" \/>\n<meta property=\"og:description\" content=\"Compatibel met PROSSD-houder 1TB capaciteit Installeerbaar op DJI Ronin 4D Ondersteunt 8K-video-opname\" \/>\n<meta property=\"og:url\" content=\"https:\/\/koningdrone.be\/es\/producto\/dji-prossd-mount\/\" \/>\n<meta property=\"og:site_name\" content=\"koningdrone.be\" \/>\n<meta property=\"article:modified_time\" content=\"2026-04-29T13:40:51+00:00\" \/>\n<meta property=\"og:image\" content=\"https:\/\/koningdrone.be\/wp-content\/uploads\/sites\/13\/2025\/04\/4ebc8981569d567eb3b3422be2c03109@large.jpg\" \/>\n\t<meta property=\"og:image:width\" content=\"1200\" \/>\n\t<meta property=\"og:image:height\" content=\"800\" \/>\n\t<meta property=\"og:image:type\" content=\"image\/jpeg\" \/>\n<meta name=\"twitter:card\" content=\"summary_large_image\" \/>\n<meta name=\"twitter:label1\" content=\"Tiempo de lectura\" \/>\n\t<meta name=\"twitter:data1\" content=\"1 minuto\" \/>\n<script type=\"application\/ld+json\" class=\"yoast-schema-graph\">{\"@context\":\"https:\/\/schema.org\",\"@graph\":[{\"@type\":\"WebPage\",\"@id\":\"https:\/\/koningdrone.be\/product\/dji-prossd-mount\/\",\"url\":\"https:\/\/koningdrone.be\/product\/dji-prossd-mount\/\",\"name\":\"DJI PROSSD Mount - koningdrone.be\",\"isPartOf\":{\"@id\":\"https:\/\/koningdrone.be\/#website\"},\"primaryImageOfPage\":{\"@id\":\"https:\/\/koningdrone.be\/product\/dji-prossd-mount\/#primaryimage\"},\"image\":{\"@id\":\"https:\/\/koningdrone.be\/product\/dji-prossd-mount\/#primaryimage\"},\"thumbnailUrl\":\"https:\/\/koningdrone.be\/wp-content\/uploads\/sites\/13\/2025\/04\/4ebc8981569d567eb3b3422be2c03109@large.jpg\",\"datePublished\":\"2024-03-13T14:34:29+00:00\",\"dateModified\":\"2026-04-29T13:40:51+00:00\",\"breadcrumb\":{\"@id\":\"https:\/\/koningdrone.be\/product\/dji-prossd-mount\/#breadcrumb\"},\"inLanguage\":\"es\",\"potentialAction\":[{\"@type\":\"ReadAction\",\"target\":[\"https:\/\/koningdrone.be\/product\/dji-prossd-mount\/\"]}]},{\"@type\":\"ImageObject\",\"inLanguage\":\"es\",\"@id\":\"https:\/\/koningdrone.be\/product\/dji-prossd-mount\/#primaryimage\",\"url\":\"https:\/\/koningdrone.be\/wp-content\/uploads\/sites\/13\/2025\/04\/4ebc8981569d567eb3b3422be2c03109@large.jpg\",\"contentUrl\":\"https:\/\/koningdrone.be\/wp-content\/uploads\/sites\/13\/2025\/04\/4ebc8981569d567eb3b3422be2c03109@large.jpg\",\"width\":1200,\"height\":800},{\"@type\":\"BreadcrumbList\",\"@id\":\"https:\/\/koningdrone.be\/product\/dji-prossd-mount\/#breadcrumb\",\"itemListElement\":[{\"@type\":\"ListItem\",\"position\":1,\"name\":\"Home\",\"item\":\"https:\/\/koningdrone.be\/\"},{\"@type\":\"ListItem\",\"position\":2,\"name\":\"AVSS Parachute Recovery System for DJI Matrice 300\/350\",\"item\":\"https:\/\/koningdrone.be\/product\/avss-parachute-recovery-system-for-dji-matrice-300-350\/\"},{\"@type\":\"ListItem\",\"position\":3,\"name\":\"Alle producten\",\"item\":\"https:\/\/koningdrone.be\/categorie\/alle-producten\/\"},{\"@type\":\"ListItem\",\"position\":4,\"name\":\"DJI PROSSD Mount\"}]},{\"@type\":\"WebSite\",\"@id\":\"https:\/\/koningdrone.be\/#website\",\"url\":\"https:\/\/koningdrone.be\/\",\"name\":\"Koningdrone.be - Uw online specialist in drones, gimbals, camera's en power stations.\",\"description\":\"De webshop in drones en gimbals\",\"publisher\":{\"@id\":\"https:\/\/koningdrone.be\/#organization\"},\"potentialAction\":[{\"@type\":\"SearchAction\",\"target\":{\"@type\":\"EntryPoint\",\"urlTemplate\":\"https:\/\/koningdrone.be\/?s={search_term_string}\"},\"query-input\":{\"@type\":\"PropertyValueSpecification\",\"valueRequired\":true,\"valueName\":\"search_term_string\"}}],\"inLanguage\":\"es\"},{\"@type\":\"Organization\",\"@id\":\"https:\/\/koningdrone.be\/#organization\",\"name\":\"Koningdrone.be\",\"url\":\"https:\/\/koningdrone.be\/\",\"logo\":{\"@type\":\"ImageObject\",\"inLanguage\":\"es\",\"@id\":\"https:\/\/koningdrone.be\/#\/schema\/logo\/image\/\",\"url\":\"https:\/\/koningdrone.be\/wp-content\/uploads\/sites\/13\/2025\/04\/koningdrone-copyright-logo.svg\",\"contentUrl\":\"https:\/\/koningdrone.be\/wp-content\/uploads\/sites\/13\/2025\/04\/koningdrone-copyright-logo.svg\",\"width\":227,\"height\":38,\"caption\":\"Koningdrone.be\"},\"image\":{\"@id\":\"https:\/\/koningdrone.be\/#\/schema\/logo\/image\/\"}}]}<\/script>\n<!-- \/ Yoast SEO Premium plugin. -->","yoast_head_json":{"title":"DJI PROSSD Mount - koningdrone.be","robots":{"index":"index","follow":"follow","max-snippet":"max-snippet:-1","max-image-preview":"max-image-preview:large","max-video-preview":"max-video-preview:-1"},"canonical":"https:\/\/koningdrone.be\/es\/producto\/dji-prossd-mount\/","og_locale":"es_ES","og_type":"article","og_title":"DJI PROSSD Mount","og_description":"Compatibel met PROSSD-houder 1TB capaciteit Installeerbaar op DJI Ronin 4D Ondersteunt 8K-video-opname","og_url":"https:\/\/koningdrone.be\/es\/producto\/dji-prossd-mount\/","og_site_name":"koningdrone.be","article_modified_time":"2026-04-29T13:40:51+00:00","og_image":[{"width":1200,"height":800,"url":"https:\/\/koningdrone.be\/wp-content\/uploads\/sites\/13\/2025\/04\/4ebc8981569d567eb3b3422be2c03109@large.jpg","type":"image\/jpeg"}],"twitter_card":"summary_large_image","twitter_misc":{"Tiempo de lectura":"1 minuto"},"schema":{"@context":"https:\/\/schema.org","@graph":[{"@type":"WebPage","@id":"https:\/\/koningdrone.be\/product\/dji-prossd-mount\/","url":"https:\/\/koningdrone.be\/product\/dji-prossd-mount\/","name":"DJI PROSSD Mount - koningdrone.be","isPartOf":{"@id":"https:\/\/koningdrone.be\/#website"},"primaryImageOfPage":{"@id":"https:\/\/koningdrone.be\/product\/dji-prossd-mount\/#primaryimage"},"image":{"@id":"https:\/\/koningdrone.be\/product\/dji-prossd-mount\/#primaryimage"},"thumbnailUrl":"https:\/\/koningdrone.be\/wp-content\/uploads\/sites\/13\/2025\/04\/4ebc8981569d567eb3b3422be2c03109@large.jpg","datePublished":"2024-03-13T14:34:29+00:00","dateModified":"2026-04-29T13:40:51+00:00","breadcrumb":{"@id":"https:\/\/koningdrone.be\/product\/dji-prossd-mount\/#breadcrumb"},"inLanguage":"es","potentialAction":[{"@type":"ReadAction","target":["https:\/\/koningdrone.be\/product\/dji-prossd-mount\/"]}]},{"@type":"ImageObject","inLanguage":"es","@id":"https:\/\/koningdrone.be\/product\/dji-prossd-mount\/#primaryimage","url":"https:\/\/koningdrone.be\/wp-content\/uploads\/sites\/13\/2025\/04\/4ebc8981569d567eb3b3422be2c03109@large.jpg","contentUrl":"https:\/\/koningdrone.be\/wp-content\/uploads\/sites\/13\/2025\/04\/4ebc8981569d567eb3b3422be2c03109@large.jpg","width":1200,"height":800},{"@type":"BreadcrumbList","@id":"https:\/\/koningdrone.be\/product\/dji-prossd-mount\/#breadcrumb","itemListElement":[{"@type":"ListItem","position":1,"name":"Home","item":"https:\/\/koningdrone.be\/"},{"@type":"ListItem","position":2,"name":"AVSS Parachute Recovery System for DJI Matrice 300\/350","item":"https:\/\/koningdrone.be\/product\/avss-parachute-recovery-system-for-dji-matrice-300-350\/"},{"@type":"ListItem","position":3,"name":"Alle producten","item":"https:\/\/koningdrone.be\/categorie\/alle-producten\/"},{"@type":"ListItem","position":4,"name":"DJI PROSSD Mount"}]},{"@type":"WebSite","@id":"https:\/\/koningdrone.be\/#website","url":"https:\/\/koningdrone.be\/","name":"Koningdrone.be - Su especialista en l\u00ednea en drones, cardanes, c\u00e1maras y centrales el\u00e9ctricas.","description":"La tienda virtual de drones y cardanes","publisher":{"@id":"https:\/\/koningdrone.be\/#organization"},"potentialAction":[{"@type":"SearchAction","target":{"@type":"EntryPoint","urlTemplate":"https:\/\/koningdrone.be\/?s={search_term_string}"},"query-input":{"@type":"PropertyValueSpecification","valueRequired":true,"valueName":"search_term_string"}}],"inLanguage":"es"},{"@type":"Organization","@id":"https:\/\/koningdrone.be\/#organization","name":"Kingdrone.es","url":"https:\/\/koningdrone.be\/","logo":{"@type":"ImageObject","inLanguage":"es","@id":"https:\/\/koningdrone.be\/#\/schema\/logo\/image\/","url":"https:\/\/koningdrone.be\/wp-content\/uploads\/sites\/13\/2025\/04\/koningdrone-copyright-logo.svg","contentUrl":"https:\/\/koningdrone.be\/wp-content\/uploads\/sites\/13\/2025\/04\/koningdrone-copyright-logo.svg","width":227,"height":38,"caption":"Koningdrone.be"},"image":{"@id":"https:\/\/koningdrone.be\/#\/schema\/logo\/image\/"}}]}},"df_price":169,"df_sale_price":"","df_regular_price":169,"df_image_link":"https:\/\/koningdrone.be\/wp-content\/uploads\/sites\/13\/2025\/04\/4ebc8981569d567eb3b3422be2c03109@large-300x200.jpg","_links":{"self":[{"href":"https:\/\/koningdrone.be\/es\/wp-json\/wp\/v2\/product\/4099","targetHints":{"allow":["GET"]}}],"collection":[{"href":"https:\/\/koningdrone.be\/es\/wp-json\/wp\/v2\/product"}],"about":[{"href":"https:\/\/koningdrone.be\/es\/wp-json\/wp\/v2\/types\/product"}],"wp:featuredmedia":[{"embeddable":true,"href":"https:\/\/koningdrone.be\/es\/wp-json\/wp\/v2\/media\/4096"}],"wp:attachment":[{"href":"https:\/\/koningdrone.be\/es\/wp-json\/wp\/v2\/media?parent=4099"}],"wp:term":[{"taxonomy":"product_brand","embeddable":true,"href":"https:\/\/koningdrone.be\/es\/wp-json\/wp\/v2\/product_brand?post=4099"},{"taxonomy":"product_cat","embeddable":true,"href":"https:\/\/koningdrone.be\/es\/wp-json\/wp\/v2\/product_cat?post=4099"},{"taxonomy":"product_tag","embeddable":true,"href":"https:\/\/koningdrone.be\/es\/wp-json\/wp\/v2\/product_tag?post=4099"}],"curies":[{"name":"wp","href":"https:\/\/api.w.org\/{rel}","templated":true}]}}