{"id":4067,"date":"2024-03-13T15:36:23","date_gmt":"2024-03-13T14:36:23","guid":{"rendered":"https:\/\/koningdrone.nl\/kon\/product\/dji-r-quick-release-plate-upper\/"},"modified":"2026-04-29T10:30:55","modified_gmt":"2026-04-29T08:30:55","slug":"dji-r-quick-release-plate-upper","status":"publish","type":"product","link":"https:\/\/koningdrone.be\/es\/producto\/dji-r-quick-release-plate-upper\/","title":{"rendered":"Placa de liberaci\u00f3n r\u00e1pida DJI R (superior)"},"content":{"rendered":"<p><strong>Mayor versatilidad<\/strong><\/p>\n<p> La placa de liberaci\u00f3n r\u00e1pida DJI R (superior) se adapta a los requisitos de fot\u00f3grafos y vide\u00f3grafos y fomenta la versatilidad gracias a su construcci\u00f3n \u00fanica. Incluye dos ranuras y un \u00fanico orificio de montaje de 1\/4\u2033-20, lo que ofrece flexibilidad a la hora de fijar la c\u00e1mara y garantiza la compatibilidad con una amplia gama de configuraciones. Esta adaptabilidad lo convierte en una herramienta indispensable para los profesionales que buscan afinar sus configuraciones de disparo.<\/p>\n<p><strong>Opciones de montaje avanzadas<\/strong><\/p>\n<p> Adem\u00e1s de su dise\u00f1o adaptable, la placa cuenta con dos orificios para tornillos M4. Esta caracter\u00edstica es especialmente \u00fatil para los usuarios que deseen fijar el nuevo kit de montaje de varilla del motor Focus directamente al lateral de la placa. Al facilitar la integraci\u00f3n de equipos adicionales, la placa de liberaci\u00f3n r\u00e1pida DJI R (superior) ampl\u00eda significativamente el alcance de las posibilidades creativas, permitiendo a los usuarios mejorar sus proyectos de fotograf\u00eda y videograf\u00eda.<\/p>\n<p><\/p>","protected":false},"excerpt":{"rendered":"<ul>\n<li>Equipado con dos ranuras para una fijaci\u00f3n flexible<\/li>\n<li> Incluye un orificio de montaje de 1\/4\"-20<\/li>\n<li> Viene con dos orificios para tornillos M4<\/li>\n<li> Admite el nuevo accesorio del kit de montaje de la varilla del motor Focus<\/li>\n<\/ul>","protected":false},"featured_media":4065,"template":"","meta":{"_acf_changed":false},"product_brand":[],"product_cat":[97,265,624],"product_tag":[],"class_list":{"0":"post-4067","1":"product","2":"type-product","3":"status-publish","4":"has-post-thumbnail","6":"product_cat-alle-producten","7":"product_cat-dji-ronin","8":"product_cat-enterprise-accessoires","9":"product_shipping_class-outofstock","10":"pa_brand-dji","11":"pa_productfamily-quick-release-plate","12":"pa_producttype-quick-release-plate","14":"first","15":"outofstock","16":"taxable","17":"shipping-taxable","18":"product-type-simple"},"acf":[],"yoast_head":"<!-- This site is optimized with the Yoast SEO Premium plugin v27.2 (Yoast SEO v27.2) - https:\/\/yoast.com\/product\/yoast-seo-premium-wordpress\/ -->\n<title>DJI R Quick-Release Plate (Upper) - koningdrone.be<\/title>\n<meta name=\"robots\" content=\"index, follow, max-snippet:-1, max-image-preview:large, max-video-preview:-1\" \/>\n<link rel=\"canonical\" href=\"https:\/\/koningdrone.be\/es\/producto\/dji-r-quick-release-plate-upper\/\" \/>\n<meta property=\"og:locale\" content=\"es_ES\" \/>\n<meta property=\"og:type\" content=\"article\" \/>\n<meta property=\"og:title\" content=\"DJI R Quick-Release Plate (Upper)\" \/>\n<meta property=\"og:description\" content=\"Voorzien van twee sleuven voor flexibele bevestiging Inclusief \u00e9\u00e9n 1\/4&quot;-20 montagegat Wordt geleverd met twee M4-schroefgaten Ondersteunt de nieuwe Focus Motor Rod Mount Kit-bevestiging\" \/>\n<meta property=\"og:url\" content=\"https:\/\/koningdrone.be\/es\/producto\/dji-r-quick-release-plate-upper\/\" \/>\n<meta property=\"og:site_name\" content=\"koningdrone.be\" \/>\n<meta property=\"article:modified_time\" content=\"2026-04-29T08:30:55+00:00\" \/>\n<meta property=\"og:image\" content=\"https:\/\/koningdrone.be\/wp-content\/uploads\/sites\/13\/2025\/04\/12f23bbf0bb34e859944cc5a9d6be4bd@large.jpg\" \/>\n\t<meta property=\"og:image:width\" content=\"1200\" \/>\n\t<meta property=\"og:image:height\" content=\"800\" \/>\n\t<meta property=\"og:image:type\" content=\"image\/jpeg\" \/>\n<meta name=\"twitter:card\" content=\"summary_large_image\" \/>\n<meta name=\"twitter:label1\" content=\"Tiempo de lectura\" \/>\n\t<meta name=\"twitter:data1\" content=\"1 minuto\" \/>\n<script type=\"application\/ld+json\" class=\"yoast-schema-graph\">{\"@context\":\"https:\/\/schema.org\",\"@graph\":[{\"@type\":\"WebPage\",\"@id\":\"https:\/\/koningdrone.be\/product\/dji-r-quick-release-plate-upper\/\",\"url\":\"https:\/\/koningdrone.be\/product\/dji-r-quick-release-plate-upper\/\",\"name\":\"DJI R Quick-Release Plate (Upper) - koningdrone.be\",\"isPartOf\":{\"@id\":\"https:\/\/koningdrone.be\/#website\"},\"primaryImageOfPage\":{\"@id\":\"https:\/\/koningdrone.be\/product\/dji-r-quick-release-plate-upper\/#primaryimage\"},\"image\":{\"@id\":\"https:\/\/koningdrone.be\/product\/dji-r-quick-release-plate-upper\/#primaryimage\"},\"thumbnailUrl\":\"https:\/\/koningdrone.be\/wp-content\/uploads\/sites\/13\/2025\/04\/12f23bbf0bb34e859944cc5a9d6be4bd@large.jpg\",\"datePublished\":\"2024-03-13T14:36:23+00:00\",\"dateModified\":\"2026-04-29T08:30:55+00:00\",\"breadcrumb\":{\"@id\":\"https:\/\/koningdrone.be\/product\/dji-r-quick-release-plate-upper\/#breadcrumb\"},\"inLanguage\":\"es\",\"potentialAction\":[{\"@type\":\"ReadAction\",\"target\":[\"https:\/\/koningdrone.be\/product\/dji-r-quick-release-plate-upper\/\"]}]},{\"@type\":\"ImageObject\",\"inLanguage\":\"es\",\"@id\":\"https:\/\/koningdrone.be\/product\/dji-r-quick-release-plate-upper\/#primaryimage\",\"url\":\"https:\/\/koningdrone.be\/wp-content\/uploads\/sites\/13\/2025\/04\/12f23bbf0bb34e859944cc5a9d6be4bd@large.jpg\",\"contentUrl\":\"https:\/\/koningdrone.be\/wp-content\/uploads\/sites\/13\/2025\/04\/12f23bbf0bb34e859944cc5a9d6be4bd@large.jpg\",\"width\":1200,\"height\":800},{\"@type\":\"BreadcrumbList\",\"@id\":\"https:\/\/koningdrone.be\/product\/dji-r-quick-release-plate-upper\/#breadcrumb\",\"itemListElement\":[{\"@type\":\"ListItem\",\"position\":1,\"name\":\"Home\",\"item\":\"https:\/\/koningdrone.be\/\"},{\"@type\":\"ListItem\",\"position\":2,\"name\":\"AVSS Parachute Recovery System for DJI Matrice 300\/350\",\"item\":\"https:\/\/koningdrone.be\/product\/avss-parachute-recovery-system-for-dji-matrice-300-350\/\"},{\"@type\":\"ListItem\",\"position\":3,\"name\":\"Alle producten\",\"item\":\"https:\/\/koningdrone.be\/categorie\/alle-producten\/\"},{\"@type\":\"ListItem\",\"position\":4,\"name\":\"DJI R Quick-Release Plate (Upper)\"}]},{\"@type\":\"WebSite\",\"@id\":\"https:\/\/koningdrone.be\/#website\",\"url\":\"https:\/\/koningdrone.be\/\",\"name\":\"Koningdrone.be - Uw online specialist in drones, gimbals, camera's en power stations.\",\"description\":\"De webshop in drones en gimbals\",\"publisher\":{\"@id\":\"https:\/\/koningdrone.be\/#organization\"},\"potentialAction\":[{\"@type\":\"SearchAction\",\"target\":{\"@type\":\"EntryPoint\",\"urlTemplate\":\"https:\/\/koningdrone.be\/?s={search_term_string}\"},\"query-input\":{\"@type\":\"PropertyValueSpecification\",\"valueRequired\":true,\"valueName\":\"search_term_string\"}}],\"inLanguage\":\"es\"},{\"@type\":\"Organization\",\"@id\":\"https:\/\/koningdrone.be\/#organization\",\"name\":\"Koningdrone.be\",\"url\":\"https:\/\/koningdrone.be\/\",\"logo\":{\"@type\":\"ImageObject\",\"inLanguage\":\"es\",\"@id\":\"https:\/\/koningdrone.be\/#\/schema\/logo\/image\/\",\"url\":\"https:\/\/koningdrone.be\/wp-content\/uploads\/sites\/13\/2025\/04\/koningdrone-copyright-logo.svg\",\"contentUrl\":\"https:\/\/koningdrone.be\/wp-content\/uploads\/sites\/13\/2025\/04\/koningdrone-copyright-logo.svg\",\"width\":227,\"height\":38,\"caption\":\"Koningdrone.be\"},\"image\":{\"@id\":\"https:\/\/koningdrone.be\/#\/schema\/logo\/image\/\"}}]}<\/script>\n<!-- \/ Yoast SEO Premium plugin. -->","yoast_head_json":{"title":"DJI R Quick-Release Plate (Upper) - koningdrone.be","robots":{"index":"index","follow":"follow","max-snippet":"max-snippet:-1","max-image-preview":"max-image-preview:large","max-video-preview":"max-video-preview:-1"},"canonical":"https:\/\/koningdrone.be\/es\/producto\/dji-r-quick-release-plate-upper\/","og_locale":"es_ES","og_type":"article","og_title":"DJI R Quick-Release Plate (Upper)","og_description":"Voorzien van twee sleuven voor flexibele bevestiging Inclusief \u00e9\u00e9n 1\/4&quot;-20 montagegat Wordt geleverd met twee M4-schroefgaten Ondersteunt de nieuwe Focus Motor Rod Mount Kit-bevestiging","og_url":"https:\/\/koningdrone.be\/es\/producto\/dji-r-quick-release-plate-upper\/","og_site_name":"koningdrone.be","article_modified_time":"2026-04-29T08:30:55+00:00","og_image":[{"width":1200,"height":800,"url":"https:\/\/koningdrone.be\/wp-content\/uploads\/sites\/13\/2025\/04\/12f23bbf0bb34e859944cc5a9d6be4bd@large.jpg","type":"image\/jpeg"}],"twitter_card":"summary_large_image","twitter_misc":{"Tiempo de lectura":"1 minuto"},"schema":{"@context":"https:\/\/schema.org","@graph":[{"@type":"WebPage","@id":"https:\/\/koningdrone.be\/product\/dji-r-quick-release-plate-upper\/","url":"https:\/\/koningdrone.be\/product\/dji-r-quick-release-plate-upper\/","name":"DJI R Quick-Release Plate (Upper) - koningdrone.be","isPartOf":{"@id":"https:\/\/koningdrone.be\/#website"},"primaryImageOfPage":{"@id":"https:\/\/koningdrone.be\/product\/dji-r-quick-release-plate-upper\/#primaryimage"},"image":{"@id":"https:\/\/koningdrone.be\/product\/dji-r-quick-release-plate-upper\/#primaryimage"},"thumbnailUrl":"https:\/\/koningdrone.be\/wp-content\/uploads\/sites\/13\/2025\/04\/12f23bbf0bb34e859944cc5a9d6be4bd@large.jpg","datePublished":"2024-03-13T14:36:23+00:00","dateModified":"2026-04-29T08:30:55+00:00","breadcrumb":{"@id":"https:\/\/koningdrone.be\/product\/dji-r-quick-release-plate-upper\/#breadcrumb"},"inLanguage":"es","potentialAction":[{"@type":"ReadAction","target":["https:\/\/koningdrone.be\/product\/dji-r-quick-release-plate-upper\/"]}]},{"@type":"ImageObject","inLanguage":"es","@id":"https:\/\/koningdrone.be\/product\/dji-r-quick-release-plate-upper\/#primaryimage","url":"https:\/\/koningdrone.be\/wp-content\/uploads\/sites\/13\/2025\/04\/12f23bbf0bb34e859944cc5a9d6be4bd@large.jpg","contentUrl":"https:\/\/koningdrone.be\/wp-content\/uploads\/sites\/13\/2025\/04\/12f23bbf0bb34e859944cc5a9d6be4bd@large.jpg","width":1200,"height":800},{"@type":"BreadcrumbList","@id":"https:\/\/koningdrone.be\/product\/dji-r-quick-release-plate-upper\/#breadcrumb","itemListElement":[{"@type":"ListItem","position":1,"name":"Home","item":"https:\/\/koningdrone.be\/"},{"@type":"ListItem","position":2,"name":"AVSS Parachute Recovery System for DJI Matrice 300\/350","item":"https:\/\/koningdrone.be\/product\/avss-parachute-recovery-system-for-dji-matrice-300-350\/"},{"@type":"ListItem","position":3,"name":"Alle producten","item":"https:\/\/koningdrone.be\/categorie\/alle-producten\/"},{"@type":"ListItem","position":4,"name":"DJI R Quick-Release Plate (Upper)"}]},{"@type":"WebSite","@id":"https:\/\/koningdrone.be\/#website","url":"https:\/\/koningdrone.be\/","name":"Koningdrone.be - Su especialista en l\u00ednea en drones, cardanes, c\u00e1maras y centrales el\u00e9ctricas.","description":"La tienda virtual de drones y cardanes","publisher":{"@id":"https:\/\/koningdrone.be\/#organization"},"potentialAction":[{"@type":"SearchAction","target":{"@type":"EntryPoint","urlTemplate":"https:\/\/koningdrone.be\/?s={search_term_string}"},"query-input":{"@type":"PropertyValueSpecification","valueRequired":true,"valueName":"search_term_string"}}],"inLanguage":"es"},{"@type":"Organization","@id":"https:\/\/koningdrone.be\/#organization","name":"Kingdrone.es","url":"https:\/\/koningdrone.be\/","logo":{"@type":"ImageObject","inLanguage":"es","@id":"https:\/\/koningdrone.be\/#\/schema\/logo\/image\/","url":"https:\/\/koningdrone.be\/wp-content\/uploads\/sites\/13\/2025\/04\/koningdrone-copyright-logo.svg","contentUrl":"https:\/\/koningdrone.be\/wp-content\/uploads\/sites\/13\/2025\/04\/koningdrone-copyright-logo.svg","width":227,"height":38,"caption":"Koningdrone.be"},"image":{"@id":"https:\/\/koningdrone.be\/#\/schema\/logo\/image\/"}}]}},"df_price":"","df_sale_price":"","df_regular_price":"","df_image_link":"https:\/\/koningdrone.be\/wp-content\/uploads\/sites\/13\/2025\/04\/12f23bbf0bb34e859944cc5a9d6be4bd@large-300x200.jpg","_links":{"self":[{"href":"https:\/\/koningdrone.be\/es\/wp-json\/wp\/v2\/product\/4067","targetHints":{"allow":["GET"]}}],"collection":[{"href":"https:\/\/koningdrone.be\/es\/wp-json\/wp\/v2\/product"}],"about":[{"href":"https:\/\/koningdrone.be\/es\/wp-json\/wp\/v2\/types\/product"}],"wp:featuredmedia":[{"embeddable":true,"href":"https:\/\/koningdrone.be\/es\/wp-json\/wp\/v2\/media\/4065"}],"wp:attachment":[{"href":"https:\/\/koningdrone.be\/es\/wp-json\/wp\/v2\/media?parent=4067"}],"wp:term":[{"taxonomy":"product_brand","embeddable":true,"href":"https:\/\/koningdrone.be\/es\/wp-json\/wp\/v2\/product_brand?post=4067"},{"taxonomy":"product_cat","embeddable":true,"href":"https:\/\/koningdrone.be\/es\/wp-json\/wp\/v2\/product_cat?post=4067"},{"taxonomy":"product_tag","embeddable":true,"href":"https:\/\/koningdrone.be\/es\/wp-json\/wp\/v2\/product_tag?post=4067"}],"curies":[{"name":"wp","href":"https:\/\/api.w.org\/{rel}","templated":true}]}}