{"id":4064,"date":"2024-03-13T15:36:23","date_gmt":"2024-03-13T15:36:23","guid":{"rendered":"https:\/\/koningdrone.nl\/kon\/product\/dji-ronin-4d-raw-license\/"},"modified":"2025-04-29T12:03:14","modified_gmt":"2025-04-29T12:03:14","slug":"dji-ronin-4d-raw-license","status":"publish","type":"product","link":"https:\/\/koningdrone.be\/es\/producto\/dji-ronin-4d-raw-license\/","title":{"rendered":"Licencia DJI Ronin 4D RAW"},"content":{"rendered":"<p><strong>Liberar el potencial cinematogr\u00e1fico<\/strong><\/p>\n<p> Enriquece tu viaje cinematogr\u00e1fico con la c\u00e1mara Ronin 4D desbloqueando las capacidades de grabaci\u00f3n de v\u00eddeo Apple ProRes RAW. Esta compra \u00fanica te da acceso exclusivo a grabar en un formato ampliamente reconocido por su alta calidad y flexibilidad de postproducci\u00f3n. Esta caracter\u00edstica es perfecta para los cineastas que buscan alcanzar la grandeza cinematogr\u00e1fica y es clave para desbloquear la verdadera libertad creativa.<\/p>\n<p><strong>Acceder siempre<\/strong><\/p>\n<p> Con esta compra, la capacidad de grabaci\u00f3n de v\u00eddeo Apple ProRes RAW se convierte en una adici\u00f3n permanente al arsenal de tu c\u00e1mara Ronin 4D. Esto significa un sinf\u00edn de oportunidades para grabar contenidos impresionantes sin tener que preocuparte por cuotas recurrentes o suscripciones. Es una simple inversi\u00f3n en el futuro de tu negocio cinematogr\u00e1fico, d\u00e1ndote el poder de dar vida a tu visi\u00f3n, hoy y ma\u00f1ana.<\/p>\n<p><strong>F\u00e1cil activaci\u00f3n<\/strong><\/p>\n<p> La activaci\u00f3n de la nueva funci\u00f3n de grabaci\u00f3n Apple ProRes RAW es muy sencilla. Tras la compra, recibir\u00e1s una clave de licencia para desbloquear esta funci\u00f3n avanzada. Para obtener instrucciones detalladas sobre c\u00f3mo activar esta clave y empezar a grabar en Apple ProRes RAW, simplemente haz clic en el enlace proporcionado. Est\u00e1 dise\u00f1ado para que puedas empezar a trabajar r\u00e1pidamente, para que puedas centrarte en lo que realmente importa: crear contenidos cinematogr\u00e1ficos asombrosos.<\/p>\n<p><\/p>","protected":false},"excerpt":{"rendered":"<ul>\n<li>Permite la grabaci\u00f3n de v\u00eddeo Apple ProRes RAW en el Ronin 4D.<\/li>\n<li> V\u00e1lido indefinidamente si se compra una vez.<\/li>\n<li> Cumple amplios requisitos para la grabaci\u00f3n de pel\u00edculas.<\/li>\n<li> Contiene instrucciones para activar la clave de licencia.<\/li>\n<\/ul>","protected":false},"featured_media":4063,"template":"","meta":{"_acf_changed":false},"product_brand":[],"product_cat":[97,331,265,532],"product_tag":[],"class_list":{"0":"post-4064","1":"product","2":"type-product","3":"status-publish","4":"has-post-thumbnail","6":"product_cat-alle-producten","7":"product_cat-alle-software","8":"product_cat-dji-ronin","9":"product_cat-dji-ronin-4d","10":"pa_brand-dji","11":"pa_productfamily-software","12":"pa_producttype-software","14":"first","15":"instock","16":"taxable","17":"shipping-taxable","18":"product-type-simple"},"acf":[],"yoast_head":"<!-- This site is optimized with the Yoast SEO Premium plugin v27.2 (Yoast SEO v27.2) - https:\/\/yoast.com\/product\/yoast-seo-premium-wordpress\/ -->\n<title>DJI Ronin 4D RAW License - koningdrone.be<\/title>\n<meta name=\"robots\" content=\"index, follow, max-snippet:-1, max-image-preview:large, max-video-preview:-1\" \/>\n<link rel=\"canonical\" href=\"https:\/\/koningdrone.be\/es\/producto\/dji-ronin-4d-raw-license\/\" \/>\n<meta property=\"og:locale\" content=\"es_ES\" \/>\n<meta property=\"og:type\" content=\"article\" \/>\n<meta property=\"og:title\" content=\"DJI Ronin 4D RAW License\" \/>\n<meta property=\"og:description\" content=\"Maakt Apple ProRes RAW-video-opname op Ronin 4D mogelijk. Bij eenmalige aankoop onbeperkt geldig. Voldoet aan de uitgebreide vereisten voor filmopnamen. Bevat instructies voor het activeren van de licentiesleutel.\" \/>\n<meta property=\"og:url\" content=\"https:\/\/koningdrone.be\/es\/producto\/dji-ronin-4d-raw-license\/\" \/>\n<meta property=\"og:site_name\" content=\"koningdrone.be\" \/>\n<meta property=\"article:modified_time\" content=\"2025-04-29T12:03:14+00:00\" \/>\n<meta property=\"og:image\" content=\"https:\/\/koningdrone.be\/wp-content\/uploads\/sites\/13\/2025\/04\/bcee2e6233b8384732c2c60d78161c9d@large.jpg\" \/>\n\t<meta property=\"og:image:width\" content=\"1200\" \/>\n\t<meta property=\"og:image:height\" content=\"800\" \/>\n\t<meta property=\"og:image:type\" content=\"image\/jpeg\" \/>\n<meta name=\"twitter:card\" content=\"summary_large_image\" \/>\n<meta name=\"twitter:label1\" content=\"Tiempo de lectura\" \/>\n\t<meta name=\"twitter:data1\" content=\"1 minuto\" \/>\n<script type=\"application\/ld+json\" class=\"yoast-schema-graph\">{\"@context\":\"https:\/\/schema.org\",\"@graph\":[{\"@type\":\"WebPage\",\"@id\":\"https:\/\/koningdrone.be\/product\/dji-ronin-4d-raw-license\/\",\"url\":\"https:\/\/koningdrone.be\/product\/dji-ronin-4d-raw-license\/\",\"name\":\"DJI Ronin 4D RAW License - koningdrone.be\",\"isPartOf\":{\"@id\":\"https:\/\/koningdrone.be\/#website\"},\"primaryImageOfPage\":{\"@id\":\"https:\/\/koningdrone.be\/product\/dji-ronin-4d-raw-license\/#primaryimage\"},\"image\":{\"@id\":\"https:\/\/koningdrone.be\/product\/dji-ronin-4d-raw-license\/#primaryimage\"},\"thumbnailUrl\":\"https:\/\/koningdrone.be\/wp-content\/uploads\/sites\/13\/2025\/04\/bcee2e6233b8384732c2c60d78161c9d@large.jpg\",\"datePublished\":\"2024-03-13T15:36:23+00:00\",\"dateModified\":\"2025-04-29T12:03:14+00:00\",\"breadcrumb\":{\"@id\":\"https:\/\/koningdrone.be\/product\/dji-ronin-4d-raw-license\/#breadcrumb\"},\"inLanguage\":\"es\",\"potentialAction\":[{\"@type\":\"ReadAction\",\"target\":[\"https:\/\/koningdrone.be\/product\/dji-ronin-4d-raw-license\/\"]}]},{\"@type\":\"ImageObject\",\"inLanguage\":\"es\",\"@id\":\"https:\/\/koningdrone.be\/product\/dji-ronin-4d-raw-license\/#primaryimage\",\"url\":\"https:\/\/koningdrone.be\/wp-content\/uploads\/sites\/13\/2025\/04\/bcee2e6233b8384732c2c60d78161c9d@large.jpg\",\"contentUrl\":\"https:\/\/koningdrone.be\/wp-content\/uploads\/sites\/13\/2025\/04\/bcee2e6233b8384732c2c60d78161c9d@large.jpg\",\"width\":1200,\"height\":800},{\"@type\":\"BreadcrumbList\",\"@id\":\"https:\/\/koningdrone.be\/product\/dji-ronin-4d-raw-license\/#breadcrumb\",\"itemListElement\":[{\"@type\":\"ListItem\",\"position\":1,\"name\":\"Home\",\"item\":\"https:\/\/koningdrone.be\/\"},{\"@type\":\"ListItem\",\"position\":2,\"name\":\"AVSS Parachute Recovery System for DJI Matrice 300\/350\",\"item\":\"https:\/\/koningdrone.be\/product\/avss-parachute-recovery-system-for-dji-matrice-300-350\/\"},{\"@type\":\"ListItem\",\"position\":3,\"name\":\"Alle producten\",\"item\":\"https:\/\/koningdrone.be\/categorie\/alle-producten\/\"},{\"@type\":\"ListItem\",\"position\":4,\"name\":\"DJI Ronin 4D RAW License\"}]},{\"@type\":\"WebSite\",\"@id\":\"https:\/\/koningdrone.be\/#website\",\"url\":\"https:\/\/koningdrone.be\/\",\"name\":\"Koningdrone.be - Uw online specialist in drones, gimbals, camera's en power stations.\",\"description\":\"De webshop in drones en gimbals\",\"publisher\":{\"@id\":\"https:\/\/koningdrone.be\/#organization\"},\"potentialAction\":[{\"@type\":\"SearchAction\",\"target\":{\"@type\":\"EntryPoint\",\"urlTemplate\":\"https:\/\/koningdrone.be\/?s={search_term_string}\"},\"query-input\":{\"@type\":\"PropertyValueSpecification\",\"valueRequired\":true,\"valueName\":\"search_term_string\"}}],\"inLanguage\":\"es\"},{\"@type\":\"Organization\",\"@id\":\"https:\/\/koningdrone.be\/#organization\",\"name\":\"Koningdrone.be\",\"url\":\"https:\/\/koningdrone.be\/\",\"logo\":{\"@type\":\"ImageObject\",\"inLanguage\":\"es\",\"@id\":\"https:\/\/koningdrone.be\/#\/schema\/logo\/image\/\",\"url\":\"https:\/\/koningdrone.be\/wp-content\/uploads\/sites\/13\/2025\/04\/koningdrone-copyright-logo.svg\",\"contentUrl\":\"https:\/\/koningdrone.be\/wp-content\/uploads\/sites\/13\/2025\/04\/koningdrone-copyright-logo.svg\",\"width\":227,\"height\":38,\"caption\":\"Koningdrone.be\"},\"image\":{\"@id\":\"https:\/\/koningdrone.be\/#\/schema\/logo\/image\/\"}}]}<\/script>\n<!-- \/ Yoast SEO Premium plugin. -->","yoast_head_json":{"title":"DJI Ronin 4D RAW License - koningdrone.be","robots":{"index":"index","follow":"follow","max-snippet":"max-snippet:-1","max-image-preview":"max-image-preview:large","max-video-preview":"max-video-preview:-1"},"canonical":"https:\/\/koningdrone.be\/es\/producto\/dji-ronin-4d-raw-license\/","og_locale":"es_ES","og_type":"article","og_title":"DJI Ronin 4D RAW License","og_description":"Maakt Apple ProRes RAW-video-opname op Ronin 4D mogelijk. Bij eenmalige aankoop onbeperkt geldig. Voldoet aan de uitgebreide vereisten voor filmopnamen. Bevat instructies voor het activeren van de licentiesleutel.","og_url":"https:\/\/koningdrone.be\/es\/producto\/dji-ronin-4d-raw-license\/","og_site_name":"koningdrone.be","article_modified_time":"2025-04-29T12:03:14+00:00","og_image":[{"width":1200,"height":800,"url":"https:\/\/koningdrone.be\/wp-content\/uploads\/sites\/13\/2025\/04\/bcee2e6233b8384732c2c60d78161c9d@large.jpg","type":"image\/jpeg"}],"twitter_card":"summary_large_image","twitter_misc":{"Tiempo de lectura":"1 minuto"},"schema":{"@context":"https:\/\/schema.org","@graph":[{"@type":"WebPage","@id":"https:\/\/koningdrone.be\/product\/dji-ronin-4d-raw-license\/","url":"https:\/\/koningdrone.be\/product\/dji-ronin-4d-raw-license\/","name":"DJI Ronin 4D RAW License - koningdrone.be","isPartOf":{"@id":"https:\/\/koningdrone.be\/#website"},"primaryImageOfPage":{"@id":"https:\/\/koningdrone.be\/product\/dji-ronin-4d-raw-license\/#primaryimage"},"image":{"@id":"https:\/\/koningdrone.be\/product\/dji-ronin-4d-raw-license\/#primaryimage"},"thumbnailUrl":"https:\/\/koningdrone.be\/wp-content\/uploads\/sites\/13\/2025\/04\/bcee2e6233b8384732c2c60d78161c9d@large.jpg","datePublished":"2024-03-13T15:36:23+00:00","dateModified":"2025-04-29T12:03:14+00:00","breadcrumb":{"@id":"https:\/\/koningdrone.be\/product\/dji-ronin-4d-raw-license\/#breadcrumb"},"inLanguage":"es","potentialAction":[{"@type":"ReadAction","target":["https:\/\/koningdrone.be\/product\/dji-ronin-4d-raw-license\/"]}]},{"@type":"ImageObject","inLanguage":"es","@id":"https:\/\/koningdrone.be\/product\/dji-ronin-4d-raw-license\/#primaryimage","url":"https:\/\/koningdrone.be\/wp-content\/uploads\/sites\/13\/2025\/04\/bcee2e6233b8384732c2c60d78161c9d@large.jpg","contentUrl":"https:\/\/koningdrone.be\/wp-content\/uploads\/sites\/13\/2025\/04\/bcee2e6233b8384732c2c60d78161c9d@large.jpg","width":1200,"height":800},{"@type":"BreadcrumbList","@id":"https:\/\/koningdrone.be\/product\/dji-ronin-4d-raw-license\/#breadcrumb","itemListElement":[{"@type":"ListItem","position":1,"name":"Home","item":"https:\/\/koningdrone.be\/"},{"@type":"ListItem","position":2,"name":"AVSS Parachute Recovery System for DJI Matrice 300\/350","item":"https:\/\/koningdrone.be\/product\/avss-parachute-recovery-system-for-dji-matrice-300-350\/"},{"@type":"ListItem","position":3,"name":"Alle producten","item":"https:\/\/koningdrone.be\/categorie\/alle-producten\/"},{"@type":"ListItem","position":4,"name":"DJI Ronin 4D RAW License"}]},{"@type":"WebSite","@id":"https:\/\/koningdrone.be\/#website","url":"https:\/\/koningdrone.be\/","name":"Koningdrone.be - Su especialista en l\u00ednea en drones, cardanes, c\u00e1maras y centrales el\u00e9ctricas.","description":"La tienda virtual de drones y cardanes","publisher":{"@id":"https:\/\/koningdrone.be\/#organization"},"potentialAction":[{"@type":"SearchAction","target":{"@type":"EntryPoint","urlTemplate":"https:\/\/koningdrone.be\/?s={search_term_string}"},"query-input":{"@type":"PropertyValueSpecification","valueRequired":true,"valueName":"search_term_string"}}],"inLanguage":"es"},{"@type":"Organization","@id":"https:\/\/koningdrone.be\/#organization","name":"Kingdrone.es","url":"https:\/\/koningdrone.be\/","logo":{"@type":"ImageObject","inLanguage":"es","@id":"https:\/\/koningdrone.be\/#\/schema\/logo\/image\/","url":"https:\/\/koningdrone.be\/wp-content\/uploads\/sites\/13\/2025\/04\/koningdrone-copyright-logo.svg","contentUrl":"https:\/\/koningdrone.be\/wp-content\/uploads\/sites\/13\/2025\/04\/koningdrone-copyright-logo.svg","width":227,"height":38,"caption":"Koningdrone.be"},"image":{"@id":"https:\/\/koningdrone.be\/#\/schema\/logo\/image\/"}}]}},"df_price":"","df_sale_price":"","df_regular_price":"","df_image_link":"https:\/\/koningdrone.be\/wp-content\/uploads\/sites\/13\/2025\/04\/bcee2e6233b8384732c2c60d78161c9d@large-300x200.jpg","_links":{"self":[{"href":"https:\/\/koningdrone.be\/es\/wp-json\/wp\/v2\/product\/4064","targetHints":{"allow":["GET"]}}],"collection":[{"href":"https:\/\/koningdrone.be\/es\/wp-json\/wp\/v2\/product"}],"about":[{"href":"https:\/\/koningdrone.be\/es\/wp-json\/wp\/v2\/types\/product"}],"wp:featuredmedia":[{"embeddable":true,"href":"https:\/\/koningdrone.be\/es\/wp-json\/wp\/v2\/media\/4063"}],"wp:attachment":[{"href":"https:\/\/koningdrone.be\/es\/wp-json\/wp\/v2\/media?parent=4064"}],"wp:term":[{"taxonomy":"product_brand","embeddable":true,"href":"https:\/\/koningdrone.be\/es\/wp-json\/wp\/v2\/product_brand?post=4064"},{"taxonomy":"product_cat","embeddable":true,"href":"https:\/\/koningdrone.be\/es\/wp-json\/wp\/v2\/product_cat?post=4064"},{"taxonomy":"product_tag","embeddable":true,"href":"https:\/\/koningdrone.be\/es\/wp-json\/wp\/v2\/product_tag?post=4064"}],"curies":[{"name":"wp","href":"https:\/\/api.w.org\/{rel}","templated":true}]}}