{"id":4058,"date":"2024-03-13T15:36:48","date_gmt":"2024-03-13T14:36:48","guid":{"rendered":"https:\/\/koningdrone.nl\/kon\/product\/payload-sdk-skyport-2-0\/"},"modified":"2026-04-29T14:51:06","modified_gmt":"2026-04-29T12:51:06","slug":"payload-sdk-skyport-2-0","status":"publish","type":"product","link":"https:\/\/koningdrone.be\/es\/producto\/payload-sdk-skyport-2-0\/","title":{"rendered":"Carga \u00fatil SDK Skyport 2.0"},"content":{"rendered":"<p><strong>Introducci\u00f3n a SKYPORT V2<\/strong><\/p>\n<p> El SKYPORT V2 mejorado es un salto tecnol\u00f3gico que parte de la s\u00f3lida base establecida por su predecesor. Con una eficiencia mejorada y un dise\u00f1o f\u00e1cil de usar, establece un nuevo est\u00e1ndar en tecnolog\u00eda y desarrollo de cardanes.<\/p>\n<p><strong>Sistema de conexi\u00f3n mejorado<\/strong><\/p>\n<p> En el centro de las mejoras del SKYPORT V2 se encuentra su sistema de conexi\u00f3n mejorado. Esta nueva caracter\u00edstica est\u00e1 dise\u00f1ada para permitir conexiones m\u00e1s f\u00e1ciles y fiables, haciendo que el dispositivo no s\u00f3lo sea m\u00e1s eficiente, sino tambi\u00e9n m\u00e1s accesible para usuarios de todos los niveles.<\/p>\n<p><strong>Introducci\u00f3n de los conectores planos<\/strong><\/p>\n<p> Otra mejora importante del SKYPORT V2 es la integraci\u00f3n de conectores de cable plano. Esta innovaci\u00f3n es una gran ayuda para quienes no est\u00e1n familiarizados con los entresijos de la tecnolog\u00eda de card\u00e1n, ya que simplifica el proceso de desarrollo y mejora la experiencia general del usuario.<\/p>\n<p><strong>Ventajas para principiantes y profesionales<\/strong><\/p>\n<p> Tanto si est\u00e1 dando sus primeros pasos en la tecnolog\u00eda de card\u00e1n como si es un profesional experimentado, el SKYPORT V2 ofrece ventajas para todos los usuarios. Su dise\u00f1o proporciona una soluci\u00f3n fluida y m\u00e1s rentable para proyectos de cualquier escala.<\/p>\n<p><strong>Simplificaci\u00f3n del desarrollo y reducci\u00f3n de costes<\/strong><\/p>\n<p> El SKYPORT V2 no s\u00f3lo simplifica el proceso de desarrollo gracias a funciones innovadoras como los conectores planos para cable plano, sino que tambi\u00e9n desempe\u00f1a un papel crucial en la reducci\u00f3n del coste global asociado a los proyectos de tecnolog\u00eda de card\u00e1n, lo que lo convierte en una valiosa herramienta para una amplia gama de usuarios.<\/p>\n<p><\/p>","protected":false},"excerpt":{"rendered":"<ul>\n<li>Estructura de conexi\u00f3n optimizada para mejorar el dise\u00f1o<\/li>\n<li> Nuevos conectores de cable plano<\/li>\n<li> Reduce los costes de desarrollo para usuarios no especializados<\/li>\n<li> Mejora el modelo SKYPORT original<\/li>\n<\/ul>","protected":false},"featured_media":4055,"template":"","meta":{"_acf_changed":false},"product_brand":[],"product_cat":[126,97,675],"product_tag":[],"class_list":{"0":"post-4058","1":"product","2":"type-product","3":"status-publish","4":"has-post-thumbnail","6":"product_cat-alle-payloads","7":"product_cat-alle-producten","8":"product_cat-dji-enterprise-drones","9":"product_shipping_class-outofstock","10":"pa_brand-dji","11":"pa_productfamily-drone-attributes","12":"pa_producttype-drone-attributes","14":"first","15":"outofstock","16":"taxable","17":"shipping-taxable","18":"purchasable","19":"product-type-simple"},"acf":[],"yoast_head":"<!-- This site is optimized with the Yoast SEO Premium plugin v27.2 (Yoast SEO v27.2) - https:\/\/yoast.com\/product\/yoast-seo-premium-wordpress\/ -->\n<title>Payload SDK Skyport 2.0 - koningdrone.be<\/title>\n<meta name=\"robots\" content=\"index, follow, max-snippet:-1, max-image-preview:large, max-video-preview:-1\" \/>\n<link rel=\"canonical\" href=\"https:\/\/koningdrone.be\/es\/producto\/payload-sdk-skyport-2-0\/\" \/>\n<meta property=\"og:locale\" content=\"es_ES\" \/>\n<meta property=\"og:type\" content=\"article\" \/>\n<meta property=\"og:title\" content=\"Payload SDK Skyport 2.0\" \/>\n<meta property=\"og:description\" content=\"Geoptimaliseerde verbindingsstructuur voor een verbeterd ontwerp Nieuwe platte lintkabelconnectoren ge\u00efntroduceerd Verlaagt de ontwikkelingskosten voor niet-gespecialiseerde gebruikers Verbetert het originele SKYPORT-model\" \/>\n<meta property=\"og:url\" content=\"https:\/\/koningdrone.be\/es\/producto\/payload-sdk-skyport-2-0\/\" \/>\n<meta property=\"og:site_name\" content=\"koningdrone.be\" \/>\n<meta property=\"article:modified_time\" content=\"2026-04-29T12:51:06+00:00\" \/>\n<meta property=\"og:image\" content=\"https:\/\/koningdrone.be\/wp-content\/uploads\/sites\/13\/2025\/04\/74c583dd3b0684be16c1eeb7675c6247@large.jpg\" \/>\n\t<meta property=\"og:image:width\" content=\"1200\" \/>\n\t<meta property=\"og:image:height\" content=\"800\" \/>\n\t<meta property=\"og:image:type\" content=\"image\/jpeg\" \/>\n<meta name=\"twitter:card\" content=\"summary_large_image\" \/>\n<meta name=\"twitter:label1\" content=\"Tiempo de lectura\" \/>\n\t<meta name=\"twitter:data1\" content=\"1 minuto\" \/>\n<script type=\"application\/ld+json\" class=\"yoast-schema-graph\">{\"@context\":\"https:\/\/schema.org\",\"@graph\":[{\"@type\":\"WebPage\",\"@id\":\"https:\/\/koningdrone.be\/product\/payload-sdk-skyport-2-0\/\",\"url\":\"https:\/\/koningdrone.be\/product\/payload-sdk-skyport-2-0\/\",\"name\":\"Payload SDK Skyport 2.0 - koningdrone.be\",\"isPartOf\":{\"@id\":\"https:\/\/koningdrone.be\/#website\"},\"primaryImageOfPage\":{\"@id\":\"https:\/\/koningdrone.be\/product\/payload-sdk-skyport-2-0\/#primaryimage\"},\"image\":{\"@id\":\"https:\/\/koningdrone.be\/product\/payload-sdk-skyport-2-0\/#primaryimage\"},\"thumbnailUrl\":\"https:\/\/koningdrone.be\/wp-content\/uploads\/sites\/13\/2025\/04\/74c583dd3b0684be16c1eeb7675c6247@large.jpg\",\"datePublished\":\"2024-03-13T14:36:48+00:00\",\"dateModified\":\"2026-04-29T12:51:06+00:00\",\"breadcrumb\":{\"@id\":\"https:\/\/koningdrone.be\/product\/payload-sdk-skyport-2-0\/#breadcrumb\"},\"inLanguage\":\"es\",\"potentialAction\":[{\"@type\":\"ReadAction\",\"target\":[\"https:\/\/koningdrone.be\/product\/payload-sdk-skyport-2-0\/\"]}]},{\"@type\":\"ImageObject\",\"inLanguage\":\"es\",\"@id\":\"https:\/\/koningdrone.be\/product\/payload-sdk-skyport-2-0\/#primaryimage\",\"url\":\"https:\/\/koningdrone.be\/wp-content\/uploads\/sites\/13\/2025\/04\/74c583dd3b0684be16c1eeb7675c6247@large.jpg\",\"contentUrl\":\"https:\/\/koningdrone.be\/wp-content\/uploads\/sites\/13\/2025\/04\/74c583dd3b0684be16c1eeb7675c6247@large.jpg\",\"width\":1200,\"height\":800},{\"@type\":\"BreadcrumbList\",\"@id\":\"https:\/\/koningdrone.be\/product\/payload-sdk-skyport-2-0\/#breadcrumb\",\"itemListElement\":[{\"@type\":\"ListItem\",\"position\":1,\"name\":\"Home\",\"item\":\"https:\/\/koningdrone.be\/\"},{\"@type\":\"ListItem\",\"position\":2,\"name\":\"AVSS Parachute Recovery System for DJI Matrice 300\/350\",\"item\":\"https:\/\/koningdrone.be\/product\/avss-parachute-recovery-system-for-dji-matrice-300-350\/\"},{\"@type\":\"ListItem\",\"position\":3,\"name\":\"Alle payloads\",\"item\":\"https:\/\/koningdrone.be\/categorie\/alle-payloads\/\"},{\"@type\":\"ListItem\",\"position\":4,\"name\":\"Payload SDK Skyport 2.0\"}]},{\"@type\":\"WebSite\",\"@id\":\"https:\/\/koningdrone.be\/#website\",\"url\":\"https:\/\/koningdrone.be\/\",\"name\":\"Koningdrone.be - Uw online specialist in drones, gimbals, camera's en power stations.\",\"description\":\"De webshop in drones en gimbals\",\"publisher\":{\"@id\":\"https:\/\/koningdrone.be\/#organization\"},\"potentialAction\":[{\"@type\":\"SearchAction\",\"target\":{\"@type\":\"EntryPoint\",\"urlTemplate\":\"https:\/\/koningdrone.be\/?s={search_term_string}\"},\"query-input\":{\"@type\":\"PropertyValueSpecification\",\"valueRequired\":true,\"valueName\":\"search_term_string\"}}],\"inLanguage\":\"es\"},{\"@type\":\"Organization\",\"@id\":\"https:\/\/koningdrone.be\/#organization\",\"name\":\"Koningdrone.be\",\"url\":\"https:\/\/koningdrone.be\/\",\"logo\":{\"@type\":\"ImageObject\",\"inLanguage\":\"es\",\"@id\":\"https:\/\/koningdrone.be\/#\/schema\/logo\/image\/\",\"url\":\"https:\/\/koningdrone.be\/wp-content\/uploads\/sites\/13\/2025\/04\/koningdrone-copyright-logo.svg\",\"contentUrl\":\"https:\/\/koningdrone.be\/wp-content\/uploads\/sites\/13\/2025\/04\/koningdrone-copyright-logo.svg\",\"width\":227,\"height\":38,\"caption\":\"Koningdrone.be\"},\"image\":{\"@id\":\"https:\/\/koningdrone.be\/#\/schema\/logo\/image\/\"}}]}<\/script>\n<!-- \/ Yoast SEO Premium plugin. -->","yoast_head_json":{"title":"Payload SDK Skyport 2.0 - koningdrone.be","robots":{"index":"index","follow":"follow","max-snippet":"max-snippet:-1","max-image-preview":"max-image-preview:large","max-video-preview":"max-video-preview:-1"},"canonical":"https:\/\/koningdrone.be\/es\/producto\/payload-sdk-skyport-2-0\/","og_locale":"es_ES","og_type":"article","og_title":"Payload SDK Skyport 2.0","og_description":"Geoptimaliseerde verbindingsstructuur voor een verbeterd ontwerp Nieuwe platte lintkabelconnectoren ge\u00efntroduceerd Verlaagt de ontwikkelingskosten voor niet-gespecialiseerde gebruikers Verbetert het originele SKYPORT-model","og_url":"https:\/\/koningdrone.be\/es\/producto\/payload-sdk-skyport-2-0\/","og_site_name":"koningdrone.be","article_modified_time":"2026-04-29T12:51:06+00:00","og_image":[{"width":1200,"height":800,"url":"https:\/\/koningdrone.be\/wp-content\/uploads\/sites\/13\/2025\/04\/74c583dd3b0684be16c1eeb7675c6247@large.jpg","type":"image\/jpeg"}],"twitter_card":"summary_large_image","twitter_misc":{"Tiempo de lectura":"1 minuto"},"schema":{"@context":"https:\/\/schema.org","@graph":[{"@type":"WebPage","@id":"https:\/\/koningdrone.be\/product\/payload-sdk-skyport-2-0\/","url":"https:\/\/koningdrone.be\/product\/payload-sdk-skyport-2-0\/","name":"Payload SDK Skyport 2.0 - koningdrone.be","isPartOf":{"@id":"https:\/\/koningdrone.be\/#website"},"primaryImageOfPage":{"@id":"https:\/\/koningdrone.be\/product\/payload-sdk-skyport-2-0\/#primaryimage"},"image":{"@id":"https:\/\/koningdrone.be\/product\/payload-sdk-skyport-2-0\/#primaryimage"},"thumbnailUrl":"https:\/\/koningdrone.be\/wp-content\/uploads\/sites\/13\/2025\/04\/74c583dd3b0684be16c1eeb7675c6247@large.jpg","datePublished":"2024-03-13T14:36:48+00:00","dateModified":"2026-04-29T12:51:06+00:00","breadcrumb":{"@id":"https:\/\/koningdrone.be\/product\/payload-sdk-skyport-2-0\/#breadcrumb"},"inLanguage":"es","potentialAction":[{"@type":"ReadAction","target":["https:\/\/koningdrone.be\/product\/payload-sdk-skyport-2-0\/"]}]},{"@type":"ImageObject","inLanguage":"es","@id":"https:\/\/koningdrone.be\/product\/payload-sdk-skyport-2-0\/#primaryimage","url":"https:\/\/koningdrone.be\/wp-content\/uploads\/sites\/13\/2025\/04\/74c583dd3b0684be16c1eeb7675c6247@large.jpg","contentUrl":"https:\/\/koningdrone.be\/wp-content\/uploads\/sites\/13\/2025\/04\/74c583dd3b0684be16c1eeb7675c6247@large.jpg","width":1200,"height":800},{"@type":"BreadcrumbList","@id":"https:\/\/koningdrone.be\/product\/payload-sdk-skyport-2-0\/#breadcrumb","itemListElement":[{"@type":"ListItem","position":1,"name":"Home","item":"https:\/\/koningdrone.be\/"},{"@type":"ListItem","position":2,"name":"AVSS Parachute Recovery System for DJI Matrice 300\/350","item":"https:\/\/koningdrone.be\/product\/avss-parachute-recovery-system-for-dji-matrice-300-350\/"},{"@type":"ListItem","position":3,"name":"Alle payloads","item":"https:\/\/koningdrone.be\/categorie\/alle-payloads\/"},{"@type":"ListItem","position":4,"name":"Payload SDK Skyport 2.0"}]},{"@type":"WebSite","@id":"https:\/\/koningdrone.be\/#website","url":"https:\/\/koningdrone.be\/","name":"Koningdrone.be - Su especialista en l\u00ednea en drones, cardanes, c\u00e1maras y centrales el\u00e9ctricas.","description":"La tienda virtual de drones y cardanes","publisher":{"@id":"https:\/\/koningdrone.be\/#organization"},"potentialAction":[{"@type":"SearchAction","target":{"@type":"EntryPoint","urlTemplate":"https:\/\/koningdrone.be\/?s={search_term_string}"},"query-input":{"@type":"PropertyValueSpecification","valueRequired":true,"valueName":"search_term_string"}}],"inLanguage":"es"},{"@type":"Organization","@id":"https:\/\/koningdrone.be\/#organization","name":"Kingdrone.es","url":"https:\/\/koningdrone.be\/","logo":{"@type":"ImageObject","inLanguage":"es","@id":"https:\/\/koningdrone.be\/#\/schema\/logo\/image\/","url":"https:\/\/koningdrone.be\/wp-content\/uploads\/sites\/13\/2025\/04\/koningdrone-copyright-logo.svg","contentUrl":"https:\/\/koningdrone.be\/wp-content\/uploads\/sites\/13\/2025\/04\/koningdrone-copyright-logo.svg","width":227,"height":38,"caption":"Koningdrone.be"},"image":{"@id":"https:\/\/koningdrone.be\/#\/schema\/logo\/image\/"}}]}},"df_price":390,"df_sale_price":"","df_regular_price":390,"df_image_link":"https:\/\/koningdrone.be\/wp-content\/uploads\/sites\/13\/2025\/04\/74c583dd3b0684be16c1eeb7675c6247@large-300x200.jpg","_links":{"self":[{"href":"https:\/\/koningdrone.be\/es\/wp-json\/wp\/v2\/product\/4058","targetHints":{"allow":["GET"]}}],"collection":[{"href":"https:\/\/koningdrone.be\/es\/wp-json\/wp\/v2\/product"}],"about":[{"href":"https:\/\/koningdrone.be\/es\/wp-json\/wp\/v2\/types\/product"}],"wp:featuredmedia":[{"embeddable":true,"href":"https:\/\/koningdrone.be\/es\/wp-json\/wp\/v2\/media\/4055"}],"wp:attachment":[{"href":"https:\/\/koningdrone.be\/es\/wp-json\/wp\/v2\/media?parent=4058"}],"wp:term":[{"taxonomy":"product_brand","embeddable":true,"href":"https:\/\/koningdrone.be\/es\/wp-json\/wp\/v2\/product_brand?post=4058"},{"taxonomy":"product_cat","embeddable":true,"href":"https:\/\/koningdrone.be\/es\/wp-json\/wp\/v2\/product_cat?post=4058"},{"taxonomy":"product_tag","embeddable":true,"href":"https:\/\/koningdrone.be\/es\/wp-json\/wp\/v2\/product_tag?post=4058"}],"curies":[{"name":"wp","href":"https:\/\/api.w.org\/{rel}","templated":true}]}}