{"id":4030,"date":"2024-03-13T15:38:12","date_gmt":"2024-03-13T14:38:12","guid":{"rendered":"https:\/\/koningdrone.nl\/kon\/product\/inspire-2-quick-release-propellers\/"},"modified":"2026-04-29T15:20:49","modified_gmt":"2026-04-29T13:20:49","slug":"inspire-2-quick-release-propellers","status":"publish","type":"product","link":"https:\/\/koningdrone.be\/es\/producto\/inspire-2-quick-release-propellers\/","title":{"rendered":"H\u00e9lices de liberaci\u00f3n r\u00e1pida Inspire 2"},"content":{"rendered":"<p><strong>Montaje y desmontaje f\u00e1ciles y r\u00e1pidos<\/strong><\/p>\n<p> Este producto est\u00e1 dise\u00f1ado para proporcionar a los usuarios una experiencia sin esfuerzo a la hora de acoplar y desacoplar la interfaz asociada. El dise\u00f1o se centra en la comodidad, permitiendo ajustes r\u00e1pidos y garantizando que los usuarios puedan pasar de una actividad a otra r\u00e1pidamente y sin complicaciones.<\/p>\n<p><strong>Garantiza una propulsi\u00f3n r\u00e1pida y robusta<\/strong><\/p>\n<p> Una vez acoplado, este producto puede proporcionar una propulsi\u00f3n instant\u00e1nea y potente, permitiendo a los usuarios mejorar eficazmente su rendimiento. Tanto si se trata de acelerar la velocidad como de mejorar la movilidad, el producto est\u00e1 dise\u00f1ado para proporcionar un apoyo s\u00f3lido sin fisuras.<\/p>\n<p><strong>Cuidadosamente equilibrado para un rendimiento \u00f3ptimo<\/strong><\/p>\n<p> El equilibrio y la composici\u00f3n de este producto se han perfeccionado cuidadosamente para garantizar un rendimiento \u00f3ptimo. El dise\u00f1o prioriza la estabilidad y la eficiencia, por lo que es una opci\u00f3n ideal para los usuarios que buscan maximizar el rendimiento con el m\u00ednimo esfuerzo.<\/p>\n<p><\/p>","protected":false},"excerpt":{"rendered":"<ul>\n<li>Montaje y desmontaje r\u00e1pidos<\/li>\n<li> Empuje r\u00e1pido y potente<\/li>\n<li> Bien equilibrado<\/li>\n<\/ul>","protected":false},"featured_media":4023,"template":"","meta":{"_acf_changed":false},"product_brand":[],"product_cat":[97,128,641,788],"product_tag":[],"class_list":{"0":"post-4030","1":"product","2":"type-product","3":"status-publish","4":"has-post-thumbnail","6":"product_cat-alle-producten","7":"product_cat-alle-propellers","8":"product_cat-dji-inspire","9":"product_cat-dji-inspire-2","10":"product_shipping_class-outofstock","11":"pa_brand-dji","12":"pa_productfamily-propellers","13":"pa_producttype-propellers","14":"pa_series-inspire-2","16":"first","17":"outofstock","18":"taxable","19":"shipping-taxable","20":"purchasable","21":"product-type-simple"},"acf":[],"yoast_head":"<!-- This site is optimized with the Yoast SEO Premium plugin v27.2 (Yoast SEO v27.2) - https:\/\/yoast.com\/product\/yoast-seo-premium-wordpress\/ -->\n<title>Inspire 2 Quick Release Propellers - koningdrone.be<\/title>\n<meta name=\"robots\" content=\"index, follow, max-snippet:-1, max-image-preview:large, max-video-preview:-1\" \/>\n<link rel=\"canonical\" href=\"https:\/\/koningdrone.be\/es\/producto\/inspire-2-quick-release-propellers\/\" \/>\n<meta property=\"og:locale\" content=\"es_ES\" \/>\n<meta property=\"og:type\" content=\"article\" \/>\n<meta property=\"og:title\" content=\"Inspire 2 Quick Release Propellers\" \/>\n<meta property=\"og:description\" content=\"Snelle montage en ontgrendeling Snelle, krachtige stuwkracht Goed uitgebalanceerd\" \/>\n<meta property=\"og:url\" content=\"https:\/\/koningdrone.be\/es\/producto\/inspire-2-quick-release-propellers\/\" \/>\n<meta property=\"og:site_name\" content=\"koningdrone.be\" \/>\n<meta property=\"article:modified_time\" content=\"2026-04-29T13:20:49+00:00\" \/>\n<meta property=\"og:image\" content=\"https:\/\/koningdrone.be\/wp-content\/uploads\/sites\/13\/2025\/04\/large_ee137aa0-f410-4741-9b2c-3c47e7b0b2bc.png\" \/>\n\t<meta property=\"og:image:width\" content=\"1200\" \/>\n\t<meta property=\"og:image:height\" content=\"800\" \/>\n\t<meta property=\"og:image:type\" content=\"image\/png\" \/>\n<meta name=\"twitter:card\" content=\"summary_large_image\" \/>\n<meta name=\"twitter:label1\" content=\"Tiempo de lectura\" \/>\n\t<meta name=\"twitter:data1\" content=\"1 minuto\" \/>\n<script type=\"application\/ld+json\" class=\"yoast-schema-graph\">{\"@context\":\"https:\/\/schema.org\",\"@graph\":[{\"@type\":\"WebPage\",\"@id\":\"https:\/\/koningdrone.be\/product\/inspire-2-quick-release-propellers\/\",\"url\":\"https:\/\/koningdrone.be\/product\/inspire-2-quick-release-propellers\/\",\"name\":\"Inspire 2 Quick Release Propellers - koningdrone.be\",\"isPartOf\":{\"@id\":\"https:\/\/koningdrone.be\/#website\"},\"primaryImageOfPage\":{\"@id\":\"https:\/\/koningdrone.be\/product\/inspire-2-quick-release-propellers\/#primaryimage\"},\"image\":{\"@id\":\"https:\/\/koningdrone.be\/product\/inspire-2-quick-release-propellers\/#primaryimage\"},\"thumbnailUrl\":\"https:\/\/koningdrone.be\/wp-content\/uploads\/sites\/13\/2025\/04\/large_ee137aa0-f410-4741-9b2c-3c47e7b0b2bc.png\",\"datePublished\":\"2024-03-13T14:38:12+00:00\",\"dateModified\":\"2026-04-29T13:20:49+00:00\",\"breadcrumb\":{\"@id\":\"https:\/\/koningdrone.be\/product\/inspire-2-quick-release-propellers\/#breadcrumb\"},\"inLanguage\":\"es\",\"potentialAction\":[{\"@type\":\"ReadAction\",\"target\":[\"https:\/\/koningdrone.be\/product\/inspire-2-quick-release-propellers\/\"]}]},{\"@type\":\"ImageObject\",\"inLanguage\":\"es\",\"@id\":\"https:\/\/koningdrone.be\/product\/inspire-2-quick-release-propellers\/#primaryimage\",\"url\":\"https:\/\/koningdrone.be\/wp-content\/uploads\/sites\/13\/2025\/04\/large_ee137aa0-f410-4741-9b2c-3c47e7b0b2bc.png\",\"contentUrl\":\"https:\/\/koningdrone.be\/wp-content\/uploads\/sites\/13\/2025\/04\/large_ee137aa0-f410-4741-9b2c-3c47e7b0b2bc.png\",\"width\":1200,\"height\":800},{\"@type\":\"BreadcrumbList\",\"@id\":\"https:\/\/koningdrone.be\/product\/inspire-2-quick-release-propellers\/#breadcrumb\",\"itemListElement\":[{\"@type\":\"ListItem\",\"position\":1,\"name\":\"Home\",\"item\":\"https:\/\/koningdrone.be\/\"},{\"@type\":\"ListItem\",\"position\":2,\"name\":\"AVSS Parachute Recovery System for DJI Matrice 300\/350\",\"item\":\"https:\/\/koningdrone.be\/product\/avss-parachute-recovery-system-for-dji-matrice-300-350\/\"},{\"@type\":\"ListItem\",\"position\":3,\"name\":\"Alle producten\",\"item\":\"https:\/\/koningdrone.be\/categorie\/alle-producten\/\"},{\"@type\":\"ListItem\",\"position\":4,\"name\":\"Inspire 2 Quick Release Propellers\"}]},{\"@type\":\"WebSite\",\"@id\":\"https:\/\/koningdrone.be\/#website\",\"url\":\"https:\/\/koningdrone.be\/\",\"name\":\"Koningdrone.be - Uw online specialist in drones, gimbals, camera's en power stations.\",\"description\":\"De webshop in drones en gimbals\",\"publisher\":{\"@id\":\"https:\/\/koningdrone.be\/#organization\"},\"potentialAction\":[{\"@type\":\"SearchAction\",\"target\":{\"@type\":\"EntryPoint\",\"urlTemplate\":\"https:\/\/koningdrone.be\/?s={search_term_string}\"},\"query-input\":{\"@type\":\"PropertyValueSpecification\",\"valueRequired\":true,\"valueName\":\"search_term_string\"}}],\"inLanguage\":\"es\"},{\"@type\":\"Organization\",\"@id\":\"https:\/\/koningdrone.be\/#organization\",\"name\":\"Koningdrone.be\",\"url\":\"https:\/\/koningdrone.be\/\",\"logo\":{\"@type\":\"ImageObject\",\"inLanguage\":\"es\",\"@id\":\"https:\/\/koningdrone.be\/#\/schema\/logo\/image\/\",\"url\":\"https:\/\/koningdrone.be\/wp-content\/uploads\/sites\/13\/2025\/04\/koningdrone-copyright-logo.svg\",\"contentUrl\":\"https:\/\/koningdrone.be\/wp-content\/uploads\/sites\/13\/2025\/04\/koningdrone-copyright-logo.svg\",\"width\":227,\"height\":38,\"caption\":\"Koningdrone.be\"},\"image\":{\"@id\":\"https:\/\/koningdrone.be\/#\/schema\/logo\/image\/\"}}]}<\/script>\n<!-- \/ Yoast SEO Premium plugin. -->","yoast_head_json":{"title":"Inspire 2 Quick Release Propellers - koningdrone.be","robots":{"index":"index","follow":"follow","max-snippet":"max-snippet:-1","max-image-preview":"max-image-preview:large","max-video-preview":"max-video-preview:-1"},"canonical":"https:\/\/koningdrone.be\/es\/producto\/inspire-2-quick-release-propellers\/","og_locale":"es_ES","og_type":"article","og_title":"Inspire 2 Quick Release Propellers","og_description":"Snelle montage en ontgrendeling Snelle, krachtige stuwkracht Goed uitgebalanceerd","og_url":"https:\/\/koningdrone.be\/es\/producto\/inspire-2-quick-release-propellers\/","og_site_name":"koningdrone.be","article_modified_time":"2026-04-29T13:20:49+00:00","og_image":[{"width":1200,"height":800,"url":"https:\/\/koningdrone.be\/wp-content\/uploads\/sites\/13\/2025\/04\/large_ee137aa0-f410-4741-9b2c-3c47e7b0b2bc.png","type":"image\/png"}],"twitter_card":"summary_large_image","twitter_misc":{"Tiempo de lectura":"1 minuto"},"schema":{"@context":"https:\/\/schema.org","@graph":[{"@type":"WebPage","@id":"https:\/\/koningdrone.be\/product\/inspire-2-quick-release-propellers\/","url":"https:\/\/koningdrone.be\/product\/inspire-2-quick-release-propellers\/","name":"Inspire 2 Quick Release Propellers - koningdrone.be","isPartOf":{"@id":"https:\/\/koningdrone.be\/#website"},"primaryImageOfPage":{"@id":"https:\/\/koningdrone.be\/product\/inspire-2-quick-release-propellers\/#primaryimage"},"image":{"@id":"https:\/\/koningdrone.be\/product\/inspire-2-quick-release-propellers\/#primaryimage"},"thumbnailUrl":"https:\/\/koningdrone.be\/wp-content\/uploads\/sites\/13\/2025\/04\/large_ee137aa0-f410-4741-9b2c-3c47e7b0b2bc.png","datePublished":"2024-03-13T14:38:12+00:00","dateModified":"2026-04-29T13:20:49+00:00","breadcrumb":{"@id":"https:\/\/koningdrone.be\/product\/inspire-2-quick-release-propellers\/#breadcrumb"},"inLanguage":"es","potentialAction":[{"@type":"ReadAction","target":["https:\/\/koningdrone.be\/product\/inspire-2-quick-release-propellers\/"]}]},{"@type":"ImageObject","inLanguage":"es","@id":"https:\/\/koningdrone.be\/product\/inspire-2-quick-release-propellers\/#primaryimage","url":"https:\/\/koningdrone.be\/wp-content\/uploads\/sites\/13\/2025\/04\/large_ee137aa0-f410-4741-9b2c-3c47e7b0b2bc.png","contentUrl":"https:\/\/koningdrone.be\/wp-content\/uploads\/sites\/13\/2025\/04\/large_ee137aa0-f410-4741-9b2c-3c47e7b0b2bc.png","width":1200,"height":800},{"@type":"BreadcrumbList","@id":"https:\/\/koningdrone.be\/product\/inspire-2-quick-release-propellers\/#breadcrumb","itemListElement":[{"@type":"ListItem","position":1,"name":"Home","item":"https:\/\/koningdrone.be\/"},{"@type":"ListItem","position":2,"name":"AVSS Parachute Recovery System for DJI Matrice 300\/350","item":"https:\/\/koningdrone.be\/product\/avss-parachute-recovery-system-for-dji-matrice-300-350\/"},{"@type":"ListItem","position":3,"name":"Alle producten","item":"https:\/\/koningdrone.be\/categorie\/alle-producten\/"},{"@type":"ListItem","position":4,"name":"Inspire 2 Quick Release Propellers"}]},{"@type":"WebSite","@id":"https:\/\/koningdrone.be\/#website","url":"https:\/\/koningdrone.be\/","name":"Koningdrone.be - Su especialista en l\u00ednea en drones, cardanes, c\u00e1maras y centrales el\u00e9ctricas.","description":"La tienda virtual de drones y cardanes","publisher":{"@id":"https:\/\/koningdrone.be\/#organization"},"potentialAction":[{"@type":"SearchAction","target":{"@type":"EntryPoint","urlTemplate":"https:\/\/koningdrone.be\/?s={search_term_string}"},"query-input":{"@type":"PropertyValueSpecification","valueRequired":true,"valueName":"search_term_string"}}],"inLanguage":"es"},{"@type":"Organization","@id":"https:\/\/koningdrone.be\/#organization","name":"Kingdrone.es","url":"https:\/\/koningdrone.be\/","logo":{"@type":"ImageObject","inLanguage":"es","@id":"https:\/\/koningdrone.be\/#\/schema\/logo\/image\/","url":"https:\/\/koningdrone.be\/wp-content\/uploads\/sites\/13\/2025\/04\/koningdrone-copyright-logo.svg","contentUrl":"https:\/\/koningdrone.be\/wp-content\/uploads\/sites\/13\/2025\/04\/koningdrone-copyright-logo.svg","width":227,"height":38,"caption":"Koningdrone.be"},"image":{"@id":"https:\/\/koningdrone.be\/#\/schema\/logo\/image\/"}}]}},"df_price":17,"df_sale_price":"","df_regular_price":17,"df_image_link":"https:\/\/koningdrone.be\/wp-content\/uploads\/sites\/13\/2025\/04\/large_ee137aa0-f410-4741-9b2c-3c47e7b0b2bc-300x200.png","_links":{"self":[{"href":"https:\/\/koningdrone.be\/es\/wp-json\/wp\/v2\/product\/4030","targetHints":{"allow":["GET"]}}],"collection":[{"href":"https:\/\/koningdrone.be\/es\/wp-json\/wp\/v2\/product"}],"about":[{"href":"https:\/\/koningdrone.be\/es\/wp-json\/wp\/v2\/types\/product"}],"wp:featuredmedia":[{"embeddable":true,"href":"https:\/\/koningdrone.be\/es\/wp-json\/wp\/v2\/media\/4023"}],"wp:attachment":[{"href":"https:\/\/koningdrone.be\/es\/wp-json\/wp\/v2\/media?parent=4030"}],"wp:term":[{"taxonomy":"product_brand","embeddable":true,"href":"https:\/\/koningdrone.be\/es\/wp-json\/wp\/v2\/product_brand?post=4030"},{"taxonomy":"product_cat","embeddable":true,"href":"https:\/\/koningdrone.be\/es\/wp-json\/wp\/v2\/product_cat?post=4030"},{"taxonomy":"product_tag","embeddable":true,"href":"https:\/\/koningdrone.be\/es\/wp-json\/wp\/v2\/product_tag?post=4030"}],"curies":[{"name":"wp","href":"https:\/\/api.w.org\/{rel}","templated":true}]}}