{"id":4019,"date":"2024-03-13T15:38:12","date_gmt":"2024-03-13T15:38:12","guid":{"rendered":"https:\/\/koningdrone.nl\/kon\/product\/dji-d-rtk-2-high-precision-gnss-mobile-station\/"},"modified":"2025-04-29T12:02:13","modified_gmt":"2025-04-29T12:02:13","slug":"dji-d-rtk-2-high-precision-gnss-mobile-station","status":"publish","type":"product","link":"https:\/\/koningdrone.be\/es\/producto\/dji-d-rtk-2-high-precision-gnss-mobile-station\/","title":{"rendered":"Estaci\u00f3n m\u00f3vil GNSS de alta precisi\u00f3n DJI D-RTK 2"},"content":{"rendered":"<p><strong>Compatibilidad con la navegaci\u00f3n global<\/strong><\/p>\n<p> Este producto est\u00e1 dise\u00f1ado para funcionar a la perfecci\u00f3n con cuatro de los principales sistemas de navegaci\u00f3n por sat\u00e9lite del mundo: BeiDou, GPS, Galileo y GLONASS. Al integrar compatibilidad con estas redes mundiales, el dispositivo garantiza una cobertura completa y una conectividad fiable all\u00e1 donde te lleven tus actividades.<\/p>\n<p><strong>Receptor multifrecuencia<\/strong><\/p>\n<p> Equipado con capacidad para recibir se\u00f1ales en 11 frecuencias diferentes, este dispositivo proporciona actualizaciones en tiempo real que precisan la posici\u00f3n de la aeronave con una precisi\u00f3n de pocos cent\u00edmetros. Esta caracter\u00edstica es especialmente esencial para misiones que requieren un alto grado de precisi\u00f3n y fiabilidad en el posicionamiento.<\/p>\n<p><strong>Mejora de la eficacia operativa<\/strong><\/p>\n<p> El producto admite el funcionamiento simult\u00e1neo de varios drones y es una herramienta vers\u00e1til para gestionar actividades coordinadas. Ya sea para topograf\u00eda, cartograf\u00eda o rendimiento sincronizado, proporciona un nivel de eficiencia operativa que puede mejorar significativamente la productividad y el dinamismo de las flotas de drones.<\/p>\n<p><strong>Duradero y fiable<\/strong><\/p>\n<p> El dispositivo tiene un \u00edndice de protecci\u00f3n IP65, que garantiza una alta resistencia a la entrada de polvo y lo protege de chorros de agua a baja presi\u00f3n desde cualquier direcci\u00f3n. Esta durabilidad lo hace muy adecuado para su uso en diversas condiciones exteriores, ofreciendo fiabilidad y tranquilidad sobre el terreno.<\/p>\n<p><\/p>","protected":false},"excerpt":{"rendered":"<ul>\n<li>Compatible con cuatro sistemas mundiales de navegaci\u00f3n por sat\u00e9lite: BeiDou, GPS, Galileo y GLONASS.<\/li>\n<li> Dispone de recepci\u00f3n de sat\u00e9lites de 11 frecuencias para una gran precisi\u00f3n.<\/li>\n<li> Proporciona correcciones diferenciales en tiempo real para un posicionamiento preciso a nivel centim\u00e9trico.<\/li>\n<li> Permite operaciones coordinadas con m\u00faltiples drones.<\/li>\n<li> Ofrece un grado de protecci\u00f3n IP65 para una mayor durabilidad.<\/li>\n<\/ul>","protected":false},"featured_media":4018,"template":"","meta":{"_acf_changed":false},"product_brand":[],"product_cat":[97,118,586,624,115],"product_tag":[],"class_list":{"0":"post-4019","1":"product","2":"type-product","3":"status-publish","4":"has-post-thumbnail","6":"product_cat-alle-producten","7":"product_cat-alle-rtk","8":"product_cat-dji","9":"product_cat-enterprise-accessoires","10":"product_cat-inspecties-met-drones","11":"pa_brand-dji","12":"pa_productfamily-gps","13":"pa_producttype-gps","15":"first","16":"instock","17":"taxable","18":"shipping-taxable","19":"product-type-simple"},"acf":[],"yoast_head":"<!-- This site is optimized with the Yoast SEO Premium plugin v27.2 (Yoast SEO v27.2) - https:\/\/yoast.com\/product\/yoast-seo-premium-wordpress\/ -->\n<title>DJI D-RTK 2 High-Precision GNSS Mobile Station - koningdrone.be<\/title>\n<meta name=\"robots\" content=\"index, follow, max-snippet:-1, max-image-preview:large, max-video-preview:-1\" \/>\n<link rel=\"canonical\" href=\"https:\/\/koningdrone.be\/es\/producto\/dji-d-rtk-2-high-precision-gnss-mobile-station\/\" \/>\n<meta property=\"og:locale\" content=\"es_ES\" \/>\n<meta property=\"og:type\" content=\"article\" \/>\n<meta property=\"og:title\" content=\"DJI D-RTK 2 High-Precision GNSS Mobile Station\" \/>\n<meta property=\"og:description\" content=\"Ondersteunt vier wereldwijde satellietnavigatiesystemen: BeiDou, GPS, Galileo, GLONASS. Beschikt over 11-frequentie satellietontvangst voor hoge nauwkeurigheid. Biedt realtime differenti\u00eble correcties voor nauwkeurige positionering op centimeterniveau. Maakt geco\u00f6rdineerde operaties met meerdere drones mogelijk. Beschikt over een IP65-beschermingsgraad voor duurzaamheid.\" \/>\n<meta property=\"og:url\" content=\"https:\/\/koningdrone.be\/es\/producto\/dji-d-rtk-2-high-precision-gnss-mobile-station\/\" \/>\n<meta property=\"og:site_name\" content=\"koningdrone.be\" \/>\n<meta property=\"article:modified_time\" content=\"2025-04-29T12:02:13+00:00\" \/>\n<meta property=\"og:image\" content=\"https:\/\/koningdrone.be\/wp-content\/uploads\/sites\/13\/2025\/04\/0f8dcf99a3cd17395be0c54b5c054d3f@large.jpg\" \/>\n\t<meta property=\"og:image:width\" content=\"1200\" \/>\n\t<meta property=\"og:image:height\" content=\"800\" \/>\n\t<meta property=\"og:image:type\" content=\"image\/jpeg\" \/>\n<meta name=\"twitter:card\" content=\"summary_large_image\" \/>\n<meta name=\"twitter:label1\" content=\"Tiempo de lectura\" \/>\n\t<meta name=\"twitter:data1\" content=\"1 minuto\" \/>\n<script type=\"application\/ld+json\" class=\"yoast-schema-graph\">{\"@context\":\"https:\/\/schema.org\",\"@graph\":[{\"@type\":\"WebPage\",\"@id\":\"https:\/\/koningdrone.be\/product\/dji-d-rtk-2-high-precision-gnss-mobile-station\/\",\"url\":\"https:\/\/koningdrone.be\/product\/dji-d-rtk-2-high-precision-gnss-mobile-station\/\",\"name\":\"DJI D-RTK 2 High-Precision GNSS Mobile Station - koningdrone.be\",\"isPartOf\":{\"@id\":\"https:\/\/koningdrone.be\/#website\"},\"primaryImageOfPage\":{\"@id\":\"https:\/\/koningdrone.be\/product\/dji-d-rtk-2-high-precision-gnss-mobile-station\/#primaryimage\"},\"image\":{\"@id\":\"https:\/\/koningdrone.be\/product\/dji-d-rtk-2-high-precision-gnss-mobile-station\/#primaryimage\"},\"thumbnailUrl\":\"https:\/\/koningdrone.be\/wp-content\/uploads\/sites\/13\/2025\/04\/0f8dcf99a3cd17395be0c54b5c054d3f@large.jpg\",\"datePublished\":\"2024-03-13T15:38:12+00:00\",\"dateModified\":\"2025-04-29T12:02:13+00:00\",\"breadcrumb\":{\"@id\":\"https:\/\/koningdrone.be\/product\/dji-d-rtk-2-high-precision-gnss-mobile-station\/#breadcrumb\"},\"inLanguage\":\"es\",\"potentialAction\":[{\"@type\":\"ReadAction\",\"target\":[\"https:\/\/koningdrone.be\/product\/dji-d-rtk-2-high-precision-gnss-mobile-station\/\"]}]},{\"@type\":\"ImageObject\",\"inLanguage\":\"es\",\"@id\":\"https:\/\/koningdrone.be\/product\/dji-d-rtk-2-high-precision-gnss-mobile-station\/#primaryimage\",\"url\":\"https:\/\/koningdrone.be\/wp-content\/uploads\/sites\/13\/2025\/04\/0f8dcf99a3cd17395be0c54b5c054d3f@large.jpg\",\"contentUrl\":\"https:\/\/koningdrone.be\/wp-content\/uploads\/sites\/13\/2025\/04\/0f8dcf99a3cd17395be0c54b5c054d3f@large.jpg\",\"width\":1200,\"height\":800},{\"@type\":\"BreadcrumbList\",\"@id\":\"https:\/\/koningdrone.be\/product\/dji-d-rtk-2-high-precision-gnss-mobile-station\/#breadcrumb\",\"itemListElement\":[{\"@type\":\"ListItem\",\"position\":1,\"name\":\"Home\",\"item\":\"https:\/\/koningdrone.be\/\"},{\"@type\":\"ListItem\",\"position\":2,\"name\":\"AVSS Parachute Recovery System for DJI Matrice 300\/350\",\"item\":\"https:\/\/koningdrone.be\/product\/avss-parachute-recovery-system-for-dji-matrice-300-350\/\"},{\"@type\":\"ListItem\",\"position\":3,\"name\":\"Alle producten\",\"item\":\"https:\/\/koningdrone.be\/categorie\/alle-producten\/\"},{\"@type\":\"ListItem\",\"position\":4,\"name\":\"DJI D-RTK 2 High-Precision GNSS Mobile Station\"}]},{\"@type\":\"WebSite\",\"@id\":\"https:\/\/koningdrone.be\/#website\",\"url\":\"https:\/\/koningdrone.be\/\",\"name\":\"Koningdrone.be - Uw online specialist in drones, gimbals, camera's en power stations.\",\"description\":\"De webshop in drones en gimbals\",\"publisher\":{\"@id\":\"https:\/\/koningdrone.be\/#organization\"},\"potentialAction\":[{\"@type\":\"SearchAction\",\"target\":{\"@type\":\"EntryPoint\",\"urlTemplate\":\"https:\/\/koningdrone.be\/?s={search_term_string}\"},\"query-input\":{\"@type\":\"PropertyValueSpecification\",\"valueRequired\":true,\"valueName\":\"search_term_string\"}}],\"inLanguage\":\"es\"},{\"@type\":\"Organization\",\"@id\":\"https:\/\/koningdrone.be\/#organization\",\"name\":\"Koningdrone.be\",\"url\":\"https:\/\/koningdrone.be\/\",\"logo\":{\"@type\":\"ImageObject\",\"inLanguage\":\"es\",\"@id\":\"https:\/\/koningdrone.be\/#\/schema\/logo\/image\/\",\"url\":\"https:\/\/koningdrone.be\/wp-content\/uploads\/sites\/13\/2025\/04\/koningdrone-copyright-logo.svg\",\"contentUrl\":\"https:\/\/koningdrone.be\/wp-content\/uploads\/sites\/13\/2025\/04\/koningdrone-copyright-logo.svg\",\"width\":227,\"height\":38,\"caption\":\"Koningdrone.be\"},\"image\":{\"@id\":\"https:\/\/koningdrone.be\/#\/schema\/logo\/image\/\"}}]}<\/script>\n<!-- \/ Yoast SEO Premium plugin. -->","yoast_head_json":{"title":"DJI D-RTK 2 High-Precision GNSS Mobile Station - koningdrone.be","robots":{"index":"index","follow":"follow","max-snippet":"max-snippet:-1","max-image-preview":"max-image-preview:large","max-video-preview":"max-video-preview:-1"},"canonical":"https:\/\/koningdrone.be\/es\/producto\/dji-d-rtk-2-high-precision-gnss-mobile-station\/","og_locale":"es_ES","og_type":"article","og_title":"DJI D-RTK 2 High-Precision GNSS Mobile Station","og_description":"Ondersteunt vier wereldwijde satellietnavigatiesystemen: BeiDou, GPS, Galileo, GLONASS. Beschikt over 11-frequentie satellietontvangst voor hoge nauwkeurigheid. Biedt realtime differenti\u00eble correcties voor nauwkeurige positionering op centimeterniveau. Maakt geco\u00f6rdineerde operaties met meerdere drones mogelijk. Beschikt over een IP65-beschermingsgraad voor duurzaamheid.","og_url":"https:\/\/koningdrone.be\/es\/producto\/dji-d-rtk-2-high-precision-gnss-mobile-station\/","og_site_name":"koningdrone.be","article_modified_time":"2025-04-29T12:02:13+00:00","og_image":[{"width":1200,"height":800,"url":"https:\/\/koningdrone.be\/wp-content\/uploads\/sites\/13\/2025\/04\/0f8dcf99a3cd17395be0c54b5c054d3f@large.jpg","type":"image\/jpeg"}],"twitter_card":"summary_large_image","twitter_misc":{"Tiempo de lectura":"1 minuto"},"schema":{"@context":"https:\/\/schema.org","@graph":[{"@type":"WebPage","@id":"https:\/\/koningdrone.be\/product\/dji-d-rtk-2-high-precision-gnss-mobile-station\/","url":"https:\/\/koningdrone.be\/product\/dji-d-rtk-2-high-precision-gnss-mobile-station\/","name":"DJI D-RTK 2 High-Precision GNSS Mobile Station - koningdrone.be","isPartOf":{"@id":"https:\/\/koningdrone.be\/#website"},"primaryImageOfPage":{"@id":"https:\/\/koningdrone.be\/product\/dji-d-rtk-2-high-precision-gnss-mobile-station\/#primaryimage"},"image":{"@id":"https:\/\/koningdrone.be\/product\/dji-d-rtk-2-high-precision-gnss-mobile-station\/#primaryimage"},"thumbnailUrl":"https:\/\/koningdrone.be\/wp-content\/uploads\/sites\/13\/2025\/04\/0f8dcf99a3cd17395be0c54b5c054d3f@large.jpg","datePublished":"2024-03-13T15:38:12+00:00","dateModified":"2025-04-29T12:02:13+00:00","breadcrumb":{"@id":"https:\/\/koningdrone.be\/product\/dji-d-rtk-2-high-precision-gnss-mobile-station\/#breadcrumb"},"inLanguage":"es","potentialAction":[{"@type":"ReadAction","target":["https:\/\/koningdrone.be\/product\/dji-d-rtk-2-high-precision-gnss-mobile-station\/"]}]},{"@type":"ImageObject","inLanguage":"es","@id":"https:\/\/koningdrone.be\/product\/dji-d-rtk-2-high-precision-gnss-mobile-station\/#primaryimage","url":"https:\/\/koningdrone.be\/wp-content\/uploads\/sites\/13\/2025\/04\/0f8dcf99a3cd17395be0c54b5c054d3f@large.jpg","contentUrl":"https:\/\/koningdrone.be\/wp-content\/uploads\/sites\/13\/2025\/04\/0f8dcf99a3cd17395be0c54b5c054d3f@large.jpg","width":1200,"height":800},{"@type":"BreadcrumbList","@id":"https:\/\/koningdrone.be\/product\/dji-d-rtk-2-high-precision-gnss-mobile-station\/#breadcrumb","itemListElement":[{"@type":"ListItem","position":1,"name":"Home","item":"https:\/\/koningdrone.be\/"},{"@type":"ListItem","position":2,"name":"AVSS Parachute Recovery System for DJI Matrice 300\/350","item":"https:\/\/koningdrone.be\/product\/avss-parachute-recovery-system-for-dji-matrice-300-350\/"},{"@type":"ListItem","position":3,"name":"Alle producten","item":"https:\/\/koningdrone.be\/categorie\/alle-producten\/"},{"@type":"ListItem","position":4,"name":"DJI D-RTK 2 High-Precision GNSS Mobile Station"}]},{"@type":"WebSite","@id":"https:\/\/koningdrone.be\/#website","url":"https:\/\/koningdrone.be\/","name":"Koningdrone.be - Su especialista en l\u00ednea en drones, cardanes, c\u00e1maras y centrales el\u00e9ctricas.","description":"La tienda virtual de drones y cardanes","publisher":{"@id":"https:\/\/koningdrone.be\/#organization"},"potentialAction":[{"@type":"SearchAction","target":{"@type":"EntryPoint","urlTemplate":"https:\/\/koningdrone.be\/?s={search_term_string}"},"query-input":{"@type":"PropertyValueSpecification","valueRequired":true,"valueName":"search_term_string"}}],"inLanguage":"es"},{"@type":"Organization","@id":"https:\/\/koningdrone.be\/#organization","name":"Kingdrone.es","url":"https:\/\/koningdrone.be\/","logo":{"@type":"ImageObject","inLanguage":"es","@id":"https:\/\/koningdrone.be\/#\/schema\/logo\/image\/","url":"https:\/\/koningdrone.be\/wp-content\/uploads\/sites\/13\/2025\/04\/koningdrone-copyright-logo.svg","contentUrl":"https:\/\/koningdrone.be\/wp-content\/uploads\/sites\/13\/2025\/04\/koningdrone-copyright-logo.svg","width":227,"height":38,"caption":"Koningdrone.be"},"image":{"@id":"https:\/\/koningdrone.be\/#\/schema\/logo\/image\/"}}]}},"df_price":"","df_sale_price":"","df_regular_price":"","df_image_link":"https:\/\/koningdrone.be\/wp-content\/uploads\/sites\/13\/2025\/04\/0f8dcf99a3cd17395be0c54b5c054d3f@large-300x200.jpg","_links":{"self":[{"href":"https:\/\/koningdrone.be\/es\/wp-json\/wp\/v2\/product\/4019","targetHints":{"allow":["GET"]}}],"collection":[{"href":"https:\/\/koningdrone.be\/es\/wp-json\/wp\/v2\/product"}],"about":[{"href":"https:\/\/koningdrone.be\/es\/wp-json\/wp\/v2\/types\/product"}],"wp:featuredmedia":[{"embeddable":true,"href":"https:\/\/koningdrone.be\/es\/wp-json\/wp\/v2\/media\/4018"}],"wp:attachment":[{"href":"https:\/\/koningdrone.be\/es\/wp-json\/wp\/v2\/media?parent=4019"}],"wp:term":[{"taxonomy":"product_brand","embeddable":true,"href":"https:\/\/koningdrone.be\/es\/wp-json\/wp\/v2\/product_brand?post=4019"},{"taxonomy":"product_cat","embeddable":true,"href":"https:\/\/koningdrone.be\/es\/wp-json\/wp\/v2\/product_cat?post=4019"},{"taxonomy":"product_tag","embeddable":true,"href":"https:\/\/koningdrone.be\/es\/wp-json\/wp\/v2\/product_tag?post=4019"}],"curies":[{"name":"wp","href":"https:\/\/api.w.org\/{rel}","templated":true}]}}