{"id":4009,"date":"2024-03-13T15:39:07","date_gmt":"2024-03-13T14:39:07","guid":{"rendered":"https:\/\/koningdrone.nl\/kon\/product\/inspire-2-mobile-device-holder-adapter\/"},"modified":"2026-04-29T08:50:33","modified_gmt":"2026-04-29T06:50:33","slug":"inspire-2-mobile-device-holder-adapter","status":"publish","type":"product","link":"https:\/\/koningdrone.be\/es\/producto\/inspire-2-mobile-device-holder-adapter\/","title":{"rendered":"Adaptador de soporte para dispositivos m\u00f3viles Inspire 2"},"content":{"rendered":"<p><strong>Integraci\u00f3n perfecta de equipos<\/strong><\/p>\n<p> El adaptador para soporte de dispositivo m\u00f3vil est\u00e1 dise\u00f1ado por expertos para actuar como un enlace esencial entre diferentes generaciones de dispositivos para el dron Inspire 2. Este adaptador es crucial para los pilotos de drones que han actualizado a una versi\u00f3n m\u00e1s reciente del soporte de montaje del mando a distancia, mientras que todav\u00eda poseen un modelo anterior de soporte de dispositivo m\u00f3vil. Su prop\u00f3sito principal es garantizar una conexi\u00f3n adecuada y segura entre estos dos componentes, permitiendo una integraci\u00f3n perfecta y mejorando la experiencia general del usuario.<\/p>\n<p><strong>Usabilidad ampliada<\/strong><\/p>\n<p> Al utilizar este adaptador, los entusiastas de los drones pueden aumentar significativamente la utilidad de su equipo actual. El adaptador elimina la necesidad de comprar todo un nuevo conjunto de accesorios al actualizar partes del sistema de control remoto del dron. Esto no s\u00f3lo proporciona una soluci\u00f3n rentable, sino que tambi\u00e9n promueve la sostenibilidad al reducir los residuos. La compatibilidad que ofrece el adaptador garantiza que los usuarios puedan mantener la eficacia y fiabilidad de sus instalaciones, independientemente de la generaci\u00f3n de sus equipos.<\/p>\n<p><\/p>","protected":false},"excerpt":{"rendered":"<ul>\n<li>Conecta el antiguo soporte del mando a distancia Inspire 2 al nuevo soporte de montaje<\/li>\n<li> Especialmente dise\u00f1ado para los mandos Inspire 2<\/li>\n<\/ul>","protected":false},"featured_media":4003,"template":"","meta":{"_acf_changed":false},"product_brand":[],"product_cat":[268,97,641,788],"product_tag":[],"class_list":{"0":"post-4009","1":"product","2":"type-product","3":"status-publish","4":"has-post-thumbnail","6":"product_cat-alle-accessoires","7":"product_cat-alle-producten","8":"product_cat-dji-inspire","9":"product_cat-dji-inspire-2","10":"product_shipping_class-outofstock","11":"pa_brand-dji","12":"pa_productfamily-adapter","13":"pa_producttype-adapter","14":"pa_series-inspire-2","16":"first","17":"outofstock","18":"taxable","19":"shipping-taxable","20":"product-type-simple"},"acf":[],"yoast_head":"<!-- This site is optimized with the Yoast SEO Premium plugin v27.2 (Yoast SEO v27.2) - https:\/\/yoast.com\/product\/yoast-seo-premium-wordpress\/ -->\n<title>Inspire 2 Mobile Device Holder Adapter - koningdrone.be<\/title>\n<meta name=\"robots\" content=\"index, follow, max-snippet:-1, max-image-preview:large, max-video-preview:-1\" \/>\n<link rel=\"canonical\" href=\"https:\/\/koningdrone.be\/es\/producto\/inspire-2-mobile-device-holder-adapter\/\" \/>\n<meta property=\"og:locale\" content=\"es_ES\" \/>\n<meta property=\"og:type\" content=\"article\" \/>\n<meta property=\"og:title\" content=\"Inspire 2 Mobile Device Holder Adapter\" \/>\n<meta property=\"og:description\" content=\"Verbindt de oude Inspire 2 afstandsbedieninghouder met een nieuwe montagebeugel Speciaal ontworpen voor Inspire 2-afstandsbedieningen\" \/>\n<meta property=\"og:url\" content=\"https:\/\/koningdrone.be\/es\/producto\/inspire-2-mobile-device-holder-adapter\/\" \/>\n<meta property=\"og:site_name\" content=\"koningdrone.be\" \/>\n<meta property=\"article:modified_time\" content=\"2026-04-29T06:50:33+00:00\" \/>\n<meta property=\"og:image\" content=\"https:\/\/koningdrone.be\/wp-content\/uploads\/sites\/13\/2025\/04\/large_a2d85ca0-a24d-47f8-9b8a-28c42c0cd22e.jpg\" \/>\n\t<meta property=\"og:image:width\" content=\"1200\" \/>\n\t<meta property=\"og:image:height\" content=\"800\" \/>\n\t<meta property=\"og:image:type\" content=\"image\/jpeg\" \/>\n<meta name=\"twitter:card\" content=\"summary_large_image\" \/>\n<meta name=\"twitter:label1\" content=\"Tiempo de lectura\" \/>\n\t<meta name=\"twitter:data1\" content=\"1 minuto\" \/>\n<script type=\"application\/ld+json\" class=\"yoast-schema-graph\">{\"@context\":\"https:\/\/schema.org\",\"@graph\":[{\"@type\":\"WebPage\",\"@id\":\"https:\/\/koningdrone.be\/product\/inspire-2-mobile-device-holder-adapter\/\",\"url\":\"https:\/\/koningdrone.be\/product\/inspire-2-mobile-device-holder-adapter\/\",\"name\":\"Inspire 2 Mobile Device Holder Adapter - koningdrone.be\",\"isPartOf\":{\"@id\":\"https:\/\/koningdrone.be\/#website\"},\"primaryImageOfPage\":{\"@id\":\"https:\/\/koningdrone.be\/product\/inspire-2-mobile-device-holder-adapter\/#primaryimage\"},\"image\":{\"@id\":\"https:\/\/koningdrone.be\/product\/inspire-2-mobile-device-holder-adapter\/#primaryimage\"},\"thumbnailUrl\":\"https:\/\/koningdrone.be\/wp-content\/uploads\/sites\/13\/2025\/04\/large_a2d85ca0-a24d-47f8-9b8a-28c42c0cd22e.jpg\",\"datePublished\":\"2024-03-13T14:39:07+00:00\",\"dateModified\":\"2026-04-29T06:50:33+00:00\",\"breadcrumb\":{\"@id\":\"https:\/\/koningdrone.be\/product\/inspire-2-mobile-device-holder-adapter\/#breadcrumb\"},\"inLanguage\":\"es\",\"potentialAction\":[{\"@type\":\"ReadAction\",\"target\":[\"https:\/\/koningdrone.be\/product\/inspire-2-mobile-device-holder-adapter\/\"]}]},{\"@type\":\"ImageObject\",\"inLanguage\":\"es\",\"@id\":\"https:\/\/koningdrone.be\/product\/inspire-2-mobile-device-holder-adapter\/#primaryimage\",\"url\":\"https:\/\/koningdrone.be\/wp-content\/uploads\/sites\/13\/2025\/04\/large_a2d85ca0-a24d-47f8-9b8a-28c42c0cd22e.jpg\",\"contentUrl\":\"https:\/\/koningdrone.be\/wp-content\/uploads\/sites\/13\/2025\/04\/large_a2d85ca0-a24d-47f8-9b8a-28c42c0cd22e.jpg\",\"width\":1200,\"height\":800},{\"@type\":\"BreadcrumbList\",\"@id\":\"https:\/\/koningdrone.be\/product\/inspire-2-mobile-device-holder-adapter\/#breadcrumb\",\"itemListElement\":[{\"@type\":\"ListItem\",\"position\":1,\"name\":\"Home\",\"item\":\"https:\/\/koningdrone.be\/\"},{\"@type\":\"ListItem\",\"position\":2,\"name\":\"AVSS Parachute Recovery System for DJI Matrice 300\/350\",\"item\":\"https:\/\/koningdrone.be\/product\/avss-parachute-recovery-system-for-dji-matrice-300-350\/\"},{\"@type\":\"ListItem\",\"position\":3,\"name\":\"Alle accessoires\",\"item\":\"https:\/\/koningdrone.be\/categorie\/alle-accessoires\/\"},{\"@type\":\"ListItem\",\"position\":4,\"name\":\"Inspire 2 Mobile Device Holder Adapter\"}]},{\"@type\":\"WebSite\",\"@id\":\"https:\/\/koningdrone.be\/#website\",\"url\":\"https:\/\/koningdrone.be\/\",\"name\":\"Koningdrone.be - Uw online specialist in drones, gimbals, camera's en power stations.\",\"description\":\"De webshop in drones en gimbals\",\"publisher\":{\"@id\":\"https:\/\/koningdrone.be\/#organization\"},\"potentialAction\":[{\"@type\":\"SearchAction\",\"target\":{\"@type\":\"EntryPoint\",\"urlTemplate\":\"https:\/\/koningdrone.be\/?s={search_term_string}\"},\"query-input\":{\"@type\":\"PropertyValueSpecification\",\"valueRequired\":true,\"valueName\":\"search_term_string\"}}],\"inLanguage\":\"es\"},{\"@type\":\"Organization\",\"@id\":\"https:\/\/koningdrone.be\/#organization\",\"name\":\"Koningdrone.be\",\"url\":\"https:\/\/koningdrone.be\/\",\"logo\":{\"@type\":\"ImageObject\",\"inLanguage\":\"es\",\"@id\":\"https:\/\/koningdrone.be\/#\/schema\/logo\/image\/\",\"url\":\"https:\/\/koningdrone.be\/wp-content\/uploads\/sites\/13\/2025\/04\/koningdrone-copyright-logo.svg\",\"contentUrl\":\"https:\/\/koningdrone.be\/wp-content\/uploads\/sites\/13\/2025\/04\/koningdrone-copyright-logo.svg\",\"width\":227,\"height\":38,\"caption\":\"Koningdrone.be\"},\"image\":{\"@id\":\"https:\/\/koningdrone.be\/#\/schema\/logo\/image\/\"}}]}<\/script>\n<!-- \/ Yoast SEO Premium plugin. -->","yoast_head_json":{"title":"Inspire 2 Mobile Device Holder Adapter - koningdrone.be","robots":{"index":"index","follow":"follow","max-snippet":"max-snippet:-1","max-image-preview":"max-image-preview:large","max-video-preview":"max-video-preview:-1"},"canonical":"https:\/\/koningdrone.be\/es\/producto\/inspire-2-mobile-device-holder-adapter\/","og_locale":"es_ES","og_type":"article","og_title":"Inspire 2 Mobile Device Holder Adapter","og_description":"Verbindt de oude Inspire 2 afstandsbedieninghouder met een nieuwe montagebeugel Speciaal ontworpen voor Inspire 2-afstandsbedieningen","og_url":"https:\/\/koningdrone.be\/es\/producto\/inspire-2-mobile-device-holder-adapter\/","og_site_name":"koningdrone.be","article_modified_time":"2026-04-29T06:50:33+00:00","og_image":[{"width":1200,"height":800,"url":"https:\/\/koningdrone.be\/wp-content\/uploads\/sites\/13\/2025\/04\/large_a2d85ca0-a24d-47f8-9b8a-28c42c0cd22e.jpg","type":"image\/jpeg"}],"twitter_card":"summary_large_image","twitter_misc":{"Tiempo de lectura":"1 minuto"},"schema":{"@context":"https:\/\/schema.org","@graph":[{"@type":"WebPage","@id":"https:\/\/koningdrone.be\/product\/inspire-2-mobile-device-holder-adapter\/","url":"https:\/\/koningdrone.be\/product\/inspire-2-mobile-device-holder-adapter\/","name":"Inspire 2 Mobile Device Holder Adapter - koningdrone.be","isPartOf":{"@id":"https:\/\/koningdrone.be\/#website"},"primaryImageOfPage":{"@id":"https:\/\/koningdrone.be\/product\/inspire-2-mobile-device-holder-adapter\/#primaryimage"},"image":{"@id":"https:\/\/koningdrone.be\/product\/inspire-2-mobile-device-holder-adapter\/#primaryimage"},"thumbnailUrl":"https:\/\/koningdrone.be\/wp-content\/uploads\/sites\/13\/2025\/04\/large_a2d85ca0-a24d-47f8-9b8a-28c42c0cd22e.jpg","datePublished":"2024-03-13T14:39:07+00:00","dateModified":"2026-04-29T06:50:33+00:00","breadcrumb":{"@id":"https:\/\/koningdrone.be\/product\/inspire-2-mobile-device-holder-adapter\/#breadcrumb"},"inLanguage":"es","potentialAction":[{"@type":"ReadAction","target":["https:\/\/koningdrone.be\/product\/inspire-2-mobile-device-holder-adapter\/"]}]},{"@type":"ImageObject","inLanguage":"es","@id":"https:\/\/koningdrone.be\/product\/inspire-2-mobile-device-holder-adapter\/#primaryimage","url":"https:\/\/koningdrone.be\/wp-content\/uploads\/sites\/13\/2025\/04\/large_a2d85ca0-a24d-47f8-9b8a-28c42c0cd22e.jpg","contentUrl":"https:\/\/koningdrone.be\/wp-content\/uploads\/sites\/13\/2025\/04\/large_a2d85ca0-a24d-47f8-9b8a-28c42c0cd22e.jpg","width":1200,"height":800},{"@type":"BreadcrumbList","@id":"https:\/\/koningdrone.be\/product\/inspire-2-mobile-device-holder-adapter\/#breadcrumb","itemListElement":[{"@type":"ListItem","position":1,"name":"Home","item":"https:\/\/koningdrone.be\/"},{"@type":"ListItem","position":2,"name":"AVSS Parachute Recovery System for DJI Matrice 300\/350","item":"https:\/\/koningdrone.be\/product\/avss-parachute-recovery-system-for-dji-matrice-300-350\/"},{"@type":"ListItem","position":3,"name":"Alle accessoires","item":"https:\/\/koningdrone.be\/categorie\/alle-accessoires\/"},{"@type":"ListItem","position":4,"name":"Inspire 2 Mobile Device Holder Adapter"}]},{"@type":"WebSite","@id":"https:\/\/koningdrone.be\/#website","url":"https:\/\/koningdrone.be\/","name":"Koningdrone.be - Su especialista en l\u00ednea en drones, cardanes, c\u00e1maras y centrales el\u00e9ctricas.","description":"La tienda virtual de drones y cardanes","publisher":{"@id":"https:\/\/koningdrone.be\/#organization"},"potentialAction":[{"@type":"SearchAction","target":{"@type":"EntryPoint","urlTemplate":"https:\/\/koningdrone.be\/?s={search_term_string}"},"query-input":{"@type":"PropertyValueSpecification","valueRequired":true,"valueName":"search_term_string"}}],"inLanguage":"es"},{"@type":"Organization","@id":"https:\/\/koningdrone.be\/#organization","name":"Kingdrone.es","url":"https:\/\/koningdrone.be\/","logo":{"@type":"ImageObject","inLanguage":"es","@id":"https:\/\/koningdrone.be\/#\/schema\/logo\/image\/","url":"https:\/\/koningdrone.be\/wp-content\/uploads\/sites\/13\/2025\/04\/koningdrone-copyright-logo.svg","contentUrl":"https:\/\/koningdrone.be\/wp-content\/uploads\/sites\/13\/2025\/04\/koningdrone-copyright-logo.svg","width":227,"height":38,"caption":"Koningdrone.be"},"image":{"@id":"https:\/\/koningdrone.be\/#\/schema\/logo\/image\/"}}]}},"df_price":"","df_sale_price":"","df_regular_price":"","df_image_link":"https:\/\/koningdrone.be\/wp-content\/uploads\/sites\/13\/2025\/04\/large_a2d85ca0-a24d-47f8-9b8a-28c42c0cd22e-300x200.jpg","_links":{"self":[{"href":"https:\/\/koningdrone.be\/es\/wp-json\/wp\/v2\/product\/4009","targetHints":{"allow":["GET"]}}],"collection":[{"href":"https:\/\/koningdrone.be\/es\/wp-json\/wp\/v2\/product"}],"about":[{"href":"https:\/\/koningdrone.be\/es\/wp-json\/wp\/v2\/types\/product"}],"wp:featuredmedia":[{"embeddable":true,"href":"https:\/\/koningdrone.be\/es\/wp-json\/wp\/v2\/media\/4003"}],"wp:attachment":[{"href":"https:\/\/koningdrone.be\/es\/wp-json\/wp\/v2\/media?parent=4009"}],"wp:term":[{"taxonomy":"product_brand","embeddable":true,"href":"https:\/\/koningdrone.be\/es\/wp-json\/wp\/v2\/product_brand?post=4009"},{"taxonomy":"product_cat","embeddable":true,"href":"https:\/\/koningdrone.be\/es\/wp-json\/wp\/v2\/product_cat?post=4009"},{"taxonomy":"product_tag","embeddable":true,"href":"https:\/\/koningdrone.be\/es\/wp-json\/wp\/v2\/product_tag?post=4009"}],"curies":[{"name":"wp","href":"https:\/\/api.w.org\/{rel}","templated":true}]}}