{"id":3971,"date":"2024-03-13T15:39:39","date_gmt":"2024-03-13T15:39:39","guid":{"rendered":"https:\/\/koningdrone.nl\/kon\/product\/inspire-2-remote-controller-mobile-device-holder\/"},"modified":"2025-04-29T12:01:24","modified_gmt":"2025-04-29T12:01:24","slug":"inspire-2-remote-controller-mobile-device-holder","status":"publish","type":"product","link":"https:\/\/koningdrone.be\/es\/producto\/inspire-2-remote-controller-mobile-device-holder\/","title":{"rendered":"Soporte para dispositivos m\u00f3viles del mando a distancia Inspire 2"},"content":{"rendered":"<p> El mando a distancia Inspire 2, una herramienta esencial para los entusiastas de los drones, proporciona funciones de control avanzadas para el dron Inspire 2. Est\u00e1 dise\u00f1ado para ofrecer una experiencia de vuelo fluida, facilitando a los pilotos las maniobras con el dron mientras capturan impresionantes im\u00e1genes a\u00e9reas.<\/p>\n<p><strong>Integraci\u00f3n de dispositivos m\u00f3viles<\/strong><\/p>\n<p> Este mando a distancia est\u00e1 equipado con un soporte para dispositivos m\u00f3viles, que satisface la necesidad del piloto de drones moderno de utilizar dispositivos integrados. Permite acoplar dispositivos m\u00f3viles, lo que permite a los pilotos utilizar sus smartphones o tabletas como pantallas para la alimentaci\u00f3n de la c\u00e1mara del dron. Esta funci\u00f3n mejora significativamente la experiencia de vuelo al proporcionar informaci\u00f3n visual en tiempo real y acceso a los ajustes de la c\u00e1mara.<\/p>\n<p><strong>Compatibilidad<\/strong><\/p>\n<p> El soporte para dispositivos m\u00f3viles es compatible con dispositivos de hasta 170 mm de ancho. Esta amplia compatibilidad garantiza que la mayor\u00eda de las tabletas y smartphones puedan conectarse de forma segura al mando a distancia, ofreciendo flexibilidad y comodidad a una amplia gama de usuarios. Tanto si tiene una tableta grande como un smartphone de tama\u00f1o est\u00e1ndar, este mando a distancia es adecuado para ellos.<\/p>\n<p><\/p>","protected":false},"excerpt":{"rendered":"<ul>\n<li>Conecta dispositivos m\u00f3viles al mando a distancia del Inspire 2<\/li>\n<li> Admite dispositivos de hasta 170 mm de ancho<\/li>\n<\/ul>","protected":false},"featured_media":3966,"template":"","meta":{"_acf_changed":false},"product_brand":[],"product_cat":[122,97,788],"product_tag":[],"class_list":{"0":"post-3971","1":"product","2":"type-product","3":"status-publish","4":"has-post-thumbnail","6":"product_cat-alle-afstandsbedieningen","7":"product_cat-alle-producten","8":"product_cat-dji-inspire-2","9":"pa_brand-dji","10":"pa_productfamily-smartphone-accessoire","11":"pa_producttype-smartphone-accessoire","13":"first","14":"instock","15":"taxable","16":"shipping-taxable","17":"product-type-simple"},"acf":[],"yoast_head":"<!-- This site is optimized with the Yoast SEO Premium plugin v27.2 (Yoast SEO v27.2) - https:\/\/yoast.com\/product\/yoast-seo-premium-wordpress\/ -->\n<title>Inspire 2 Remote Controller Mobile Device Holder - koningdrone.be<\/title>\n<meta name=\"robots\" content=\"index, follow, max-snippet:-1, max-image-preview:large, max-video-preview:-1\" \/>\n<link rel=\"canonical\" href=\"https:\/\/koningdrone.be\/es\/producto\/inspire-2-remote-controller-mobile-device-holder\/\" \/>\n<meta property=\"og:locale\" content=\"es_ES\" \/>\n<meta property=\"og:type\" content=\"article\" \/>\n<meta property=\"og:title\" content=\"Inspire 2 Remote Controller Mobile Device Holder\" \/>\n<meta property=\"og:description\" content=\"Bevestigt mobiele apparaten aan de Inspire 2 afstandsbediening Ondersteunt apparaten tot 170 mm breed\" \/>\n<meta property=\"og:url\" content=\"https:\/\/koningdrone.be\/es\/producto\/inspire-2-remote-controller-mobile-device-holder\/\" \/>\n<meta property=\"og:site_name\" content=\"koningdrone.be\" \/>\n<meta property=\"article:modified_time\" content=\"2025-04-29T12:01:24+00:00\" \/>\n<meta property=\"og:image\" content=\"https:\/\/koningdrone.be\/wp-content\/uploads\/sites\/13\/2025\/04\/large_ab91aa9a-4c79-491b-9ecf-a3bbf8f56793.jpg\" \/>\n\t<meta property=\"og:image:width\" content=\"1200\" \/>\n\t<meta property=\"og:image:height\" content=\"800\" \/>\n\t<meta property=\"og:image:type\" content=\"image\/jpeg\" \/>\n<meta name=\"twitter:card\" content=\"summary_large_image\" \/>\n<meta name=\"twitter:label1\" content=\"Tiempo de lectura\" \/>\n\t<meta name=\"twitter:data1\" content=\"1 minuto\" \/>\n<script type=\"application\/ld+json\" class=\"yoast-schema-graph\">{\"@context\":\"https:\/\/schema.org\",\"@graph\":[{\"@type\":\"WebPage\",\"@id\":\"https:\/\/koningdrone.be\/en\/product\/inspire-2-remote-controller-mobile-device-holder\/\",\"url\":\"https:\/\/koningdrone.be\/en\/product\/inspire-2-remote-controller-mobile-device-holder\/\",\"name\":\"Inspire 2 Remote Controller Mobile Device Holder - koningdrone.be\",\"isPartOf\":{\"@id\":\"https:\/\/koningdrone.be\/#website\"},\"primaryImageOfPage\":{\"@id\":\"https:\/\/koningdrone.be\/en\/product\/inspire-2-remote-controller-mobile-device-holder\/#primaryimage\"},\"image\":{\"@id\":\"https:\/\/koningdrone.be\/en\/product\/inspire-2-remote-controller-mobile-device-holder\/#primaryimage\"},\"thumbnailUrl\":\"https:\/\/koningdrone.be\/wp-content\/uploads\/sites\/13\/2025\/04\/large_ab91aa9a-4c79-491b-9ecf-a3bbf8f56793.jpg\",\"datePublished\":\"2024-03-13T15:39:39+00:00\",\"dateModified\":\"2025-04-29T12:01:24+00:00\",\"breadcrumb\":{\"@id\":\"https:\/\/koningdrone.be\/en\/product\/inspire-2-remote-controller-mobile-device-holder\/#breadcrumb\"},\"inLanguage\":\"es\",\"potentialAction\":[{\"@type\":\"ReadAction\",\"target\":[\"https:\/\/koningdrone.be\/en\/product\/inspire-2-remote-controller-mobile-device-holder\/\"]}]},{\"@type\":\"ImageObject\",\"inLanguage\":\"es\",\"@id\":\"https:\/\/koningdrone.be\/en\/product\/inspire-2-remote-controller-mobile-device-holder\/#primaryimage\",\"url\":\"https:\/\/koningdrone.be\/wp-content\/uploads\/sites\/13\/2025\/04\/large_ab91aa9a-4c79-491b-9ecf-a3bbf8f56793.jpg\",\"contentUrl\":\"https:\/\/koningdrone.be\/wp-content\/uploads\/sites\/13\/2025\/04\/large_ab91aa9a-4c79-491b-9ecf-a3bbf8f56793.jpg\",\"width\":1200,\"height\":800},{\"@type\":\"BreadcrumbList\",\"@id\":\"https:\/\/koningdrone.be\/en\/product\/inspire-2-remote-controller-mobile-device-holder\/#breadcrumb\",\"itemListElement\":[{\"@type\":\"ListItem\",\"position\":1,\"name\":\"Home\",\"item\":\"https:\/\/koningdrone.be\/\"},{\"@type\":\"ListItem\",\"position\":2,\"name\":\"AVSS Parachute Recovery System for DJI Matrice 300\/350\",\"item\":\"https:\/\/koningdrone.be\/product\/avss-parachute-recovery-system-for-dji-matrice-300-350\/\"},{\"@type\":\"ListItem\",\"position\":3,\"name\":\"Alle afstandsbedieningen\",\"item\":\"https:\/\/koningdrone.be\/categorie\/alle-afstandsbedieningen\/\"},{\"@type\":\"ListItem\",\"position\":4,\"name\":\"Inspire 2 Remote Controller Mobile Device Holder\"}]},{\"@type\":\"WebSite\",\"@id\":\"https:\/\/koningdrone.be\/#website\",\"url\":\"https:\/\/koningdrone.be\/\",\"name\":\"Koningdrone.be - Uw online specialist in drones, gimbals, camera's en power stations.\",\"description\":\"De webshop in drones en gimbals\",\"publisher\":{\"@id\":\"https:\/\/koningdrone.be\/#organization\"},\"potentialAction\":[{\"@type\":\"SearchAction\",\"target\":{\"@type\":\"EntryPoint\",\"urlTemplate\":\"https:\/\/koningdrone.be\/?s={search_term_string}\"},\"query-input\":{\"@type\":\"PropertyValueSpecification\",\"valueRequired\":true,\"valueName\":\"search_term_string\"}}],\"inLanguage\":\"es\"},{\"@type\":\"Organization\",\"@id\":\"https:\/\/koningdrone.be\/#organization\",\"name\":\"Koningdrone.be\",\"url\":\"https:\/\/koningdrone.be\/\",\"logo\":{\"@type\":\"ImageObject\",\"inLanguage\":\"es\",\"@id\":\"https:\/\/koningdrone.be\/#\/schema\/logo\/image\/\",\"url\":\"https:\/\/koningdrone.be\/wp-content\/uploads\/sites\/13\/2025\/04\/koningdrone-copyright-logo.svg\",\"contentUrl\":\"https:\/\/koningdrone.be\/wp-content\/uploads\/sites\/13\/2025\/04\/koningdrone-copyright-logo.svg\",\"width\":227,\"height\":38,\"caption\":\"Koningdrone.be\"},\"image\":{\"@id\":\"https:\/\/koningdrone.be\/#\/schema\/logo\/image\/\"}}]}<\/script>\n<!-- \/ Yoast SEO Premium plugin. -->","yoast_head_json":{"title":"Inspire 2 Remote Controller Mobile Device Holder - koningdrone.be","robots":{"index":"index","follow":"follow","max-snippet":"max-snippet:-1","max-image-preview":"max-image-preview:large","max-video-preview":"max-video-preview:-1"},"canonical":"https:\/\/koningdrone.be\/es\/producto\/inspire-2-remote-controller-mobile-device-holder\/","og_locale":"es_ES","og_type":"article","og_title":"Inspire 2 Remote Controller Mobile Device Holder","og_description":"Bevestigt mobiele apparaten aan de Inspire 2 afstandsbediening Ondersteunt apparaten tot 170 mm breed","og_url":"https:\/\/koningdrone.be\/es\/producto\/inspire-2-remote-controller-mobile-device-holder\/","og_site_name":"koningdrone.be","article_modified_time":"2025-04-29T12:01:24+00:00","og_image":[{"width":1200,"height":800,"url":"https:\/\/koningdrone.be\/wp-content\/uploads\/sites\/13\/2025\/04\/large_ab91aa9a-4c79-491b-9ecf-a3bbf8f56793.jpg","type":"image\/jpeg"}],"twitter_card":"summary_large_image","twitter_misc":{"Tiempo de lectura":"1 minuto"},"schema":{"@context":"https:\/\/schema.org","@graph":[{"@type":"WebPage","@id":"https:\/\/koningdrone.be\/en\/product\/inspire-2-remote-controller-mobile-device-holder\/","url":"https:\/\/koningdrone.be\/en\/product\/inspire-2-remote-controller-mobile-device-holder\/","name":"Inspire 2 Remote Controller Mobile Device Holder - koningdrone.be","isPartOf":{"@id":"https:\/\/koningdrone.be\/#website"},"primaryImageOfPage":{"@id":"https:\/\/koningdrone.be\/en\/product\/inspire-2-remote-controller-mobile-device-holder\/#primaryimage"},"image":{"@id":"https:\/\/koningdrone.be\/en\/product\/inspire-2-remote-controller-mobile-device-holder\/#primaryimage"},"thumbnailUrl":"https:\/\/koningdrone.be\/wp-content\/uploads\/sites\/13\/2025\/04\/large_ab91aa9a-4c79-491b-9ecf-a3bbf8f56793.jpg","datePublished":"2024-03-13T15:39:39+00:00","dateModified":"2025-04-29T12:01:24+00:00","breadcrumb":{"@id":"https:\/\/koningdrone.be\/en\/product\/inspire-2-remote-controller-mobile-device-holder\/#breadcrumb"},"inLanguage":"es","potentialAction":[{"@type":"ReadAction","target":["https:\/\/koningdrone.be\/en\/product\/inspire-2-remote-controller-mobile-device-holder\/"]}]},{"@type":"ImageObject","inLanguage":"es","@id":"https:\/\/koningdrone.be\/en\/product\/inspire-2-remote-controller-mobile-device-holder\/#primaryimage","url":"https:\/\/koningdrone.be\/wp-content\/uploads\/sites\/13\/2025\/04\/large_ab91aa9a-4c79-491b-9ecf-a3bbf8f56793.jpg","contentUrl":"https:\/\/koningdrone.be\/wp-content\/uploads\/sites\/13\/2025\/04\/large_ab91aa9a-4c79-491b-9ecf-a3bbf8f56793.jpg","width":1200,"height":800},{"@type":"BreadcrumbList","@id":"https:\/\/koningdrone.be\/en\/product\/inspire-2-remote-controller-mobile-device-holder\/#breadcrumb","itemListElement":[{"@type":"ListItem","position":1,"name":"Home","item":"https:\/\/koningdrone.be\/"},{"@type":"ListItem","position":2,"name":"AVSS Parachute Recovery System for DJI Matrice 300\/350","item":"https:\/\/koningdrone.be\/product\/avss-parachute-recovery-system-for-dji-matrice-300-350\/"},{"@type":"ListItem","position":3,"name":"Alle afstandsbedieningen","item":"https:\/\/koningdrone.be\/categorie\/alle-afstandsbedieningen\/"},{"@type":"ListItem","position":4,"name":"Inspire 2 Remote Controller Mobile Device Holder"}]},{"@type":"WebSite","@id":"https:\/\/koningdrone.be\/#website","url":"https:\/\/koningdrone.be\/","name":"Koningdrone.be - Su especialista en l\u00ednea en drones, cardanes, c\u00e1maras y centrales el\u00e9ctricas.","description":"La tienda virtual de drones y cardanes","publisher":{"@id":"https:\/\/koningdrone.be\/#organization"},"potentialAction":[{"@type":"SearchAction","target":{"@type":"EntryPoint","urlTemplate":"https:\/\/koningdrone.be\/?s={search_term_string}"},"query-input":{"@type":"PropertyValueSpecification","valueRequired":true,"valueName":"search_term_string"}}],"inLanguage":"es"},{"@type":"Organization","@id":"https:\/\/koningdrone.be\/#organization","name":"Kingdrone.es","url":"https:\/\/koningdrone.be\/","logo":{"@type":"ImageObject","inLanguage":"es","@id":"https:\/\/koningdrone.be\/#\/schema\/logo\/image\/","url":"https:\/\/koningdrone.be\/wp-content\/uploads\/sites\/13\/2025\/04\/koningdrone-copyright-logo.svg","contentUrl":"https:\/\/koningdrone.be\/wp-content\/uploads\/sites\/13\/2025\/04\/koningdrone-copyright-logo.svg","width":227,"height":38,"caption":"Koningdrone.be"},"image":{"@id":"https:\/\/koningdrone.be\/#\/schema\/logo\/image\/"}}]}},"df_price":"","df_sale_price":"","df_regular_price":"","df_image_link":"https:\/\/koningdrone.be\/wp-content\/uploads\/sites\/13\/2025\/04\/large_ab91aa9a-4c79-491b-9ecf-a3bbf8f56793-300x200.jpg","_links":{"self":[{"href":"https:\/\/koningdrone.be\/es\/wp-json\/wp\/v2\/product\/3971","targetHints":{"allow":["GET"]}}],"collection":[{"href":"https:\/\/koningdrone.be\/es\/wp-json\/wp\/v2\/product"}],"about":[{"href":"https:\/\/koningdrone.be\/es\/wp-json\/wp\/v2\/types\/product"}],"wp:featuredmedia":[{"embeddable":true,"href":"https:\/\/koningdrone.be\/es\/wp-json\/wp\/v2\/media\/3966"}],"wp:attachment":[{"href":"https:\/\/koningdrone.be\/es\/wp-json\/wp\/v2\/media?parent=3971"}],"wp:term":[{"taxonomy":"product_brand","embeddable":true,"href":"https:\/\/koningdrone.be\/es\/wp-json\/wp\/v2\/product_brand?post=3971"},{"taxonomy":"product_cat","embeddable":true,"href":"https:\/\/koningdrone.be\/es\/wp-json\/wp\/v2\/product_cat?post=3971"},{"taxonomy":"product_tag","embeddable":true,"href":"https:\/\/koningdrone.be\/es\/wp-json\/wp\/v2\/product_tag?post=3971"}],"curies":[{"name":"wp","href":"https:\/\/api.w.org\/{rel}","templated":true}]}}