{"id":3958,"date":"2024-03-13T15:39:39","date_gmt":"2024-03-13T14:39:39","guid":{"rendered":"https:\/\/koningdrone.nl\/kon\/product\/inspire-2-propeller-guard\/"},"modified":"2026-04-29T15:21:02","modified_gmt":"2026-04-29T13:21:02","slug":"inspire-2-propeller-guard","status":"publish","type":"product","link":"https:\/\/koningdrone.be\/es\/producto\/inspire-2-propeller-guard\/","title":{"rendered":"Protector de h\u00e9lice Inspire 2"},"content":{"rendered":"<p> Los protectores de h\u00e9lice del Inspire 2 son una combinaci\u00f3n de materiales avanzados y dise\u00f1o ingenioso, destinados a mejorar la seguridad y la durabilidad de tu experiencia de vuelo. Fabricados con una combinaci\u00f3n de fibra de carbono puro 12k y una resina epoxi de alta resistencia, estos protectores establecen un nuevo est\u00e1ndar en la durabilidad de los accesorios para drones.<\/p>\n<p><strong>Material y durabilidad<\/strong><\/p>\n<p> Utilizando una robusta mezcla de fibra de carbono puro 12k con una resina epoxi de alta resistencia, los protectores de h\u00e9lice Inspire 2 cuentan con 50 veces la fuerza y 100 veces la rigidez de los pl\u00e1sticos de ingenier\u00eda est\u00e1ndar. Esta construcci\u00f3n excepcional asegura que los protectores no s\u00f3lo son incre\u00edblemente fuertes, sino tambi\u00e9n altamente resistentes a la rotura o flexi\u00f3n, proporcionando una protecci\u00f3n sin precedentes para las h\u00e9lices de su drone.<\/p>\n<p><strong>Dise\u00f1o y comodidad<\/strong><\/p>\n<p> Con un \u00e9nfasis en la facilidad de uso, estos protectores tienen un dise\u00f1o compacto que permite acoplar y desacoplar las h\u00e9lices del dron de forma r\u00e1pida y sencilla. Este dise\u00f1o garantiza que la preparaci\u00f3n del dron para el vuelo o el almacenamiento sea r\u00e1pida y sencilla.<\/p>\n<p><strong>Mejorar la seguridad<\/strong><\/p>\n<p> La funci\u00f3n principal de los protectores de h\u00e9lice del Inspire 2 es evitar que las h\u00e9lices entren en contacto con personas u objetos, reduciendo significativamente el riesgo de accidentes en vuelo. Al recubrir las h\u00e9lices, estos protectores proporcionan un escudo que puede evitar da\u00f1os por colisi\u00f3n, contribuyendo a un entorno de vuelo m\u00e1s seguro tanto para el piloto como para el medio ambiente.<\/p>\n<p><strong>Limitaciones a altas velocidades<\/strong><\/p>\n<p> Aunque los protectores de h\u00e9lice del Inspire 2 proporcionan una protecci\u00f3n sustancial contra las colisiones, es importante tener en cuenta que su eficacia puede verse reducida cuando el dron se utiliza a velocidades muy altas. Por lo tanto, se aconseja a los operadores que mantengan pr\u00e1cticas de vuelo responsables y permanezcan atentos a su entorno para garantizar la m\u00e1xima seguridad en vuelo.<\/p>\n<p><\/p>","protected":false},"excerpt":{"rendered":"<ul>\n<li>Protectores de h\u00e9lice dise\u00f1ados por expertos.<\/li>\n<li> Fabricado en fibra de carbono puro 12k y resina epoxi.<\/li>\n<li> 50 veces m\u00e1s resistente que los pl\u00e1sticos est\u00e1ndar.<\/li>\n<li> 100 veces m\u00e1s r\u00edgido que los pl\u00e1sticos est\u00e1ndar.<\/li>\n<li> Ligero y m\u00ednimamente deformable.<\/li>\n<li> F\u00e1cil de montar y desmontar.<\/li>\n<li> Protege las h\u00e9lices de las colisiones.<\/li>\n<li> Aumenta la seguridad de vuelo alrededor de personas y objetos.<\/li>\n<li> Impacto limitado a altas velocidades.<\/li>\n<li> Recomienda volar con precauci\u00f3n.<\/li>\n<\/ul>","protected":false},"featured_media":3949,"template":"","meta":{"_acf_changed":false},"product_brand":[],"product_cat":[268,97,641,788],"product_tag":[],"class_list":{"0":"post-3958","1":"product","2":"type-product","3":"status-publish","4":"has-post-thumbnail","6":"product_cat-alle-accessoires","7":"product_cat-alle-producten","8":"product_cat-dji-inspire","9":"product_cat-dji-inspire-2","10":"product_shipping_class-outofstock","11":"pa_brand-dji","12":"pa_productfamily-propeller-bescherming","13":"pa_producttype-propeller-bescherming","14":"pa_series-inspire-2","16":"first","17":"outofstock","18":"taxable","19":"shipping-taxable","20":"purchasable","21":"product-type-simple"},"acf":[],"yoast_head":"<!-- This site is optimized with the Yoast SEO Premium plugin v27.2 (Yoast SEO v27.2) - https:\/\/yoast.com\/product\/yoast-seo-premium-wordpress\/ -->\n<title>Inspire 2 Propeller Guard - koningdrone.be<\/title>\n<meta name=\"robots\" content=\"index, follow, max-snippet:-1, max-image-preview:large, max-video-preview:-1\" \/>\n<link rel=\"canonical\" href=\"https:\/\/koningdrone.be\/es\/producto\/inspire-2-propeller-guard\/\" \/>\n<meta property=\"og:locale\" content=\"es_ES\" \/>\n<meta property=\"og:type\" content=\"article\" \/>\n<meta property=\"og:title\" content=\"Inspire 2 Propeller Guard\" \/>\n<meta property=\"og:description\" content=\"Vakkundig ontworpen propellerbeschermers. Gemaakt van 12k pure koolstofvezel en epoxyhars. 50 keer sterker dan standaard kunststoffen. 100 keer stijver dan standaard kunststoffen. Lichtgewicht en minimaal vervormbaar. Gemakkelijk te monteren en los te maken. Beschermt propellers tegen botsingen. Verhoogt de vliegveiligheid rond mensen en objecten. Beperkte impact bij hoge snelheden. Adviseert voorzichtig vliegen.\" \/>\n<meta property=\"og:url\" content=\"https:\/\/koningdrone.be\/es\/producto\/inspire-2-propeller-guard\/\" \/>\n<meta property=\"og:site_name\" content=\"koningdrone.be\" \/>\n<meta property=\"article:modified_time\" content=\"2026-04-29T13:21:02+00:00\" \/>\n<meta property=\"og:image\" content=\"https:\/\/koningdrone.be\/wp-content\/uploads\/sites\/13\/2025\/04\/large_e2b9fb50-1c33-4c69-99b4-cb40139e8dee.jpg\" \/>\n\t<meta property=\"og:image:width\" content=\"1200\" \/>\n\t<meta property=\"og:image:height\" content=\"800\" \/>\n\t<meta property=\"og:image:type\" content=\"image\/jpeg\" \/>\n<meta name=\"twitter:card\" content=\"summary_large_image\" \/>\n<meta name=\"twitter:label1\" content=\"Tiempo de lectura\" \/>\n\t<meta name=\"twitter:data1\" content=\"2 minutos\" \/>\n<script type=\"application\/ld+json\" class=\"yoast-schema-graph\">{\"@context\":\"https:\/\/schema.org\",\"@graph\":[{\"@type\":\"WebPage\",\"@id\":\"https:\/\/koningdrone.be\/product\/inspire-2-propeller-guard\/\",\"url\":\"https:\/\/koningdrone.be\/product\/inspire-2-propeller-guard\/\",\"name\":\"Inspire 2 Propeller Guard - koningdrone.be\",\"isPartOf\":{\"@id\":\"https:\/\/koningdrone.be\/#website\"},\"primaryImageOfPage\":{\"@id\":\"https:\/\/koningdrone.be\/product\/inspire-2-propeller-guard\/#primaryimage\"},\"image\":{\"@id\":\"https:\/\/koningdrone.be\/product\/inspire-2-propeller-guard\/#primaryimage\"},\"thumbnailUrl\":\"https:\/\/koningdrone.be\/wp-content\/uploads\/sites\/13\/2025\/04\/large_e2b9fb50-1c33-4c69-99b4-cb40139e8dee.jpg\",\"datePublished\":\"2024-03-13T14:39:39+00:00\",\"dateModified\":\"2026-04-29T13:21:02+00:00\",\"breadcrumb\":{\"@id\":\"https:\/\/koningdrone.be\/product\/inspire-2-propeller-guard\/#breadcrumb\"},\"inLanguage\":\"es\",\"potentialAction\":[{\"@type\":\"ReadAction\",\"target\":[\"https:\/\/koningdrone.be\/product\/inspire-2-propeller-guard\/\"]}]},{\"@type\":\"ImageObject\",\"inLanguage\":\"es\",\"@id\":\"https:\/\/koningdrone.be\/product\/inspire-2-propeller-guard\/#primaryimage\",\"url\":\"https:\/\/koningdrone.be\/wp-content\/uploads\/sites\/13\/2025\/04\/large_e2b9fb50-1c33-4c69-99b4-cb40139e8dee.jpg\",\"contentUrl\":\"https:\/\/koningdrone.be\/wp-content\/uploads\/sites\/13\/2025\/04\/large_e2b9fb50-1c33-4c69-99b4-cb40139e8dee.jpg\",\"width\":1200,\"height\":800},{\"@type\":\"BreadcrumbList\",\"@id\":\"https:\/\/koningdrone.be\/product\/inspire-2-propeller-guard\/#breadcrumb\",\"itemListElement\":[{\"@type\":\"ListItem\",\"position\":1,\"name\":\"Home\",\"item\":\"https:\/\/koningdrone.be\/\"},{\"@type\":\"ListItem\",\"position\":2,\"name\":\"AVSS Parachute Recovery System for DJI Matrice 300\/350\",\"item\":\"https:\/\/koningdrone.be\/product\/avss-parachute-recovery-system-for-dji-matrice-300-350\/\"},{\"@type\":\"ListItem\",\"position\":3,\"name\":\"Alle accessoires\",\"item\":\"https:\/\/koningdrone.be\/categorie\/alle-accessoires\/\"},{\"@type\":\"ListItem\",\"position\":4,\"name\":\"Inspire 2 Propeller Guard\"}]},{\"@type\":\"WebSite\",\"@id\":\"https:\/\/koningdrone.be\/#website\",\"url\":\"https:\/\/koningdrone.be\/\",\"name\":\"Koningdrone.be - Uw online specialist in drones, gimbals, camera's en power stations.\",\"description\":\"De webshop in drones en gimbals\",\"publisher\":{\"@id\":\"https:\/\/koningdrone.be\/#organization\"},\"potentialAction\":[{\"@type\":\"SearchAction\",\"target\":{\"@type\":\"EntryPoint\",\"urlTemplate\":\"https:\/\/koningdrone.be\/?s={search_term_string}\"},\"query-input\":{\"@type\":\"PropertyValueSpecification\",\"valueRequired\":true,\"valueName\":\"search_term_string\"}}],\"inLanguage\":\"es\"},{\"@type\":\"Organization\",\"@id\":\"https:\/\/koningdrone.be\/#organization\",\"name\":\"Koningdrone.be\",\"url\":\"https:\/\/koningdrone.be\/\",\"logo\":{\"@type\":\"ImageObject\",\"inLanguage\":\"es\",\"@id\":\"https:\/\/koningdrone.be\/#\/schema\/logo\/image\/\",\"url\":\"https:\/\/koningdrone.be\/wp-content\/uploads\/sites\/13\/2025\/04\/koningdrone-copyright-logo.svg\",\"contentUrl\":\"https:\/\/koningdrone.be\/wp-content\/uploads\/sites\/13\/2025\/04\/koningdrone-copyright-logo.svg\",\"width\":227,\"height\":38,\"caption\":\"Koningdrone.be\"},\"image\":{\"@id\":\"https:\/\/koningdrone.be\/#\/schema\/logo\/image\/\"}}]}<\/script>\n<!-- \/ Yoast SEO Premium plugin. -->","yoast_head_json":{"title":"Inspire 2 Propeller Guard - koningdrone.be","robots":{"index":"index","follow":"follow","max-snippet":"max-snippet:-1","max-image-preview":"max-image-preview:large","max-video-preview":"max-video-preview:-1"},"canonical":"https:\/\/koningdrone.be\/es\/producto\/inspire-2-propeller-guard\/","og_locale":"es_ES","og_type":"article","og_title":"Inspire 2 Propeller Guard","og_description":"Vakkundig ontworpen propellerbeschermers. Gemaakt van 12k pure koolstofvezel en epoxyhars. 50 keer sterker dan standaard kunststoffen. 100 keer stijver dan standaard kunststoffen. Lichtgewicht en minimaal vervormbaar. Gemakkelijk te monteren en los te maken. Beschermt propellers tegen botsingen. Verhoogt de vliegveiligheid rond mensen en objecten. Beperkte impact bij hoge snelheden. Adviseert voorzichtig vliegen.","og_url":"https:\/\/koningdrone.be\/es\/producto\/inspire-2-propeller-guard\/","og_site_name":"koningdrone.be","article_modified_time":"2026-04-29T13:21:02+00:00","og_image":[{"width":1200,"height":800,"url":"https:\/\/koningdrone.be\/wp-content\/uploads\/sites\/13\/2025\/04\/large_e2b9fb50-1c33-4c69-99b4-cb40139e8dee.jpg","type":"image\/jpeg"}],"twitter_card":"summary_large_image","twitter_misc":{"Tiempo de lectura":"2 minutos"},"schema":{"@context":"https:\/\/schema.org","@graph":[{"@type":"WebPage","@id":"https:\/\/koningdrone.be\/product\/inspire-2-propeller-guard\/","url":"https:\/\/koningdrone.be\/product\/inspire-2-propeller-guard\/","name":"Inspire 2 Propeller Guard - koningdrone.be","isPartOf":{"@id":"https:\/\/koningdrone.be\/#website"},"primaryImageOfPage":{"@id":"https:\/\/koningdrone.be\/product\/inspire-2-propeller-guard\/#primaryimage"},"image":{"@id":"https:\/\/koningdrone.be\/product\/inspire-2-propeller-guard\/#primaryimage"},"thumbnailUrl":"https:\/\/koningdrone.be\/wp-content\/uploads\/sites\/13\/2025\/04\/large_e2b9fb50-1c33-4c69-99b4-cb40139e8dee.jpg","datePublished":"2024-03-13T14:39:39+00:00","dateModified":"2026-04-29T13:21:02+00:00","breadcrumb":{"@id":"https:\/\/koningdrone.be\/product\/inspire-2-propeller-guard\/#breadcrumb"},"inLanguage":"es","potentialAction":[{"@type":"ReadAction","target":["https:\/\/koningdrone.be\/product\/inspire-2-propeller-guard\/"]}]},{"@type":"ImageObject","inLanguage":"es","@id":"https:\/\/koningdrone.be\/product\/inspire-2-propeller-guard\/#primaryimage","url":"https:\/\/koningdrone.be\/wp-content\/uploads\/sites\/13\/2025\/04\/large_e2b9fb50-1c33-4c69-99b4-cb40139e8dee.jpg","contentUrl":"https:\/\/koningdrone.be\/wp-content\/uploads\/sites\/13\/2025\/04\/large_e2b9fb50-1c33-4c69-99b4-cb40139e8dee.jpg","width":1200,"height":800},{"@type":"BreadcrumbList","@id":"https:\/\/koningdrone.be\/product\/inspire-2-propeller-guard\/#breadcrumb","itemListElement":[{"@type":"ListItem","position":1,"name":"Home","item":"https:\/\/koningdrone.be\/"},{"@type":"ListItem","position":2,"name":"AVSS Parachute Recovery System for DJI Matrice 300\/350","item":"https:\/\/koningdrone.be\/product\/avss-parachute-recovery-system-for-dji-matrice-300-350\/"},{"@type":"ListItem","position":3,"name":"Alle accessoires","item":"https:\/\/koningdrone.be\/categorie\/alle-accessoires\/"},{"@type":"ListItem","position":4,"name":"Inspire 2 Propeller Guard"}]},{"@type":"WebSite","@id":"https:\/\/koningdrone.be\/#website","url":"https:\/\/koningdrone.be\/","name":"Koningdrone.be - Su especialista en l\u00ednea en drones, cardanes, c\u00e1maras y centrales el\u00e9ctricas.","description":"La tienda virtual de drones y cardanes","publisher":{"@id":"https:\/\/koningdrone.be\/#organization"},"potentialAction":[{"@type":"SearchAction","target":{"@type":"EntryPoint","urlTemplate":"https:\/\/koningdrone.be\/?s={search_term_string}"},"query-input":{"@type":"PropertyValueSpecification","valueRequired":true,"valueName":"search_term_string"}}],"inLanguage":"es"},{"@type":"Organization","@id":"https:\/\/koningdrone.be\/#organization","name":"Kingdrone.es","url":"https:\/\/koningdrone.be\/","logo":{"@type":"ImageObject","inLanguage":"es","@id":"https:\/\/koningdrone.be\/#\/schema\/logo\/image\/","url":"https:\/\/koningdrone.be\/wp-content\/uploads\/sites\/13\/2025\/04\/koningdrone-copyright-logo.svg","contentUrl":"https:\/\/koningdrone.be\/wp-content\/uploads\/sites\/13\/2025\/04\/koningdrone-copyright-logo.svg","width":227,"height":38,"caption":"Koningdrone.be"},"image":{"@id":"https:\/\/koningdrone.be\/#\/schema\/logo\/image\/"}}]}},"df_price":185,"df_sale_price":"","df_regular_price":185,"df_image_link":"https:\/\/koningdrone.be\/wp-content\/uploads\/sites\/13\/2025\/04\/large_e2b9fb50-1c33-4c69-99b4-cb40139e8dee-300x200.jpg","_links":{"self":[{"href":"https:\/\/koningdrone.be\/es\/wp-json\/wp\/v2\/product\/3958","targetHints":{"allow":["GET"]}}],"collection":[{"href":"https:\/\/koningdrone.be\/es\/wp-json\/wp\/v2\/product"}],"about":[{"href":"https:\/\/koningdrone.be\/es\/wp-json\/wp\/v2\/types\/product"}],"wp:featuredmedia":[{"embeddable":true,"href":"https:\/\/koningdrone.be\/es\/wp-json\/wp\/v2\/media\/3949"}],"wp:attachment":[{"href":"https:\/\/koningdrone.be\/es\/wp-json\/wp\/v2\/media?parent=3958"}],"wp:term":[{"taxonomy":"product_brand","embeddable":true,"href":"https:\/\/koningdrone.be\/es\/wp-json\/wp\/v2\/product_brand?post=3958"},{"taxonomy":"product_cat","embeddable":true,"href":"https:\/\/koningdrone.be\/es\/wp-json\/wp\/v2\/product_cat?post=3958"},{"taxonomy":"product_tag","embeddable":true,"href":"https:\/\/koningdrone.be\/es\/wp-json\/wp\/v2\/product_tag?post=3958"}],"curies":[{"name":"wp","href":"https:\/\/api.w.org\/{rel}","templated":true}]}}